{"id":458504,"date":"2025-06-25T23:51:32","date_gmt":"2025-06-25T21:51:32","guid":{"rendered":"https:\/\/shopatoa.com\/ro\/aden-cosmetics-precision-liner-tus-de-ochi-tip-carioca-1-ml\/"},"modified":"2025-06-25T23:51:58","modified_gmt":"2025-06-25T21:51:58","slug":"aden-cosmetics-precision-liner-tus-de-ochi-tip-carioca-1-ml","status":"publish","type":"product","link":"https:\/\/shopatoa.com\/ro\/aden-cosmetics-precision-liner-tus-de-ochi-tip-carioca-1-ml\/","title":{"rendered":"Aden Cosmetics Precision Liner tu\u0219 de ochi tip carioc\u0103 1 ml"},"content":{"rendered":"<p>Aden Cosmetics Precision Liner, 1 ml, Tus de ochi pentru femei, Dori\u021bi s\u0103 v\u0103 eviden\u021bia\u021bi conturul ochilor \u0219i s\u0103 atrage\u021bi toat\u0103 aten\u021bia asupra ochilor dvs.? Produsul Aden CosmeticsPrecision Liner v\u0103 va ajuta \u00een acest sens. Va conferi intensitate \u0219i dramatism privirii dvs. \u0219i va accentua orice alt machiaj. Textura sa u\u0219or de aplicat v\u0103 permite s\u0103 crea\u021bi printr-o singur\u0103 mi\u0219care o linie precis\u0103 de culoare \u00eendr\u0103znea\u021b\u0103 \u0219i bogat\u0103, \u00eencadr\u00e2nd perfect ochii \u0219i accentu\u00e2ndu-le frumuse\u021bea. Oriunde a\u021bi merge, ve\u021bi ob\u021bine rapid \u0219i u\u0219or un machiaj perfect care s\u0103 reziste.  Caracteristici:  culoare bogat\u0103 \u0219i intens\u0103 traseaz\u0103 linii precise aplicator ultra sub\u021bire u\u0219or de aplicat \u2013 potrivite \u0219i pentru \u00eencep\u0103tori  Cum se utilizeaz\u0103: Se traseaz\u0103 u\u0219or o linie pe pleoap\u0103. Se las\u0103 s\u0103 se usuce.<\/p>\n","protected":false},"excerpt":{"rendered":"<p>Aden Cosmetics Precision Liner, 1 ml, Tus de ochi pentru femei, Dori\u021bi s\u0103 v\u0103 eviden\u021bia\u021bi conturul ochilor \u0219i s\u0103 atrage\u021bi toat\u0103 aten\u021bia asupra ochilor dvs.? Produsul Aden CosmeticsPrecision Liner v\u0103 va ajuta \u00een acest sens. Va conferi intensitate \u0219i dramatism privirii dvs. \u0219i va accentua orice alt machiaj. Textura sa u\u0219or de aplicat v\u0103 permite&#8230;<\/p>\n","protected":false},"featured_media":458505,"comment_status":"closed","ping_status":"open","template":"","meta":{"_acf_changed":false,"_kadence_starter_templates_imported_post":false,"_kad_post_transparent":"","_kad_post_title":"","_kad_post_layout":"","_kad_post_sidebar_id":"","_kad_post_content_style":"","_kad_post_vertical_padding":"","_kad_post_feature":"","_kad_post_feature_position":"","_kad_post_header":false,"_kad_post_footer":false,"_kad_post_classname":""},"product_brand":[2801],"product_cat":[1564,1673,1563,1576,1599,1562],"product_tag":[],"class_list":{"0":"post-458504","1":"product","2":"type-product","3":"status-publish","4":"has-post-thumbnail","6":"product_brand-aden-cosmetics","7":"product_cat-cosmetice-ingrijire-personala","8":"product_cat-creion-de-ochi","9":"product_cat-ingrijire-personala","10":"product_cat-machiaj","11":"product_cat-machiaj-pentru-ochi-machiaj","12":"product_cat-sanatate-si-frumusete","13":"pa_gen-female","14":"pa_marime-1-ml","16":"first","17":"instock","18":"sale","19":"product-type-external","20":"entry","21":"content-bg","22":"loop-entry"},"acf":[],"yoast_head":"<!-- This site is optimized with the Yoast SEO plugin v27.3 - https:\/\/yoast.com\/product\/yoast-seo-wordpress\/ -->\n<title>Aden Cosmetics Precision Liner tu\u0219 de ochi tip carioc\u0103 1 ml - SHOPATOA.COM<\/title>\n<meta name=\"robots\" content=\"index, follow, max-snippet:-1, max-image-preview:large, max-video-preview:-1\" \/>\n<link rel=\"canonical\" href=\"https:\/\/shopatoa.com\/ro\/aden-cosmetics-precision-liner-tus-de-ochi-tip-carioca-1-ml\/\" \/>\n<meta property=\"og:locale\" content=\"ro_RO\" \/>\n<meta property=\"og:type\" content=\"article\" \/>\n<meta property=\"og:title\" content=\"Aden Cosmetics Precision Liner tu\u0219 de ochi tip carioc\u0103 1 ml - SHOPATOA.COM\" \/>\n<meta property=\"og:description\" content=\"Aden Cosmetics Precision Liner, 1 ml, Tus de ochi pentru femei, Dori\u021bi s\u0103 v\u0103 eviden\u021bia\u021bi conturul ochilor \u0219i s\u0103 atrage\u021bi toat\u0103 aten\u021bia asupra ochilor dvs.? Produsul Aden CosmeticsPrecision Liner v\u0103 va ajuta \u00een acest sens. Va conferi intensitate \u0219i dramatism privirii dvs. \u0219i va accentua orice alt machiaj. Textura sa u\u0219or de aplicat v\u0103 permite...\" \/>\n<meta property=\"og:url\" content=\"https:\/\/shopatoa.com\/ro\/aden-cosmetics-precision-liner-tus-de-ochi-tip-carioca-1-ml\/\" \/>\n<meta property=\"og:site_name\" content=\"SHOPATOA\" \/>\n<meta property=\"article:modified_time\" content=\"2025-06-25T21:51:58+00:00\" \/>\n<meta property=\"og:image\" content=\"https:\/\/storage.googleapis.com\/cz-shopatoa-img\/ro\/738fc87c-unnamed-file.webp\" \/>\n\t<meta property=\"og:image:width\" content=\"800\" \/>\n\t<meta property=\"og:image:height\" content=\"800\" \/>\n\t<meta property=\"og:image:type\" content=\"image\/webp\" \/>\n<meta name=\"twitter:card\" content=\"summary_large_image\" \/>\n<meta name=\"twitter:label1\" content=\"Timp estimat pentru citire\" \/>\n\t<meta name=\"twitter:data1\" content=\"1 minut\" \/>\n<script type=\"application\/ld+json\" class=\"yoast-schema-graph\">{\"@context\":\"https:\\\/\\\/schema.org\",\"@graph\":[{\"@type\":\"WebPage\",\"@id\":\"https:\\\/\\\/shopatoa.com\\\/ro\\\/aden-cosmetics-precision-liner-tus-de-ochi-tip-carioca-1-ml\\\/\",\"url\":\"https:\\\/\\\/shopatoa.com\\\/ro\\\/aden-cosmetics-precision-liner-tus-de-ochi-tip-carioca-1-ml\\\/\",\"name\":\"Aden Cosmetics Precision Liner tu\u0219 de ochi tip carioc\u0103 1 ml - SHOPATOA.COM\",\"isPartOf\":{\"@id\":\"https:\\\/\\\/shopatoa.com\\\/ro\\\/#website\"},\"primaryImageOfPage\":{\"@id\":\"https:\\\/\\\/shopatoa.com\\\/ro\\\/aden-cosmetics-precision-liner-tus-de-ochi-tip-carioca-1-ml\\\/#primaryimage\"},\"image\":{\"@id\":\"https:\\\/\\\/shopatoa.com\\\/ro\\\/aden-cosmetics-precision-liner-tus-de-ochi-tip-carioca-1-ml\\\/#primaryimage\"},\"thumbnailUrl\":\"https:\\\/\\\/storage.googleapis.com\\\/cz-shopatoa-img\\\/ro\\\/738fc87c-unnamed-file.webp\",\"datePublished\":\"2025-06-25T21:51:32+00:00\",\"dateModified\":\"2025-06-25T21:51:58+00:00\",\"breadcrumb\":{\"@id\":\"https:\\\/\\\/shopatoa.com\\\/ro\\\/aden-cosmetics-precision-liner-tus-de-ochi-tip-carioca-1-ml\\\/#breadcrumb\"},\"inLanguage\":\"ro-RO\",\"potentialAction\":[{\"@type\":\"ReadAction\",\"target\":[\"https:\\\/\\\/shopatoa.com\\\/ro\\\/aden-cosmetics-precision-liner-tus-de-ochi-tip-carioca-1-ml\\\/\"]}]},{\"@type\":\"ImageObject\",\"inLanguage\":\"ro-RO\",\"@id\":\"https:\\\/\\\/shopatoa.com\\\/ro\\\/aden-cosmetics-precision-liner-tus-de-ochi-tip-carioca-1-ml\\\/#primaryimage\",\"url\":\"https:\\\/\\\/storage.googleapis.com\\\/cz-shopatoa-img\\\/ro\\\/738fc87c-unnamed-file.webp\",\"contentUrl\":\"https:\\\/\\\/storage.googleapis.com\\\/cz-shopatoa-img\\\/ro\\\/738fc87c-unnamed-file.webp\",\"width\":800,\"height\":800},{\"@type\":\"BreadcrumbList\",\"@id\":\"https:\\\/\\\/shopatoa.com\\\/ro\\\/aden-cosmetics-precision-liner-tus-de-ochi-tip-carioca-1-ml\\\/#breadcrumb\",\"itemListElement\":[{\"@type\":\"ListItem\",\"position\":1,\"name\":\"Dom\u016f\",\"item\":\"https:\\\/\\\/shopatoa.com\\\/ro\\\/\"},{\"@type\":\"ListItem\",\"position\":2,\"name\":\"Shop\",\"item\":\"https:\\\/\\\/shopatoa.com\\\/ro\\\/shop\\\/\"},{\"@type\":\"ListItem\",\"position\":3,\"name\":\"Aden Cosmetics Precision Liner tu\u0219 de ochi tip carioc\u0103 1 ml\"}]},{\"@type\":\"WebSite\",\"@id\":\"https:\\\/\\\/shopatoa.com\\\/ro\\\/#website\",\"url\":\"https:\\\/\\\/shopatoa.com\\\/ro\\\/\",\"name\":\"SHOPATOA\",\"description\":\"\",\"publisher\":{\"@id\":\"https:\\\/\\\/shopatoa.com\\\/ro\\\/#organization\"},\"potentialAction\":[{\"@type\":\"SearchAction\",\"target\":{\"@type\":\"EntryPoint\",\"urlTemplate\":\"https:\\\/\\\/shopatoa.com\\\/ro\\\/?s={search_term_string}\"},\"query-input\":{\"@type\":\"PropertyValueSpecification\",\"valueRequired\":true,\"valueName\":\"search_term_string\"}}],\"inLanguage\":\"ro-RO\"},{\"@type\":\"Organization\",\"@id\":\"https:\\\/\\\/shopatoa.com\\\/ro\\\/#organization\",\"name\":\"SHOPATOA\",\"url\":\"https:\\\/\\\/shopatoa.com\\\/ro\\\/\",\"logo\":{\"@type\":\"ImageObject\",\"inLanguage\":\"ro-RO\",\"@id\":\"https:\\\/\\\/shopatoa.com\\\/ro\\\/#\\\/schema\\\/logo\\\/image\\\/\",\"url\":\"https:\\\/\\\/storage.googleapis.com\\\/cz-shopatoa-img\\\/ro\\\/b4dac915-shopatoa_logo.png\",\"contentUrl\":\"https:\\\/\\\/storage.googleapis.com\\\/cz-shopatoa-img\\\/ro\\\/b4dac915-shopatoa_logo.png\",\"width\":416,\"height\":63,\"caption\":\"SHOPATOA\"},\"image\":{\"@id\":\"https:\\\/\\\/shopatoa.com\\\/ro\\\/#\\\/schema\\\/logo\\\/image\\\/\"}}]}<\/script>\n<!-- \/ Yoast SEO plugin. -->","yoast_head_json":{"title":"Aden Cosmetics Precision Liner tu\u0219 de ochi tip carioc\u0103 1 ml - SHOPATOA.COM","robots":{"index":"index","follow":"follow","max-snippet":"max-snippet:-1","max-image-preview":"max-image-preview:large","max-video-preview":"max-video-preview:-1"},"canonical":"https:\/\/shopatoa.com\/ro\/aden-cosmetics-precision-liner-tus-de-ochi-tip-carioca-1-ml\/","og_locale":"ro_RO","og_type":"article","og_title":"Aden Cosmetics Precision Liner tu\u0219 de ochi tip carioc\u0103 1 ml - SHOPATOA.COM","og_description":"Aden Cosmetics Precision Liner, 1 ml, Tus de ochi pentru femei, Dori\u021bi s\u0103 v\u0103 eviden\u021bia\u021bi conturul ochilor \u0219i s\u0103 atrage\u021bi toat\u0103 aten\u021bia asupra ochilor dvs.? Produsul Aden CosmeticsPrecision Liner v\u0103 va ajuta \u00een acest sens. Va conferi intensitate \u0219i dramatism privirii dvs. \u0219i va accentua orice alt machiaj. Textura sa u\u0219or de aplicat v\u0103 permite...","og_url":"https:\/\/shopatoa.com\/ro\/aden-cosmetics-precision-liner-tus-de-ochi-tip-carioca-1-ml\/","og_site_name":"SHOPATOA","article_modified_time":"2025-06-25T21:51:58+00:00","og_image":[{"width":800,"height":800,"url":"https:\/\/storage.googleapis.com\/cz-shopatoa-img\/ro\/738fc87c-unnamed-file.webp","type":"image\/webp"}],"twitter_card":"summary_large_image","twitter_misc":{"Timp estimat pentru citire":"1 minut"},"schema":{"@context":"https:\/\/schema.org","@graph":[{"@type":"WebPage","@id":"https:\/\/shopatoa.com\/ro\/aden-cosmetics-precision-liner-tus-de-ochi-tip-carioca-1-ml\/","url":"https:\/\/shopatoa.com\/ro\/aden-cosmetics-precision-liner-tus-de-ochi-tip-carioca-1-ml\/","name":"Aden Cosmetics Precision Liner tu\u0219 de ochi tip carioc\u0103 1 ml - SHOPATOA.COM","isPartOf":{"@id":"https:\/\/shopatoa.com\/ro\/#website"},"primaryImageOfPage":{"@id":"https:\/\/shopatoa.com\/ro\/aden-cosmetics-precision-liner-tus-de-ochi-tip-carioca-1-ml\/#primaryimage"},"image":{"@id":"https:\/\/shopatoa.com\/ro\/aden-cosmetics-precision-liner-tus-de-ochi-tip-carioca-1-ml\/#primaryimage"},"thumbnailUrl":"https:\/\/storage.googleapis.com\/cz-shopatoa-img\/ro\/738fc87c-unnamed-file.webp","datePublished":"2025-06-25T21:51:32+00:00","dateModified":"2025-06-25T21:51:58+00:00","breadcrumb":{"@id":"https:\/\/shopatoa.com\/ro\/aden-cosmetics-precision-liner-tus-de-ochi-tip-carioca-1-ml\/#breadcrumb"},"inLanguage":"ro-RO","potentialAction":[{"@type":"ReadAction","target":["https:\/\/shopatoa.com\/ro\/aden-cosmetics-precision-liner-tus-de-ochi-tip-carioca-1-ml\/"]}]},{"@type":"ImageObject","inLanguage":"ro-RO","@id":"https:\/\/shopatoa.com\/ro\/aden-cosmetics-precision-liner-tus-de-ochi-tip-carioca-1-ml\/#primaryimage","url":"https:\/\/storage.googleapis.com\/cz-shopatoa-img\/ro\/738fc87c-unnamed-file.webp","contentUrl":"https:\/\/storage.googleapis.com\/cz-shopatoa-img\/ro\/738fc87c-unnamed-file.webp","width":800,"height":800},{"@type":"BreadcrumbList","@id":"https:\/\/shopatoa.com\/ro\/aden-cosmetics-precision-liner-tus-de-ochi-tip-carioca-1-ml\/#breadcrumb","itemListElement":[{"@type":"ListItem","position":1,"name":"Dom\u016f","item":"https:\/\/shopatoa.com\/ro\/"},{"@type":"ListItem","position":2,"name":"Shop","item":"https:\/\/shopatoa.com\/ro\/shop\/"},{"@type":"ListItem","position":3,"name":"Aden Cosmetics Precision Liner tu\u0219 de ochi tip carioc\u0103 1 ml"}]},{"@type":"WebSite","@id":"https:\/\/shopatoa.com\/ro\/#website","url":"https:\/\/shopatoa.com\/ro\/","name":"SHOPATOA","description":"","publisher":{"@id":"https:\/\/shopatoa.com\/ro\/#organization"},"potentialAction":[{"@type":"SearchAction","target":{"@type":"EntryPoint","urlTemplate":"https:\/\/shopatoa.com\/ro\/?s={search_term_string}"},"query-input":{"@type":"PropertyValueSpecification","valueRequired":true,"valueName":"search_term_string"}}],"inLanguage":"ro-RO"},{"@type":"Organization","@id":"https:\/\/shopatoa.com\/ro\/#organization","name":"SHOPATOA","url":"https:\/\/shopatoa.com\/ro\/","logo":{"@type":"ImageObject","inLanguage":"ro-RO","@id":"https:\/\/shopatoa.com\/ro\/#\/schema\/logo\/image\/","url":"https:\/\/storage.googleapis.com\/cz-shopatoa-img\/ro\/b4dac915-shopatoa_logo.png","contentUrl":"https:\/\/storage.googleapis.com\/cz-shopatoa-img\/ro\/b4dac915-shopatoa_logo.png","width":416,"height":63,"caption":"SHOPATOA"},"image":{"@id":"https:\/\/shopatoa.com\/ro\/#\/schema\/logo\/image\/"}}]}},"_links":{"self":[{"href":"https:\/\/shopatoa.com\/ro\/wp-json\/wp\/v2\/product\/458504","targetHints":{"allow":["GET"]}}],"collection":[{"href":"https:\/\/shopatoa.com\/ro\/wp-json\/wp\/v2\/product"}],"about":[{"href":"https:\/\/shopatoa.com\/ro\/wp-json\/wp\/v2\/types\/product"}],"replies":[{"embeddable":true,"href":"https:\/\/shopatoa.com\/ro\/wp-json\/wp\/v2\/comments?post=458504"}],"wp:featuredmedia":[{"embeddable":true,"href":"https:\/\/shopatoa.com\/ro\/wp-json\/wp\/v2\/media\/458505"}],"wp:attachment":[{"href":"https:\/\/shopatoa.com\/ro\/wp-json\/wp\/v2\/media?parent=458504"}],"wp:term":[{"taxonomy":"product_brand","embeddable":true,"href":"https:\/\/shopatoa.com\/ro\/wp-json\/wp\/v2\/product_brand?post=458504"},{"taxonomy":"product_cat","embeddable":true,"href":"https:\/\/shopatoa.com\/ro\/wp-json\/wp\/v2\/product_cat?post=458504"},{"taxonomy":"product_tag","embeddable":true,"href":"https:\/\/shopatoa.com\/ro\/wp-json\/wp\/v2\/product_tag?post=458504"}],"curies":[{"name":"wp","href":"https:\/\/api.w.org\/{rel}","templated":true}]}}