{"id":458738,"date":"2025-06-26T00:20:44","date_gmt":"2025-06-25T22:20:44","guid":{"rendered":"https:\/\/shopatoa.com\/ro\/sea-of-spa-essential-dead-sea-treatment-crema-de-picioare-cu-minerale-din-marea-moarta-150-ml\/"},"modified":"2026-02-04T00:52:03","modified_gmt":"2026-02-03T23:52:03","slug":"sea-of-spa-essential-dead-sea-treatment-crema-de-picioare-cu-minerale-din-marea-moarta-150-ml","status":"publish","type":"product","link":"https:\/\/shopatoa.com\/ro\/sea-of-spa-essential-dead-sea-treatment-crema-de-picioare-cu-minerale-din-marea-moarta-150-ml\/","title":{"rendered":"Sea of Spa Essential Dead Sea Treatment crema de picioare cu minerale din Marea Moart\u0103 150 ml"},"content":{"rendered":"<p>Sea of Spa Essential Dead Sea Treatment, 150 ml, Crema pentru picioare pentru femei, \u00cen rutina dvs. de \u00eengrijire nu ar trebui s\u0103 uita\u021bi niciodat\u0103 de t\u0103lpi, deoarece acestea sunt solicitate \u00een fiecare zi prin mersul pe jos \u0219i statul \u00een picioare, \u0219i numai o \u00eengrijire regulat\u0103 le va men\u021bine frumoase \u0219i preg\u0103tite s\u0103 parcurg\u0103 mii de pa\u0219i. Crema pentru picioare Sea of Spa Essential Dead Sea Treatment \u00eengrije\u0219te perfect pielea uscat\u0103 \u0219i aspr\u0103, o catifeleaz\u0103, v\u0103 r\u0103sfa\u021b\u0103 picioarele \u0219i le las\u0103 m\u0103t\u0103soase. Gata cu c\u0103lc\u00e2iele cr\u0103pate, gata cu pielea dur\u0103 sau cu b\u0103t\u0103turi, bucura\u021bi-v\u0103 de picioare delicate \u0219i netede, pe care s\u0103 le ar\u0103ta\u021bi lumii f\u0103r\u0103 jen\u0103.  Caracteristici:  ac\u021biune emolient\u0103 \u0219i nutritiv\u0103 hidrateaz\u0103 pielea pentru picioare pl\u0103cut parfumate  Cum se utilizeaz\u0103: Se aplic\u0103 pe picioare \u0219i se maseaz\u0103 delicat. Nu cl\u0103ti\u021bi.<\/p>\n","protected":false},"excerpt":{"rendered":"<p>Sea of Spa Essential Dead Sea Treatment, 150 ml, Crema pentru picioare pentru femei, \u00cen rutina dvs. de \u00eengrijire nu ar trebui s\u0103 uita\u021bi niciodat\u0103 de t\u0103lpi, deoarece acestea sunt solicitate \u00een fiecare zi prin mersul pe jos \u0219i statul \u00een picioare, \u0219i numai o \u00eengrijire regulat\u0103 le va men\u021bine frumoase \u0219i preg\u0103tite s\u0103 parcurg\u0103&#8230;<\/p>\n","protected":false},"featured_media":458739,"comment_status":"closed","ping_status":"open","template":"","meta":{"_acf_changed":false,"_kadence_starter_templates_imported_post":false,"_kad_post_transparent":"","_kad_post_title":"","_kad_post_layout":"","_kad_post_sidebar_id":"","_kad_post_content_style":"","_kad_post_vertical_padding":"","_kad_post_feature":"","_kad_post_feature_position":"","_kad_post_header":false,"_kad_post_footer":false,"_kad_post_classname":""},"product_brand":[2155],"product_cat":[1563,1972,1562],"product_tag":[],"class_list":{"0":"post-458738","1":"product","2":"type-product","3":"status-publish","4":"has-post-thumbnail","6":"product_brand-sea-of-spa","7":"product_cat-ingrijire-personala","8":"product_cat-ingrijirea-picioarelor","9":"product_cat-sanatate-si-frumusete","10":"pa_gen-female","11":"pa_marime-150-ml","13":"first","14":"instock","15":"sale","16":"product-type-external","17":"entry","18":"content-bg","19":"loop-entry"},"acf":[],"yoast_head":"<!-- This site is optimized with the Yoast SEO plugin v27.4 - https:\/\/yoast.com\/product\/yoast-seo-wordpress\/ -->\n<title>Sea of Spa Essential Dead Sea Treatment crema de picioare cu minerale din Marea Moart\u0103 150 ml - SHOPATOA.COM<\/title>\n<meta name=\"robots\" content=\"index, follow, max-snippet:-1, max-image-preview:large, max-video-preview:-1\" \/>\n<link rel=\"canonical\" href=\"https:\/\/shopatoa.com\/ro\/sea-of-spa-essential-dead-sea-treatment-crema-de-picioare-cu-minerale-din-marea-moarta-150-ml\/\" \/>\n<meta property=\"og:locale\" content=\"ro_RO\" \/>\n<meta property=\"og:type\" content=\"article\" \/>\n<meta property=\"og:title\" content=\"Sea of Spa Essential Dead Sea Treatment crema de picioare cu minerale din Marea Moart\u0103 150 ml - SHOPATOA.COM\" \/>\n<meta property=\"og:description\" content=\"Sea of Spa Essential Dead Sea Treatment, 150 ml, Crema pentru picioare pentru femei, \u00cen rutina dvs. de \u00eengrijire nu ar trebui s\u0103 uita\u021bi niciodat\u0103 de t\u0103lpi, deoarece acestea sunt solicitate \u00een fiecare zi prin mersul pe jos \u0219i statul \u00een picioare, \u0219i numai o \u00eengrijire regulat\u0103 le va men\u021bine frumoase \u0219i preg\u0103tite s\u0103 parcurg\u0103...\" \/>\n<meta property=\"og:url\" content=\"https:\/\/shopatoa.com\/ro\/sea-of-spa-essential-dead-sea-treatment-crema-de-picioare-cu-minerale-din-marea-moarta-150-ml\/\" \/>\n<meta property=\"og:site_name\" content=\"SHOPATOA\" \/>\n<meta property=\"article:modified_time\" content=\"2026-02-03T23:52:03+00:00\" \/>\n<meta property=\"og:image\" content=\"https:\/\/storage.googleapis.com\/cz-shopatoa-img\/ro\/7bc9ed71-unnamed-file.webp\" \/>\n\t<meta property=\"og:image:width\" content=\"800\" \/>\n\t<meta property=\"og:image:height\" content=\"800\" \/>\n\t<meta property=\"og:image:type\" content=\"image\/webp\" \/>\n<meta name=\"twitter:card\" content=\"summary_large_image\" \/>\n<meta name=\"twitter:label1\" content=\"Timp estimat pentru citire\" \/>\n\t<meta name=\"twitter:data1\" content=\"1 minut\" \/>\n<script type=\"application\/ld+json\" class=\"yoast-schema-graph\">{\"@context\":\"https:\\\/\\\/schema.org\",\"@graph\":[{\"@type\":\"WebPage\",\"@id\":\"https:\\\/\\\/shopatoa.com\\\/ro\\\/sea-of-spa-essential-dead-sea-treatment-crema-de-picioare-cu-minerale-din-marea-moarta-150-ml\\\/\",\"url\":\"https:\\\/\\\/shopatoa.com\\\/ro\\\/sea-of-spa-essential-dead-sea-treatment-crema-de-picioare-cu-minerale-din-marea-moarta-150-ml\\\/\",\"name\":\"Sea of Spa Essential Dead Sea Treatment crema de picioare cu minerale din Marea Moart\u0103 150 ml - SHOPATOA.COM\",\"isPartOf\":{\"@id\":\"https:\\\/\\\/shopatoa.com\\\/ro\\\/#website\"},\"primaryImageOfPage\":{\"@id\":\"https:\\\/\\\/shopatoa.com\\\/ro\\\/sea-of-spa-essential-dead-sea-treatment-crema-de-picioare-cu-minerale-din-marea-moarta-150-ml\\\/#primaryimage\"},\"image\":{\"@id\":\"https:\\\/\\\/shopatoa.com\\\/ro\\\/sea-of-spa-essential-dead-sea-treatment-crema-de-picioare-cu-minerale-din-marea-moarta-150-ml\\\/#primaryimage\"},\"thumbnailUrl\":\"https:\\\/\\\/storage.googleapis.com\\\/cz-shopatoa-img\\\/ro\\\/7bc9ed71-unnamed-file.webp\",\"datePublished\":\"2025-06-25T22:20:44+00:00\",\"dateModified\":\"2026-02-03T23:52:03+00:00\",\"breadcrumb\":{\"@id\":\"https:\\\/\\\/shopatoa.com\\\/ro\\\/sea-of-spa-essential-dead-sea-treatment-crema-de-picioare-cu-minerale-din-marea-moarta-150-ml\\\/#breadcrumb\"},\"inLanguage\":\"ro-RO\",\"potentialAction\":[{\"@type\":\"ReadAction\",\"target\":[\"https:\\\/\\\/shopatoa.com\\\/ro\\\/sea-of-spa-essential-dead-sea-treatment-crema-de-picioare-cu-minerale-din-marea-moarta-150-ml\\\/\"]}]},{\"@type\":\"ImageObject\",\"inLanguage\":\"ro-RO\",\"@id\":\"https:\\\/\\\/shopatoa.com\\\/ro\\\/sea-of-spa-essential-dead-sea-treatment-crema-de-picioare-cu-minerale-din-marea-moarta-150-ml\\\/#primaryimage\",\"url\":\"https:\\\/\\\/storage.googleapis.com\\\/cz-shopatoa-img\\\/ro\\\/7bc9ed71-unnamed-file.webp\",\"contentUrl\":\"https:\\\/\\\/storage.googleapis.com\\\/cz-shopatoa-img\\\/ro\\\/7bc9ed71-unnamed-file.webp\",\"width\":800,\"height\":800},{\"@type\":\"BreadcrumbList\",\"@id\":\"https:\\\/\\\/shopatoa.com\\\/ro\\\/sea-of-spa-essential-dead-sea-treatment-crema-de-picioare-cu-minerale-din-marea-moarta-150-ml\\\/#breadcrumb\",\"itemListElement\":[{\"@type\":\"ListItem\",\"position\":1,\"name\":\"Dom\u016f\",\"item\":\"https:\\\/\\\/shopatoa.com\\\/ro\\\/\"},{\"@type\":\"ListItem\",\"position\":2,\"name\":\"Shop\",\"item\":\"https:\\\/\\\/shopatoa.com\\\/ro\\\/shop\\\/\"},{\"@type\":\"ListItem\",\"position\":3,\"name\":\"S\u0103n\u0103tate \u0219i frumuse\u021be\",\"item\":\"https:\\\/\\\/shopatoa.com\\\/ro\\\/sanatate-si-frumusete\\\/\"},{\"@type\":\"ListItem\",\"position\":4,\"name\":\"\u00cengrijire personal\u0103\",\"item\":\"https:\\\/\\\/shopatoa.com\\\/ro\\\/ingrijire-personala\\\/\"},{\"@type\":\"ListItem\",\"position\":5,\"name\":\"\u00cengrijirea picioarelor\",\"item\":\"https:\\\/\\\/shopatoa.com\\\/ro\\\/ingrijirea-picioarelor\\\/\"},{\"@type\":\"ListItem\",\"position\":6,\"name\":\"Sea of Spa Essential Dead Sea Treatment crema de picioare cu minerale din Marea Moart\u0103 150 ml\"}]},{\"@type\":\"WebSite\",\"@id\":\"https:\\\/\\\/shopatoa.com\\\/ro\\\/#website\",\"url\":\"https:\\\/\\\/shopatoa.com\\\/ro\\\/\",\"name\":\"SHOPATOA\",\"description\":\"\",\"publisher\":{\"@id\":\"https:\\\/\\\/shopatoa.com\\\/ro\\\/#organization\"},\"potentialAction\":[{\"@type\":\"SearchAction\",\"target\":{\"@type\":\"EntryPoint\",\"urlTemplate\":\"https:\\\/\\\/shopatoa.com\\\/ro\\\/?s={search_term_string}\"},\"query-input\":{\"@type\":\"PropertyValueSpecification\",\"valueRequired\":true,\"valueName\":\"search_term_string\"}}],\"inLanguage\":\"ro-RO\"},{\"@type\":\"Organization\",\"@id\":\"https:\\\/\\\/shopatoa.com\\\/ro\\\/#organization\",\"name\":\"SHOPATOA\",\"url\":\"https:\\\/\\\/shopatoa.com\\\/ro\\\/\",\"logo\":{\"@type\":\"ImageObject\",\"inLanguage\":\"ro-RO\",\"@id\":\"https:\\\/\\\/shopatoa.com\\\/ro\\\/#\\\/schema\\\/logo\\\/image\\\/\",\"url\":\"https:\\\/\\\/storage.googleapis.com\\\/cz-shopatoa-img\\\/ro\\\/b4dac915-shopatoa_logo.png\",\"contentUrl\":\"https:\\\/\\\/storage.googleapis.com\\\/cz-shopatoa-img\\\/ro\\\/b4dac915-shopatoa_logo.png\",\"width\":416,\"height\":63,\"caption\":\"SHOPATOA\"},\"image\":{\"@id\":\"https:\\\/\\\/shopatoa.com\\\/ro\\\/#\\\/schema\\\/logo\\\/image\\\/\"}}]}<\/script>\n<!-- \/ Yoast SEO plugin. -->","yoast_head_json":{"title":"Sea of Spa Essential Dead Sea Treatment crema de picioare cu minerale din Marea Moart\u0103 150 ml - SHOPATOA.COM","robots":{"index":"index","follow":"follow","max-snippet":"max-snippet:-1","max-image-preview":"max-image-preview:large","max-video-preview":"max-video-preview:-1"},"canonical":"https:\/\/shopatoa.com\/ro\/sea-of-spa-essential-dead-sea-treatment-crema-de-picioare-cu-minerale-din-marea-moarta-150-ml\/","og_locale":"ro_RO","og_type":"article","og_title":"Sea of Spa Essential Dead Sea Treatment crema de picioare cu minerale din Marea Moart\u0103 150 ml - SHOPATOA.COM","og_description":"Sea of Spa Essential Dead Sea Treatment, 150 ml, Crema pentru picioare pentru femei, \u00cen rutina dvs. de \u00eengrijire nu ar trebui s\u0103 uita\u021bi niciodat\u0103 de t\u0103lpi, deoarece acestea sunt solicitate \u00een fiecare zi prin mersul pe jos \u0219i statul \u00een picioare, \u0219i numai o \u00eengrijire regulat\u0103 le va men\u021bine frumoase \u0219i preg\u0103tite s\u0103 parcurg\u0103...","og_url":"https:\/\/shopatoa.com\/ro\/sea-of-spa-essential-dead-sea-treatment-crema-de-picioare-cu-minerale-din-marea-moarta-150-ml\/","og_site_name":"SHOPATOA","article_modified_time":"2026-02-03T23:52:03+00:00","og_image":[{"width":800,"height":800,"url":"https:\/\/storage.googleapis.com\/cz-shopatoa-img\/ro\/7bc9ed71-unnamed-file.webp","type":"image\/webp"}],"twitter_card":"summary_large_image","twitter_misc":{"Timp estimat pentru citire":"1 minut"},"schema":{"@context":"https:\/\/schema.org","@graph":[{"@type":"WebPage","@id":"https:\/\/shopatoa.com\/ro\/sea-of-spa-essential-dead-sea-treatment-crema-de-picioare-cu-minerale-din-marea-moarta-150-ml\/","url":"https:\/\/shopatoa.com\/ro\/sea-of-spa-essential-dead-sea-treatment-crema-de-picioare-cu-minerale-din-marea-moarta-150-ml\/","name":"Sea of Spa Essential Dead Sea Treatment crema de picioare cu minerale din Marea Moart\u0103 150 ml - SHOPATOA.COM","isPartOf":{"@id":"https:\/\/shopatoa.com\/ro\/#website"},"primaryImageOfPage":{"@id":"https:\/\/shopatoa.com\/ro\/sea-of-spa-essential-dead-sea-treatment-crema-de-picioare-cu-minerale-din-marea-moarta-150-ml\/#primaryimage"},"image":{"@id":"https:\/\/shopatoa.com\/ro\/sea-of-spa-essential-dead-sea-treatment-crema-de-picioare-cu-minerale-din-marea-moarta-150-ml\/#primaryimage"},"thumbnailUrl":"https:\/\/storage.googleapis.com\/cz-shopatoa-img\/ro\/7bc9ed71-unnamed-file.webp","datePublished":"2025-06-25T22:20:44+00:00","dateModified":"2026-02-03T23:52:03+00:00","breadcrumb":{"@id":"https:\/\/shopatoa.com\/ro\/sea-of-spa-essential-dead-sea-treatment-crema-de-picioare-cu-minerale-din-marea-moarta-150-ml\/#breadcrumb"},"inLanguage":"ro-RO","potentialAction":[{"@type":"ReadAction","target":["https:\/\/shopatoa.com\/ro\/sea-of-spa-essential-dead-sea-treatment-crema-de-picioare-cu-minerale-din-marea-moarta-150-ml\/"]}]},{"@type":"ImageObject","inLanguage":"ro-RO","@id":"https:\/\/shopatoa.com\/ro\/sea-of-spa-essential-dead-sea-treatment-crema-de-picioare-cu-minerale-din-marea-moarta-150-ml\/#primaryimage","url":"https:\/\/storage.googleapis.com\/cz-shopatoa-img\/ro\/7bc9ed71-unnamed-file.webp","contentUrl":"https:\/\/storage.googleapis.com\/cz-shopatoa-img\/ro\/7bc9ed71-unnamed-file.webp","width":800,"height":800},{"@type":"BreadcrumbList","@id":"https:\/\/shopatoa.com\/ro\/sea-of-spa-essential-dead-sea-treatment-crema-de-picioare-cu-minerale-din-marea-moarta-150-ml\/#breadcrumb","itemListElement":[{"@type":"ListItem","position":1,"name":"Dom\u016f","item":"https:\/\/shopatoa.com\/ro\/"},{"@type":"ListItem","position":2,"name":"Shop","item":"https:\/\/shopatoa.com\/ro\/shop\/"},{"@type":"ListItem","position":3,"name":"S\u0103n\u0103tate \u0219i frumuse\u021be","item":"https:\/\/shopatoa.com\/ro\/sanatate-si-frumusete\/"},{"@type":"ListItem","position":4,"name":"\u00cengrijire personal\u0103","item":"https:\/\/shopatoa.com\/ro\/ingrijire-personala\/"},{"@type":"ListItem","position":5,"name":"\u00cengrijirea picioarelor","item":"https:\/\/shopatoa.com\/ro\/ingrijirea-picioarelor\/"},{"@type":"ListItem","position":6,"name":"Sea of Spa Essential Dead Sea Treatment crema de picioare cu minerale din Marea Moart\u0103 150 ml"}]},{"@type":"WebSite","@id":"https:\/\/shopatoa.com\/ro\/#website","url":"https:\/\/shopatoa.com\/ro\/","name":"SHOPATOA","description":"","publisher":{"@id":"https:\/\/shopatoa.com\/ro\/#organization"},"potentialAction":[{"@type":"SearchAction","target":{"@type":"EntryPoint","urlTemplate":"https:\/\/shopatoa.com\/ro\/?s={search_term_string}"},"query-input":{"@type":"PropertyValueSpecification","valueRequired":true,"valueName":"search_term_string"}}],"inLanguage":"ro-RO"},{"@type":"Organization","@id":"https:\/\/shopatoa.com\/ro\/#organization","name":"SHOPATOA","url":"https:\/\/shopatoa.com\/ro\/","logo":{"@type":"ImageObject","inLanguage":"ro-RO","@id":"https:\/\/shopatoa.com\/ro\/#\/schema\/logo\/image\/","url":"https:\/\/storage.googleapis.com\/cz-shopatoa-img\/ro\/b4dac915-shopatoa_logo.png","contentUrl":"https:\/\/storage.googleapis.com\/cz-shopatoa-img\/ro\/b4dac915-shopatoa_logo.png","width":416,"height":63,"caption":"SHOPATOA"},"image":{"@id":"https:\/\/shopatoa.com\/ro\/#\/schema\/logo\/image\/"}}]}},"_links":{"self":[{"href":"https:\/\/shopatoa.com\/ro\/wp-json\/wp\/v2\/product\/458738","targetHints":{"allow":["GET"]}}],"collection":[{"href":"https:\/\/shopatoa.com\/ro\/wp-json\/wp\/v2\/product"}],"about":[{"href":"https:\/\/shopatoa.com\/ro\/wp-json\/wp\/v2\/types\/product"}],"replies":[{"embeddable":true,"href":"https:\/\/shopatoa.com\/ro\/wp-json\/wp\/v2\/comments?post=458738"}],"wp:featuredmedia":[{"embeddable":true,"href":"https:\/\/shopatoa.com\/ro\/wp-json\/wp\/v2\/media\/458739"}],"wp:attachment":[{"href":"https:\/\/shopatoa.com\/ro\/wp-json\/wp\/v2\/media?parent=458738"}],"wp:term":[{"taxonomy":"product_brand","embeddable":true,"href":"https:\/\/shopatoa.com\/ro\/wp-json\/wp\/v2\/product_brand?post=458738"},{"taxonomy":"product_cat","embeddable":true,"href":"https:\/\/shopatoa.com\/ro\/wp-json\/wp\/v2\/product_cat?post=458738"},{"taxonomy":"product_tag","embeddable":true,"href":"https:\/\/shopatoa.com\/ro\/wp-json\/wp\/v2\/product_tag?post=458738"}],"curies":[{"name":"wp","href":"https:\/\/api.w.org\/{rel}","templated":true}]}}