{"id":458956,"date":"2025-06-26T00:40:35","date_gmt":"2025-06-25T22:40:35","guid":{"rendered":"https:\/\/shopatoa.com\/ro\/flawless-finishing-touch-nu-razor-aparat-de-ras\/"},"modified":"2026-02-04T00:18:20","modified_gmt":"2026-02-03T23:18:20","slug":"flawless-finishing-touch-nu-razor-aparat-de-ras","status":"publish","type":"product","link":"https:\/\/shopatoa.com\/ro\/flawless-finishing-touch-nu-razor-aparat-de-ras\/","title":{"rendered":"Flawless Finishing Touch NU Razor aparat de ras"},"content":{"rendered":"<p>Flawless Finishing Touch NU Razor, aparate de ras pentru femei, Dori\u021bi s\u0103 ob\u021bine\u021bi un corp neted \u0219i epilat, sau anumite zone ale acestuia? Aparatul de ras Flawless Finishing Touch NU Razor reprezint\u0103 cel mai simplu mod de a ob\u021bine un astfel de rezultat \u2013 u\u0219or, rapid \u0219i f\u0103r\u0103 durere. Datorit\u0103 lamelor sale, capteaz\u0103 fiecare fir de p\u0103r nedorit \u0219i \u00eendep\u0103rteaz\u0103 cu precizie. Bucura\u021bi-v\u0103 de un corp perfect neted, exact a\u0219a cum v\u0103 dori\u021bi.  Caracteristici:  dotat cu un cap pivotant asigur\u0103 un b\u0103rbierit minu\u021bios, cu precizie ridicat\u0103 rade la axile, pe picioare \u0219i \u00een zonele intime manipulare u\u0219oar\u0103  Cum se utilizeaz\u0103: Se utilizeaz\u0103 conform instruc\u021biunilor incluse.<\/p>\n","protected":false},"excerpt":{"rendered":"<p>Flawless Finishing Touch NU Razor, aparate de ras pentru femei, Dori\u021bi s\u0103 ob\u021bine\u021bi un corp neted \u0219i epilat, sau anumite zone ale acestuia? Aparatul de ras Flawless Finishing Touch NU Razor reprezint\u0103 cel mai simplu mod de a ob\u021bine un astfel de rezultat \u2013 u\u0219or, rapid \u0219i f\u0103r\u0103 durere. Datorit\u0103 lamelor sale, capteaz\u0103 fiecare fir&#8230;<\/p>\n","protected":false},"featured_media":458957,"comment_status":"closed","ping_status":"open","template":"","meta":{"_acf_changed":false,"_kadence_starter_templates_imported_post":false,"_kad_post_transparent":"","_kad_post_title":"","_kad_post_layout":"","_kad_post_sidebar_id":"","_kad_post_content_style":"","_kad_post_vertical_padding":"","_kad_post_feature":"","_kad_post_feature_position":"","_kad_post_header":false,"_kad_post_footer":false,"_kad_post_classname":""},"product_brand":[3675],"product_cat":[1881,1563,1882,1562],"product_tag":[],"class_list":{"0":"post-458956","1":"product","2":"type-product","3":"status-publish","4":"has-post-thumbnail","6":"product_brand-flawless","7":"product_cat-barbierit-si-ingrijire","8":"product_cat-ingrijire-personala","9":"product_cat-masini-de-ras-si-lame-de-ras","10":"product_cat-sanatate-si-frumusete","11":"pa_gen-female","13":"first","14":"instock","15":"sale","16":"product-type-external","17":"entry","18":"content-bg","19":"loop-entry"},"acf":[],"yoast_head":"<!-- This site is optimized with the Yoast SEO plugin v27.4 - https:\/\/yoast.com\/product\/yoast-seo-wordpress\/ -->\n<title>Flawless Finishing Touch NU Razor aparat de ras - SHOPATOA.COM<\/title>\n<meta name=\"robots\" content=\"index, follow, max-snippet:-1, max-image-preview:large, max-video-preview:-1\" \/>\n<link rel=\"canonical\" href=\"https:\/\/shopatoa.com\/ro\/flawless-finishing-touch-nu-razor-aparat-de-ras\/\" \/>\n<meta property=\"og:locale\" content=\"ro_RO\" \/>\n<meta property=\"og:type\" content=\"article\" \/>\n<meta property=\"og:title\" content=\"Flawless Finishing Touch NU Razor aparat de ras - SHOPATOA.COM\" \/>\n<meta property=\"og:description\" content=\"Flawless Finishing Touch NU Razor, aparate de ras pentru femei, Dori\u021bi s\u0103 ob\u021bine\u021bi un corp neted \u0219i epilat, sau anumite zone ale acestuia? Aparatul de ras Flawless Finishing Touch NU Razor reprezint\u0103 cel mai simplu mod de a ob\u021bine un astfel de rezultat \u2013 u\u0219or, rapid \u0219i f\u0103r\u0103 durere. Datorit\u0103 lamelor sale, capteaz\u0103 fiecare fir...\" \/>\n<meta property=\"og:url\" content=\"https:\/\/shopatoa.com\/ro\/flawless-finishing-touch-nu-razor-aparat-de-ras\/\" \/>\n<meta property=\"og:site_name\" content=\"SHOPATOA\" \/>\n<meta property=\"article:modified_time\" content=\"2026-02-03T23:18:20+00:00\" \/>\n<meta property=\"og:image\" content=\"https:\/\/storage.googleapis.com\/cz-shopatoa-img\/ro\/b70c6e43-unnamed-file.webp\" \/>\n\t<meta property=\"og:image:width\" content=\"800\" \/>\n\t<meta property=\"og:image:height\" content=\"800\" \/>\n\t<meta property=\"og:image:type\" content=\"image\/webp\" \/>\n<meta name=\"twitter:card\" content=\"summary_large_image\" \/>\n<meta name=\"twitter:label1\" content=\"Timp estimat pentru citire\" \/>\n\t<meta name=\"twitter:data1\" content=\"1 minut\" \/>\n<script type=\"application\/ld+json\" class=\"yoast-schema-graph\">{\"@context\":\"https:\\\/\\\/schema.org\",\"@graph\":[{\"@type\":\"WebPage\",\"@id\":\"https:\\\/\\\/shopatoa.com\\\/ro\\\/flawless-finishing-touch-nu-razor-aparat-de-ras\\\/\",\"url\":\"https:\\\/\\\/shopatoa.com\\\/ro\\\/flawless-finishing-touch-nu-razor-aparat-de-ras\\\/\",\"name\":\"Flawless Finishing Touch NU Razor aparat de ras - SHOPATOA.COM\",\"isPartOf\":{\"@id\":\"https:\\\/\\\/shopatoa.com\\\/ro\\\/#website\"},\"primaryImageOfPage\":{\"@id\":\"https:\\\/\\\/shopatoa.com\\\/ro\\\/flawless-finishing-touch-nu-razor-aparat-de-ras\\\/#primaryimage\"},\"image\":{\"@id\":\"https:\\\/\\\/shopatoa.com\\\/ro\\\/flawless-finishing-touch-nu-razor-aparat-de-ras\\\/#primaryimage\"},\"thumbnailUrl\":\"https:\\\/\\\/storage.googleapis.com\\\/cz-shopatoa-img\\\/ro\\\/b70c6e43-unnamed-file.webp\",\"datePublished\":\"2025-06-25T22:40:35+00:00\",\"dateModified\":\"2026-02-03T23:18:20+00:00\",\"breadcrumb\":{\"@id\":\"https:\\\/\\\/shopatoa.com\\\/ro\\\/flawless-finishing-touch-nu-razor-aparat-de-ras\\\/#breadcrumb\"},\"inLanguage\":\"ro-RO\",\"potentialAction\":[{\"@type\":\"ReadAction\",\"target\":[\"https:\\\/\\\/shopatoa.com\\\/ro\\\/flawless-finishing-touch-nu-razor-aparat-de-ras\\\/\"]}]},{\"@type\":\"ImageObject\",\"inLanguage\":\"ro-RO\",\"@id\":\"https:\\\/\\\/shopatoa.com\\\/ro\\\/flawless-finishing-touch-nu-razor-aparat-de-ras\\\/#primaryimage\",\"url\":\"https:\\\/\\\/storage.googleapis.com\\\/cz-shopatoa-img\\\/ro\\\/b70c6e43-unnamed-file.webp\",\"contentUrl\":\"https:\\\/\\\/storage.googleapis.com\\\/cz-shopatoa-img\\\/ro\\\/b70c6e43-unnamed-file.webp\",\"width\":800,\"height\":800},{\"@type\":\"BreadcrumbList\",\"@id\":\"https:\\\/\\\/shopatoa.com\\\/ro\\\/flawless-finishing-touch-nu-razor-aparat-de-ras\\\/#breadcrumb\",\"itemListElement\":[{\"@type\":\"ListItem\",\"position\":1,\"name\":\"Dom\u016f\",\"item\":\"https:\\\/\\\/shopatoa.com\\\/ro\\\/\"},{\"@type\":\"ListItem\",\"position\":2,\"name\":\"Shop\",\"item\":\"https:\\\/\\\/shopatoa.com\\\/ro\\\/shop\\\/\"},{\"@type\":\"ListItem\",\"position\":3,\"name\":\"S\u0103n\u0103tate \u0219i frumuse\u021be\",\"item\":\"https:\\\/\\\/shopatoa.com\\\/ro\\\/sanatate-si-frumusete\\\/\"},{\"@type\":\"ListItem\",\"position\":4,\"name\":\"\u00cengrijire personal\u0103\",\"item\":\"https:\\\/\\\/shopatoa.com\\\/ro\\\/ingrijire-personala\\\/\"},{\"@type\":\"ListItem\",\"position\":5,\"name\":\"B\u0103rbierit \u0219i \u00eengrijire\",\"item\":\"https:\\\/\\\/shopatoa.com\\\/ro\\\/barbierit-si-ingrijire\\\/\"},{\"@type\":\"ListItem\",\"position\":6,\"name\":\"Ma\u0219ini de ras \u0219i lame de ras\",\"item\":\"https:\\\/\\\/shopatoa.com\\\/ro\\\/masini-de-ras-si-lame-de-ras\\\/\"},{\"@type\":\"ListItem\",\"position\":7,\"name\":\"Flawless Finishing Touch NU Razor aparat de ras\"}]},{\"@type\":\"WebSite\",\"@id\":\"https:\\\/\\\/shopatoa.com\\\/ro\\\/#website\",\"url\":\"https:\\\/\\\/shopatoa.com\\\/ro\\\/\",\"name\":\"SHOPATOA\",\"description\":\"\",\"publisher\":{\"@id\":\"https:\\\/\\\/shopatoa.com\\\/ro\\\/#organization\"},\"potentialAction\":[{\"@type\":\"SearchAction\",\"target\":{\"@type\":\"EntryPoint\",\"urlTemplate\":\"https:\\\/\\\/shopatoa.com\\\/ro\\\/?s={search_term_string}\"},\"query-input\":{\"@type\":\"PropertyValueSpecification\",\"valueRequired\":true,\"valueName\":\"search_term_string\"}}],\"inLanguage\":\"ro-RO\"},{\"@type\":\"Organization\",\"@id\":\"https:\\\/\\\/shopatoa.com\\\/ro\\\/#organization\",\"name\":\"SHOPATOA\",\"url\":\"https:\\\/\\\/shopatoa.com\\\/ro\\\/\",\"logo\":{\"@type\":\"ImageObject\",\"inLanguage\":\"ro-RO\",\"@id\":\"https:\\\/\\\/shopatoa.com\\\/ro\\\/#\\\/schema\\\/logo\\\/image\\\/\",\"url\":\"https:\\\/\\\/storage.googleapis.com\\\/cz-shopatoa-img\\\/ro\\\/b4dac915-shopatoa_logo.png\",\"contentUrl\":\"https:\\\/\\\/storage.googleapis.com\\\/cz-shopatoa-img\\\/ro\\\/b4dac915-shopatoa_logo.png\",\"width\":416,\"height\":63,\"caption\":\"SHOPATOA\"},\"image\":{\"@id\":\"https:\\\/\\\/shopatoa.com\\\/ro\\\/#\\\/schema\\\/logo\\\/image\\\/\"}}]}<\/script>\n<!-- \/ Yoast SEO plugin. -->","yoast_head_json":{"title":"Flawless Finishing Touch NU Razor aparat de ras - SHOPATOA.COM","robots":{"index":"index","follow":"follow","max-snippet":"max-snippet:-1","max-image-preview":"max-image-preview:large","max-video-preview":"max-video-preview:-1"},"canonical":"https:\/\/shopatoa.com\/ro\/flawless-finishing-touch-nu-razor-aparat-de-ras\/","og_locale":"ro_RO","og_type":"article","og_title":"Flawless Finishing Touch NU Razor aparat de ras - SHOPATOA.COM","og_description":"Flawless Finishing Touch NU Razor, aparate de ras pentru femei, Dori\u021bi s\u0103 ob\u021bine\u021bi un corp neted \u0219i epilat, sau anumite zone ale acestuia? Aparatul de ras Flawless Finishing Touch NU Razor reprezint\u0103 cel mai simplu mod de a ob\u021bine un astfel de rezultat \u2013 u\u0219or, rapid \u0219i f\u0103r\u0103 durere. Datorit\u0103 lamelor sale, capteaz\u0103 fiecare fir...","og_url":"https:\/\/shopatoa.com\/ro\/flawless-finishing-touch-nu-razor-aparat-de-ras\/","og_site_name":"SHOPATOA","article_modified_time":"2026-02-03T23:18:20+00:00","og_image":[{"width":800,"height":800,"url":"https:\/\/storage.googleapis.com\/cz-shopatoa-img\/ro\/b70c6e43-unnamed-file.webp","type":"image\/webp"}],"twitter_card":"summary_large_image","twitter_misc":{"Timp estimat pentru citire":"1 minut"},"schema":{"@context":"https:\/\/schema.org","@graph":[{"@type":"WebPage","@id":"https:\/\/shopatoa.com\/ro\/flawless-finishing-touch-nu-razor-aparat-de-ras\/","url":"https:\/\/shopatoa.com\/ro\/flawless-finishing-touch-nu-razor-aparat-de-ras\/","name":"Flawless Finishing Touch NU Razor aparat de ras - SHOPATOA.COM","isPartOf":{"@id":"https:\/\/shopatoa.com\/ro\/#website"},"primaryImageOfPage":{"@id":"https:\/\/shopatoa.com\/ro\/flawless-finishing-touch-nu-razor-aparat-de-ras\/#primaryimage"},"image":{"@id":"https:\/\/shopatoa.com\/ro\/flawless-finishing-touch-nu-razor-aparat-de-ras\/#primaryimage"},"thumbnailUrl":"https:\/\/storage.googleapis.com\/cz-shopatoa-img\/ro\/b70c6e43-unnamed-file.webp","datePublished":"2025-06-25T22:40:35+00:00","dateModified":"2026-02-03T23:18:20+00:00","breadcrumb":{"@id":"https:\/\/shopatoa.com\/ro\/flawless-finishing-touch-nu-razor-aparat-de-ras\/#breadcrumb"},"inLanguage":"ro-RO","potentialAction":[{"@type":"ReadAction","target":["https:\/\/shopatoa.com\/ro\/flawless-finishing-touch-nu-razor-aparat-de-ras\/"]}]},{"@type":"ImageObject","inLanguage":"ro-RO","@id":"https:\/\/shopatoa.com\/ro\/flawless-finishing-touch-nu-razor-aparat-de-ras\/#primaryimage","url":"https:\/\/storage.googleapis.com\/cz-shopatoa-img\/ro\/b70c6e43-unnamed-file.webp","contentUrl":"https:\/\/storage.googleapis.com\/cz-shopatoa-img\/ro\/b70c6e43-unnamed-file.webp","width":800,"height":800},{"@type":"BreadcrumbList","@id":"https:\/\/shopatoa.com\/ro\/flawless-finishing-touch-nu-razor-aparat-de-ras\/#breadcrumb","itemListElement":[{"@type":"ListItem","position":1,"name":"Dom\u016f","item":"https:\/\/shopatoa.com\/ro\/"},{"@type":"ListItem","position":2,"name":"Shop","item":"https:\/\/shopatoa.com\/ro\/shop\/"},{"@type":"ListItem","position":3,"name":"S\u0103n\u0103tate \u0219i frumuse\u021be","item":"https:\/\/shopatoa.com\/ro\/sanatate-si-frumusete\/"},{"@type":"ListItem","position":4,"name":"\u00cengrijire personal\u0103","item":"https:\/\/shopatoa.com\/ro\/ingrijire-personala\/"},{"@type":"ListItem","position":5,"name":"B\u0103rbierit \u0219i \u00eengrijire","item":"https:\/\/shopatoa.com\/ro\/barbierit-si-ingrijire\/"},{"@type":"ListItem","position":6,"name":"Ma\u0219ini de ras \u0219i lame de ras","item":"https:\/\/shopatoa.com\/ro\/masini-de-ras-si-lame-de-ras\/"},{"@type":"ListItem","position":7,"name":"Flawless Finishing Touch NU Razor aparat de ras"}]},{"@type":"WebSite","@id":"https:\/\/shopatoa.com\/ro\/#website","url":"https:\/\/shopatoa.com\/ro\/","name":"SHOPATOA","description":"","publisher":{"@id":"https:\/\/shopatoa.com\/ro\/#organization"},"potentialAction":[{"@type":"SearchAction","target":{"@type":"EntryPoint","urlTemplate":"https:\/\/shopatoa.com\/ro\/?s={search_term_string}"},"query-input":{"@type":"PropertyValueSpecification","valueRequired":true,"valueName":"search_term_string"}}],"inLanguage":"ro-RO"},{"@type":"Organization","@id":"https:\/\/shopatoa.com\/ro\/#organization","name":"SHOPATOA","url":"https:\/\/shopatoa.com\/ro\/","logo":{"@type":"ImageObject","inLanguage":"ro-RO","@id":"https:\/\/shopatoa.com\/ro\/#\/schema\/logo\/image\/","url":"https:\/\/storage.googleapis.com\/cz-shopatoa-img\/ro\/b4dac915-shopatoa_logo.png","contentUrl":"https:\/\/storage.googleapis.com\/cz-shopatoa-img\/ro\/b4dac915-shopatoa_logo.png","width":416,"height":63,"caption":"SHOPATOA"},"image":{"@id":"https:\/\/shopatoa.com\/ro\/#\/schema\/logo\/image\/"}}]}},"_links":{"self":[{"href":"https:\/\/shopatoa.com\/ro\/wp-json\/wp\/v2\/product\/458956","targetHints":{"allow":["GET"]}}],"collection":[{"href":"https:\/\/shopatoa.com\/ro\/wp-json\/wp\/v2\/product"}],"about":[{"href":"https:\/\/shopatoa.com\/ro\/wp-json\/wp\/v2\/types\/product"}],"replies":[{"embeddable":true,"href":"https:\/\/shopatoa.com\/ro\/wp-json\/wp\/v2\/comments?post=458956"}],"wp:featuredmedia":[{"embeddable":true,"href":"https:\/\/shopatoa.com\/ro\/wp-json\/wp\/v2\/media\/458957"}],"wp:attachment":[{"href":"https:\/\/shopatoa.com\/ro\/wp-json\/wp\/v2\/media?parent=458956"}],"wp:term":[{"taxonomy":"product_brand","embeddable":true,"href":"https:\/\/shopatoa.com\/ro\/wp-json\/wp\/v2\/product_brand?post=458956"},{"taxonomy":"product_cat","embeddable":true,"href":"https:\/\/shopatoa.com\/ro\/wp-json\/wp\/v2\/product_cat?post=458956"},{"taxonomy":"product_tag","embeddable":true,"href":"https:\/\/shopatoa.com\/ro\/wp-json\/wp\/v2\/product_tag?post=458956"}],"curies":[{"name":"wp","href":"https:\/\/api.w.org\/{rel}","templated":true}]}}