{"id":459202,"date":"2025-06-26T01:16:37","date_gmt":"2025-06-25T23:16:37","guid":{"rendered":"https:\/\/shopatoa.com\/ro\/ipuro-essentials-sunny-beachtime-lumanare-parfumata-125-g\/"},"modified":"2026-02-03T23:41:20","modified_gmt":"2026-02-03T22:41:20","slug":"ipuro-essentials-sunny-beachtime-lumanare-parfumata-125-g","status":"publish","type":"product","link":"https:\/\/shopatoa.com\/ro\/ipuro-essentials-sunny-beachtime-lumanare-parfumata-125-g\/","title":{"rendered":"ipuro Essentials Sunny Beachtime lum\u00e2nare parfumat\u0103 125 g"},"content":{"rendered":"<p>ipuro Essentials Sunny Beachtime, 125 g, Lum\u00e2n\u0103ri parfumate Parfumuri pentru casa, Lum\u00e2narea parfumat\u0103 ipuro Essentials Sunny Beachtimeumple casa cu o arom\u0103 minunat\u0103, cre\u00e2nd astfel o atmosfer\u0103 confortabil\u0103, unde te sim\u021bi \u00eentotdeauna excelent.  Caracteristici:  parfum de var\u0103 parfum proasp\u0103t  Ingrediente:  fitil din bumbac  Cum se utilizeaz\u0103: Lum\u00e2narea se plaseaz\u0103 pe o suprafa\u021b\u0103 rezistent\u0103 la c\u0103ldur\u0103. Nu se las\u0103 s\u0103 ard\u0103 mai mult de 4 ore. Lum\u00e2narea aprins\u0103 nu se las\u0103 niciodat\u0103 s\u0103 ard\u0103 p\u00e2n\u0103 la cap\u0103t, nesupravegheat\u0103 \u0219i \u00een apropierea obiectelor u\u0219or inflamabile. A nu se l\u0103sa la \u00eendem\u00e2na copiilor \u0219i a animalelor de companie. L\u0103sa\u021bi lum\u00e2narea s\u0103 ard\u0103, cel pu\u021bin p\u00e2n\u0103 c\u00e2nd se tope\u0219te tot stratul superior. Preveni\u021bi astfel formarea unor ad\u00e2ncituri nedorite \u00een suprafa\u021ba de cear\u0103. Pentru o ardere optim\u0103, recomand\u0103m scurtarea regulat\u0103 a fitilului la lungimea recomandat\u0103.<\/p>\n","protected":false},"excerpt":{"rendered":"<p>ipuro Essentials Sunny Beachtime, 125 g, Lum\u00e2n\u0103ri parfumate Parfumuri pentru casa, Lum\u00e2narea parfumat\u0103 ipuro Essentials Sunny Beachtimeumple casa cu o arom\u0103 minunat\u0103, cre\u00e2nd astfel o atmosfer\u0103 confortabil\u0103, unde te sim\u021bi \u00eentotdeauna excelent. Caracteristici: parfum de var\u0103 parfum proasp\u0103t Ingrediente: fitil din bumbac Cum se utilizeaz\u0103: Lum\u00e2narea se plaseaz\u0103 pe o suprafa\u021b\u0103 rezistent\u0103 la c\u0103ldur\u0103. Nu&#8230;<\/p>\n","protected":false},"featured_media":459203,"comment_status":"closed","ping_status":"open","template":"","meta":{"_acf_changed":false,"_kadence_starter_templates_imported_post":false,"_kad_post_transparent":"","_kad_post_title":"","_kad_post_layout":"","_kad_post_sidebar_id":"","_kad_post_content_style":"","_kad_post_vertical_padding":"","_kad_post_feature":"","_kad_post_feature_position":"","_kad_post_header":false,"_kad_post_footer":false,"_kad_post_classname":""},"product_brand":[1827],"product_cat":[1642,1641,1644,1643],"product_tag":[],"class_list":{"0":"post-459202","1":"product","2":"type-product","3":"status-publish","4":"has-post-thumbnail","6":"product_brand-ipuro","7":"product_cat-decor","8":"product_cat-home-garden","9":"product_cat-lumanari","10":"product_cat-parfumuri-de-casa","11":"pa_gen-unisex","12":"pa_marime-125-g","14":"first","15":"instock","16":"product-type-external","17":"entry","18":"content-bg","19":"loop-entry"},"acf":[],"yoast_head":"<!-- This site is optimized with the Yoast SEO plugin v27.3 - https:\/\/yoast.com\/product\/yoast-seo-wordpress\/ -->\n<title>ipuro Essentials Sunny Beachtime lum\u00e2nare parfumat\u0103 125 g - SHOPATOA.COM<\/title>\n<meta name=\"robots\" content=\"index, follow, max-snippet:-1, max-image-preview:large, max-video-preview:-1\" \/>\n<link rel=\"canonical\" href=\"https:\/\/shopatoa.com\/ro\/ipuro-essentials-sunny-beachtime-lumanare-parfumata-125-g\/\" \/>\n<meta property=\"og:locale\" content=\"ro_RO\" \/>\n<meta property=\"og:type\" content=\"article\" \/>\n<meta property=\"og:title\" content=\"ipuro Essentials Sunny Beachtime lum\u00e2nare parfumat\u0103 125 g - SHOPATOA.COM\" \/>\n<meta property=\"og:description\" content=\"ipuro Essentials Sunny Beachtime, 125 g, Lum\u00e2n\u0103ri parfumate Parfumuri pentru casa, Lum\u00e2narea parfumat\u0103 ipuro Essentials Sunny Beachtimeumple casa cu o arom\u0103 minunat\u0103, cre\u00e2nd astfel o atmosfer\u0103 confortabil\u0103, unde te sim\u021bi \u00eentotdeauna excelent. Caracteristici: parfum de var\u0103 parfum proasp\u0103t Ingrediente: fitil din bumbac Cum se utilizeaz\u0103: Lum\u00e2narea se plaseaz\u0103 pe o suprafa\u021b\u0103 rezistent\u0103 la c\u0103ldur\u0103. Nu...\" \/>\n<meta property=\"og:url\" content=\"https:\/\/shopatoa.com\/ro\/ipuro-essentials-sunny-beachtime-lumanare-parfumata-125-g\/\" \/>\n<meta property=\"og:site_name\" content=\"SHOPATOA\" \/>\n<meta property=\"article:modified_time\" content=\"2026-02-03T22:41:20+00:00\" \/>\n<meta property=\"og:image\" content=\"https:\/\/storage.googleapis.com\/cz-shopatoa-img\/ro\/e5556075-unnamed-file.webp\" \/>\n\t<meta property=\"og:image:width\" content=\"800\" \/>\n\t<meta property=\"og:image:height\" content=\"800\" \/>\n\t<meta property=\"og:image:type\" content=\"image\/webp\" \/>\n<meta name=\"twitter:card\" content=\"summary_large_image\" \/>\n<meta name=\"twitter:label1\" content=\"Timp estimat pentru citire\" \/>\n\t<meta name=\"twitter:data1\" content=\"1 minut\" \/>\n<script type=\"application\/ld+json\" class=\"yoast-schema-graph\">{\"@context\":\"https:\\\/\\\/schema.org\",\"@graph\":[{\"@type\":\"WebPage\",\"@id\":\"https:\\\/\\\/shopatoa.com\\\/ro\\\/ipuro-essentials-sunny-beachtime-lumanare-parfumata-125-g\\\/\",\"url\":\"https:\\\/\\\/shopatoa.com\\\/ro\\\/ipuro-essentials-sunny-beachtime-lumanare-parfumata-125-g\\\/\",\"name\":\"ipuro Essentials Sunny Beachtime lum\u00e2nare parfumat\u0103 125 g - SHOPATOA.COM\",\"isPartOf\":{\"@id\":\"https:\\\/\\\/shopatoa.com\\\/ro\\\/#website\"},\"primaryImageOfPage\":{\"@id\":\"https:\\\/\\\/shopatoa.com\\\/ro\\\/ipuro-essentials-sunny-beachtime-lumanare-parfumata-125-g\\\/#primaryimage\"},\"image\":{\"@id\":\"https:\\\/\\\/shopatoa.com\\\/ro\\\/ipuro-essentials-sunny-beachtime-lumanare-parfumata-125-g\\\/#primaryimage\"},\"thumbnailUrl\":\"https:\\\/\\\/storage.googleapis.com\\\/cz-shopatoa-img\\\/ro\\\/e5556075-unnamed-file.webp\",\"datePublished\":\"2025-06-25T23:16:37+00:00\",\"dateModified\":\"2026-02-03T22:41:20+00:00\",\"breadcrumb\":{\"@id\":\"https:\\\/\\\/shopatoa.com\\\/ro\\\/ipuro-essentials-sunny-beachtime-lumanare-parfumata-125-g\\\/#breadcrumb\"},\"inLanguage\":\"ro-RO\",\"potentialAction\":[{\"@type\":\"ReadAction\",\"target\":[\"https:\\\/\\\/shopatoa.com\\\/ro\\\/ipuro-essentials-sunny-beachtime-lumanare-parfumata-125-g\\\/\"]}]},{\"@type\":\"ImageObject\",\"inLanguage\":\"ro-RO\",\"@id\":\"https:\\\/\\\/shopatoa.com\\\/ro\\\/ipuro-essentials-sunny-beachtime-lumanare-parfumata-125-g\\\/#primaryimage\",\"url\":\"https:\\\/\\\/storage.googleapis.com\\\/cz-shopatoa-img\\\/ro\\\/e5556075-unnamed-file.webp\",\"contentUrl\":\"https:\\\/\\\/storage.googleapis.com\\\/cz-shopatoa-img\\\/ro\\\/e5556075-unnamed-file.webp\",\"width\":800,\"height\":800},{\"@type\":\"BreadcrumbList\",\"@id\":\"https:\\\/\\\/shopatoa.com\\\/ro\\\/ipuro-essentials-sunny-beachtime-lumanare-parfumata-125-g\\\/#breadcrumb\",\"itemListElement\":[{\"@type\":\"ListItem\",\"position\":1,\"name\":\"Dom\u016f\",\"item\":\"https:\\\/\\\/shopatoa.com\\\/ro\\\/\"},{\"@type\":\"ListItem\",\"position\":2,\"name\":\"Shop\",\"item\":\"https:\\\/\\\/shopatoa.com\\\/ro\\\/shop\\\/\"},{\"@type\":\"ListItem\",\"position\":3,\"name\":\"Home &amp; Garden\",\"item\":\"https:\\\/\\\/shopatoa.com\\\/ro\\\/home-garden\\\/\"},{\"@type\":\"ListItem\",\"position\":4,\"name\":\"Decor\",\"item\":\"https:\\\/\\\/shopatoa.com\\\/ro\\\/decor\\\/\"},{\"@type\":\"ListItem\",\"position\":5,\"name\":\"Parfumuri de cas\u0103\",\"item\":\"https:\\\/\\\/shopatoa.com\\\/ro\\\/parfumuri-de-casa\\\/\"},{\"@type\":\"ListItem\",\"position\":6,\"name\":\"Lum\u00e2n\u0103ri\",\"item\":\"https:\\\/\\\/shopatoa.com\\\/ro\\\/lumanari\\\/\"},{\"@type\":\"ListItem\",\"position\":7,\"name\":\"ipuro Essentials Sunny Beachtime lum\u00e2nare parfumat\u0103 125 g\"}]},{\"@type\":\"WebSite\",\"@id\":\"https:\\\/\\\/shopatoa.com\\\/ro\\\/#website\",\"url\":\"https:\\\/\\\/shopatoa.com\\\/ro\\\/\",\"name\":\"SHOPATOA\",\"description\":\"\",\"publisher\":{\"@id\":\"https:\\\/\\\/shopatoa.com\\\/ro\\\/#organization\"},\"potentialAction\":[{\"@type\":\"SearchAction\",\"target\":{\"@type\":\"EntryPoint\",\"urlTemplate\":\"https:\\\/\\\/shopatoa.com\\\/ro\\\/?s={search_term_string}\"},\"query-input\":{\"@type\":\"PropertyValueSpecification\",\"valueRequired\":true,\"valueName\":\"search_term_string\"}}],\"inLanguage\":\"ro-RO\"},{\"@type\":\"Organization\",\"@id\":\"https:\\\/\\\/shopatoa.com\\\/ro\\\/#organization\",\"name\":\"SHOPATOA\",\"url\":\"https:\\\/\\\/shopatoa.com\\\/ro\\\/\",\"logo\":{\"@type\":\"ImageObject\",\"inLanguage\":\"ro-RO\",\"@id\":\"https:\\\/\\\/shopatoa.com\\\/ro\\\/#\\\/schema\\\/logo\\\/image\\\/\",\"url\":\"https:\\\/\\\/storage.googleapis.com\\\/cz-shopatoa-img\\\/ro\\\/b4dac915-shopatoa_logo.png\",\"contentUrl\":\"https:\\\/\\\/storage.googleapis.com\\\/cz-shopatoa-img\\\/ro\\\/b4dac915-shopatoa_logo.png\",\"width\":416,\"height\":63,\"caption\":\"SHOPATOA\"},\"image\":{\"@id\":\"https:\\\/\\\/shopatoa.com\\\/ro\\\/#\\\/schema\\\/logo\\\/image\\\/\"}}]}<\/script>\n<!-- \/ Yoast SEO plugin. -->","yoast_head_json":{"title":"ipuro Essentials Sunny Beachtime lum\u00e2nare parfumat\u0103 125 g - SHOPATOA.COM","robots":{"index":"index","follow":"follow","max-snippet":"max-snippet:-1","max-image-preview":"max-image-preview:large","max-video-preview":"max-video-preview:-1"},"canonical":"https:\/\/shopatoa.com\/ro\/ipuro-essentials-sunny-beachtime-lumanare-parfumata-125-g\/","og_locale":"ro_RO","og_type":"article","og_title":"ipuro Essentials Sunny Beachtime lum\u00e2nare parfumat\u0103 125 g - SHOPATOA.COM","og_description":"ipuro Essentials Sunny Beachtime, 125 g, Lum\u00e2n\u0103ri parfumate Parfumuri pentru casa, Lum\u00e2narea parfumat\u0103 ipuro Essentials Sunny Beachtimeumple casa cu o arom\u0103 minunat\u0103, cre\u00e2nd astfel o atmosfer\u0103 confortabil\u0103, unde te sim\u021bi \u00eentotdeauna excelent. Caracteristici: parfum de var\u0103 parfum proasp\u0103t Ingrediente: fitil din bumbac Cum se utilizeaz\u0103: Lum\u00e2narea se plaseaz\u0103 pe o suprafa\u021b\u0103 rezistent\u0103 la c\u0103ldur\u0103. Nu...","og_url":"https:\/\/shopatoa.com\/ro\/ipuro-essentials-sunny-beachtime-lumanare-parfumata-125-g\/","og_site_name":"SHOPATOA","article_modified_time":"2026-02-03T22:41:20+00:00","og_image":[{"width":800,"height":800,"url":"https:\/\/storage.googleapis.com\/cz-shopatoa-img\/ro\/e5556075-unnamed-file.webp","type":"image\/webp"}],"twitter_card":"summary_large_image","twitter_misc":{"Timp estimat pentru citire":"1 minut"},"schema":{"@context":"https:\/\/schema.org","@graph":[{"@type":"WebPage","@id":"https:\/\/shopatoa.com\/ro\/ipuro-essentials-sunny-beachtime-lumanare-parfumata-125-g\/","url":"https:\/\/shopatoa.com\/ro\/ipuro-essentials-sunny-beachtime-lumanare-parfumata-125-g\/","name":"ipuro Essentials Sunny Beachtime lum\u00e2nare parfumat\u0103 125 g - SHOPATOA.COM","isPartOf":{"@id":"https:\/\/shopatoa.com\/ro\/#website"},"primaryImageOfPage":{"@id":"https:\/\/shopatoa.com\/ro\/ipuro-essentials-sunny-beachtime-lumanare-parfumata-125-g\/#primaryimage"},"image":{"@id":"https:\/\/shopatoa.com\/ro\/ipuro-essentials-sunny-beachtime-lumanare-parfumata-125-g\/#primaryimage"},"thumbnailUrl":"https:\/\/storage.googleapis.com\/cz-shopatoa-img\/ro\/e5556075-unnamed-file.webp","datePublished":"2025-06-25T23:16:37+00:00","dateModified":"2026-02-03T22:41:20+00:00","breadcrumb":{"@id":"https:\/\/shopatoa.com\/ro\/ipuro-essentials-sunny-beachtime-lumanare-parfumata-125-g\/#breadcrumb"},"inLanguage":"ro-RO","potentialAction":[{"@type":"ReadAction","target":["https:\/\/shopatoa.com\/ro\/ipuro-essentials-sunny-beachtime-lumanare-parfumata-125-g\/"]}]},{"@type":"ImageObject","inLanguage":"ro-RO","@id":"https:\/\/shopatoa.com\/ro\/ipuro-essentials-sunny-beachtime-lumanare-parfumata-125-g\/#primaryimage","url":"https:\/\/storage.googleapis.com\/cz-shopatoa-img\/ro\/e5556075-unnamed-file.webp","contentUrl":"https:\/\/storage.googleapis.com\/cz-shopatoa-img\/ro\/e5556075-unnamed-file.webp","width":800,"height":800},{"@type":"BreadcrumbList","@id":"https:\/\/shopatoa.com\/ro\/ipuro-essentials-sunny-beachtime-lumanare-parfumata-125-g\/#breadcrumb","itemListElement":[{"@type":"ListItem","position":1,"name":"Dom\u016f","item":"https:\/\/shopatoa.com\/ro\/"},{"@type":"ListItem","position":2,"name":"Shop","item":"https:\/\/shopatoa.com\/ro\/shop\/"},{"@type":"ListItem","position":3,"name":"Home &amp; Garden","item":"https:\/\/shopatoa.com\/ro\/home-garden\/"},{"@type":"ListItem","position":4,"name":"Decor","item":"https:\/\/shopatoa.com\/ro\/decor\/"},{"@type":"ListItem","position":5,"name":"Parfumuri de cas\u0103","item":"https:\/\/shopatoa.com\/ro\/parfumuri-de-casa\/"},{"@type":"ListItem","position":6,"name":"Lum\u00e2n\u0103ri","item":"https:\/\/shopatoa.com\/ro\/lumanari\/"},{"@type":"ListItem","position":7,"name":"ipuro Essentials Sunny Beachtime lum\u00e2nare parfumat\u0103 125 g"}]},{"@type":"WebSite","@id":"https:\/\/shopatoa.com\/ro\/#website","url":"https:\/\/shopatoa.com\/ro\/","name":"SHOPATOA","description":"","publisher":{"@id":"https:\/\/shopatoa.com\/ro\/#organization"},"potentialAction":[{"@type":"SearchAction","target":{"@type":"EntryPoint","urlTemplate":"https:\/\/shopatoa.com\/ro\/?s={search_term_string}"},"query-input":{"@type":"PropertyValueSpecification","valueRequired":true,"valueName":"search_term_string"}}],"inLanguage":"ro-RO"},{"@type":"Organization","@id":"https:\/\/shopatoa.com\/ro\/#organization","name":"SHOPATOA","url":"https:\/\/shopatoa.com\/ro\/","logo":{"@type":"ImageObject","inLanguage":"ro-RO","@id":"https:\/\/shopatoa.com\/ro\/#\/schema\/logo\/image\/","url":"https:\/\/storage.googleapis.com\/cz-shopatoa-img\/ro\/b4dac915-shopatoa_logo.png","contentUrl":"https:\/\/storage.googleapis.com\/cz-shopatoa-img\/ro\/b4dac915-shopatoa_logo.png","width":416,"height":63,"caption":"SHOPATOA"},"image":{"@id":"https:\/\/shopatoa.com\/ro\/#\/schema\/logo\/image\/"}}]}},"_links":{"self":[{"href":"https:\/\/shopatoa.com\/ro\/wp-json\/wp\/v2\/product\/459202","targetHints":{"allow":["GET"]}}],"collection":[{"href":"https:\/\/shopatoa.com\/ro\/wp-json\/wp\/v2\/product"}],"about":[{"href":"https:\/\/shopatoa.com\/ro\/wp-json\/wp\/v2\/types\/product"}],"replies":[{"embeddable":true,"href":"https:\/\/shopatoa.com\/ro\/wp-json\/wp\/v2\/comments?post=459202"}],"wp:featuredmedia":[{"embeddable":true,"href":"https:\/\/shopatoa.com\/ro\/wp-json\/wp\/v2\/media\/459203"}],"wp:attachment":[{"href":"https:\/\/shopatoa.com\/ro\/wp-json\/wp\/v2\/media?parent=459202"}],"wp:term":[{"taxonomy":"product_brand","embeddable":true,"href":"https:\/\/shopatoa.com\/ro\/wp-json\/wp\/v2\/product_brand?post=459202"},{"taxonomy":"product_cat","embeddable":true,"href":"https:\/\/shopatoa.com\/ro\/wp-json\/wp\/v2\/product_cat?post=459202"},{"taxonomy":"product_tag","embeddable":true,"href":"https:\/\/shopatoa.com\/ro\/wp-json\/wp\/v2\/product_tag?post=459202"}],"curies":[{"name":"wp","href":"https:\/\/api.w.org\/{rel}","templated":true}]}}