{"id":459480,"date":"2025-06-26T19:56:19","date_gmt":"2025-06-26T17:56:19","guid":{"rendered":"https:\/\/shopatoa.com\/ro\/wella-professionals-creatine-curl-permanent-rezistent-la-par-natural-curl-n-75-ml\/"},"modified":"2025-06-26T19:56:26","modified_gmt":"2025-06-26T17:56:26","slug":"wella-professionals-creatine-curl-permanent-rezistent-la-par-natural-curl-n-75-ml","status":"publish","type":"product","link":"https:\/\/shopatoa.com\/ro\/wella-professionals-creatine-curl-permanent-rezistent-la-par-natural-curl-n-75-ml\/","title":{"rendered":"Wella Professionals Creatine+ Curl permanent rezistent la par natural Curl N 75 ml"},"content":{"rendered":"<p>Wella Professionals Creatine+ Curl, 75 ml, Ondula\u021bie permanent\u0103 pentru femei, Dori\u021bi s\u0103 conferi\u021bi coafurii dvs. o nou\u0103 dimensiune \u0219i s\u0103 o modela\u021bi a\u0219a cum v\u0103 place? Produsul de styling Wella Professionals Creatine+ Curl v\u0103 va ajuta \u00een acest sens. V\u0103 va permite s\u0103 eviden\u021bia\u021bi textura natural\u0103 a p\u0103rului, s\u0103 \u00eei oferi\u021bi defini\u021bia \u0219i forma dorit\u0103 \u0219i s\u0103 crea\u021bi un styling profesional perfect \u00een confortul de acas\u0103. \u00cencerca\u021bi acest produs de styling \u0219i l\u0103sa\u021bi-l s\u0103 v\u0103 accentueze coafura \u0219i s\u0103 o fixeze pentru o perioad\u0103 lung\u0103 de timp. V\u0103 plac valurile, buclele \u0219i ondula\u021biile seduc\u0103toare, \u00eens\u0103 natura v-a \u00eenzestrat cu un p\u0103r par\u021bial sau complet drept? Produsul pentru ondulare permanent\u0103 Wella Professionals Creatine+ Curl este alegerea ideal\u0103 dac\u0103 prefera\u021bi o solu\u021bie mai durabil\u0103 dec\u00e2t coafarea frecvent\u0103, uneori zilnic\u0103, cu ondulatorul, bigudiurile sau aparatul de coafat. Produsul asigur\u0103 un permanent profesional \u2013 creeaz\u0103 bucle seduc\u0103toare \u0219i ondula\u021bii care rezist\u0103 cu adev\u0103rat mult timp.  Caracteristici:  fixare ultra-puternic\u0103 pentru ondularea permanent\u0103 a p\u0103rului efect de lung\u0103 durat\u0103 d\u0103 form\u0103 rezultatul este perfect fixat  Cum se utilizeaz\u0103: Se maseaz\u0103 pe p\u0103rul uscat \u0219i apoi se modeleaz\u0103 \u00een forma dorit\u0103. Se vor urma instruc\u021biunile din ambalaj. Numai pentru uz profesional.<\/p>\n","protected":false},"excerpt":{"rendered":"<p>Wella Professionals Creatine+ Curl, 75 ml, Ondula\u021bie permanent\u0103 pentru femei, Dori\u021bi s\u0103 conferi\u021bi coafurii dvs. o nou\u0103 dimensiune \u0219i s\u0103 o modela\u021bi a\u0219a cum v\u0103 place? Produsul de styling Wella Professionals Creatine+ Curl v\u0103 va ajuta \u00een acest sens. V\u0103 va permite s\u0103 eviden\u021bia\u021bi textura natural\u0103 a p\u0103rului, s\u0103 \u00eei oferi\u021bi defini\u021bia \u0219i forma dorit\u0103&#8230;<\/p>\n","protected":false},"featured_media":459481,"comment_status":"closed","ping_status":"open","template":"","meta":{"_acf_changed":false,"_kadence_starter_templates_imported_post":false,"_kad_post_transparent":"","_kad_post_title":"","_kad_post_layout":"","_kad_post_sidebar_id":"","_kad_post_content_style":"","_kad_post_vertical_padding":"","_kad_post_feature":"","_kad_post_feature_position":"","_kad_post_header":false,"_kad_post_footer":false,"_kad_post_classname":""},"product_brand":[189],"product_cat":[1563,1590,1562,1675],"product_tag":[],"class_list":{"0":"post-459480","1":"product","2":"type-product","3":"status-publish","4":"has-post-thumbnail","6":"product_brand-wella-professionals","7":"product_cat-ingrijire-personala","8":"product_cat-ingrijirea-parului","9":"product_cat-sanatate-si-frumusete","10":"product_cat-vopsirea-parului","11":"pa_gen-female","12":"pa_marime-75-ml","14":"first","15":"instock","16":"sale","17":"product-type-external","18":"entry","19":"content-bg","20":"loop-entry"},"acf":[],"yoast_head":"<!-- This site is optimized with the Yoast SEO plugin v27.4 - https:\/\/yoast.com\/product\/yoast-seo-wordpress\/ -->\n<title>Wella Professionals Creatine+ Curl permanent rezistent la par natural Curl N 75 ml - SHOPATOA.COM<\/title>\n<meta name=\"robots\" content=\"index, follow, max-snippet:-1, max-image-preview:large, max-video-preview:-1\" \/>\n<link rel=\"canonical\" href=\"https:\/\/shopatoa.com\/ro\/wella-professionals-creatine-curl-permanent-rezistent-la-par-natural-curl-n-75-ml\/\" \/>\n<meta property=\"og:locale\" content=\"ro_RO\" \/>\n<meta property=\"og:type\" content=\"article\" \/>\n<meta property=\"og:title\" content=\"Wella Professionals Creatine+ Curl permanent rezistent la par natural Curl N 75 ml - SHOPATOA.COM\" \/>\n<meta property=\"og:description\" content=\"Wella Professionals Creatine+ Curl, 75 ml, Ondula\u021bie permanent\u0103 pentru femei, Dori\u021bi s\u0103 conferi\u021bi coafurii dvs. o nou\u0103 dimensiune \u0219i s\u0103 o modela\u021bi a\u0219a cum v\u0103 place? Produsul de styling Wella Professionals Creatine+ Curl v\u0103 va ajuta \u00een acest sens. V\u0103 va permite s\u0103 eviden\u021bia\u021bi textura natural\u0103 a p\u0103rului, s\u0103 \u00eei oferi\u021bi defini\u021bia \u0219i forma dorit\u0103...\" \/>\n<meta property=\"og:url\" content=\"https:\/\/shopatoa.com\/ro\/wella-professionals-creatine-curl-permanent-rezistent-la-par-natural-curl-n-75-ml\/\" \/>\n<meta property=\"og:site_name\" content=\"SHOPATOA\" \/>\n<meta property=\"article:modified_time\" content=\"2025-06-26T17:56:26+00:00\" \/>\n<meta property=\"og:image\" content=\"https:\/\/storage.googleapis.com\/cz-shopatoa-img\/ro\/0b2746ea-unnamed-file.webp\" \/>\n\t<meta property=\"og:image:width\" content=\"800\" \/>\n\t<meta property=\"og:image:height\" content=\"800\" \/>\n\t<meta property=\"og:image:type\" content=\"image\/webp\" \/>\n<meta name=\"twitter:card\" content=\"summary_large_image\" \/>\n<meta name=\"twitter:label1\" content=\"Timp estimat pentru citire\" \/>\n\t<meta name=\"twitter:data1\" content=\"1 minut\" \/>\n<script type=\"application\/ld+json\" class=\"yoast-schema-graph\">{\"@context\":\"https:\\\/\\\/schema.org\",\"@graph\":[{\"@type\":\"WebPage\",\"@id\":\"https:\\\/\\\/shopatoa.com\\\/ro\\\/wella-professionals-creatine-curl-permanent-rezistent-la-par-natural-curl-n-75-ml\\\/\",\"url\":\"https:\\\/\\\/shopatoa.com\\\/ro\\\/wella-professionals-creatine-curl-permanent-rezistent-la-par-natural-curl-n-75-ml\\\/\",\"name\":\"Wella Professionals Creatine+ Curl permanent rezistent la par natural Curl N 75 ml - SHOPATOA.COM\",\"isPartOf\":{\"@id\":\"https:\\\/\\\/shopatoa.com\\\/ro\\\/#website\"},\"primaryImageOfPage\":{\"@id\":\"https:\\\/\\\/shopatoa.com\\\/ro\\\/wella-professionals-creatine-curl-permanent-rezistent-la-par-natural-curl-n-75-ml\\\/#primaryimage\"},\"image\":{\"@id\":\"https:\\\/\\\/shopatoa.com\\\/ro\\\/wella-professionals-creatine-curl-permanent-rezistent-la-par-natural-curl-n-75-ml\\\/#primaryimage\"},\"thumbnailUrl\":\"https:\\\/\\\/storage.googleapis.com\\\/cz-shopatoa-img\\\/ro\\\/0b2746ea-unnamed-file.webp\",\"datePublished\":\"2025-06-26T17:56:19+00:00\",\"dateModified\":\"2025-06-26T17:56:26+00:00\",\"breadcrumb\":{\"@id\":\"https:\\\/\\\/shopatoa.com\\\/ro\\\/wella-professionals-creatine-curl-permanent-rezistent-la-par-natural-curl-n-75-ml\\\/#breadcrumb\"},\"inLanguage\":\"ro-RO\",\"potentialAction\":[{\"@type\":\"ReadAction\",\"target\":[\"https:\\\/\\\/shopatoa.com\\\/ro\\\/wella-professionals-creatine-curl-permanent-rezistent-la-par-natural-curl-n-75-ml\\\/\"]}]},{\"@type\":\"ImageObject\",\"inLanguage\":\"ro-RO\",\"@id\":\"https:\\\/\\\/shopatoa.com\\\/ro\\\/wella-professionals-creatine-curl-permanent-rezistent-la-par-natural-curl-n-75-ml\\\/#primaryimage\",\"url\":\"https:\\\/\\\/storage.googleapis.com\\\/cz-shopatoa-img\\\/ro\\\/0b2746ea-unnamed-file.webp\",\"contentUrl\":\"https:\\\/\\\/storage.googleapis.com\\\/cz-shopatoa-img\\\/ro\\\/0b2746ea-unnamed-file.webp\",\"width\":800,\"height\":800},{\"@type\":\"BreadcrumbList\",\"@id\":\"https:\\\/\\\/shopatoa.com\\\/ro\\\/wella-professionals-creatine-curl-permanent-rezistent-la-par-natural-curl-n-75-ml\\\/#breadcrumb\",\"itemListElement\":[{\"@type\":\"ListItem\",\"position\":1,\"name\":\"Dom\u016f\",\"item\":\"https:\\\/\\\/shopatoa.com\\\/ro\\\/\"},{\"@type\":\"ListItem\",\"position\":2,\"name\":\"Shop\",\"item\":\"https:\\\/\\\/shopatoa.com\\\/ro\\\/shop\\\/\"},{\"@type\":\"ListItem\",\"position\":3,\"name\":\"Wella Professionals Creatine+ Curl permanent rezistent la par natural Curl N 75 ml\"}]},{\"@type\":\"WebSite\",\"@id\":\"https:\\\/\\\/shopatoa.com\\\/ro\\\/#website\",\"url\":\"https:\\\/\\\/shopatoa.com\\\/ro\\\/\",\"name\":\"SHOPATOA\",\"description\":\"\",\"publisher\":{\"@id\":\"https:\\\/\\\/shopatoa.com\\\/ro\\\/#organization\"},\"potentialAction\":[{\"@type\":\"SearchAction\",\"target\":{\"@type\":\"EntryPoint\",\"urlTemplate\":\"https:\\\/\\\/shopatoa.com\\\/ro\\\/?s={search_term_string}\"},\"query-input\":{\"@type\":\"PropertyValueSpecification\",\"valueRequired\":true,\"valueName\":\"search_term_string\"}}],\"inLanguage\":\"ro-RO\"},{\"@type\":\"Organization\",\"@id\":\"https:\\\/\\\/shopatoa.com\\\/ro\\\/#organization\",\"name\":\"SHOPATOA\",\"url\":\"https:\\\/\\\/shopatoa.com\\\/ro\\\/\",\"logo\":{\"@type\":\"ImageObject\",\"inLanguage\":\"ro-RO\",\"@id\":\"https:\\\/\\\/shopatoa.com\\\/ro\\\/#\\\/schema\\\/logo\\\/image\\\/\",\"url\":\"https:\\\/\\\/storage.googleapis.com\\\/cz-shopatoa-img\\\/ro\\\/b4dac915-shopatoa_logo.png\",\"contentUrl\":\"https:\\\/\\\/storage.googleapis.com\\\/cz-shopatoa-img\\\/ro\\\/b4dac915-shopatoa_logo.png\",\"width\":416,\"height\":63,\"caption\":\"SHOPATOA\"},\"image\":{\"@id\":\"https:\\\/\\\/shopatoa.com\\\/ro\\\/#\\\/schema\\\/logo\\\/image\\\/\"}}]}<\/script>\n<!-- \/ Yoast SEO plugin. -->","yoast_head_json":{"title":"Wella Professionals Creatine+ Curl permanent rezistent la par natural Curl N 75 ml - SHOPATOA.COM","robots":{"index":"index","follow":"follow","max-snippet":"max-snippet:-1","max-image-preview":"max-image-preview:large","max-video-preview":"max-video-preview:-1"},"canonical":"https:\/\/shopatoa.com\/ro\/wella-professionals-creatine-curl-permanent-rezistent-la-par-natural-curl-n-75-ml\/","og_locale":"ro_RO","og_type":"article","og_title":"Wella Professionals Creatine+ Curl permanent rezistent la par natural Curl N 75 ml - SHOPATOA.COM","og_description":"Wella Professionals Creatine+ Curl, 75 ml, Ondula\u021bie permanent\u0103 pentru femei, Dori\u021bi s\u0103 conferi\u021bi coafurii dvs. o nou\u0103 dimensiune \u0219i s\u0103 o modela\u021bi a\u0219a cum v\u0103 place? Produsul de styling Wella Professionals Creatine+ Curl v\u0103 va ajuta \u00een acest sens. V\u0103 va permite s\u0103 eviden\u021bia\u021bi textura natural\u0103 a p\u0103rului, s\u0103 \u00eei oferi\u021bi defini\u021bia \u0219i forma dorit\u0103...","og_url":"https:\/\/shopatoa.com\/ro\/wella-professionals-creatine-curl-permanent-rezistent-la-par-natural-curl-n-75-ml\/","og_site_name":"SHOPATOA","article_modified_time":"2025-06-26T17:56:26+00:00","og_image":[{"width":800,"height":800,"url":"https:\/\/storage.googleapis.com\/cz-shopatoa-img\/ro\/0b2746ea-unnamed-file.webp","type":"image\/webp"}],"twitter_card":"summary_large_image","twitter_misc":{"Timp estimat pentru citire":"1 minut"},"schema":{"@context":"https:\/\/schema.org","@graph":[{"@type":"WebPage","@id":"https:\/\/shopatoa.com\/ro\/wella-professionals-creatine-curl-permanent-rezistent-la-par-natural-curl-n-75-ml\/","url":"https:\/\/shopatoa.com\/ro\/wella-professionals-creatine-curl-permanent-rezistent-la-par-natural-curl-n-75-ml\/","name":"Wella Professionals Creatine+ Curl permanent rezistent la par natural Curl N 75 ml - SHOPATOA.COM","isPartOf":{"@id":"https:\/\/shopatoa.com\/ro\/#website"},"primaryImageOfPage":{"@id":"https:\/\/shopatoa.com\/ro\/wella-professionals-creatine-curl-permanent-rezistent-la-par-natural-curl-n-75-ml\/#primaryimage"},"image":{"@id":"https:\/\/shopatoa.com\/ro\/wella-professionals-creatine-curl-permanent-rezistent-la-par-natural-curl-n-75-ml\/#primaryimage"},"thumbnailUrl":"https:\/\/storage.googleapis.com\/cz-shopatoa-img\/ro\/0b2746ea-unnamed-file.webp","datePublished":"2025-06-26T17:56:19+00:00","dateModified":"2025-06-26T17:56:26+00:00","breadcrumb":{"@id":"https:\/\/shopatoa.com\/ro\/wella-professionals-creatine-curl-permanent-rezistent-la-par-natural-curl-n-75-ml\/#breadcrumb"},"inLanguage":"ro-RO","potentialAction":[{"@type":"ReadAction","target":["https:\/\/shopatoa.com\/ro\/wella-professionals-creatine-curl-permanent-rezistent-la-par-natural-curl-n-75-ml\/"]}]},{"@type":"ImageObject","inLanguage":"ro-RO","@id":"https:\/\/shopatoa.com\/ro\/wella-professionals-creatine-curl-permanent-rezistent-la-par-natural-curl-n-75-ml\/#primaryimage","url":"https:\/\/storage.googleapis.com\/cz-shopatoa-img\/ro\/0b2746ea-unnamed-file.webp","contentUrl":"https:\/\/storage.googleapis.com\/cz-shopatoa-img\/ro\/0b2746ea-unnamed-file.webp","width":800,"height":800},{"@type":"BreadcrumbList","@id":"https:\/\/shopatoa.com\/ro\/wella-professionals-creatine-curl-permanent-rezistent-la-par-natural-curl-n-75-ml\/#breadcrumb","itemListElement":[{"@type":"ListItem","position":1,"name":"Dom\u016f","item":"https:\/\/shopatoa.com\/ro\/"},{"@type":"ListItem","position":2,"name":"Shop","item":"https:\/\/shopatoa.com\/ro\/shop\/"},{"@type":"ListItem","position":3,"name":"Wella Professionals Creatine+ Curl permanent rezistent la par natural Curl N 75 ml"}]},{"@type":"WebSite","@id":"https:\/\/shopatoa.com\/ro\/#website","url":"https:\/\/shopatoa.com\/ro\/","name":"SHOPATOA","description":"","publisher":{"@id":"https:\/\/shopatoa.com\/ro\/#organization"},"potentialAction":[{"@type":"SearchAction","target":{"@type":"EntryPoint","urlTemplate":"https:\/\/shopatoa.com\/ro\/?s={search_term_string}"},"query-input":{"@type":"PropertyValueSpecification","valueRequired":true,"valueName":"search_term_string"}}],"inLanguage":"ro-RO"},{"@type":"Organization","@id":"https:\/\/shopatoa.com\/ro\/#organization","name":"SHOPATOA","url":"https:\/\/shopatoa.com\/ro\/","logo":{"@type":"ImageObject","inLanguage":"ro-RO","@id":"https:\/\/shopatoa.com\/ro\/#\/schema\/logo\/image\/","url":"https:\/\/storage.googleapis.com\/cz-shopatoa-img\/ro\/b4dac915-shopatoa_logo.png","contentUrl":"https:\/\/storage.googleapis.com\/cz-shopatoa-img\/ro\/b4dac915-shopatoa_logo.png","width":416,"height":63,"caption":"SHOPATOA"},"image":{"@id":"https:\/\/shopatoa.com\/ro\/#\/schema\/logo\/image\/"}}]}},"_links":{"self":[{"href":"https:\/\/shopatoa.com\/ro\/wp-json\/wp\/v2\/product\/459480","targetHints":{"allow":["GET"]}}],"collection":[{"href":"https:\/\/shopatoa.com\/ro\/wp-json\/wp\/v2\/product"}],"about":[{"href":"https:\/\/shopatoa.com\/ro\/wp-json\/wp\/v2\/types\/product"}],"replies":[{"embeddable":true,"href":"https:\/\/shopatoa.com\/ro\/wp-json\/wp\/v2\/comments?post=459480"}],"wp:featuredmedia":[{"embeddable":true,"href":"https:\/\/shopatoa.com\/ro\/wp-json\/wp\/v2\/media\/459481"}],"wp:attachment":[{"href":"https:\/\/shopatoa.com\/ro\/wp-json\/wp\/v2\/media?parent=459480"}],"wp:term":[{"taxonomy":"product_brand","embeddable":true,"href":"https:\/\/shopatoa.com\/ro\/wp-json\/wp\/v2\/product_brand?post=459480"},{"taxonomy":"product_cat","embeddable":true,"href":"https:\/\/shopatoa.com\/ro\/wp-json\/wp\/v2\/product_cat?post=459480"},{"taxonomy":"product_tag","embeddable":true,"href":"https:\/\/shopatoa.com\/ro\/wp-json\/wp\/v2\/product_tag?post=459480"}],"curies":[{"name":"wp","href":"https:\/\/api.w.org\/{rel}","templated":true}]}}