{"id":459536,"date":"2025-06-26T19:59:57","date_gmt":"2025-06-26T17:59:57","guid":{"rendered":"https:\/\/shopatoa.com\/ro\/babaria-kids-spray-protector-pentru-copii-spf-50-200-ml\/"},"modified":"2026-02-03T22:50:08","modified_gmt":"2026-02-03T21:50:08","slug":"babaria-kids-spray-protector-pentru-copii-spf-50-200-ml","status":"publish","type":"product","link":"https:\/\/shopatoa.com\/ro\/babaria-kids-spray-protector-pentru-copii-spf-50-200-ml\/","title":{"rendered":"Babaria Kids spray protector pentru copii SPF 50+ 200 ml"},"content":{"rendered":"<p>Babaria Kids, 200 ml, Cosmetice solare pentru copii pentru copii, Pielea copiilor este extrem de sensibil\u0103 la razele solare, de aceea, este important s\u0103 le oferi\u021bi o protec\u021bie suficient de eficient\u0103 \u0219i sigur\u0103. Produsul de protec\u021bie solar\u0103 Babaria Kids va avea grij\u0103 de asta. Datorit\u0103 combina\u021biei de filtre UV eficiente, va preveni irita\u021biile, arsurile solare sau alte afec\u021biuni cauzate de razele nocive ale soarelui. \u00cen acela\u0219i timp, formula sa creat\u0103 special pentru nevoile copiilor asigur\u0103 cea mai delicat\u0103 \u00eengrijire, potrivit\u0103 chiar \u0219i pentru cea mai sensibil\u0103 piele.  Caracteristici:  protejeaz\u0103 pielea fa\u021b\u0103 de radia\u021biile UVA \u0219i UVB este bl\u00e2nd cu pielea delicat\u0103 a copiilor se aplic\u0103 u\u0219or produsul este rezistent la ap\u0103 hidrateaz\u0103 pielea copilului ac\u021bioneaz\u0103 preventiv \u00eempotriva \u00eenro\u0219irii pielii se poate utiliza pe corp \u0219i pe fa\u021b\u0103 produsul este prietenos cu pielea \u0219i cu mediul \u00eenconjur\u0103tor  Ingrediente:  produs vegan  Cum se utilizeaz\u0103: Se pulverizeaz\u0103 pe piele, \u00een cantit\u0103\u021bi suficiente, \u00eenainte de expunerea la soare. Aplicarea se repet\u0103 \u00een special \u00eenainte \u0219i dup\u0103 baie, dup\u0103 \u0219tergere sau uscarea cu prosopul. A se evita expunerea \u00eendelungat\u0103 la soare, chiar dac\u0103 pielea este protejat\u0103 \u00eempotriva razelor solare. Copiii mici nu se vor expune la radia\u021bia direct\u0103 a soarelui.<\/p>\n","protected":false},"excerpt":{"rendered":"<p>Babaria Kids, 200 ml, Cosmetice solare pentru copii pentru copii, Pielea copiilor este extrem de sensibil\u0103 la razele solare, de aceea, este important s\u0103 le oferi\u021bi o protec\u021bie suficient de eficient\u0103 \u0219i sigur\u0103. Produsul de protec\u021bie solar\u0103 Babaria Kids va avea grij\u0103 de asta. Datorit\u0103 combina\u021biei de filtre UV eficiente, va preveni irita\u021biile, arsurile solare&#8230;<\/p>\n","protected":false},"featured_media":459537,"comment_status":"closed","ping_status":"open","template":"","meta":{"_acf_changed":false,"_kadence_starter_templates_imported_post":false,"_kad_post_transparent":"","_kad_post_title":"","_kad_post_layout":"","_kad_post_sidebar_id":"","_kad_post_content_style":"","_kad_post_vertical_padding":"","_kad_post_feature":"","_kad_post_feature_position":"","_kad_post_header":false,"_kad_post_footer":false,"_kad_post_classname":""},"product_brand":[1885],"product_cat":[1564,1563,1565,1722,1562],"product_tag":[],"class_list":{"0":"post-459536","1":"product","2":"type-product","3":"status-publish","4":"has-post-thumbnail","6":"product_brand-babaria","7":"product_cat-cosmetice-ingrijire-personala","8":"product_cat-ingrijire-personala","9":"product_cat-ingrijirea-pielii","10":"product_cat-produse-pentru-bronzare-ingrijirea-pielii","11":"product_cat-sanatate-si-frumusete","12":"pa_gen-unisex","13":"pa_marime-200-ml","15":"first","16":"instock","17":"sale","18":"product-type-external","19":"entry","20":"content-bg","21":"loop-entry"},"acf":[],"yoast_head":"<!-- This site is optimized with the Yoast SEO plugin v27.4 - https:\/\/yoast.com\/product\/yoast-seo-wordpress\/ -->\n<title>Babaria Kids spray protector pentru copii SPF 50+ 200 ml - SHOPATOA.COM<\/title>\n<meta name=\"robots\" content=\"index, follow, max-snippet:-1, max-image-preview:large, max-video-preview:-1\" \/>\n<link rel=\"canonical\" href=\"https:\/\/shopatoa.com\/ro\/babaria-kids-spray-protector-pentru-copii-spf-50-200-ml\/\" \/>\n<meta property=\"og:locale\" content=\"ro_RO\" \/>\n<meta property=\"og:type\" content=\"article\" \/>\n<meta property=\"og:title\" content=\"Babaria Kids spray protector pentru copii SPF 50+ 200 ml - SHOPATOA.COM\" \/>\n<meta property=\"og:description\" content=\"Babaria Kids, 200 ml, Cosmetice solare pentru copii pentru copii, Pielea copiilor este extrem de sensibil\u0103 la razele solare, de aceea, este important s\u0103 le oferi\u021bi o protec\u021bie suficient de eficient\u0103 \u0219i sigur\u0103. Produsul de protec\u021bie solar\u0103 Babaria Kids va avea grij\u0103 de asta. Datorit\u0103 combina\u021biei de filtre UV eficiente, va preveni irita\u021biile, arsurile solare...\" \/>\n<meta property=\"og:url\" content=\"https:\/\/shopatoa.com\/ro\/babaria-kids-spray-protector-pentru-copii-spf-50-200-ml\/\" \/>\n<meta property=\"og:site_name\" content=\"SHOPATOA\" \/>\n<meta property=\"article:modified_time\" content=\"2026-02-03T21:50:08+00:00\" \/>\n<meta property=\"og:image\" content=\"https:\/\/storage.googleapis.com\/cz-shopatoa-img\/ro\/f302594c-unnamed-file.webp\" \/>\n\t<meta property=\"og:image:width\" content=\"800\" \/>\n\t<meta property=\"og:image:height\" content=\"800\" \/>\n\t<meta property=\"og:image:type\" content=\"image\/webp\" \/>\n<meta name=\"twitter:card\" content=\"summary_large_image\" \/>\n<meta name=\"twitter:label1\" content=\"Timp estimat pentru citire\" \/>\n\t<meta name=\"twitter:data1\" content=\"1 minut\" \/>\n<script type=\"application\/ld+json\" class=\"yoast-schema-graph\">{\"@context\":\"https:\\\/\\\/schema.org\",\"@graph\":[{\"@type\":\"WebPage\",\"@id\":\"https:\\\/\\\/shopatoa.com\\\/ro\\\/babaria-kids-spray-protector-pentru-copii-spf-50-200-ml\\\/\",\"url\":\"https:\\\/\\\/shopatoa.com\\\/ro\\\/babaria-kids-spray-protector-pentru-copii-spf-50-200-ml\\\/\",\"name\":\"Babaria Kids spray protector pentru copii SPF 50+ 200 ml - SHOPATOA.COM\",\"isPartOf\":{\"@id\":\"https:\\\/\\\/shopatoa.com\\\/ro\\\/#website\"},\"primaryImageOfPage\":{\"@id\":\"https:\\\/\\\/shopatoa.com\\\/ro\\\/babaria-kids-spray-protector-pentru-copii-spf-50-200-ml\\\/#primaryimage\"},\"image\":{\"@id\":\"https:\\\/\\\/shopatoa.com\\\/ro\\\/babaria-kids-spray-protector-pentru-copii-spf-50-200-ml\\\/#primaryimage\"},\"thumbnailUrl\":\"https:\\\/\\\/storage.googleapis.com\\\/cz-shopatoa-img\\\/ro\\\/f302594c-unnamed-file.webp\",\"datePublished\":\"2025-06-26T17:59:57+00:00\",\"dateModified\":\"2026-02-03T21:50:08+00:00\",\"breadcrumb\":{\"@id\":\"https:\\\/\\\/shopatoa.com\\\/ro\\\/babaria-kids-spray-protector-pentru-copii-spf-50-200-ml\\\/#breadcrumb\"},\"inLanguage\":\"ro-RO\",\"potentialAction\":[{\"@type\":\"ReadAction\",\"target\":[\"https:\\\/\\\/shopatoa.com\\\/ro\\\/babaria-kids-spray-protector-pentru-copii-spf-50-200-ml\\\/\"]}]},{\"@type\":\"ImageObject\",\"inLanguage\":\"ro-RO\",\"@id\":\"https:\\\/\\\/shopatoa.com\\\/ro\\\/babaria-kids-spray-protector-pentru-copii-spf-50-200-ml\\\/#primaryimage\",\"url\":\"https:\\\/\\\/storage.googleapis.com\\\/cz-shopatoa-img\\\/ro\\\/f302594c-unnamed-file.webp\",\"contentUrl\":\"https:\\\/\\\/storage.googleapis.com\\\/cz-shopatoa-img\\\/ro\\\/f302594c-unnamed-file.webp\",\"width\":800,\"height\":800},{\"@type\":\"BreadcrumbList\",\"@id\":\"https:\\\/\\\/shopatoa.com\\\/ro\\\/babaria-kids-spray-protector-pentru-copii-spf-50-200-ml\\\/#breadcrumb\",\"itemListElement\":[{\"@type\":\"ListItem\",\"position\":1,\"name\":\"Dom\u016f\",\"item\":\"https:\\\/\\\/shopatoa.com\\\/ro\\\/\"},{\"@type\":\"ListItem\",\"position\":2,\"name\":\"Shop\",\"item\":\"https:\\\/\\\/shopatoa.com\\\/ro\\\/shop\\\/\"},{\"@type\":\"ListItem\",\"position\":3,\"name\":\"S\u0103n\u0103tate \u0219i frumuse\u021be\",\"item\":\"https:\\\/\\\/shopatoa.com\\\/ro\\\/sanatate-si-frumusete\\\/\"},{\"@type\":\"ListItem\",\"position\":4,\"name\":\"\u00cengrijire personal\u0103\",\"item\":\"https:\\\/\\\/shopatoa.com\\\/ro\\\/ingrijire-personala\\\/\"},{\"@type\":\"ListItem\",\"position\":5,\"name\":\"Cosmetice\",\"item\":\"https:\\\/\\\/shopatoa.com\\\/ro\\\/cosmetice-ingrijire-personala\\\/\"},{\"@type\":\"ListItem\",\"position\":6,\"name\":\"\u00cengrijirea pielii\",\"item\":\"https:\\\/\\\/shopatoa.com\\\/ro\\\/ingrijirea-pielii\\\/\"},{\"@type\":\"ListItem\",\"position\":7,\"name\":\"Produse pentru bronzare\",\"item\":\"https:\\\/\\\/shopatoa.com\\\/ro\\\/produse-pentru-bronzare-ingrijirea-pielii\\\/\"},{\"@type\":\"ListItem\",\"position\":8,\"name\":\"Babaria Kids spray protector pentru copii SPF 50+ 200 ml\"}]},{\"@type\":\"WebSite\",\"@id\":\"https:\\\/\\\/shopatoa.com\\\/ro\\\/#website\",\"url\":\"https:\\\/\\\/shopatoa.com\\\/ro\\\/\",\"name\":\"SHOPATOA\",\"description\":\"\",\"publisher\":{\"@id\":\"https:\\\/\\\/shopatoa.com\\\/ro\\\/#organization\"},\"potentialAction\":[{\"@type\":\"SearchAction\",\"target\":{\"@type\":\"EntryPoint\",\"urlTemplate\":\"https:\\\/\\\/shopatoa.com\\\/ro\\\/?s={search_term_string}\"},\"query-input\":{\"@type\":\"PropertyValueSpecification\",\"valueRequired\":true,\"valueName\":\"search_term_string\"}}],\"inLanguage\":\"ro-RO\"},{\"@type\":\"Organization\",\"@id\":\"https:\\\/\\\/shopatoa.com\\\/ro\\\/#organization\",\"name\":\"SHOPATOA\",\"url\":\"https:\\\/\\\/shopatoa.com\\\/ro\\\/\",\"logo\":{\"@type\":\"ImageObject\",\"inLanguage\":\"ro-RO\",\"@id\":\"https:\\\/\\\/shopatoa.com\\\/ro\\\/#\\\/schema\\\/logo\\\/image\\\/\",\"url\":\"https:\\\/\\\/storage.googleapis.com\\\/cz-shopatoa-img\\\/ro\\\/b4dac915-shopatoa_logo.png\",\"contentUrl\":\"https:\\\/\\\/storage.googleapis.com\\\/cz-shopatoa-img\\\/ro\\\/b4dac915-shopatoa_logo.png\",\"width\":416,\"height\":63,\"caption\":\"SHOPATOA\"},\"image\":{\"@id\":\"https:\\\/\\\/shopatoa.com\\\/ro\\\/#\\\/schema\\\/logo\\\/image\\\/\"}}]}<\/script>\n<!-- \/ Yoast SEO plugin. -->","yoast_head_json":{"title":"Babaria Kids spray protector pentru copii SPF 50+ 200 ml - SHOPATOA.COM","robots":{"index":"index","follow":"follow","max-snippet":"max-snippet:-1","max-image-preview":"max-image-preview:large","max-video-preview":"max-video-preview:-1"},"canonical":"https:\/\/shopatoa.com\/ro\/babaria-kids-spray-protector-pentru-copii-spf-50-200-ml\/","og_locale":"ro_RO","og_type":"article","og_title":"Babaria Kids spray protector pentru copii SPF 50+ 200 ml - SHOPATOA.COM","og_description":"Babaria Kids, 200 ml, Cosmetice solare pentru copii pentru copii, Pielea copiilor este extrem de sensibil\u0103 la razele solare, de aceea, este important s\u0103 le oferi\u021bi o protec\u021bie suficient de eficient\u0103 \u0219i sigur\u0103. Produsul de protec\u021bie solar\u0103 Babaria Kids va avea grij\u0103 de asta. Datorit\u0103 combina\u021biei de filtre UV eficiente, va preveni irita\u021biile, arsurile solare...","og_url":"https:\/\/shopatoa.com\/ro\/babaria-kids-spray-protector-pentru-copii-spf-50-200-ml\/","og_site_name":"SHOPATOA","article_modified_time":"2026-02-03T21:50:08+00:00","og_image":[{"width":800,"height":800,"url":"https:\/\/storage.googleapis.com\/cz-shopatoa-img\/ro\/f302594c-unnamed-file.webp","type":"image\/webp"}],"twitter_card":"summary_large_image","twitter_misc":{"Timp estimat pentru citire":"1 minut"},"schema":{"@context":"https:\/\/schema.org","@graph":[{"@type":"WebPage","@id":"https:\/\/shopatoa.com\/ro\/babaria-kids-spray-protector-pentru-copii-spf-50-200-ml\/","url":"https:\/\/shopatoa.com\/ro\/babaria-kids-spray-protector-pentru-copii-spf-50-200-ml\/","name":"Babaria Kids spray protector pentru copii SPF 50+ 200 ml - SHOPATOA.COM","isPartOf":{"@id":"https:\/\/shopatoa.com\/ro\/#website"},"primaryImageOfPage":{"@id":"https:\/\/shopatoa.com\/ro\/babaria-kids-spray-protector-pentru-copii-spf-50-200-ml\/#primaryimage"},"image":{"@id":"https:\/\/shopatoa.com\/ro\/babaria-kids-spray-protector-pentru-copii-spf-50-200-ml\/#primaryimage"},"thumbnailUrl":"https:\/\/storage.googleapis.com\/cz-shopatoa-img\/ro\/f302594c-unnamed-file.webp","datePublished":"2025-06-26T17:59:57+00:00","dateModified":"2026-02-03T21:50:08+00:00","breadcrumb":{"@id":"https:\/\/shopatoa.com\/ro\/babaria-kids-spray-protector-pentru-copii-spf-50-200-ml\/#breadcrumb"},"inLanguage":"ro-RO","potentialAction":[{"@type":"ReadAction","target":["https:\/\/shopatoa.com\/ro\/babaria-kids-spray-protector-pentru-copii-spf-50-200-ml\/"]}]},{"@type":"ImageObject","inLanguage":"ro-RO","@id":"https:\/\/shopatoa.com\/ro\/babaria-kids-spray-protector-pentru-copii-spf-50-200-ml\/#primaryimage","url":"https:\/\/storage.googleapis.com\/cz-shopatoa-img\/ro\/f302594c-unnamed-file.webp","contentUrl":"https:\/\/storage.googleapis.com\/cz-shopatoa-img\/ro\/f302594c-unnamed-file.webp","width":800,"height":800},{"@type":"BreadcrumbList","@id":"https:\/\/shopatoa.com\/ro\/babaria-kids-spray-protector-pentru-copii-spf-50-200-ml\/#breadcrumb","itemListElement":[{"@type":"ListItem","position":1,"name":"Dom\u016f","item":"https:\/\/shopatoa.com\/ro\/"},{"@type":"ListItem","position":2,"name":"Shop","item":"https:\/\/shopatoa.com\/ro\/shop\/"},{"@type":"ListItem","position":3,"name":"S\u0103n\u0103tate \u0219i frumuse\u021be","item":"https:\/\/shopatoa.com\/ro\/sanatate-si-frumusete\/"},{"@type":"ListItem","position":4,"name":"\u00cengrijire personal\u0103","item":"https:\/\/shopatoa.com\/ro\/ingrijire-personala\/"},{"@type":"ListItem","position":5,"name":"Cosmetice","item":"https:\/\/shopatoa.com\/ro\/cosmetice-ingrijire-personala\/"},{"@type":"ListItem","position":6,"name":"\u00cengrijirea pielii","item":"https:\/\/shopatoa.com\/ro\/ingrijirea-pielii\/"},{"@type":"ListItem","position":7,"name":"Produse pentru bronzare","item":"https:\/\/shopatoa.com\/ro\/produse-pentru-bronzare-ingrijirea-pielii\/"},{"@type":"ListItem","position":8,"name":"Babaria Kids spray protector pentru copii SPF 50+ 200 ml"}]},{"@type":"WebSite","@id":"https:\/\/shopatoa.com\/ro\/#website","url":"https:\/\/shopatoa.com\/ro\/","name":"SHOPATOA","description":"","publisher":{"@id":"https:\/\/shopatoa.com\/ro\/#organization"},"potentialAction":[{"@type":"SearchAction","target":{"@type":"EntryPoint","urlTemplate":"https:\/\/shopatoa.com\/ro\/?s={search_term_string}"},"query-input":{"@type":"PropertyValueSpecification","valueRequired":true,"valueName":"search_term_string"}}],"inLanguage":"ro-RO"},{"@type":"Organization","@id":"https:\/\/shopatoa.com\/ro\/#organization","name":"SHOPATOA","url":"https:\/\/shopatoa.com\/ro\/","logo":{"@type":"ImageObject","inLanguage":"ro-RO","@id":"https:\/\/shopatoa.com\/ro\/#\/schema\/logo\/image\/","url":"https:\/\/storage.googleapis.com\/cz-shopatoa-img\/ro\/b4dac915-shopatoa_logo.png","contentUrl":"https:\/\/storage.googleapis.com\/cz-shopatoa-img\/ro\/b4dac915-shopatoa_logo.png","width":416,"height":63,"caption":"SHOPATOA"},"image":{"@id":"https:\/\/shopatoa.com\/ro\/#\/schema\/logo\/image\/"}}]}},"_links":{"self":[{"href":"https:\/\/shopatoa.com\/ro\/wp-json\/wp\/v2\/product\/459536","targetHints":{"allow":["GET"]}}],"collection":[{"href":"https:\/\/shopatoa.com\/ro\/wp-json\/wp\/v2\/product"}],"about":[{"href":"https:\/\/shopatoa.com\/ro\/wp-json\/wp\/v2\/types\/product"}],"replies":[{"embeddable":true,"href":"https:\/\/shopatoa.com\/ro\/wp-json\/wp\/v2\/comments?post=459536"}],"wp:featuredmedia":[{"embeddable":true,"href":"https:\/\/shopatoa.com\/ro\/wp-json\/wp\/v2\/media\/459537"}],"wp:attachment":[{"href":"https:\/\/shopatoa.com\/ro\/wp-json\/wp\/v2\/media?parent=459536"}],"wp:term":[{"taxonomy":"product_brand","embeddable":true,"href":"https:\/\/shopatoa.com\/ro\/wp-json\/wp\/v2\/product_brand?post=459536"},{"taxonomy":"product_cat","embeddable":true,"href":"https:\/\/shopatoa.com\/ro\/wp-json\/wp\/v2\/product_cat?post=459536"},{"taxonomy":"product_tag","embeddable":true,"href":"https:\/\/shopatoa.com\/ro\/wp-json\/wp\/v2\/product_tag?post=459536"}],"curies":[{"name":"wp","href":"https:\/\/api.w.org\/{rel}","templated":true}]}}