{"id":459554,"date":"2025-06-26T20:01:52","date_gmt":"2025-06-26T18:01:52","guid":{"rendered":"https:\/\/shopatoa.com\/ro\/listerine-duopack-apa-de-gura-ambalaj-economic\/"},"modified":"2026-02-03T22:47:17","modified_gmt":"2026-02-03T21:47:17","slug":"listerine-duopack-apa-de-gura-ambalaj-economic","status":"publish","type":"product","link":"https:\/\/shopatoa.com\/ro\/listerine-duopack-apa-de-gura-ambalaj-economic\/","title":{"rendered":"Listerine Duopack ap\u0103 de gur\u0103 ambalaj economic"},"content":{"rendered":"<p>Listerine Duopack, Ap\u0103 de gur\u0103 \u0219i spray-uri unisex, Apa de gur\u0103 Listerine Duopack \u00eemprosp\u0103teaz\u0103 respira\u021bia, combate placa dentobacterian\u0103 \u0219i men\u021bine s\u0103n\u0103tatea din\u021bilor \u0219i a gingiilor.  Setul con\u021bine:  Cool Mint ap\u0103 de gur\u0103 500 ml Clean Fresh ap\u0103 de gur\u0103 500 ml  Caracteristici:  \u00eemprosp\u0103teaz\u0103 respira\u021bia combate formarea cariilor distruge bacteriile protejeaz\u0103 gingiile  Cum se utilizeaz\u0103: Dup\u0103 efectuarea periajului dentar, se cl\u0103te\u0219te gura cu ap\u0103 de gur\u0103, respect\u00e2nd timpul specificat pe ambalaj, apoi se scuip\u0103.<\/p>\n","protected":false},"excerpt":{"rendered":"<p>Listerine Duopack, Ap\u0103 de gur\u0103 \u0219i spray-uri unisex, Apa de gur\u0103 Listerine Duopack \u00eemprosp\u0103teaz\u0103 respira\u021bia, combate placa dentobacterian\u0103 \u0219i men\u021bine s\u0103n\u0103tatea din\u021bilor \u0219i a gingiilor. Setul con\u021bine: Cool Mint ap\u0103 de gur\u0103 500 ml Clean Fresh ap\u0103 de gur\u0103 500 ml Caracteristici: \u00eemprosp\u0103teaz\u0103 respira\u021bia combate formarea cariilor distruge bacteriile protejeaz\u0103 gingiile Cum se utilizeaz\u0103: Dup\u0103&#8230;<\/p>\n","protected":false},"featured_media":459555,"comment_status":"closed","ping_status":"open","template":"","meta":{"_acf_changed":false,"_kadence_starter_templates_imported_post":false,"_kad_post_transparent":"","_kad_post_title":"","_kad_post_layout":"","_kad_post_sidebar_id":"","_kad_post_content_style":"","_kad_post_vertical_padding":"","_kad_post_feature":"","_kad_post_feature_position":"","_kad_post_header":false,"_kad_post_footer":false,"_kad_post_classname":""},"product_brand":[1013],"product_cat":[1814,1813,1563,1562],"product_tag":[],"class_list":{"0":"post-459554","1":"product","2":"type-product","3":"status-publish","4":"has-post-thumbnail","6":"product_brand-listerine","7":"product_cat-gargara-de-gura","8":"product_cat-igiena-orala","9":"product_cat-ingrijire-personala","10":"product_cat-sanatate-si-frumusete","11":"pa_gen-female","13":"first","14":"instock","15":"sale","16":"product-type-external","17":"entry","18":"content-bg","19":"loop-entry"},"acf":[],"yoast_head":"<!-- This site is optimized with the Yoast SEO plugin v27.4 - https:\/\/yoast.com\/product\/yoast-seo-wordpress\/ -->\n<title>Listerine Duopack ap\u0103 de gur\u0103 ambalaj economic - SHOPATOA.COM<\/title>\n<meta name=\"robots\" content=\"index, follow, max-snippet:-1, max-image-preview:large, max-video-preview:-1\" \/>\n<link rel=\"canonical\" href=\"https:\/\/shopatoa.com\/ro\/listerine-duopack-apa-de-gura-ambalaj-economic\/\" \/>\n<meta property=\"og:locale\" content=\"ro_RO\" \/>\n<meta property=\"og:type\" content=\"article\" \/>\n<meta property=\"og:title\" content=\"Listerine Duopack ap\u0103 de gur\u0103 ambalaj economic - SHOPATOA.COM\" \/>\n<meta property=\"og:description\" content=\"Listerine Duopack, Ap\u0103 de gur\u0103 \u0219i spray-uri unisex, Apa de gur\u0103 Listerine Duopack \u00eemprosp\u0103teaz\u0103 respira\u021bia, combate placa dentobacterian\u0103 \u0219i men\u021bine s\u0103n\u0103tatea din\u021bilor \u0219i a gingiilor. Setul con\u021bine: Cool Mint ap\u0103 de gur\u0103 500 ml Clean Fresh ap\u0103 de gur\u0103 500 ml Caracteristici: \u00eemprosp\u0103teaz\u0103 respira\u021bia combate formarea cariilor distruge bacteriile protejeaz\u0103 gingiile Cum se utilizeaz\u0103: Dup\u0103...\" \/>\n<meta property=\"og:url\" content=\"https:\/\/shopatoa.com\/ro\/listerine-duopack-apa-de-gura-ambalaj-economic\/\" \/>\n<meta property=\"og:site_name\" content=\"SHOPATOA\" \/>\n<meta property=\"article:modified_time\" content=\"2026-02-03T21:47:17+00:00\" \/>\n<meta property=\"og:image\" content=\"https:\/\/storage.googleapis.com\/cz-shopatoa-img\/ro\/eda62816-unnamed-file.webp\" \/>\n\t<meta property=\"og:image:width\" content=\"800\" \/>\n\t<meta property=\"og:image:height\" content=\"800\" \/>\n\t<meta property=\"og:image:type\" content=\"image\/webp\" \/>\n<meta name=\"twitter:card\" content=\"summary_large_image\" \/>\n<script type=\"application\/ld+json\" class=\"yoast-schema-graph\">{\"@context\":\"https:\\\/\\\/schema.org\",\"@graph\":[{\"@type\":\"WebPage\",\"@id\":\"https:\\\/\\\/shopatoa.com\\\/ro\\\/listerine-duopack-apa-de-gura-ambalaj-economic\\\/\",\"url\":\"https:\\\/\\\/shopatoa.com\\\/ro\\\/listerine-duopack-apa-de-gura-ambalaj-economic\\\/\",\"name\":\"Listerine Duopack ap\u0103 de gur\u0103 ambalaj economic - SHOPATOA.COM\",\"isPartOf\":{\"@id\":\"https:\\\/\\\/shopatoa.com\\\/ro\\\/#website\"},\"primaryImageOfPage\":{\"@id\":\"https:\\\/\\\/shopatoa.com\\\/ro\\\/listerine-duopack-apa-de-gura-ambalaj-economic\\\/#primaryimage\"},\"image\":{\"@id\":\"https:\\\/\\\/shopatoa.com\\\/ro\\\/listerine-duopack-apa-de-gura-ambalaj-economic\\\/#primaryimage\"},\"thumbnailUrl\":\"https:\\\/\\\/storage.googleapis.com\\\/cz-shopatoa-img\\\/ro\\\/eda62816-unnamed-file.webp\",\"datePublished\":\"2025-06-26T18:01:52+00:00\",\"dateModified\":\"2026-02-03T21:47:17+00:00\",\"breadcrumb\":{\"@id\":\"https:\\\/\\\/shopatoa.com\\\/ro\\\/listerine-duopack-apa-de-gura-ambalaj-economic\\\/#breadcrumb\"},\"inLanguage\":\"ro-RO\",\"potentialAction\":[{\"@type\":\"ReadAction\",\"target\":[\"https:\\\/\\\/shopatoa.com\\\/ro\\\/listerine-duopack-apa-de-gura-ambalaj-economic\\\/\"]}]},{\"@type\":\"ImageObject\",\"inLanguage\":\"ro-RO\",\"@id\":\"https:\\\/\\\/shopatoa.com\\\/ro\\\/listerine-duopack-apa-de-gura-ambalaj-economic\\\/#primaryimage\",\"url\":\"https:\\\/\\\/storage.googleapis.com\\\/cz-shopatoa-img\\\/ro\\\/eda62816-unnamed-file.webp\",\"contentUrl\":\"https:\\\/\\\/storage.googleapis.com\\\/cz-shopatoa-img\\\/ro\\\/eda62816-unnamed-file.webp\",\"width\":800,\"height\":800},{\"@type\":\"BreadcrumbList\",\"@id\":\"https:\\\/\\\/shopatoa.com\\\/ro\\\/listerine-duopack-apa-de-gura-ambalaj-economic\\\/#breadcrumb\",\"itemListElement\":[{\"@type\":\"ListItem\",\"position\":1,\"name\":\"Dom\u016f\",\"item\":\"https:\\\/\\\/shopatoa.com\\\/ro\\\/\"},{\"@type\":\"ListItem\",\"position\":2,\"name\":\"Shop\",\"item\":\"https:\\\/\\\/shopatoa.com\\\/ro\\\/shop\\\/\"},{\"@type\":\"ListItem\",\"position\":3,\"name\":\"S\u0103n\u0103tate \u0219i frumuse\u021be\",\"item\":\"https:\\\/\\\/shopatoa.com\\\/ro\\\/sanatate-si-frumusete\\\/\"},{\"@type\":\"ListItem\",\"position\":4,\"name\":\"\u00cengrijire personal\u0103\",\"item\":\"https:\\\/\\\/shopatoa.com\\\/ro\\\/ingrijire-personala\\\/\"},{\"@type\":\"ListItem\",\"position\":5,\"name\":\"Igiena oral\u0103\",\"item\":\"https:\\\/\\\/shopatoa.com\\\/ro\\\/igiena-orala\\\/\"},{\"@type\":\"ListItem\",\"position\":6,\"name\":\"Gargar\u0103 de gur\u0103\",\"item\":\"https:\\\/\\\/shopatoa.com\\\/ro\\\/gargara-de-gura\\\/\"},{\"@type\":\"ListItem\",\"position\":7,\"name\":\"Listerine Duopack ap\u0103 de gur\u0103 ambalaj economic\"}]},{\"@type\":\"WebSite\",\"@id\":\"https:\\\/\\\/shopatoa.com\\\/ro\\\/#website\",\"url\":\"https:\\\/\\\/shopatoa.com\\\/ro\\\/\",\"name\":\"SHOPATOA\",\"description\":\"\",\"publisher\":{\"@id\":\"https:\\\/\\\/shopatoa.com\\\/ro\\\/#organization\"},\"potentialAction\":[{\"@type\":\"SearchAction\",\"target\":{\"@type\":\"EntryPoint\",\"urlTemplate\":\"https:\\\/\\\/shopatoa.com\\\/ro\\\/?s={search_term_string}\"},\"query-input\":{\"@type\":\"PropertyValueSpecification\",\"valueRequired\":true,\"valueName\":\"search_term_string\"}}],\"inLanguage\":\"ro-RO\"},{\"@type\":\"Organization\",\"@id\":\"https:\\\/\\\/shopatoa.com\\\/ro\\\/#organization\",\"name\":\"SHOPATOA\",\"url\":\"https:\\\/\\\/shopatoa.com\\\/ro\\\/\",\"logo\":{\"@type\":\"ImageObject\",\"inLanguage\":\"ro-RO\",\"@id\":\"https:\\\/\\\/shopatoa.com\\\/ro\\\/#\\\/schema\\\/logo\\\/image\\\/\",\"url\":\"https:\\\/\\\/storage.googleapis.com\\\/cz-shopatoa-img\\\/ro\\\/b4dac915-shopatoa_logo.png\",\"contentUrl\":\"https:\\\/\\\/storage.googleapis.com\\\/cz-shopatoa-img\\\/ro\\\/b4dac915-shopatoa_logo.png\",\"width\":416,\"height\":63,\"caption\":\"SHOPATOA\"},\"image\":{\"@id\":\"https:\\\/\\\/shopatoa.com\\\/ro\\\/#\\\/schema\\\/logo\\\/image\\\/\"}}]}<\/script>\n<!-- \/ Yoast SEO plugin. -->","yoast_head_json":{"title":"Listerine Duopack ap\u0103 de gur\u0103 ambalaj economic - SHOPATOA.COM","robots":{"index":"index","follow":"follow","max-snippet":"max-snippet:-1","max-image-preview":"max-image-preview:large","max-video-preview":"max-video-preview:-1"},"canonical":"https:\/\/shopatoa.com\/ro\/listerine-duopack-apa-de-gura-ambalaj-economic\/","og_locale":"ro_RO","og_type":"article","og_title":"Listerine Duopack ap\u0103 de gur\u0103 ambalaj economic - SHOPATOA.COM","og_description":"Listerine Duopack, Ap\u0103 de gur\u0103 \u0219i spray-uri unisex, Apa de gur\u0103 Listerine Duopack \u00eemprosp\u0103teaz\u0103 respira\u021bia, combate placa dentobacterian\u0103 \u0219i men\u021bine s\u0103n\u0103tatea din\u021bilor \u0219i a gingiilor. Setul con\u021bine: Cool Mint ap\u0103 de gur\u0103 500 ml Clean Fresh ap\u0103 de gur\u0103 500 ml Caracteristici: \u00eemprosp\u0103teaz\u0103 respira\u021bia combate formarea cariilor distruge bacteriile protejeaz\u0103 gingiile Cum se utilizeaz\u0103: Dup\u0103...","og_url":"https:\/\/shopatoa.com\/ro\/listerine-duopack-apa-de-gura-ambalaj-economic\/","og_site_name":"SHOPATOA","article_modified_time":"2026-02-03T21:47:17+00:00","og_image":[{"width":800,"height":800,"url":"https:\/\/storage.googleapis.com\/cz-shopatoa-img\/ro\/eda62816-unnamed-file.webp","type":"image\/webp"}],"twitter_card":"summary_large_image","schema":{"@context":"https:\/\/schema.org","@graph":[{"@type":"WebPage","@id":"https:\/\/shopatoa.com\/ro\/listerine-duopack-apa-de-gura-ambalaj-economic\/","url":"https:\/\/shopatoa.com\/ro\/listerine-duopack-apa-de-gura-ambalaj-economic\/","name":"Listerine Duopack ap\u0103 de gur\u0103 ambalaj economic - SHOPATOA.COM","isPartOf":{"@id":"https:\/\/shopatoa.com\/ro\/#website"},"primaryImageOfPage":{"@id":"https:\/\/shopatoa.com\/ro\/listerine-duopack-apa-de-gura-ambalaj-economic\/#primaryimage"},"image":{"@id":"https:\/\/shopatoa.com\/ro\/listerine-duopack-apa-de-gura-ambalaj-economic\/#primaryimage"},"thumbnailUrl":"https:\/\/storage.googleapis.com\/cz-shopatoa-img\/ro\/eda62816-unnamed-file.webp","datePublished":"2025-06-26T18:01:52+00:00","dateModified":"2026-02-03T21:47:17+00:00","breadcrumb":{"@id":"https:\/\/shopatoa.com\/ro\/listerine-duopack-apa-de-gura-ambalaj-economic\/#breadcrumb"},"inLanguage":"ro-RO","potentialAction":[{"@type":"ReadAction","target":["https:\/\/shopatoa.com\/ro\/listerine-duopack-apa-de-gura-ambalaj-economic\/"]}]},{"@type":"ImageObject","inLanguage":"ro-RO","@id":"https:\/\/shopatoa.com\/ro\/listerine-duopack-apa-de-gura-ambalaj-economic\/#primaryimage","url":"https:\/\/storage.googleapis.com\/cz-shopatoa-img\/ro\/eda62816-unnamed-file.webp","contentUrl":"https:\/\/storage.googleapis.com\/cz-shopatoa-img\/ro\/eda62816-unnamed-file.webp","width":800,"height":800},{"@type":"BreadcrumbList","@id":"https:\/\/shopatoa.com\/ro\/listerine-duopack-apa-de-gura-ambalaj-economic\/#breadcrumb","itemListElement":[{"@type":"ListItem","position":1,"name":"Dom\u016f","item":"https:\/\/shopatoa.com\/ro\/"},{"@type":"ListItem","position":2,"name":"Shop","item":"https:\/\/shopatoa.com\/ro\/shop\/"},{"@type":"ListItem","position":3,"name":"S\u0103n\u0103tate \u0219i frumuse\u021be","item":"https:\/\/shopatoa.com\/ro\/sanatate-si-frumusete\/"},{"@type":"ListItem","position":4,"name":"\u00cengrijire personal\u0103","item":"https:\/\/shopatoa.com\/ro\/ingrijire-personala\/"},{"@type":"ListItem","position":5,"name":"Igiena oral\u0103","item":"https:\/\/shopatoa.com\/ro\/igiena-orala\/"},{"@type":"ListItem","position":6,"name":"Gargar\u0103 de gur\u0103","item":"https:\/\/shopatoa.com\/ro\/gargara-de-gura\/"},{"@type":"ListItem","position":7,"name":"Listerine Duopack ap\u0103 de gur\u0103 ambalaj economic"}]},{"@type":"WebSite","@id":"https:\/\/shopatoa.com\/ro\/#website","url":"https:\/\/shopatoa.com\/ro\/","name":"SHOPATOA","description":"","publisher":{"@id":"https:\/\/shopatoa.com\/ro\/#organization"},"potentialAction":[{"@type":"SearchAction","target":{"@type":"EntryPoint","urlTemplate":"https:\/\/shopatoa.com\/ro\/?s={search_term_string}"},"query-input":{"@type":"PropertyValueSpecification","valueRequired":true,"valueName":"search_term_string"}}],"inLanguage":"ro-RO"},{"@type":"Organization","@id":"https:\/\/shopatoa.com\/ro\/#organization","name":"SHOPATOA","url":"https:\/\/shopatoa.com\/ro\/","logo":{"@type":"ImageObject","inLanguage":"ro-RO","@id":"https:\/\/shopatoa.com\/ro\/#\/schema\/logo\/image\/","url":"https:\/\/storage.googleapis.com\/cz-shopatoa-img\/ro\/b4dac915-shopatoa_logo.png","contentUrl":"https:\/\/storage.googleapis.com\/cz-shopatoa-img\/ro\/b4dac915-shopatoa_logo.png","width":416,"height":63,"caption":"SHOPATOA"},"image":{"@id":"https:\/\/shopatoa.com\/ro\/#\/schema\/logo\/image\/"}}]}},"_links":{"self":[{"href":"https:\/\/shopatoa.com\/ro\/wp-json\/wp\/v2\/product\/459554","targetHints":{"allow":["GET"]}}],"collection":[{"href":"https:\/\/shopatoa.com\/ro\/wp-json\/wp\/v2\/product"}],"about":[{"href":"https:\/\/shopatoa.com\/ro\/wp-json\/wp\/v2\/types\/product"}],"replies":[{"embeddable":true,"href":"https:\/\/shopatoa.com\/ro\/wp-json\/wp\/v2\/comments?post=459554"}],"wp:featuredmedia":[{"embeddable":true,"href":"https:\/\/shopatoa.com\/ro\/wp-json\/wp\/v2\/media\/459555"}],"wp:attachment":[{"href":"https:\/\/shopatoa.com\/ro\/wp-json\/wp\/v2\/media?parent=459554"}],"wp:term":[{"taxonomy":"product_brand","embeddable":true,"href":"https:\/\/shopatoa.com\/ro\/wp-json\/wp\/v2\/product_brand?post=459554"},{"taxonomy":"product_cat","embeddable":true,"href":"https:\/\/shopatoa.com\/ro\/wp-json\/wp\/v2\/product_cat?post=459554"},{"taxonomy":"product_tag","embeddable":true,"href":"https:\/\/shopatoa.com\/ro\/wp-json\/wp\/v2\/product_tag?post=459554"}],"curies":[{"name":"wp","href":"https:\/\/api.w.org\/{rel}","templated":true}]}}