{"id":459580,"date":"2025-06-26T20:06:11","date_gmt":"2025-06-26T18:06:11","guid":{"rendered":"https:\/\/shopatoa.com\/ro\/keune-care-derma-activate-thick-spray-spray-pentru-volum-pentru-parul-subtiat-200-ml\/"},"modified":"2025-06-26T20:06:18","modified_gmt":"2025-06-26T18:06:18","slug":"keune-care-derma-activate-thick-spray-spray-pentru-volum-pentru-parul-subtiat-200-ml","status":"publish","type":"product","link":"https:\/\/shopatoa.com\/ro\/keune-care-derma-activate-thick-spray-spray-pentru-volum-pentru-parul-subtiat-200-ml\/","title":{"rendered":"Keune Care Derma Activate Thick Spray spray pentru volum pentru parul subtiat 200 ml"},"content":{"rendered":"<p>Keune Care Derma Activate Thick Spray, 200 ml, Spray pentru volum pentru femei, Spune\u021bi adio p\u0103rului flasc o dat\u0103 pentru totdeauna. Spray pentru volum Keune Care Derma Activate Thick Spray confer\u0103 volum chiar \u0219i celui mai sub\u021bire p\u0103r \u0219i \u00eel ridic\u0103 de la r\u0103d\u0103cin\u0103, pentru ca acesta s\u0103 par\u0103 instantaneu mai bogat \u0219i mult mai des. Nu \u00eencarc\u0103 p\u0103rul \u0219i nu las\u0103 o senza\u021bie lipicioas\u0103. V\u0103 ajut\u0103 s\u0103 crea\u021bi rapid \u0219i u\u0219or o coafur\u0103 frumoas\u0103, bogat\u0103 \u0219i aerisit\u0103 \u2013 exact a\u0219a cum v\u0103 dori\u021bi. De acum \u00eenainte, toat\u0103 lumea din anturajul dvs. o va admira.  Caracteristici:  m\u0103re\u0219te densitatea \u0219i rezisten\u021ba p\u0103rului confer\u0103 p\u0103rului volum, de la r\u0103d\u0103cin\u0103 dinamizeaz\u0103 activitatea r\u0103d\u0103cinilor p\u0103rului  Cum se utilizeaz\u0103: Se agit\u0103 bine, \u00eenainte de utilizare. Se pulverizeaz\u0103 pe p\u0103r o cantitate rezonabil\u0103, \u00eenainte de uscarea cu foehnul, de ondulare sau de \u00eentindere cu placa.<\/p>\n","protected":false},"excerpt":{"rendered":"<p>Keune Care Derma Activate Thick Spray, 200 ml, Spray pentru volum pentru femei, Spune\u021bi adio p\u0103rului flasc o dat\u0103 pentru totdeauna. Spray pentru volum Keune Care Derma Activate Thick Spray confer\u0103 volum chiar \u0219i celui mai sub\u021bire p\u0103r \u0219i \u00eel ridic\u0103 de la r\u0103d\u0103cin\u0103, pentru ca acesta s\u0103 par\u0103 instantaneu mai bogat \u0219i mult mai&#8230;<\/p>\n","protected":false},"featured_media":459581,"comment_status":"closed","ping_status":"open","template":"","meta":{"_acf_changed":false,"_kadence_starter_templates_imported_post":false,"_kad_post_transparent":"","_kad_post_title":"","_kad_post_layout":"","_kad_post_sidebar_id":"","_kad_post_content_style":"","_kad_post_vertical_padding":"","_kad_post_feature":"","_kad_post_feature_position":"","_kad_post_header":false,"_kad_post_footer":false,"_kad_post_classname":""},"product_brand":[1890],"product_cat":[1563,1590,1562],"product_tag":[],"class_list":{"0":"post-459580","1":"product","2":"type-product","3":"status-publish","4":"has-post-thumbnail","6":"product_brand-keune","7":"product_cat-ingrijire-personala","8":"product_cat-ingrijirea-parului","9":"product_cat-sanatate-si-frumusete","10":"pa_gen-female","11":"pa_marime-200-ml","13":"first","14":"instock","15":"product-type-external","16":"entry","17":"content-bg","18":"loop-entry"},"acf":[],"yoast_head":"<!-- This site is optimized with the Yoast SEO plugin v27.4 - https:\/\/yoast.com\/product\/yoast-seo-wordpress\/ -->\n<title>Keune Care Derma Activate Thick Spray spray pentru volum pentru parul subtiat 200 ml - SHOPATOA.COM<\/title>\n<meta name=\"robots\" content=\"index, follow, max-snippet:-1, max-image-preview:large, max-video-preview:-1\" \/>\n<link rel=\"canonical\" href=\"https:\/\/shopatoa.com\/ro\/keune-care-derma-activate-thick-spray-spray-pentru-volum-pentru-parul-subtiat-200-ml\/\" \/>\n<meta property=\"og:locale\" content=\"ro_RO\" \/>\n<meta property=\"og:type\" content=\"article\" \/>\n<meta property=\"og:title\" content=\"Keune Care Derma Activate Thick Spray spray pentru volum pentru parul subtiat 200 ml - SHOPATOA.COM\" \/>\n<meta property=\"og:description\" content=\"Keune Care Derma Activate Thick Spray, 200 ml, Spray pentru volum pentru femei, Spune\u021bi adio p\u0103rului flasc o dat\u0103 pentru totdeauna. Spray pentru volum Keune Care Derma Activate Thick Spray confer\u0103 volum chiar \u0219i celui mai sub\u021bire p\u0103r \u0219i \u00eel ridic\u0103 de la r\u0103d\u0103cin\u0103, pentru ca acesta s\u0103 par\u0103 instantaneu mai bogat \u0219i mult mai...\" \/>\n<meta property=\"og:url\" content=\"https:\/\/shopatoa.com\/ro\/keune-care-derma-activate-thick-spray-spray-pentru-volum-pentru-parul-subtiat-200-ml\/\" \/>\n<meta property=\"og:site_name\" content=\"SHOPATOA\" \/>\n<meta property=\"article:modified_time\" content=\"2025-06-26T18:06:18+00:00\" \/>\n<meta property=\"og:image\" content=\"https:\/\/storage.googleapis.com\/cz-shopatoa-img\/ro\/54c816e8-unnamed-file.webp\" \/>\n\t<meta property=\"og:image:width\" content=\"800\" \/>\n\t<meta property=\"og:image:height\" content=\"800\" \/>\n\t<meta property=\"og:image:type\" content=\"image\/webp\" \/>\n<meta name=\"twitter:card\" content=\"summary_large_image\" \/>\n<meta name=\"twitter:label1\" content=\"Timp estimat pentru citire\" \/>\n\t<meta name=\"twitter:data1\" content=\"1 minut\" \/>\n<script type=\"application\/ld+json\" class=\"yoast-schema-graph\">{\"@context\":\"https:\\\/\\\/schema.org\",\"@graph\":[{\"@type\":\"WebPage\",\"@id\":\"https:\\\/\\\/shopatoa.com\\\/ro\\\/keune-care-derma-activate-thick-spray-spray-pentru-volum-pentru-parul-subtiat-200-ml\\\/\",\"url\":\"https:\\\/\\\/shopatoa.com\\\/ro\\\/keune-care-derma-activate-thick-spray-spray-pentru-volum-pentru-parul-subtiat-200-ml\\\/\",\"name\":\"Keune Care Derma Activate Thick Spray spray pentru volum pentru parul subtiat 200 ml - SHOPATOA.COM\",\"isPartOf\":{\"@id\":\"https:\\\/\\\/shopatoa.com\\\/ro\\\/#website\"},\"primaryImageOfPage\":{\"@id\":\"https:\\\/\\\/shopatoa.com\\\/ro\\\/keune-care-derma-activate-thick-spray-spray-pentru-volum-pentru-parul-subtiat-200-ml\\\/#primaryimage\"},\"image\":{\"@id\":\"https:\\\/\\\/shopatoa.com\\\/ro\\\/keune-care-derma-activate-thick-spray-spray-pentru-volum-pentru-parul-subtiat-200-ml\\\/#primaryimage\"},\"thumbnailUrl\":\"https:\\\/\\\/storage.googleapis.com\\\/cz-shopatoa-img\\\/ro\\\/54c816e8-unnamed-file.webp\",\"datePublished\":\"2025-06-26T18:06:11+00:00\",\"dateModified\":\"2025-06-26T18:06:18+00:00\",\"breadcrumb\":{\"@id\":\"https:\\\/\\\/shopatoa.com\\\/ro\\\/keune-care-derma-activate-thick-spray-spray-pentru-volum-pentru-parul-subtiat-200-ml\\\/#breadcrumb\"},\"inLanguage\":\"ro-RO\",\"potentialAction\":[{\"@type\":\"ReadAction\",\"target\":[\"https:\\\/\\\/shopatoa.com\\\/ro\\\/keune-care-derma-activate-thick-spray-spray-pentru-volum-pentru-parul-subtiat-200-ml\\\/\"]}]},{\"@type\":\"ImageObject\",\"inLanguage\":\"ro-RO\",\"@id\":\"https:\\\/\\\/shopatoa.com\\\/ro\\\/keune-care-derma-activate-thick-spray-spray-pentru-volum-pentru-parul-subtiat-200-ml\\\/#primaryimage\",\"url\":\"https:\\\/\\\/storage.googleapis.com\\\/cz-shopatoa-img\\\/ro\\\/54c816e8-unnamed-file.webp\",\"contentUrl\":\"https:\\\/\\\/storage.googleapis.com\\\/cz-shopatoa-img\\\/ro\\\/54c816e8-unnamed-file.webp\",\"width\":800,\"height\":800},{\"@type\":\"BreadcrumbList\",\"@id\":\"https:\\\/\\\/shopatoa.com\\\/ro\\\/keune-care-derma-activate-thick-spray-spray-pentru-volum-pentru-parul-subtiat-200-ml\\\/#breadcrumb\",\"itemListElement\":[{\"@type\":\"ListItem\",\"position\":1,\"name\":\"Dom\u016f\",\"item\":\"https:\\\/\\\/shopatoa.com\\\/ro\\\/\"},{\"@type\":\"ListItem\",\"position\":2,\"name\":\"Shop\",\"item\":\"https:\\\/\\\/shopatoa.com\\\/ro\\\/shop\\\/\"},{\"@type\":\"ListItem\",\"position\":3,\"name\":\"Keune Care Derma Activate Thick Spray spray pentru volum pentru parul subtiat 200 ml\"}]},{\"@type\":\"WebSite\",\"@id\":\"https:\\\/\\\/shopatoa.com\\\/ro\\\/#website\",\"url\":\"https:\\\/\\\/shopatoa.com\\\/ro\\\/\",\"name\":\"SHOPATOA\",\"description\":\"\",\"publisher\":{\"@id\":\"https:\\\/\\\/shopatoa.com\\\/ro\\\/#organization\"},\"potentialAction\":[{\"@type\":\"SearchAction\",\"target\":{\"@type\":\"EntryPoint\",\"urlTemplate\":\"https:\\\/\\\/shopatoa.com\\\/ro\\\/?s={search_term_string}\"},\"query-input\":{\"@type\":\"PropertyValueSpecification\",\"valueRequired\":true,\"valueName\":\"search_term_string\"}}],\"inLanguage\":\"ro-RO\"},{\"@type\":\"Organization\",\"@id\":\"https:\\\/\\\/shopatoa.com\\\/ro\\\/#organization\",\"name\":\"SHOPATOA\",\"url\":\"https:\\\/\\\/shopatoa.com\\\/ro\\\/\",\"logo\":{\"@type\":\"ImageObject\",\"inLanguage\":\"ro-RO\",\"@id\":\"https:\\\/\\\/shopatoa.com\\\/ro\\\/#\\\/schema\\\/logo\\\/image\\\/\",\"url\":\"https:\\\/\\\/storage.googleapis.com\\\/cz-shopatoa-img\\\/ro\\\/b4dac915-shopatoa_logo.png\",\"contentUrl\":\"https:\\\/\\\/storage.googleapis.com\\\/cz-shopatoa-img\\\/ro\\\/b4dac915-shopatoa_logo.png\",\"width\":416,\"height\":63,\"caption\":\"SHOPATOA\"},\"image\":{\"@id\":\"https:\\\/\\\/shopatoa.com\\\/ro\\\/#\\\/schema\\\/logo\\\/image\\\/\"}}]}<\/script>\n<!-- \/ Yoast SEO plugin. -->","yoast_head_json":{"title":"Keune Care Derma Activate Thick Spray spray pentru volum pentru parul subtiat 200 ml - SHOPATOA.COM","robots":{"index":"index","follow":"follow","max-snippet":"max-snippet:-1","max-image-preview":"max-image-preview:large","max-video-preview":"max-video-preview:-1"},"canonical":"https:\/\/shopatoa.com\/ro\/keune-care-derma-activate-thick-spray-spray-pentru-volum-pentru-parul-subtiat-200-ml\/","og_locale":"ro_RO","og_type":"article","og_title":"Keune Care Derma Activate Thick Spray spray pentru volum pentru parul subtiat 200 ml - SHOPATOA.COM","og_description":"Keune Care Derma Activate Thick Spray, 200 ml, Spray pentru volum pentru femei, Spune\u021bi adio p\u0103rului flasc o dat\u0103 pentru totdeauna. Spray pentru volum Keune Care Derma Activate Thick Spray confer\u0103 volum chiar \u0219i celui mai sub\u021bire p\u0103r \u0219i \u00eel ridic\u0103 de la r\u0103d\u0103cin\u0103, pentru ca acesta s\u0103 par\u0103 instantaneu mai bogat \u0219i mult mai...","og_url":"https:\/\/shopatoa.com\/ro\/keune-care-derma-activate-thick-spray-spray-pentru-volum-pentru-parul-subtiat-200-ml\/","og_site_name":"SHOPATOA","article_modified_time":"2025-06-26T18:06:18+00:00","og_image":[{"width":800,"height":800,"url":"https:\/\/storage.googleapis.com\/cz-shopatoa-img\/ro\/54c816e8-unnamed-file.webp","type":"image\/webp"}],"twitter_card":"summary_large_image","twitter_misc":{"Timp estimat pentru citire":"1 minut"},"schema":{"@context":"https:\/\/schema.org","@graph":[{"@type":"WebPage","@id":"https:\/\/shopatoa.com\/ro\/keune-care-derma-activate-thick-spray-spray-pentru-volum-pentru-parul-subtiat-200-ml\/","url":"https:\/\/shopatoa.com\/ro\/keune-care-derma-activate-thick-spray-spray-pentru-volum-pentru-parul-subtiat-200-ml\/","name":"Keune Care Derma Activate Thick Spray spray pentru volum pentru parul subtiat 200 ml - SHOPATOA.COM","isPartOf":{"@id":"https:\/\/shopatoa.com\/ro\/#website"},"primaryImageOfPage":{"@id":"https:\/\/shopatoa.com\/ro\/keune-care-derma-activate-thick-spray-spray-pentru-volum-pentru-parul-subtiat-200-ml\/#primaryimage"},"image":{"@id":"https:\/\/shopatoa.com\/ro\/keune-care-derma-activate-thick-spray-spray-pentru-volum-pentru-parul-subtiat-200-ml\/#primaryimage"},"thumbnailUrl":"https:\/\/storage.googleapis.com\/cz-shopatoa-img\/ro\/54c816e8-unnamed-file.webp","datePublished":"2025-06-26T18:06:11+00:00","dateModified":"2025-06-26T18:06:18+00:00","breadcrumb":{"@id":"https:\/\/shopatoa.com\/ro\/keune-care-derma-activate-thick-spray-spray-pentru-volum-pentru-parul-subtiat-200-ml\/#breadcrumb"},"inLanguage":"ro-RO","potentialAction":[{"@type":"ReadAction","target":["https:\/\/shopatoa.com\/ro\/keune-care-derma-activate-thick-spray-spray-pentru-volum-pentru-parul-subtiat-200-ml\/"]}]},{"@type":"ImageObject","inLanguage":"ro-RO","@id":"https:\/\/shopatoa.com\/ro\/keune-care-derma-activate-thick-spray-spray-pentru-volum-pentru-parul-subtiat-200-ml\/#primaryimage","url":"https:\/\/storage.googleapis.com\/cz-shopatoa-img\/ro\/54c816e8-unnamed-file.webp","contentUrl":"https:\/\/storage.googleapis.com\/cz-shopatoa-img\/ro\/54c816e8-unnamed-file.webp","width":800,"height":800},{"@type":"BreadcrumbList","@id":"https:\/\/shopatoa.com\/ro\/keune-care-derma-activate-thick-spray-spray-pentru-volum-pentru-parul-subtiat-200-ml\/#breadcrumb","itemListElement":[{"@type":"ListItem","position":1,"name":"Dom\u016f","item":"https:\/\/shopatoa.com\/ro\/"},{"@type":"ListItem","position":2,"name":"Shop","item":"https:\/\/shopatoa.com\/ro\/shop\/"},{"@type":"ListItem","position":3,"name":"Keune Care Derma Activate Thick Spray spray pentru volum pentru parul subtiat 200 ml"}]},{"@type":"WebSite","@id":"https:\/\/shopatoa.com\/ro\/#website","url":"https:\/\/shopatoa.com\/ro\/","name":"SHOPATOA","description":"","publisher":{"@id":"https:\/\/shopatoa.com\/ro\/#organization"},"potentialAction":[{"@type":"SearchAction","target":{"@type":"EntryPoint","urlTemplate":"https:\/\/shopatoa.com\/ro\/?s={search_term_string}"},"query-input":{"@type":"PropertyValueSpecification","valueRequired":true,"valueName":"search_term_string"}}],"inLanguage":"ro-RO"},{"@type":"Organization","@id":"https:\/\/shopatoa.com\/ro\/#organization","name":"SHOPATOA","url":"https:\/\/shopatoa.com\/ro\/","logo":{"@type":"ImageObject","inLanguage":"ro-RO","@id":"https:\/\/shopatoa.com\/ro\/#\/schema\/logo\/image\/","url":"https:\/\/storage.googleapis.com\/cz-shopatoa-img\/ro\/b4dac915-shopatoa_logo.png","contentUrl":"https:\/\/storage.googleapis.com\/cz-shopatoa-img\/ro\/b4dac915-shopatoa_logo.png","width":416,"height":63,"caption":"SHOPATOA"},"image":{"@id":"https:\/\/shopatoa.com\/ro\/#\/schema\/logo\/image\/"}}]}},"_links":{"self":[{"href":"https:\/\/shopatoa.com\/ro\/wp-json\/wp\/v2\/product\/459580","targetHints":{"allow":["GET"]}}],"collection":[{"href":"https:\/\/shopatoa.com\/ro\/wp-json\/wp\/v2\/product"}],"about":[{"href":"https:\/\/shopatoa.com\/ro\/wp-json\/wp\/v2\/types\/product"}],"replies":[{"embeddable":true,"href":"https:\/\/shopatoa.com\/ro\/wp-json\/wp\/v2\/comments?post=459580"}],"wp:featuredmedia":[{"embeddable":true,"href":"https:\/\/shopatoa.com\/ro\/wp-json\/wp\/v2\/media\/459581"}],"wp:attachment":[{"href":"https:\/\/shopatoa.com\/ro\/wp-json\/wp\/v2\/media?parent=459580"}],"wp:term":[{"taxonomy":"product_brand","embeddable":true,"href":"https:\/\/shopatoa.com\/ro\/wp-json\/wp\/v2\/product_brand?post=459580"},{"taxonomy":"product_cat","embeddable":true,"href":"https:\/\/shopatoa.com\/ro\/wp-json\/wp\/v2\/product_cat?post=459580"},{"taxonomy":"product_tag","embeddable":true,"href":"https:\/\/shopatoa.com\/ro\/wp-json\/wp\/v2\/product_tag?post=459580"}],"curies":[{"name":"wp","href":"https:\/\/api.w.org\/{rel}","templated":true}]}}