{"id":459712,"date":"2025-06-26T20:17:02","date_gmt":"2025-06-26T18:17:02","guid":{"rendered":"https:\/\/shopatoa.com\/ro\/chicco-baby-moments-sensitive-spuma-de-baie-0m-250-g\/"},"modified":"2026-02-03T22:22:13","modified_gmt":"2026-02-03T21:22:13","slug":"chicco-baby-moments-sensitive-spuma-de-baie-0m-250-g","status":"publish","type":"product","link":"https:\/\/shopatoa.com\/ro\/chicco-baby-moments-sensitive-spuma-de-baie-0m-250-g\/","title":{"rendered":"Chicco Baby Moments Sensitive spuma de baie 0m+ 250 g"},"content":{"rendered":"<p>Chicco Baby Moments Sensitive, 250 g, Pentru irita\u021bia de scutec pentru copii, Produsul Chicco Baby Moments este ajutorul ideal \u00eempotriva eritemului de scutec. Previne formarea eritemului \u0219i formeaz\u0103 un strat protector pe pielea copilului.  Caracteristici:  calmeaz\u0103 pielea iritat\u0103 red\u0103 pielii senza\u021bia de confort trateaz\u0103 eritemele deja ap\u0103rute poate fi folosit \u0219i la un ten sensibil nu afecteaz\u0103 bariera protectoare a pielii  Cum se utilizeaz\u0103: Se toarn\u0103 \u00een apa din baie o cantitate mic\u0103 de produs \u0219i se amestec\u0103 cu m\u00e2na.<\/p>\n","protected":false},"excerpt":{"rendered":"<p>Chicco Baby Moments Sensitive, 250 g, Pentru irita\u021bia de scutec pentru copii, Produsul Chicco Baby Moments este ajutorul ideal \u00eempotriva eritemului de scutec. Previne formarea eritemului \u0219i formeaz\u0103 un strat protector pe pielea copilului. Caracteristici: calmeaz\u0103 pielea iritat\u0103 red\u0103 pielii senza\u021bia de confort trateaz\u0103 eritemele deja ap\u0103rute poate fi folosit \u0219i la un ten sensibil&#8230;<\/p>\n","protected":false},"featured_media":459713,"comment_status":"closed","ping_status":"open","template":"","meta":{"_acf_changed":false,"_kadence_starter_templates_imported_post":false,"_kad_post_transparent":"","_kad_post_title":"","_kad_post_layout":"","_kad_post_sidebar_id":"","_kad_post_content_style":"","_kad_post_vertical_padding":"","_kad_post_feature":"","_kad_post_feature_position":"","_kad_post_header":false,"_kad_post_footer":false,"_kad_post_classname":""},"product_brand":[2200],"product_cat":[1570,1564,1563,1562],"product_tag":[],"class_list":{"0":"post-459712","1":"product","2":"type-product","3":"status-publish","4":"has-post-thumbnail","6":"product_brand-chicco","7":"product_cat-baie-si-corp","8":"product_cat-cosmetice-ingrijire-personala","9":"product_cat-ingrijire-personala","10":"product_cat-sanatate-si-frumusete","11":"pa_gen-unisex","12":"pa_marime-250-g","14":"first","15":"instock","16":"sale","17":"product-type-external","18":"entry","19":"content-bg","20":"loop-entry"},"acf":[],"yoast_head":"<!-- This site is optimized with the Yoast SEO plugin v27.4 - https:\/\/yoast.com\/product\/yoast-seo-wordpress\/ -->\n<title>Chicco Baby Moments Sensitive spuma de baie 0m+ 250 g - SHOPATOA.COM<\/title>\n<meta name=\"robots\" content=\"index, follow, max-snippet:-1, max-image-preview:large, max-video-preview:-1\" \/>\n<link rel=\"canonical\" href=\"https:\/\/shopatoa.com\/ro\/chicco-baby-moments-sensitive-spuma-de-baie-0m-250-g\/\" \/>\n<meta property=\"og:locale\" content=\"ro_RO\" \/>\n<meta property=\"og:type\" content=\"article\" \/>\n<meta property=\"og:title\" content=\"Chicco Baby Moments Sensitive spuma de baie 0m+ 250 g - SHOPATOA.COM\" \/>\n<meta property=\"og:description\" content=\"Chicco Baby Moments Sensitive, 250 g, Pentru irita\u021bia de scutec pentru copii, Produsul Chicco Baby Moments este ajutorul ideal \u00eempotriva eritemului de scutec. Previne formarea eritemului \u0219i formeaz\u0103 un strat protector pe pielea copilului. Caracteristici: calmeaz\u0103 pielea iritat\u0103 red\u0103 pielii senza\u021bia de confort trateaz\u0103 eritemele deja ap\u0103rute poate fi folosit \u0219i la un ten sensibil...\" \/>\n<meta property=\"og:url\" content=\"https:\/\/shopatoa.com\/ro\/chicco-baby-moments-sensitive-spuma-de-baie-0m-250-g\/\" \/>\n<meta property=\"og:site_name\" content=\"SHOPATOA\" \/>\n<meta property=\"article:modified_time\" content=\"2026-02-03T21:22:13+00:00\" \/>\n<meta property=\"og:image\" content=\"https:\/\/storage.googleapis.com\/cz-shopatoa-img\/ro\/46ff965d-unnamed-file.webp\" \/>\n\t<meta property=\"og:image:width\" content=\"800\" \/>\n\t<meta property=\"og:image:height\" content=\"800\" \/>\n\t<meta property=\"og:image:type\" content=\"image\/webp\" \/>\n<meta name=\"twitter:card\" content=\"summary_large_image\" \/>\n<script type=\"application\/ld+json\" class=\"yoast-schema-graph\">{\"@context\":\"https:\\\/\\\/schema.org\",\"@graph\":[{\"@type\":\"WebPage\",\"@id\":\"https:\\\/\\\/shopatoa.com\\\/ro\\\/chicco-baby-moments-sensitive-spuma-de-baie-0m-250-g\\\/\",\"url\":\"https:\\\/\\\/shopatoa.com\\\/ro\\\/chicco-baby-moments-sensitive-spuma-de-baie-0m-250-g\\\/\",\"name\":\"Chicco Baby Moments Sensitive spuma de baie 0m+ 250 g - SHOPATOA.COM\",\"isPartOf\":{\"@id\":\"https:\\\/\\\/shopatoa.com\\\/ro\\\/#website\"},\"primaryImageOfPage\":{\"@id\":\"https:\\\/\\\/shopatoa.com\\\/ro\\\/chicco-baby-moments-sensitive-spuma-de-baie-0m-250-g\\\/#primaryimage\"},\"image\":{\"@id\":\"https:\\\/\\\/shopatoa.com\\\/ro\\\/chicco-baby-moments-sensitive-spuma-de-baie-0m-250-g\\\/#primaryimage\"},\"thumbnailUrl\":\"https:\\\/\\\/storage.googleapis.com\\\/cz-shopatoa-img\\\/ro\\\/46ff965d-unnamed-file.webp\",\"datePublished\":\"2025-06-26T18:17:02+00:00\",\"dateModified\":\"2026-02-03T21:22:13+00:00\",\"breadcrumb\":{\"@id\":\"https:\\\/\\\/shopatoa.com\\\/ro\\\/chicco-baby-moments-sensitive-spuma-de-baie-0m-250-g\\\/#breadcrumb\"},\"inLanguage\":\"ro-RO\",\"potentialAction\":[{\"@type\":\"ReadAction\",\"target\":[\"https:\\\/\\\/shopatoa.com\\\/ro\\\/chicco-baby-moments-sensitive-spuma-de-baie-0m-250-g\\\/\"]}]},{\"@type\":\"ImageObject\",\"inLanguage\":\"ro-RO\",\"@id\":\"https:\\\/\\\/shopatoa.com\\\/ro\\\/chicco-baby-moments-sensitive-spuma-de-baie-0m-250-g\\\/#primaryimage\",\"url\":\"https:\\\/\\\/storage.googleapis.com\\\/cz-shopatoa-img\\\/ro\\\/46ff965d-unnamed-file.webp\",\"contentUrl\":\"https:\\\/\\\/storage.googleapis.com\\\/cz-shopatoa-img\\\/ro\\\/46ff965d-unnamed-file.webp\",\"width\":800,\"height\":800},{\"@type\":\"BreadcrumbList\",\"@id\":\"https:\\\/\\\/shopatoa.com\\\/ro\\\/chicco-baby-moments-sensitive-spuma-de-baie-0m-250-g\\\/#breadcrumb\",\"itemListElement\":[{\"@type\":\"ListItem\",\"position\":1,\"name\":\"Dom\u016f\",\"item\":\"https:\\\/\\\/shopatoa.com\\\/ro\\\/\"},{\"@type\":\"ListItem\",\"position\":2,\"name\":\"Shop\",\"item\":\"https:\\\/\\\/shopatoa.com\\\/ro\\\/shop\\\/\"},{\"@type\":\"ListItem\",\"position\":3,\"name\":\"S\u0103n\u0103tate \u0219i frumuse\u021be\",\"item\":\"https:\\\/\\\/shopatoa.com\\\/ro\\\/sanatate-si-frumusete\\\/\"},{\"@type\":\"ListItem\",\"position\":4,\"name\":\"\u00cengrijire personal\u0103\",\"item\":\"https:\\\/\\\/shopatoa.com\\\/ro\\\/ingrijire-personala\\\/\"},{\"@type\":\"ListItem\",\"position\":5,\"name\":\"Cosmetice\",\"item\":\"https:\\\/\\\/shopatoa.com\\\/ro\\\/cosmetice-ingrijire-personala\\\/\"},{\"@type\":\"ListItem\",\"position\":6,\"name\":\"Baie \u0219i corp\",\"item\":\"https:\\\/\\\/shopatoa.com\\\/ro\\\/baie-si-corp\\\/\"},{\"@type\":\"ListItem\",\"position\":7,\"name\":\"Chicco Baby Moments Sensitive spuma de baie 0m+ 250 g\"}]},{\"@type\":\"WebSite\",\"@id\":\"https:\\\/\\\/shopatoa.com\\\/ro\\\/#website\",\"url\":\"https:\\\/\\\/shopatoa.com\\\/ro\\\/\",\"name\":\"SHOPATOA\",\"description\":\"\",\"publisher\":{\"@id\":\"https:\\\/\\\/shopatoa.com\\\/ro\\\/#organization\"},\"potentialAction\":[{\"@type\":\"SearchAction\",\"target\":{\"@type\":\"EntryPoint\",\"urlTemplate\":\"https:\\\/\\\/shopatoa.com\\\/ro\\\/?s={search_term_string}\"},\"query-input\":{\"@type\":\"PropertyValueSpecification\",\"valueRequired\":true,\"valueName\":\"search_term_string\"}}],\"inLanguage\":\"ro-RO\"},{\"@type\":\"Organization\",\"@id\":\"https:\\\/\\\/shopatoa.com\\\/ro\\\/#organization\",\"name\":\"SHOPATOA\",\"url\":\"https:\\\/\\\/shopatoa.com\\\/ro\\\/\",\"logo\":{\"@type\":\"ImageObject\",\"inLanguage\":\"ro-RO\",\"@id\":\"https:\\\/\\\/shopatoa.com\\\/ro\\\/#\\\/schema\\\/logo\\\/image\\\/\",\"url\":\"https:\\\/\\\/storage.googleapis.com\\\/cz-shopatoa-img\\\/ro\\\/b4dac915-shopatoa_logo.png\",\"contentUrl\":\"https:\\\/\\\/storage.googleapis.com\\\/cz-shopatoa-img\\\/ro\\\/b4dac915-shopatoa_logo.png\",\"width\":416,\"height\":63,\"caption\":\"SHOPATOA\"},\"image\":{\"@id\":\"https:\\\/\\\/shopatoa.com\\\/ro\\\/#\\\/schema\\\/logo\\\/image\\\/\"}}]}<\/script>\n<!-- \/ Yoast SEO plugin. -->","yoast_head_json":{"title":"Chicco Baby Moments Sensitive spuma de baie 0m+ 250 g - SHOPATOA.COM","robots":{"index":"index","follow":"follow","max-snippet":"max-snippet:-1","max-image-preview":"max-image-preview:large","max-video-preview":"max-video-preview:-1"},"canonical":"https:\/\/shopatoa.com\/ro\/chicco-baby-moments-sensitive-spuma-de-baie-0m-250-g\/","og_locale":"ro_RO","og_type":"article","og_title":"Chicco Baby Moments Sensitive spuma de baie 0m+ 250 g - SHOPATOA.COM","og_description":"Chicco Baby Moments Sensitive, 250 g, Pentru irita\u021bia de scutec pentru copii, Produsul Chicco Baby Moments este ajutorul ideal \u00eempotriva eritemului de scutec. Previne formarea eritemului \u0219i formeaz\u0103 un strat protector pe pielea copilului. Caracteristici: calmeaz\u0103 pielea iritat\u0103 red\u0103 pielii senza\u021bia de confort trateaz\u0103 eritemele deja ap\u0103rute poate fi folosit \u0219i la un ten sensibil...","og_url":"https:\/\/shopatoa.com\/ro\/chicco-baby-moments-sensitive-spuma-de-baie-0m-250-g\/","og_site_name":"SHOPATOA","article_modified_time":"2026-02-03T21:22:13+00:00","og_image":[{"width":800,"height":800,"url":"https:\/\/storage.googleapis.com\/cz-shopatoa-img\/ro\/46ff965d-unnamed-file.webp","type":"image\/webp"}],"twitter_card":"summary_large_image","schema":{"@context":"https:\/\/schema.org","@graph":[{"@type":"WebPage","@id":"https:\/\/shopatoa.com\/ro\/chicco-baby-moments-sensitive-spuma-de-baie-0m-250-g\/","url":"https:\/\/shopatoa.com\/ro\/chicco-baby-moments-sensitive-spuma-de-baie-0m-250-g\/","name":"Chicco Baby Moments Sensitive spuma de baie 0m+ 250 g - SHOPATOA.COM","isPartOf":{"@id":"https:\/\/shopatoa.com\/ro\/#website"},"primaryImageOfPage":{"@id":"https:\/\/shopatoa.com\/ro\/chicco-baby-moments-sensitive-spuma-de-baie-0m-250-g\/#primaryimage"},"image":{"@id":"https:\/\/shopatoa.com\/ro\/chicco-baby-moments-sensitive-spuma-de-baie-0m-250-g\/#primaryimage"},"thumbnailUrl":"https:\/\/storage.googleapis.com\/cz-shopatoa-img\/ro\/46ff965d-unnamed-file.webp","datePublished":"2025-06-26T18:17:02+00:00","dateModified":"2026-02-03T21:22:13+00:00","breadcrumb":{"@id":"https:\/\/shopatoa.com\/ro\/chicco-baby-moments-sensitive-spuma-de-baie-0m-250-g\/#breadcrumb"},"inLanguage":"ro-RO","potentialAction":[{"@type":"ReadAction","target":["https:\/\/shopatoa.com\/ro\/chicco-baby-moments-sensitive-spuma-de-baie-0m-250-g\/"]}]},{"@type":"ImageObject","inLanguage":"ro-RO","@id":"https:\/\/shopatoa.com\/ro\/chicco-baby-moments-sensitive-spuma-de-baie-0m-250-g\/#primaryimage","url":"https:\/\/storage.googleapis.com\/cz-shopatoa-img\/ro\/46ff965d-unnamed-file.webp","contentUrl":"https:\/\/storage.googleapis.com\/cz-shopatoa-img\/ro\/46ff965d-unnamed-file.webp","width":800,"height":800},{"@type":"BreadcrumbList","@id":"https:\/\/shopatoa.com\/ro\/chicco-baby-moments-sensitive-spuma-de-baie-0m-250-g\/#breadcrumb","itemListElement":[{"@type":"ListItem","position":1,"name":"Dom\u016f","item":"https:\/\/shopatoa.com\/ro\/"},{"@type":"ListItem","position":2,"name":"Shop","item":"https:\/\/shopatoa.com\/ro\/shop\/"},{"@type":"ListItem","position":3,"name":"S\u0103n\u0103tate \u0219i frumuse\u021be","item":"https:\/\/shopatoa.com\/ro\/sanatate-si-frumusete\/"},{"@type":"ListItem","position":4,"name":"\u00cengrijire personal\u0103","item":"https:\/\/shopatoa.com\/ro\/ingrijire-personala\/"},{"@type":"ListItem","position":5,"name":"Cosmetice","item":"https:\/\/shopatoa.com\/ro\/cosmetice-ingrijire-personala\/"},{"@type":"ListItem","position":6,"name":"Baie \u0219i corp","item":"https:\/\/shopatoa.com\/ro\/baie-si-corp\/"},{"@type":"ListItem","position":7,"name":"Chicco Baby Moments Sensitive spuma de baie 0m+ 250 g"}]},{"@type":"WebSite","@id":"https:\/\/shopatoa.com\/ro\/#website","url":"https:\/\/shopatoa.com\/ro\/","name":"SHOPATOA","description":"","publisher":{"@id":"https:\/\/shopatoa.com\/ro\/#organization"},"potentialAction":[{"@type":"SearchAction","target":{"@type":"EntryPoint","urlTemplate":"https:\/\/shopatoa.com\/ro\/?s={search_term_string}"},"query-input":{"@type":"PropertyValueSpecification","valueRequired":true,"valueName":"search_term_string"}}],"inLanguage":"ro-RO"},{"@type":"Organization","@id":"https:\/\/shopatoa.com\/ro\/#organization","name":"SHOPATOA","url":"https:\/\/shopatoa.com\/ro\/","logo":{"@type":"ImageObject","inLanguage":"ro-RO","@id":"https:\/\/shopatoa.com\/ro\/#\/schema\/logo\/image\/","url":"https:\/\/storage.googleapis.com\/cz-shopatoa-img\/ro\/b4dac915-shopatoa_logo.png","contentUrl":"https:\/\/storage.googleapis.com\/cz-shopatoa-img\/ro\/b4dac915-shopatoa_logo.png","width":416,"height":63,"caption":"SHOPATOA"},"image":{"@id":"https:\/\/shopatoa.com\/ro\/#\/schema\/logo\/image\/"}}]}},"_links":{"self":[{"href":"https:\/\/shopatoa.com\/ro\/wp-json\/wp\/v2\/product\/459712","targetHints":{"allow":["GET"]}}],"collection":[{"href":"https:\/\/shopatoa.com\/ro\/wp-json\/wp\/v2\/product"}],"about":[{"href":"https:\/\/shopatoa.com\/ro\/wp-json\/wp\/v2\/types\/product"}],"replies":[{"embeddable":true,"href":"https:\/\/shopatoa.com\/ro\/wp-json\/wp\/v2\/comments?post=459712"}],"wp:featuredmedia":[{"embeddable":true,"href":"https:\/\/shopatoa.com\/ro\/wp-json\/wp\/v2\/media\/459713"}],"wp:attachment":[{"href":"https:\/\/shopatoa.com\/ro\/wp-json\/wp\/v2\/media?parent=459712"}],"wp:term":[{"taxonomy":"product_brand","embeddable":true,"href":"https:\/\/shopatoa.com\/ro\/wp-json\/wp\/v2\/product_brand?post=459712"},{"taxonomy":"product_cat","embeddable":true,"href":"https:\/\/shopatoa.com\/ro\/wp-json\/wp\/v2\/product_cat?post=459712"},{"taxonomy":"product_tag","embeddable":true,"href":"https:\/\/shopatoa.com\/ro\/wp-json\/wp\/v2\/product_tag?post=459712"}],"curies":[{"name":"wp","href":"https:\/\/api.w.org\/{rel}","templated":true}]}}