{"id":459726,"date":"2025-06-26T20:18:45","date_gmt":"2025-06-26T18:18:45","guid":{"rendered":"https:\/\/shopatoa.com\/ro\/bione-cosmetics-dentamint-propolis-pudra-pentru-albirea-dintilor-40-g\/"},"modified":"2026-02-03T22:20:09","modified_gmt":"2026-02-03T21:20:09","slug":"bione-cosmetics-dentamint-propolis-pudra-pentru-albirea-dintilor-40-g","status":"publish","type":"product","link":"https:\/\/shopatoa.com\/ro\/bione-cosmetics-dentamint-propolis-pudra-pentru-albirea-dintilor-40-g\/","title":{"rendered":"Bione Cosmetics Dentamint Propolis pudra pentru albirea dintilor 40 g"},"content":{"rendered":"<p>Bione Cosmetics Dentamint Propolis, 40 g, Pudra pentru albire pentru femei, Pudra pentru albirea din\u021bilor Bione Cosmetics Dentamint Propolis \u00eenl\u0103tur\u0103 delicat petele cauzate de fumat, de alimente sau de \u00eemb\u0103tr\u00e2nirea din\u021bilor. Rezultatul este un z\u00e2mbet perfect.  Caracteristici:  cur\u0103\u021b\u0103 \u0219i lustruie\u0219te suprafa\u021ba din\u021bilor \u00eendep\u0103rteaz\u0103 depunerile de pe din\u021bi albe\u0219te din\u021bii \u00eemprosp\u0103teaz\u0103 respira\u021bia  Cum se utilizeaz\u0103: Pudra pentru albire se aplic\u0103 pe periu\u021ba de din\u021bi umezit\u0103, dup\u0103 care se continu\u0103 cur\u0103\u021barea normal\u0103 a din\u021bilor.<\/p>\n","protected":false},"excerpt":{"rendered":"<p>Bione Cosmetics Dentamint Propolis, 40 g, Pudra pentru albire pentru femei, Pudra pentru albirea din\u021bilor Bione Cosmetics Dentamint Propolis \u00eenl\u0103tur\u0103 delicat petele cauzate de fumat, de alimente sau de \u00eemb\u0103tr\u00e2nirea din\u021bilor. Rezultatul este un z\u00e2mbet perfect. Caracteristici: cur\u0103\u021b\u0103 \u0219i lustruie\u0219te suprafa\u021ba din\u021bilor \u00eendep\u0103rteaz\u0103 depunerile de pe din\u021bi albe\u0219te din\u021bii \u00eemprosp\u0103teaz\u0103 respira\u021bia Cum se utilizeaz\u0103: Pudra&#8230;<\/p>\n","protected":false},"featured_media":459727,"comment_status":"closed","ping_status":"open","template":"","meta":{"_acf_changed":false,"_kadence_starter_templates_imported_post":false,"_kad_post_transparent":"","_kad_post_title":"","_kad_post_layout":"","_kad_post_sidebar_id":"","_kad_post_content_style":"","_kad_post_vertical_padding":"","_kad_post_feature":"","_kad_post_feature_position":"","_kad_post_header":false,"_kad_post_footer":false,"_kad_post_classname":""},"product_brand":[2183],"product_cat":[1926,1605,1563,1562],"product_tag":[],"class_list":{"0":"post-459726","1":"product","2":"type-product","3":"status-publish","4":"has-post-thumbnail","6":"product_brand-bione-cosmetics","7":"product_cat-albirea-dintilor-ingrijire-orala","8":"product_cat-ingrijire-orala","9":"product_cat-ingrijire-personala","10":"product_cat-sanatate-si-frumusete","11":"pa_gen-female","12":"pa_marime-40-g","14":"first","15":"instock","16":"sale","17":"product-type-external","18":"entry","19":"content-bg","20":"loop-entry"},"acf":[],"yoast_head":"<!-- This site is optimized with the Yoast SEO plugin v27.4 - https:\/\/yoast.com\/product\/yoast-seo-wordpress\/ -->\n<title>Bione Cosmetics Dentamint Propolis pudra pentru albirea dintilor 40 g - SHOPATOA.COM<\/title>\n<meta name=\"robots\" content=\"index, follow, max-snippet:-1, max-image-preview:large, max-video-preview:-1\" \/>\n<link rel=\"canonical\" href=\"https:\/\/shopatoa.com\/ro\/bione-cosmetics-dentamint-propolis-pudra-pentru-albirea-dintilor-40-g\/\" \/>\n<meta property=\"og:locale\" content=\"ro_RO\" \/>\n<meta property=\"og:type\" content=\"article\" \/>\n<meta property=\"og:title\" content=\"Bione Cosmetics Dentamint Propolis pudra pentru albirea dintilor 40 g - SHOPATOA.COM\" \/>\n<meta property=\"og:description\" content=\"Bione Cosmetics Dentamint Propolis, 40 g, Pudra pentru albire pentru femei, Pudra pentru albirea din\u021bilor Bione Cosmetics Dentamint Propolis \u00eenl\u0103tur\u0103 delicat petele cauzate de fumat, de alimente sau de \u00eemb\u0103tr\u00e2nirea din\u021bilor. Rezultatul este un z\u00e2mbet perfect. Caracteristici: cur\u0103\u021b\u0103 \u0219i lustruie\u0219te suprafa\u021ba din\u021bilor \u00eendep\u0103rteaz\u0103 depunerile de pe din\u021bi albe\u0219te din\u021bii \u00eemprosp\u0103teaz\u0103 respira\u021bia Cum se utilizeaz\u0103: Pudra...\" \/>\n<meta property=\"og:url\" content=\"https:\/\/shopatoa.com\/ro\/bione-cosmetics-dentamint-propolis-pudra-pentru-albirea-dintilor-40-g\/\" \/>\n<meta property=\"og:site_name\" content=\"SHOPATOA\" \/>\n<meta property=\"article:modified_time\" content=\"2026-02-03T21:20:09+00:00\" \/>\n<meta property=\"og:image\" content=\"https:\/\/storage.googleapis.com\/cz-shopatoa-img\/ro\/0fa639f0-unnamed-file.webp\" \/>\n\t<meta property=\"og:image:width\" content=\"800\" \/>\n\t<meta property=\"og:image:height\" content=\"800\" \/>\n\t<meta property=\"og:image:type\" content=\"image\/webp\" \/>\n<meta name=\"twitter:card\" content=\"summary_large_image\" \/>\n<script type=\"application\/ld+json\" class=\"yoast-schema-graph\">{\"@context\":\"https:\\\/\\\/schema.org\",\"@graph\":[{\"@type\":\"WebPage\",\"@id\":\"https:\\\/\\\/shopatoa.com\\\/ro\\\/bione-cosmetics-dentamint-propolis-pudra-pentru-albirea-dintilor-40-g\\\/\",\"url\":\"https:\\\/\\\/shopatoa.com\\\/ro\\\/bione-cosmetics-dentamint-propolis-pudra-pentru-albirea-dintilor-40-g\\\/\",\"name\":\"Bione Cosmetics Dentamint Propolis pudra pentru albirea dintilor 40 g - SHOPATOA.COM\",\"isPartOf\":{\"@id\":\"https:\\\/\\\/shopatoa.com\\\/ro\\\/#website\"},\"primaryImageOfPage\":{\"@id\":\"https:\\\/\\\/shopatoa.com\\\/ro\\\/bione-cosmetics-dentamint-propolis-pudra-pentru-albirea-dintilor-40-g\\\/#primaryimage\"},\"image\":{\"@id\":\"https:\\\/\\\/shopatoa.com\\\/ro\\\/bione-cosmetics-dentamint-propolis-pudra-pentru-albirea-dintilor-40-g\\\/#primaryimage\"},\"thumbnailUrl\":\"https:\\\/\\\/storage.googleapis.com\\\/cz-shopatoa-img\\\/ro\\\/0fa639f0-unnamed-file.webp\",\"datePublished\":\"2025-06-26T18:18:45+00:00\",\"dateModified\":\"2026-02-03T21:20:09+00:00\",\"breadcrumb\":{\"@id\":\"https:\\\/\\\/shopatoa.com\\\/ro\\\/bione-cosmetics-dentamint-propolis-pudra-pentru-albirea-dintilor-40-g\\\/#breadcrumb\"},\"inLanguage\":\"ro-RO\",\"potentialAction\":[{\"@type\":\"ReadAction\",\"target\":[\"https:\\\/\\\/shopatoa.com\\\/ro\\\/bione-cosmetics-dentamint-propolis-pudra-pentru-albirea-dintilor-40-g\\\/\"]}]},{\"@type\":\"ImageObject\",\"inLanguage\":\"ro-RO\",\"@id\":\"https:\\\/\\\/shopatoa.com\\\/ro\\\/bione-cosmetics-dentamint-propolis-pudra-pentru-albirea-dintilor-40-g\\\/#primaryimage\",\"url\":\"https:\\\/\\\/storage.googleapis.com\\\/cz-shopatoa-img\\\/ro\\\/0fa639f0-unnamed-file.webp\",\"contentUrl\":\"https:\\\/\\\/storage.googleapis.com\\\/cz-shopatoa-img\\\/ro\\\/0fa639f0-unnamed-file.webp\",\"width\":800,\"height\":800},{\"@type\":\"BreadcrumbList\",\"@id\":\"https:\\\/\\\/shopatoa.com\\\/ro\\\/bione-cosmetics-dentamint-propolis-pudra-pentru-albirea-dintilor-40-g\\\/#breadcrumb\",\"itemListElement\":[{\"@type\":\"ListItem\",\"position\":1,\"name\":\"Dom\u016f\",\"item\":\"https:\\\/\\\/shopatoa.com\\\/ro\\\/\"},{\"@type\":\"ListItem\",\"position\":2,\"name\":\"Shop\",\"item\":\"https:\\\/\\\/shopatoa.com\\\/ro\\\/shop\\\/\"},{\"@type\":\"ListItem\",\"position\":3,\"name\":\"S\u0103n\u0103tate \u0219i frumuse\u021be\",\"item\":\"https:\\\/\\\/shopatoa.com\\\/ro\\\/sanatate-si-frumusete\\\/\"},{\"@type\":\"ListItem\",\"position\":4,\"name\":\"\u00cengrijire personal\u0103\",\"item\":\"https:\\\/\\\/shopatoa.com\\\/ro\\\/ingrijire-personala\\\/\"},{\"@type\":\"ListItem\",\"position\":5,\"name\":\"\u00cengrijire oral\u0103\",\"item\":\"https:\\\/\\\/shopatoa.com\\\/ro\\\/ingrijire-orala\\\/\"},{\"@type\":\"ListItem\",\"position\":6,\"name\":\"Albirea din\u021bilor\",\"item\":\"https:\\\/\\\/shopatoa.com\\\/ro\\\/albirea-dintilor-ingrijire-orala\\\/\"},{\"@type\":\"ListItem\",\"position\":7,\"name\":\"Bione Cosmetics Dentamint Propolis pudra pentru albirea dintilor 40 g\"}]},{\"@type\":\"WebSite\",\"@id\":\"https:\\\/\\\/shopatoa.com\\\/ro\\\/#website\",\"url\":\"https:\\\/\\\/shopatoa.com\\\/ro\\\/\",\"name\":\"SHOPATOA\",\"description\":\"\",\"publisher\":{\"@id\":\"https:\\\/\\\/shopatoa.com\\\/ro\\\/#organization\"},\"potentialAction\":[{\"@type\":\"SearchAction\",\"target\":{\"@type\":\"EntryPoint\",\"urlTemplate\":\"https:\\\/\\\/shopatoa.com\\\/ro\\\/?s={search_term_string}\"},\"query-input\":{\"@type\":\"PropertyValueSpecification\",\"valueRequired\":true,\"valueName\":\"search_term_string\"}}],\"inLanguage\":\"ro-RO\"},{\"@type\":\"Organization\",\"@id\":\"https:\\\/\\\/shopatoa.com\\\/ro\\\/#organization\",\"name\":\"SHOPATOA\",\"url\":\"https:\\\/\\\/shopatoa.com\\\/ro\\\/\",\"logo\":{\"@type\":\"ImageObject\",\"inLanguage\":\"ro-RO\",\"@id\":\"https:\\\/\\\/shopatoa.com\\\/ro\\\/#\\\/schema\\\/logo\\\/image\\\/\",\"url\":\"https:\\\/\\\/storage.googleapis.com\\\/cz-shopatoa-img\\\/ro\\\/b4dac915-shopatoa_logo.png\",\"contentUrl\":\"https:\\\/\\\/storage.googleapis.com\\\/cz-shopatoa-img\\\/ro\\\/b4dac915-shopatoa_logo.png\",\"width\":416,\"height\":63,\"caption\":\"SHOPATOA\"},\"image\":{\"@id\":\"https:\\\/\\\/shopatoa.com\\\/ro\\\/#\\\/schema\\\/logo\\\/image\\\/\"}}]}<\/script>\n<!-- \/ Yoast SEO plugin. -->","yoast_head_json":{"title":"Bione Cosmetics Dentamint Propolis pudra pentru albirea dintilor 40 g - SHOPATOA.COM","robots":{"index":"index","follow":"follow","max-snippet":"max-snippet:-1","max-image-preview":"max-image-preview:large","max-video-preview":"max-video-preview:-1"},"canonical":"https:\/\/shopatoa.com\/ro\/bione-cosmetics-dentamint-propolis-pudra-pentru-albirea-dintilor-40-g\/","og_locale":"ro_RO","og_type":"article","og_title":"Bione Cosmetics Dentamint Propolis pudra pentru albirea dintilor 40 g - SHOPATOA.COM","og_description":"Bione Cosmetics Dentamint Propolis, 40 g, Pudra pentru albire pentru femei, Pudra pentru albirea din\u021bilor Bione Cosmetics Dentamint Propolis \u00eenl\u0103tur\u0103 delicat petele cauzate de fumat, de alimente sau de \u00eemb\u0103tr\u00e2nirea din\u021bilor. Rezultatul este un z\u00e2mbet perfect. Caracteristici: cur\u0103\u021b\u0103 \u0219i lustruie\u0219te suprafa\u021ba din\u021bilor \u00eendep\u0103rteaz\u0103 depunerile de pe din\u021bi albe\u0219te din\u021bii \u00eemprosp\u0103teaz\u0103 respira\u021bia Cum se utilizeaz\u0103: Pudra...","og_url":"https:\/\/shopatoa.com\/ro\/bione-cosmetics-dentamint-propolis-pudra-pentru-albirea-dintilor-40-g\/","og_site_name":"SHOPATOA","article_modified_time":"2026-02-03T21:20:09+00:00","og_image":[{"width":800,"height":800,"url":"https:\/\/storage.googleapis.com\/cz-shopatoa-img\/ro\/0fa639f0-unnamed-file.webp","type":"image\/webp"}],"twitter_card":"summary_large_image","schema":{"@context":"https:\/\/schema.org","@graph":[{"@type":"WebPage","@id":"https:\/\/shopatoa.com\/ro\/bione-cosmetics-dentamint-propolis-pudra-pentru-albirea-dintilor-40-g\/","url":"https:\/\/shopatoa.com\/ro\/bione-cosmetics-dentamint-propolis-pudra-pentru-albirea-dintilor-40-g\/","name":"Bione Cosmetics Dentamint Propolis pudra pentru albirea dintilor 40 g - SHOPATOA.COM","isPartOf":{"@id":"https:\/\/shopatoa.com\/ro\/#website"},"primaryImageOfPage":{"@id":"https:\/\/shopatoa.com\/ro\/bione-cosmetics-dentamint-propolis-pudra-pentru-albirea-dintilor-40-g\/#primaryimage"},"image":{"@id":"https:\/\/shopatoa.com\/ro\/bione-cosmetics-dentamint-propolis-pudra-pentru-albirea-dintilor-40-g\/#primaryimage"},"thumbnailUrl":"https:\/\/storage.googleapis.com\/cz-shopatoa-img\/ro\/0fa639f0-unnamed-file.webp","datePublished":"2025-06-26T18:18:45+00:00","dateModified":"2026-02-03T21:20:09+00:00","breadcrumb":{"@id":"https:\/\/shopatoa.com\/ro\/bione-cosmetics-dentamint-propolis-pudra-pentru-albirea-dintilor-40-g\/#breadcrumb"},"inLanguage":"ro-RO","potentialAction":[{"@type":"ReadAction","target":["https:\/\/shopatoa.com\/ro\/bione-cosmetics-dentamint-propolis-pudra-pentru-albirea-dintilor-40-g\/"]}]},{"@type":"ImageObject","inLanguage":"ro-RO","@id":"https:\/\/shopatoa.com\/ro\/bione-cosmetics-dentamint-propolis-pudra-pentru-albirea-dintilor-40-g\/#primaryimage","url":"https:\/\/storage.googleapis.com\/cz-shopatoa-img\/ro\/0fa639f0-unnamed-file.webp","contentUrl":"https:\/\/storage.googleapis.com\/cz-shopatoa-img\/ro\/0fa639f0-unnamed-file.webp","width":800,"height":800},{"@type":"BreadcrumbList","@id":"https:\/\/shopatoa.com\/ro\/bione-cosmetics-dentamint-propolis-pudra-pentru-albirea-dintilor-40-g\/#breadcrumb","itemListElement":[{"@type":"ListItem","position":1,"name":"Dom\u016f","item":"https:\/\/shopatoa.com\/ro\/"},{"@type":"ListItem","position":2,"name":"Shop","item":"https:\/\/shopatoa.com\/ro\/shop\/"},{"@type":"ListItem","position":3,"name":"S\u0103n\u0103tate \u0219i frumuse\u021be","item":"https:\/\/shopatoa.com\/ro\/sanatate-si-frumusete\/"},{"@type":"ListItem","position":4,"name":"\u00cengrijire personal\u0103","item":"https:\/\/shopatoa.com\/ro\/ingrijire-personala\/"},{"@type":"ListItem","position":5,"name":"\u00cengrijire oral\u0103","item":"https:\/\/shopatoa.com\/ro\/ingrijire-orala\/"},{"@type":"ListItem","position":6,"name":"Albirea din\u021bilor","item":"https:\/\/shopatoa.com\/ro\/albirea-dintilor-ingrijire-orala\/"},{"@type":"ListItem","position":7,"name":"Bione Cosmetics Dentamint Propolis pudra pentru albirea dintilor 40 g"}]},{"@type":"WebSite","@id":"https:\/\/shopatoa.com\/ro\/#website","url":"https:\/\/shopatoa.com\/ro\/","name":"SHOPATOA","description":"","publisher":{"@id":"https:\/\/shopatoa.com\/ro\/#organization"},"potentialAction":[{"@type":"SearchAction","target":{"@type":"EntryPoint","urlTemplate":"https:\/\/shopatoa.com\/ro\/?s={search_term_string}"},"query-input":{"@type":"PropertyValueSpecification","valueRequired":true,"valueName":"search_term_string"}}],"inLanguage":"ro-RO"},{"@type":"Organization","@id":"https:\/\/shopatoa.com\/ro\/#organization","name":"SHOPATOA","url":"https:\/\/shopatoa.com\/ro\/","logo":{"@type":"ImageObject","inLanguage":"ro-RO","@id":"https:\/\/shopatoa.com\/ro\/#\/schema\/logo\/image\/","url":"https:\/\/storage.googleapis.com\/cz-shopatoa-img\/ro\/b4dac915-shopatoa_logo.png","contentUrl":"https:\/\/storage.googleapis.com\/cz-shopatoa-img\/ro\/b4dac915-shopatoa_logo.png","width":416,"height":63,"caption":"SHOPATOA"},"image":{"@id":"https:\/\/shopatoa.com\/ro\/#\/schema\/logo\/image\/"}}]}},"_links":{"self":[{"href":"https:\/\/shopatoa.com\/ro\/wp-json\/wp\/v2\/product\/459726","targetHints":{"allow":["GET"]}}],"collection":[{"href":"https:\/\/shopatoa.com\/ro\/wp-json\/wp\/v2\/product"}],"about":[{"href":"https:\/\/shopatoa.com\/ro\/wp-json\/wp\/v2\/types\/product"}],"replies":[{"embeddable":true,"href":"https:\/\/shopatoa.com\/ro\/wp-json\/wp\/v2\/comments?post=459726"}],"wp:featuredmedia":[{"embeddable":true,"href":"https:\/\/shopatoa.com\/ro\/wp-json\/wp\/v2\/media\/459727"}],"wp:attachment":[{"href":"https:\/\/shopatoa.com\/ro\/wp-json\/wp\/v2\/media?parent=459726"}],"wp:term":[{"taxonomy":"product_brand","embeddable":true,"href":"https:\/\/shopatoa.com\/ro\/wp-json\/wp\/v2\/product_brand?post=459726"},{"taxonomy":"product_cat","embeddable":true,"href":"https:\/\/shopatoa.com\/ro\/wp-json\/wp\/v2\/product_cat?post=459726"},{"taxonomy":"product_tag","embeddable":true,"href":"https:\/\/shopatoa.com\/ro\/wp-json\/wp\/v2\/product_tag?post=459726"}],"curies":[{"name":"wp","href":"https:\/\/api.w.org\/{rel}","templated":true}]}}