{"id":459790,"date":"2025-06-26T20:23:52","date_gmt":"2025-06-26T18:23:52","guid":{"rendered":"https:\/\/shopatoa.com\/ro\/adidas-uefa-champions-league-star-gel-de-dus-revigorant-pentru-barbati-400-ml\/"},"modified":"2026-02-03T22:10:13","modified_gmt":"2026-02-03T21:10:13","slug":"adidas-uefa-champions-league-star-gel-de-dus-revigorant-pentru-barbati-400-ml","status":"publish","type":"product","link":"https:\/\/shopatoa.com\/ro\/adidas-uefa-champions-league-star-gel-de-dus-revigorant-pentru-barbati-400-ml\/","title":{"rendered":"Adidas UEFA Champions League Star gel de dus revigorant pentru b\u0103rba\u021bi 400 ml"},"content":{"rendered":"<p>Adidas UEFA Champions League Star, 400 ml, Geluri de du\u0219 \u0219i s\u0103punuri pentru b\u0103rba\u021bi, Gelul de du\u0219 Adidas UEFA Champions League Star transform\u0103 igiena zilnic\u0103 indispensabil\u0103 \u00een momente de prospe\u021bime unice.  Caracteristici:  spal\u0103 pielea \u0219i \u00eendep\u0103rteaz\u0103 impurit\u0103\u021bile creeaz\u0103 o spum\u0103 abundent\u0103 Dup\u0103 utilizare, confer\u0103 o senza\u021bie de prospe\u021bime \u0219i energie  Cum se utilizeaz\u0103: Ideal pentru utilizarea zilnic\u0103. Aplica\u021bi \u00een timpul du\u0219ului sau al b\u0103ii. Se cl\u0103te\u0219te bine. Evita\u021bi contactul direct cu ochii.<\/p>\n","protected":false},"excerpt":{"rendered":"<p>Adidas UEFA Champions League Star, 400 ml, Geluri de du\u0219 \u0219i s\u0103punuri pentru b\u0103rba\u021bi, Gelul de du\u0219 Adidas UEFA Champions League Star transform\u0103 igiena zilnic\u0103 indispensabil\u0103 \u00een momente de prospe\u021bime unice. Caracteristici: spal\u0103 pielea \u0219i \u00eendep\u0103rteaz\u0103 impurit\u0103\u021bile creeaz\u0103 o spum\u0103 abundent\u0103 Dup\u0103 utilizare, confer\u0103 o senza\u021bie de prospe\u021bime \u0219i energie Cum se utilizeaz\u0103: Ideal pentru&#8230;<\/p>\n","protected":false},"featured_media":459791,"comment_status":"closed","ping_status":"open","template":"","meta":{"_acf_changed":false,"_kadence_starter_templates_imported_post":false,"_kad_post_transparent":"","_kad_post_title":"","_kad_post_layout":"","_kad_post_sidebar_id":"","_kad_post_content_style":"","_kad_post_vertical_padding":"","_kad_post_feature":"","_kad_post_feature_position":"","_kad_post_header":false,"_kad_post_footer":false,"_kad_post_classname":""},"product_brand":[294],"product_cat":[1570,1564,1571,1563,1562],"product_tag":[],"class_list":{"0":"post-459790","1":"product","2":"type-product","3":"status-publish","4":"has-post-thumbnail","6":"product_brand-adidas","7":"product_cat-baie-si-corp","8":"product_cat-cosmetice-ingrijire-personala","9":"product_cat-gel-de-dus","10":"product_cat-ingrijire-personala","11":"product_cat-sanatate-si-frumusete","12":"pa_gen-male","13":"pa_marime-400-ml","15":"first","16":"instock","17":"product-type-external","18":"entry","19":"content-bg","20":"loop-entry"},"acf":[],"yoast_head":"<!-- This site is optimized with the Yoast SEO plugin v27.3 - https:\/\/yoast.com\/product\/yoast-seo-wordpress\/ -->\n<title>Adidas UEFA Champions League Star gel de dus revigorant pentru b\u0103rba\u021bi 400 ml - SHOPATOA.COM<\/title>\n<meta name=\"robots\" content=\"index, follow, max-snippet:-1, max-image-preview:large, max-video-preview:-1\" \/>\n<link rel=\"canonical\" href=\"https:\/\/shopatoa.com\/ro\/adidas-uefa-champions-league-star-gel-de-dus-revigorant-pentru-barbati-400-ml\/\" \/>\n<meta property=\"og:locale\" content=\"ro_RO\" \/>\n<meta property=\"og:type\" content=\"article\" \/>\n<meta property=\"og:title\" content=\"Adidas UEFA Champions League Star gel de dus revigorant pentru b\u0103rba\u021bi 400 ml - SHOPATOA.COM\" \/>\n<meta property=\"og:description\" content=\"Adidas UEFA Champions League Star, 400 ml, Geluri de du\u0219 \u0219i s\u0103punuri pentru b\u0103rba\u021bi, Gelul de du\u0219 Adidas UEFA Champions League Star transform\u0103 igiena zilnic\u0103 indispensabil\u0103 \u00een momente de prospe\u021bime unice. Caracteristici: spal\u0103 pielea \u0219i \u00eendep\u0103rteaz\u0103 impurit\u0103\u021bile creeaz\u0103 o spum\u0103 abundent\u0103 Dup\u0103 utilizare, confer\u0103 o senza\u021bie de prospe\u021bime \u0219i energie Cum se utilizeaz\u0103: Ideal pentru...\" \/>\n<meta property=\"og:url\" content=\"https:\/\/shopatoa.com\/ro\/adidas-uefa-champions-league-star-gel-de-dus-revigorant-pentru-barbati-400-ml\/\" \/>\n<meta property=\"og:site_name\" content=\"SHOPATOA\" \/>\n<meta property=\"article:modified_time\" content=\"2026-02-03T21:10:13+00:00\" \/>\n<meta property=\"og:image\" content=\"https:\/\/storage.googleapis.com\/cz-shopatoa-img\/ro\/f4b50d3b-unnamed-file.webp\" \/>\n\t<meta property=\"og:image:width\" content=\"800\" \/>\n\t<meta property=\"og:image:height\" content=\"800\" \/>\n\t<meta property=\"og:image:type\" content=\"image\/webp\" \/>\n<meta name=\"twitter:card\" content=\"summary_large_image\" \/>\n<script type=\"application\/ld+json\" class=\"yoast-schema-graph\">{\"@context\":\"https:\\\/\\\/schema.org\",\"@graph\":[{\"@type\":\"WebPage\",\"@id\":\"https:\\\/\\\/shopatoa.com\\\/ro\\\/adidas-uefa-champions-league-star-gel-de-dus-revigorant-pentru-barbati-400-ml\\\/\",\"url\":\"https:\\\/\\\/shopatoa.com\\\/ro\\\/adidas-uefa-champions-league-star-gel-de-dus-revigorant-pentru-barbati-400-ml\\\/\",\"name\":\"Adidas UEFA Champions League Star gel de dus revigorant pentru b\u0103rba\u021bi 400 ml - SHOPATOA.COM\",\"isPartOf\":{\"@id\":\"https:\\\/\\\/shopatoa.com\\\/ro\\\/#website\"},\"primaryImageOfPage\":{\"@id\":\"https:\\\/\\\/shopatoa.com\\\/ro\\\/adidas-uefa-champions-league-star-gel-de-dus-revigorant-pentru-barbati-400-ml\\\/#primaryimage\"},\"image\":{\"@id\":\"https:\\\/\\\/shopatoa.com\\\/ro\\\/adidas-uefa-champions-league-star-gel-de-dus-revigorant-pentru-barbati-400-ml\\\/#primaryimage\"},\"thumbnailUrl\":\"https:\\\/\\\/storage.googleapis.com\\\/cz-shopatoa-img\\\/ro\\\/f4b50d3b-unnamed-file.webp\",\"datePublished\":\"2025-06-26T18:23:52+00:00\",\"dateModified\":\"2026-02-03T21:10:13+00:00\",\"breadcrumb\":{\"@id\":\"https:\\\/\\\/shopatoa.com\\\/ro\\\/adidas-uefa-champions-league-star-gel-de-dus-revigorant-pentru-barbati-400-ml\\\/#breadcrumb\"},\"inLanguage\":\"ro-RO\",\"potentialAction\":[{\"@type\":\"ReadAction\",\"target\":[\"https:\\\/\\\/shopatoa.com\\\/ro\\\/adidas-uefa-champions-league-star-gel-de-dus-revigorant-pentru-barbati-400-ml\\\/\"]}]},{\"@type\":\"ImageObject\",\"inLanguage\":\"ro-RO\",\"@id\":\"https:\\\/\\\/shopatoa.com\\\/ro\\\/adidas-uefa-champions-league-star-gel-de-dus-revigorant-pentru-barbati-400-ml\\\/#primaryimage\",\"url\":\"https:\\\/\\\/storage.googleapis.com\\\/cz-shopatoa-img\\\/ro\\\/f4b50d3b-unnamed-file.webp\",\"contentUrl\":\"https:\\\/\\\/storage.googleapis.com\\\/cz-shopatoa-img\\\/ro\\\/f4b50d3b-unnamed-file.webp\",\"width\":800,\"height\":800},{\"@type\":\"BreadcrumbList\",\"@id\":\"https:\\\/\\\/shopatoa.com\\\/ro\\\/adidas-uefa-champions-league-star-gel-de-dus-revigorant-pentru-barbati-400-ml\\\/#breadcrumb\",\"itemListElement\":[{\"@type\":\"ListItem\",\"position\":1,\"name\":\"Dom\u016f\",\"item\":\"https:\\\/\\\/shopatoa.com\\\/ro\\\/\"},{\"@type\":\"ListItem\",\"position\":2,\"name\":\"Shop\",\"item\":\"https:\\\/\\\/shopatoa.com\\\/ro\\\/shop\\\/\"},{\"@type\":\"ListItem\",\"position\":3,\"name\":\"S\u0103n\u0103tate \u0219i frumuse\u021be\",\"item\":\"https:\\\/\\\/shopatoa.com\\\/ro\\\/sanatate-si-frumusete\\\/\"},{\"@type\":\"ListItem\",\"position\":4,\"name\":\"\u00cengrijire personal\u0103\",\"item\":\"https:\\\/\\\/shopatoa.com\\\/ro\\\/ingrijire-personala\\\/\"},{\"@type\":\"ListItem\",\"position\":5,\"name\":\"Cosmetice\",\"item\":\"https:\\\/\\\/shopatoa.com\\\/ro\\\/cosmetice-ingrijire-personala\\\/\"},{\"@type\":\"ListItem\",\"position\":6,\"name\":\"Baie \u0219i corp\",\"item\":\"https:\\\/\\\/shopatoa.com\\\/ro\\\/baie-si-corp\\\/\"},{\"@type\":\"ListItem\",\"position\":7,\"name\":\"Gel de du\u0219\",\"item\":\"https:\\\/\\\/shopatoa.com\\\/ro\\\/gel-de-dus\\\/\"},{\"@type\":\"ListItem\",\"position\":8,\"name\":\"Adidas UEFA Champions League Star gel de dus revigorant pentru b\u0103rba\u021bi 400 ml\"}]},{\"@type\":\"WebSite\",\"@id\":\"https:\\\/\\\/shopatoa.com\\\/ro\\\/#website\",\"url\":\"https:\\\/\\\/shopatoa.com\\\/ro\\\/\",\"name\":\"SHOPATOA\",\"description\":\"\",\"publisher\":{\"@id\":\"https:\\\/\\\/shopatoa.com\\\/ro\\\/#organization\"},\"potentialAction\":[{\"@type\":\"SearchAction\",\"target\":{\"@type\":\"EntryPoint\",\"urlTemplate\":\"https:\\\/\\\/shopatoa.com\\\/ro\\\/?s={search_term_string}\"},\"query-input\":{\"@type\":\"PropertyValueSpecification\",\"valueRequired\":true,\"valueName\":\"search_term_string\"}}],\"inLanguage\":\"ro-RO\"},{\"@type\":\"Organization\",\"@id\":\"https:\\\/\\\/shopatoa.com\\\/ro\\\/#organization\",\"name\":\"SHOPATOA\",\"url\":\"https:\\\/\\\/shopatoa.com\\\/ro\\\/\",\"logo\":{\"@type\":\"ImageObject\",\"inLanguage\":\"ro-RO\",\"@id\":\"https:\\\/\\\/shopatoa.com\\\/ro\\\/#\\\/schema\\\/logo\\\/image\\\/\",\"url\":\"https:\\\/\\\/storage.googleapis.com\\\/cz-shopatoa-img\\\/ro\\\/b4dac915-shopatoa_logo.png\",\"contentUrl\":\"https:\\\/\\\/storage.googleapis.com\\\/cz-shopatoa-img\\\/ro\\\/b4dac915-shopatoa_logo.png\",\"width\":416,\"height\":63,\"caption\":\"SHOPATOA\"},\"image\":{\"@id\":\"https:\\\/\\\/shopatoa.com\\\/ro\\\/#\\\/schema\\\/logo\\\/image\\\/\"}}]}<\/script>\n<!-- \/ Yoast SEO plugin. -->","yoast_head_json":{"title":"Adidas UEFA Champions League Star gel de dus revigorant pentru b\u0103rba\u021bi 400 ml - SHOPATOA.COM","robots":{"index":"index","follow":"follow","max-snippet":"max-snippet:-1","max-image-preview":"max-image-preview:large","max-video-preview":"max-video-preview:-1"},"canonical":"https:\/\/shopatoa.com\/ro\/adidas-uefa-champions-league-star-gel-de-dus-revigorant-pentru-barbati-400-ml\/","og_locale":"ro_RO","og_type":"article","og_title":"Adidas UEFA Champions League Star gel de dus revigorant pentru b\u0103rba\u021bi 400 ml - SHOPATOA.COM","og_description":"Adidas UEFA Champions League Star, 400 ml, Geluri de du\u0219 \u0219i s\u0103punuri pentru b\u0103rba\u021bi, Gelul de du\u0219 Adidas UEFA Champions League Star transform\u0103 igiena zilnic\u0103 indispensabil\u0103 \u00een momente de prospe\u021bime unice. Caracteristici: spal\u0103 pielea \u0219i \u00eendep\u0103rteaz\u0103 impurit\u0103\u021bile creeaz\u0103 o spum\u0103 abundent\u0103 Dup\u0103 utilizare, confer\u0103 o senza\u021bie de prospe\u021bime \u0219i energie Cum se utilizeaz\u0103: Ideal pentru...","og_url":"https:\/\/shopatoa.com\/ro\/adidas-uefa-champions-league-star-gel-de-dus-revigorant-pentru-barbati-400-ml\/","og_site_name":"SHOPATOA","article_modified_time":"2026-02-03T21:10:13+00:00","og_image":[{"width":800,"height":800,"url":"https:\/\/storage.googleapis.com\/cz-shopatoa-img\/ro\/f4b50d3b-unnamed-file.webp","type":"image\/webp"}],"twitter_card":"summary_large_image","schema":{"@context":"https:\/\/schema.org","@graph":[{"@type":"WebPage","@id":"https:\/\/shopatoa.com\/ro\/adidas-uefa-champions-league-star-gel-de-dus-revigorant-pentru-barbati-400-ml\/","url":"https:\/\/shopatoa.com\/ro\/adidas-uefa-champions-league-star-gel-de-dus-revigorant-pentru-barbati-400-ml\/","name":"Adidas UEFA Champions League Star gel de dus revigorant pentru b\u0103rba\u021bi 400 ml - SHOPATOA.COM","isPartOf":{"@id":"https:\/\/shopatoa.com\/ro\/#website"},"primaryImageOfPage":{"@id":"https:\/\/shopatoa.com\/ro\/adidas-uefa-champions-league-star-gel-de-dus-revigorant-pentru-barbati-400-ml\/#primaryimage"},"image":{"@id":"https:\/\/shopatoa.com\/ro\/adidas-uefa-champions-league-star-gel-de-dus-revigorant-pentru-barbati-400-ml\/#primaryimage"},"thumbnailUrl":"https:\/\/storage.googleapis.com\/cz-shopatoa-img\/ro\/f4b50d3b-unnamed-file.webp","datePublished":"2025-06-26T18:23:52+00:00","dateModified":"2026-02-03T21:10:13+00:00","breadcrumb":{"@id":"https:\/\/shopatoa.com\/ro\/adidas-uefa-champions-league-star-gel-de-dus-revigorant-pentru-barbati-400-ml\/#breadcrumb"},"inLanguage":"ro-RO","potentialAction":[{"@type":"ReadAction","target":["https:\/\/shopatoa.com\/ro\/adidas-uefa-champions-league-star-gel-de-dus-revigorant-pentru-barbati-400-ml\/"]}]},{"@type":"ImageObject","inLanguage":"ro-RO","@id":"https:\/\/shopatoa.com\/ro\/adidas-uefa-champions-league-star-gel-de-dus-revigorant-pentru-barbati-400-ml\/#primaryimage","url":"https:\/\/storage.googleapis.com\/cz-shopatoa-img\/ro\/f4b50d3b-unnamed-file.webp","contentUrl":"https:\/\/storage.googleapis.com\/cz-shopatoa-img\/ro\/f4b50d3b-unnamed-file.webp","width":800,"height":800},{"@type":"BreadcrumbList","@id":"https:\/\/shopatoa.com\/ro\/adidas-uefa-champions-league-star-gel-de-dus-revigorant-pentru-barbati-400-ml\/#breadcrumb","itemListElement":[{"@type":"ListItem","position":1,"name":"Dom\u016f","item":"https:\/\/shopatoa.com\/ro\/"},{"@type":"ListItem","position":2,"name":"Shop","item":"https:\/\/shopatoa.com\/ro\/shop\/"},{"@type":"ListItem","position":3,"name":"S\u0103n\u0103tate \u0219i frumuse\u021be","item":"https:\/\/shopatoa.com\/ro\/sanatate-si-frumusete\/"},{"@type":"ListItem","position":4,"name":"\u00cengrijire personal\u0103","item":"https:\/\/shopatoa.com\/ro\/ingrijire-personala\/"},{"@type":"ListItem","position":5,"name":"Cosmetice","item":"https:\/\/shopatoa.com\/ro\/cosmetice-ingrijire-personala\/"},{"@type":"ListItem","position":6,"name":"Baie \u0219i corp","item":"https:\/\/shopatoa.com\/ro\/baie-si-corp\/"},{"@type":"ListItem","position":7,"name":"Gel de du\u0219","item":"https:\/\/shopatoa.com\/ro\/gel-de-dus\/"},{"@type":"ListItem","position":8,"name":"Adidas UEFA Champions League Star gel de dus revigorant pentru b\u0103rba\u021bi 400 ml"}]},{"@type":"WebSite","@id":"https:\/\/shopatoa.com\/ro\/#website","url":"https:\/\/shopatoa.com\/ro\/","name":"SHOPATOA","description":"","publisher":{"@id":"https:\/\/shopatoa.com\/ro\/#organization"},"potentialAction":[{"@type":"SearchAction","target":{"@type":"EntryPoint","urlTemplate":"https:\/\/shopatoa.com\/ro\/?s={search_term_string}"},"query-input":{"@type":"PropertyValueSpecification","valueRequired":true,"valueName":"search_term_string"}}],"inLanguage":"ro-RO"},{"@type":"Organization","@id":"https:\/\/shopatoa.com\/ro\/#organization","name":"SHOPATOA","url":"https:\/\/shopatoa.com\/ro\/","logo":{"@type":"ImageObject","inLanguage":"ro-RO","@id":"https:\/\/shopatoa.com\/ro\/#\/schema\/logo\/image\/","url":"https:\/\/storage.googleapis.com\/cz-shopatoa-img\/ro\/b4dac915-shopatoa_logo.png","contentUrl":"https:\/\/storage.googleapis.com\/cz-shopatoa-img\/ro\/b4dac915-shopatoa_logo.png","width":416,"height":63,"caption":"SHOPATOA"},"image":{"@id":"https:\/\/shopatoa.com\/ro\/#\/schema\/logo\/image\/"}}]}},"_links":{"self":[{"href":"https:\/\/shopatoa.com\/ro\/wp-json\/wp\/v2\/product\/459790","targetHints":{"allow":["GET"]}}],"collection":[{"href":"https:\/\/shopatoa.com\/ro\/wp-json\/wp\/v2\/product"}],"about":[{"href":"https:\/\/shopatoa.com\/ro\/wp-json\/wp\/v2\/types\/product"}],"replies":[{"embeddable":true,"href":"https:\/\/shopatoa.com\/ro\/wp-json\/wp\/v2\/comments?post=459790"}],"wp:featuredmedia":[{"embeddable":true,"href":"https:\/\/shopatoa.com\/ro\/wp-json\/wp\/v2\/media\/459791"}],"wp:attachment":[{"href":"https:\/\/shopatoa.com\/ro\/wp-json\/wp\/v2\/media?parent=459790"}],"wp:term":[{"taxonomy":"product_brand","embeddable":true,"href":"https:\/\/shopatoa.com\/ro\/wp-json\/wp\/v2\/product_brand?post=459790"},{"taxonomy":"product_cat","embeddable":true,"href":"https:\/\/shopatoa.com\/ro\/wp-json\/wp\/v2\/product_cat?post=459790"},{"taxonomy":"product_tag","embeddable":true,"href":"https:\/\/shopatoa.com\/ro\/wp-json\/wp\/v2\/product_tag?post=459790"}],"curies":[{"name":"wp","href":"https:\/\/api.w.org\/{rel}","templated":true}]}}