{"id":459864,"date":"2025-06-26T20:30:34","date_gmt":"2025-06-26T18:30:34","guid":{"rendered":"https:\/\/shopatoa.com\/ro\/roc-multi-correxion-even-tone-lift-crema-de-ochi-cu-efect-de-netezire-si-de-iluminare-impotriva-ridurilor-si-cearcanelor-15-ml\/"},"modified":"2026-02-03T21:59:10","modified_gmt":"2026-02-03T20:59:10","slug":"roc-multi-correxion-even-tone-lift-crema-de-ochi-cu-efect-de-netezire-si-de-iluminare-impotriva-ridurilor-si-cearcanelor-15-ml","status":"publish","type":"product","link":"https:\/\/shopatoa.com\/ro\/roc-multi-correxion-even-tone-lift-crema-de-ochi-cu-efect-de-netezire-si-de-iluminare-impotriva-ridurilor-si-cearcanelor-15-ml\/","title":{"rendered":"RoC Multi Correxion Even Tone + Lift crem\u0103 de ochi cu efect de netezire \u0219i de iluminare impotriva ridurilor si cearcanelor 15 ml"},"content":{"rendered":"<p>RoC Multi Correxion Even Tone + Lift, 15 ml, Creme \u0219i geluri pentru ochi pentru femei, Zona ochilor este extrem de sensibil\u0103, tenul acesteia fiind foarte sub\u021bire \u0219i fragil \u0219i, prin urmare, mai predispus la semnele de oboseal\u0103 \u0219i \u00eemb\u0103tr\u00e2nire. De aceea, necesit\u0103 o \u00eengrijire special\u0103, cu o compozi\u021bie \u0219i consisten\u021b\u0103 concepute exact pentru nevoile ei. Crema de ochi RoC Multi Correxion Even Tone + Lift face fa\u021b\u0103 problemelor specifice zonei ochilor. Aceasta va asigura tenului din jurul ochilor nutri\u021bia \u0219i hidratarea necesare, \u00eei va \u00eembun\u0103t\u0103\u021bi calitatea \u0219i \u00eei va restabili vitalitatea \u0219i aspectul proasp\u0103t \u0219i odihnit.  Caracteristici:  uniformizeaz\u0103 nuan\u021ba pielii \u0219i o ilumineaz\u0103 superb neteze\u0219te liniile \u0219i ridurile fine elimin\u0103 pungile \u0219i cercurile \u00eentunecate de sub ochi hidrateaz\u0103 \u00een profunzime neteze\u0219te pielea, are efect de lifting  Cum se utilizeaz\u0103: Produsul se aplic\u0103 \u00een jurul ochilor diminea\u021ba \u0219i\/sau seara, prin tapotare cu degetele, p\u00e2n\u0103 la absorb\u021bie.<\/p>\n","protected":false},"excerpt":{"rendered":"<p>RoC Multi Correxion Even Tone + Lift, 15 ml, Creme \u0219i geluri pentru ochi pentru femei, Zona ochilor este extrem de sensibil\u0103, tenul acesteia fiind foarte sub\u021bire \u0219i fragil \u0219i, prin urmare, mai predispus la semnele de oboseal\u0103 \u0219i \u00eemb\u0103tr\u00e2nire. De aceea, necesit\u0103 o \u00eengrijire special\u0103, cu o compozi\u021bie \u0219i consisten\u021b\u0103 concepute exact pentru nevoile&#8230;<\/p>\n","protected":false},"featured_media":459865,"comment_status":"closed","ping_status":"open","template":"","meta":{"_acf_changed":false,"_kadence_starter_templates_imported_post":false,"_kad_post_transparent":"","_kad_post_title":"","_kad_post_layout":"","_kad_post_sidebar_id":"","_kad_post_content_style":"","_kad_post_vertical_padding":"","_kad_post_feature":"","_kad_post_feature_position":"","_kad_post_header":false,"_kad_post_footer":false,"_kad_post_classname":""},"product_brand":[2596],"product_cat":[1564,1563,1565,1562],"product_tag":[],"class_list":{"0":"post-459864","1":"product","2":"type-product","3":"status-publish","4":"has-post-thumbnail","6":"product_brand-roc","7":"product_cat-cosmetice-ingrijire-personala","8":"product_cat-ingrijire-personala","9":"product_cat-ingrijirea-pielii","10":"product_cat-sanatate-si-frumusete","11":"pa_gen-female","12":"pa_marime-15-ml","14":"first","15":"instock","16":"sale","17":"product-type-external","18":"entry","19":"content-bg","20":"loop-entry"},"acf":[],"yoast_head":"<!-- This site is optimized with the Yoast SEO plugin v27.4 - https:\/\/yoast.com\/product\/yoast-seo-wordpress\/ -->\n<title>RoC Multi Correxion Even Tone + Lift crem\u0103 de ochi cu efect de netezire \u0219i de iluminare impotriva ridurilor si cearcanelor 15 ml - SHOPATOA.COM<\/title>\n<meta name=\"robots\" content=\"index, follow, max-snippet:-1, max-image-preview:large, max-video-preview:-1\" \/>\n<link rel=\"canonical\" href=\"https:\/\/shopatoa.com\/ro\/roc-multi-correxion-even-tone-lift-crema-de-ochi-cu-efect-de-netezire-si-de-iluminare-impotriva-ridurilor-si-cearcanelor-15-ml\/\" \/>\n<meta property=\"og:locale\" content=\"ro_RO\" \/>\n<meta property=\"og:type\" content=\"article\" \/>\n<meta property=\"og:title\" content=\"RoC Multi Correxion Even Tone + Lift crem\u0103 de ochi cu efect de netezire \u0219i de iluminare impotriva ridurilor si cearcanelor 15 ml - SHOPATOA.COM\" \/>\n<meta property=\"og:description\" content=\"RoC Multi Correxion Even Tone + Lift, 15 ml, Creme \u0219i geluri pentru ochi pentru femei, Zona ochilor este extrem de sensibil\u0103, tenul acesteia fiind foarte sub\u021bire \u0219i fragil \u0219i, prin urmare, mai predispus la semnele de oboseal\u0103 \u0219i \u00eemb\u0103tr\u00e2nire. De aceea, necesit\u0103 o \u00eengrijire special\u0103, cu o compozi\u021bie \u0219i consisten\u021b\u0103 concepute exact pentru nevoile...\" \/>\n<meta property=\"og:url\" content=\"https:\/\/shopatoa.com\/ro\/roc-multi-correxion-even-tone-lift-crema-de-ochi-cu-efect-de-netezire-si-de-iluminare-impotriva-ridurilor-si-cearcanelor-15-ml\/\" \/>\n<meta property=\"og:site_name\" content=\"SHOPATOA\" \/>\n<meta property=\"article:modified_time\" content=\"2026-02-03T20:59:10+00:00\" \/>\n<meta property=\"og:image\" content=\"https:\/\/storage.googleapis.com\/cz-shopatoa-img\/ro\/aab7f327-unnamed-file.webp\" \/>\n\t<meta property=\"og:image:width\" content=\"800\" \/>\n\t<meta property=\"og:image:height\" content=\"800\" \/>\n\t<meta property=\"og:image:type\" content=\"image\/webp\" \/>\n<meta name=\"twitter:card\" content=\"summary_large_image\" \/>\n<meta name=\"twitter:label1\" content=\"Timp estimat pentru citire\" \/>\n\t<meta name=\"twitter:data1\" content=\"1 minut\" \/>\n<script type=\"application\/ld+json\" class=\"yoast-schema-graph\">{\"@context\":\"https:\\\/\\\/schema.org\",\"@graph\":[{\"@type\":\"WebPage\",\"@id\":\"https:\\\/\\\/shopatoa.com\\\/ro\\\/roc-multi-correxion-even-tone-lift-crema-de-ochi-cu-efect-de-netezire-si-de-iluminare-impotriva-ridurilor-si-cearcanelor-15-ml\\\/\",\"url\":\"https:\\\/\\\/shopatoa.com\\\/ro\\\/roc-multi-correxion-even-tone-lift-crema-de-ochi-cu-efect-de-netezire-si-de-iluminare-impotriva-ridurilor-si-cearcanelor-15-ml\\\/\",\"name\":\"RoC Multi Correxion Even Tone + Lift crem\u0103 de ochi cu efect de netezire \u0219i de iluminare impotriva ridurilor si cearcanelor 15 ml - SHOPATOA.COM\",\"isPartOf\":{\"@id\":\"https:\\\/\\\/shopatoa.com\\\/ro\\\/#website\"},\"primaryImageOfPage\":{\"@id\":\"https:\\\/\\\/shopatoa.com\\\/ro\\\/roc-multi-correxion-even-tone-lift-crema-de-ochi-cu-efect-de-netezire-si-de-iluminare-impotriva-ridurilor-si-cearcanelor-15-ml\\\/#primaryimage\"},\"image\":{\"@id\":\"https:\\\/\\\/shopatoa.com\\\/ro\\\/roc-multi-correxion-even-tone-lift-crema-de-ochi-cu-efect-de-netezire-si-de-iluminare-impotriva-ridurilor-si-cearcanelor-15-ml\\\/#primaryimage\"},\"thumbnailUrl\":\"https:\\\/\\\/storage.googleapis.com\\\/cz-shopatoa-img\\\/ro\\\/aab7f327-unnamed-file.webp\",\"datePublished\":\"2025-06-26T18:30:34+00:00\",\"dateModified\":\"2026-02-03T20:59:10+00:00\",\"breadcrumb\":{\"@id\":\"https:\\\/\\\/shopatoa.com\\\/ro\\\/roc-multi-correxion-even-tone-lift-crema-de-ochi-cu-efect-de-netezire-si-de-iluminare-impotriva-ridurilor-si-cearcanelor-15-ml\\\/#breadcrumb\"},\"inLanguage\":\"ro-RO\",\"potentialAction\":[{\"@type\":\"ReadAction\",\"target\":[\"https:\\\/\\\/shopatoa.com\\\/ro\\\/roc-multi-correxion-even-tone-lift-crema-de-ochi-cu-efect-de-netezire-si-de-iluminare-impotriva-ridurilor-si-cearcanelor-15-ml\\\/\"]}]},{\"@type\":\"ImageObject\",\"inLanguage\":\"ro-RO\",\"@id\":\"https:\\\/\\\/shopatoa.com\\\/ro\\\/roc-multi-correxion-even-tone-lift-crema-de-ochi-cu-efect-de-netezire-si-de-iluminare-impotriva-ridurilor-si-cearcanelor-15-ml\\\/#primaryimage\",\"url\":\"https:\\\/\\\/storage.googleapis.com\\\/cz-shopatoa-img\\\/ro\\\/aab7f327-unnamed-file.webp\",\"contentUrl\":\"https:\\\/\\\/storage.googleapis.com\\\/cz-shopatoa-img\\\/ro\\\/aab7f327-unnamed-file.webp\",\"width\":800,\"height\":800},{\"@type\":\"BreadcrumbList\",\"@id\":\"https:\\\/\\\/shopatoa.com\\\/ro\\\/roc-multi-correxion-even-tone-lift-crema-de-ochi-cu-efect-de-netezire-si-de-iluminare-impotriva-ridurilor-si-cearcanelor-15-ml\\\/#breadcrumb\",\"itemListElement\":[{\"@type\":\"ListItem\",\"position\":1,\"name\":\"Dom\u016f\",\"item\":\"https:\\\/\\\/shopatoa.com\\\/ro\\\/\"},{\"@type\":\"ListItem\",\"position\":2,\"name\":\"Shop\",\"item\":\"https:\\\/\\\/shopatoa.com\\\/ro\\\/shop\\\/\"},{\"@type\":\"ListItem\",\"position\":3,\"name\":\"S\u0103n\u0103tate \u0219i frumuse\u021be\",\"item\":\"https:\\\/\\\/shopatoa.com\\\/ro\\\/sanatate-si-frumusete\\\/\"},{\"@type\":\"ListItem\",\"position\":4,\"name\":\"\u00cengrijire personal\u0103\",\"item\":\"https:\\\/\\\/shopatoa.com\\\/ro\\\/ingrijire-personala\\\/\"},{\"@type\":\"ListItem\",\"position\":5,\"name\":\"Cosmetice\",\"item\":\"https:\\\/\\\/shopatoa.com\\\/ro\\\/cosmetice-ingrijire-personala\\\/\"},{\"@type\":\"ListItem\",\"position\":6,\"name\":\"\u00cengrijirea pielii\",\"item\":\"https:\\\/\\\/shopatoa.com\\\/ro\\\/ingrijirea-pielii\\\/\"},{\"@type\":\"ListItem\",\"position\":7,\"name\":\"RoC Multi Correxion Even Tone + Lift crem\u0103 de ochi cu efect de netezire \u0219i de iluminare impotriva ridurilor si cearcanelor 15 ml\"}]},{\"@type\":\"WebSite\",\"@id\":\"https:\\\/\\\/shopatoa.com\\\/ro\\\/#website\",\"url\":\"https:\\\/\\\/shopatoa.com\\\/ro\\\/\",\"name\":\"SHOPATOA\",\"description\":\"\",\"publisher\":{\"@id\":\"https:\\\/\\\/shopatoa.com\\\/ro\\\/#organization\"},\"potentialAction\":[{\"@type\":\"SearchAction\",\"target\":{\"@type\":\"EntryPoint\",\"urlTemplate\":\"https:\\\/\\\/shopatoa.com\\\/ro\\\/?s={search_term_string}\"},\"query-input\":{\"@type\":\"PropertyValueSpecification\",\"valueRequired\":true,\"valueName\":\"search_term_string\"}}],\"inLanguage\":\"ro-RO\"},{\"@type\":\"Organization\",\"@id\":\"https:\\\/\\\/shopatoa.com\\\/ro\\\/#organization\",\"name\":\"SHOPATOA\",\"url\":\"https:\\\/\\\/shopatoa.com\\\/ro\\\/\",\"logo\":{\"@type\":\"ImageObject\",\"inLanguage\":\"ro-RO\",\"@id\":\"https:\\\/\\\/shopatoa.com\\\/ro\\\/#\\\/schema\\\/logo\\\/image\\\/\",\"url\":\"https:\\\/\\\/storage.googleapis.com\\\/cz-shopatoa-img\\\/ro\\\/b4dac915-shopatoa_logo.png\",\"contentUrl\":\"https:\\\/\\\/storage.googleapis.com\\\/cz-shopatoa-img\\\/ro\\\/b4dac915-shopatoa_logo.png\",\"width\":416,\"height\":63,\"caption\":\"SHOPATOA\"},\"image\":{\"@id\":\"https:\\\/\\\/shopatoa.com\\\/ro\\\/#\\\/schema\\\/logo\\\/image\\\/\"}}]}<\/script>\n<!-- \/ Yoast SEO plugin. -->","yoast_head_json":{"title":"RoC Multi Correxion Even Tone + Lift crem\u0103 de ochi cu efect de netezire \u0219i de iluminare impotriva ridurilor si cearcanelor 15 ml - SHOPATOA.COM","robots":{"index":"index","follow":"follow","max-snippet":"max-snippet:-1","max-image-preview":"max-image-preview:large","max-video-preview":"max-video-preview:-1"},"canonical":"https:\/\/shopatoa.com\/ro\/roc-multi-correxion-even-tone-lift-crema-de-ochi-cu-efect-de-netezire-si-de-iluminare-impotriva-ridurilor-si-cearcanelor-15-ml\/","og_locale":"ro_RO","og_type":"article","og_title":"RoC Multi Correxion Even Tone + Lift crem\u0103 de ochi cu efect de netezire \u0219i de iluminare impotriva ridurilor si cearcanelor 15 ml - SHOPATOA.COM","og_description":"RoC Multi Correxion Even Tone + Lift, 15 ml, Creme \u0219i geluri pentru ochi pentru femei, Zona ochilor este extrem de sensibil\u0103, tenul acesteia fiind foarte sub\u021bire \u0219i fragil \u0219i, prin urmare, mai predispus la semnele de oboseal\u0103 \u0219i \u00eemb\u0103tr\u00e2nire. De aceea, necesit\u0103 o \u00eengrijire special\u0103, cu o compozi\u021bie \u0219i consisten\u021b\u0103 concepute exact pentru nevoile...","og_url":"https:\/\/shopatoa.com\/ro\/roc-multi-correxion-even-tone-lift-crema-de-ochi-cu-efect-de-netezire-si-de-iluminare-impotriva-ridurilor-si-cearcanelor-15-ml\/","og_site_name":"SHOPATOA","article_modified_time":"2026-02-03T20:59:10+00:00","og_image":[{"width":800,"height":800,"url":"https:\/\/storage.googleapis.com\/cz-shopatoa-img\/ro\/aab7f327-unnamed-file.webp","type":"image\/webp"}],"twitter_card":"summary_large_image","twitter_misc":{"Timp estimat pentru citire":"1 minut"},"schema":{"@context":"https:\/\/schema.org","@graph":[{"@type":"WebPage","@id":"https:\/\/shopatoa.com\/ro\/roc-multi-correxion-even-tone-lift-crema-de-ochi-cu-efect-de-netezire-si-de-iluminare-impotriva-ridurilor-si-cearcanelor-15-ml\/","url":"https:\/\/shopatoa.com\/ro\/roc-multi-correxion-even-tone-lift-crema-de-ochi-cu-efect-de-netezire-si-de-iluminare-impotriva-ridurilor-si-cearcanelor-15-ml\/","name":"RoC Multi Correxion Even Tone + Lift crem\u0103 de ochi cu efect de netezire \u0219i de iluminare impotriva ridurilor si cearcanelor 15 ml - SHOPATOA.COM","isPartOf":{"@id":"https:\/\/shopatoa.com\/ro\/#website"},"primaryImageOfPage":{"@id":"https:\/\/shopatoa.com\/ro\/roc-multi-correxion-even-tone-lift-crema-de-ochi-cu-efect-de-netezire-si-de-iluminare-impotriva-ridurilor-si-cearcanelor-15-ml\/#primaryimage"},"image":{"@id":"https:\/\/shopatoa.com\/ro\/roc-multi-correxion-even-tone-lift-crema-de-ochi-cu-efect-de-netezire-si-de-iluminare-impotriva-ridurilor-si-cearcanelor-15-ml\/#primaryimage"},"thumbnailUrl":"https:\/\/storage.googleapis.com\/cz-shopatoa-img\/ro\/aab7f327-unnamed-file.webp","datePublished":"2025-06-26T18:30:34+00:00","dateModified":"2026-02-03T20:59:10+00:00","breadcrumb":{"@id":"https:\/\/shopatoa.com\/ro\/roc-multi-correxion-even-tone-lift-crema-de-ochi-cu-efect-de-netezire-si-de-iluminare-impotriva-ridurilor-si-cearcanelor-15-ml\/#breadcrumb"},"inLanguage":"ro-RO","potentialAction":[{"@type":"ReadAction","target":["https:\/\/shopatoa.com\/ro\/roc-multi-correxion-even-tone-lift-crema-de-ochi-cu-efect-de-netezire-si-de-iluminare-impotriva-ridurilor-si-cearcanelor-15-ml\/"]}]},{"@type":"ImageObject","inLanguage":"ro-RO","@id":"https:\/\/shopatoa.com\/ro\/roc-multi-correxion-even-tone-lift-crema-de-ochi-cu-efect-de-netezire-si-de-iluminare-impotriva-ridurilor-si-cearcanelor-15-ml\/#primaryimage","url":"https:\/\/storage.googleapis.com\/cz-shopatoa-img\/ro\/aab7f327-unnamed-file.webp","contentUrl":"https:\/\/storage.googleapis.com\/cz-shopatoa-img\/ro\/aab7f327-unnamed-file.webp","width":800,"height":800},{"@type":"BreadcrumbList","@id":"https:\/\/shopatoa.com\/ro\/roc-multi-correxion-even-tone-lift-crema-de-ochi-cu-efect-de-netezire-si-de-iluminare-impotriva-ridurilor-si-cearcanelor-15-ml\/#breadcrumb","itemListElement":[{"@type":"ListItem","position":1,"name":"Dom\u016f","item":"https:\/\/shopatoa.com\/ro\/"},{"@type":"ListItem","position":2,"name":"Shop","item":"https:\/\/shopatoa.com\/ro\/shop\/"},{"@type":"ListItem","position":3,"name":"S\u0103n\u0103tate \u0219i frumuse\u021be","item":"https:\/\/shopatoa.com\/ro\/sanatate-si-frumusete\/"},{"@type":"ListItem","position":4,"name":"\u00cengrijire personal\u0103","item":"https:\/\/shopatoa.com\/ro\/ingrijire-personala\/"},{"@type":"ListItem","position":5,"name":"Cosmetice","item":"https:\/\/shopatoa.com\/ro\/cosmetice-ingrijire-personala\/"},{"@type":"ListItem","position":6,"name":"\u00cengrijirea pielii","item":"https:\/\/shopatoa.com\/ro\/ingrijirea-pielii\/"},{"@type":"ListItem","position":7,"name":"RoC Multi Correxion Even Tone + Lift crem\u0103 de ochi cu efect de netezire \u0219i de iluminare impotriva ridurilor si cearcanelor 15 ml"}]},{"@type":"WebSite","@id":"https:\/\/shopatoa.com\/ro\/#website","url":"https:\/\/shopatoa.com\/ro\/","name":"SHOPATOA","description":"","publisher":{"@id":"https:\/\/shopatoa.com\/ro\/#organization"},"potentialAction":[{"@type":"SearchAction","target":{"@type":"EntryPoint","urlTemplate":"https:\/\/shopatoa.com\/ro\/?s={search_term_string}"},"query-input":{"@type":"PropertyValueSpecification","valueRequired":true,"valueName":"search_term_string"}}],"inLanguage":"ro-RO"},{"@type":"Organization","@id":"https:\/\/shopatoa.com\/ro\/#organization","name":"SHOPATOA","url":"https:\/\/shopatoa.com\/ro\/","logo":{"@type":"ImageObject","inLanguage":"ro-RO","@id":"https:\/\/shopatoa.com\/ro\/#\/schema\/logo\/image\/","url":"https:\/\/storage.googleapis.com\/cz-shopatoa-img\/ro\/b4dac915-shopatoa_logo.png","contentUrl":"https:\/\/storage.googleapis.com\/cz-shopatoa-img\/ro\/b4dac915-shopatoa_logo.png","width":416,"height":63,"caption":"SHOPATOA"},"image":{"@id":"https:\/\/shopatoa.com\/ro\/#\/schema\/logo\/image\/"}}]}},"_links":{"self":[{"href":"https:\/\/shopatoa.com\/ro\/wp-json\/wp\/v2\/product\/459864","targetHints":{"allow":["GET"]}}],"collection":[{"href":"https:\/\/shopatoa.com\/ro\/wp-json\/wp\/v2\/product"}],"about":[{"href":"https:\/\/shopatoa.com\/ro\/wp-json\/wp\/v2\/types\/product"}],"replies":[{"embeddable":true,"href":"https:\/\/shopatoa.com\/ro\/wp-json\/wp\/v2\/comments?post=459864"}],"wp:featuredmedia":[{"embeddable":true,"href":"https:\/\/shopatoa.com\/ro\/wp-json\/wp\/v2\/media\/459865"}],"wp:attachment":[{"href":"https:\/\/shopatoa.com\/ro\/wp-json\/wp\/v2\/media?parent=459864"}],"wp:term":[{"taxonomy":"product_brand","embeddable":true,"href":"https:\/\/shopatoa.com\/ro\/wp-json\/wp\/v2\/product_brand?post=459864"},{"taxonomy":"product_cat","embeddable":true,"href":"https:\/\/shopatoa.com\/ro\/wp-json\/wp\/v2\/product_cat?post=459864"},{"taxonomy":"product_tag","embeddable":true,"href":"https:\/\/shopatoa.com\/ro\/wp-json\/wp\/v2\/product_tag?post=459864"}],"curies":[{"name":"wp","href":"https:\/\/api.w.org\/{rel}","templated":true}]}}