{"id":459954,"date":"2025-06-26T20:37:42","date_gmt":"2025-06-26T18:37:42","guid":{"rendered":"https:\/\/shopatoa.com\/ro\/olehenriksen-glow-strong-set-pentru-ingrijirea-tenului\/"},"modified":"2026-02-03T21:46:15","modified_gmt":"2026-02-03T20:46:15","slug":"olehenriksen-glow-strong-set-pentru-ingrijirea-tenului","status":"publish","type":"product","link":"https:\/\/shopatoa.com\/ro\/olehenriksen-glow-strong-set-pentru-ingrijirea-tenului\/","title":{"rendered":"OLEHENRIKSEN Glow Strong set pentru \u00eengrijirea tenului"},"content":{"rendered":"<p>OLEHENRIKSEN Glow Strong, Creme \u0219i geluri pentru ochi pentru femei, Totul pentru un ten frumos \u00eentr-un singur pachet. Setul de cosmetice OLEHENRIKSEN Glow Strong con\u021bine nu unul, ci mai multe produse, care v\u0103 vor ajuta s\u0103 v\u0103 crea\u021bi sau s\u0103 v\u0103 \u00eembog\u0103\u021bi\u021bi rutina zilnic\u0103 de \u00eengrijire \u0219i s\u0103 v\u0103 oferi\u021bi un moment de bucurie sau s\u0103 oferi\u021bi un cadou celor dragi.  Setul con\u021bine:   OLEHENRIKSEN Strength Trainer Peptide Boost Moisturizer crema de zi hidratanta 15 ml  OLEHENRIKSEN Truth Banana Bright+ Eye Cr\u00e8me crema de ochi iluminatoare 7 ml   Caracteristici:  un mix de produse cosmetice pentru utilizare zilnic\u0103 produse pentru nutri\u021bie \u0219i hidratare \u00een profunzime con\u021bine produse \u00een versiune mini  Cum se utilizeaz\u0103: Folosi\u021bi fiecare produs din setul cosmetic conform instruc\u021biunilor proprii.<\/p>\n","protected":false},"excerpt":{"rendered":"<p>OLEHENRIKSEN Glow Strong, Creme \u0219i geluri pentru ochi pentru femei, Totul pentru un ten frumos \u00eentr-un singur pachet. Setul de cosmetice OLEHENRIKSEN Glow Strong con\u021bine nu unul, ci mai multe produse, care v\u0103 vor ajuta s\u0103 v\u0103 crea\u021bi sau s\u0103 v\u0103 \u00eembog\u0103\u021bi\u021bi rutina zilnic\u0103 de \u00eengrijire \u0219i s\u0103 v\u0103 oferi\u021bi un moment de bucurie sau&#8230;<\/p>\n","protected":false},"featured_media":459955,"comment_status":"closed","ping_status":"open","template":"","meta":{"_acf_changed":false,"_kadence_starter_templates_imported_post":false,"_kad_post_transparent":"","_kad_post_title":"","_kad_post_layout":"","_kad_post_sidebar_id":"","_kad_post_content_style":"","_kad_post_vertical_padding":"","_kad_post_feature":"","_kad_post_feature_position":"","_kad_post_header":false,"_kad_post_footer":false,"_kad_post_classname":""},"product_brand":[2281],"product_cat":[1564,1563,1565,1562],"product_tag":[],"class_list":{"0":"post-459954","1":"product","2":"type-product","3":"status-publish","4":"has-post-thumbnail","6":"product_brand-olehenriksen","7":"product_cat-cosmetice-ingrijire-personala","8":"product_cat-ingrijire-personala","9":"product_cat-ingrijirea-pielii","10":"product_cat-sanatate-si-frumusete","11":"pa_gen-female","13":"first","14":"instock","15":"sale","16":"product-type-external","17":"entry","18":"content-bg","19":"loop-entry"},"acf":[],"yoast_head":"<!-- This site is optimized with the Yoast SEO plugin v27.4 - https:\/\/yoast.com\/product\/yoast-seo-wordpress\/ -->\n<title>OLEHENRIKSEN Glow Strong set pentru \u00eengrijirea tenului - SHOPATOA.COM<\/title>\n<meta name=\"robots\" content=\"index, follow, max-snippet:-1, max-image-preview:large, max-video-preview:-1\" \/>\n<link rel=\"canonical\" href=\"https:\/\/shopatoa.com\/ro\/olehenriksen-glow-strong-set-pentru-ingrijirea-tenului\/\" \/>\n<meta property=\"og:locale\" content=\"ro_RO\" \/>\n<meta property=\"og:type\" content=\"article\" \/>\n<meta property=\"og:title\" content=\"OLEHENRIKSEN Glow Strong set pentru \u00eengrijirea tenului - SHOPATOA.COM\" \/>\n<meta property=\"og:description\" content=\"OLEHENRIKSEN Glow Strong, Creme \u0219i geluri pentru ochi pentru femei, Totul pentru un ten frumos \u00eentr-un singur pachet. Setul de cosmetice OLEHENRIKSEN Glow Strong con\u021bine nu unul, ci mai multe produse, care v\u0103 vor ajuta s\u0103 v\u0103 crea\u021bi sau s\u0103 v\u0103 \u00eembog\u0103\u021bi\u021bi rutina zilnic\u0103 de \u00eengrijire \u0219i s\u0103 v\u0103 oferi\u021bi un moment de bucurie sau...\" \/>\n<meta property=\"og:url\" content=\"https:\/\/shopatoa.com\/ro\/olehenriksen-glow-strong-set-pentru-ingrijirea-tenului\/\" \/>\n<meta property=\"og:site_name\" content=\"SHOPATOA\" \/>\n<meta property=\"article:modified_time\" content=\"2026-02-03T20:46:15+00:00\" \/>\n<meta property=\"og:image\" content=\"https:\/\/storage.googleapis.com\/cz-shopatoa-img\/ro\/1e5e5d99-unnamed-file.webp\" \/>\n\t<meta property=\"og:image:width\" content=\"800\" \/>\n\t<meta property=\"og:image:height\" content=\"800\" \/>\n\t<meta property=\"og:image:type\" content=\"image\/webp\" \/>\n<meta name=\"twitter:card\" content=\"summary_large_image\" \/>\n<meta name=\"twitter:label1\" content=\"Timp estimat pentru citire\" \/>\n\t<meta name=\"twitter:data1\" content=\"1 minut\" \/>\n<script type=\"application\/ld+json\" class=\"yoast-schema-graph\">{\"@context\":\"https:\\\/\\\/schema.org\",\"@graph\":[{\"@type\":\"WebPage\",\"@id\":\"https:\\\/\\\/shopatoa.com\\\/ro\\\/olehenriksen-glow-strong-set-pentru-ingrijirea-tenului\\\/\",\"url\":\"https:\\\/\\\/shopatoa.com\\\/ro\\\/olehenriksen-glow-strong-set-pentru-ingrijirea-tenului\\\/\",\"name\":\"OLEHENRIKSEN Glow Strong set pentru \u00eengrijirea tenului - SHOPATOA.COM\",\"isPartOf\":{\"@id\":\"https:\\\/\\\/shopatoa.com\\\/ro\\\/#website\"},\"primaryImageOfPage\":{\"@id\":\"https:\\\/\\\/shopatoa.com\\\/ro\\\/olehenriksen-glow-strong-set-pentru-ingrijirea-tenului\\\/#primaryimage\"},\"image\":{\"@id\":\"https:\\\/\\\/shopatoa.com\\\/ro\\\/olehenriksen-glow-strong-set-pentru-ingrijirea-tenului\\\/#primaryimage\"},\"thumbnailUrl\":\"https:\\\/\\\/storage.googleapis.com\\\/cz-shopatoa-img\\\/ro\\\/1e5e5d99-unnamed-file.webp\",\"datePublished\":\"2025-06-26T18:37:42+00:00\",\"dateModified\":\"2026-02-03T20:46:15+00:00\",\"breadcrumb\":{\"@id\":\"https:\\\/\\\/shopatoa.com\\\/ro\\\/olehenriksen-glow-strong-set-pentru-ingrijirea-tenului\\\/#breadcrumb\"},\"inLanguage\":\"ro-RO\",\"potentialAction\":[{\"@type\":\"ReadAction\",\"target\":[\"https:\\\/\\\/shopatoa.com\\\/ro\\\/olehenriksen-glow-strong-set-pentru-ingrijirea-tenului\\\/\"]}]},{\"@type\":\"ImageObject\",\"inLanguage\":\"ro-RO\",\"@id\":\"https:\\\/\\\/shopatoa.com\\\/ro\\\/olehenriksen-glow-strong-set-pentru-ingrijirea-tenului\\\/#primaryimage\",\"url\":\"https:\\\/\\\/storage.googleapis.com\\\/cz-shopatoa-img\\\/ro\\\/1e5e5d99-unnamed-file.webp\",\"contentUrl\":\"https:\\\/\\\/storage.googleapis.com\\\/cz-shopatoa-img\\\/ro\\\/1e5e5d99-unnamed-file.webp\",\"width\":800,\"height\":800},{\"@type\":\"BreadcrumbList\",\"@id\":\"https:\\\/\\\/shopatoa.com\\\/ro\\\/olehenriksen-glow-strong-set-pentru-ingrijirea-tenului\\\/#breadcrumb\",\"itemListElement\":[{\"@type\":\"ListItem\",\"position\":1,\"name\":\"Dom\u016f\",\"item\":\"https:\\\/\\\/shopatoa.com\\\/ro\\\/\"},{\"@type\":\"ListItem\",\"position\":2,\"name\":\"Shop\",\"item\":\"https:\\\/\\\/shopatoa.com\\\/ro\\\/shop\\\/\"},{\"@type\":\"ListItem\",\"position\":3,\"name\":\"S\u0103n\u0103tate \u0219i frumuse\u021be\",\"item\":\"https:\\\/\\\/shopatoa.com\\\/ro\\\/sanatate-si-frumusete\\\/\"},{\"@type\":\"ListItem\",\"position\":4,\"name\":\"\u00cengrijire personal\u0103\",\"item\":\"https:\\\/\\\/shopatoa.com\\\/ro\\\/ingrijire-personala\\\/\"},{\"@type\":\"ListItem\",\"position\":5,\"name\":\"Cosmetice\",\"item\":\"https:\\\/\\\/shopatoa.com\\\/ro\\\/cosmetice-ingrijire-personala\\\/\"},{\"@type\":\"ListItem\",\"position\":6,\"name\":\"\u00cengrijirea pielii\",\"item\":\"https:\\\/\\\/shopatoa.com\\\/ro\\\/ingrijirea-pielii\\\/\"},{\"@type\":\"ListItem\",\"position\":7,\"name\":\"OLEHENRIKSEN Glow Strong set pentru \u00eengrijirea tenului\"}]},{\"@type\":\"WebSite\",\"@id\":\"https:\\\/\\\/shopatoa.com\\\/ro\\\/#website\",\"url\":\"https:\\\/\\\/shopatoa.com\\\/ro\\\/\",\"name\":\"SHOPATOA\",\"description\":\"\",\"publisher\":{\"@id\":\"https:\\\/\\\/shopatoa.com\\\/ro\\\/#organization\"},\"potentialAction\":[{\"@type\":\"SearchAction\",\"target\":{\"@type\":\"EntryPoint\",\"urlTemplate\":\"https:\\\/\\\/shopatoa.com\\\/ro\\\/?s={search_term_string}\"},\"query-input\":{\"@type\":\"PropertyValueSpecification\",\"valueRequired\":true,\"valueName\":\"search_term_string\"}}],\"inLanguage\":\"ro-RO\"},{\"@type\":\"Organization\",\"@id\":\"https:\\\/\\\/shopatoa.com\\\/ro\\\/#organization\",\"name\":\"SHOPATOA\",\"url\":\"https:\\\/\\\/shopatoa.com\\\/ro\\\/\",\"logo\":{\"@type\":\"ImageObject\",\"inLanguage\":\"ro-RO\",\"@id\":\"https:\\\/\\\/shopatoa.com\\\/ro\\\/#\\\/schema\\\/logo\\\/image\\\/\",\"url\":\"https:\\\/\\\/storage.googleapis.com\\\/cz-shopatoa-img\\\/ro\\\/b4dac915-shopatoa_logo.png\",\"contentUrl\":\"https:\\\/\\\/storage.googleapis.com\\\/cz-shopatoa-img\\\/ro\\\/b4dac915-shopatoa_logo.png\",\"width\":416,\"height\":63,\"caption\":\"SHOPATOA\"},\"image\":{\"@id\":\"https:\\\/\\\/shopatoa.com\\\/ro\\\/#\\\/schema\\\/logo\\\/image\\\/\"}}]}<\/script>\n<!-- \/ Yoast SEO plugin. -->","yoast_head_json":{"title":"OLEHENRIKSEN Glow Strong set pentru \u00eengrijirea tenului - SHOPATOA.COM","robots":{"index":"index","follow":"follow","max-snippet":"max-snippet:-1","max-image-preview":"max-image-preview:large","max-video-preview":"max-video-preview:-1"},"canonical":"https:\/\/shopatoa.com\/ro\/olehenriksen-glow-strong-set-pentru-ingrijirea-tenului\/","og_locale":"ro_RO","og_type":"article","og_title":"OLEHENRIKSEN Glow Strong set pentru \u00eengrijirea tenului - SHOPATOA.COM","og_description":"OLEHENRIKSEN Glow Strong, Creme \u0219i geluri pentru ochi pentru femei, Totul pentru un ten frumos \u00eentr-un singur pachet. Setul de cosmetice OLEHENRIKSEN Glow Strong con\u021bine nu unul, ci mai multe produse, care v\u0103 vor ajuta s\u0103 v\u0103 crea\u021bi sau s\u0103 v\u0103 \u00eembog\u0103\u021bi\u021bi rutina zilnic\u0103 de \u00eengrijire \u0219i s\u0103 v\u0103 oferi\u021bi un moment de bucurie sau...","og_url":"https:\/\/shopatoa.com\/ro\/olehenriksen-glow-strong-set-pentru-ingrijirea-tenului\/","og_site_name":"SHOPATOA","article_modified_time":"2026-02-03T20:46:15+00:00","og_image":[{"width":800,"height":800,"url":"https:\/\/storage.googleapis.com\/cz-shopatoa-img\/ro\/1e5e5d99-unnamed-file.webp","type":"image\/webp"}],"twitter_card":"summary_large_image","twitter_misc":{"Timp estimat pentru citire":"1 minut"},"schema":{"@context":"https:\/\/schema.org","@graph":[{"@type":"WebPage","@id":"https:\/\/shopatoa.com\/ro\/olehenriksen-glow-strong-set-pentru-ingrijirea-tenului\/","url":"https:\/\/shopatoa.com\/ro\/olehenriksen-glow-strong-set-pentru-ingrijirea-tenului\/","name":"OLEHENRIKSEN Glow Strong set pentru \u00eengrijirea tenului - SHOPATOA.COM","isPartOf":{"@id":"https:\/\/shopatoa.com\/ro\/#website"},"primaryImageOfPage":{"@id":"https:\/\/shopatoa.com\/ro\/olehenriksen-glow-strong-set-pentru-ingrijirea-tenului\/#primaryimage"},"image":{"@id":"https:\/\/shopatoa.com\/ro\/olehenriksen-glow-strong-set-pentru-ingrijirea-tenului\/#primaryimage"},"thumbnailUrl":"https:\/\/storage.googleapis.com\/cz-shopatoa-img\/ro\/1e5e5d99-unnamed-file.webp","datePublished":"2025-06-26T18:37:42+00:00","dateModified":"2026-02-03T20:46:15+00:00","breadcrumb":{"@id":"https:\/\/shopatoa.com\/ro\/olehenriksen-glow-strong-set-pentru-ingrijirea-tenului\/#breadcrumb"},"inLanguage":"ro-RO","potentialAction":[{"@type":"ReadAction","target":["https:\/\/shopatoa.com\/ro\/olehenriksen-glow-strong-set-pentru-ingrijirea-tenului\/"]}]},{"@type":"ImageObject","inLanguage":"ro-RO","@id":"https:\/\/shopatoa.com\/ro\/olehenriksen-glow-strong-set-pentru-ingrijirea-tenului\/#primaryimage","url":"https:\/\/storage.googleapis.com\/cz-shopatoa-img\/ro\/1e5e5d99-unnamed-file.webp","contentUrl":"https:\/\/storage.googleapis.com\/cz-shopatoa-img\/ro\/1e5e5d99-unnamed-file.webp","width":800,"height":800},{"@type":"BreadcrumbList","@id":"https:\/\/shopatoa.com\/ro\/olehenriksen-glow-strong-set-pentru-ingrijirea-tenului\/#breadcrumb","itemListElement":[{"@type":"ListItem","position":1,"name":"Dom\u016f","item":"https:\/\/shopatoa.com\/ro\/"},{"@type":"ListItem","position":2,"name":"Shop","item":"https:\/\/shopatoa.com\/ro\/shop\/"},{"@type":"ListItem","position":3,"name":"S\u0103n\u0103tate \u0219i frumuse\u021be","item":"https:\/\/shopatoa.com\/ro\/sanatate-si-frumusete\/"},{"@type":"ListItem","position":4,"name":"\u00cengrijire personal\u0103","item":"https:\/\/shopatoa.com\/ro\/ingrijire-personala\/"},{"@type":"ListItem","position":5,"name":"Cosmetice","item":"https:\/\/shopatoa.com\/ro\/cosmetice-ingrijire-personala\/"},{"@type":"ListItem","position":6,"name":"\u00cengrijirea pielii","item":"https:\/\/shopatoa.com\/ro\/ingrijirea-pielii\/"},{"@type":"ListItem","position":7,"name":"OLEHENRIKSEN Glow Strong set pentru \u00eengrijirea tenului"}]},{"@type":"WebSite","@id":"https:\/\/shopatoa.com\/ro\/#website","url":"https:\/\/shopatoa.com\/ro\/","name":"SHOPATOA","description":"","publisher":{"@id":"https:\/\/shopatoa.com\/ro\/#organization"},"potentialAction":[{"@type":"SearchAction","target":{"@type":"EntryPoint","urlTemplate":"https:\/\/shopatoa.com\/ro\/?s={search_term_string}"},"query-input":{"@type":"PropertyValueSpecification","valueRequired":true,"valueName":"search_term_string"}}],"inLanguage":"ro-RO"},{"@type":"Organization","@id":"https:\/\/shopatoa.com\/ro\/#organization","name":"SHOPATOA","url":"https:\/\/shopatoa.com\/ro\/","logo":{"@type":"ImageObject","inLanguage":"ro-RO","@id":"https:\/\/shopatoa.com\/ro\/#\/schema\/logo\/image\/","url":"https:\/\/storage.googleapis.com\/cz-shopatoa-img\/ro\/b4dac915-shopatoa_logo.png","contentUrl":"https:\/\/storage.googleapis.com\/cz-shopatoa-img\/ro\/b4dac915-shopatoa_logo.png","width":416,"height":63,"caption":"SHOPATOA"},"image":{"@id":"https:\/\/shopatoa.com\/ro\/#\/schema\/logo\/image\/"}}]}},"_links":{"self":[{"href":"https:\/\/shopatoa.com\/ro\/wp-json\/wp\/v2\/product\/459954","targetHints":{"allow":["GET"]}}],"collection":[{"href":"https:\/\/shopatoa.com\/ro\/wp-json\/wp\/v2\/product"}],"about":[{"href":"https:\/\/shopatoa.com\/ro\/wp-json\/wp\/v2\/types\/product"}],"replies":[{"embeddable":true,"href":"https:\/\/shopatoa.com\/ro\/wp-json\/wp\/v2\/comments?post=459954"}],"wp:featuredmedia":[{"embeddable":true,"href":"https:\/\/shopatoa.com\/ro\/wp-json\/wp\/v2\/media\/459955"}],"wp:attachment":[{"href":"https:\/\/shopatoa.com\/ro\/wp-json\/wp\/v2\/media?parent=459954"}],"wp:term":[{"taxonomy":"product_brand","embeddable":true,"href":"https:\/\/shopatoa.com\/ro\/wp-json\/wp\/v2\/product_brand?post=459954"},{"taxonomy":"product_cat","embeddable":true,"href":"https:\/\/shopatoa.com\/ro\/wp-json\/wp\/v2\/product_cat?post=459954"},{"taxonomy":"product_tag","embeddable":true,"href":"https:\/\/shopatoa.com\/ro\/wp-json\/wp\/v2\/product_tag?post=459954"}],"curies":[{"name":"wp","href":"https:\/\/api.w.org\/{rel}","templated":true}]}}