{"id":460004,"date":"2025-06-26T20:43:12","date_gmt":"2025-06-26T18:43:12","guid":{"rendered":"https:\/\/shopatoa.com\/ro\/max-factor-colour-elixir-24hr-moisture-ruj-hidratant-culoare-080-chilli-48-g\/"},"modified":"2026-02-03T21:38:03","modified_gmt":"2026-02-03T20:38:03","slug":"max-factor-colour-elixir-24hr-moisture-ruj-hidratant-culoare-080-chilli-48-g","status":"publish","type":"product","link":"https:\/\/shopatoa.com\/ro\/max-factor-colour-elixir-24hr-moisture-ruj-hidratant-culoare-080-chilli-48-g\/","title":{"rendered":"Max Factor Colour Elixir 24HR Moisture ruj hidratant culoare 080 Chilli 4,8 g"},"content":{"rendered":"<p>Max Factor Colour Elixir 24HR Moisture, 4,8 g, Buze pentru femei, Buzele frumos eviden\u021biate nu ies niciodat\u0103 din mod\u0103. Rujul Max FactorColour Elixir24HR Moisture acoper\u0103 suprafa\u021ba buzelor cu un strat uniform de culoare bogat\u0103 irezistibil\u0103, accentu\u00e2nd perfect orice machiaj, fie c\u0103 merge\u021bi la serviciu, la o \u00eent\u00e2lnire sau la petrecere. \u00cen plus, v\u0103 va permite nu numai s\u0103 eviden\u021bia\u021bi buzele, ci \u0219i s\u0103 le conferi\u021bi forma dorit\u0103 sau chiar s\u0103 le ajuta\u021bi s\u0103 par\u0103 mai pline. \u00cen doar c\u00e2teva clipe, v\u0103 va ajuta s\u0103 ob\u021bine\u021bi buze perfect colorate \u0219i conturate, care atrag privirile \u0219i tenteaz\u0103 la s\u0103ruturi.  Caracteristici:  hidrateaz\u0103 \u0219i \u00eengrije\u0219te buzele buzele arat\u0103 pline \u0219i s\u0103n\u0103toase pigmentare intens\u0103  Cum se utilizeaz\u0103: Rujul se aplic\u0103 pe buze cu tu\u0219e delicate, dinspre centru spre col\u021buri.<\/p>\n","protected":false},"excerpt":{"rendered":"<p>Max Factor Colour Elixir 24HR Moisture, 4,8 g, Buze pentru femei, Buzele frumos eviden\u021biate nu ies niciodat\u0103 din mod\u0103. Rujul Max FactorColour Elixir24HR Moisture acoper\u0103 suprafa\u021ba buzelor cu un strat uniform de culoare bogat\u0103 irezistibil\u0103, accentu\u00e2nd perfect orice machiaj, fie c\u0103 merge\u021bi la serviciu, la o \u00eent\u00e2lnire sau la petrecere. \u00cen plus, v\u0103 va permite&#8230;<\/p>\n","protected":false},"featured_media":460005,"comment_status":"closed","ping_status":"open","template":"","meta":{"_acf_changed":false,"_kadence_starter_templates_imported_post":false,"_kad_post_transparent":"","_kad_post_title":"","_kad_post_layout":"","_kad_post_sidebar_id":"","_kad_post_content_style":"","_kad_post_vertical_padding":"","_kad_post_feature":"","_kad_post_feature_position":"","_kad_post_header":false,"_kad_post_footer":false,"_kad_post_classname":""},"product_brand":[202],"product_cat":[1564,1563,1576,1610,1611,1562],"product_tag":[],"class_list":{"0":"post-460004","1":"product","2":"type-product","3":"status-publish","4":"has-post-thumbnail","6":"product_brand-max-factor","7":"product_cat-cosmetice-ingrijire-personala","8":"product_cat-ingrijire-personala","9":"product_cat-machiaj","10":"product_cat-machiaj-buze","11":"product_cat-rujuri","12":"product_cat-sanatate-si-frumusete","13":"pa_gen-female","14":"pa_marime-48-g","16":"first","17":"instock","18":"sale","19":"product-type-external","20":"entry","21":"content-bg","22":"loop-entry"},"acf":[],"yoast_head":"<!-- This site is optimized with the Yoast SEO plugin v27.3 - https:\/\/yoast.com\/product\/yoast-seo-wordpress\/ -->\n<title>Max Factor Colour Elixir 24HR Moisture ruj hidratant culoare 080 Chilli 4,8 g - SHOPATOA.COM<\/title>\n<meta name=\"robots\" content=\"index, follow, max-snippet:-1, max-image-preview:large, max-video-preview:-1\" \/>\n<link rel=\"canonical\" href=\"https:\/\/shopatoa.com\/ro\/max-factor-colour-elixir-24hr-moisture-ruj-hidratant-culoare-080-chilli-48-g\/\" \/>\n<meta property=\"og:locale\" content=\"ro_RO\" \/>\n<meta property=\"og:type\" content=\"article\" \/>\n<meta property=\"og:title\" content=\"Max Factor Colour Elixir 24HR Moisture ruj hidratant culoare 080 Chilli 4,8 g - SHOPATOA.COM\" \/>\n<meta property=\"og:description\" content=\"Max Factor Colour Elixir 24HR Moisture, 4,8 g, Buze pentru femei, Buzele frumos eviden\u021biate nu ies niciodat\u0103 din mod\u0103. Rujul Max FactorColour Elixir24HR Moisture acoper\u0103 suprafa\u021ba buzelor cu un strat uniform de culoare bogat\u0103 irezistibil\u0103, accentu\u00e2nd perfect orice machiaj, fie c\u0103 merge\u021bi la serviciu, la o \u00eent\u00e2lnire sau la petrecere. \u00cen plus, v\u0103 va permite...\" \/>\n<meta property=\"og:url\" content=\"https:\/\/shopatoa.com\/ro\/max-factor-colour-elixir-24hr-moisture-ruj-hidratant-culoare-080-chilli-48-g\/\" \/>\n<meta property=\"og:site_name\" content=\"SHOPATOA\" \/>\n<meta property=\"article:modified_time\" content=\"2026-02-03T20:38:03+00:00\" \/>\n<meta property=\"og:image\" content=\"https:\/\/storage.googleapis.com\/cz-shopatoa-img\/ro\/5ad9a867-unnamed-file.webp\" \/>\n\t<meta property=\"og:image:width\" content=\"800\" \/>\n\t<meta property=\"og:image:height\" content=\"800\" \/>\n\t<meta property=\"og:image:type\" content=\"image\/webp\" \/>\n<meta name=\"twitter:card\" content=\"summary_large_image\" \/>\n<meta name=\"twitter:label1\" content=\"Timp estimat pentru citire\" \/>\n\t<meta name=\"twitter:data1\" content=\"1 minut\" \/>\n<script type=\"application\/ld+json\" class=\"yoast-schema-graph\">{\"@context\":\"https:\\\/\\\/schema.org\",\"@graph\":[{\"@type\":\"WebPage\",\"@id\":\"https:\\\/\\\/shopatoa.com\\\/ro\\\/max-factor-colour-elixir-24hr-moisture-ruj-hidratant-culoare-080-chilli-48-g\\\/\",\"url\":\"https:\\\/\\\/shopatoa.com\\\/ro\\\/max-factor-colour-elixir-24hr-moisture-ruj-hidratant-culoare-080-chilli-48-g\\\/\",\"name\":\"Max Factor Colour Elixir 24HR Moisture ruj hidratant culoare 080 Chilli 4,8 g - SHOPATOA.COM\",\"isPartOf\":{\"@id\":\"https:\\\/\\\/shopatoa.com\\\/ro\\\/#website\"},\"primaryImageOfPage\":{\"@id\":\"https:\\\/\\\/shopatoa.com\\\/ro\\\/max-factor-colour-elixir-24hr-moisture-ruj-hidratant-culoare-080-chilli-48-g\\\/#primaryimage\"},\"image\":{\"@id\":\"https:\\\/\\\/shopatoa.com\\\/ro\\\/max-factor-colour-elixir-24hr-moisture-ruj-hidratant-culoare-080-chilli-48-g\\\/#primaryimage\"},\"thumbnailUrl\":\"https:\\\/\\\/storage.googleapis.com\\\/cz-shopatoa-img\\\/ro\\\/5ad9a867-unnamed-file.webp\",\"datePublished\":\"2025-06-26T18:43:12+00:00\",\"dateModified\":\"2026-02-03T20:38:03+00:00\",\"breadcrumb\":{\"@id\":\"https:\\\/\\\/shopatoa.com\\\/ro\\\/max-factor-colour-elixir-24hr-moisture-ruj-hidratant-culoare-080-chilli-48-g\\\/#breadcrumb\"},\"inLanguage\":\"ro-RO\",\"potentialAction\":[{\"@type\":\"ReadAction\",\"target\":[\"https:\\\/\\\/shopatoa.com\\\/ro\\\/max-factor-colour-elixir-24hr-moisture-ruj-hidratant-culoare-080-chilli-48-g\\\/\"]}]},{\"@type\":\"ImageObject\",\"inLanguage\":\"ro-RO\",\"@id\":\"https:\\\/\\\/shopatoa.com\\\/ro\\\/max-factor-colour-elixir-24hr-moisture-ruj-hidratant-culoare-080-chilli-48-g\\\/#primaryimage\",\"url\":\"https:\\\/\\\/storage.googleapis.com\\\/cz-shopatoa-img\\\/ro\\\/5ad9a867-unnamed-file.webp\",\"contentUrl\":\"https:\\\/\\\/storage.googleapis.com\\\/cz-shopatoa-img\\\/ro\\\/5ad9a867-unnamed-file.webp\",\"width\":800,\"height\":800},{\"@type\":\"BreadcrumbList\",\"@id\":\"https:\\\/\\\/shopatoa.com\\\/ro\\\/max-factor-colour-elixir-24hr-moisture-ruj-hidratant-culoare-080-chilli-48-g\\\/#breadcrumb\",\"itemListElement\":[{\"@type\":\"ListItem\",\"position\":1,\"name\":\"Dom\u016f\",\"item\":\"https:\\\/\\\/shopatoa.com\\\/ro\\\/\"},{\"@type\":\"ListItem\",\"position\":2,\"name\":\"Shop\",\"item\":\"https:\\\/\\\/shopatoa.com\\\/ro\\\/shop\\\/\"},{\"@type\":\"ListItem\",\"position\":3,\"name\":\"S\u0103n\u0103tate \u0219i frumuse\u021be\",\"item\":\"https:\\\/\\\/shopatoa.com\\\/ro\\\/sanatate-si-frumusete\\\/\"},{\"@type\":\"ListItem\",\"position\":4,\"name\":\"\u00cengrijire personal\u0103\",\"item\":\"https:\\\/\\\/shopatoa.com\\\/ro\\\/ingrijire-personala\\\/\"},{\"@type\":\"ListItem\",\"position\":5,\"name\":\"Cosmetice\",\"item\":\"https:\\\/\\\/shopatoa.com\\\/ro\\\/cosmetice-ingrijire-personala\\\/\"},{\"@type\":\"ListItem\",\"position\":6,\"name\":\"Machiaj\",\"item\":\"https:\\\/\\\/shopatoa.com\\\/ro\\\/machiaj\\\/\"},{\"@type\":\"ListItem\",\"position\":7,\"name\":\"Machiaj buze\",\"item\":\"https:\\\/\\\/shopatoa.com\\\/ro\\\/machiaj-buze\\\/\"},{\"@type\":\"ListItem\",\"position\":8,\"name\":\"Rujuri\",\"item\":\"https:\\\/\\\/shopatoa.com\\\/ro\\\/rujuri\\\/\"},{\"@type\":\"ListItem\",\"position\":9,\"name\":\"Max Factor Colour Elixir 24HR Moisture ruj hidratant culoare 080 Chilli 4,8 g\"}]},{\"@type\":\"WebSite\",\"@id\":\"https:\\\/\\\/shopatoa.com\\\/ro\\\/#website\",\"url\":\"https:\\\/\\\/shopatoa.com\\\/ro\\\/\",\"name\":\"SHOPATOA\",\"description\":\"\",\"publisher\":{\"@id\":\"https:\\\/\\\/shopatoa.com\\\/ro\\\/#organization\"},\"potentialAction\":[{\"@type\":\"SearchAction\",\"target\":{\"@type\":\"EntryPoint\",\"urlTemplate\":\"https:\\\/\\\/shopatoa.com\\\/ro\\\/?s={search_term_string}\"},\"query-input\":{\"@type\":\"PropertyValueSpecification\",\"valueRequired\":true,\"valueName\":\"search_term_string\"}}],\"inLanguage\":\"ro-RO\"},{\"@type\":\"Organization\",\"@id\":\"https:\\\/\\\/shopatoa.com\\\/ro\\\/#organization\",\"name\":\"SHOPATOA\",\"url\":\"https:\\\/\\\/shopatoa.com\\\/ro\\\/\",\"logo\":{\"@type\":\"ImageObject\",\"inLanguage\":\"ro-RO\",\"@id\":\"https:\\\/\\\/shopatoa.com\\\/ro\\\/#\\\/schema\\\/logo\\\/image\\\/\",\"url\":\"https:\\\/\\\/storage.googleapis.com\\\/cz-shopatoa-img\\\/ro\\\/b4dac915-shopatoa_logo.png\",\"contentUrl\":\"https:\\\/\\\/storage.googleapis.com\\\/cz-shopatoa-img\\\/ro\\\/b4dac915-shopatoa_logo.png\",\"width\":416,\"height\":63,\"caption\":\"SHOPATOA\"},\"image\":{\"@id\":\"https:\\\/\\\/shopatoa.com\\\/ro\\\/#\\\/schema\\\/logo\\\/image\\\/\"}}]}<\/script>\n<!-- \/ Yoast SEO plugin. -->","yoast_head_json":{"title":"Max Factor Colour Elixir 24HR Moisture ruj hidratant culoare 080 Chilli 4,8 g - SHOPATOA.COM","robots":{"index":"index","follow":"follow","max-snippet":"max-snippet:-1","max-image-preview":"max-image-preview:large","max-video-preview":"max-video-preview:-1"},"canonical":"https:\/\/shopatoa.com\/ro\/max-factor-colour-elixir-24hr-moisture-ruj-hidratant-culoare-080-chilli-48-g\/","og_locale":"ro_RO","og_type":"article","og_title":"Max Factor Colour Elixir 24HR Moisture ruj hidratant culoare 080 Chilli 4,8 g - SHOPATOA.COM","og_description":"Max Factor Colour Elixir 24HR Moisture, 4,8 g, Buze pentru femei, Buzele frumos eviden\u021biate nu ies niciodat\u0103 din mod\u0103. Rujul Max FactorColour Elixir24HR Moisture acoper\u0103 suprafa\u021ba buzelor cu un strat uniform de culoare bogat\u0103 irezistibil\u0103, accentu\u00e2nd perfect orice machiaj, fie c\u0103 merge\u021bi la serviciu, la o \u00eent\u00e2lnire sau la petrecere. \u00cen plus, v\u0103 va permite...","og_url":"https:\/\/shopatoa.com\/ro\/max-factor-colour-elixir-24hr-moisture-ruj-hidratant-culoare-080-chilli-48-g\/","og_site_name":"SHOPATOA","article_modified_time":"2026-02-03T20:38:03+00:00","og_image":[{"width":800,"height":800,"url":"https:\/\/storage.googleapis.com\/cz-shopatoa-img\/ro\/5ad9a867-unnamed-file.webp","type":"image\/webp"}],"twitter_card":"summary_large_image","twitter_misc":{"Timp estimat pentru citire":"1 minut"},"schema":{"@context":"https:\/\/schema.org","@graph":[{"@type":"WebPage","@id":"https:\/\/shopatoa.com\/ro\/max-factor-colour-elixir-24hr-moisture-ruj-hidratant-culoare-080-chilli-48-g\/","url":"https:\/\/shopatoa.com\/ro\/max-factor-colour-elixir-24hr-moisture-ruj-hidratant-culoare-080-chilli-48-g\/","name":"Max Factor Colour Elixir 24HR Moisture ruj hidratant culoare 080 Chilli 4,8 g - SHOPATOA.COM","isPartOf":{"@id":"https:\/\/shopatoa.com\/ro\/#website"},"primaryImageOfPage":{"@id":"https:\/\/shopatoa.com\/ro\/max-factor-colour-elixir-24hr-moisture-ruj-hidratant-culoare-080-chilli-48-g\/#primaryimage"},"image":{"@id":"https:\/\/shopatoa.com\/ro\/max-factor-colour-elixir-24hr-moisture-ruj-hidratant-culoare-080-chilli-48-g\/#primaryimage"},"thumbnailUrl":"https:\/\/storage.googleapis.com\/cz-shopatoa-img\/ro\/5ad9a867-unnamed-file.webp","datePublished":"2025-06-26T18:43:12+00:00","dateModified":"2026-02-03T20:38:03+00:00","breadcrumb":{"@id":"https:\/\/shopatoa.com\/ro\/max-factor-colour-elixir-24hr-moisture-ruj-hidratant-culoare-080-chilli-48-g\/#breadcrumb"},"inLanguage":"ro-RO","potentialAction":[{"@type":"ReadAction","target":["https:\/\/shopatoa.com\/ro\/max-factor-colour-elixir-24hr-moisture-ruj-hidratant-culoare-080-chilli-48-g\/"]}]},{"@type":"ImageObject","inLanguage":"ro-RO","@id":"https:\/\/shopatoa.com\/ro\/max-factor-colour-elixir-24hr-moisture-ruj-hidratant-culoare-080-chilli-48-g\/#primaryimage","url":"https:\/\/storage.googleapis.com\/cz-shopatoa-img\/ro\/5ad9a867-unnamed-file.webp","contentUrl":"https:\/\/storage.googleapis.com\/cz-shopatoa-img\/ro\/5ad9a867-unnamed-file.webp","width":800,"height":800},{"@type":"BreadcrumbList","@id":"https:\/\/shopatoa.com\/ro\/max-factor-colour-elixir-24hr-moisture-ruj-hidratant-culoare-080-chilli-48-g\/#breadcrumb","itemListElement":[{"@type":"ListItem","position":1,"name":"Dom\u016f","item":"https:\/\/shopatoa.com\/ro\/"},{"@type":"ListItem","position":2,"name":"Shop","item":"https:\/\/shopatoa.com\/ro\/shop\/"},{"@type":"ListItem","position":3,"name":"S\u0103n\u0103tate \u0219i frumuse\u021be","item":"https:\/\/shopatoa.com\/ro\/sanatate-si-frumusete\/"},{"@type":"ListItem","position":4,"name":"\u00cengrijire personal\u0103","item":"https:\/\/shopatoa.com\/ro\/ingrijire-personala\/"},{"@type":"ListItem","position":5,"name":"Cosmetice","item":"https:\/\/shopatoa.com\/ro\/cosmetice-ingrijire-personala\/"},{"@type":"ListItem","position":6,"name":"Machiaj","item":"https:\/\/shopatoa.com\/ro\/machiaj\/"},{"@type":"ListItem","position":7,"name":"Machiaj buze","item":"https:\/\/shopatoa.com\/ro\/machiaj-buze\/"},{"@type":"ListItem","position":8,"name":"Rujuri","item":"https:\/\/shopatoa.com\/ro\/rujuri\/"},{"@type":"ListItem","position":9,"name":"Max Factor Colour Elixir 24HR Moisture ruj hidratant culoare 080 Chilli 4,8 g"}]},{"@type":"WebSite","@id":"https:\/\/shopatoa.com\/ro\/#website","url":"https:\/\/shopatoa.com\/ro\/","name":"SHOPATOA","description":"","publisher":{"@id":"https:\/\/shopatoa.com\/ro\/#organization"},"potentialAction":[{"@type":"SearchAction","target":{"@type":"EntryPoint","urlTemplate":"https:\/\/shopatoa.com\/ro\/?s={search_term_string}"},"query-input":{"@type":"PropertyValueSpecification","valueRequired":true,"valueName":"search_term_string"}}],"inLanguage":"ro-RO"},{"@type":"Organization","@id":"https:\/\/shopatoa.com\/ro\/#organization","name":"SHOPATOA","url":"https:\/\/shopatoa.com\/ro\/","logo":{"@type":"ImageObject","inLanguage":"ro-RO","@id":"https:\/\/shopatoa.com\/ro\/#\/schema\/logo\/image\/","url":"https:\/\/storage.googleapis.com\/cz-shopatoa-img\/ro\/b4dac915-shopatoa_logo.png","contentUrl":"https:\/\/storage.googleapis.com\/cz-shopatoa-img\/ro\/b4dac915-shopatoa_logo.png","width":416,"height":63,"caption":"SHOPATOA"},"image":{"@id":"https:\/\/shopatoa.com\/ro\/#\/schema\/logo\/image\/"}}]}},"_links":{"self":[{"href":"https:\/\/shopatoa.com\/ro\/wp-json\/wp\/v2\/product\/460004","targetHints":{"allow":["GET"]}}],"collection":[{"href":"https:\/\/shopatoa.com\/ro\/wp-json\/wp\/v2\/product"}],"about":[{"href":"https:\/\/shopatoa.com\/ro\/wp-json\/wp\/v2\/types\/product"}],"replies":[{"embeddable":true,"href":"https:\/\/shopatoa.com\/ro\/wp-json\/wp\/v2\/comments?post=460004"}],"wp:featuredmedia":[{"embeddable":true,"href":"https:\/\/shopatoa.com\/ro\/wp-json\/wp\/v2\/media\/460005"}],"wp:attachment":[{"href":"https:\/\/shopatoa.com\/ro\/wp-json\/wp\/v2\/media?parent=460004"}],"wp:term":[{"taxonomy":"product_brand","embeddable":true,"href":"https:\/\/shopatoa.com\/ro\/wp-json\/wp\/v2\/product_brand?post=460004"},{"taxonomy":"product_cat","embeddable":true,"href":"https:\/\/shopatoa.com\/ro\/wp-json\/wp\/v2\/product_cat?post=460004"},{"taxonomy":"product_tag","embeddable":true,"href":"https:\/\/shopatoa.com\/ro\/wp-json\/wp\/v2\/product_tag?post=460004"}],"curies":[{"name":"wp","href":"https:\/\/api.w.org\/{rel}","templated":true}]}}