{"id":460066,"date":"2025-06-26T20:48:14","date_gmt":"2025-06-26T18:48:14","guid":{"rendered":"https:\/\/shopatoa.com\/ro\/truelife-sonicbrush-clean30-duo-periuta-de-dinti-cu-ultrasunete-2-buc\/"},"modified":"2026-02-03T21:28:16","modified_gmt":"2026-02-03T20:28:16","slug":"truelife-sonicbrush-clean30-duo-periuta-de-dinti-cu-ultrasunete-2-buc","status":"publish","type":"product","link":"https:\/\/shopatoa.com\/ro\/truelife-sonicbrush-clean30-duo-periuta-de-dinti-cu-ultrasunete-2-buc\/","title":{"rendered":"TrueLife SonicBrush Clean30 Duo periuta de dinti cu ultrasunete 2 buc"},"content":{"rendered":"<p>TrueLife SonicBrush Clean30 Duo, 2 buc, Periute de dinti Sonicare pentru femei, Periu\u021ba de din\u021bi electric\u0103 sonic\u0103 TrueLife SonicBrush este caracterizat\u0103 prin vibra\u021bii rapide ale perilor, care \u00eenl\u0103tur\u0103 placa dentar\u0103 delicat, dar extrem de eficient.  Caracteristici:  cur\u0103\u021b\u0103 eficient chiar \u0219i spa\u021biile interdentare ajut\u0103 la \u00eentre\u021binerea unor din\u021bi mai albi, \u00een mod natural previne apari\u021bia tartrului \u0219i a cariilor dentare cu timer \u00eencorporat \u00eenc\u0103rcare USB potrivit \u0219i pentru persoanele cu din\u021bi sau gingii sensibile diferite moduri de cur\u0103\u021bare \u00eenl\u0103tur\u0103 cu p\u00e2n\u0103 la 100% mai mult\u0103 plac\u0103 bacterian\u0103 dec\u00e2t o periu\u021b\u0103 manual\u0103 \u00eengrije\u0219te delicat gingiile \u0219i smal\u021bul dentar  baterie litiu-ion re\u00eenc\u0103rcabil\u0103 hus\u0103 de transport perii periu\u021bei oscileaz\u0103 cu vitez\u0103 mare, \u00eendep\u0103rt\u00e2nd maximum de plac\u0103 cu fiecare mi\u0219care tehnologia sonic\u0103 este potrivit\u0103 pentru utilizarea cu aparate dentare, plombe, coroane \u0219i fa\u021bete baterie cu rezisten\u021b\u0103 \u00eendelungat\u0103 form\u0103 ergonomic\u0103 operare silen\u021bioas\u0103  Cum se utilizeaz\u0103: Se vor urma instruc\u021biunile de utilizare incluse.<\/p>\n","protected":false},"excerpt":{"rendered":"<p>TrueLife SonicBrush Clean30 Duo, 2 buc, Periute de dinti Sonicare pentru femei, Periu\u021ba de din\u021bi electric\u0103 sonic\u0103 TrueLife SonicBrush este caracterizat\u0103 prin vibra\u021bii rapide ale perilor, care \u00eenl\u0103tur\u0103 placa dentar\u0103 delicat, dar extrem de eficient. Caracteristici: cur\u0103\u021b\u0103 eficient chiar \u0219i spa\u021biile interdentare ajut\u0103 la \u00eentre\u021binerea unor din\u021bi mai albi, \u00een mod natural previne apari\u021bia tartrului&#8230;<\/p>\n","protected":false},"featured_media":460067,"comment_status":"closed","ping_status":"open","template":"","meta":{"_acf_changed":false,"_kadence_starter_templates_imported_post":false,"_kad_post_transparent":"","_kad_post_title":"","_kad_post_layout":"","_kad_post_sidebar_id":"","_kad_post_content_style":"","_kad_post_vertical_padding":"","_kad_post_feature":"","_kad_post_feature_position":"","_kad_post_header":false,"_kad_post_footer":false,"_kad_post_classname":""},"product_brand":[2086],"product_cat":[1605,1563,1606,1562],"product_tag":[],"class_list":{"0":"post-460066","1":"product","2":"type-product","3":"status-publish","4":"has-post-thumbnail","6":"product_brand-truelife","7":"product_cat-ingrijire-orala","8":"product_cat-ingrijire-personala","9":"product_cat-periute-de-dinti-ingrijire-orala","10":"product_cat-sanatate-si-frumusete","11":"pa_gen-female","12":"pa_marime-2-buc","14":"first","15":"instock","16":"sale","17":"product-type-external","18":"entry","19":"content-bg","20":"loop-entry"},"acf":[],"yoast_head":"<!-- This site is optimized with the Yoast SEO plugin v27.4 - https:\/\/yoast.com\/product\/yoast-seo-wordpress\/ -->\n<title>TrueLife SonicBrush Clean30 Duo periuta de dinti cu ultrasunete 2 buc - SHOPATOA.COM<\/title>\n<meta name=\"robots\" content=\"index, follow, max-snippet:-1, max-image-preview:large, max-video-preview:-1\" \/>\n<link rel=\"canonical\" href=\"https:\/\/shopatoa.com\/ro\/truelife-sonicbrush-clean30-duo-periuta-de-dinti-cu-ultrasunete-2-buc\/\" \/>\n<meta property=\"og:locale\" content=\"ro_RO\" \/>\n<meta property=\"og:type\" content=\"article\" \/>\n<meta property=\"og:title\" content=\"TrueLife SonicBrush Clean30 Duo periuta de dinti cu ultrasunete 2 buc - SHOPATOA.COM\" \/>\n<meta property=\"og:description\" content=\"TrueLife SonicBrush Clean30 Duo, 2 buc, Periute de dinti Sonicare pentru femei, Periu\u021ba de din\u021bi electric\u0103 sonic\u0103 TrueLife SonicBrush este caracterizat\u0103 prin vibra\u021bii rapide ale perilor, care \u00eenl\u0103tur\u0103 placa dentar\u0103 delicat, dar extrem de eficient. Caracteristici: cur\u0103\u021b\u0103 eficient chiar \u0219i spa\u021biile interdentare ajut\u0103 la \u00eentre\u021binerea unor din\u021bi mai albi, \u00een mod natural previne apari\u021bia tartrului...\" \/>\n<meta property=\"og:url\" content=\"https:\/\/shopatoa.com\/ro\/truelife-sonicbrush-clean30-duo-periuta-de-dinti-cu-ultrasunete-2-buc\/\" \/>\n<meta property=\"og:site_name\" content=\"SHOPATOA\" \/>\n<meta property=\"article:modified_time\" content=\"2026-02-03T20:28:16+00:00\" \/>\n<meta property=\"og:image\" content=\"https:\/\/storage.googleapis.com\/cz-shopatoa-img\/ro\/a6c2844b-unnamed-file.webp\" \/>\n\t<meta property=\"og:image:width\" content=\"800\" \/>\n\t<meta property=\"og:image:height\" content=\"800\" \/>\n\t<meta property=\"og:image:type\" content=\"image\/webp\" \/>\n<meta name=\"twitter:card\" content=\"summary_large_image\" \/>\n<meta name=\"twitter:label1\" content=\"Timp estimat pentru citire\" \/>\n\t<meta name=\"twitter:data1\" content=\"1 minut\" \/>\n<script type=\"application\/ld+json\" class=\"yoast-schema-graph\">{\"@context\":\"https:\\\/\\\/schema.org\",\"@graph\":[{\"@type\":\"WebPage\",\"@id\":\"https:\\\/\\\/shopatoa.com\\\/ro\\\/truelife-sonicbrush-clean30-duo-periuta-de-dinti-cu-ultrasunete-2-buc\\\/\",\"url\":\"https:\\\/\\\/shopatoa.com\\\/ro\\\/truelife-sonicbrush-clean30-duo-periuta-de-dinti-cu-ultrasunete-2-buc\\\/\",\"name\":\"TrueLife SonicBrush Clean30 Duo periuta de dinti cu ultrasunete 2 buc - SHOPATOA.COM\",\"isPartOf\":{\"@id\":\"https:\\\/\\\/shopatoa.com\\\/ro\\\/#website\"},\"primaryImageOfPage\":{\"@id\":\"https:\\\/\\\/shopatoa.com\\\/ro\\\/truelife-sonicbrush-clean30-duo-periuta-de-dinti-cu-ultrasunete-2-buc\\\/#primaryimage\"},\"image\":{\"@id\":\"https:\\\/\\\/shopatoa.com\\\/ro\\\/truelife-sonicbrush-clean30-duo-periuta-de-dinti-cu-ultrasunete-2-buc\\\/#primaryimage\"},\"thumbnailUrl\":\"https:\\\/\\\/storage.googleapis.com\\\/cz-shopatoa-img\\\/ro\\\/a6c2844b-unnamed-file.webp\",\"datePublished\":\"2025-06-26T18:48:14+00:00\",\"dateModified\":\"2026-02-03T20:28:16+00:00\",\"breadcrumb\":{\"@id\":\"https:\\\/\\\/shopatoa.com\\\/ro\\\/truelife-sonicbrush-clean30-duo-periuta-de-dinti-cu-ultrasunete-2-buc\\\/#breadcrumb\"},\"inLanguage\":\"ro-RO\",\"potentialAction\":[{\"@type\":\"ReadAction\",\"target\":[\"https:\\\/\\\/shopatoa.com\\\/ro\\\/truelife-sonicbrush-clean30-duo-periuta-de-dinti-cu-ultrasunete-2-buc\\\/\"]}]},{\"@type\":\"ImageObject\",\"inLanguage\":\"ro-RO\",\"@id\":\"https:\\\/\\\/shopatoa.com\\\/ro\\\/truelife-sonicbrush-clean30-duo-periuta-de-dinti-cu-ultrasunete-2-buc\\\/#primaryimage\",\"url\":\"https:\\\/\\\/storage.googleapis.com\\\/cz-shopatoa-img\\\/ro\\\/a6c2844b-unnamed-file.webp\",\"contentUrl\":\"https:\\\/\\\/storage.googleapis.com\\\/cz-shopatoa-img\\\/ro\\\/a6c2844b-unnamed-file.webp\",\"width\":800,\"height\":800},{\"@type\":\"BreadcrumbList\",\"@id\":\"https:\\\/\\\/shopatoa.com\\\/ro\\\/truelife-sonicbrush-clean30-duo-periuta-de-dinti-cu-ultrasunete-2-buc\\\/#breadcrumb\",\"itemListElement\":[{\"@type\":\"ListItem\",\"position\":1,\"name\":\"Dom\u016f\",\"item\":\"https:\\\/\\\/shopatoa.com\\\/ro\\\/\"},{\"@type\":\"ListItem\",\"position\":2,\"name\":\"Shop\",\"item\":\"https:\\\/\\\/shopatoa.com\\\/ro\\\/shop\\\/\"},{\"@type\":\"ListItem\",\"position\":3,\"name\":\"S\u0103n\u0103tate \u0219i frumuse\u021be\",\"item\":\"https:\\\/\\\/shopatoa.com\\\/ro\\\/sanatate-si-frumusete\\\/\"},{\"@type\":\"ListItem\",\"position\":4,\"name\":\"\u00cengrijire personal\u0103\",\"item\":\"https:\\\/\\\/shopatoa.com\\\/ro\\\/ingrijire-personala\\\/\"},{\"@type\":\"ListItem\",\"position\":5,\"name\":\"\u00cengrijire oral\u0103\",\"item\":\"https:\\\/\\\/shopatoa.com\\\/ro\\\/ingrijire-orala\\\/\"},{\"@type\":\"ListItem\",\"position\":6,\"name\":\"Periu\u021be de din\u021bi\",\"item\":\"https:\\\/\\\/shopatoa.com\\\/ro\\\/periute-de-dinti-ingrijire-orala\\\/\"},{\"@type\":\"ListItem\",\"position\":7,\"name\":\"TrueLife SonicBrush Clean30 Duo periuta de dinti cu ultrasunete 2 buc\"}]},{\"@type\":\"WebSite\",\"@id\":\"https:\\\/\\\/shopatoa.com\\\/ro\\\/#website\",\"url\":\"https:\\\/\\\/shopatoa.com\\\/ro\\\/\",\"name\":\"SHOPATOA\",\"description\":\"\",\"publisher\":{\"@id\":\"https:\\\/\\\/shopatoa.com\\\/ro\\\/#organization\"},\"potentialAction\":[{\"@type\":\"SearchAction\",\"target\":{\"@type\":\"EntryPoint\",\"urlTemplate\":\"https:\\\/\\\/shopatoa.com\\\/ro\\\/?s={search_term_string}\"},\"query-input\":{\"@type\":\"PropertyValueSpecification\",\"valueRequired\":true,\"valueName\":\"search_term_string\"}}],\"inLanguage\":\"ro-RO\"},{\"@type\":\"Organization\",\"@id\":\"https:\\\/\\\/shopatoa.com\\\/ro\\\/#organization\",\"name\":\"SHOPATOA\",\"url\":\"https:\\\/\\\/shopatoa.com\\\/ro\\\/\",\"logo\":{\"@type\":\"ImageObject\",\"inLanguage\":\"ro-RO\",\"@id\":\"https:\\\/\\\/shopatoa.com\\\/ro\\\/#\\\/schema\\\/logo\\\/image\\\/\",\"url\":\"https:\\\/\\\/storage.googleapis.com\\\/cz-shopatoa-img\\\/ro\\\/b4dac915-shopatoa_logo.png\",\"contentUrl\":\"https:\\\/\\\/storage.googleapis.com\\\/cz-shopatoa-img\\\/ro\\\/b4dac915-shopatoa_logo.png\",\"width\":416,\"height\":63,\"caption\":\"SHOPATOA\"},\"image\":{\"@id\":\"https:\\\/\\\/shopatoa.com\\\/ro\\\/#\\\/schema\\\/logo\\\/image\\\/\"}}]}<\/script>\n<!-- \/ Yoast SEO plugin. -->","yoast_head_json":{"title":"TrueLife SonicBrush Clean30 Duo periuta de dinti cu ultrasunete 2 buc - SHOPATOA.COM","robots":{"index":"index","follow":"follow","max-snippet":"max-snippet:-1","max-image-preview":"max-image-preview:large","max-video-preview":"max-video-preview:-1"},"canonical":"https:\/\/shopatoa.com\/ro\/truelife-sonicbrush-clean30-duo-periuta-de-dinti-cu-ultrasunete-2-buc\/","og_locale":"ro_RO","og_type":"article","og_title":"TrueLife SonicBrush Clean30 Duo periuta de dinti cu ultrasunete 2 buc - SHOPATOA.COM","og_description":"TrueLife SonicBrush Clean30 Duo, 2 buc, Periute de dinti Sonicare pentru femei, Periu\u021ba de din\u021bi electric\u0103 sonic\u0103 TrueLife SonicBrush este caracterizat\u0103 prin vibra\u021bii rapide ale perilor, care \u00eenl\u0103tur\u0103 placa dentar\u0103 delicat, dar extrem de eficient. Caracteristici: cur\u0103\u021b\u0103 eficient chiar \u0219i spa\u021biile interdentare ajut\u0103 la \u00eentre\u021binerea unor din\u021bi mai albi, \u00een mod natural previne apari\u021bia tartrului...","og_url":"https:\/\/shopatoa.com\/ro\/truelife-sonicbrush-clean30-duo-periuta-de-dinti-cu-ultrasunete-2-buc\/","og_site_name":"SHOPATOA","article_modified_time":"2026-02-03T20:28:16+00:00","og_image":[{"width":800,"height":800,"url":"https:\/\/storage.googleapis.com\/cz-shopatoa-img\/ro\/a6c2844b-unnamed-file.webp","type":"image\/webp"}],"twitter_card":"summary_large_image","twitter_misc":{"Timp estimat pentru citire":"1 minut"},"schema":{"@context":"https:\/\/schema.org","@graph":[{"@type":"WebPage","@id":"https:\/\/shopatoa.com\/ro\/truelife-sonicbrush-clean30-duo-periuta-de-dinti-cu-ultrasunete-2-buc\/","url":"https:\/\/shopatoa.com\/ro\/truelife-sonicbrush-clean30-duo-periuta-de-dinti-cu-ultrasunete-2-buc\/","name":"TrueLife SonicBrush Clean30 Duo periuta de dinti cu ultrasunete 2 buc - SHOPATOA.COM","isPartOf":{"@id":"https:\/\/shopatoa.com\/ro\/#website"},"primaryImageOfPage":{"@id":"https:\/\/shopatoa.com\/ro\/truelife-sonicbrush-clean30-duo-periuta-de-dinti-cu-ultrasunete-2-buc\/#primaryimage"},"image":{"@id":"https:\/\/shopatoa.com\/ro\/truelife-sonicbrush-clean30-duo-periuta-de-dinti-cu-ultrasunete-2-buc\/#primaryimage"},"thumbnailUrl":"https:\/\/storage.googleapis.com\/cz-shopatoa-img\/ro\/a6c2844b-unnamed-file.webp","datePublished":"2025-06-26T18:48:14+00:00","dateModified":"2026-02-03T20:28:16+00:00","breadcrumb":{"@id":"https:\/\/shopatoa.com\/ro\/truelife-sonicbrush-clean30-duo-periuta-de-dinti-cu-ultrasunete-2-buc\/#breadcrumb"},"inLanguage":"ro-RO","potentialAction":[{"@type":"ReadAction","target":["https:\/\/shopatoa.com\/ro\/truelife-sonicbrush-clean30-duo-periuta-de-dinti-cu-ultrasunete-2-buc\/"]}]},{"@type":"ImageObject","inLanguage":"ro-RO","@id":"https:\/\/shopatoa.com\/ro\/truelife-sonicbrush-clean30-duo-periuta-de-dinti-cu-ultrasunete-2-buc\/#primaryimage","url":"https:\/\/storage.googleapis.com\/cz-shopatoa-img\/ro\/a6c2844b-unnamed-file.webp","contentUrl":"https:\/\/storage.googleapis.com\/cz-shopatoa-img\/ro\/a6c2844b-unnamed-file.webp","width":800,"height":800},{"@type":"BreadcrumbList","@id":"https:\/\/shopatoa.com\/ro\/truelife-sonicbrush-clean30-duo-periuta-de-dinti-cu-ultrasunete-2-buc\/#breadcrumb","itemListElement":[{"@type":"ListItem","position":1,"name":"Dom\u016f","item":"https:\/\/shopatoa.com\/ro\/"},{"@type":"ListItem","position":2,"name":"Shop","item":"https:\/\/shopatoa.com\/ro\/shop\/"},{"@type":"ListItem","position":3,"name":"S\u0103n\u0103tate \u0219i frumuse\u021be","item":"https:\/\/shopatoa.com\/ro\/sanatate-si-frumusete\/"},{"@type":"ListItem","position":4,"name":"\u00cengrijire personal\u0103","item":"https:\/\/shopatoa.com\/ro\/ingrijire-personala\/"},{"@type":"ListItem","position":5,"name":"\u00cengrijire oral\u0103","item":"https:\/\/shopatoa.com\/ro\/ingrijire-orala\/"},{"@type":"ListItem","position":6,"name":"Periu\u021be de din\u021bi","item":"https:\/\/shopatoa.com\/ro\/periute-de-dinti-ingrijire-orala\/"},{"@type":"ListItem","position":7,"name":"TrueLife SonicBrush Clean30 Duo periuta de dinti cu ultrasunete 2 buc"}]},{"@type":"WebSite","@id":"https:\/\/shopatoa.com\/ro\/#website","url":"https:\/\/shopatoa.com\/ro\/","name":"SHOPATOA","description":"","publisher":{"@id":"https:\/\/shopatoa.com\/ro\/#organization"},"potentialAction":[{"@type":"SearchAction","target":{"@type":"EntryPoint","urlTemplate":"https:\/\/shopatoa.com\/ro\/?s={search_term_string}"},"query-input":{"@type":"PropertyValueSpecification","valueRequired":true,"valueName":"search_term_string"}}],"inLanguage":"ro-RO"},{"@type":"Organization","@id":"https:\/\/shopatoa.com\/ro\/#organization","name":"SHOPATOA","url":"https:\/\/shopatoa.com\/ro\/","logo":{"@type":"ImageObject","inLanguage":"ro-RO","@id":"https:\/\/shopatoa.com\/ro\/#\/schema\/logo\/image\/","url":"https:\/\/storage.googleapis.com\/cz-shopatoa-img\/ro\/b4dac915-shopatoa_logo.png","contentUrl":"https:\/\/storage.googleapis.com\/cz-shopatoa-img\/ro\/b4dac915-shopatoa_logo.png","width":416,"height":63,"caption":"SHOPATOA"},"image":{"@id":"https:\/\/shopatoa.com\/ro\/#\/schema\/logo\/image\/"}}]}},"_links":{"self":[{"href":"https:\/\/shopatoa.com\/ro\/wp-json\/wp\/v2\/product\/460066","targetHints":{"allow":["GET"]}}],"collection":[{"href":"https:\/\/shopatoa.com\/ro\/wp-json\/wp\/v2\/product"}],"about":[{"href":"https:\/\/shopatoa.com\/ro\/wp-json\/wp\/v2\/types\/product"}],"replies":[{"embeddable":true,"href":"https:\/\/shopatoa.com\/ro\/wp-json\/wp\/v2\/comments?post=460066"}],"wp:featuredmedia":[{"embeddable":true,"href":"https:\/\/shopatoa.com\/ro\/wp-json\/wp\/v2\/media\/460067"}],"wp:attachment":[{"href":"https:\/\/shopatoa.com\/ro\/wp-json\/wp\/v2\/media?parent=460066"}],"wp:term":[{"taxonomy":"product_brand","embeddable":true,"href":"https:\/\/shopatoa.com\/ro\/wp-json\/wp\/v2\/product_brand?post=460066"},{"taxonomy":"product_cat","embeddable":true,"href":"https:\/\/shopatoa.com\/ro\/wp-json\/wp\/v2\/product_cat?post=460066"},{"taxonomy":"product_tag","embeddable":true,"href":"https:\/\/shopatoa.com\/ro\/wp-json\/wp\/v2\/product_tag?post=460066"}],"curies":[{"name":"wp","href":"https:\/\/api.w.org\/{rel}","templated":true}]}}