{"id":460276,"date":"2025-06-26T21:05:22","date_gmt":"2025-06-26T19:05:22","guid":{"rendered":"https:\/\/shopatoa.com\/ro\/whamisa-organic-flowers-facial-oil-deep-rich-ulei-facial-pentru-hidratare-si-fermitate-32-ml\/"},"modified":"2026-02-03T20:57:14","modified_gmt":"2026-02-03T19:57:14","slug":"whamisa-organic-flowers-facial-oil-deep-rich-ulei-facial-pentru-hidratare-si-fermitate-32-ml","status":"publish","type":"product","link":"https:\/\/shopatoa.com\/ro\/whamisa-organic-flowers-facial-oil-deep-rich-ulei-facial-pentru-hidratare-si-fermitate-32-ml\/","title":{"rendered":"WHAMISA Organic Flowers Facial Oil Deep Rich ulei facial pentru hidratare si fermitate 32 ml"},"content":{"rendered":"<p>WHAMISA Organic Flowers Facial Oil Deep Rich, 32 ml, Ulei facial pentru femei, Sim\u021bi\u021bi c\u0103 tenul dvs. are nevoie de o \u00eengrijire suplimentar\u0103 fa\u021b\u0103 de cea oferit\u0103 de crema facial\u0103? Uleiul de fa\u021b\u0103 WHAMISA Organic Flowers Facial Oil Deep Rich v\u0103 va \u00eembog\u0103\u021bi perfect rutina de \u00eengrijire a tenului \u2013 va conferi tenului o doz\u0103 suplimentar\u0103 de substan\u021be nutritive \u0219i \u00eei va asigura un aspect catifelat.  Caracteristici:  hidrateaz\u0103 \u0219i catifeleaz\u0103 eficient regenereaz\u0103 \u0219i hidrateaz\u0103 hr\u0103ne\u0219te \u00een profunzime reface suple\u021bea pielii las\u0103 tenul \u0219i pielea fine ca m\u0103tasea \u00eempotriva ro\u0219e\u021bii are efect de calmare  Ingrediente:  produs vegan con\u021bine cel pu\u021bin 96 % ingrediente de origine natural\u0103 testat dermatologic ulei de trandafiri \u2013 fixeaz\u0103 umiditatea pentru a men\u021bine pielea hidratat\u0103, hr\u0103ne\u0219te, favorizeaz\u0103 aspectul tineresc \u0219i elasticitatea pielii, ajut\u0103 la netezirea ridurilor, catifeleaz\u0103, armonizeaz\u0103 \u0219i favorizeaz\u0103 regenerarea extract de g\u0103lbenele \u2013 are efecte calmante \u0219i antioxidante, combate irita\u021bia, ro\u0219ea\u021ba \u0219i uscarea pielii, favorizeaz\u0103 regenerarea ulei de jojoba \u2013 men\u021bine pielea intens hidratat\u0103, ofer\u0103 protec\u021bie antioxidant\u0103, combate irita\u021bia \u0219i uscarea, ajut\u0103 la reglarea produc\u021biei de sebum \u0219i favorizeaz\u0103 regenerarea extract de lemn dulce \u2013 combate ro\u0219ea\u021ba, edemele \u0219i petele pigmentare, calmeaz\u0103 \u0219i amelioreaz\u0103 irita\u021bia substan\u021be fermentate \u2013 ajut\u0103 la men\u021binerea microbiomului natural cutanat \u0219i a pH-ului echilibrat, calmeaz\u0103, combat irita\u021biile \u0219i consolideaz\u0103 bariera protectoare cutanat\u0103  Cum se utilizeaz\u0103: Se maseaz\u0103 o cantitate mic\u0103 de ulei \u00een pielea curat\u0103 \u0219i se las\u0103 s\u0103 se absoarb\u0103.<\/p>\n","protected":false},"excerpt":{"rendered":"<p>WHAMISA Organic Flowers Facial Oil Deep Rich, 32 ml, Ulei facial pentru femei, Sim\u021bi\u021bi c\u0103 tenul dvs. are nevoie de o \u00eengrijire suplimentar\u0103 fa\u021b\u0103 de cea oferit\u0103 de crema facial\u0103? Uleiul de fa\u021b\u0103 WHAMISA Organic Flowers Facial Oil Deep Rich v\u0103 va \u00eembog\u0103\u021bi perfect rutina de \u00eengrijire a tenului \u2013 va conferi tenului o doz\u0103&#8230;<\/p>\n","protected":false},"featured_media":460277,"comment_status":"closed","ping_status":"open","template":"","meta":{"_acf_changed":false,"_kadence_starter_templates_imported_post":false,"_kad_post_transparent":"","_kad_post_title":"","_kad_post_layout":"","_kad_post_sidebar_id":"","_kad_post_content_style":"","_kad_post_vertical_padding":"","_kad_post_feature":"","_kad_post_feature_position":"","_kad_post_header":false,"_kad_post_footer":false,"_kad_post_classname":""},"product_brand":[3345],"product_cat":[1564,1563,1565,1562],"product_tag":[],"class_list":{"0":"post-460276","1":"product","2":"type-product","3":"status-publish","4":"has-post-thumbnail","6":"product_brand-whamisa","7":"product_cat-cosmetice-ingrijire-personala","8":"product_cat-ingrijire-personala","9":"product_cat-ingrijirea-pielii","10":"product_cat-sanatate-si-frumusete","11":"pa_gen-female","12":"pa_marime-32-ml","14":"first","15":"instock","16":"sale","17":"product-type-external","18":"entry","19":"content-bg","20":"loop-entry"},"acf":[],"yoast_head":"<!-- This site is optimized with the Yoast SEO plugin v27.4 - https:\/\/yoast.com\/product\/yoast-seo-wordpress\/ -->\n<title>WHAMISA Organic Flowers Facial Oil Deep Rich ulei facial pentru hidratare si fermitate 32 ml - SHOPATOA.COM<\/title>\n<meta name=\"robots\" content=\"index, follow, max-snippet:-1, max-image-preview:large, max-video-preview:-1\" \/>\n<link rel=\"canonical\" href=\"https:\/\/shopatoa.com\/ro\/whamisa-organic-flowers-facial-oil-deep-rich-ulei-facial-pentru-hidratare-si-fermitate-32-ml\/\" \/>\n<meta property=\"og:locale\" content=\"ro_RO\" \/>\n<meta property=\"og:type\" content=\"article\" \/>\n<meta property=\"og:title\" content=\"WHAMISA Organic Flowers Facial Oil Deep Rich ulei facial pentru hidratare si fermitate 32 ml - SHOPATOA.COM\" \/>\n<meta property=\"og:description\" content=\"WHAMISA Organic Flowers Facial Oil Deep Rich, 32 ml, Ulei facial pentru femei, Sim\u021bi\u021bi c\u0103 tenul dvs. are nevoie de o \u00eengrijire suplimentar\u0103 fa\u021b\u0103 de cea oferit\u0103 de crema facial\u0103? Uleiul de fa\u021b\u0103 WHAMISA Organic Flowers Facial Oil Deep Rich v\u0103 va \u00eembog\u0103\u021bi perfect rutina de \u00eengrijire a tenului \u2013 va conferi tenului o doz\u0103...\" \/>\n<meta property=\"og:url\" content=\"https:\/\/shopatoa.com\/ro\/whamisa-organic-flowers-facial-oil-deep-rich-ulei-facial-pentru-hidratare-si-fermitate-32-ml\/\" \/>\n<meta property=\"og:site_name\" content=\"SHOPATOA\" \/>\n<meta property=\"article:modified_time\" content=\"2026-02-03T19:57:14+00:00\" \/>\n<meta property=\"og:image\" content=\"https:\/\/storage.googleapis.com\/cz-shopatoa-img\/ro\/e070f510-unnamed-file.webp\" \/>\n\t<meta property=\"og:image:width\" content=\"800\" \/>\n\t<meta property=\"og:image:height\" content=\"800\" \/>\n\t<meta property=\"og:image:type\" content=\"image\/webp\" \/>\n<meta name=\"twitter:card\" content=\"summary_large_image\" \/>\n<meta name=\"twitter:label1\" content=\"Timp estimat pentru citire\" \/>\n\t<meta name=\"twitter:data1\" content=\"1 minut\" \/>\n<script type=\"application\/ld+json\" class=\"yoast-schema-graph\">{\"@context\":\"https:\\\/\\\/schema.org\",\"@graph\":[{\"@type\":\"WebPage\",\"@id\":\"https:\\\/\\\/shopatoa.com\\\/ro\\\/whamisa-organic-flowers-facial-oil-deep-rich-ulei-facial-pentru-hidratare-si-fermitate-32-ml\\\/\",\"url\":\"https:\\\/\\\/shopatoa.com\\\/ro\\\/whamisa-organic-flowers-facial-oil-deep-rich-ulei-facial-pentru-hidratare-si-fermitate-32-ml\\\/\",\"name\":\"WHAMISA Organic Flowers Facial Oil Deep Rich ulei facial pentru hidratare si fermitate 32 ml - SHOPATOA.COM\",\"isPartOf\":{\"@id\":\"https:\\\/\\\/shopatoa.com\\\/ro\\\/#website\"},\"primaryImageOfPage\":{\"@id\":\"https:\\\/\\\/shopatoa.com\\\/ro\\\/whamisa-organic-flowers-facial-oil-deep-rich-ulei-facial-pentru-hidratare-si-fermitate-32-ml\\\/#primaryimage\"},\"image\":{\"@id\":\"https:\\\/\\\/shopatoa.com\\\/ro\\\/whamisa-organic-flowers-facial-oil-deep-rich-ulei-facial-pentru-hidratare-si-fermitate-32-ml\\\/#primaryimage\"},\"thumbnailUrl\":\"https:\\\/\\\/storage.googleapis.com\\\/cz-shopatoa-img\\\/ro\\\/e070f510-unnamed-file.webp\",\"datePublished\":\"2025-06-26T19:05:22+00:00\",\"dateModified\":\"2026-02-03T19:57:14+00:00\",\"breadcrumb\":{\"@id\":\"https:\\\/\\\/shopatoa.com\\\/ro\\\/whamisa-organic-flowers-facial-oil-deep-rich-ulei-facial-pentru-hidratare-si-fermitate-32-ml\\\/#breadcrumb\"},\"inLanguage\":\"ro-RO\",\"potentialAction\":[{\"@type\":\"ReadAction\",\"target\":[\"https:\\\/\\\/shopatoa.com\\\/ro\\\/whamisa-organic-flowers-facial-oil-deep-rich-ulei-facial-pentru-hidratare-si-fermitate-32-ml\\\/\"]}]},{\"@type\":\"ImageObject\",\"inLanguage\":\"ro-RO\",\"@id\":\"https:\\\/\\\/shopatoa.com\\\/ro\\\/whamisa-organic-flowers-facial-oil-deep-rich-ulei-facial-pentru-hidratare-si-fermitate-32-ml\\\/#primaryimage\",\"url\":\"https:\\\/\\\/storage.googleapis.com\\\/cz-shopatoa-img\\\/ro\\\/e070f510-unnamed-file.webp\",\"contentUrl\":\"https:\\\/\\\/storage.googleapis.com\\\/cz-shopatoa-img\\\/ro\\\/e070f510-unnamed-file.webp\",\"width\":800,\"height\":800},{\"@type\":\"BreadcrumbList\",\"@id\":\"https:\\\/\\\/shopatoa.com\\\/ro\\\/whamisa-organic-flowers-facial-oil-deep-rich-ulei-facial-pentru-hidratare-si-fermitate-32-ml\\\/#breadcrumb\",\"itemListElement\":[{\"@type\":\"ListItem\",\"position\":1,\"name\":\"Dom\u016f\",\"item\":\"https:\\\/\\\/shopatoa.com\\\/ro\\\/\"},{\"@type\":\"ListItem\",\"position\":2,\"name\":\"Shop\",\"item\":\"https:\\\/\\\/shopatoa.com\\\/ro\\\/shop\\\/\"},{\"@type\":\"ListItem\",\"position\":3,\"name\":\"S\u0103n\u0103tate \u0219i frumuse\u021be\",\"item\":\"https:\\\/\\\/shopatoa.com\\\/ro\\\/sanatate-si-frumusete\\\/\"},{\"@type\":\"ListItem\",\"position\":4,\"name\":\"\u00cengrijire personal\u0103\",\"item\":\"https:\\\/\\\/shopatoa.com\\\/ro\\\/ingrijire-personala\\\/\"},{\"@type\":\"ListItem\",\"position\":5,\"name\":\"Cosmetice\",\"item\":\"https:\\\/\\\/shopatoa.com\\\/ro\\\/cosmetice-ingrijire-personala\\\/\"},{\"@type\":\"ListItem\",\"position\":6,\"name\":\"\u00cengrijirea pielii\",\"item\":\"https:\\\/\\\/shopatoa.com\\\/ro\\\/ingrijirea-pielii\\\/\"},{\"@type\":\"ListItem\",\"position\":7,\"name\":\"WHAMISA Organic Flowers Facial Oil Deep Rich ulei facial pentru hidratare si fermitate 32 ml\"}]},{\"@type\":\"WebSite\",\"@id\":\"https:\\\/\\\/shopatoa.com\\\/ro\\\/#website\",\"url\":\"https:\\\/\\\/shopatoa.com\\\/ro\\\/\",\"name\":\"SHOPATOA\",\"description\":\"\",\"publisher\":{\"@id\":\"https:\\\/\\\/shopatoa.com\\\/ro\\\/#organization\"},\"potentialAction\":[{\"@type\":\"SearchAction\",\"target\":{\"@type\":\"EntryPoint\",\"urlTemplate\":\"https:\\\/\\\/shopatoa.com\\\/ro\\\/?s={search_term_string}\"},\"query-input\":{\"@type\":\"PropertyValueSpecification\",\"valueRequired\":true,\"valueName\":\"search_term_string\"}}],\"inLanguage\":\"ro-RO\"},{\"@type\":\"Organization\",\"@id\":\"https:\\\/\\\/shopatoa.com\\\/ro\\\/#organization\",\"name\":\"SHOPATOA\",\"url\":\"https:\\\/\\\/shopatoa.com\\\/ro\\\/\",\"logo\":{\"@type\":\"ImageObject\",\"inLanguage\":\"ro-RO\",\"@id\":\"https:\\\/\\\/shopatoa.com\\\/ro\\\/#\\\/schema\\\/logo\\\/image\\\/\",\"url\":\"https:\\\/\\\/storage.googleapis.com\\\/cz-shopatoa-img\\\/ro\\\/b4dac915-shopatoa_logo.png\",\"contentUrl\":\"https:\\\/\\\/storage.googleapis.com\\\/cz-shopatoa-img\\\/ro\\\/b4dac915-shopatoa_logo.png\",\"width\":416,\"height\":63,\"caption\":\"SHOPATOA\"},\"image\":{\"@id\":\"https:\\\/\\\/shopatoa.com\\\/ro\\\/#\\\/schema\\\/logo\\\/image\\\/\"}}]}<\/script>\n<!-- \/ Yoast SEO plugin. -->","yoast_head_json":{"title":"WHAMISA Organic Flowers Facial Oil Deep Rich ulei facial pentru hidratare si fermitate 32 ml - SHOPATOA.COM","robots":{"index":"index","follow":"follow","max-snippet":"max-snippet:-1","max-image-preview":"max-image-preview:large","max-video-preview":"max-video-preview:-1"},"canonical":"https:\/\/shopatoa.com\/ro\/whamisa-organic-flowers-facial-oil-deep-rich-ulei-facial-pentru-hidratare-si-fermitate-32-ml\/","og_locale":"ro_RO","og_type":"article","og_title":"WHAMISA Organic Flowers Facial Oil Deep Rich ulei facial pentru hidratare si fermitate 32 ml - SHOPATOA.COM","og_description":"WHAMISA Organic Flowers Facial Oil Deep Rich, 32 ml, Ulei facial pentru femei, Sim\u021bi\u021bi c\u0103 tenul dvs. are nevoie de o \u00eengrijire suplimentar\u0103 fa\u021b\u0103 de cea oferit\u0103 de crema facial\u0103? Uleiul de fa\u021b\u0103 WHAMISA Organic Flowers Facial Oil Deep Rich v\u0103 va \u00eembog\u0103\u021bi perfect rutina de \u00eengrijire a tenului \u2013 va conferi tenului o doz\u0103...","og_url":"https:\/\/shopatoa.com\/ro\/whamisa-organic-flowers-facial-oil-deep-rich-ulei-facial-pentru-hidratare-si-fermitate-32-ml\/","og_site_name":"SHOPATOA","article_modified_time":"2026-02-03T19:57:14+00:00","og_image":[{"width":800,"height":800,"url":"https:\/\/storage.googleapis.com\/cz-shopatoa-img\/ro\/e070f510-unnamed-file.webp","type":"image\/webp"}],"twitter_card":"summary_large_image","twitter_misc":{"Timp estimat pentru citire":"1 minut"},"schema":{"@context":"https:\/\/schema.org","@graph":[{"@type":"WebPage","@id":"https:\/\/shopatoa.com\/ro\/whamisa-organic-flowers-facial-oil-deep-rich-ulei-facial-pentru-hidratare-si-fermitate-32-ml\/","url":"https:\/\/shopatoa.com\/ro\/whamisa-organic-flowers-facial-oil-deep-rich-ulei-facial-pentru-hidratare-si-fermitate-32-ml\/","name":"WHAMISA Organic Flowers Facial Oil Deep Rich ulei facial pentru hidratare si fermitate 32 ml - SHOPATOA.COM","isPartOf":{"@id":"https:\/\/shopatoa.com\/ro\/#website"},"primaryImageOfPage":{"@id":"https:\/\/shopatoa.com\/ro\/whamisa-organic-flowers-facial-oil-deep-rich-ulei-facial-pentru-hidratare-si-fermitate-32-ml\/#primaryimage"},"image":{"@id":"https:\/\/shopatoa.com\/ro\/whamisa-organic-flowers-facial-oil-deep-rich-ulei-facial-pentru-hidratare-si-fermitate-32-ml\/#primaryimage"},"thumbnailUrl":"https:\/\/storage.googleapis.com\/cz-shopatoa-img\/ro\/e070f510-unnamed-file.webp","datePublished":"2025-06-26T19:05:22+00:00","dateModified":"2026-02-03T19:57:14+00:00","breadcrumb":{"@id":"https:\/\/shopatoa.com\/ro\/whamisa-organic-flowers-facial-oil-deep-rich-ulei-facial-pentru-hidratare-si-fermitate-32-ml\/#breadcrumb"},"inLanguage":"ro-RO","potentialAction":[{"@type":"ReadAction","target":["https:\/\/shopatoa.com\/ro\/whamisa-organic-flowers-facial-oil-deep-rich-ulei-facial-pentru-hidratare-si-fermitate-32-ml\/"]}]},{"@type":"ImageObject","inLanguage":"ro-RO","@id":"https:\/\/shopatoa.com\/ro\/whamisa-organic-flowers-facial-oil-deep-rich-ulei-facial-pentru-hidratare-si-fermitate-32-ml\/#primaryimage","url":"https:\/\/storage.googleapis.com\/cz-shopatoa-img\/ro\/e070f510-unnamed-file.webp","contentUrl":"https:\/\/storage.googleapis.com\/cz-shopatoa-img\/ro\/e070f510-unnamed-file.webp","width":800,"height":800},{"@type":"BreadcrumbList","@id":"https:\/\/shopatoa.com\/ro\/whamisa-organic-flowers-facial-oil-deep-rich-ulei-facial-pentru-hidratare-si-fermitate-32-ml\/#breadcrumb","itemListElement":[{"@type":"ListItem","position":1,"name":"Dom\u016f","item":"https:\/\/shopatoa.com\/ro\/"},{"@type":"ListItem","position":2,"name":"Shop","item":"https:\/\/shopatoa.com\/ro\/shop\/"},{"@type":"ListItem","position":3,"name":"S\u0103n\u0103tate \u0219i frumuse\u021be","item":"https:\/\/shopatoa.com\/ro\/sanatate-si-frumusete\/"},{"@type":"ListItem","position":4,"name":"\u00cengrijire personal\u0103","item":"https:\/\/shopatoa.com\/ro\/ingrijire-personala\/"},{"@type":"ListItem","position":5,"name":"Cosmetice","item":"https:\/\/shopatoa.com\/ro\/cosmetice-ingrijire-personala\/"},{"@type":"ListItem","position":6,"name":"\u00cengrijirea pielii","item":"https:\/\/shopatoa.com\/ro\/ingrijirea-pielii\/"},{"@type":"ListItem","position":7,"name":"WHAMISA Organic Flowers Facial Oil Deep Rich ulei facial pentru hidratare si fermitate 32 ml"}]},{"@type":"WebSite","@id":"https:\/\/shopatoa.com\/ro\/#website","url":"https:\/\/shopatoa.com\/ro\/","name":"SHOPATOA","description":"","publisher":{"@id":"https:\/\/shopatoa.com\/ro\/#organization"},"potentialAction":[{"@type":"SearchAction","target":{"@type":"EntryPoint","urlTemplate":"https:\/\/shopatoa.com\/ro\/?s={search_term_string}"},"query-input":{"@type":"PropertyValueSpecification","valueRequired":true,"valueName":"search_term_string"}}],"inLanguage":"ro-RO"},{"@type":"Organization","@id":"https:\/\/shopatoa.com\/ro\/#organization","name":"SHOPATOA","url":"https:\/\/shopatoa.com\/ro\/","logo":{"@type":"ImageObject","inLanguage":"ro-RO","@id":"https:\/\/shopatoa.com\/ro\/#\/schema\/logo\/image\/","url":"https:\/\/storage.googleapis.com\/cz-shopatoa-img\/ro\/b4dac915-shopatoa_logo.png","contentUrl":"https:\/\/storage.googleapis.com\/cz-shopatoa-img\/ro\/b4dac915-shopatoa_logo.png","width":416,"height":63,"caption":"SHOPATOA"},"image":{"@id":"https:\/\/shopatoa.com\/ro\/#\/schema\/logo\/image\/"}}]}},"_links":{"self":[{"href":"https:\/\/shopatoa.com\/ro\/wp-json\/wp\/v2\/product\/460276","targetHints":{"allow":["GET"]}}],"collection":[{"href":"https:\/\/shopatoa.com\/ro\/wp-json\/wp\/v2\/product"}],"about":[{"href":"https:\/\/shopatoa.com\/ro\/wp-json\/wp\/v2\/types\/product"}],"replies":[{"embeddable":true,"href":"https:\/\/shopatoa.com\/ro\/wp-json\/wp\/v2\/comments?post=460276"}],"wp:featuredmedia":[{"embeddable":true,"href":"https:\/\/shopatoa.com\/ro\/wp-json\/wp\/v2\/media\/460277"}],"wp:attachment":[{"href":"https:\/\/shopatoa.com\/ro\/wp-json\/wp\/v2\/media?parent=460276"}],"wp:term":[{"taxonomy":"product_brand","embeddable":true,"href":"https:\/\/shopatoa.com\/ro\/wp-json\/wp\/v2\/product_brand?post=460276"},{"taxonomy":"product_cat","embeddable":true,"href":"https:\/\/shopatoa.com\/ro\/wp-json\/wp\/v2\/product_cat?post=460276"},{"taxonomy":"product_tag","embeddable":true,"href":"https:\/\/shopatoa.com\/ro\/wp-json\/wp\/v2\/product_tag?post=460276"}],"curies":[{"name":"wp","href":"https:\/\/api.w.org\/{rel}","templated":true}]}}