{"id":460850,"date":"2025-06-26T22:05:35","date_gmt":"2025-06-26T20:05:35","guid":{"rendered":"https:\/\/shopatoa.com\/ro\/dukas-solista-184-pensete-cu-varfurile-tesite-stainless-95-cm\/"},"modified":"2026-02-03T19:28:03","modified_gmt":"2026-02-03T18:28:03","slug":"dukas-solista-184-pensete-cu-varfurile-tesite-stainless-95-cm","status":"publish","type":"product","link":"https:\/\/shopatoa.com\/ro\/dukas-solista-184-pensete-cu-varfurile-tesite-stainless-95-cm\/","title":{"rendered":"DuKaS Solista 184 pensete cu varfurile tesite Stainless 9,5 cm"},"content":{"rendered":"<p>DuKaS Solista 184, 9,5 cm, Aranjarea spr\u00e2ncenelor unisex, Nimic nu v\u0103 \u00eencadreaz\u0103 fa\u021ba mai bine dec\u00e2t spr\u00e2ncenele \u00eengrijite \u0219i perfect conturate. De aceea, este important nu numai un machiaj potrivit, ci \u0219i s\u0103 le \u00eengriji\u021bi \u00een mod regulat, iar \u00een acest sens v\u0103 va ajuta penseta DuKaS Solista 184. Prinde \u0219i smulge fiecare fir de p\u0103r, nu numai \u00een zona spr\u00e2ncenelor, ci \u0219i oriunde altundeva pe fa\u021b\u0103. Asigur\u0103 o utilizare u\u0219oar\u0103, o prindere ferm\u0103 \u0219i rezultate de precizie. \u00cendep\u0103rtarea firelor de p\u0103r nedorite \u0219i modelarea spr\u00e2ncenelor nu a fost niciodat\u0103 mai simpl\u0103!  Caracteristici:  u\u0219or de utilizat \u0219i de \u00eentre\u021binut se \u021bine comod \u00een m\u00e2n\u0103 smulge firele de p\u0103r cu precizie \u0219i f\u0103r\u0103 dureri inutile capetele sunt te\u0219ite \u00eenclinat  Cum se utilizeaz\u0103: Firul se prinde c\u00e2t mai aproape de r\u0103d\u0103cin\u0103 \u0219i se smulge, cu o mi\u0219care brusc\u0103.<\/p>\n","protected":false},"excerpt":{"rendered":"<p>DuKaS Solista 184, 9,5 cm, Aranjarea spr\u00e2ncenelor unisex, Nimic nu v\u0103 \u00eencadreaz\u0103 fa\u021ba mai bine dec\u00e2t spr\u00e2ncenele \u00eengrijite \u0219i perfect conturate. De aceea, este important nu numai un machiaj potrivit, ci \u0219i s\u0103 le \u00eengriji\u021bi \u00een mod regulat, iar \u00een acest sens v\u0103 va ajuta penseta DuKaS Solista 184. Prinde \u0219i smulge fiecare fir de&#8230;<\/p>\n","protected":false},"featured_media":460851,"comment_status":"closed","ping_status":"open","template":"","meta":{"_acf_changed":false,"_kadence_starter_templates_imported_post":false,"_kad_post_transparent":"","_kad_post_title":"","_kad_post_layout":"","_kad_post_sidebar_id":"","_kad_post_content_style":"","_kad_post_vertical_padding":"","_kad_post_feature":"","_kad_post_feature_position":"","_kad_post_header":false,"_kad_post_footer":false,"_kad_post_classname":""},"product_brand":[252],"product_cat":[1563,1768,1562],"product_tag":[],"class_list":{"0":"post-460850","1":"product","2":"type-product","3":"status-publish","4":"has-post-thumbnail","6":"product_brand-dukas","7":"product_cat-ingrijire-personala","8":"product_cat-pensete","9":"product_cat-sanatate-si-frumusete","10":"pa_gen-unisex","11":"pa_marime-95-cm","13":"first","14":"instock","15":"sale","16":"product-type-external","17":"entry","18":"content-bg","19":"loop-entry"},"acf":[],"yoast_head":"<!-- This site is optimized with the Yoast SEO plugin v27.4 - https:\/\/yoast.com\/product\/yoast-seo-wordpress\/ -->\n<title>DuKaS Solista 184 pensete cu varfurile tesite Stainless 9,5 cm - SHOPATOA.COM<\/title>\n<meta name=\"robots\" content=\"index, follow, max-snippet:-1, max-image-preview:large, max-video-preview:-1\" \/>\n<link rel=\"canonical\" href=\"https:\/\/shopatoa.com\/ro\/dukas-solista-184-pensete-cu-varfurile-tesite-stainless-95-cm\/\" \/>\n<meta property=\"og:locale\" content=\"ro_RO\" \/>\n<meta property=\"og:type\" content=\"article\" \/>\n<meta property=\"og:title\" content=\"DuKaS Solista 184 pensete cu varfurile tesite Stainless 9,5 cm - SHOPATOA.COM\" \/>\n<meta property=\"og:description\" content=\"DuKaS Solista 184, 9,5 cm, Aranjarea spr\u00e2ncenelor unisex, Nimic nu v\u0103 \u00eencadreaz\u0103 fa\u021ba mai bine dec\u00e2t spr\u00e2ncenele \u00eengrijite \u0219i perfect conturate. De aceea, este important nu numai un machiaj potrivit, ci \u0219i s\u0103 le \u00eengriji\u021bi \u00een mod regulat, iar \u00een acest sens v\u0103 va ajuta penseta DuKaS Solista 184. Prinde \u0219i smulge fiecare fir de...\" \/>\n<meta property=\"og:url\" content=\"https:\/\/shopatoa.com\/ro\/dukas-solista-184-pensete-cu-varfurile-tesite-stainless-95-cm\/\" \/>\n<meta property=\"og:site_name\" content=\"SHOPATOA\" \/>\n<meta property=\"article:modified_time\" content=\"2026-02-03T18:28:03+00:00\" \/>\n<meta property=\"og:image\" content=\"https:\/\/storage.googleapis.com\/cz-shopatoa-img\/ro\/48b9d890-unnamed-file.webp\" \/>\n\t<meta property=\"og:image:width\" content=\"800\" \/>\n\t<meta property=\"og:image:height\" content=\"800\" \/>\n\t<meta property=\"og:image:type\" content=\"image\/webp\" \/>\n<meta name=\"twitter:card\" content=\"summary_large_image\" \/>\n<meta name=\"twitter:label1\" content=\"Timp estimat pentru citire\" \/>\n\t<meta name=\"twitter:data1\" content=\"1 minut\" \/>\n<script type=\"application\/ld+json\" class=\"yoast-schema-graph\">{\"@context\":\"https:\\\/\\\/schema.org\",\"@graph\":[{\"@type\":\"WebPage\",\"@id\":\"https:\\\/\\\/shopatoa.com\\\/ro\\\/dukas-solista-184-pensete-cu-varfurile-tesite-stainless-95-cm\\\/\",\"url\":\"https:\\\/\\\/shopatoa.com\\\/ro\\\/dukas-solista-184-pensete-cu-varfurile-tesite-stainless-95-cm\\\/\",\"name\":\"DuKaS Solista 184 pensete cu varfurile tesite Stainless 9,5 cm - SHOPATOA.COM\",\"isPartOf\":{\"@id\":\"https:\\\/\\\/shopatoa.com\\\/ro\\\/#website\"},\"primaryImageOfPage\":{\"@id\":\"https:\\\/\\\/shopatoa.com\\\/ro\\\/dukas-solista-184-pensete-cu-varfurile-tesite-stainless-95-cm\\\/#primaryimage\"},\"image\":{\"@id\":\"https:\\\/\\\/shopatoa.com\\\/ro\\\/dukas-solista-184-pensete-cu-varfurile-tesite-stainless-95-cm\\\/#primaryimage\"},\"thumbnailUrl\":\"https:\\\/\\\/storage.googleapis.com\\\/cz-shopatoa-img\\\/ro\\\/48b9d890-unnamed-file.webp\",\"datePublished\":\"2025-06-26T20:05:35+00:00\",\"dateModified\":\"2026-02-03T18:28:03+00:00\",\"breadcrumb\":{\"@id\":\"https:\\\/\\\/shopatoa.com\\\/ro\\\/dukas-solista-184-pensete-cu-varfurile-tesite-stainless-95-cm\\\/#breadcrumb\"},\"inLanguage\":\"ro-RO\",\"potentialAction\":[{\"@type\":\"ReadAction\",\"target\":[\"https:\\\/\\\/shopatoa.com\\\/ro\\\/dukas-solista-184-pensete-cu-varfurile-tesite-stainless-95-cm\\\/\"]}]},{\"@type\":\"ImageObject\",\"inLanguage\":\"ro-RO\",\"@id\":\"https:\\\/\\\/shopatoa.com\\\/ro\\\/dukas-solista-184-pensete-cu-varfurile-tesite-stainless-95-cm\\\/#primaryimage\",\"url\":\"https:\\\/\\\/storage.googleapis.com\\\/cz-shopatoa-img\\\/ro\\\/48b9d890-unnamed-file.webp\",\"contentUrl\":\"https:\\\/\\\/storage.googleapis.com\\\/cz-shopatoa-img\\\/ro\\\/48b9d890-unnamed-file.webp\",\"width\":800,\"height\":800},{\"@type\":\"BreadcrumbList\",\"@id\":\"https:\\\/\\\/shopatoa.com\\\/ro\\\/dukas-solista-184-pensete-cu-varfurile-tesite-stainless-95-cm\\\/#breadcrumb\",\"itemListElement\":[{\"@type\":\"ListItem\",\"position\":1,\"name\":\"Dom\u016f\",\"item\":\"https:\\\/\\\/shopatoa.com\\\/ro\\\/\"},{\"@type\":\"ListItem\",\"position\":2,\"name\":\"Shop\",\"item\":\"https:\\\/\\\/shopatoa.com\\\/ro\\\/shop\\\/\"},{\"@type\":\"ListItem\",\"position\":3,\"name\":\"S\u0103n\u0103tate \u0219i frumuse\u021be\",\"item\":\"https:\\\/\\\/shopatoa.com\\\/ro\\\/sanatate-si-frumusete\\\/\"},{\"@type\":\"ListItem\",\"position\":4,\"name\":\"\u00cengrijire personal\u0103\",\"item\":\"https:\\\/\\\/shopatoa.com\\\/ro\\\/ingrijire-personala\\\/\"},{\"@type\":\"ListItem\",\"position\":5,\"name\":\"Pensete\",\"item\":\"https:\\\/\\\/shopatoa.com\\\/ro\\\/pensete\\\/\"},{\"@type\":\"ListItem\",\"position\":6,\"name\":\"DuKaS Solista 184 pensete cu varfurile tesite Stainless 9,5 cm\"}]},{\"@type\":\"WebSite\",\"@id\":\"https:\\\/\\\/shopatoa.com\\\/ro\\\/#website\",\"url\":\"https:\\\/\\\/shopatoa.com\\\/ro\\\/\",\"name\":\"SHOPATOA\",\"description\":\"\",\"publisher\":{\"@id\":\"https:\\\/\\\/shopatoa.com\\\/ro\\\/#organization\"},\"potentialAction\":[{\"@type\":\"SearchAction\",\"target\":{\"@type\":\"EntryPoint\",\"urlTemplate\":\"https:\\\/\\\/shopatoa.com\\\/ro\\\/?s={search_term_string}\"},\"query-input\":{\"@type\":\"PropertyValueSpecification\",\"valueRequired\":true,\"valueName\":\"search_term_string\"}}],\"inLanguage\":\"ro-RO\"},{\"@type\":\"Organization\",\"@id\":\"https:\\\/\\\/shopatoa.com\\\/ro\\\/#organization\",\"name\":\"SHOPATOA\",\"url\":\"https:\\\/\\\/shopatoa.com\\\/ro\\\/\",\"logo\":{\"@type\":\"ImageObject\",\"inLanguage\":\"ro-RO\",\"@id\":\"https:\\\/\\\/shopatoa.com\\\/ro\\\/#\\\/schema\\\/logo\\\/image\\\/\",\"url\":\"https:\\\/\\\/storage.googleapis.com\\\/cz-shopatoa-img\\\/ro\\\/b4dac915-shopatoa_logo.png\",\"contentUrl\":\"https:\\\/\\\/storage.googleapis.com\\\/cz-shopatoa-img\\\/ro\\\/b4dac915-shopatoa_logo.png\",\"width\":416,\"height\":63,\"caption\":\"SHOPATOA\"},\"image\":{\"@id\":\"https:\\\/\\\/shopatoa.com\\\/ro\\\/#\\\/schema\\\/logo\\\/image\\\/\"}}]}<\/script>\n<!-- \/ Yoast SEO plugin. -->","yoast_head_json":{"title":"DuKaS Solista 184 pensete cu varfurile tesite Stainless 9,5 cm - SHOPATOA.COM","robots":{"index":"index","follow":"follow","max-snippet":"max-snippet:-1","max-image-preview":"max-image-preview:large","max-video-preview":"max-video-preview:-1"},"canonical":"https:\/\/shopatoa.com\/ro\/dukas-solista-184-pensete-cu-varfurile-tesite-stainless-95-cm\/","og_locale":"ro_RO","og_type":"article","og_title":"DuKaS Solista 184 pensete cu varfurile tesite Stainless 9,5 cm - SHOPATOA.COM","og_description":"DuKaS Solista 184, 9,5 cm, Aranjarea spr\u00e2ncenelor unisex, Nimic nu v\u0103 \u00eencadreaz\u0103 fa\u021ba mai bine dec\u00e2t spr\u00e2ncenele \u00eengrijite \u0219i perfect conturate. De aceea, este important nu numai un machiaj potrivit, ci \u0219i s\u0103 le \u00eengriji\u021bi \u00een mod regulat, iar \u00een acest sens v\u0103 va ajuta penseta DuKaS Solista 184. Prinde \u0219i smulge fiecare fir de...","og_url":"https:\/\/shopatoa.com\/ro\/dukas-solista-184-pensete-cu-varfurile-tesite-stainless-95-cm\/","og_site_name":"SHOPATOA","article_modified_time":"2026-02-03T18:28:03+00:00","og_image":[{"width":800,"height":800,"url":"https:\/\/storage.googleapis.com\/cz-shopatoa-img\/ro\/48b9d890-unnamed-file.webp","type":"image\/webp"}],"twitter_card":"summary_large_image","twitter_misc":{"Timp estimat pentru citire":"1 minut"},"schema":{"@context":"https:\/\/schema.org","@graph":[{"@type":"WebPage","@id":"https:\/\/shopatoa.com\/ro\/dukas-solista-184-pensete-cu-varfurile-tesite-stainless-95-cm\/","url":"https:\/\/shopatoa.com\/ro\/dukas-solista-184-pensete-cu-varfurile-tesite-stainless-95-cm\/","name":"DuKaS Solista 184 pensete cu varfurile tesite Stainless 9,5 cm - SHOPATOA.COM","isPartOf":{"@id":"https:\/\/shopatoa.com\/ro\/#website"},"primaryImageOfPage":{"@id":"https:\/\/shopatoa.com\/ro\/dukas-solista-184-pensete-cu-varfurile-tesite-stainless-95-cm\/#primaryimage"},"image":{"@id":"https:\/\/shopatoa.com\/ro\/dukas-solista-184-pensete-cu-varfurile-tesite-stainless-95-cm\/#primaryimage"},"thumbnailUrl":"https:\/\/storage.googleapis.com\/cz-shopatoa-img\/ro\/48b9d890-unnamed-file.webp","datePublished":"2025-06-26T20:05:35+00:00","dateModified":"2026-02-03T18:28:03+00:00","breadcrumb":{"@id":"https:\/\/shopatoa.com\/ro\/dukas-solista-184-pensete-cu-varfurile-tesite-stainless-95-cm\/#breadcrumb"},"inLanguage":"ro-RO","potentialAction":[{"@type":"ReadAction","target":["https:\/\/shopatoa.com\/ro\/dukas-solista-184-pensete-cu-varfurile-tesite-stainless-95-cm\/"]}]},{"@type":"ImageObject","inLanguage":"ro-RO","@id":"https:\/\/shopatoa.com\/ro\/dukas-solista-184-pensete-cu-varfurile-tesite-stainless-95-cm\/#primaryimage","url":"https:\/\/storage.googleapis.com\/cz-shopatoa-img\/ro\/48b9d890-unnamed-file.webp","contentUrl":"https:\/\/storage.googleapis.com\/cz-shopatoa-img\/ro\/48b9d890-unnamed-file.webp","width":800,"height":800},{"@type":"BreadcrumbList","@id":"https:\/\/shopatoa.com\/ro\/dukas-solista-184-pensete-cu-varfurile-tesite-stainless-95-cm\/#breadcrumb","itemListElement":[{"@type":"ListItem","position":1,"name":"Dom\u016f","item":"https:\/\/shopatoa.com\/ro\/"},{"@type":"ListItem","position":2,"name":"Shop","item":"https:\/\/shopatoa.com\/ro\/shop\/"},{"@type":"ListItem","position":3,"name":"S\u0103n\u0103tate \u0219i frumuse\u021be","item":"https:\/\/shopatoa.com\/ro\/sanatate-si-frumusete\/"},{"@type":"ListItem","position":4,"name":"\u00cengrijire personal\u0103","item":"https:\/\/shopatoa.com\/ro\/ingrijire-personala\/"},{"@type":"ListItem","position":5,"name":"Pensete","item":"https:\/\/shopatoa.com\/ro\/pensete\/"},{"@type":"ListItem","position":6,"name":"DuKaS Solista 184 pensete cu varfurile tesite Stainless 9,5 cm"}]},{"@type":"WebSite","@id":"https:\/\/shopatoa.com\/ro\/#website","url":"https:\/\/shopatoa.com\/ro\/","name":"SHOPATOA","description":"","publisher":{"@id":"https:\/\/shopatoa.com\/ro\/#organization"},"potentialAction":[{"@type":"SearchAction","target":{"@type":"EntryPoint","urlTemplate":"https:\/\/shopatoa.com\/ro\/?s={search_term_string}"},"query-input":{"@type":"PropertyValueSpecification","valueRequired":true,"valueName":"search_term_string"}}],"inLanguage":"ro-RO"},{"@type":"Organization","@id":"https:\/\/shopatoa.com\/ro\/#organization","name":"SHOPATOA","url":"https:\/\/shopatoa.com\/ro\/","logo":{"@type":"ImageObject","inLanguage":"ro-RO","@id":"https:\/\/shopatoa.com\/ro\/#\/schema\/logo\/image\/","url":"https:\/\/storage.googleapis.com\/cz-shopatoa-img\/ro\/b4dac915-shopatoa_logo.png","contentUrl":"https:\/\/storage.googleapis.com\/cz-shopatoa-img\/ro\/b4dac915-shopatoa_logo.png","width":416,"height":63,"caption":"SHOPATOA"},"image":{"@id":"https:\/\/shopatoa.com\/ro\/#\/schema\/logo\/image\/"}}]}},"_links":{"self":[{"href":"https:\/\/shopatoa.com\/ro\/wp-json\/wp\/v2\/product\/460850","targetHints":{"allow":["GET"]}}],"collection":[{"href":"https:\/\/shopatoa.com\/ro\/wp-json\/wp\/v2\/product"}],"about":[{"href":"https:\/\/shopatoa.com\/ro\/wp-json\/wp\/v2\/types\/product"}],"replies":[{"embeddable":true,"href":"https:\/\/shopatoa.com\/ro\/wp-json\/wp\/v2\/comments?post=460850"}],"wp:featuredmedia":[{"embeddable":true,"href":"https:\/\/shopatoa.com\/ro\/wp-json\/wp\/v2\/media\/460851"}],"wp:attachment":[{"href":"https:\/\/shopatoa.com\/ro\/wp-json\/wp\/v2\/media?parent=460850"}],"wp:term":[{"taxonomy":"product_brand","embeddable":true,"href":"https:\/\/shopatoa.com\/ro\/wp-json\/wp\/v2\/product_brand?post=460850"},{"taxonomy":"product_cat","embeddable":true,"href":"https:\/\/shopatoa.com\/ro\/wp-json\/wp\/v2\/product_cat?post=460850"},{"taxonomy":"product_tag","embeddable":true,"href":"https:\/\/shopatoa.com\/ro\/wp-json\/wp\/v2\/product_tag?post=460850"}],"curies":[{"name":"wp","href":"https:\/\/api.w.org\/{rel}","templated":true}]}}