{"id":460954,"date":"2025-06-26T22:14:36","date_gmt":"2025-06-26T20:14:36","guid":{"rendered":"https:\/\/shopatoa.com\/ro\/dtangler-kids-perie-de-par-145-cm\/"},"modified":"2026-02-03T19:12:20","modified_gmt":"2026-02-03T18:12:20","slug":"dtangler-kids-perie-de-par-145-cm","status":"publish","type":"product","link":"https:\/\/shopatoa.com\/ro\/dtangler-kids-perie-de-par-145-cm\/","title":{"rendered":"Dtangler Kids perie de par 14,5 cm"},"content":{"rendered":"<p>Dtangler Kids, 14,5 cm, Piepteni pentru copii \u0219i perii pentru p\u0103r pentru copii, Niciunui p\u0103rinte nu-i place s\u0103 vad\u0103 c\u0103 piept\u0103narea p\u0103rului copilului este at\u00e2t de nepl\u0103cut\u0103 \u00eenc\u00e2t prefer\u0103 s\u0103 umble dezordonat. Din fericire, exist\u0103 peria de p\u0103r Dtangler Kids , care poate transforma acele momente de temut din fa\u021ba oglinzii \u00eentr-un ritual distractiv pe care copilul dvs. \u00eel va a\u0219tepta cu ner\u0103bdare. Datorit\u0103 designului special adaptat la nevoile copiilor, aceasta descurc\u0103 perfect p\u0103rul delicat al copiilor \u0219i \u00een cel mai bl\u00e2nd mod. Nu cauzeaz\u0103 deteriorarea mecanic\u0103 a p\u0103rului \u0219i nici nu trage \u00een timpul piept\u0103n\u0103rii, ajut\u00e2nd \u00een plus la masarea delicat\u0103 a scalpului. Gata cu lacrimile, bucura\u021bi-v\u0103 de un p\u0103r piept\u0103nat cu u\u0219urin\u021b\u0103, minunat de fin \u0219i str\u0103lucitor.  Caracteristici:  descurc\u0103 p\u0103rul cu bl\u00e2nde\u021be design vesel pentru copii poate fi folosit\u0103 pe p\u0103rul ud sau uscat<\/p>\n","protected":false},"excerpt":{"rendered":"<p>Dtangler Kids, 14,5 cm, Piepteni pentru copii \u0219i perii pentru p\u0103r pentru copii, Niciunui p\u0103rinte nu-i place s\u0103 vad\u0103 c\u0103 piept\u0103narea p\u0103rului copilului este at\u00e2t de nepl\u0103cut\u0103 \u00eenc\u00e2t prefer\u0103 s\u0103 umble dezordonat. Din fericire, exist\u0103 peria de p\u0103r Dtangler Kids , care poate transforma acele momente de temut din fa\u021ba oglinzii \u00eentr-un ritual distractiv pe&#8230;<\/p>\n","protected":false},"featured_media":460955,"comment_status":"closed","ping_status":"open","template":"","meta":{"_acf_changed":false,"_kadence_starter_templates_imported_post":false,"_kad_post_transparent":"","_kad_post_title":"","_kad_post_layout":"","_kad_post_sidebar_id":"","_kad_post_content_style":"","_kad_post_vertical_padding":"","_kad_post_feature":"","_kad_post_feature_position":"","_kad_post_header":false,"_kad_post_footer":false,"_kad_post_classname":""},"product_brand":[805],"product_cat":[1563,1590,1652,1653,1562],"product_tag":[],"class_list":{"0":"post-460954","1":"product","2":"type-product","3":"status-publish","4":"has-post-thumbnail","6":"product_brand-dtangler","7":"product_cat-ingrijire-personala","8":"product_cat-ingrijirea-parului","9":"product_cat-instrumente-de-coafat","10":"product_cat-piepteni-si-perii","11":"product_cat-sanatate-si-frumusete","12":"pa_gen-unisex","13":"pa_marime-145-cm","15":"first","16":"instock","17":"sale","18":"product-type-external","19":"entry","20":"content-bg","21":"loop-entry"},"acf":[],"yoast_head":"<!-- This site is optimized with the Yoast SEO plugin v27.4 - https:\/\/yoast.com\/product\/yoast-seo-wordpress\/ -->\n<title>Dtangler Kids perie de par 14,5 cm - SHOPATOA.COM<\/title>\n<meta name=\"robots\" content=\"index, follow, max-snippet:-1, max-image-preview:large, max-video-preview:-1\" \/>\n<link rel=\"canonical\" href=\"https:\/\/shopatoa.com\/ro\/dtangler-kids-perie-de-par-145-cm\/\" \/>\n<meta property=\"og:locale\" content=\"ro_RO\" \/>\n<meta property=\"og:type\" content=\"article\" \/>\n<meta property=\"og:title\" content=\"Dtangler Kids perie de par 14,5 cm - SHOPATOA.COM\" \/>\n<meta property=\"og:description\" content=\"Dtangler Kids, 14,5 cm, Piepteni pentru copii \u0219i perii pentru p\u0103r pentru copii, Niciunui p\u0103rinte nu-i place s\u0103 vad\u0103 c\u0103 piept\u0103narea p\u0103rului copilului este at\u00e2t de nepl\u0103cut\u0103 \u00eenc\u00e2t prefer\u0103 s\u0103 umble dezordonat. Din fericire, exist\u0103 peria de p\u0103r Dtangler Kids , care poate transforma acele momente de temut din fa\u021ba oglinzii \u00eentr-un ritual distractiv pe...\" \/>\n<meta property=\"og:url\" content=\"https:\/\/shopatoa.com\/ro\/dtangler-kids-perie-de-par-145-cm\/\" \/>\n<meta property=\"og:site_name\" content=\"SHOPATOA\" \/>\n<meta property=\"article:modified_time\" content=\"2026-02-03T18:12:20+00:00\" \/>\n<meta property=\"og:image\" content=\"https:\/\/storage.googleapis.com\/cz-shopatoa-img\/ro\/10faa545-unnamed-file.webp\" \/>\n\t<meta property=\"og:image:width\" content=\"800\" \/>\n\t<meta property=\"og:image:height\" content=\"800\" \/>\n\t<meta property=\"og:image:type\" content=\"image\/webp\" \/>\n<meta name=\"twitter:card\" content=\"summary_large_image\" \/>\n<meta name=\"twitter:label1\" content=\"Timp estimat pentru citire\" \/>\n\t<meta name=\"twitter:data1\" content=\"1 minut\" \/>\n<script type=\"application\/ld+json\" class=\"yoast-schema-graph\">{\"@context\":\"https:\\\/\\\/schema.org\",\"@graph\":[{\"@type\":\"WebPage\",\"@id\":\"https:\\\/\\\/shopatoa.com\\\/ro\\\/dtangler-kids-perie-de-par-145-cm\\\/\",\"url\":\"https:\\\/\\\/shopatoa.com\\\/ro\\\/dtangler-kids-perie-de-par-145-cm\\\/\",\"name\":\"Dtangler Kids perie de par 14,5 cm - SHOPATOA.COM\",\"isPartOf\":{\"@id\":\"https:\\\/\\\/shopatoa.com\\\/ro\\\/#website\"},\"primaryImageOfPage\":{\"@id\":\"https:\\\/\\\/shopatoa.com\\\/ro\\\/dtangler-kids-perie-de-par-145-cm\\\/#primaryimage\"},\"image\":{\"@id\":\"https:\\\/\\\/shopatoa.com\\\/ro\\\/dtangler-kids-perie-de-par-145-cm\\\/#primaryimage\"},\"thumbnailUrl\":\"https:\\\/\\\/storage.googleapis.com\\\/cz-shopatoa-img\\\/ro\\\/10faa545-unnamed-file.webp\",\"datePublished\":\"2025-06-26T20:14:36+00:00\",\"dateModified\":\"2026-02-03T18:12:20+00:00\",\"breadcrumb\":{\"@id\":\"https:\\\/\\\/shopatoa.com\\\/ro\\\/dtangler-kids-perie-de-par-145-cm\\\/#breadcrumb\"},\"inLanguage\":\"ro-RO\",\"potentialAction\":[{\"@type\":\"ReadAction\",\"target\":[\"https:\\\/\\\/shopatoa.com\\\/ro\\\/dtangler-kids-perie-de-par-145-cm\\\/\"]}]},{\"@type\":\"ImageObject\",\"inLanguage\":\"ro-RO\",\"@id\":\"https:\\\/\\\/shopatoa.com\\\/ro\\\/dtangler-kids-perie-de-par-145-cm\\\/#primaryimage\",\"url\":\"https:\\\/\\\/storage.googleapis.com\\\/cz-shopatoa-img\\\/ro\\\/10faa545-unnamed-file.webp\",\"contentUrl\":\"https:\\\/\\\/storage.googleapis.com\\\/cz-shopatoa-img\\\/ro\\\/10faa545-unnamed-file.webp\",\"width\":800,\"height\":800},{\"@type\":\"BreadcrumbList\",\"@id\":\"https:\\\/\\\/shopatoa.com\\\/ro\\\/dtangler-kids-perie-de-par-145-cm\\\/#breadcrumb\",\"itemListElement\":[{\"@type\":\"ListItem\",\"position\":1,\"name\":\"Dom\u016f\",\"item\":\"https:\\\/\\\/shopatoa.com\\\/ro\\\/\"},{\"@type\":\"ListItem\",\"position\":2,\"name\":\"Shop\",\"item\":\"https:\\\/\\\/shopatoa.com\\\/ro\\\/shop\\\/\"},{\"@type\":\"ListItem\",\"position\":3,\"name\":\"S\u0103n\u0103tate \u0219i frumuse\u021be\",\"item\":\"https:\\\/\\\/shopatoa.com\\\/ro\\\/sanatate-si-frumusete\\\/\"},{\"@type\":\"ListItem\",\"position\":4,\"name\":\"\u00cengrijire personal\u0103\",\"item\":\"https:\\\/\\\/shopatoa.com\\\/ro\\\/ingrijire-personala\\\/\"},{\"@type\":\"ListItem\",\"position\":5,\"name\":\"\u00cengrijirea p\u0103rului\",\"item\":\"https:\\\/\\\/shopatoa.com\\\/ro\\\/ingrijirea-parului\\\/\"},{\"@type\":\"ListItem\",\"position\":6,\"name\":\"Instrumente de coafat\",\"item\":\"https:\\\/\\\/shopatoa.com\\\/ro\\\/instrumente-de-coafat\\\/\"},{\"@type\":\"ListItem\",\"position\":7,\"name\":\"Piepteni \u0219i perii\",\"item\":\"https:\\\/\\\/shopatoa.com\\\/ro\\\/piepteni-si-perii\\\/\"},{\"@type\":\"ListItem\",\"position\":8,\"name\":\"Dtangler Kids perie de par 14,5 cm\"}]},{\"@type\":\"WebSite\",\"@id\":\"https:\\\/\\\/shopatoa.com\\\/ro\\\/#website\",\"url\":\"https:\\\/\\\/shopatoa.com\\\/ro\\\/\",\"name\":\"SHOPATOA\",\"description\":\"\",\"publisher\":{\"@id\":\"https:\\\/\\\/shopatoa.com\\\/ro\\\/#organization\"},\"potentialAction\":[{\"@type\":\"SearchAction\",\"target\":{\"@type\":\"EntryPoint\",\"urlTemplate\":\"https:\\\/\\\/shopatoa.com\\\/ro\\\/?s={search_term_string}\"},\"query-input\":{\"@type\":\"PropertyValueSpecification\",\"valueRequired\":true,\"valueName\":\"search_term_string\"}}],\"inLanguage\":\"ro-RO\"},{\"@type\":\"Organization\",\"@id\":\"https:\\\/\\\/shopatoa.com\\\/ro\\\/#organization\",\"name\":\"SHOPATOA\",\"url\":\"https:\\\/\\\/shopatoa.com\\\/ro\\\/\",\"logo\":{\"@type\":\"ImageObject\",\"inLanguage\":\"ro-RO\",\"@id\":\"https:\\\/\\\/shopatoa.com\\\/ro\\\/#\\\/schema\\\/logo\\\/image\\\/\",\"url\":\"https:\\\/\\\/storage.googleapis.com\\\/cz-shopatoa-img\\\/ro\\\/b4dac915-shopatoa_logo.png\",\"contentUrl\":\"https:\\\/\\\/storage.googleapis.com\\\/cz-shopatoa-img\\\/ro\\\/b4dac915-shopatoa_logo.png\",\"width\":416,\"height\":63,\"caption\":\"SHOPATOA\"},\"image\":{\"@id\":\"https:\\\/\\\/shopatoa.com\\\/ro\\\/#\\\/schema\\\/logo\\\/image\\\/\"}}]}<\/script>\n<!-- \/ Yoast SEO plugin. -->","yoast_head_json":{"title":"Dtangler Kids perie de par 14,5 cm - SHOPATOA.COM","robots":{"index":"index","follow":"follow","max-snippet":"max-snippet:-1","max-image-preview":"max-image-preview:large","max-video-preview":"max-video-preview:-1"},"canonical":"https:\/\/shopatoa.com\/ro\/dtangler-kids-perie-de-par-145-cm\/","og_locale":"ro_RO","og_type":"article","og_title":"Dtangler Kids perie de par 14,5 cm - SHOPATOA.COM","og_description":"Dtangler Kids, 14,5 cm, Piepteni pentru copii \u0219i perii pentru p\u0103r pentru copii, Niciunui p\u0103rinte nu-i place s\u0103 vad\u0103 c\u0103 piept\u0103narea p\u0103rului copilului este at\u00e2t de nepl\u0103cut\u0103 \u00eenc\u00e2t prefer\u0103 s\u0103 umble dezordonat. Din fericire, exist\u0103 peria de p\u0103r Dtangler Kids , care poate transforma acele momente de temut din fa\u021ba oglinzii \u00eentr-un ritual distractiv pe...","og_url":"https:\/\/shopatoa.com\/ro\/dtangler-kids-perie-de-par-145-cm\/","og_site_name":"SHOPATOA","article_modified_time":"2026-02-03T18:12:20+00:00","og_image":[{"width":800,"height":800,"url":"https:\/\/storage.googleapis.com\/cz-shopatoa-img\/ro\/10faa545-unnamed-file.webp","type":"image\/webp"}],"twitter_card":"summary_large_image","twitter_misc":{"Timp estimat pentru citire":"1 minut"},"schema":{"@context":"https:\/\/schema.org","@graph":[{"@type":"WebPage","@id":"https:\/\/shopatoa.com\/ro\/dtangler-kids-perie-de-par-145-cm\/","url":"https:\/\/shopatoa.com\/ro\/dtangler-kids-perie-de-par-145-cm\/","name":"Dtangler Kids perie de par 14,5 cm - SHOPATOA.COM","isPartOf":{"@id":"https:\/\/shopatoa.com\/ro\/#website"},"primaryImageOfPage":{"@id":"https:\/\/shopatoa.com\/ro\/dtangler-kids-perie-de-par-145-cm\/#primaryimage"},"image":{"@id":"https:\/\/shopatoa.com\/ro\/dtangler-kids-perie-de-par-145-cm\/#primaryimage"},"thumbnailUrl":"https:\/\/storage.googleapis.com\/cz-shopatoa-img\/ro\/10faa545-unnamed-file.webp","datePublished":"2025-06-26T20:14:36+00:00","dateModified":"2026-02-03T18:12:20+00:00","breadcrumb":{"@id":"https:\/\/shopatoa.com\/ro\/dtangler-kids-perie-de-par-145-cm\/#breadcrumb"},"inLanguage":"ro-RO","potentialAction":[{"@type":"ReadAction","target":["https:\/\/shopatoa.com\/ro\/dtangler-kids-perie-de-par-145-cm\/"]}]},{"@type":"ImageObject","inLanguage":"ro-RO","@id":"https:\/\/shopatoa.com\/ro\/dtangler-kids-perie-de-par-145-cm\/#primaryimage","url":"https:\/\/storage.googleapis.com\/cz-shopatoa-img\/ro\/10faa545-unnamed-file.webp","contentUrl":"https:\/\/storage.googleapis.com\/cz-shopatoa-img\/ro\/10faa545-unnamed-file.webp","width":800,"height":800},{"@type":"BreadcrumbList","@id":"https:\/\/shopatoa.com\/ro\/dtangler-kids-perie-de-par-145-cm\/#breadcrumb","itemListElement":[{"@type":"ListItem","position":1,"name":"Dom\u016f","item":"https:\/\/shopatoa.com\/ro\/"},{"@type":"ListItem","position":2,"name":"Shop","item":"https:\/\/shopatoa.com\/ro\/shop\/"},{"@type":"ListItem","position":3,"name":"S\u0103n\u0103tate \u0219i frumuse\u021be","item":"https:\/\/shopatoa.com\/ro\/sanatate-si-frumusete\/"},{"@type":"ListItem","position":4,"name":"\u00cengrijire personal\u0103","item":"https:\/\/shopatoa.com\/ro\/ingrijire-personala\/"},{"@type":"ListItem","position":5,"name":"\u00cengrijirea p\u0103rului","item":"https:\/\/shopatoa.com\/ro\/ingrijirea-parului\/"},{"@type":"ListItem","position":6,"name":"Instrumente de coafat","item":"https:\/\/shopatoa.com\/ro\/instrumente-de-coafat\/"},{"@type":"ListItem","position":7,"name":"Piepteni \u0219i perii","item":"https:\/\/shopatoa.com\/ro\/piepteni-si-perii\/"},{"@type":"ListItem","position":8,"name":"Dtangler Kids perie de par 14,5 cm"}]},{"@type":"WebSite","@id":"https:\/\/shopatoa.com\/ro\/#website","url":"https:\/\/shopatoa.com\/ro\/","name":"SHOPATOA","description":"","publisher":{"@id":"https:\/\/shopatoa.com\/ro\/#organization"},"potentialAction":[{"@type":"SearchAction","target":{"@type":"EntryPoint","urlTemplate":"https:\/\/shopatoa.com\/ro\/?s={search_term_string}"},"query-input":{"@type":"PropertyValueSpecification","valueRequired":true,"valueName":"search_term_string"}}],"inLanguage":"ro-RO"},{"@type":"Organization","@id":"https:\/\/shopatoa.com\/ro\/#organization","name":"SHOPATOA","url":"https:\/\/shopatoa.com\/ro\/","logo":{"@type":"ImageObject","inLanguage":"ro-RO","@id":"https:\/\/shopatoa.com\/ro\/#\/schema\/logo\/image\/","url":"https:\/\/storage.googleapis.com\/cz-shopatoa-img\/ro\/b4dac915-shopatoa_logo.png","contentUrl":"https:\/\/storage.googleapis.com\/cz-shopatoa-img\/ro\/b4dac915-shopatoa_logo.png","width":416,"height":63,"caption":"SHOPATOA"},"image":{"@id":"https:\/\/shopatoa.com\/ro\/#\/schema\/logo\/image\/"}}]}},"_links":{"self":[{"href":"https:\/\/shopatoa.com\/ro\/wp-json\/wp\/v2\/product\/460954","targetHints":{"allow":["GET"]}}],"collection":[{"href":"https:\/\/shopatoa.com\/ro\/wp-json\/wp\/v2\/product"}],"about":[{"href":"https:\/\/shopatoa.com\/ro\/wp-json\/wp\/v2\/types\/product"}],"replies":[{"embeddable":true,"href":"https:\/\/shopatoa.com\/ro\/wp-json\/wp\/v2\/comments?post=460954"}],"wp:featuredmedia":[{"embeddable":true,"href":"https:\/\/shopatoa.com\/ro\/wp-json\/wp\/v2\/media\/460955"}],"wp:attachment":[{"href":"https:\/\/shopatoa.com\/ro\/wp-json\/wp\/v2\/media?parent=460954"}],"wp:term":[{"taxonomy":"product_brand","embeddable":true,"href":"https:\/\/shopatoa.com\/ro\/wp-json\/wp\/v2\/product_brand?post=460954"},{"taxonomy":"product_cat","embeddable":true,"href":"https:\/\/shopatoa.com\/ro\/wp-json\/wp\/v2\/product_cat?post=460954"},{"taxonomy":"product_tag","embeddable":true,"href":"https:\/\/shopatoa.com\/ro\/wp-json\/wp\/v2\/product_tag?post=460954"}],"curies":[{"name":"wp","href":"https:\/\/api.w.org\/{rel}","templated":true}]}}