{"id":461036,"date":"2025-06-26T22:32:00","date_gmt":"2025-06-26T20:32:00","guid":{"rendered":"https:\/\/shopatoa.com\/ro\/green-pharmacy-essential-oils-of-orange-massage-oil-ulei-cald-pentru-masaj-200-ml\/"},"modified":"2026-02-03T19:00:02","modified_gmt":"2026-02-03T18:00:02","slug":"green-pharmacy-essential-oils-of-orange-massage-oil-ulei-cald-pentru-masaj-200-ml","status":"publish","type":"product","link":"https:\/\/shopatoa.com\/ro\/green-pharmacy-essential-oils-of-orange-massage-oil-ulei-cald-pentru-masaj-200-ml\/","title":{"rendered":"Green Pharmacy Essential oils of Orange Massage Oil ulei cald pentru masaj 200 ml"},"content":{"rendered":"<p>Green Pharmacy Essential oils of Orange Massage Oil, 200 ml, Uleiuri pentru masaj pentru femei, Sim\u021bi\u021bi c\u0103 pielea dvs. are nevoie de ceva \u00een plus fa\u021b\u0103 de \u00eengrijirea oferir\u0103 de lo\u021biune sau crem\u0103? Uleiul de corp Green Pharmacy Essential oils of Orange Massage Oil v\u0103 va \u00eembog\u0103\u021bi perfect rutina de \u00eengrijire \u2013 va conferi pielii o doz\u0103 suplimentar\u0103 de substan\u021be nutritive, \u00eei va favoriza regenerarea \u0219i \u00eei va asigura un aspect neted.  Caracteristici:  hr\u0103ne\u0219te \u0219i trateaz\u0103 pielea pentru o piele moale \u0219i elastic\u0103 efect de \u00eent\u0103rire a pielii l\u0103sate pentru o piele neted\u0103, ca de catifea catifeleaz\u0103 vizibil pielea  Cum se utilizeaz\u0103: Se maseaz\u0103 u\u0219or cantit\u0103\u021bi mici de ulei pentru masaj, pe \u00eentregul corp. Se vor urma instruc\u021biunile incluse.<\/p>\n","protected":false},"excerpt":{"rendered":"<p>Green Pharmacy Essential oils of Orange Massage Oil, 200 ml, Uleiuri pentru masaj pentru femei, Sim\u021bi\u021bi c\u0103 pielea dvs. are nevoie de ceva \u00een plus fa\u021b\u0103 de \u00eengrijirea oferir\u0103 de lo\u021biune sau crem\u0103? Uleiul de corp Green Pharmacy Essential oils of Orange Massage Oil v\u0103 va \u00eembog\u0103\u021bi perfect rutina de \u00eengrijire \u2013 va conferi pielii&#8230;<\/p>\n","protected":false},"featured_media":461037,"comment_status":"closed","ping_status":"open","template":"","meta":{"_acf_changed":false,"_kadence_starter_templates_imported_post":false,"_kad_post_transparent":"","_kad_post_title":"","_kad_post_layout":"","_kad_post_sidebar_id":"","_kad_post_content_style":"","_kad_post_vertical_padding":"","_kad_post_feature":"","_kad_post_feature_position":"","_kad_post_header":false,"_kad_post_footer":false,"_kad_post_classname":""},"product_brand":[1911],"product_cat":[1563,2002,1562,2003],"product_tag":[],"class_list":{"0":"post-461036","1":"product","2":"type-product","3":"status-publish","4":"has-post-thumbnail","6":"product_brand-green-pharmacy","7":"product_cat-ingrijire-personala","8":"product_cat-masaj-si-relaxare","9":"product_cat-sanatate-si-frumusete","10":"product_cat-ulei-de-masaj","11":"pa_gen-female","12":"pa_marime-200-ml","14":"first","15":"instock","16":"sale","17":"product-type-external","18":"entry","19":"content-bg","20":"loop-entry"},"acf":[],"yoast_head":"<!-- This site is optimized with the Yoast SEO plugin v27.4 - https:\/\/yoast.com\/product\/yoast-seo-wordpress\/ -->\n<title>Green Pharmacy Essential oils of Orange Massage Oil ulei cald pentru masaj 200 ml - SHOPATOA.COM<\/title>\n<meta name=\"robots\" content=\"index, follow, max-snippet:-1, max-image-preview:large, max-video-preview:-1\" \/>\n<link rel=\"canonical\" href=\"https:\/\/shopatoa.com\/ro\/green-pharmacy-essential-oils-of-orange-massage-oil-ulei-cald-pentru-masaj-200-ml\/\" \/>\n<meta property=\"og:locale\" content=\"ro_RO\" \/>\n<meta property=\"og:type\" content=\"article\" \/>\n<meta property=\"og:title\" content=\"Green Pharmacy Essential oils of Orange Massage Oil ulei cald pentru masaj 200 ml - SHOPATOA.COM\" \/>\n<meta property=\"og:description\" content=\"Green Pharmacy Essential oils of Orange Massage Oil, 200 ml, Uleiuri pentru masaj pentru femei, Sim\u021bi\u021bi c\u0103 pielea dvs. are nevoie de ceva \u00een plus fa\u021b\u0103 de \u00eengrijirea oferir\u0103 de lo\u021biune sau crem\u0103? Uleiul de corp Green Pharmacy Essential oils of Orange Massage Oil v\u0103 va \u00eembog\u0103\u021bi perfect rutina de \u00eengrijire \u2013 va conferi pielii...\" \/>\n<meta property=\"og:url\" content=\"https:\/\/shopatoa.com\/ro\/green-pharmacy-essential-oils-of-orange-massage-oil-ulei-cald-pentru-masaj-200-ml\/\" \/>\n<meta property=\"og:site_name\" content=\"SHOPATOA\" \/>\n<meta property=\"article:modified_time\" content=\"2026-02-03T18:00:02+00:00\" \/>\n<meta property=\"og:image\" content=\"https:\/\/storage.googleapis.com\/cz-shopatoa-img\/ro\/afc9b80a-unnamed-file.webp\" \/>\n\t<meta property=\"og:image:width\" content=\"800\" \/>\n\t<meta property=\"og:image:height\" content=\"800\" \/>\n\t<meta property=\"og:image:type\" content=\"image\/webp\" \/>\n<meta name=\"twitter:card\" content=\"summary_large_image\" \/>\n<meta name=\"twitter:label1\" content=\"Timp estimat pentru citire\" \/>\n\t<meta name=\"twitter:data1\" content=\"1 minut\" \/>\n<script type=\"application\/ld+json\" class=\"yoast-schema-graph\">{\"@context\":\"https:\\\/\\\/schema.org\",\"@graph\":[{\"@type\":\"WebPage\",\"@id\":\"https:\\\/\\\/shopatoa.com\\\/ro\\\/green-pharmacy-essential-oils-of-orange-massage-oil-ulei-cald-pentru-masaj-200-ml\\\/\",\"url\":\"https:\\\/\\\/shopatoa.com\\\/ro\\\/green-pharmacy-essential-oils-of-orange-massage-oil-ulei-cald-pentru-masaj-200-ml\\\/\",\"name\":\"Green Pharmacy Essential oils of Orange Massage Oil ulei cald pentru masaj 200 ml - SHOPATOA.COM\",\"isPartOf\":{\"@id\":\"https:\\\/\\\/shopatoa.com\\\/ro\\\/#website\"},\"primaryImageOfPage\":{\"@id\":\"https:\\\/\\\/shopatoa.com\\\/ro\\\/green-pharmacy-essential-oils-of-orange-massage-oil-ulei-cald-pentru-masaj-200-ml\\\/#primaryimage\"},\"image\":{\"@id\":\"https:\\\/\\\/shopatoa.com\\\/ro\\\/green-pharmacy-essential-oils-of-orange-massage-oil-ulei-cald-pentru-masaj-200-ml\\\/#primaryimage\"},\"thumbnailUrl\":\"https:\\\/\\\/storage.googleapis.com\\\/cz-shopatoa-img\\\/ro\\\/afc9b80a-unnamed-file.webp\",\"datePublished\":\"2025-06-26T20:32:00+00:00\",\"dateModified\":\"2026-02-03T18:00:02+00:00\",\"breadcrumb\":{\"@id\":\"https:\\\/\\\/shopatoa.com\\\/ro\\\/green-pharmacy-essential-oils-of-orange-massage-oil-ulei-cald-pentru-masaj-200-ml\\\/#breadcrumb\"},\"inLanguage\":\"ro-RO\",\"potentialAction\":[{\"@type\":\"ReadAction\",\"target\":[\"https:\\\/\\\/shopatoa.com\\\/ro\\\/green-pharmacy-essential-oils-of-orange-massage-oil-ulei-cald-pentru-masaj-200-ml\\\/\"]}]},{\"@type\":\"ImageObject\",\"inLanguage\":\"ro-RO\",\"@id\":\"https:\\\/\\\/shopatoa.com\\\/ro\\\/green-pharmacy-essential-oils-of-orange-massage-oil-ulei-cald-pentru-masaj-200-ml\\\/#primaryimage\",\"url\":\"https:\\\/\\\/storage.googleapis.com\\\/cz-shopatoa-img\\\/ro\\\/afc9b80a-unnamed-file.webp\",\"contentUrl\":\"https:\\\/\\\/storage.googleapis.com\\\/cz-shopatoa-img\\\/ro\\\/afc9b80a-unnamed-file.webp\",\"width\":800,\"height\":800},{\"@type\":\"BreadcrumbList\",\"@id\":\"https:\\\/\\\/shopatoa.com\\\/ro\\\/green-pharmacy-essential-oils-of-orange-massage-oil-ulei-cald-pentru-masaj-200-ml\\\/#breadcrumb\",\"itemListElement\":[{\"@type\":\"ListItem\",\"position\":1,\"name\":\"Dom\u016f\",\"item\":\"https:\\\/\\\/shopatoa.com\\\/ro\\\/\"},{\"@type\":\"ListItem\",\"position\":2,\"name\":\"Shop\",\"item\":\"https:\\\/\\\/shopatoa.com\\\/ro\\\/shop\\\/\"},{\"@type\":\"ListItem\",\"position\":3,\"name\":\"S\u0103n\u0103tate \u0219i frumuse\u021be\",\"item\":\"https:\\\/\\\/shopatoa.com\\\/ro\\\/sanatate-si-frumusete\\\/\"},{\"@type\":\"ListItem\",\"position\":4,\"name\":\"\u00cengrijire personal\u0103\",\"item\":\"https:\\\/\\\/shopatoa.com\\\/ro\\\/ingrijire-personala\\\/\"},{\"@type\":\"ListItem\",\"position\":5,\"name\":\"Masaj \u0219i relaxare\",\"item\":\"https:\\\/\\\/shopatoa.com\\\/ro\\\/masaj-si-relaxare\\\/\"},{\"@type\":\"ListItem\",\"position\":6,\"name\":\"Ulei de masaj\",\"item\":\"https:\\\/\\\/shopatoa.com\\\/ro\\\/ulei-de-masaj\\\/\"},{\"@type\":\"ListItem\",\"position\":7,\"name\":\"Green Pharmacy Essential oils of Orange Massage Oil ulei cald pentru masaj 200 ml\"}]},{\"@type\":\"WebSite\",\"@id\":\"https:\\\/\\\/shopatoa.com\\\/ro\\\/#website\",\"url\":\"https:\\\/\\\/shopatoa.com\\\/ro\\\/\",\"name\":\"SHOPATOA\",\"description\":\"\",\"publisher\":{\"@id\":\"https:\\\/\\\/shopatoa.com\\\/ro\\\/#organization\"},\"potentialAction\":[{\"@type\":\"SearchAction\",\"target\":{\"@type\":\"EntryPoint\",\"urlTemplate\":\"https:\\\/\\\/shopatoa.com\\\/ro\\\/?s={search_term_string}\"},\"query-input\":{\"@type\":\"PropertyValueSpecification\",\"valueRequired\":true,\"valueName\":\"search_term_string\"}}],\"inLanguage\":\"ro-RO\"},{\"@type\":\"Organization\",\"@id\":\"https:\\\/\\\/shopatoa.com\\\/ro\\\/#organization\",\"name\":\"SHOPATOA\",\"url\":\"https:\\\/\\\/shopatoa.com\\\/ro\\\/\",\"logo\":{\"@type\":\"ImageObject\",\"inLanguage\":\"ro-RO\",\"@id\":\"https:\\\/\\\/shopatoa.com\\\/ro\\\/#\\\/schema\\\/logo\\\/image\\\/\",\"url\":\"https:\\\/\\\/storage.googleapis.com\\\/cz-shopatoa-img\\\/ro\\\/b4dac915-shopatoa_logo.png\",\"contentUrl\":\"https:\\\/\\\/storage.googleapis.com\\\/cz-shopatoa-img\\\/ro\\\/b4dac915-shopatoa_logo.png\",\"width\":416,\"height\":63,\"caption\":\"SHOPATOA\"},\"image\":{\"@id\":\"https:\\\/\\\/shopatoa.com\\\/ro\\\/#\\\/schema\\\/logo\\\/image\\\/\"}}]}<\/script>\n<!-- \/ Yoast SEO plugin. -->","yoast_head_json":{"title":"Green Pharmacy Essential oils of Orange Massage Oil ulei cald pentru masaj 200 ml - SHOPATOA.COM","robots":{"index":"index","follow":"follow","max-snippet":"max-snippet:-1","max-image-preview":"max-image-preview:large","max-video-preview":"max-video-preview:-1"},"canonical":"https:\/\/shopatoa.com\/ro\/green-pharmacy-essential-oils-of-orange-massage-oil-ulei-cald-pentru-masaj-200-ml\/","og_locale":"ro_RO","og_type":"article","og_title":"Green Pharmacy Essential oils of Orange Massage Oil ulei cald pentru masaj 200 ml - SHOPATOA.COM","og_description":"Green Pharmacy Essential oils of Orange Massage Oil, 200 ml, Uleiuri pentru masaj pentru femei, Sim\u021bi\u021bi c\u0103 pielea dvs. are nevoie de ceva \u00een plus fa\u021b\u0103 de \u00eengrijirea oferir\u0103 de lo\u021biune sau crem\u0103? Uleiul de corp Green Pharmacy Essential oils of Orange Massage Oil v\u0103 va \u00eembog\u0103\u021bi perfect rutina de \u00eengrijire \u2013 va conferi pielii...","og_url":"https:\/\/shopatoa.com\/ro\/green-pharmacy-essential-oils-of-orange-massage-oil-ulei-cald-pentru-masaj-200-ml\/","og_site_name":"SHOPATOA","article_modified_time":"2026-02-03T18:00:02+00:00","og_image":[{"width":800,"height":800,"url":"https:\/\/storage.googleapis.com\/cz-shopatoa-img\/ro\/afc9b80a-unnamed-file.webp","type":"image\/webp"}],"twitter_card":"summary_large_image","twitter_misc":{"Timp estimat pentru citire":"1 minut"},"schema":{"@context":"https:\/\/schema.org","@graph":[{"@type":"WebPage","@id":"https:\/\/shopatoa.com\/ro\/green-pharmacy-essential-oils-of-orange-massage-oil-ulei-cald-pentru-masaj-200-ml\/","url":"https:\/\/shopatoa.com\/ro\/green-pharmacy-essential-oils-of-orange-massage-oil-ulei-cald-pentru-masaj-200-ml\/","name":"Green Pharmacy Essential oils of Orange Massage Oil ulei cald pentru masaj 200 ml - SHOPATOA.COM","isPartOf":{"@id":"https:\/\/shopatoa.com\/ro\/#website"},"primaryImageOfPage":{"@id":"https:\/\/shopatoa.com\/ro\/green-pharmacy-essential-oils-of-orange-massage-oil-ulei-cald-pentru-masaj-200-ml\/#primaryimage"},"image":{"@id":"https:\/\/shopatoa.com\/ro\/green-pharmacy-essential-oils-of-orange-massage-oil-ulei-cald-pentru-masaj-200-ml\/#primaryimage"},"thumbnailUrl":"https:\/\/storage.googleapis.com\/cz-shopatoa-img\/ro\/afc9b80a-unnamed-file.webp","datePublished":"2025-06-26T20:32:00+00:00","dateModified":"2026-02-03T18:00:02+00:00","breadcrumb":{"@id":"https:\/\/shopatoa.com\/ro\/green-pharmacy-essential-oils-of-orange-massage-oil-ulei-cald-pentru-masaj-200-ml\/#breadcrumb"},"inLanguage":"ro-RO","potentialAction":[{"@type":"ReadAction","target":["https:\/\/shopatoa.com\/ro\/green-pharmacy-essential-oils-of-orange-massage-oil-ulei-cald-pentru-masaj-200-ml\/"]}]},{"@type":"ImageObject","inLanguage":"ro-RO","@id":"https:\/\/shopatoa.com\/ro\/green-pharmacy-essential-oils-of-orange-massage-oil-ulei-cald-pentru-masaj-200-ml\/#primaryimage","url":"https:\/\/storage.googleapis.com\/cz-shopatoa-img\/ro\/afc9b80a-unnamed-file.webp","contentUrl":"https:\/\/storage.googleapis.com\/cz-shopatoa-img\/ro\/afc9b80a-unnamed-file.webp","width":800,"height":800},{"@type":"BreadcrumbList","@id":"https:\/\/shopatoa.com\/ro\/green-pharmacy-essential-oils-of-orange-massage-oil-ulei-cald-pentru-masaj-200-ml\/#breadcrumb","itemListElement":[{"@type":"ListItem","position":1,"name":"Dom\u016f","item":"https:\/\/shopatoa.com\/ro\/"},{"@type":"ListItem","position":2,"name":"Shop","item":"https:\/\/shopatoa.com\/ro\/shop\/"},{"@type":"ListItem","position":3,"name":"S\u0103n\u0103tate \u0219i frumuse\u021be","item":"https:\/\/shopatoa.com\/ro\/sanatate-si-frumusete\/"},{"@type":"ListItem","position":4,"name":"\u00cengrijire personal\u0103","item":"https:\/\/shopatoa.com\/ro\/ingrijire-personala\/"},{"@type":"ListItem","position":5,"name":"Masaj \u0219i relaxare","item":"https:\/\/shopatoa.com\/ro\/masaj-si-relaxare\/"},{"@type":"ListItem","position":6,"name":"Ulei de masaj","item":"https:\/\/shopatoa.com\/ro\/ulei-de-masaj\/"},{"@type":"ListItem","position":7,"name":"Green Pharmacy Essential oils of Orange Massage Oil ulei cald pentru masaj 200 ml"}]},{"@type":"WebSite","@id":"https:\/\/shopatoa.com\/ro\/#website","url":"https:\/\/shopatoa.com\/ro\/","name":"SHOPATOA","description":"","publisher":{"@id":"https:\/\/shopatoa.com\/ro\/#organization"},"potentialAction":[{"@type":"SearchAction","target":{"@type":"EntryPoint","urlTemplate":"https:\/\/shopatoa.com\/ro\/?s={search_term_string}"},"query-input":{"@type":"PropertyValueSpecification","valueRequired":true,"valueName":"search_term_string"}}],"inLanguage":"ro-RO"},{"@type":"Organization","@id":"https:\/\/shopatoa.com\/ro\/#organization","name":"SHOPATOA","url":"https:\/\/shopatoa.com\/ro\/","logo":{"@type":"ImageObject","inLanguage":"ro-RO","@id":"https:\/\/shopatoa.com\/ro\/#\/schema\/logo\/image\/","url":"https:\/\/storage.googleapis.com\/cz-shopatoa-img\/ro\/b4dac915-shopatoa_logo.png","contentUrl":"https:\/\/storage.googleapis.com\/cz-shopatoa-img\/ro\/b4dac915-shopatoa_logo.png","width":416,"height":63,"caption":"SHOPATOA"},"image":{"@id":"https:\/\/shopatoa.com\/ro\/#\/schema\/logo\/image\/"}}]}},"_links":{"self":[{"href":"https:\/\/shopatoa.com\/ro\/wp-json\/wp\/v2\/product\/461036","targetHints":{"allow":["GET"]}}],"collection":[{"href":"https:\/\/shopatoa.com\/ro\/wp-json\/wp\/v2\/product"}],"about":[{"href":"https:\/\/shopatoa.com\/ro\/wp-json\/wp\/v2\/types\/product"}],"replies":[{"embeddable":true,"href":"https:\/\/shopatoa.com\/ro\/wp-json\/wp\/v2\/comments?post=461036"}],"wp:featuredmedia":[{"embeddable":true,"href":"https:\/\/shopatoa.com\/ro\/wp-json\/wp\/v2\/media\/461037"}],"wp:attachment":[{"href":"https:\/\/shopatoa.com\/ro\/wp-json\/wp\/v2\/media?parent=461036"}],"wp:term":[{"taxonomy":"product_brand","embeddable":true,"href":"https:\/\/shopatoa.com\/ro\/wp-json\/wp\/v2\/product_brand?post=461036"},{"taxonomy":"product_cat","embeddable":true,"href":"https:\/\/shopatoa.com\/ro\/wp-json\/wp\/v2\/product_cat?post=461036"},{"taxonomy":"product_tag","embeddable":true,"href":"https:\/\/shopatoa.com\/ro\/wp-json\/wp\/v2\/product_tag?post=461036"}],"curies":[{"name":"wp","href":"https:\/\/api.w.org\/{rel}","templated":true}]}}