{"id":461168,"date":"2025-06-26T22:54:42","date_gmt":"2025-06-26T20:54:42","guid":{"rendered":"https:\/\/shopatoa.com\/ro\/philips-sonicare-premium-gum-care-hx9056-87-capete-de-schimb-pentru-periuta-de-dinti-6-buc\/"},"modified":"2026-02-03T18:39:02","modified_gmt":"2026-02-03T17:39:02","slug":"philips-sonicare-premium-gum-care-hx9056-87-capete-de-schimb-pentru-periuta-de-dinti-6-buc","status":"publish","type":"product","link":"https:\/\/shopatoa.com\/ro\/philips-sonicare-premium-gum-care-hx9056-87-capete-de-schimb-pentru-periuta-de-dinti-6-buc\/","title":{"rendered":"Philips Sonicare Premium Gum Care HX9056\/87 capete de schimb pentru periuta de dinti 6 buc"},"content":{"rendered":"<p>Philips Sonicare Premium Gum Care HX9056\/87, 6 buc, Capete inlocuitoare pentru periute pentru femei, Capul de schimb pentru periu\u021ba de din\u021bi Philips Sonicare Premium Gum Care HX9056\/87 asigur\u0103 rezultate excelente \u00een igiena bucal\u0103. \u00cenlocuirea sa periodic\u0103 garanteaz\u0103 \u00een continuare o cur\u0103\u021bare a din\u021bilor la fel de eficient\u0103 ca \u0219i cu o periu\u021b\u0103 nou\u0103.  Caracteristici:  \u00eendep\u0103rteaz\u0103 placa dentobacterian\u0103 cur\u0103\u021b\u0103 din\u021bii \u0219i \u00een locuri greu accesibile previne eficient gingivita maseaz\u0103 u\u0219or gingiile \u0219i le amelioreaz\u0103 starea de s\u0103n\u0103tate protejeaz\u0103 gingiile \u00eengrije\u0219te delicat gingiile \u0219i smal\u021bul dentar confortabil \u0219i u\u0219or de manipulat u\u0219or de schimbat cur\u0103\u021b\u0103 din\u021bii mai bine dec\u00e2t o periu\u021b\u0103 de din\u021bi manual\u0103  Cum se utilizeaz\u0103: Se insereaz\u0103 capul de rezerv\u0103 pe periu\u021ba compatibil\u0103, p\u00e2n\u0103 c\u00e2nd se aude clicul de fixare.<\/p>\n","protected":false},"excerpt":{"rendered":"<p>Philips Sonicare Premium Gum Care HX9056\/87, 6 buc, Capete inlocuitoare pentru periute pentru femei, Capul de schimb pentru periu\u021ba de din\u021bi Philips Sonicare Premium Gum Care HX9056\/87 asigur\u0103 rezultate excelente \u00een igiena bucal\u0103. \u00cenlocuirea sa periodic\u0103 garanteaz\u0103 \u00een continuare o cur\u0103\u021bare a din\u021bilor la fel de eficient\u0103 ca \u0219i cu o periu\u021b\u0103 nou\u0103. Caracteristici: \u00eendep\u0103rteaz\u0103&#8230;<\/p>\n","protected":false},"featured_media":461169,"comment_status":"closed","ping_status":"open","template":"","meta":{"_acf_changed":false,"_kadence_starter_templates_imported_post":false,"_kad_post_transparent":"","_kad_post_title":"","_kad_post_layout":"","_kad_post_sidebar_id":"","_kad_post_content_style":"","_kad_post_vertical_padding":"","_kad_post_feature":"","_kad_post_feature_position":"","_kad_post_header":false,"_kad_post_footer":false,"_kad_post_classname":""},"product_brand":[495],"product_cat":[1960,1961,1605,1563,1562],"product_tag":[],"class_list":{"0":"post-461168","1":"product","2":"type-product","3":"status-publish","4":"has-post-thumbnail","6":"product_brand-philips","7":"product_cat-accesorii-pentru-periute-de-dinti","8":"product_cat-capete-de-periuta-de-dinti-de-schimb","9":"product_cat-ingrijire-orala","10":"product_cat-ingrijire-personala","11":"product_cat-sanatate-si-frumusete","12":"pa_gen-female","13":"pa_marime-6-buc","15":"first","16":"instock","17":"sale","18":"product-type-external","19":"entry","20":"content-bg","21":"loop-entry"},"acf":[],"yoast_head":"<!-- This site is optimized with the Yoast SEO plugin v27.4 - https:\/\/yoast.com\/product\/yoast-seo-wordpress\/ -->\n<title>Philips Sonicare Premium Gum Care HX9056\/87 capete de schimb pentru periuta de dinti 6 buc - SHOPATOA.COM<\/title>\n<meta name=\"robots\" content=\"index, follow, max-snippet:-1, max-image-preview:large, max-video-preview:-1\" \/>\n<link rel=\"canonical\" href=\"https:\/\/shopatoa.com\/ro\/philips-sonicare-premium-gum-care-hx9056-87-capete-de-schimb-pentru-periuta-de-dinti-6-buc\/\" \/>\n<meta property=\"og:locale\" content=\"ro_RO\" \/>\n<meta property=\"og:type\" content=\"article\" \/>\n<meta property=\"og:title\" content=\"Philips Sonicare Premium Gum Care HX9056\/87 capete de schimb pentru periuta de dinti 6 buc - SHOPATOA.COM\" \/>\n<meta property=\"og:description\" content=\"Philips Sonicare Premium Gum Care HX9056\/87, 6 buc, Capete inlocuitoare pentru periute pentru femei, Capul de schimb pentru periu\u021ba de din\u021bi Philips Sonicare Premium Gum Care HX9056\/87 asigur\u0103 rezultate excelente \u00een igiena bucal\u0103. \u00cenlocuirea sa periodic\u0103 garanteaz\u0103 \u00een continuare o cur\u0103\u021bare a din\u021bilor la fel de eficient\u0103 ca \u0219i cu o periu\u021b\u0103 nou\u0103. Caracteristici: \u00eendep\u0103rteaz\u0103...\" \/>\n<meta property=\"og:url\" content=\"https:\/\/shopatoa.com\/ro\/philips-sonicare-premium-gum-care-hx9056-87-capete-de-schimb-pentru-periuta-de-dinti-6-buc\/\" \/>\n<meta property=\"og:site_name\" content=\"SHOPATOA\" \/>\n<meta property=\"article:modified_time\" content=\"2026-02-03T17:39:02+00:00\" \/>\n<meta property=\"og:image\" content=\"https:\/\/storage.googleapis.com\/cz-shopatoa-img\/ro\/7bd858ff-unnamed-file.webp\" \/>\n\t<meta property=\"og:image:width\" content=\"800\" \/>\n\t<meta property=\"og:image:height\" content=\"800\" \/>\n\t<meta property=\"og:image:type\" content=\"image\/webp\" \/>\n<meta name=\"twitter:card\" content=\"summary_large_image\" \/>\n<meta name=\"twitter:label1\" content=\"Timp estimat pentru citire\" \/>\n\t<meta name=\"twitter:data1\" content=\"1 minut\" \/>\n<script type=\"application\/ld+json\" class=\"yoast-schema-graph\">{\"@context\":\"https:\\\/\\\/schema.org\",\"@graph\":[{\"@type\":\"WebPage\",\"@id\":\"https:\\\/\\\/shopatoa.com\\\/ro\\\/philips-sonicare-premium-gum-care-hx9056-87-capete-de-schimb-pentru-periuta-de-dinti-6-buc\\\/\",\"url\":\"https:\\\/\\\/shopatoa.com\\\/ro\\\/philips-sonicare-premium-gum-care-hx9056-87-capete-de-schimb-pentru-periuta-de-dinti-6-buc\\\/\",\"name\":\"Philips Sonicare Premium Gum Care HX9056\\\/87 capete de schimb pentru periuta de dinti 6 buc - SHOPATOA.COM\",\"isPartOf\":{\"@id\":\"https:\\\/\\\/shopatoa.com\\\/ro\\\/#website\"},\"primaryImageOfPage\":{\"@id\":\"https:\\\/\\\/shopatoa.com\\\/ro\\\/philips-sonicare-premium-gum-care-hx9056-87-capete-de-schimb-pentru-periuta-de-dinti-6-buc\\\/#primaryimage\"},\"image\":{\"@id\":\"https:\\\/\\\/shopatoa.com\\\/ro\\\/philips-sonicare-premium-gum-care-hx9056-87-capete-de-schimb-pentru-periuta-de-dinti-6-buc\\\/#primaryimage\"},\"thumbnailUrl\":\"https:\\\/\\\/storage.googleapis.com\\\/cz-shopatoa-img\\\/ro\\\/7bd858ff-unnamed-file.webp\",\"datePublished\":\"2025-06-26T20:54:42+00:00\",\"dateModified\":\"2026-02-03T17:39:02+00:00\",\"breadcrumb\":{\"@id\":\"https:\\\/\\\/shopatoa.com\\\/ro\\\/philips-sonicare-premium-gum-care-hx9056-87-capete-de-schimb-pentru-periuta-de-dinti-6-buc\\\/#breadcrumb\"},\"inLanguage\":\"ro-RO\",\"potentialAction\":[{\"@type\":\"ReadAction\",\"target\":[\"https:\\\/\\\/shopatoa.com\\\/ro\\\/philips-sonicare-premium-gum-care-hx9056-87-capete-de-schimb-pentru-periuta-de-dinti-6-buc\\\/\"]}]},{\"@type\":\"ImageObject\",\"inLanguage\":\"ro-RO\",\"@id\":\"https:\\\/\\\/shopatoa.com\\\/ro\\\/philips-sonicare-premium-gum-care-hx9056-87-capete-de-schimb-pentru-periuta-de-dinti-6-buc\\\/#primaryimage\",\"url\":\"https:\\\/\\\/storage.googleapis.com\\\/cz-shopatoa-img\\\/ro\\\/7bd858ff-unnamed-file.webp\",\"contentUrl\":\"https:\\\/\\\/storage.googleapis.com\\\/cz-shopatoa-img\\\/ro\\\/7bd858ff-unnamed-file.webp\",\"width\":800,\"height\":800},{\"@type\":\"BreadcrumbList\",\"@id\":\"https:\\\/\\\/shopatoa.com\\\/ro\\\/philips-sonicare-premium-gum-care-hx9056-87-capete-de-schimb-pentru-periuta-de-dinti-6-buc\\\/#breadcrumb\",\"itemListElement\":[{\"@type\":\"ListItem\",\"position\":1,\"name\":\"Dom\u016f\",\"item\":\"https:\\\/\\\/shopatoa.com\\\/ro\\\/\"},{\"@type\":\"ListItem\",\"position\":2,\"name\":\"Shop\",\"item\":\"https:\\\/\\\/shopatoa.com\\\/ro\\\/shop\\\/\"},{\"@type\":\"ListItem\",\"position\":3,\"name\":\"S\u0103n\u0103tate \u0219i frumuse\u021be\",\"item\":\"https:\\\/\\\/shopatoa.com\\\/ro\\\/sanatate-si-frumusete\\\/\"},{\"@type\":\"ListItem\",\"position\":4,\"name\":\"\u00cengrijire personal\u0103\",\"item\":\"https:\\\/\\\/shopatoa.com\\\/ro\\\/ingrijire-personala\\\/\"},{\"@type\":\"ListItem\",\"position\":5,\"name\":\"\u00cengrijire oral\u0103\",\"item\":\"https:\\\/\\\/shopatoa.com\\\/ro\\\/ingrijire-orala\\\/\"},{\"@type\":\"ListItem\",\"position\":6,\"name\":\"Accesorii pentru periu\u021be de din\u021bi\",\"item\":\"https:\\\/\\\/shopatoa.com\\\/ro\\\/accesorii-pentru-periute-de-dinti\\\/\"},{\"@type\":\"ListItem\",\"position\":7,\"name\":\"Capete de periu\u021b\u0103 de din\u021bi de schimb\",\"item\":\"https:\\\/\\\/shopatoa.com\\\/ro\\\/capete-de-periuta-de-dinti-de-schimb\\\/\"},{\"@type\":\"ListItem\",\"position\":8,\"name\":\"Philips Sonicare Premium Gum Care HX9056\\\/87 capete de schimb pentru periuta de dinti 6 buc\"}]},{\"@type\":\"WebSite\",\"@id\":\"https:\\\/\\\/shopatoa.com\\\/ro\\\/#website\",\"url\":\"https:\\\/\\\/shopatoa.com\\\/ro\\\/\",\"name\":\"SHOPATOA\",\"description\":\"\",\"publisher\":{\"@id\":\"https:\\\/\\\/shopatoa.com\\\/ro\\\/#organization\"},\"potentialAction\":[{\"@type\":\"SearchAction\",\"target\":{\"@type\":\"EntryPoint\",\"urlTemplate\":\"https:\\\/\\\/shopatoa.com\\\/ro\\\/?s={search_term_string}\"},\"query-input\":{\"@type\":\"PropertyValueSpecification\",\"valueRequired\":true,\"valueName\":\"search_term_string\"}}],\"inLanguage\":\"ro-RO\"},{\"@type\":\"Organization\",\"@id\":\"https:\\\/\\\/shopatoa.com\\\/ro\\\/#organization\",\"name\":\"SHOPATOA\",\"url\":\"https:\\\/\\\/shopatoa.com\\\/ro\\\/\",\"logo\":{\"@type\":\"ImageObject\",\"inLanguage\":\"ro-RO\",\"@id\":\"https:\\\/\\\/shopatoa.com\\\/ro\\\/#\\\/schema\\\/logo\\\/image\\\/\",\"url\":\"https:\\\/\\\/storage.googleapis.com\\\/cz-shopatoa-img\\\/ro\\\/b4dac915-shopatoa_logo.png\",\"contentUrl\":\"https:\\\/\\\/storage.googleapis.com\\\/cz-shopatoa-img\\\/ro\\\/b4dac915-shopatoa_logo.png\",\"width\":416,\"height\":63,\"caption\":\"SHOPATOA\"},\"image\":{\"@id\":\"https:\\\/\\\/shopatoa.com\\\/ro\\\/#\\\/schema\\\/logo\\\/image\\\/\"}}]}<\/script>\n<!-- \/ Yoast SEO plugin. -->","yoast_head_json":{"title":"Philips Sonicare Premium Gum Care HX9056\/87 capete de schimb pentru periuta de dinti 6 buc - SHOPATOA.COM","robots":{"index":"index","follow":"follow","max-snippet":"max-snippet:-1","max-image-preview":"max-image-preview:large","max-video-preview":"max-video-preview:-1"},"canonical":"https:\/\/shopatoa.com\/ro\/philips-sonicare-premium-gum-care-hx9056-87-capete-de-schimb-pentru-periuta-de-dinti-6-buc\/","og_locale":"ro_RO","og_type":"article","og_title":"Philips Sonicare Premium Gum Care HX9056\/87 capete de schimb pentru periuta de dinti 6 buc - SHOPATOA.COM","og_description":"Philips Sonicare Premium Gum Care HX9056\/87, 6 buc, Capete inlocuitoare pentru periute pentru femei, Capul de schimb pentru periu\u021ba de din\u021bi Philips Sonicare Premium Gum Care HX9056\/87 asigur\u0103 rezultate excelente \u00een igiena bucal\u0103. \u00cenlocuirea sa periodic\u0103 garanteaz\u0103 \u00een continuare o cur\u0103\u021bare a din\u021bilor la fel de eficient\u0103 ca \u0219i cu o periu\u021b\u0103 nou\u0103. Caracteristici: \u00eendep\u0103rteaz\u0103...","og_url":"https:\/\/shopatoa.com\/ro\/philips-sonicare-premium-gum-care-hx9056-87-capete-de-schimb-pentru-periuta-de-dinti-6-buc\/","og_site_name":"SHOPATOA","article_modified_time":"2026-02-03T17:39:02+00:00","og_image":[{"width":800,"height":800,"url":"https:\/\/storage.googleapis.com\/cz-shopatoa-img\/ro\/7bd858ff-unnamed-file.webp","type":"image\/webp"}],"twitter_card":"summary_large_image","twitter_misc":{"Timp estimat pentru citire":"1 minut"},"schema":{"@context":"https:\/\/schema.org","@graph":[{"@type":"WebPage","@id":"https:\/\/shopatoa.com\/ro\/philips-sonicare-premium-gum-care-hx9056-87-capete-de-schimb-pentru-periuta-de-dinti-6-buc\/","url":"https:\/\/shopatoa.com\/ro\/philips-sonicare-premium-gum-care-hx9056-87-capete-de-schimb-pentru-periuta-de-dinti-6-buc\/","name":"Philips Sonicare Premium Gum Care HX9056\/87 capete de schimb pentru periuta de dinti 6 buc - SHOPATOA.COM","isPartOf":{"@id":"https:\/\/shopatoa.com\/ro\/#website"},"primaryImageOfPage":{"@id":"https:\/\/shopatoa.com\/ro\/philips-sonicare-premium-gum-care-hx9056-87-capete-de-schimb-pentru-periuta-de-dinti-6-buc\/#primaryimage"},"image":{"@id":"https:\/\/shopatoa.com\/ro\/philips-sonicare-premium-gum-care-hx9056-87-capete-de-schimb-pentru-periuta-de-dinti-6-buc\/#primaryimage"},"thumbnailUrl":"https:\/\/storage.googleapis.com\/cz-shopatoa-img\/ro\/7bd858ff-unnamed-file.webp","datePublished":"2025-06-26T20:54:42+00:00","dateModified":"2026-02-03T17:39:02+00:00","breadcrumb":{"@id":"https:\/\/shopatoa.com\/ro\/philips-sonicare-premium-gum-care-hx9056-87-capete-de-schimb-pentru-periuta-de-dinti-6-buc\/#breadcrumb"},"inLanguage":"ro-RO","potentialAction":[{"@type":"ReadAction","target":["https:\/\/shopatoa.com\/ro\/philips-sonicare-premium-gum-care-hx9056-87-capete-de-schimb-pentru-periuta-de-dinti-6-buc\/"]}]},{"@type":"ImageObject","inLanguage":"ro-RO","@id":"https:\/\/shopatoa.com\/ro\/philips-sonicare-premium-gum-care-hx9056-87-capete-de-schimb-pentru-periuta-de-dinti-6-buc\/#primaryimage","url":"https:\/\/storage.googleapis.com\/cz-shopatoa-img\/ro\/7bd858ff-unnamed-file.webp","contentUrl":"https:\/\/storage.googleapis.com\/cz-shopatoa-img\/ro\/7bd858ff-unnamed-file.webp","width":800,"height":800},{"@type":"BreadcrumbList","@id":"https:\/\/shopatoa.com\/ro\/philips-sonicare-premium-gum-care-hx9056-87-capete-de-schimb-pentru-periuta-de-dinti-6-buc\/#breadcrumb","itemListElement":[{"@type":"ListItem","position":1,"name":"Dom\u016f","item":"https:\/\/shopatoa.com\/ro\/"},{"@type":"ListItem","position":2,"name":"Shop","item":"https:\/\/shopatoa.com\/ro\/shop\/"},{"@type":"ListItem","position":3,"name":"S\u0103n\u0103tate \u0219i frumuse\u021be","item":"https:\/\/shopatoa.com\/ro\/sanatate-si-frumusete\/"},{"@type":"ListItem","position":4,"name":"\u00cengrijire personal\u0103","item":"https:\/\/shopatoa.com\/ro\/ingrijire-personala\/"},{"@type":"ListItem","position":5,"name":"\u00cengrijire oral\u0103","item":"https:\/\/shopatoa.com\/ro\/ingrijire-orala\/"},{"@type":"ListItem","position":6,"name":"Accesorii pentru periu\u021be de din\u021bi","item":"https:\/\/shopatoa.com\/ro\/accesorii-pentru-periute-de-dinti\/"},{"@type":"ListItem","position":7,"name":"Capete de periu\u021b\u0103 de din\u021bi de schimb","item":"https:\/\/shopatoa.com\/ro\/capete-de-periuta-de-dinti-de-schimb\/"},{"@type":"ListItem","position":8,"name":"Philips Sonicare Premium Gum Care HX9056\/87 capete de schimb pentru periuta de dinti 6 buc"}]},{"@type":"WebSite","@id":"https:\/\/shopatoa.com\/ro\/#website","url":"https:\/\/shopatoa.com\/ro\/","name":"SHOPATOA","description":"","publisher":{"@id":"https:\/\/shopatoa.com\/ro\/#organization"},"potentialAction":[{"@type":"SearchAction","target":{"@type":"EntryPoint","urlTemplate":"https:\/\/shopatoa.com\/ro\/?s={search_term_string}"},"query-input":{"@type":"PropertyValueSpecification","valueRequired":true,"valueName":"search_term_string"}}],"inLanguage":"ro-RO"},{"@type":"Organization","@id":"https:\/\/shopatoa.com\/ro\/#organization","name":"SHOPATOA","url":"https:\/\/shopatoa.com\/ro\/","logo":{"@type":"ImageObject","inLanguage":"ro-RO","@id":"https:\/\/shopatoa.com\/ro\/#\/schema\/logo\/image\/","url":"https:\/\/storage.googleapis.com\/cz-shopatoa-img\/ro\/b4dac915-shopatoa_logo.png","contentUrl":"https:\/\/storage.googleapis.com\/cz-shopatoa-img\/ro\/b4dac915-shopatoa_logo.png","width":416,"height":63,"caption":"SHOPATOA"},"image":{"@id":"https:\/\/shopatoa.com\/ro\/#\/schema\/logo\/image\/"}}]}},"_links":{"self":[{"href":"https:\/\/shopatoa.com\/ro\/wp-json\/wp\/v2\/product\/461168","targetHints":{"allow":["GET"]}}],"collection":[{"href":"https:\/\/shopatoa.com\/ro\/wp-json\/wp\/v2\/product"}],"about":[{"href":"https:\/\/shopatoa.com\/ro\/wp-json\/wp\/v2\/types\/product"}],"replies":[{"embeddable":true,"href":"https:\/\/shopatoa.com\/ro\/wp-json\/wp\/v2\/comments?post=461168"}],"wp:featuredmedia":[{"embeddable":true,"href":"https:\/\/shopatoa.com\/ro\/wp-json\/wp\/v2\/media\/461169"}],"wp:attachment":[{"href":"https:\/\/shopatoa.com\/ro\/wp-json\/wp\/v2\/media?parent=461168"}],"wp:term":[{"taxonomy":"product_brand","embeddable":true,"href":"https:\/\/shopatoa.com\/ro\/wp-json\/wp\/v2\/product_brand?post=461168"},{"taxonomy":"product_cat","embeddable":true,"href":"https:\/\/shopatoa.com\/ro\/wp-json\/wp\/v2\/product_cat?post=461168"},{"taxonomy":"product_tag","embeddable":true,"href":"https:\/\/shopatoa.com\/ro\/wp-json\/wp\/v2\/product_tag?post=461168"}],"curies":[{"name":"wp","href":"https:\/\/api.w.org\/{rel}","templated":true}]}}