{"id":461180,"date":"2025-06-26T22:56:26","date_gmt":"2025-06-26T20:56:26","guid":{"rendered":"https:\/\/shopatoa.com\/ro\/armani-code-set-cadou-pentru-barbati-3\/"},"modified":"2025-06-26T22:56:33","modified_gmt":"2025-06-26T20:56:33","slug":"armani-code-set-cadou-pentru-barbati-3","status":"publish","type":"product","link":"https:\/\/shopatoa.com\/ro\/armani-code-set-cadou-pentru-barbati-3\/","title":{"rendered":"Armani Code set cadou pentru b\u0103rba\u021bi"},"content":{"rendered":"<p>Armani Code, Seturi pentru b\u0103rba\u021bi pentru b\u0103rba\u021bi, Un parfum de lux este \u00eentotdeauna alegerea ideal\u0103, atunci c\u00e2nd dori\u021bi s\u0103 face\u021bi cu adev\u0103rat pl\u0103cere cuiva. Setul de parfum b\u0103rb\u0103tesc Armani Code frumos ambalat aduce destinatarului o bucurie \u0219i mai mare. Pute\u021bi fi sigur c\u0103 fermec\u0103torul set perfect asortat va avea mare succes.  Caracteristici:  parfumul \u00een set cadou aduce mai mult\u0103 bucurie con\u021bine m\u0103rimea complet\u0103 a parfumului \u0219i miniatura sa setul atrage de la prima vedere, datorit\u0103 ambalajului frumos foarte potrivit ca un cadou bucur\u0103 orice b\u0103rbat  Setul con\u021bine:   Armani Code Eau de Parfum 75 ml  Eau de Parfum 15 ml<\/p>\n","protected":false},"excerpt":{"rendered":"<p>Armani Code, Seturi pentru b\u0103rba\u021bi pentru b\u0103rba\u021bi, Un parfum de lux este \u00eentotdeauna alegerea ideal\u0103, atunci c\u00e2nd dori\u021bi s\u0103 face\u021bi cu adev\u0103rat pl\u0103cere cuiva. Setul de parfum b\u0103rb\u0103tesc Armani Code frumos ambalat aduce destinatarului o bucurie \u0219i mai mare. Pute\u021bi fi sigur c\u0103 fermec\u0103torul set perfect asortat va avea mare succes. Caracteristici: parfumul \u00een set&#8230;<\/p>\n","protected":false},"featured_media":461181,"comment_status":"closed","ping_status":"open","template":"","meta":{"_acf_changed":false,"_kadence_starter_templates_imported_post":false,"_kad_post_transparent":"","_kad_post_title":"","_kad_post_layout":"","_kad_post_sidebar_id":"","_kad_post_content_style":"","_kad_post_vertical_padding":"","_kad_post_feature":"","_kad_post_feature_position":"","_kad_post_header":false,"_kad_post_footer":false,"_kad_post_classname":""},"product_brand":[1931],"product_cat":[1564,1563,1740,1562],"product_tag":[],"class_list":{"0":"post-461180","1":"product","2":"type-product","3":"status-publish","4":"has-post-thumbnail","6":"product_brand-armani","7":"product_cat-cosmetice-ingrijire-personala","8":"product_cat-ingrijire-personala","9":"product_cat-parfumuri-si-colonele","10":"product_cat-sanatate-si-frumusete","11":"pa_gen-male","13":"first","14":"instock","15":"product-type-external","16":"entry","17":"content-bg","18":"loop-entry"},"acf":[],"yoast_head":"<!-- This site is optimized with the Yoast SEO plugin v27.3 - https:\/\/yoast.com\/product\/yoast-seo-wordpress\/ -->\n<title>Armani Code set cadou pentru b\u0103rba\u021bi - SHOPATOA.COM<\/title>\n<meta name=\"robots\" content=\"index, follow, max-snippet:-1, max-image-preview:large, max-video-preview:-1\" \/>\n<link rel=\"canonical\" href=\"https:\/\/shopatoa.com\/ro\/armani-code-set-cadou-pentru-barbati-3\/\" \/>\n<meta property=\"og:locale\" content=\"ro_RO\" \/>\n<meta property=\"og:type\" content=\"article\" \/>\n<meta property=\"og:title\" content=\"Armani Code set cadou pentru b\u0103rba\u021bi - SHOPATOA.COM\" \/>\n<meta property=\"og:description\" content=\"Armani Code, Seturi pentru b\u0103rba\u021bi pentru b\u0103rba\u021bi, Un parfum de lux este \u00eentotdeauna alegerea ideal\u0103, atunci c\u00e2nd dori\u021bi s\u0103 face\u021bi cu adev\u0103rat pl\u0103cere cuiva. Setul de parfum b\u0103rb\u0103tesc Armani Code frumos ambalat aduce destinatarului o bucurie \u0219i mai mare. Pute\u021bi fi sigur c\u0103 fermec\u0103torul set perfect asortat va avea mare succes. Caracteristici: parfumul \u00een set...\" \/>\n<meta property=\"og:url\" content=\"https:\/\/shopatoa.com\/ro\/armani-code-set-cadou-pentru-barbati-3\/\" \/>\n<meta property=\"og:site_name\" content=\"SHOPATOA\" \/>\n<meta property=\"article:modified_time\" content=\"2025-06-26T20:56:33+00:00\" \/>\n<meta property=\"og:image\" content=\"https:\/\/storage.googleapis.com\/cz-shopatoa-img\/ro\/72959f36-unnamed-file.webp\" \/>\n\t<meta property=\"og:image:width\" content=\"800\" \/>\n\t<meta property=\"og:image:height\" content=\"800\" \/>\n\t<meta property=\"og:image:type\" content=\"image\/webp\" \/>\n<meta name=\"twitter:card\" content=\"summary_large_image\" \/>\n<meta name=\"twitter:label1\" content=\"Timp estimat pentru citire\" \/>\n\t<meta name=\"twitter:data1\" content=\"1 minut\" \/>\n<script type=\"application\/ld+json\" class=\"yoast-schema-graph\">{\"@context\":\"https:\\\/\\\/schema.org\",\"@graph\":[{\"@type\":\"WebPage\",\"@id\":\"https:\\\/\\\/shopatoa.com\\\/ro\\\/armani-code-set-cadou-pentru-barbati-3\\\/\",\"url\":\"https:\\\/\\\/shopatoa.com\\\/ro\\\/armani-code-set-cadou-pentru-barbati-3\\\/\",\"name\":\"Armani Code set cadou pentru b\u0103rba\u021bi - SHOPATOA.COM\",\"isPartOf\":{\"@id\":\"https:\\\/\\\/shopatoa.com\\\/ro\\\/#website\"},\"primaryImageOfPage\":{\"@id\":\"https:\\\/\\\/shopatoa.com\\\/ro\\\/armani-code-set-cadou-pentru-barbati-3\\\/#primaryimage\"},\"image\":{\"@id\":\"https:\\\/\\\/shopatoa.com\\\/ro\\\/armani-code-set-cadou-pentru-barbati-3\\\/#primaryimage\"},\"thumbnailUrl\":\"https:\\\/\\\/storage.googleapis.com\\\/cz-shopatoa-img\\\/ro\\\/72959f36-unnamed-file.webp\",\"datePublished\":\"2025-06-26T20:56:26+00:00\",\"dateModified\":\"2025-06-26T20:56:33+00:00\",\"breadcrumb\":{\"@id\":\"https:\\\/\\\/shopatoa.com\\\/ro\\\/armani-code-set-cadou-pentru-barbati-3\\\/#breadcrumb\"},\"inLanguage\":\"ro-RO\",\"potentialAction\":[{\"@type\":\"ReadAction\",\"target\":[\"https:\\\/\\\/shopatoa.com\\\/ro\\\/armani-code-set-cadou-pentru-barbati-3\\\/\"]}]},{\"@type\":\"ImageObject\",\"inLanguage\":\"ro-RO\",\"@id\":\"https:\\\/\\\/shopatoa.com\\\/ro\\\/armani-code-set-cadou-pentru-barbati-3\\\/#primaryimage\",\"url\":\"https:\\\/\\\/storage.googleapis.com\\\/cz-shopatoa-img\\\/ro\\\/72959f36-unnamed-file.webp\",\"contentUrl\":\"https:\\\/\\\/storage.googleapis.com\\\/cz-shopatoa-img\\\/ro\\\/72959f36-unnamed-file.webp\",\"width\":800,\"height\":800},{\"@type\":\"BreadcrumbList\",\"@id\":\"https:\\\/\\\/shopatoa.com\\\/ro\\\/armani-code-set-cadou-pentru-barbati-3\\\/#breadcrumb\",\"itemListElement\":[{\"@type\":\"ListItem\",\"position\":1,\"name\":\"Dom\u016f\",\"item\":\"https:\\\/\\\/shopatoa.com\\\/ro\\\/\"},{\"@type\":\"ListItem\",\"position\":2,\"name\":\"Shop\",\"item\":\"https:\\\/\\\/shopatoa.com\\\/ro\\\/shop\\\/\"},{\"@type\":\"ListItem\",\"position\":3,\"name\":\"Armani Code set cadou pentru b\u0103rba\u021bi\"}]},{\"@type\":\"WebSite\",\"@id\":\"https:\\\/\\\/shopatoa.com\\\/ro\\\/#website\",\"url\":\"https:\\\/\\\/shopatoa.com\\\/ro\\\/\",\"name\":\"SHOPATOA\",\"description\":\"\",\"publisher\":{\"@id\":\"https:\\\/\\\/shopatoa.com\\\/ro\\\/#organization\"},\"potentialAction\":[{\"@type\":\"SearchAction\",\"target\":{\"@type\":\"EntryPoint\",\"urlTemplate\":\"https:\\\/\\\/shopatoa.com\\\/ro\\\/?s={search_term_string}\"},\"query-input\":{\"@type\":\"PropertyValueSpecification\",\"valueRequired\":true,\"valueName\":\"search_term_string\"}}],\"inLanguage\":\"ro-RO\"},{\"@type\":\"Organization\",\"@id\":\"https:\\\/\\\/shopatoa.com\\\/ro\\\/#organization\",\"name\":\"SHOPATOA\",\"url\":\"https:\\\/\\\/shopatoa.com\\\/ro\\\/\",\"logo\":{\"@type\":\"ImageObject\",\"inLanguage\":\"ro-RO\",\"@id\":\"https:\\\/\\\/shopatoa.com\\\/ro\\\/#\\\/schema\\\/logo\\\/image\\\/\",\"url\":\"https:\\\/\\\/storage.googleapis.com\\\/cz-shopatoa-img\\\/ro\\\/b4dac915-shopatoa_logo.png\",\"contentUrl\":\"https:\\\/\\\/storage.googleapis.com\\\/cz-shopatoa-img\\\/ro\\\/b4dac915-shopatoa_logo.png\",\"width\":416,\"height\":63,\"caption\":\"SHOPATOA\"},\"image\":{\"@id\":\"https:\\\/\\\/shopatoa.com\\\/ro\\\/#\\\/schema\\\/logo\\\/image\\\/\"}}]}<\/script>\n<!-- \/ Yoast SEO plugin. -->","yoast_head_json":{"title":"Armani Code set cadou pentru b\u0103rba\u021bi - SHOPATOA.COM","robots":{"index":"index","follow":"follow","max-snippet":"max-snippet:-1","max-image-preview":"max-image-preview:large","max-video-preview":"max-video-preview:-1"},"canonical":"https:\/\/shopatoa.com\/ro\/armani-code-set-cadou-pentru-barbati-3\/","og_locale":"ro_RO","og_type":"article","og_title":"Armani Code set cadou pentru b\u0103rba\u021bi - SHOPATOA.COM","og_description":"Armani Code, Seturi pentru b\u0103rba\u021bi pentru b\u0103rba\u021bi, Un parfum de lux este \u00eentotdeauna alegerea ideal\u0103, atunci c\u00e2nd dori\u021bi s\u0103 face\u021bi cu adev\u0103rat pl\u0103cere cuiva. Setul de parfum b\u0103rb\u0103tesc Armani Code frumos ambalat aduce destinatarului o bucurie \u0219i mai mare. Pute\u021bi fi sigur c\u0103 fermec\u0103torul set perfect asortat va avea mare succes. Caracteristici: parfumul \u00een set...","og_url":"https:\/\/shopatoa.com\/ro\/armani-code-set-cadou-pentru-barbati-3\/","og_site_name":"SHOPATOA","article_modified_time":"2025-06-26T20:56:33+00:00","og_image":[{"width":800,"height":800,"url":"https:\/\/storage.googleapis.com\/cz-shopatoa-img\/ro\/72959f36-unnamed-file.webp","type":"image\/webp"}],"twitter_card":"summary_large_image","twitter_misc":{"Timp estimat pentru citire":"1 minut"},"schema":{"@context":"https:\/\/schema.org","@graph":[{"@type":"WebPage","@id":"https:\/\/shopatoa.com\/ro\/armani-code-set-cadou-pentru-barbati-3\/","url":"https:\/\/shopatoa.com\/ro\/armani-code-set-cadou-pentru-barbati-3\/","name":"Armani Code set cadou pentru b\u0103rba\u021bi - SHOPATOA.COM","isPartOf":{"@id":"https:\/\/shopatoa.com\/ro\/#website"},"primaryImageOfPage":{"@id":"https:\/\/shopatoa.com\/ro\/armani-code-set-cadou-pentru-barbati-3\/#primaryimage"},"image":{"@id":"https:\/\/shopatoa.com\/ro\/armani-code-set-cadou-pentru-barbati-3\/#primaryimage"},"thumbnailUrl":"https:\/\/storage.googleapis.com\/cz-shopatoa-img\/ro\/72959f36-unnamed-file.webp","datePublished":"2025-06-26T20:56:26+00:00","dateModified":"2025-06-26T20:56:33+00:00","breadcrumb":{"@id":"https:\/\/shopatoa.com\/ro\/armani-code-set-cadou-pentru-barbati-3\/#breadcrumb"},"inLanguage":"ro-RO","potentialAction":[{"@type":"ReadAction","target":["https:\/\/shopatoa.com\/ro\/armani-code-set-cadou-pentru-barbati-3\/"]}]},{"@type":"ImageObject","inLanguage":"ro-RO","@id":"https:\/\/shopatoa.com\/ro\/armani-code-set-cadou-pentru-barbati-3\/#primaryimage","url":"https:\/\/storage.googleapis.com\/cz-shopatoa-img\/ro\/72959f36-unnamed-file.webp","contentUrl":"https:\/\/storage.googleapis.com\/cz-shopatoa-img\/ro\/72959f36-unnamed-file.webp","width":800,"height":800},{"@type":"BreadcrumbList","@id":"https:\/\/shopatoa.com\/ro\/armani-code-set-cadou-pentru-barbati-3\/#breadcrumb","itemListElement":[{"@type":"ListItem","position":1,"name":"Dom\u016f","item":"https:\/\/shopatoa.com\/ro\/"},{"@type":"ListItem","position":2,"name":"Shop","item":"https:\/\/shopatoa.com\/ro\/shop\/"},{"@type":"ListItem","position":3,"name":"Armani Code set cadou pentru b\u0103rba\u021bi"}]},{"@type":"WebSite","@id":"https:\/\/shopatoa.com\/ro\/#website","url":"https:\/\/shopatoa.com\/ro\/","name":"SHOPATOA","description":"","publisher":{"@id":"https:\/\/shopatoa.com\/ro\/#organization"},"potentialAction":[{"@type":"SearchAction","target":{"@type":"EntryPoint","urlTemplate":"https:\/\/shopatoa.com\/ro\/?s={search_term_string}"},"query-input":{"@type":"PropertyValueSpecification","valueRequired":true,"valueName":"search_term_string"}}],"inLanguage":"ro-RO"},{"@type":"Organization","@id":"https:\/\/shopatoa.com\/ro\/#organization","name":"SHOPATOA","url":"https:\/\/shopatoa.com\/ro\/","logo":{"@type":"ImageObject","inLanguage":"ro-RO","@id":"https:\/\/shopatoa.com\/ro\/#\/schema\/logo\/image\/","url":"https:\/\/storage.googleapis.com\/cz-shopatoa-img\/ro\/b4dac915-shopatoa_logo.png","contentUrl":"https:\/\/storage.googleapis.com\/cz-shopatoa-img\/ro\/b4dac915-shopatoa_logo.png","width":416,"height":63,"caption":"SHOPATOA"},"image":{"@id":"https:\/\/shopatoa.com\/ro\/#\/schema\/logo\/image\/"}}]}},"_links":{"self":[{"href":"https:\/\/shopatoa.com\/ro\/wp-json\/wp\/v2\/product\/461180","targetHints":{"allow":["GET"]}}],"collection":[{"href":"https:\/\/shopatoa.com\/ro\/wp-json\/wp\/v2\/product"}],"about":[{"href":"https:\/\/shopatoa.com\/ro\/wp-json\/wp\/v2\/types\/product"}],"replies":[{"embeddable":true,"href":"https:\/\/shopatoa.com\/ro\/wp-json\/wp\/v2\/comments?post=461180"}],"wp:featuredmedia":[{"embeddable":true,"href":"https:\/\/shopatoa.com\/ro\/wp-json\/wp\/v2\/media\/461181"}],"wp:attachment":[{"href":"https:\/\/shopatoa.com\/ro\/wp-json\/wp\/v2\/media?parent=461180"}],"wp:term":[{"taxonomy":"product_brand","embeddable":true,"href":"https:\/\/shopatoa.com\/ro\/wp-json\/wp\/v2\/product_brand?post=461180"},{"taxonomy":"product_cat","embeddable":true,"href":"https:\/\/shopatoa.com\/ro\/wp-json\/wp\/v2\/product_cat?post=461180"},{"taxonomy":"product_tag","embeddable":true,"href":"https:\/\/shopatoa.com\/ro\/wp-json\/wp\/v2\/product_tag?post=461180"}],"curies":[{"name":"wp","href":"https:\/\/api.w.org\/{rel}","templated":true}]}}