{"id":461196,"date":"2025-06-26T22:56:26","date_gmt":"2025-06-26T20:56:26","guid":{"rendered":"https:\/\/shopatoa.com\/ro\/notino-mirrors-compact-mirror-oglinda-cosmetica-leatherette-beige-1-buc\/"},"modified":"2026-02-03T18:35:14","modified_gmt":"2026-02-03T17:35:14","slug":"notino-mirrors-compact-mirror-oglinda-cosmetica-leatherette-beige-1-buc","status":"publish","type":"product","link":"https:\/\/shopatoa.com\/ro\/notino-mirrors-compact-mirror-oglinda-cosmetica-leatherette-beige-1-buc\/","title":{"rendered":"Notino Mirrors Compact Mirror oglinda cosmetica Leatherette Beige 1 buc"},"content":{"rendered":"<p>Notino Mirrors Compact Mirror, 1 buc, oglinzi cosmetice pentru femei, Sc\u0103pa\u021bi imediat de orice \u00eendoial\u0103 cu privire la starea machiajului dvs. cu ajutorul oglinzii cosmetice practice Notino. \u00cencape \u00een orice po\u0219et\u0103, geant\u0103 cosmetic\u0103 sau chiar \u00een buzunarul sacoului, astfel \u00eenc\u00e2t s\u0103 o ave\u021bi mereu la \u00eendem\u00e2n\u0103 pentru a v\u0103 verifica look-ul, a v\u0103 retu\u0219a machiajul sau chiar a crea un machiaj complet. Uita\u021bi de verificarea fe\u021bei pe ecranul telefonului, \u00een vitrine sau pe alte suprafe\u021be reflectorizante \u0219i conta\u021bi pe aceast\u0103 oglind\u0103 practic\u0103 pentru a fi frumoas\u0103 \u0219i \u00eengrijit\u0103 oriunde v-a\u021bi afla.  Caracteristici:  ajut\u0103 la controlul fondului de ten design la mod\u0103 \u00een po\u0219et\u0103 \u0219i \u00een c\u0103l\u0103torie form\u0103 practic\u0103 design de calitate  Cum se utilizeaz\u0103: Se folose\u0219te ori de c\u00e2te ori este nevoie, pentru a verifica look-ul sau fondul de ten.<\/p>\n","protected":false},"excerpt":{"rendered":"<p>Notino Mirrors Compact Mirror, 1 buc, oglinzi cosmetice pentru femei, Sc\u0103pa\u021bi imediat de orice \u00eendoial\u0103 cu privire la starea machiajului dvs. cu ajutorul oglinzii cosmetice practice Notino. \u00cencape \u00een orice po\u0219et\u0103, geant\u0103 cosmetic\u0103 sau chiar \u00een buzunarul sacoului, astfel \u00eenc\u00e2t s\u0103 o ave\u021bi mereu la \u00eendem\u00e2n\u0103 pentru a v\u0103 verifica look-ul, a v\u0103 retu\u0219a machiajul&#8230;<\/p>\n","protected":false},"featured_media":461197,"comment_status":"closed","ping_status":"open","template":"","meta":{"_acf_changed":false,"_kadence_starter_templates_imported_post":false,"_kad_post_transparent":"","_kad_post_title":"","_kad_post_layout":"","_kad_post_sidebar_id":"","_kad_post_content_style":"","_kad_post_vertical_padding":"","_kad_post_feature":"","_kad_post_feature_position":"","_kad_post_header":false,"_kad_post_footer":false,"_kad_post_classname":""},"product_brand":[2009],"product_cat":[1564,1563,1659,1660,1661,1562],"product_tag":[],"class_list":{"0":"post-461196","1":"product","2":"type-product","3":"status-publish","4":"has-post-thumbnail","6":"product_brand-notino","7":"product_cat-cosmetice-ingrijire-personala","8":"product_cat-ingrijire-personala","9":"product_cat-instrumente-cosmetice","10":"product_cat-instrumente-de-machiaj","11":"product_cat-oglinzi-pentru-fata","12":"product_cat-sanatate-si-frumusete","13":"pa_gen-female","14":"pa_marime-1-buc","16":"first","17":"instock","18":"sale","19":"product-type-external","20":"entry","21":"content-bg","22":"loop-entry"},"acf":[],"yoast_head":"<!-- This site is optimized with the Yoast SEO plugin v27.4 - https:\/\/yoast.com\/product\/yoast-seo-wordpress\/ -->\n<title>Notino Mirrors Compact Mirror oglinda cosmetica Leatherette Beige 1 buc - SHOPATOA.COM<\/title>\n<meta name=\"robots\" content=\"index, follow, max-snippet:-1, max-image-preview:large, max-video-preview:-1\" \/>\n<link rel=\"canonical\" href=\"https:\/\/shopatoa.com\/ro\/notino-mirrors-compact-mirror-oglinda-cosmetica-leatherette-beige-1-buc\/\" \/>\n<meta property=\"og:locale\" content=\"ro_RO\" \/>\n<meta property=\"og:type\" content=\"article\" \/>\n<meta property=\"og:title\" content=\"Notino Mirrors Compact Mirror oglinda cosmetica Leatherette Beige 1 buc - SHOPATOA.COM\" \/>\n<meta property=\"og:description\" content=\"Notino Mirrors Compact Mirror, 1 buc, oglinzi cosmetice pentru femei, Sc\u0103pa\u021bi imediat de orice \u00eendoial\u0103 cu privire la starea machiajului dvs. cu ajutorul oglinzii cosmetice practice Notino. \u00cencape \u00een orice po\u0219et\u0103, geant\u0103 cosmetic\u0103 sau chiar \u00een buzunarul sacoului, astfel \u00eenc\u00e2t s\u0103 o ave\u021bi mereu la \u00eendem\u00e2n\u0103 pentru a v\u0103 verifica look-ul, a v\u0103 retu\u0219a machiajul...\" \/>\n<meta property=\"og:url\" content=\"https:\/\/shopatoa.com\/ro\/notino-mirrors-compact-mirror-oglinda-cosmetica-leatherette-beige-1-buc\/\" \/>\n<meta property=\"og:site_name\" content=\"SHOPATOA\" \/>\n<meta property=\"article:modified_time\" content=\"2026-02-03T17:35:14+00:00\" \/>\n<meta property=\"og:image\" content=\"https:\/\/storage.googleapis.com\/cz-shopatoa-img\/ro\/da479ecb-unnamed-file.webp\" \/>\n\t<meta property=\"og:image:width\" content=\"800\" \/>\n\t<meta property=\"og:image:height\" content=\"800\" \/>\n\t<meta property=\"og:image:type\" content=\"image\/webp\" \/>\n<meta name=\"twitter:card\" content=\"summary_large_image\" \/>\n<meta name=\"twitter:label1\" content=\"Timp estimat pentru citire\" \/>\n\t<meta name=\"twitter:data1\" content=\"1 minut\" \/>\n<script type=\"application\/ld+json\" class=\"yoast-schema-graph\">{\"@context\":\"https:\\\/\\\/schema.org\",\"@graph\":[{\"@type\":\"WebPage\",\"@id\":\"https:\\\/\\\/shopatoa.com\\\/ro\\\/notino-mirrors-compact-mirror-oglinda-cosmetica-leatherette-beige-1-buc\\\/\",\"url\":\"https:\\\/\\\/shopatoa.com\\\/ro\\\/notino-mirrors-compact-mirror-oglinda-cosmetica-leatherette-beige-1-buc\\\/\",\"name\":\"Notino Mirrors Compact Mirror oglinda cosmetica Leatherette Beige 1 buc - SHOPATOA.COM\",\"isPartOf\":{\"@id\":\"https:\\\/\\\/shopatoa.com\\\/ro\\\/#website\"},\"primaryImageOfPage\":{\"@id\":\"https:\\\/\\\/shopatoa.com\\\/ro\\\/notino-mirrors-compact-mirror-oglinda-cosmetica-leatherette-beige-1-buc\\\/#primaryimage\"},\"image\":{\"@id\":\"https:\\\/\\\/shopatoa.com\\\/ro\\\/notino-mirrors-compact-mirror-oglinda-cosmetica-leatherette-beige-1-buc\\\/#primaryimage\"},\"thumbnailUrl\":\"https:\\\/\\\/storage.googleapis.com\\\/cz-shopatoa-img\\\/ro\\\/da479ecb-unnamed-file.webp\",\"datePublished\":\"2025-06-26T20:56:26+00:00\",\"dateModified\":\"2026-02-03T17:35:14+00:00\",\"breadcrumb\":{\"@id\":\"https:\\\/\\\/shopatoa.com\\\/ro\\\/notino-mirrors-compact-mirror-oglinda-cosmetica-leatherette-beige-1-buc\\\/#breadcrumb\"},\"inLanguage\":\"ro-RO\",\"potentialAction\":[{\"@type\":\"ReadAction\",\"target\":[\"https:\\\/\\\/shopatoa.com\\\/ro\\\/notino-mirrors-compact-mirror-oglinda-cosmetica-leatherette-beige-1-buc\\\/\"]}]},{\"@type\":\"ImageObject\",\"inLanguage\":\"ro-RO\",\"@id\":\"https:\\\/\\\/shopatoa.com\\\/ro\\\/notino-mirrors-compact-mirror-oglinda-cosmetica-leatherette-beige-1-buc\\\/#primaryimage\",\"url\":\"https:\\\/\\\/storage.googleapis.com\\\/cz-shopatoa-img\\\/ro\\\/da479ecb-unnamed-file.webp\",\"contentUrl\":\"https:\\\/\\\/storage.googleapis.com\\\/cz-shopatoa-img\\\/ro\\\/da479ecb-unnamed-file.webp\",\"width\":800,\"height\":800},{\"@type\":\"BreadcrumbList\",\"@id\":\"https:\\\/\\\/shopatoa.com\\\/ro\\\/notino-mirrors-compact-mirror-oglinda-cosmetica-leatherette-beige-1-buc\\\/#breadcrumb\",\"itemListElement\":[{\"@type\":\"ListItem\",\"position\":1,\"name\":\"Dom\u016f\",\"item\":\"https:\\\/\\\/shopatoa.com\\\/ro\\\/\"},{\"@type\":\"ListItem\",\"position\":2,\"name\":\"Shop\",\"item\":\"https:\\\/\\\/shopatoa.com\\\/ro\\\/shop\\\/\"},{\"@type\":\"ListItem\",\"position\":3,\"name\":\"S\u0103n\u0103tate \u0219i frumuse\u021be\",\"item\":\"https:\\\/\\\/shopatoa.com\\\/ro\\\/sanatate-si-frumusete\\\/\"},{\"@type\":\"ListItem\",\"position\":4,\"name\":\"\u00cengrijire personal\u0103\",\"item\":\"https:\\\/\\\/shopatoa.com\\\/ro\\\/ingrijire-personala\\\/\"},{\"@type\":\"ListItem\",\"position\":5,\"name\":\"Cosmetice\",\"item\":\"https:\\\/\\\/shopatoa.com\\\/ro\\\/cosmetice-ingrijire-personala\\\/\"},{\"@type\":\"ListItem\",\"position\":6,\"name\":\"Instrumente cosmetice\",\"item\":\"https:\\\/\\\/shopatoa.com\\\/ro\\\/instrumente-cosmetice\\\/\"},{\"@type\":\"ListItem\",\"position\":7,\"name\":\"Instrumente de machiaj\",\"item\":\"https:\\\/\\\/shopatoa.com\\\/ro\\\/instrumente-de-machiaj\\\/\"},{\"@type\":\"ListItem\",\"position\":8,\"name\":\"Oglinzi pentru fa\u021b\u0103\",\"item\":\"https:\\\/\\\/shopatoa.com\\\/ro\\\/oglinzi-pentru-fata\\\/\"},{\"@type\":\"ListItem\",\"position\":9,\"name\":\"Notino Mirrors Compact Mirror oglinda cosmetica Leatherette Beige 1 buc\"}]},{\"@type\":\"WebSite\",\"@id\":\"https:\\\/\\\/shopatoa.com\\\/ro\\\/#website\",\"url\":\"https:\\\/\\\/shopatoa.com\\\/ro\\\/\",\"name\":\"SHOPATOA\",\"description\":\"\",\"publisher\":{\"@id\":\"https:\\\/\\\/shopatoa.com\\\/ro\\\/#organization\"},\"potentialAction\":[{\"@type\":\"SearchAction\",\"target\":{\"@type\":\"EntryPoint\",\"urlTemplate\":\"https:\\\/\\\/shopatoa.com\\\/ro\\\/?s={search_term_string}\"},\"query-input\":{\"@type\":\"PropertyValueSpecification\",\"valueRequired\":true,\"valueName\":\"search_term_string\"}}],\"inLanguage\":\"ro-RO\"},{\"@type\":\"Organization\",\"@id\":\"https:\\\/\\\/shopatoa.com\\\/ro\\\/#organization\",\"name\":\"SHOPATOA\",\"url\":\"https:\\\/\\\/shopatoa.com\\\/ro\\\/\",\"logo\":{\"@type\":\"ImageObject\",\"inLanguage\":\"ro-RO\",\"@id\":\"https:\\\/\\\/shopatoa.com\\\/ro\\\/#\\\/schema\\\/logo\\\/image\\\/\",\"url\":\"https:\\\/\\\/storage.googleapis.com\\\/cz-shopatoa-img\\\/ro\\\/b4dac915-shopatoa_logo.png\",\"contentUrl\":\"https:\\\/\\\/storage.googleapis.com\\\/cz-shopatoa-img\\\/ro\\\/b4dac915-shopatoa_logo.png\",\"width\":416,\"height\":63,\"caption\":\"SHOPATOA\"},\"image\":{\"@id\":\"https:\\\/\\\/shopatoa.com\\\/ro\\\/#\\\/schema\\\/logo\\\/image\\\/\"}}]}<\/script>\n<!-- \/ Yoast SEO plugin. -->","yoast_head_json":{"title":"Notino Mirrors Compact Mirror oglinda cosmetica Leatherette Beige 1 buc - SHOPATOA.COM","robots":{"index":"index","follow":"follow","max-snippet":"max-snippet:-1","max-image-preview":"max-image-preview:large","max-video-preview":"max-video-preview:-1"},"canonical":"https:\/\/shopatoa.com\/ro\/notino-mirrors-compact-mirror-oglinda-cosmetica-leatherette-beige-1-buc\/","og_locale":"ro_RO","og_type":"article","og_title":"Notino Mirrors Compact Mirror oglinda cosmetica Leatherette Beige 1 buc - SHOPATOA.COM","og_description":"Notino Mirrors Compact Mirror, 1 buc, oglinzi cosmetice pentru femei, Sc\u0103pa\u021bi imediat de orice \u00eendoial\u0103 cu privire la starea machiajului dvs. cu ajutorul oglinzii cosmetice practice Notino. \u00cencape \u00een orice po\u0219et\u0103, geant\u0103 cosmetic\u0103 sau chiar \u00een buzunarul sacoului, astfel \u00eenc\u00e2t s\u0103 o ave\u021bi mereu la \u00eendem\u00e2n\u0103 pentru a v\u0103 verifica look-ul, a v\u0103 retu\u0219a machiajul...","og_url":"https:\/\/shopatoa.com\/ro\/notino-mirrors-compact-mirror-oglinda-cosmetica-leatherette-beige-1-buc\/","og_site_name":"SHOPATOA","article_modified_time":"2026-02-03T17:35:14+00:00","og_image":[{"width":800,"height":800,"url":"https:\/\/storage.googleapis.com\/cz-shopatoa-img\/ro\/da479ecb-unnamed-file.webp","type":"image\/webp"}],"twitter_card":"summary_large_image","twitter_misc":{"Timp estimat pentru citire":"1 minut"},"schema":{"@context":"https:\/\/schema.org","@graph":[{"@type":"WebPage","@id":"https:\/\/shopatoa.com\/ro\/notino-mirrors-compact-mirror-oglinda-cosmetica-leatherette-beige-1-buc\/","url":"https:\/\/shopatoa.com\/ro\/notino-mirrors-compact-mirror-oglinda-cosmetica-leatherette-beige-1-buc\/","name":"Notino Mirrors Compact Mirror oglinda cosmetica Leatherette Beige 1 buc - SHOPATOA.COM","isPartOf":{"@id":"https:\/\/shopatoa.com\/ro\/#website"},"primaryImageOfPage":{"@id":"https:\/\/shopatoa.com\/ro\/notino-mirrors-compact-mirror-oglinda-cosmetica-leatherette-beige-1-buc\/#primaryimage"},"image":{"@id":"https:\/\/shopatoa.com\/ro\/notino-mirrors-compact-mirror-oglinda-cosmetica-leatherette-beige-1-buc\/#primaryimage"},"thumbnailUrl":"https:\/\/storage.googleapis.com\/cz-shopatoa-img\/ro\/da479ecb-unnamed-file.webp","datePublished":"2025-06-26T20:56:26+00:00","dateModified":"2026-02-03T17:35:14+00:00","breadcrumb":{"@id":"https:\/\/shopatoa.com\/ro\/notino-mirrors-compact-mirror-oglinda-cosmetica-leatherette-beige-1-buc\/#breadcrumb"},"inLanguage":"ro-RO","potentialAction":[{"@type":"ReadAction","target":["https:\/\/shopatoa.com\/ro\/notino-mirrors-compact-mirror-oglinda-cosmetica-leatherette-beige-1-buc\/"]}]},{"@type":"ImageObject","inLanguage":"ro-RO","@id":"https:\/\/shopatoa.com\/ro\/notino-mirrors-compact-mirror-oglinda-cosmetica-leatherette-beige-1-buc\/#primaryimage","url":"https:\/\/storage.googleapis.com\/cz-shopatoa-img\/ro\/da479ecb-unnamed-file.webp","contentUrl":"https:\/\/storage.googleapis.com\/cz-shopatoa-img\/ro\/da479ecb-unnamed-file.webp","width":800,"height":800},{"@type":"BreadcrumbList","@id":"https:\/\/shopatoa.com\/ro\/notino-mirrors-compact-mirror-oglinda-cosmetica-leatherette-beige-1-buc\/#breadcrumb","itemListElement":[{"@type":"ListItem","position":1,"name":"Dom\u016f","item":"https:\/\/shopatoa.com\/ro\/"},{"@type":"ListItem","position":2,"name":"Shop","item":"https:\/\/shopatoa.com\/ro\/shop\/"},{"@type":"ListItem","position":3,"name":"S\u0103n\u0103tate \u0219i frumuse\u021be","item":"https:\/\/shopatoa.com\/ro\/sanatate-si-frumusete\/"},{"@type":"ListItem","position":4,"name":"\u00cengrijire personal\u0103","item":"https:\/\/shopatoa.com\/ro\/ingrijire-personala\/"},{"@type":"ListItem","position":5,"name":"Cosmetice","item":"https:\/\/shopatoa.com\/ro\/cosmetice-ingrijire-personala\/"},{"@type":"ListItem","position":6,"name":"Instrumente cosmetice","item":"https:\/\/shopatoa.com\/ro\/instrumente-cosmetice\/"},{"@type":"ListItem","position":7,"name":"Instrumente de machiaj","item":"https:\/\/shopatoa.com\/ro\/instrumente-de-machiaj\/"},{"@type":"ListItem","position":8,"name":"Oglinzi pentru fa\u021b\u0103","item":"https:\/\/shopatoa.com\/ro\/oglinzi-pentru-fata\/"},{"@type":"ListItem","position":9,"name":"Notino Mirrors Compact Mirror oglinda cosmetica Leatherette Beige 1 buc"}]},{"@type":"WebSite","@id":"https:\/\/shopatoa.com\/ro\/#website","url":"https:\/\/shopatoa.com\/ro\/","name":"SHOPATOA","description":"","publisher":{"@id":"https:\/\/shopatoa.com\/ro\/#organization"},"potentialAction":[{"@type":"SearchAction","target":{"@type":"EntryPoint","urlTemplate":"https:\/\/shopatoa.com\/ro\/?s={search_term_string}"},"query-input":{"@type":"PropertyValueSpecification","valueRequired":true,"valueName":"search_term_string"}}],"inLanguage":"ro-RO"},{"@type":"Organization","@id":"https:\/\/shopatoa.com\/ro\/#organization","name":"SHOPATOA","url":"https:\/\/shopatoa.com\/ro\/","logo":{"@type":"ImageObject","inLanguage":"ro-RO","@id":"https:\/\/shopatoa.com\/ro\/#\/schema\/logo\/image\/","url":"https:\/\/storage.googleapis.com\/cz-shopatoa-img\/ro\/b4dac915-shopatoa_logo.png","contentUrl":"https:\/\/storage.googleapis.com\/cz-shopatoa-img\/ro\/b4dac915-shopatoa_logo.png","width":416,"height":63,"caption":"SHOPATOA"},"image":{"@id":"https:\/\/shopatoa.com\/ro\/#\/schema\/logo\/image\/"}}]}},"_links":{"self":[{"href":"https:\/\/shopatoa.com\/ro\/wp-json\/wp\/v2\/product\/461196","targetHints":{"allow":["GET"]}}],"collection":[{"href":"https:\/\/shopatoa.com\/ro\/wp-json\/wp\/v2\/product"}],"about":[{"href":"https:\/\/shopatoa.com\/ro\/wp-json\/wp\/v2\/types\/product"}],"replies":[{"embeddable":true,"href":"https:\/\/shopatoa.com\/ro\/wp-json\/wp\/v2\/comments?post=461196"}],"wp:featuredmedia":[{"embeddable":true,"href":"https:\/\/shopatoa.com\/ro\/wp-json\/wp\/v2\/media\/461197"}],"wp:attachment":[{"href":"https:\/\/shopatoa.com\/ro\/wp-json\/wp\/v2\/media?parent=461196"}],"wp:term":[{"taxonomy":"product_brand","embeddable":true,"href":"https:\/\/shopatoa.com\/ro\/wp-json\/wp\/v2\/product_brand?post=461196"},{"taxonomy":"product_cat","embeddable":true,"href":"https:\/\/shopatoa.com\/ro\/wp-json\/wp\/v2\/product_cat?post=461196"},{"taxonomy":"product_tag","embeddable":true,"href":"https:\/\/shopatoa.com\/ro\/wp-json\/wp\/v2\/product_tag?post=461196"}],"curies":[{"name":"wp","href":"https:\/\/api.w.org\/{rel}","templated":true}]}}