{"id":461552,"date":"2025-06-26T23:26:48","date_gmt":"2025-06-26T21:26:48","guid":{"rendered":"https:\/\/shopatoa.com\/ro\/delia-cosmetics-skin-care-defined-no-redness-baza-de-machiaj-impotriva-inrosirii-30-ml\/"},"modified":"2026-02-03T17:41:03","modified_gmt":"2026-02-03T16:41:03","slug":"delia-cosmetics-skin-care-defined-no-redness-baza-de-machiaj-impotriva-inrosirii-30-ml","status":"publish","type":"product","link":"https:\/\/shopatoa.com\/ro\/delia-cosmetics-skin-care-defined-no-redness-baza-de-machiaj-impotriva-inrosirii-30-ml\/","title":{"rendered":"Delia Cosmetics Skin Care Defined No Redness baz\u0103 de machiaj \u00eempotriva \u00eenro\u0219irii 30 ml"},"content":{"rendered":"<p>Delia Cosmetics Skin Care Defined No Redness, 30 ml, baza pentru machiaj pentru femei, Nu doar machiajul determin\u0103 aspectul perfect al tenului dvs. pe tot parcursul zilei. Un rol important \u00eel joac\u0103 \u0219i baza pe care o aplica\u021bi pe ten mai \u00eent\u00e2i. Primerul Delia CosmeticsSkin Care DefinedNo Redness neteze\u0219te perfect tenul \u0219i \u00eel preg\u0103te\u0219te ideal pentru urm\u0103torii pa\u0219i de machiaj. Creeaz\u0103 pe ten o baz\u0103 uniform\u0103, care nu numai c\u0103 faciliteaz\u0103 aplicarea fondului de ten, dar ajut\u0103 \u0219i la extinderea rezisten\u021bei acestuia. V\u0103 permite s\u0103 ob\u021bine\u021bi un aspect perfect machiat, indiferent de stilul ales. Datorit\u0103 acestui primer ve\u021bi duce machiajul la un nivel superior \u0219i ve\u021bi ob\u021bine rezultate mai bune \u00een aplicarea fondului de ten preferat.  Caracteristici:  m\u0103re\u0219te rezisten\u021ba fondului de ten efect de lung\u0103 durat\u0103  Cum se utilizeaz\u0103: Se aplic\u0103 o cantitate mic\u0103 de produs pe toat\u0103 fa\u021ba sau pe anumite por\u021biuni, dup\u0103 utilizarea cremei de zi. Se \u00eentinde uniform \u0219i temeinic. Apoi se aplic\u0103 fondul de ten.<\/p>\n","protected":false},"excerpt":{"rendered":"<p>Delia Cosmetics Skin Care Defined No Redness, 30 ml, baza pentru machiaj pentru femei, Nu doar machiajul determin\u0103 aspectul perfect al tenului dvs. pe tot parcursul zilei. Un rol important \u00eel joac\u0103 \u0219i baza pe care o aplica\u021bi pe ten mai \u00eent\u00e2i. Primerul Delia CosmeticsSkin Care DefinedNo Redness neteze\u0219te perfect tenul \u0219i \u00eel preg\u0103te\u0219te ideal&#8230;<\/p>\n","protected":false},"featured_media":461553,"comment_status":"closed","ping_status":"open","template":"","meta":{"_acf_changed":false,"_kadence_starter_templates_imported_post":false,"_kad_post_transparent":"","_kad_post_title":"","_kad_post_layout":"","_kad_post_sidebar_id":"","_kad_post_content_style":"","_kad_post_vertical_padding":"","_kad_post_feature":"","_kad_post_feature_position":"","_kad_post_header":false,"_kad_post_footer":false,"_kad_post_classname":""},"product_brand":[1674],"product_cat":[1564,1563,1576,1622,1709,1562],"product_tag":[],"class_list":{"0":"post-461552","1":"product","2":"type-product","3":"status-publish","4":"has-post-thumbnail","6":"product_brand-delia-cosmetics","7":"product_cat-cosmetice-ingrijire-personala","8":"product_cat-ingrijire-personala","9":"product_cat-machiaj","10":"product_cat-machiaj-de-fata","11":"product_cat-primer-de-fata","12":"product_cat-sanatate-si-frumusete","13":"pa_gen-female","14":"pa_marime-30-ml","16":"first","17":"instock","18":"sale","19":"product-type-external","20":"entry","21":"content-bg","22":"loop-entry"},"acf":[],"yoast_head":"<!-- This site is optimized with the Yoast SEO plugin v27.4 - https:\/\/yoast.com\/product\/yoast-seo-wordpress\/ -->\n<title>Delia Cosmetics Skin Care Defined No Redness baz\u0103 de machiaj \u00eempotriva \u00eenro\u0219irii 30 ml - SHOPATOA.COM<\/title>\n<meta name=\"robots\" content=\"index, follow, max-snippet:-1, max-image-preview:large, max-video-preview:-1\" \/>\n<link rel=\"canonical\" href=\"https:\/\/shopatoa.com\/ro\/delia-cosmetics-skin-care-defined-no-redness-baza-de-machiaj-impotriva-inrosirii-30-ml\/\" \/>\n<meta property=\"og:locale\" content=\"ro_RO\" \/>\n<meta property=\"og:type\" content=\"article\" \/>\n<meta property=\"og:title\" content=\"Delia Cosmetics Skin Care Defined No Redness baz\u0103 de machiaj \u00eempotriva \u00eenro\u0219irii 30 ml - SHOPATOA.COM\" \/>\n<meta property=\"og:description\" content=\"Delia Cosmetics Skin Care Defined No Redness, 30 ml, baza pentru machiaj pentru femei, Nu doar machiajul determin\u0103 aspectul perfect al tenului dvs. pe tot parcursul zilei. Un rol important \u00eel joac\u0103 \u0219i baza pe care o aplica\u021bi pe ten mai \u00eent\u00e2i. Primerul Delia CosmeticsSkin Care DefinedNo Redness neteze\u0219te perfect tenul \u0219i \u00eel preg\u0103te\u0219te ideal...\" \/>\n<meta property=\"og:url\" content=\"https:\/\/shopatoa.com\/ro\/delia-cosmetics-skin-care-defined-no-redness-baza-de-machiaj-impotriva-inrosirii-30-ml\/\" \/>\n<meta property=\"og:site_name\" content=\"SHOPATOA\" \/>\n<meta property=\"article:modified_time\" content=\"2026-02-03T16:41:03+00:00\" \/>\n<meta property=\"og:image\" content=\"https:\/\/storage.googleapis.com\/cz-shopatoa-img\/ro\/ae696f89-unnamed-file.webp\" \/>\n\t<meta property=\"og:image:width\" content=\"800\" \/>\n\t<meta property=\"og:image:height\" content=\"800\" \/>\n\t<meta property=\"og:image:type\" content=\"image\/webp\" \/>\n<meta name=\"twitter:card\" content=\"summary_large_image\" \/>\n<meta name=\"twitter:label1\" content=\"Timp estimat pentru citire\" \/>\n\t<meta name=\"twitter:data1\" content=\"1 minut\" \/>\n<script type=\"application\/ld+json\" class=\"yoast-schema-graph\">{\"@context\":\"https:\\\/\\\/schema.org\",\"@graph\":[{\"@type\":\"WebPage\",\"@id\":\"https:\\\/\\\/shopatoa.com\\\/ro\\\/delia-cosmetics-skin-care-defined-no-redness-baza-de-machiaj-impotriva-inrosirii-30-ml\\\/\",\"url\":\"https:\\\/\\\/shopatoa.com\\\/ro\\\/delia-cosmetics-skin-care-defined-no-redness-baza-de-machiaj-impotriva-inrosirii-30-ml\\\/\",\"name\":\"Delia Cosmetics Skin Care Defined No Redness baz\u0103 de machiaj \u00eempotriva \u00eenro\u0219irii 30 ml - SHOPATOA.COM\",\"isPartOf\":{\"@id\":\"https:\\\/\\\/shopatoa.com\\\/ro\\\/#website\"},\"primaryImageOfPage\":{\"@id\":\"https:\\\/\\\/shopatoa.com\\\/ro\\\/delia-cosmetics-skin-care-defined-no-redness-baza-de-machiaj-impotriva-inrosirii-30-ml\\\/#primaryimage\"},\"image\":{\"@id\":\"https:\\\/\\\/shopatoa.com\\\/ro\\\/delia-cosmetics-skin-care-defined-no-redness-baza-de-machiaj-impotriva-inrosirii-30-ml\\\/#primaryimage\"},\"thumbnailUrl\":\"https:\\\/\\\/storage.googleapis.com\\\/cz-shopatoa-img\\\/ro\\\/ae696f89-unnamed-file.webp\",\"datePublished\":\"2025-06-26T21:26:48+00:00\",\"dateModified\":\"2026-02-03T16:41:03+00:00\",\"breadcrumb\":{\"@id\":\"https:\\\/\\\/shopatoa.com\\\/ro\\\/delia-cosmetics-skin-care-defined-no-redness-baza-de-machiaj-impotriva-inrosirii-30-ml\\\/#breadcrumb\"},\"inLanguage\":\"ro-RO\",\"potentialAction\":[{\"@type\":\"ReadAction\",\"target\":[\"https:\\\/\\\/shopatoa.com\\\/ro\\\/delia-cosmetics-skin-care-defined-no-redness-baza-de-machiaj-impotriva-inrosirii-30-ml\\\/\"]}]},{\"@type\":\"ImageObject\",\"inLanguage\":\"ro-RO\",\"@id\":\"https:\\\/\\\/shopatoa.com\\\/ro\\\/delia-cosmetics-skin-care-defined-no-redness-baza-de-machiaj-impotriva-inrosirii-30-ml\\\/#primaryimage\",\"url\":\"https:\\\/\\\/storage.googleapis.com\\\/cz-shopatoa-img\\\/ro\\\/ae696f89-unnamed-file.webp\",\"contentUrl\":\"https:\\\/\\\/storage.googleapis.com\\\/cz-shopatoa-img\\\/ro\\\/ae696f89-unnamed-file.webp\",\"width\":800,\"height\":800},{\"@type\":\"BreadcrumbList\",\"@id\":\"https:\\\/\\\/shopatoa.com\\\/ro\\\/delia-cosmetics-skin-care-defined-no-redness-baza-de-machiaj-impotriva-inrosirii-30-ml\\\/#breadcrumb\",\"itemListElement\":[{\"@type\":\"ListItem\",\"position\":1,\"name\":\"Dom\u016f\",\"item\":\"https:\\\/\\\/shopatoa.com\\\/ro\\\/\"},{\"@type\":\"ListItem\",\"position\":2,\"name\":\"Shop\",\"item\":\"https:\\\/\\\/shopatoa.com\\\/ro\\\/shop\\\/\"},{\"@type\":\"ListItem\",\"position\":3,\"name\":\"S\u0103n\u0103tate \u0219i frumuse\u021be\",\"item\":\"https:\\\/\\\/shopatoa.com\\\/ro\\\/sanatate-si-frumusete\\\/\"},{\"@type\":\"ListItem\",\"position\":4,\"name\":\"\u00cengrijire personal\u0103\",\"item\":\"https:\\\/\\\/shopatoa.com\\\/ro\\\/ingrijire-personala\\\/\"},{\"@type\":\"ListItem\",\"position\":5,\"name\":\"Cosmetice\",\"item\":\"https:\\\/\\\/shopatoa.com\\\/ro\\\/cosmetice-ingrijire-personala\\\/\"},{\"@type\":\"ListItem\",\"position\":6,\"name\":\"Machiaj\",\"item\":\"https:\\\/\\\/shopatoa.com\\\/ro\\\/machiaj\\\/\"},{\"@type\":\"ListItem\",\"position\":7,\"name\":\"Machiaj de fa\u021b\u0103\",\"item\":\"https:\\\/\\\/shopatoa.com\\\/ro\\\/machiaj-de-fata\\\/\"},{\"@type\":\"ListItem\",\"position\":8,\"name\":\"Primer de fa\u021b\u0103\",\"item\":\"https:\\\/\\\/shopatoa.com\\\/ro\\\/primer-de-fata\\\/\"},{\"@type\":\"ListItem\",\"position\":9,\"name\":\"Delia Cosmetics Skin Care Defined No Redness baz\u0103 de machiaj \u00eempotriva \u00eenro\u0219irii 30 ml\"}]},{\"@type\":\"WebSite\",\"@id\":\"https:\\\/\\\/shopatoa.com\\\/ro\\\/#website\",\"url\":\"https:\\\/\\\/shopatoa.com\\\/ro\\\/\",\"name\":\"SHOPATOA\",\"description\":\"\",\"publisher\":{\"@id\":\"https:\\\/\\\/shopatoa.com\\\/ro\\\/#organization\"},\"potentialAction\":[{\"@type\":\"SearchAction\",\"target\":{\"@type\":\"EntryPoint\",\"urlTemplate\":\"https:\\\/\\\/shopatoa.com\\\/ro\\\/?s={search_term_string}\"},\"query-input\":{\"@type\":\"PropertyValueSpecification\",\"valueRequired\":true,\"valueName\":\"search_term_string\"}}],\"inLanguage\":\"ro-RO\"},{\"@type\":\"Organization\",\"@id\":\"https:\\\/\\\/shopatoa.com\\\/ro\\\/#organization\",\"name\":\"SHOPATOA\",\"url\":\"https:\\\/\\\/shopatoa.com\\\/ro\\\/\",\"logo\":{\"@type\":\"ImageObject\",\"inLanguage\":\"ro-RO\",\"@id\":\"https:\\\/\\\/shopatoa.com\\\/ro\\\/#\\\/schema\\\/logo\\\/image\\\/\",\"url\":\"https:\\\/\\\/storage.googleapis.com\\\/cz-shopatoa-img\\\/ro\\\/b4dac915-shopatoa_logo.png\",\"contentUrl\":\"https:\\\/\\\/storage.googleapis.com\\\/cz-shopatoa-img\\\/ro\\\/b4dac915-shopatoa_logo.png\",\"width\":416,\"height\":63,\"caption\":\"SHOPATOA\"},\"image\":{\"@id\":\"https:\\\/\\\/shopatoa.com\\\/ro\\\/#\\\/schema\\\/logo\\\/image\\\/\"}}]}<\/script>\n<!-- \/ Yoast SEO plugin. -->","yoast_head_json":{"title":"Delia Cosmetics Skin Care Defined No Redness baz\u0103 de machiaj \u00eempotriva \u00eenro\u0219irii 30 ml - SHOPATOA.COM","robots":{"index":"index","follow":"follow","max-snippet":"max-snippet:-1","max-image-preview":"max-image-preview:large","max-video-preview":"max-video-preview:-1"},"canonical":"https:\/\/shopatoa.com\/ro\/delia-cosmetics-skin-care-defined-no-redness-baza-de-machiaj-impotriva-inrosirii-30-ml\/","og_locale":"ro_RO","og_type":"article","og_title":"Delia Cosmetics Skin Care Defined No Redness baz\u0103 de machiaj \u00eempotriva \u00eenro\u0219irii 30 ml - SHOPATOA.COM","og_description":"Delia Cosmetics Skin Care Defined No Redness, 30 ml, baza pentru machiaj pentru femei, Nu doar machiajul determin\u0103 aspectul perfect al tenului dvs. pe tot parcursul zilei. Un rol important \u00eel joac\u0103 \u0219i baza pe care o aplica\u021bi pe ten mai \u00eent\u00e2i. Primerul Delia CosmeticsSkin Care DefinedNo Redness neteze\u0219te perfect tenul \u0219i \u00eel preg\u0103te\u0219te ideal...","og_url":"https:\/\/shopatoa.com\/ro\/delia-cosmetics-skin-care-defined-no-redness-baza-de-machiaj-impotriva-inrosirii-30-ml\/","og_site_name":"SHOPATOA","article_modified_time":"2026-02-03T16:41:03+00:00","og_image":[{"width":800,"height":800,"url":"https:\/\/storage.googleapis.com\/cz-shopatoa-img\/ro\/ae696f89-unnamed-file.webp","type":"image\/webp"}],"twitter_card":"summary_large_image","twitter_misc":{"Timp estimat pentru citire":"1 minut"},"schema":{"@context":"https:\/\/schema.org","@graph":[{"@type":"WebPage","@id":"https:\/\/shopatoa.com\/ro\/delia-cosmetics-skin-care-defined-no-redness-baza-de-machiaj-impotriva-inrosirii-30-ml\/","url":"https:\/\/shopatoa.com\/ro\/delia-cosmetics-skin-care-defined-no-redness-baza-de-machiaj-impotriva-inrosirii-30-ml\/","name":"Delia Cosmetics Skin Care Defined No Redness baz\u0103 de machiaj \u00eempotriva \u00eenro\u0219irii 30 ml - SHOPATOA.COM","isPartOf":{"@id":"https:\/\/shopatoa.com\/ro\/#website"},"primaryImageOfPage":{"@id":"https:\/\/shopatoa.com\/ro\/delia-cosmetics-skin-care-defined-no-redness-baza-de-machiaj-impotriva-inrosirii-30-ml\/#primaryimage"},"image":{"@id":"https:\/\/shopatoa.com\/ro\/delia-cosmetics-skin-care-defined-no-redness-baza-de-machiaj-impotriva-inrosirii-30-ml\/#primaryimage"},"thumbnailUrl":"https:\/\/storage.googleapis.com\/cz-shopatoa-img\/ro\/ae696f89-unnamed-file.webp","datePublished":"2025-06-26T21:26:48+00:00","dateModified":"2026-02-03T16:41:03+00:00","breadcrumb":{"@id":"https:\/\/shopatoa.com\/ro\/delia-cosmetics-skin-care-defined-no-redness-baza-de-machiaj-impotriva-inrosirii-30-ml\/#breadcrumb"},"inLanguage":"ro-RO","potentialAction":[{"@type":"ReadAction","target":["https:\/\/shopatoa.com\/ro\/delia-cosmetics-skin-care-defined-no-redness-baza-de-machiaj-impotriva-inrosirii-30-ml\/"]}]},{"@type":"ImageObject","inLanguage":"ro-RO","@id":"https:\/\/shopatoa.com\/ro\/delia-cosmetics-skin-care-defined-no-redness-baza-de-machiaj-impotriva-inrosirii-30-ml\/#primaryimage","url":"https:\/\/storage.googleapis.com\/cz-shopatoa-img\/ro\/ae696f89-unnamed-file.webp","contentUrl":"https:\/\/storage.googleapis.com\/cz-shopatoa-img\/ro\/ae696f89-unnamed-file.webp","width":800,"height":800},{"@type":"BreadcrumbList","@id":"https:\/\/shopatoa.com\/ro\/delia-cosmetics-skin-care-defined-no-redness-baza-de-machiaj-impotriva-inrosirii-30-ml\/#breadcrumb","itemListElement":[{"@type":"ListItem","position":1,"name":"Dom\u016f","item":"https:\/\/shopatoa.com\/ro\/"},{"@type":"ListItem","position":2,"name":"Shop","item":"https:\/\/shopatoa.com\/ro\/shop\/"},{"@type":"ListItem","position":3,"name":"S\u0103n\u0103tate \u0219i frumuse\u021be","item":"https:\/\/shopatoa.com\/ro\/sanatate-si-frumusete\/"},{"@type":"ListItem","position":4,"name":"\u00cengrijire personal\u0103","item":"https:\/\/shopatoa.com\/ro\/ingrijire-personala\/"},{"@type":"ListItem","position":5,"name":"Cosmetice","item":"https:\/\/shopatoa.com\/ro\/cosmetice-ingrijire-personala\/"},{"@type":"ListItem","position":6,"name":"Machiaj","item":"https:\/\/shopatoa.com\/ro\/machiaj\/"},{"@type":"ListItem","position":7,"name":"Machiaj de fa\u021b\u0103","item":"https:\/\/shopatoa.com\/ro\/machiaj-de-fata\/"},{"@type":"ListItem","position":8,"name":"Primer de fa\u021b\u0103","item":"https:\/\/shopatoa.com\/ro\/primer-de-fata\/"},{"@type":"ListItem","position":9,"name":"Delia Cosmetics Skin Care Defined No Redness baz\u0103 de machiaj \u00eempotriva \u00eenro\u0219irii 30 ml"}]},{"@type":"WebSite","@id":"https:\/\/shopatoa.com\/ro\/#website","url":"https:\/\/shopatoa.com\/ro\/","name":"SHOPATOA","description":"","publisher":{"@id":"https:\/\/shopatoa.com\/ro\/#organization"},"potentialAction":[{"@type":"SearchAction","target":{"@type":"EntryPoint","urlTemplate":"https:\/\/shopatoa.com\/ro\/?s={search_term_string}"},"query-input":{"@type":"PropertyValueSpecification","valueRequired":true,"valueName":"search_term_string"}}],"inLanguage":"ro-RO"},{"@type":"Organization","@id":"https:\/\/shopatoa.com\/ro\/#organization","name":"SHOPATOA","url":"https:\/\/shopatoa.com\/ro\/","logo":{"@type":"ImageObject","inLanguage":"ro-RO","@id":"https:\/\/shopatoa.com\/ro\/#\/schema\/logo\/image\/","url":"https:\/\/storage.googleapis.com\/cz-shopatoa-img\/ro\/b4dac915-shopatoa_logo.png","contentUrl":"https:\/\/storage.googleapis.com\/cz-shopatoa-img\/ro\/b4dac915-shopatoa_logo.png","width":416,"height":63,"caption":"SHOPATOA"},"image":{"@id":"https:\/\/shopatoa.com\/ro\/#\/schema\/logo\/image\/"}}]}},"_links":{"self":[{"href":"https:\/\/shopatoa.com\/ro\/wp-json\/wp\/v2\/product\/461552","targetHints":{"allow":["GET"]}}],"collection":[{"href":"https:\/\/shopatoa.com\/ro\/wp-json\/wp\/v2\/product"}],"about":[{"href":"https:\/\/shopatoa.com\/ro\/wp-json\/wp\/v2\/types\/product"}],"replies":[{"embeddable":true,"href":"https:\/\/shopatoa.com\/ro\/wp-json\/wp\/v2\/comments?post=461552"}],"wp:featuredmedia":[{"embeddable":true,"href":"https:\/\/shopatoa.com\/ro\/wp-json\/wp\/v2\/media\/461553"}],"wp:attachment":[{"href":"https:\/\/shopatoa.com\/ro\/wp-json\/wp\/v2\/media?parent=461552"}],"wp:term":[{"taxonomy":"product_brand","embeddable":true,"href":"https:\/\/shopatoa.com\/ro\/wp-json\/wp\/v2\/product_brand?post=461552"},{"taxonomy":"product_cat","embeddable":true,"href":"https:\/\/shopatoa.com\/ro\/wp-json\/wp\/v2\/product_cat?post=461552"},{"taxonomy":"product_tag","embeddable":true,"href":"https:\/\/shopatoa.com\/ro\/wp-json\/wp\/v2\/product_tag?post=461552"}],"curies":[{"name":"wp","href":"https:\/\/api.w.org\/{rel}","templated":true}]}}