{"id":462262,"date":"2025-06-27T01:03:46","date_gmt":"2025-06-26T23:03:46","guid":{"rendered":"https:\/\/shopatoa.com\/ro\/bell-homme-corector-pentru-reducerea-imperfectiunilor-pentru-barbati-culoare-02-beige-5-g\/"},"modified":"2026-02-03T15:51:11","modified_gmt":"2026-02-03T14:51:11","slug":"bell-homme-corector-pentru-reducerea-imperfectiunilor-pentru-barbati-culoare-02-beige-5-g","status":"publish","type":"product","link":"https:\/\/shopatoa.com\/ro\/bell-homme-corector-pentru-reducerea-imperfectiunilor-pentru-barbati-culoare-02-beige-5-g\/","title":{"rendered":"Bell Homme corector pentru reducerea imperfec\u021biunilor pentru barbati culoare 02 Beige 5 g"},"content":{"rendered":"<p>Bell Homme, 5 g, Corector lichid pentru femei, Dori\u021bi ca machiajul dvs. sau fa\u021ba de abia machiat\u0103 s\u0103 nu prezinte nici m\u0103car o singur\u0103 imperfec\u021biune? Indiferent ce nu v\u0103 place la tenul dvs., corectorul BellHomme va acoperi perfect orice imperfec\u021biune. Compozi\u021bia intens pigmentat\u0103 ac\u021bioneaz\u0103 asupra cearc\u0103nelor, co\u0219urilor, petelor pigmentare \u0219i a tuturor tipurilor de ro\u0219ea\u021b\u0103, dar \u0219i a pistruilor, dac\u0103 dori\u021bi s\u0103 \u00eei ascunde\u021bi. Pe scurt, v\u0103 va ajuta s\u0103 acoperi\u021bi orice imperfec\u021biuni ale tenului at\u00e2t de perfect, \u00eenc\u00e2t doar dvs. ve\u021bi \u0219ti de existen\u021ba lor. Baza\u021bi-v\u0103 pe corector pentru a oferi fe\u021bei dvs. un aspect impecabil \u0219i o nuan\u021b\u0103 uniform\u0103.  Caracteristici:  reduce imperfec\u021biunile tenului se aplic\u0103 u\u0219or textur\u0103 u\u0219oar\u0103, care nu accentueaz\u0103 ridurile ajut\u0103 la mascarea imperfec\u021biunilor tenului mascheaz\u0103 cearc\u0103nele de sub ochi  Ingrediente:  produs vegan acid hialuronic \u2013 leag\u0103 o cantitate mare de ap\u0103 \u0219i hidrateaz\u0103 intens vitamina E \u2013 hr\u0103ne\u0219te, ofer\u0103 protec\u021bie antioxidant\u0103 \u00eempotriva \u00eemb\u0103tr\u00e2nirii premature \u0219i a deterior\u0103rii cauzate de radicalii liberi, ajut\u0103 la netezirea ridurilor \u0219i la restabilirea fermit\u0103\u021bii \u0219i elasticit\u0103\u021bii pielii  Cum se utilizeaz\u0103: Se aplic\u0103 cu degetul sau cu aplicatorul practic, pe diversele imperfec\u021biuni ale tenului. Estompa\u021bi \u00een func\u021bie de preferin\u021b\u0103.<\/p>\n","protected":false},"excerpt":{"rendered":"<p>Bell Homme, 5 g, Corector lichid pentru femei, Dori\u021bi ca machiajul dvs. sau fa\u021ba de abia machiat\u0103 s\u0103 nu prezinte nici m\u0103car o singur\u0103 imperfec\u021biune? Indiferent ce nu v\u0103 place la tenul dvs., corectorul BellHomme va acoperi perfect orice imperfec\u021biune. Compozi\u021bia intens pigmentat\u0103 ac\u021bioneaz\u0103 asupra cearc\u0103nelor, co\u0219urilor, petelor pigmentare \u0219i a tuturor tipurilor de ro\u0219ea\u021b\u0103,&#8230;<\/p>\n","protected":false},"featured_media":462263,"comment_status":"closed","ping_status":"open","template":"","meta":{"_acf_changed":false,"_kadence_starter_templates_imported_post":false,"_kad_post_transparent":"","_kad_post_title":"","_kad_post_layout":"","_kad_post_sidebar_id":"","_kad_post_content_style":"","_kad_post_vertical_padding":"","_kad_post_feature":"","_kad_post_feature_position":"","_kad_post_header":false,"_kad_post_footer":false,"_kad_post_classname":""},"product_brand":[2055],"product_cat":[1564,1563,1576,1622,1709,1562],"product_tag":[],"class_list":{"0":"post-462262","1":"product","2":"type-product","3":"status-publish","4":"has-post-thumbnail","6":"product_brand-bell","7":"product_cat-cosmetice-ingrijire-personala","8":"product_cat-ingrijire-personala","9":"product_cat-machiaj","10":"product_cat-machiaj-de-fata","11":"product_cat-primer-de-fata","12":"product_cat-sanatate-si-frumusete","13":"pa_gen-female","14":"pa_marime-5-g","16":"first","17":"instock","18":"sale","19":"product-type-external","20":"entry","21":"content-bg","22":"loop-entry"},"acf":[],"yoast_head":"<!-- This site is optimized with the Yoast SEO plugin v27.3 - https:\/\/yoast.com\/product\/yoast-seo-wordpress\/ -->\n<title>Bell Homme corector pentru reducerea imperfec\u021biunilor pentru barbati culoare 02 Beige 5 g - SHOPATOA.COM<\/title>\n<meta name=\"robots\" content=\"index, follow, max-snippet:-1, max-image-preview:large, max-video-preview:-1\" \/>\n<link rel=\"canonical\" href=\"https:\/\/shopatoa.com\/ro\/bell-homme-corector-pentru-reducerea-imperfectiunilor-pentru-barbati-culoare-02-beige-5-g\/\" \/>\n<meta property=\"og:locale\" content=\"ro_RO\" \/>\n<meta property=\"og:type\" content=\"article\" \/>\n<meta property=\"og:title\" content=\"Bell Homme corector pentru reducerea imperfec\u021biunilor pentru barbati culoare 02 Beige 5 g - SHOPATOA.COM\" \/>\n<meta property=\"og:description\" content=\"Bell Homme, 5 g, Corector lichid pentru femei, Dori\u021bi ca machiajul dvs. sau fa\u021ba de abia machiat\u0103 s\u0103 nu prezinte nici m\u0103car o singur\u0103 imperfec\u021biune? Indiferent ce nu v\u0103 place la tenul dvs., corectorul BellHomme va acoperi perfect orice imperfec\u021biune. Compozi\u021bia intens pigmentat\u0103 ac\u021bioneaz\u0103 asupra cearc\u0103nelor, co\u0219urilor, petelor pigmentare \u0219i a tuturor tipurilor de ro\u0219ea\u021b\u0103,...\" \/>\n<meta property=\"og:url\" content=\"https:\/\/shopatoa.com\/ro\/bell-homme-corector-pentru-reducerea-imperfectiunilor-pentru-barbati-culoare-02-beige-5-g\/\" \/>\n<meta property=\"og:site_name\" content=\"SHOPATOA\" \/>\n<meta property=\"article:modified_time\" content=\"2026-02-03T14:51:11+00:00\" \/>\n<meta property=\"og:image\" content=\"https:\/\/storage.googleapis.com\/cz-shopatoa-img\/ro\/14670223-unnamed-file.webp\" \/>\n\t<meta property=\"og:image:width\" content=\"800\" \/>\n\t<meta property=\"og:image:height\" content=\"800\" \/>\n\t<meta property=\"og:image:type\" content=\"image\/webp\" \/>\n<meta name=\"twitter:card\" content=\"summary_large_image\" \/>\n<meta name=\"twitter:label1\" content=\"Timp estimat pentru citire\" \/>\n\t<meta name=\"twitter:data1\" content=\"1 minut\" \/>\n<script type=\"application\/ld+json\" class=\"yoast-schema-graph\">{\"@context\":\"https:\\\/\\\/schema.org\",\"@graph\":[{\"@type\":\"WebPage\",\"@id\":\"https:\\\/\\\/shopatoa.com\\\/ro\\\/bell-homme-corector-pentru-reducerea-imperfectiunilor-pentru-barbati-culoare-02-beige-5-g\\\/\",\"url\":\"https:\\\/\\\/shopatoa.com\\\/ro\\\/bell-homme-corector-pentru-reducerea-imperfectiunilor-pentru-barbati-culoare-02-beige-5-g\\\/\",\"name\":\"Bell Homme corector pentru reducerea imperfec\u021biunilor pentru barbati culoare 02 Beige 5 g - SHOPATOA.COM\",\"isPartOf\":{\"@id\":\"https:\\\/\\\/shopatoa.com\\\/ro\\\/#website\"},\"primaryImageOfPage\":{\"@id\":\"https:\\\/\\\/shopatoa.com\\\/ro\\\/bell-homme-corector-pentru-reducerea-imperfectiunilor-pentru-barbati-culoare-02-beige-5-g\\\/#primaryimage\"},\"image\":{\"@id\":\"https:\\\/\\\/shopatoa.com\\\/ro\\\/bell-homme-corector-pentru-reducerea-imperfectiunilor-pentru-barbati-culoare-02-beige-5-g\\\/#primaryimage\"},\"thumbnailUrl\":\"https:\\\/\\\/storage.googleapis.com\\\/cz-shopatoa-img\\\/ro\\\/14670223-unnamed-file.webp\",\"datePublished\":\"2025-06-26T23:03:46+00:00\",\"dateModified\":\"2026-02-03T14:51:11+00:00\",\"breadcrumb\":{\"@id\":\"https:\\\/\\\/shopatoa.com\\\/ro\\\/bell-homme-corector-pentru-reducerea-imperfectiunilor-pentru-barbati-culoare-02-beige-5-g\\\/#breadcrumb\"},\"inLanguage\":\"ro-RO\",\"potentialAction\":[{\"@type\":\"ReadAction\",\"target\":[\"https:\\\/\\\/shopatoa.com\\\/ro\\\/bell-homme-corector-pentru-reducerea-imperfectiunilor-pentru-barbati-culoare-02-beige-5-g\\\/\"]}]},{\"@type\":\"ImageObject\",\"inLanguage\":\"ro-RO\",\"@id\":\"https:\\\/\\\/shopatoa.com\\\/ro\\\/bell-homme-corector-pentru-reducerea-imperfectiunilor-pentru-barbati-culoare-02-beige-5-g\\\/#primaryimage\",\"url\":\"https:\\\/\\\/storage.googleapis.com\\\/cz-shopatoa-img\\\/ro\\\/14670223-unnamed-file.webp\",\"contentUrl\":\"https:\\\/\\\/storage.googleapis.com\\\/cz-shopatoa-img\\\/ro\\\/14670223-unnamed-file.webp\",\"width\":800,\"height\":800},{\"@type\":\"BreadcrumbList\",\"@id\":\"https:\\\/\\\/shopatoa.com\\\/ro\\\/bell-homme-corector-pentru-reducerea-imperfectiunilor-pentru-barbati-culoare-02-beige-5-g\\\/#breadcrumb\",\"itemListElement\":[{\"@type\":\"ListItem\",\"position\":1,\"name\":\"Dom\u016f\",\"item\":\"https:\\\/\\\/shopatoa.com\\\/ro\\\/\"},{\"@type\":\"ListItem\",\"position\":2,\"name\":\"Shop\",\"item\":\"https:\\\/\\\/shopatoa.com\\\/ro\\\/shop\\\/\"},{\"@type\":\"ListItem\",\"position\":3,\"name\":\"S\u0103n\u0103tate \u0219i frumuse\u021be\",\"item\":\"https:\\\/\\\/shopatoa.com\\\/ro\\\/sanatate-si-frumusete\\\/\"},{\"@type\":\"ListItem\",\"position\":4,\"name\":\"\u00cengrijire personal\u0103\",\"item\":\"https:\\\/\\\/shopatoa.com\\\/ro\\\/ingrijire-personala\\\/\"},{\"@type\":\"ListItem\",\"position\":5,\"name\":\"Cosmetice\",\"item\":\"https:\\\/\\\/shopatoa.com\\\/ro\\\/cosmetice-ingrijire-personala\\\/\"},{\"@type\":\"ListItem\",\"position\":6,\"name\":\"Machiaj\",\"item\":\"https:\\\/\\\/shopatoa.com\\\/ro\\\/machiaj\\\/\"},{\"@type\":\"ListItem\",\"position\":7,\"name\":\"Machiaj de fa\u021b\u0103\",\"item\":\"https:\\\/\\\/shopatoa.com\\\/ro\\\/machiaj-de-fata\\\/\"},{\"@type\":\"ListItem\",\"position\":8,\"name\":\"Primer de fa\u021b\u0103\",\"item\":\"https:\\\/\\\/shopatoa.com\\\/ro\\\/primer-de-fata\\\/\"},{\"@type\":\"ListItem\",\"position\":9,\"name\":\"Bell Homme corector pentru reducerea imperfec\u021biunilor pentru barbati culoare 02 Beige 5 g\"}]},{\"@type\":\"WebSite\",\"@id\":\"https:\\\/\\\/shopatoa.com\\\/ro\\\/#website\",\"url\":\"https:\\\/\\\/shopatoa.com\\\/ro\\\/\",\"name\":\"SHOPATOA\",\"description\":\"\",\"publisher\":{\"@id\":\"https:\\\/\\\/shopatoa.com\\\/ro\\\/#organization\"},\"potentialAction\":[{\"@type\":\"SearchAction\",\"target\":{\"@type\":\"EntryPoint\",\"urlTemplate\":\"https:\\\/\\\/shopatoa.com\\\/ro\\\/?s={search_term_string}\"},\"query-input\":{\"@type\":\"PropertyValueSpecification\",\"valueRequired\":true,\"valueName\":\"search_term_string\"}}],\"inLanguage\":\"ro-RO\"},{\"@type\":\"Organization\",\"@id\":\"https:\\\/\\\/shopatoa.com\\\/ro\\\/#organization\",\"name\":\"SHOPATOA\",\"url\":\"https:\\\/\\\/shopatoa.com\\\/ro\\\/\",\"logo\":{\"@type\":\"ImageObject\",\"inLanguage\":\"ro-RO\",\"@id\":\"https:\\\/\\\/shopatoa.com\\\/ro\\\/#\\\/schema\\\/logo\\\/image\\\/\",\"url\":\"https:\\\/\\\/storage.googleapis.com\\\/cz-shopatoa-img\\\/ro\\\/b4dac915-shopatoa_logo.png\",\"contentUrl\":\"https:\\\/\\\/storage.googleapis.com\\\/cz-shopatoa-img\\\/ro\\\/b4dac915-shopatoa_logo.png\",\"width\":416,\"height\":63,\"caption\":\"SHOPATOA\"},\"image\":{\"@id\":\"https:\\\/\\\/shopatoa.com\\\/ro\\\/#\\\/schema\\\/logo\\\/image\\\/\"}}]}<\/script>\n<!-- \/ Yoast SEO plugin. -->","yoast_head_json":{"title":"Bell Homme corector pentru reducerea imperfec\u021biunilor pentru barbati culoare 02 Beige 5 g - SHOPATOA.COM","robots":{"index":"index","follow":"follow","max-snippet":"max-snippet:-1","max-image-preview":"max-image-preview:large","max-video-preview":"max-video-preview:-1"},"canonical":"https:\/\/shopatoa.com\/ro\/bell-homme-corector-pentru-reducerea-imperfectiunilor-pentru-barbati-culoare-02-beige-5-g\/","og_locale":"ro_RO","og_type":"article","og_title":"Bell Homme corector pentru reducerea imperfec\u021biunilor pentru barbati culoare 02 Beige 5 g - SHOPATOA.COM","og_description":"Bell Homme, 5 g, Corector lichid pentru femei, Dori\u021bi ca machiajul dvs. sau fa\u021ba de abia machiat\u0103 s\u0103 nu prezinte nici m\u0103car o singur\u0103 imperfec\u021biune? Indiferent ce nu v\u0103 place la tenul dvs., corectorul BellHomme va acoperi perfect orice imperfec\u021biune. Compozi\u021bia intens pigmentat\u0103 ac\u021bioneaz\u0103 asupra cearc\u0103nelor, co\u0219urilor, petelor pigmentare \u0219i a tuturor tipurilor de ro\u0219ea\u021b\u0103,...","og_url":"https:\/\/shopatoa.com\/ro\/bell-homme-corector-pentru-reducerea-imperfectiunilor-pentru-barbati-culoare-02-beige-5-g\/","og_site_name":"SHOPATOA","article_modified_time":"2026-02-03T14:51:11+00:00","og_image":[{"width":800,"height":800,"url":"https:\/\/storage.googleapis.com\/cz-shopatoa-img\/ro\/14670223-unnamed-file.webp","type":"image\/webp"}],"twitter_card":"summary_large_image","twitter_misc":{"Timp estimat pentru citire":"1 minut"},"schema":{"@context":"https:\/\/schema.org","@graph":[{"@type":"WebPage","@id":"https:\/\/shopatoa.com\/ro\/bell-homme-corector-pentru-reducerea-imperfectiunilor-pentru-barbati-culoare-02-beige-5-g\/","url":"https:\/\/shopatoa.com\/ro\/bell-homme-corector-pentru-reducerea-imperfectiunilor-pentru-barbati-culoare-02-beige-5-g\/","name":"Bell Homme corector pentru reducerea imperfec\u021biunilor pentru barbati culoare 02 Beige 5 g - SHOPATOA.COM","isPartOf":{"@id":"https:\/\/shopatoa.com\/ro\/#website"},"primaryImageOfPage":{"@id":"https:\/\/shopatoa.com\/ro\/bell-homme-corector-pentru-reducerea-imperfectiunilor-pentru-barbati-culoare-02-beige-5-g\/#primaryimage"},"image":{"@id":"https:\/\/shopatoa.com\/ro\/bell-homme-corector-pentru-reducerea-imperfectiunilor-pentru-barbati-culoare-02-beige-5-g\/#primaryimage"},"thumbnailUrl":"https:\/\/storage.googleapis.com\/cz-shopatoa-img\/ro\/14670223-unnamed-file.webp","datePublished":"2025-06-26T23:03:46+00:00","dateModified":"2026-02-03T14:51:11+00:00","breadcrumb":{"@id":"https:\/\/shopatoa.com\/ro\/bell-homme-corector-pentru-reducerea-imperfectiunilor-pentru-barbati-culoare-02-beige-5-g\/#breadcrumb"},"inLanguage":"ro-RO","potentialAction":[{"@type":"ReadAction","target":["https:\/\/shopatoa.com\/ro\/bell-homme-corector-pentru-reducerea-imperfectiunilor-pentru-barbati-culoare-02-beige-5-g\/"]}]},{"@type":"ImageObject","inLanguage":"ro-RO","@id":"https:\/\/shopatoa.com\/ro\/bell-homme-corector-pentru-reducerea-imperfectiunilor-pentru-barbati-culoare-02-beige-5-g\/#primaryimage","url":"https:\/\/storage.googleapis.com\/cz-shopatoa-img\/ro\/14670223-unnamed-file.webp","contentUrl":"https:\/\/storage.googleapis.com\/cz-shopatoa-img\/ro\/14670223-unnamed-file.webp","width":800,"height":800},{"@type":"BreadcrumbList","@id":"https:\/\/shopatoa.com\/ro\/bell-homme-corector-pentru-reducerea-imperfectiunilor-pentru-barbati-culoare-02-beige-5-g\/#breadcrumb","itemListElement":[{"@type":"ListItem","position":1,"name":"Dom\u016f","item":"https:\/\/shopatoa.com\/ro\/"},{"@type":"ListItem","position":2,"name":"Shop","item":"https:\/\/shopatoa.com\/ro\/shop\/"},{"@type":"ListItem","position":3,"name":"S\u0103n\u0103tate \u0219i frumuse\u021be","item":"https:\/\/shopatoa.com\/ro\/sanatate-si-frumusete\/"},{"@type":"ListItem","position":4,"name":"\u00cengrijire personal\u0103","item":"https:\/\/shopatoa.com\/ro\/ingrijire-personala\/"},{"@type":"ListItem","position":5,"name":"Cosmetice","item":"https:\/\/shopatoa.com\/ro\/cosmetice-ingrijire-personala\/"},{"@type":"ListItem","position":6,"name":"Machiaj","item":"https:\/\/shopatoa.com\/ro\/machiaj\/"},{"@type":"ListItem","position":7,"name":"Machiaj de fa\u021b\u0103","item":"https:\/\/shopatoa.com\/ro\/machiaj-de-fata\/"},{"@type":"ListItem","position":8,"name":"Primer de fa\u021b\u0103","item":"https:\/\/shopatoa.com\/ro\/primer-de-fata\/"},{"@type":"ListItem","position":9,"name":"Bell Homme corector pentru reducerea imperfec\u021biunilor pentru barbati culoare 02 Beige 5 g"}]},{"@type":"WebSite","@id":"https:\/\/shopatoa.com\/ro\/#website","url":"https:\/\/shopatoa.com\/ro\/","name":"SHOPATOA","description":"","publisher":{"@id":"https:\/\/shopatoa.com\/ro\/#organization"},"potentialAction":[{"@type":"SearchAction","target":{"@type":"EntryPoint","urlTemplate":"https:\/\/shopatoa.com\/ro\/?s={search_term_string}"},"query-input":{"@type":"PropertyValueSpecification","valueRequired":true,"valueName":"search_term_string"}}],"inLanguage":"ro-RO"},{"@type":"Organization","@id":"https:\/\/shopatoa.com\/ro\/#organization","name":"SHOPATOA","url":"https:\/\/shopatoa.com\/ro\/","logo":{"@type":"ImageObject","inLanguage":"ro-RO","@id":"https:\/\/shopatoa.com\/ro\/#\/schema\/logo\/image\/","url":"https:\/\/storage.googleapis.com\/cz-shopatoa-img\/ro\/b4dac915-shopatoa_logo.png","contentUrl":"https:\/\/storage.googleapis.com\/cz-shopatoa-img\/ro\/b4dac915-shopatoa_logo.png","width":416,"height":63,"caption":"SHOPATOA"},"image":{"@id":"https:\/\/shopatoa.com\/ro\/#\/schema\/logo\/image\/"}}]}},"_links":{"self":[{"href":"https:\/\/shopatoa.com\/ro\/wp-json\/wp\/v2\/product\/462262","targetHints":{"allow":["GET"]}}],"collection":[{"href":"https:\/\/shopatoa.com\/ro\/wp-json\/wp\/v2\/product"}],"about":[{"href":"https:\/\/shopatoa.com\/ro\/wp-json\/wp\/v2\/types\/product"}],"replies":[{"embeddable":true,"href":"https:\/\/shopatoa.com\/ro\/wp-json\/wp\/v2\/comments?post=462262"}],"wp:featuredmedia":[{"embeddable":true,"href":"https:\/\/shopatoa.com\/ro\/wp-json\/wp\/v2\/media\/462263"}],"wp:attachment":[{"href":"https:\/\/shopatoa.com\/ro\/wp-json\/wp\/v2\/media?parent=462262"}],"wp:term":[{"taxonomy":"product_brand","embeddable":true,"href":"https:\/\/shopatoa.com\/ro\/wp-json\/wp\/v2\/product_brand?post=462262"},{"taxonomy":"product_cat","embeddable":true,"href":"https:\/\/shopatoa.com\/ro\/wp-json\/wp\/v2\/product_cat?post=462262"},{"taxonomy":"product_tag","embeddable":true,"href":"https:\/\/shopatoa.com\/ro\/wp-json\/wp\/v2\/product_tag?post=462262"}],"curies":[{"name":"wp","href":"https:\/\/api.w.org\/{rel}","templated":true}]}}