{"id":462346,"date":"2025-06-27T01:21:40","date_gmt":"2025-06-26T23:21:40","guid":{"rendered":"https:\/\/shopatoa.com\/ro\/softdent-eco-interdental-brushes-perie-interdentara-04-mm-10-buc\/"},"modified":"2025-06-27T01:22:18","modified_gmt":"2025-06-26T23:22:18","slug":"softdent-eco-interdental-brushes-perie-interdentara-04-mm-10-buc","status":"publish","type":"product","link":"https:\/\/shopatoa.com\/ro\/softdent-eco-interdental-brushes-perie-interdentara-04-mm-10-buc\/","title":{"rendered":"SOFTdent ECO Interdental brushes perie interdentara 0,4 mm 10 buc"},"content":{"rendered":"<p>SOFTdent ECO Interdental brushes, 10 buc, Periute interdentare unisex, Peria interdentar\u0103 SOFTdent ECO Interdental brushes este un ajutor indispensabil \u00een igiena dentar\u0103. Ajunge \u0219i \u00een locurile greu accesibile, prevenind astfel apari\u021bia cariilor dentare.  Caracteristici:  cur\u0103\u021b\u0103 perfect spa\u021biul interdentar cur\u0103\u021b\u0103 \u0219i locurile greu accesibile din cavitatea bucal\u0103 nu irit\u0103 \u0219i nu deterioreaz\u0103 din\u021bii sau gingiile asigur\u0103 prevenirea parodontozei reduce riscul apari\u021biei cariilor dentare  Cum se utilizeaz\u0103: Se introduce periu\u021ba \u00een spa\u021biul interdentar \u0219i se efectueaz\u0103 mi\u0219c\u0103ri de cur\u0103\u021bire, \u00eenainte \u0219i \u00eenapoi.<\/p>\n","protected":false},"excerpt":{"rendered":"<p>SOFTdent ECO Interdental brushes, 10 buc, Periute interdentare unisex, Peria interdentar\u0103 SOFTdent ECO Interdental brushes este un ajutor indispensabil \u00een igiena dentar\u0103. Ajunge \u0219i \u00een locurile greu accesibile, prevenind astfel apari\u021bia cariilor dentare. Caracteristici: cur\u0103\u021b\u0103 perfect spa\u021biul interdentar cur\u0103\u021b\u0103 \u0219i locurile greu accesibile din cavitatea bucal\u0103 nu irit\u0103 \u0219i nu deterioreaz\u0103 din\u021bii sau gingiile asigur\u0103&#8230;<\/p>\n","protected":false},"featured_media":462347,"comment_status":"closed","ping_status":"open","template":"","meta":{"_acf_changed":false,"_kadence_starter_templates_imported_post":false,"_kad_post_transparent":"","_kad_post_title":"","_kad_post_layout":"","_kad_post_sidebar_id":"","_kad_post_content_style":"","_kad_post_vertical_padding":"","_kad_post_feature":"","_kad_post_feature_position":"","_kad_post_header":false,"_kad_post_footer":false,"_kad_post_classname":""},"product_brand":[2070],"product_cat":[1605,1563,1606,1562],"product_tag":[],"class_list":{"0":"post-462346","1":"product","2":"type-product","3":"status-publish","4":"has-post-thumbnail","6":"product_brand-softdent","7":"product_cat-ingrijire-orala","8":"product_cat-ingrijire-personala","9":"product_cat-periute-de-dinti-ingrijire-orala","10":"product_cat-sanatate-si-frumusete","11":"pa_gen-unisex","12":"pa_marime-10-buc","14":"first","15":"instock","16":"sale","17":"product-type-external","18":"entry","19":"content-bg","20":"loop-entry"},"acf":[],"yoast_head":"<!-- This site is optimized with the Yoast SEO plugin v27.4 - https:\/\/yoast.com\/product\/yoast-seo-wordpress\/ -->\n<title>SOFTdent ECO Interdental brushes perie interdentara 0,4 mm 10 buc - SHOPATOA.COM<\/title>\n<meta name=\"robots\" content=\"index, follow, max-snippet:-1, max-image-preview:large, max-video-preview:-1\" \/>\n<link rel=\"canonical\" href=\"https:\/\/shopatoa.com\/ro\/softdent-eco-interdental-brushes-perie-interdentara-04-mm-10-buc\/\" \/>\n<meta property=\"og:locale\" content=\"ro_RO\" \/>\n<meta property=\"og:type\" content=\"article\" \/>\n<meta property=\"og:title\" content=\"SOFTdent ECO Interdental brushes perie interdentara 0,4 mm 10 buc - SHOPATOA.COM\" \/>\n<meta property=\"og:description\" content=\"SOFTdent ECO Interdental brushes, 10 buc, Periute interdentare unisex, Peria interdentar\u0103 SOFTdent ECO Interdental brushes este un ajutor indispensabil \u00een igiena dentar\u0103. Ajunge \u0219i \u00een locurile greu accesibile, prevenind astfel apari\u021bia cariilor dentare. Caracteristici: cur\u0103\u021b\u0103 perfect spa\u021biul interdentar cur\u0103\u021b\u0103 \u0219i locurile greu accesibile din cavitatea bucal\u0103 nu irit\u0103 \u0219i nu deterioreaz\u0103 din\u021bii sau gingiile asigur\u0103...\" \/>\n<meta property=\"og:url\" content=\"https:\/\/shopatoa.com\/ro\/softdent-eco-interdental-brushes-perie-interdentara-04-mm-10-buc\/\" \/>\n<meta property=\"og:site_name\" content=\"SHOPATOA\" \/>\n<meta property=\"article:modified_time\" content=\"2025-06-26T23:22:18+00:00\" \/>\n<meta property=\"og:image\" content=\"https:\/\/storage.googleapis.com\/cz-shopatoa-img\/ro\/df278832-unnamed-file.webp\" \/>\n\t<meta property=\"og:image:width\" content=\"800\" \/>\n\t<meta property=\"og:image:height\" content=\"800\" \/>\n\t<meta property=\"og:image:type\" content=\"image\/webp\" \/>\n<meta name=\"twitter:card\" content=\"summary_large_image\" \/>\n<script type=\"application\/ld+json\" class=\"yoast-schema-graph\">{\"@context\":\"https:\\\/\\\/schema.org\",\"@graph\":[{\"@type\":\"WebPage\",\"@id\":\"https:\\\/\\\/shopatoa.com\\\/ro\\\/softdent-eco-interdental-brushes-perie-interdentara-04-mm-10-buc\\\/\",\"url\":\"https:\\\/\\\/shopatoa.com\\\/ro\\\/softdent-eco-interdental-brushes-perie-interdentara-04-mm-10-buc\\\/\",\"name\":\"SOFTdent ECO Interdental brushes perie interdentara 0,4 mm 10 buc - SHOPATOA.COM\",\"isPartOf\":{\"@id\":\"https:\\\/\\\/shopatoa.com\\\/ro\\\/#website\"},\"primaryImageOfPage\":{\"@id\":\"https:\\\/\\\/shopatoa.com\\\/ro\\\/softdent-eco-interdental-brushes-perie-interdentara-04-mm-10-buc\\\/#primaryimage\"},\"image\":{\"@id\":\"https:\\\/\\\/shopatoa.com\\\/ro\\\/softdent-eco-interdental-brushes-perie-interdentara-04-mm-10-buc\\\/#primaryimage\"},\"thumbnailUrl\":\"https:\\\/\\\/storage.googleapis.com\\\/cz-shopatoa-img\\\/ro\\\/df278832-unnamed-file.webp\",\"datePublished\":\"2025-06-26T23:21:40+00:00\",\"dateModified\":\"2025-06-26T23:22:18+00:00\",\"breadcrumb\":{\"@id\":\"https:\\\/\\\/shopatoa.com\\\/ro\\\/softdent-eco-interdental-brushes-perie-interdentara-04-mm-10-buc\\\/#breadcrumb\"},\"inLanguage\":\"ro-RO\",\"potentialAction\":[{\"@type\":\"ReadAction\",\"target\":[\"https:\\\/\\\/shopatoa.com\\\/ro\\\/softdent-eco-interdental-brushes-perie-interdentara-04-mm-10-buc\\\/\"]}]},{\"@type\":\"ImageObject\",\"inLanguage\":\"ro-RO\",\"@id\":\"https:\\\/\\\/shopatoa.com\\\/ro\\\/softdent-eco-interdental-brushes-perie-interdentara-04-mm-10-buc\\\/#primaryimage\",\"url\":\"https:\\\/\\\/storage.googleapis.com\\\/cz-shopatoa-img\\\/ro\\\/df278832-unnamed-file.webp\",\"contentUrl\":\"https:\\\/\\\/storage.googleapis.com\\\/cz-shopatoa-img\\\/ro\\\/df278832-unnamed-file.webp\",\"width\":800,\"height\":800},{\"@type\":\"BreadcrumbList\",\"@id\":\"https:\\\/\\\/shopatoa.com\\\/ro\\\/softdent-eco-interdental-brushes-perie-interdentara-04-mm-10-buc\\\/#breadcrumb\",\"itemListElement\":[{\"@type\":\"ListItem\",\"position\":1,\"name\":\"Dom\u016f\",\"item\":\"https:\\\/\\\/shopatoa.com\\\/ro\\\/\"},{\"@type\":\"ListItem\",\"position\":2,\"name\":\"Shop\",\"item\":\"https:\\\/\\\/shopatoa.com\\\/ro\\\/shop\\\/\"},{\"@type\":\"ListItem\",\"position\":3,\"name\":\"SOFTdent ECO Interdental brushes perie interdentara 0,4 mm 10 buc\"}]},{\"@type\":\"WebSite\",\"@id\":\"https:\\\/\\\/shopatoa.com\\\/ro\\\/#website\",\"url\":\"https:\\\/\\\/shopatoa.com\\\/ro\\\/\",\"name\":\"SHOPATOA\",\"description\":\"\",\"publisher\":{\"@id\":\"https:\\\/\\\/shopatoa.com\\\/ro\\\/#organization\"},\"potentialAction\":[{\"@type\":\"SearchAction\",\"target\":{\"@type\":\"EntryPoint\",\"urlTemplate\":\"https:\\\/\\\/shopatoa.com\\\/ro\\\/?s={search_term_string}\"},\"query-input\":{\"@type\":\"PropertyValueSpecification\",\"valueRequired\":true,\"valueName\":\"search_term_string\"}}],\"inLanguage\":\"ro-RO\"},{\"@type\":\"Organization\",\"@id\":\"https:\\\/\\\/shopatoa.com\\\/ro\\\/#organization\",\"name\":\"SHOPATOA\",\"url\":\"https:\\\/\\\/shopatoa.com\\\/ro\\\/\",\"logo\":{\"@type\":\"ImageObject\",\"inLanguage\":\"ro-RO\",\"@id\":\"https:\\\/\\\/shopatoa.com\\\/ro\\\/#\\\/schema\\\/logo\\\/image\\\/\",\"url\":\"https:\\\/\\\/storage.googleapis.com\\\/cz-shopatoa-img\\\/ro\\\/b4dac915-shopatoa_logo.png\",\"contentUrl\":\"https:\\\/\\\/storage.googleapis.com\\\/cz-shopatoa-img\\\/ro\\\/b4dac915-shopatoa_logo.png\",\"width\":416,\"height\":63,\"caption\":\"SHOPATOA\"},\"image\":{\"@id\":\"https:\\\/\\\/shopatoa.com\\\/ro\\\/#\\\/schema\\\/logo\\\/image\\\/\"}}]}<\/script>\n<!-- \/ Yoast SEO plugin. -->","yoast_head_json":{"title":"SOFTdent ECO Interdental brushes perie interdentara 0,4 mm 10 buc - SHOPATOA.COM","robots":{"index":"index","follow":"follow","max-snippet":"max-snippet:-1","max-image-preview":"max-image-preview:large","max-video-preview":"max-video-preview:-1"},"canonical":"https:\/\/shopatoa.com\/ro\/softdent-eco-interdental-brushes-perie-interdentara-04-mm-10-buc\/","og_locale":"ro_RO","og_type":"article","og_title":"SOFTdent ECO Interdental brushes perie interdentara 0,4 mm 10 buc - SHOPATOA.COM","og_description":"SOFTdent ECO Interdental brushes, 10 buc, Periute interdentare unisex, Peria interdentar\u0103 SOFTdent ECO Interdental brushes este un ajutor indispensabil \u00een igiena dentar\u0103. Ajunge \u0219i \u00een locurile greu accesibile, prevenind astfel apari\u021bia cariilor dentare. Caracteristici: cur\u0103\u021b\u0103 perfect spa\u021biul interdentar cur\u0103\u021b\u0103 \u0219i locurile greu accesibile din cavitatea bucal\u0103 nu irit\u0103 \u0219i nu deterioreaz\u0103 din\u021bii sau gingiile asigur\u0103...","og_url":"https:\/\/shopatoa.com\/ro\/softdent-eco-interdental-brushes-perie-interdentara-04-mm-10-buc\/","og_site_name":"SHOPATOA","article_modified_time":"2025-06-26T23:22:18+00:00","og_image":[{"width":800,"height":800,"url":"https:\/\/storage.googleapis.com\/cz-shopatoa-img\/ro\/df278832-unnamed-file.webp","type":"image\/webp"}],"twitter_card":"summary_large_image","schema":{"@context":"https:\/\/schema.org","@graph":[{"@type":"WebPage","@id":"https:\/\/shopatoa.com\/ro\/softdent-eco-interdental-brushes-perie-interdentara-04-mm-10-buc\/","url":"https:\/\/shopatoa.com\/ro\/softdent-eco-interdental-brushes-perie-interdentara-04-mm-10-buc\/","name":"SOFTdent ECO Interdental brushes perie interdentara 0,4 mm 10 buc - SHOPATOA.COM","isPartOf":{"@id":"https:\/\/shopatoa.com\/ro\/#website"},"primaryImageOfPage":{"@id":"https:\/\/shopatoa.com\/ro\/softdent-eco-interdental-brushes-perie-interdentara-04-mm-10-buc\/#primaryimage"},"image":{"@id":"https:\/\/shopatoa.com\/ro\/softdent-eco-interdental-brushes-perie-interdentara-04-mm-10-buc\/#primaryimage"},"thumbnailUrl":"https:\/\/storage.googleapis.com\/cz-shopatoa-img\/ro\/df278832-unnamed-file.webp","datePublished":"2025-06-26T23:21:40+00:00","dateModified":"2025-06-26T23:22:18+00:00","breadcrumb":{"@id":"https:\/\/shopatoa.com\/ro\/softdent-eco-interdental-brushes-perie-interdentara-04-mm-10-buc\/#breadcrumb"},"inLanguage":"ro-RO","potentialAction":[{"@type":"ReadAction","target":["https:\/\/shopatoa.com\/ro\/softdent-eco-interdental-brushes-perie-interdentara-04-mm-10-buc\/"]}]},{"@type":"ImageObject","inLanguage":"ro-RO","@id":"https:\/\/shopatoa.com\/ro\/softdent-eco-interdental-brushes-perie-interdentara-04-mm-10-buc\/#primaryimage","url":"https:\/\/storage.googleapis.com\/cz-shopatoa-img\/ro\/df278832-unnamed-file.webp","contentUrl":"https:\/\/storage.googleapis.com\/cz-shopatoa-img\/ro\/df278832-unnamed-file.webp","width":800,"height":800},{"@type":"BreadcrumbList","@id":"https:\/\/shopatoa.com\/ro\/softdent-eco-interdental-brushes-perie-interdentara-04-mm-10-buc\/#breadcrumb","itemListElement":[{"@type":"ListItem","position":1,"name":"Dom\u016f","item":"https:\/\/shopatoa.com\/ro\/"},{"@type":"ListItem","position":2,"name":"Shop","item":"https:\/\/shopatoa.com\/ro\/shop\/"},{"@type":"ListItem","position":3,"name":"SOFTdent ECO Interdental brushes perie interdentara 0,4 mm 10 buc"}]},{"@type":"WebSite","@id":"https:\/\/shopatoa.com\/ro\/#website","url":"https:\/\/shopatoa.com\/ro\/","name":"SHOPATOA","description":"","publisher":{"@id":"https:\/\/shopatoa.com\/ro\/#organization"},"potentialAction":[{"@type":"SearchAction","target":{"@type":"EntryPoint","urlTemplate":"https:\/\/shopatoa.com\/ro\/?s={search_term_string}"},"query-input":{"@type":"PropertyValueSpecification","valueRequired":true,"valueName":"search_term_string"}}],"inLanguage":"ro-RO"},{"@type":"Organization","@id":"https:\/\/shopatoa.com\/ro\/#organization","name":"SHOPATOA","url":"https:\/\/shopatoa.com\/ro\/","logo":{"@type":"ImageObject","inLanguage":"ro-RO","@id":"https:\/\/shopatoa.com\/ro\/#\/schema\/logo\/image\/","url":"https:\/\/storage.googleapis.com\/cz-shopatoa-img\/ro\/b4dac915-shopatoa_logo.png","contentUrl":"https:\/\/storage.googleapis.com\/cz-shopatoa-img\/ro\/b4dac915-shopatoa_logo.png","width":416,"height":63,"caption":"SHOPATOA"},"image":{"@id":"https:\/\/shopatoa.com\/ro\/#\/schema\/logo\/image\/"}}]}},"_links":{"self":[{"href":"https:\/\/shopatoa.com\/ro\/wp-json\/wp\/v2\/product\/462346","targetHints":{"allow":["GET"]}}],"collection":[{"href":"https:\/\/shopatoa.com\/ro\/wp-json\/wp\/v2\/product"}],"about":[{"href":"https:\/\/shopatoa.com\/ro\/wp-json\/wp\/v2\/types\/product"}],"replies":[{"embeddable":true,"href":"https:\/\/shopatoa.com\/ro\/wp-json\/wp\/v2\/comments?post=462346"}],"wp:featuredmedia":[{"embeddable":true,"href":"https:\/\/shopatoa.com\/ro\/wp-json\/wp\/v2\/media\/462347"}],"wp:attachment":[{"href":"https:\/\/shopatoa.com\/ro\/wp-json\/wp\/v2\/media?parent=462346"}],"wp:term":[{"taxonomy":"product_brand","embeddable":true,"href":"https:\/\/shopatoa.com\/ro\/wp-json\/wp\/v2\/product_brand?post=462346"},{"taxonomy":"product_cat","embeddable":true,"href":"https:\/\/shopatoa.com\/ro\/wp-json\/wp\/v2\/product_cat?post=462346"},{"taxonomy":"product_tag","embeddable":true,"href":"https:\/\/shopatoa.com\/ro\/wp-json\/wp\/v2\/product_tag?post=462346"}],"curies":[{"name":"wp","href":"https:\/\/api.w.org\/{rel}","templated":true}]}}