{"id":462492,"date":"2025-06-27T01:37:11","date_gmt":"2025-06-26T23:37:11","guid":{"rendered":"https:\/\/shopatoa.com\/ro\/lbiotica-pga-hydro-fusion-vitamin-c-masca-intensa-cu-hidrogel-pentru-o-piele-mai-luminoasa-1-buc\/"},"modified":"2026-02-03T15:16:03","modified_gmt":"2026-02-03T14:16:03","slug":"lbiotica-pga-hydro-fusion-vitamin-c-masca-intensa-cu-hidrogel-pentru-o-piele-mai-luminoasa-1-buc","status":"publish","type":"product","link":"https:\/\/shopatoa.com\/ro\/lbiotica-pga-hydro-fusion-vitamin-c-masca-intensa-cu-hidrogel-pentru-o-piele-mai-luminoasa-1-buc\/","title":{"rendered":"L\u2019biotica PGA Hydro Fusion + Vitamin C masc\u0103 intens\u0103 cu hidrogel pentru o piele mai luminoasa 1 buc"},"content":{"rendered":"<p>L\u2019biotica PGA Hydro Fusion + Vitamin C, 1 buc, Creme speciale pentru femei, Sim\u021bi\u021bi c\u0103 tenul dvs. nu este \u00een cea mai bun\u0103 form\u0103 \u0219i c\u0103 are nevoie de o \u00eengrijire suplimentar\u0103 fa\u021b\u0103 de cea oferit\u0103 de crema facial\u0103? Masca facial\u0103 L\u2019biotica PGA Hydro Fusion + Vitamin C v\u0103 va \u00eembog\u0103\u021bi perfect rutina de \u00eengrijire a tenului \u2013 va r\u0103sf\u0103\u021ba tenul \u0219i \u00eei va oferi o \u00eengrijire intensiv\u0103, care \u00eei va \u00eembun\u0103t\u0103\u021bi imediat aspectul.  Caracteristici:  hidrateaz\u0103 profund \u0219i hr\u0103ne\u0219te intens \u00eenfrumuse\u021beaz\u0103 aspectul pielii ilumineaz\u0103 \u0219i \u00eemprosp\u0103teaz\u0103 reducerea petelor pigmentare promoveaz\u0103 produc\u021bia de colagen  Ingrediente:  vitamina C \u2013 ofer\u0103 protec\u021bie antioxidant\u0103 \u00eempotriva deterior\u0103rii cauzate de radicalii liberi, combate petele pigmentare, uniformizeaz\u0103 nuan\u021ba \u0219i spore\u0219te aspectul radiant al pielii, favorizeaz\u0103 produc\u021bia de colagen, \u00eencetinind astfel procesul de \u00eemb\u0103tr\u00e2nire niacinamid\u0103 \u2013 favorizeaz\u0103 luminozitatea tenului, reducerea petelor pigmentare, uniformizarea nuan\u021bei \u0219i netezirea texturii neuniforme, contribuie la \u00eent\u0103rirea barierei protectoare cutanate \u0219i la \u00eembun\u0103t\u0103\u021birea nivelului de hidratare a tenului betain\u0103 \u2013 umecteaz\u0103, calmeaz\u0103 \u0219i catifeleaz\u0103 tenul, ajut\u00e2nd la men\u021binerea optim\u0103 a hidrat\u0103rii acestuia alantoin\u0103 \u2013 calmeaz\u0103, hidrateaz\u0103 \u0219i catifeleaz\u0103, favorizeaz\u0103 regenerarea  Cum se utilizeaz\u0103: Se scoate cu grij\u0103 masca din ambalaj \u0219i se aplic\u0103 pe fa\u021ba curat\u0103. Se las\u0103 s\u0103 ac\u021bioneze pe durata specificat\u0103 pe ambalaj. Apoi se scoate cu aten\u021bie masca. Serul neabsorbit se maseaz\u0103 u\u0219or \u00een piele sau se \u0219terge cu un tampon cosmetic.<\/p>\n","protected":false},"excerpt":{"rendered":"<p>L\u2019biotica PGA Hydro Fusion + Vitamin C, 1 buc, Creme speciale pentru femei, Sim\u021bi\u021bi c\u0103 tenul dvs. nu este \u00een cea mai bun\u0103 form\u0103 \u0219i c\u0103 are nevoie de o \u00eengrijire suplimentar\u0103 fa\u021b\u0103 de cea oferit\u0103 de crema facial\u0103? Masca facial\u0103 L\u2019biotica PGA Hydro Fusion + Vitamin C v\u0103 va \u00eembog\u0103\u021bi perfect rutina de \u00eengrijire&#8230;<\/p>\n","protected":false},"featured_media":462493,"comment_status":"closed","ping_status":"open","template":"","meta":{"_acf_changed":false,"_kadence_starter_templates_imported_post":false,"_kad_post_transparent":"","_kad_post_title":"","_kad_post_layout":"","_kad_post_sidebar_id":"","_kad_post_content_style":"","_kad_post_vertical_padding":"","_kad_post_feature":"","_kad_post_feature_position":"","_kad_post_header":false,"_kad_post_footer":false,"_kad_post_classname":""},"product_brand":[2222],"product_cat":[1564,1563,1565,1614,1562],"product_tag":[],"class_list":{"0":"post-462492","1":"product","2":"type-product","3":"status-publish","4":"has-post-thumbnail","6":"product_brand-lbiotica","7":"product_cat-cosmetice-ingrijire-personala","8":"product_cat-ingrijire-personala","9":"product_cat-ingrijirea-pielii","10":"product_cat-masti-si-peelings-pentru-ten","11":"product_cat-sanatate-si-frumusete","12":"pa_gen-female","13":"pa_marime-1-buc","15":"first","16":"instock","17":"sale","18":"product-type-external","19":"entry","20":"content-bg","21":"loop-entry"},"acf":[],"yoast_head":"<!-- This site is optimized with the Yoast SEO plugin v27.4 - https:\/\/yoast.com\/product\/yoast-seo-wordpress\/ -->\n<title>L\u2019biotica PGA Hydro Fusion + Vitamin C masc\u0103 intens\u0103 cu hidrogel pentru o piele mai luminoasa 1 buc - SHOPATOA.COM<\/title>\n<meta name=\"robots\" content=\"index, follow, max-snippet:-1, max-image-preview:large, max-video-preview:-1\" \/>\n<link rel=\"canonical\" href=\"https:\/\/shopatoa.com\/ro\/lbiotica-pga-hydro-fusion-vitamin-c-masca-intensa-cu-hidrogel-pentru-o-piele-mai-luminoasa-1-buc\/\" \/>\n<meta property=\"og:locale\" content=\"ro_RO\" \/>\n<meta property=\"og:type\" content=\"article\" \/>\n<meta property=\"og:title\" content=\"L\u2019biotica PGA Hydro Fusion + Vitamin C masc\u0103 intens\u0103 cu hidrogel pentru o piele mai luminoasa 1 buc - SHOPATOA.COM\" \/>\n<meta property=\"og:description\" content=\"L\u2019biotica PGA Hydro Fusion + Vitamin C, 1 buc, Creme speciale pentru femei, Sim\u021bi\u021bi c\u0103 tenul dvs. nu este \u00een cea mai bun\u0103 form\u0103 \u0219i c\u0103 are nevoie de o \u00eengrijire suplimentar\u0103 fa\u021b\u0103 de cea oferit\u0103 de crema facial\u0103? Masca facial\u0103 L\u2019biotica PGA Hydro Fusion + Vitamin C v\u0103 va \u00eembog\u0103\u021bi perfect rutina de \u00eengrijire...\" \/>\n<meta property=\"og:url\" content=\"https:\/\/shopatoa.com\/ro\/lbiotica-pga-hydro-fusion-vitamin-c-masca-intensa-cu-hidrogel-pentru-o-piele-mai-luminoasa-1-buc\/\" \/>\n<meta property=\"og:site_name\" content=\"SHOPATOA\" \/>\n<meta property=\"article:modified_time\" content=\"2026-02-03T14:16:03+00:00\" \/>\n<meta property=\"og:image\" content=\"https:\/\/storage.googleapis.com\/cz-shopatoa-img\/ro\/429a9c1a-unnamed-file.webp\" \/>\n\t<meta property=\"og:image:width\" content=\"800\" \/>\n\t<meta property=\"og:image:height\" content=\"800\" \/>\n\t<meta property=\"og:image:type\" content=\"image\/webp\" \/>\n<meta name=\"twitter:card\" content=\"summary_large_image\" \/>\n<meta name=\"twitter:label1\" content=\"Timp estimat pentru citire\" \/>\n\t<meta name=\"twitter:data1\" content=\"1 minut\" \/>\n<script type=\"application\/ld+json\" class=\"yoast-schema-graph\">{\"@context\":\"https:\\\/\\\/schema.org\",\"@graph\":[{\"@type\":\"WebPage\",\"@id\":\"https:\\\/\\\/shopatoa.com\\\/ro\\\/lbiotica-pga-hydro-fusion-vitamin-c-masca-intensa-cu-hidrogel-pentru-o-piele-mai-luminoasa-1-buc\\\/\",\"url\":\"https:\\\/\\\/shopatoa.com\\\/ro\\\/lbiotica-pga-hydro-fusion-vitamin-c-masca-intensa-cu-hidrogel-pentru-o-piele-mai-luminoasa-1-buc\\\/\",\"name\":\"L\u2019biotica PGA Hydro Fusion + Vitamin C masc\u0103 intens\u0103 cu hidrogel pentru o piele mai luminoasa 1 buc - SHOPATOA.COM\",\"isPartOf\":{\"@id\":\"https:\\\/\\\/shopatoa.com\\\/ro\\\/#website\"},\"primaryImageOfPage\":{\"@id\":\"https:\\\/\\\/shopatoa.com\\\/ro\\\/lbiotica-pga-hydro-fusion-vitamin-c-masca-intensa-cu-hidrogel-pentru-o-piele-mai-luminoasa-1-buc\\\/#primaryimage\"},\"image\":{\"@id\":\"https:\\\/\\\/shopatoa.com\\\/ro\\\/lbiotica-pga-hydro-fusion-vitamin-c-masca-intensa-cu-hidrogel-pentru-o-piele-mai-luminoasa-1-buc\\\/#primaryimage\"},\"thumbnailUrl\":\"https:\\\/\\\/storage.googleapis.com\\\/cz-shopatoa-img\\\/ro\\\/429a9c1a-unnamed-file.webp\",\"datePublished\":\"2025-06-26T23:37:11+00:00\",\"dateModified\":\"2026-02-03T14:16:03+00:00\",\"breadcrumb\":{\"@id\":\"https:\\\/\\\/shopatoa.com\\\/ro\\\/lbiotica-pga-hydro-fusion-vitamin-c-masca-intensa-cu-hidrogel-pentru-o-piele-mai-luminoasa-1-buc\\\/#breadcrumb\"},\"inLanguage\":\"ro-RO\",\"potentialAction\":[{\"@type\":\"ReadAction\",\"target\":[\"https:\\\/\\\/shopatoa.com\\\/ro\\\/lbiotica-pga-hydro-fusion-vitamin-c-masca-intensa-cu-hidrogel-pentru-o-piele-mai-luminoasa-1-buc\\\/\"]}]},{\"@type\":\"ImageObject\",\"inLanguage\":\"ro-RO\",\"@id\":\"https:\\\/\\\/shopatoa.com\\\/ro\\\/lbiotica-pga-hydro-fusion-vitamin-c-masca-intensa-cu-hidrogel-pentru-o-piele-mai-luminoasa-1-buc\\\/#primaryimage\",\"url\":\"https:\\\/\\\/storage.googleapis.com\\\/cz-shopatoa-img\\\/ro\\\/429a9c1a-unnamed-file.webp\",\"contentUrl\":\"https:\\\/\\\/storage.googleapis.com\\\/cz-shopatoa-img\\\/ro\\\/429a9c1a-unnamed-file.webp\",\"width\":800,\"height\":800},{\"@type\":\"BreadcrumbList\",\"@id\":\"https:\\\/\\\/shopatoa.com\\\/ro\\\/lbiotica-pga-hydro-fusion-vitamin-c-masca-intensa-cu-hidrogel-pentru-o-piele-mai-luminoasa-1-buc\\\/#breadcrumb\",\"itemListElement\":[{\"@type\":\"ListItem\",\"position\":1,\"name\":\"Dom\u016f\",\"item\":\"https:\\\/\\\/shopatoa.com\\\/ro\\\/\"},{\"@type\":\"ListItem\",\"position\":2,\"name\":\"Shop\",\"item\":\"https:\\\/\\\/shopatoa.com\\\/ro\\\/shop\\\/\"},{\"@type\":\"ListItem\",\"position\":3,\"name\":\"S\u0103n\u0103tate \u0219i frumuse\u021be\",\"item\":\"https:\\\/\\\/shopatoa.com\\\/ro\\\/sanatate-si-frumusete\\\/\"},{\"@type\":\"ListItem\",\"position\":4,\"name\":\"\u00cengrijire personal\u0103\",\"item\":\"https:\\\/\\\/shopatoa.com\\\/ro\\\/ingrijire-personala\\\/\"},{\"@type\":\"ListItem\",\"position\":5,\"name\":\"Cosmetice\",\"item\":\"https:\\\/\\\/shopatoa.com\\\/ro\\\/cosmetice-ingrijire-personala\\\/\"},{\"@type\":\"ListItem\",\"position\":6,\"name\":\"\u00cengrijirea pielii\",\"item\":\"https:\\\/\\\/shopatoa.com\\\/ro\\\/ingrijirea-pielii\\\/\"},{\"@type\":\"ListItem\",\"position\":7,\"name\":\"M\u0103\u0219ti \u0219i peelings pentru ten\",\"item\":\"https:\\\/\\\/shopatoa.com\\\/ro\\\/masti-si-peelings-pentru-ten\\\/\"},{\"@type\":\"ListItem\",\"position\":8,\"name\":\"L\u2019biotica PGA Hydro Fusion + Vitamin C masc\u0103 intens\u0103 cu hidrogel pentru o piele mai luminoasa 1 buc\"}]},{\"@type\":\"WebSite\",\"@id\":\"https:\\\/\\\/shopatoa.com\\\/ro\\\/#website\",\"url\":\"https:\\\/\\\/shopatoa.com\\\/ro\\\/\",\"name\":\"SHOPATOA\",\"description\":\"\",\"publisher\":{\"@id\":\"https:\\\/\\\/shopatoa.com\\\/ro\\\/#organization\"},\"potentialAction\":[{\"@type\":\"SearchAction\",\"target\":{\"@type\":\"EntryPoint\",\"urlTemplate\":\"https:\\\/\\\/shopatoa.com\\\/ro\\\/?s={search_term_string}\"},\"query-input\":{\"@type\":\"PropertyValueSpecification\",\"valueRequired\":true,\"valueName\":\"search_term_string\"}}],\"inLanguage\":\"ro-RO\"},{\"@type\":\"Organization\",\"@id\":\"https:\\\/\\\/shopatoa.com\\\/ro\\\/#organization\",\"name\":\"SHOPATOA\",\"url\":\"https:\\\/\\\/shopatoa.com\\\/ro\\\/\",\"logo\":{\"@type\":\"ImageObject\",\"inLanguage\":\"ro-RO\",\"@id\":\"https:\\\/\\\/shopatoa.com\\\/ro\\\/#\\\/schema\\\/logo\\\/image\\\/\",\"url\":\"https:\\\/\\\/storage.googleapis.com\\\/cz-shopatoa-img\\\/ro\\\/b4dac915-shopatoa_logo.png\",\"contentUrl\":\"https:\\\/\\\/storage.googleapis.com\\\/cz-shopatoa-img\\\/ro\\\/b4dac915-shopatoa_logo.png\",\"width\":416,\"height\":63,\"caption\":\"SHOPATOA\"},\"image\":{\"@id\":\"https:\\\/\\\/shopatoa.com\\\/ro\\\/#\\\/schema\\\/logo\\\/image\\\/\"}}]}<\/script>\n<!-- \/ Yoast SEO plugin. -->","yoast_head_json":{"title":"L\u2019biotica PGA Hydro Fusion + Vitamin C masc\u0103 intens\u0103 cu hidrogel pentru o piele mai luminoasa 1 buc - SHOPATOA.COM","robots":{"index":"index","follow":"follow","max-snippet":"max-snippet:-1","max-image-preview":"max-image-preview:large","max-video-preview":"max-video-preview:-1"},"canonical":"https:\/\/shopatoa.com\/ro\/lbiotica-pga-hydro-fusion-vitamin-c-masca-intensa-cu-hidrogel-pentru-o-piele-mai-luminoasa-1-buc\/","og_locale":"ro_RO","og_type":"article","og_title":"L\u2019biotica PGA Hydro Fusion + Vitamin C masc\u0103 intens\u0103 cu hidrogel pentru o piele mai luminoasa 1 buc - SHOPATOA.COM","og_description":"L\u2019biotica PGA Hydro Fusion + Vitamin C, 1 buc, Creme speciale pentru femei, Sim\u021bi\u021bi c\u0103 tenul dvs. nu este \u00een cea mai bun\u0103 form\u0103 \u0219i c\u0103 are nevoie de o \u00eengrijire suplimentar\u0103 fa\u021b\u0103 de cea oferit\u0103 de crema facial\u0103? Masca facial\u0103 L\u2019biotica PGA Hydro Fusion + Vitamin C v\u0103 va \u00eembog\u0103\u021bi perfect rutina de \u00eengrijire...","og_url":"https:\/\/shopatoa.com\/ro\/lbiotica-pga-hydro-fusion-vitamin-c-masca-intensa-cu-hidrogel-pentru-o-piele-mai-luminoasa-1-buc\/","og_site_name":"SHOPATOA","article_modified_time":"2026-02-03T14:16:03+00:00","og_image":[{"width":800,"height":800,"url":"https:\/\/storage.googleapis.com\/cz-shopatoa-img\/ro\/429a9c1a-unnamed-file.webp","type":"image\/webp"}],"twitter_card":"summary_large_image","twitter_misc":{"Timp estimat pentru citire":"1 minut"},"schema":{"@context":"https:\/\/schema.org","@graph":[{"@type":"WebPage","@id":"https:\/\/shopatoa.com\/ro\/lbiotica-pga-hydro-fusion-vitamin-c-masca-intensa-cu-hidrogel-pentru-o-piele-mai-luminoasa-1-buc\/","url":"https:\/\/shopatoa.com\/ro\/lbiotica-pga-hydro-fusion-vitamin-c-masca-intensa-cu-hidrogel-pentru-o-piele-mai-luminoasa-1-buc\/","name":"L\u2019biotica PGA Hydro Fusion + Vitamin C masc\u0103 intens\u0103 cu hidrogel pentru o piele mai luminoasa 1 buc - SHOPATOA.COM","isPartOf":{"@id":"https:\/\/shopatoa.com\/ro\/#website"},"primaryImageOfPage":{"@id":"https:\/\/shopatoa.com\/ro\/lbiotica-pga-hydro-fusion-vitamin-c-masca-intensa-cu-hidrogel-pentru-o-piele-mai-luminoasa-1-buc\/#primaryimage"},"image":{"@id":"https:\/\/shopatoa.com\/ro\/lbiotica-pga-hydro-fusion-vitamin-c-masca-intensa-cu-hidrogel-pentru-o-piele-mai-luminoasa-1-buc\/#primaryimage"},"thumbnailUrl":"https:\/\/storage.googleapis.com\/cz-shopatoa-img\/ro\/429a9c1a-unnamed-file.webp","datePublished":"2025-06-26T23:37:11+00:00","dateModified":"2026-02-03T14:16:03+00:00","breadcrumb":{"@id":"https:\/\/shopatoa.com\/ro\/lbiotica-pga-hydro-fusion-vitamin-c-masca-intensa-cu-hidrogel-pentru-o-piele-mai-luminoasa-1-buc\/#breadcrumb"},"inLanguage":"ro-RO","potentialAction":[{"@type":"ReadAction","target":["https:\/\/shopatoa.com\/ro\/lbiotica-pga-hydro-fusion-vitamin-c-masca-intensa-cu-hidrogel-pentru-o-piele-mai-luminoasa-1-buc\/"]}]},{"@type":"ImageObject","inLanguage":"ro-RO","@id":"https:\/\/shopatoa.com\/ro\/lbiotica-pga-hydro-fusion-vitamin-c-masca-intensa-cu-hidrogel-pentru-o-piele-mai-luminoasa-1-buc\/#primaryimage","url":"https:\/\/storage.googleapis.com\/cz-shopatoa-img\/ro\/429a9c1a-unnamed-file.webp","contentUrl":"https:\/\/storage.googleapis.com\/cz-shopatoa-img\/ro\/429a9c1a-unnamed-file.webp","width":800,"height":800},{"@type":"BreadcrumbList","@id":"https:\/\/shopatoa.com\/ro\/lbiotica-pga-hydro-fusion-vitamin-c-masca-intensa-cu-hidrogel-pentru-o-piele-mai-luminoasa-1-buc\/#breadcrumb","itemListElement":[{"@type":"ListItem","position":1,"name":"Dom\u016f","item":"https:\/\/shopatoa.com\/ro\/"},{"@type":"ListItem","position":2,"name":"Shop","item":"https:\/\/shopatoa.com\/ro\/shop\/"},{"@type":"ListItem","position":3,"name":"S\u0103n\u0103tate \u0219i frumuse\u021be","item":"https:\/\/shopatoa.com\/ro\/sanatate-si-frumusete\/"},{"@type":"ListItem","position":4,"name":"\u00cengrijire personal\u0103","item":"https:\/\/shopatoa.com\/ro\/ingrijire-personala\/"},{"@type":"ListItem","position":5,"name":"Cosmetice","item":"https:\/\/shopatoa.com\/ro\/cosmetice-ingrijire-personala\/"},{"@type":"ListItem","position":6,"name":"\u00cengrijirea pielii","item":"https:\/\/shopatoa.com\/ro\/ingrijirea-pielii\/"},{"@type":"ListItem","position":7,"name":"M\u0103\u0219ti \u0219i peelings pentru ten","item":"https:\/\/shopatoa.com\/ro\/masti-si-peelings-pentru-ten\/"},{"@type":"ListItem","position":8,"name":"L\u2019biotica PGA Hydro Fusion + Vitamin C masc\u0103 intens\u0103 cu hidrogel pentru o piele mai luminoasa 1 buc"}]},{"@type":"WebSite","@id":"https:\/\/shopatoa.com\/ro\/#website","url":"https:\/\/shopatoa.com\/ro\/","name":"SHOPATOA","description":"","publisher":{"@id":"https:\/\/shopatoa.com\/ro\/#organization"},"potentialAction":[{"@type":"SearchAction","target":{"@type":"EntryPoint","urlTemplate":"https:\/\/shopatoa.com\/ro\/?s={search_term_string}"},"query-input":{"@type":"PropertyValueSpecification","valueRequired":true,"valueName":"search_term_string"}}],"inLanguage":"ro-RO"},{"@type":"Organization","@id":"https:\/\/shopatoa.com\/ro\/#organization","name":"SHOPATOA","url":"https:\/\/shopatoa.com\/ro\/","logo":{"@type":"ImageObject","inLanguage":"ro-RO","@id":"https:\/\/shopatoa.com\/ro\/#\/schema\/logo\/image\/","url":"https:\/\/storage.googleapis.com\/cz-shopatoa-img\/ro\/b4dac915-shopatoa_logo.png","contentUrl":"https:\/\/storage.googleapis.com\/cz-shopatoa-img\/ro\/b4dac915-shopatoa_logo.png","width":416,"height":63,"caption":"SHOPATOA"},"image":{"@id":"https:\/\/shopatoa.com\/ro\/#\/schema\/logo\/image\/"}}]}},"_links":{"self":[{"href":"https:\/\/shopatoa.com\/ro\/wp-json\/wp\/v2\/product\/462492","targetHints":{"allow":["GET"]}}],"collection":[{"href":"https:\/\/shopatoa.com\/ro\/wp-json\/wp\/v2\/product"}],"about":[{"href":"https:\/\/shopatoa.com\/ro\/wp-json\/wp\/v2\/types\/product"}],"replies":[{"embeddable":true,"href":"https:\/\/shopatoa.com\/ro\/wp-json\/wp\/v2\/comments?post=462492"}],"wp:featuredmedia":[{"embeddable":true,"href":"https:\/\/shopatoa.com\/ro\/wp-json\/wp\/v2\/media\/462493"}],"wp:attachment":[{"href":"https:\/\/shopatoa.com\/ro\/wp-json\/wp\/v2\/media?parent=462492"}],"wp:term":[{"taxonomy":"product_brand","embeddable":true,"href":"https:\/\/shopatoa.com\/ro\/wp-json\/wp\/v2\/product_brand?post=462492"},{"taxonomy":"product_cat","embeddable":true,"href":"https:\/\/shopatoa.com\/ro\/wp-json\/wp\/v2\/product_cat?post=462492"},{"taxonomy":"product_tag","embeddable":true,"href":"https:\/\/shopatoa.com\/ro\/wp-json\/wp\/v2\/product_tag?post=462492"}],"curies":[{"name":"wp","href":"https:\/\/api.w.org\/{rel}","templated":true}]}}