{"id":462867,"date":"2025-06-27T14:30:09","date_gmt":"2025-06-27T12:30:09","guid":{"rendered":"https:\/\/shopatoa.com\/ro\/the-olphactory-flawless-sour-maple-difuzor-de-aroma-500-ml\/"},"modified":"2025-06-27T14:32:14","modified_gmt":"2025-06-27T12:32:14","slug":"the-olphactory-flawless-sour-maple-difuzor-de-aroma-500-ml","status":"publish","type":"product","link":"https:\/\/shopatoa.com\/ro\/the-olphactory-flawless-sour-maple-difuzor-de-aroma-500-ml\/","title":{"rendered":"The Olphactory Flawless Sour Maple difuzor de aroma 500 ml"},"content":{"rendered":"<p>The Olphactory Flawless Sour Maple, 500 ml, Difuzoare de arom\u0103 cu rezerv\u0103  Parfumuri pentru casa, Difuzorul de arom\u0103 The Olphactory Flawless Sour Maple este un mod pl\u0103cut \u0219i stilat de a parfuma interiorul.  Cum se utilizeaz\u0103: Pentru un interior \u0219i mai parfumat, be\u021bi\u0219oarele \u00eenmuiate \u00een esen\u021b\u0103 se pot \u00eentoarce din c\u00e2nd \u00een c\u00e2nd. A nu se l\u0103sa la \u00eendem\u00e2na copiilor. \u00cen cazul \u00een care con\u021binutul difuzorului intr\u0103 \u00een contact cu pielea, aceasta se spal\u0103 imediat cu mult\u0103 ap\u0103 \u0219i s\u0103pun. \u00cen cazul contactului cu ochii, se vor cl\u0103ti cu ap\u0103 timp de c\u00e2teva minute.<\/p>\n","protected":false},"excerpt":{"rendered":"<p>The Olphactory Flawless Sour Maple, 500 ml, Difuzoare de arom\u0103 cu rezerv\u0103 Parfumuri pentru casa, Difuzorul de arom\u0103 The Olphactory Flawless Sour Maple este un mod pl\u0103cut \u0219i stilat de a parfuma interiorul. Cum se utilizeaz\u0103: Pentru un interior \u0219i mai parfumat, be\u021bi\u0219oarele \u00eenmuiate \u00een esen\u021b\u0103 se pot \u00eentoarce din c\u00e2nd \u00een c\u00e2nd. A nu&#8230;<\/p>\n","protected":false},"featured_media":462868,"comment_status":"closed","ping_status":"open","template":"","meta":{"_acf_changed":false,"_kadence_starter_templates_imported_post":false,"_kad_post_transparent":"","_kad_post_title":"","_kad_post_layout":"","_kad_post_sidebar_id":"","_kad_post_content_style":"","_kad_post_vertical_padding":"","_kad_post_feature":"","_kad_post_feature_position":"","_kad_post_header":false,"_kad_post_footer":false,"_kad_post_classname":""},"product_brand":[2295],"product_cat":[3889,2533,3903,3902],"product_tag":[],"class_list":{"0":"post-462867","1":"product","2":"type-product","3":"status-publish","4":"has-post-thumbnail","6":"product_brand-the-olphactory","7":"product_cat-accesorii-si-decoratiuni-pentru-locuinta","8":"product_cat-casa-si-gradina","9":"product_cat-difuzoare-de-aroma-cu-rezerve","10":"product_cat-difuzoare-si-purificatoare-de-aer","11":"pa_gen-unisex","12":"pa_marime-500-ml","14":"first","15":"instock","16":"sale","17":"product-type-external","18":"entry","19":"content-bg","20":"loop-entry"},"acf":[],"yoast_head":"<!-- This site is optimized with the Yoast SEO plugin v27.3 - https:\/\/yoast.com\/product\/yoast-seo-wordpress\/ -->\n<title>The Olphactory Flawless Sour Maple difuzor de aroma 500 ml - SHOPATOA.COM<\/title>\n<meta name=\"robots\" content=\"index, follow, max-snippet:-1, max-image-preview:large, max-video-preview:-1\" \/>\n<link rel=\"canonical\" href=\"https:\/\/shopatoa.com\/ro\/the-olphactory-flawless-sour-maple-difuzor-de-aroma-500-ml\/\" \/>\n<meta property=\"og:locale\" content=\"ro_RO\" \/>\n<meta property=\"og:type\" content=\"article\" \/>\n<meta property=\"og:title\" content=\"The Olphactory Flawless Sour Maple difuzor de aroma 500 ml - SHOPATOA.COM\" \/>\n<meta property=\"og:description\" content=\"The Olphactory Flawless Sour Maple, 500 ml, Difuzoare de arom\u0103 cu rezerv\u0103 Parfumuri pentru casa, Difuzorul de arom\u0103 The Olphactory Flawless Sour Maple este un mod pl\u0103cut \u0219i stilat de a parfuma interiorul. Cum se utilizeaz\u0103: Pentru un interior \u0219i mai parfumat, be\u021bi\u0219oarele \u00eenmuiate \u00een esen\u021b\u0103 se pot \u00eentoarce din c\u00e2nd \u00een c\u00e2nd. A nu...\" \/>\n<meta property=\"og:url\" content=\"https:\/\/shopatoa.com\/ro\/the-olphactory-flawless-sour-maple-difuzor-de-aroma-500-ml\/\" \/>\n<meta property=\"og:site_name\" content=\"SHOPATOA\" \/>\n<meta property=\"article:modified_time\" content=\"2025-06-27T12:32:14+00:00\" \/>\n<meta property=\"og:image\" content=\"https:\/\/storage.googleapis.com\/cz-shopatoa-img\/ro\/3432b9e0-unnamed-file.webp\" \/>\n\t<meta property=\"og:image:width\" content=\"800\" \/>\n\t<meta property=\"og:image:height\" content=\"800\" \/>\n\t<meta property=\"og:image:type\" content=\"image\/webp\" \/>\n<meta name=\"twitter:card\" content=\"summary_large_image\" \/>\n<meta name=\"twitter:label1\" content=\"Timp estimat pentru citire\" \/>\n\t<meta name=\"twitter:data1\" content=\"1 minut\" \/>\n<script type=\"application\/ld+json\" class=\"yoast-schema-graph\">{\"@context\":\"https:\\\/\\\/schema.org\",\"@graph\":[{\"@type\":\"WebPage\",\"@id\":\"https:\\\/\\\/shopatoa.com\\\/ro\\\/the-olphactory-flawless-sour-maple-difuzor-de-aroma-500-ml\\\/\",\"url\":\"https:\\\/\\\/shopatoa.com\\\/ro\\\/the-olphactory-flawless-sour-maple-difuzor-de-aroma-500-ml\\\/\",\"name\":\"The Olphactory Flawless Sour Maple difuzor de aroma 500 ml - SHOPATOA.COM\",\"isPartOf\":{\"@id\":\"https:\\\/\\\/shopatoa.com\\\/ro\\\/#website\"},\"primaryImageOfPage\":{\"@id\":\"https:\\\/\\\/shopatoa.com\\\/ro\\\/the-olphactory-flawless-sour-maple-difuzor-de-aroma-500-ml\\\/#primaryimage\"},\"image\":{\"@id\":\"https:\\\/\\\/shopatoa.com\\\/ro\\\/the-olphactory-flawless-sour-maple-difuzor-de-aroma-500-ml\\\/#primaryimage\"},\"thumbnailUrl\":\"https:\\\/\\\/storage.googleapis.com\\\/cz-shopatoa-img\\\/ro\\\/3432b9e0-unnamed-file.webp\",\"datePublished\":\"2025-06-27T12:30:09+00:00\",\"dateModified\":\"2025-06-27T12:32:14+00:00\",\"breadcrumb\":{\"@id\":\"https:\\\/\\\/shopatoa.com\\\/ro\\\/the-olphactory-flawless-sour-maple-difuzor-de-aroma-500-ml\\\/#breadcrumb\"},\"inLanguage\":\"ro-RO\",\"potentialAction\":[{\"@type\":\"ReadAction\",\"target\":[\"https:\\\/\\\/shopatoa.com\\\/ro\\\/the-olphactory-flawless-sour-maple-difuzor-de-aroma-500-ml\\\/\"]}]},{\"@type\":\"ImageObject\",\"inLanguage\":\"ro-RO\",\"@id\":\"https:\\\/\\\/shopatoa.com\\\/ro\\\/the-olphactory-flawless-sour-maple-difuzor-de-aroma-500-ml\\\/#primaryimage\",\"url\":\"https:\\\/\\\/storage.googleapis.com\\\/cz-shopatoa-img\\\/ro\\\/3432b9e0-unnamed-file.webp\",\"contentUrl\":\"https:\\\/\\\/storage.googleapis.com\\\/cz-shopatoa-img\\\/ro\\\/3432b9e0-unnamed-file.webp\",\"width\":800,\"height\":800},{\"@type\":\"BreadcrumbList\",\"@id\":\"https:\\\/\\\/shopatoa.com\\\/ro\\\/the-olphactory-flawless-sour-maple-difuzor-de-aroma-500-ml\\\/#breadcrumb\",\"itemListElement\":[{\"@type\":\"ListItem\",\"position\":1,\"name\":\"Dom\u016f\",\"item\":\"https:\\\/\\\/shopatoa.com\\\/ro\\\/\"},{\"@type\":\"ListItem\",\"position\":2,\"name\":\"Shop\",\"item\":\"https:\\\/\\\/shopatoa.com\\\/ro\\\/shop\\\/\"},{\"@type\":\"ListItem\",\"position\":3,\"name\":\"The Olphactory Flawless Sour Maple difuzor de aroma 500 ml\"}]},{\"@type\":\"WebSite\",\"@id\":\"https:\\\/\\\/shopatoa.com\\\/ro\\\/#website\",\"url\":\"https:\\\/\\\/shopatoa.com\\\/ro\\\/\",\"name\":\"SHOPATOA\",\"description\":\"\",\"publisher\":{\"@id\":\"https:\\\/\\\/shopatoa.com\\\/ro\\\/#organization\"},\"potentialAction\":[{\"@type\":\"SearchAction\",\"target\":{\"@type\":\"EntryPoint\",\"urlTemplate\":\"https:\\\/\\\/shopatoa.com\\\/ro\\\/?s={search_term_string}\"},\"query-input\":{\"@type\":\"PropertyValueSpecification\",\"valueRequired\":true,\"valueName\":\"search_term_string\"}}],\"inLanguage\":\"ro-RO\"},{\"@type\":\"Organization\",\"@id\":\"https:\\\/\\\/shopatoa.com\\\/ro\\\/#organization\",\"name\":\"SHOPATOA\",\"url\":\"https:\\\/\\\/shopatoa.com\\\/ro\\\/\",\"logo\":{\"@type\":\"ImageObject\",\"inLanguage\":\"ro-RO\",\"@id\":\"https:\\\/\\\/shopatoa.com\\\/ro\\\/#\\\/schema\\\/logo\\\/image\\\/\",\"url\":\"https:\\\/\\\/storage.googleapis.com\\\/cz-shopatoa-img\\\/ro\\\/b4dac915-shopatoa_logo.png\",\"contentUrl\":\"https:\\\/\\\/storage.googleapis.com\\\/cz-shopatoa-img\\\/ro\\\/b4dac915-shopatoa_logo.png\",\"width\":416,\"height\":63,\"caption\":\"SHOPATOA\"},\"image\":{\"@id\":\"https:\\\/\\\/shopatoa.com\\\/ro\\\/#\\\/schema\\\/logo\\\/image\\\/\"}}]}<\/script>\n<!-- \/ Yoast SEO plugin. -->","yoast_head_json":{"title":"The Olphactory Flawless Sour Maple difuzor de aroma 500 ml - SHOPATOA.COM","robots":{"index":"index","follow":"follow","max-snippet":"max-snippet:-1","max-image-preview":"max-image-preview:large","max-video-preview":"max-video-preview:-1"},"canonical":"https:\/\/shopatoa.com\/ro\/the-olphactory-flawless-sour-maple-difuzor-de-aroma-500-ml\/","og_locale":"ro_RO","og_type":"article","og_title":"The Olphactory Flawless Sour Maple difuzor de aroma 500 ml - SHOPATOA.COM","og_description":"The Olphactory Flawless Sour Maple, 500 ml, Difuzoare de arom\u0103 cu rezerv\u0103 Parfumuri pentru casa, Difuzorul de arom\u0103 The Olphactory Flawless Sour Maple este un mod pl\u0103cut \u0219i stilat de a parfuma interiorul. Cum se utilizeaz\u0103: Pentru un interior \u0219i mai parfumat, be\u021bi\u0219oarele \u00eenmuiate \u00een esen\u021b\u0103 se pot \u00eentoarce din c\u00e2nd \u00een c\u00e2nd. A nu...","og_url":"https:\/\/shopatoa.com\/ro\/the-olphactory-flawless-sour-maple-difuzor-de-aroma-500-ml\/","og_site_name":"SHOPATOA","article_modified_time":"2025-06-27T12:32:14+00:00","og_image":[{"width":800,"height":800,"url":"https:\/\/storage.googleapis.com\/cz-shopatoa-img\/ro\/3432b9e0-unnamed-file.webp","type":"image\/webp"}],"twitter_card":"summary_large_image","twitter_misc":{"Timp estimat pentru citire":"1 minut"},"schema":{"@context":"https:\/\/schema.org","@graph":[{"@type":"WebPage","@id":"https:\/\/shopatoa.com\/ro\/the-olphactory-flawless-sour-maple-difuzor-de-aroma-500-ml\/","url":"https:\/\/shopatoa.com\/ro\/the-olphactory-flawless-sour-maple-difuzor-de-aroma-500-ml\/","name":"The Olphactory Flawless Sour Maple difuzor de aroma 500 ml - SHOPATOA.COM","isPartOf":{"@id":"https:\/\/shopatoa.com\/ro\/#website"},"primaryImageOfPage":{"@id":"https:\/\/shopatoa.com\/ro\/the-olphactory-flawless-sour-maple-difuzor-de-aroma-500-ml\/#primaryimage"},"image":{"@id":"https:\/\/shopatoa.com\/ro\/the-olphactory-flawless-sour-maple-difuzor-de-aroma-500-ml\/#primaryimage"},"thumbnailUrl":"https:\/\/storage.googleapis.com\/cz-shopatoa-img\/ro\/3432b9e0-unnamed-file.webp","datePublished":"2025-06-27T12:30:09+00:00","dateModified":"2025-06-27T12:32:14+00:00","breadcrumb":{"@id":"https:\/\/shopatoa.com\/ro\/the-olphactory-flawless-sour-maple-difuzor-de-aroma-500-ml\/#breadcrumb"},"inLanguage":"ro-RO","potentialAction":[{"@type":"ReadAction","target":["https:\/\/shopatoa.com\/ro\/the-olphactory-flawless-sour-maple-difuzor-de-aroma-500-ml\/"]}]},{"@type":"ImageObject","inLanguage":"ro-RO","@id":"https:\/\/shopatoa.com\/ro\/the-olphactory-flawless-sour-maple-difuzor-de-aroma-500-ml\/#primaryimage","url":"https:\/\/storage.googleapis.com\/cz-shopatoa-img\/ro\/3432b9e0-unnamed-file.webp","contentUrl":"https:\/\/storage.googleapis.com\/cz-shopatoa-img\/ro\/3432b9e0-unnamed-file.webp","width":800,"height":800},{"@type":"BreadcrumbList","@id":"https:\/\/shopatoa.com\/ro\/the-olphactory-flawless-sour-maple-difuzor-de-aroma-500-ml\/#breadcrumb","itemListElement":[{"@type":"ListItem","position":1,"name":"Dom\u016f","item":"https:\/\/shopatoa.com\/ro\/"},{"@type":"ListItem","position":2,"name":"Shop","item":"https:\/\/shopatoa.com\/ro\/shop\/"},{"@type":"ListItem","position":3,"name":"The Olphactory Flawless Sour Maple difuzor de aroma 500 ml"}]},{"@type":"WebSite","@id":"https:\/\/shopatoa.com\/ro\/#website","url":"https:\/\/shopatoa.com\/ro\/","name":"SHOPATOA","description":"","publisher":{"@id":"https:\/\/shopatoa.com\/ro\/#organization"},"potentialAction":[{"@type":"SearchAction","target":{"@type":"EntryPoint","urlTemplate":"https:\/\/shopatoa.com\/ro\/?s={search_term_string}"},"query-input":{"@type":"PropertyValueSpecification","valueRequired":true,"valueName":"search_term_string"}}],"inLanguage":"ro-RO"},{"@type":"Organization","@id":"https:\/\/shopatoa.com\/ro\/#organization","name":"SHOPATOA","url":"https:\/\/shopatoa.com\/ro\/","logo":{"@type":"ImageObject","inLanguage":"ro-RO","@id":"https:\/\/shopatoa.com\/ro\/#\/schema\/logo\/image\/","url":"https:\/\/storage.googleapis.com\/cz-shopatoa-img\/ro\/b4dac915-shopatoa_logo.png","contentUrl":"https:\/\/storage.googleapis.com\/cz-shopatoa-img\/ro\/b4dac915-shopatoa_logo.png","width":416,"height":63,"caption":"SHOPATOA"},"image":{"@id":"https:\/\/shopatoa.com\/ro\/#\/schema\/logo\/image\/"}}]}},"_links":{"self":[{"href":"https:\/\/shopatoa.com\/ro\/wp-json\/wp\/v2\/product\/462867","targetHints":{"allow":["GET"]}}],"collection":[{"href":"https:\/\/shopatoa.com\/ro\/wp-json\/wp\/v2\/product"}],"about":[{"href":"https:\/\/shopatoa.com\/ro\/wp-json\/wp\/v2\/types\/product"}],"replies":[{"embeddable":true,"href":"https:\/\/shopatoa.com\/ro\/wp-json\/wp\/v2\/comments?post=462867"}],"wp:featuredmedia":[{"embeddable":true,"href":"https:\/\/shopatoa.com\/ro\/wp-json\/wp\/v2\/media\/462868"}],"wp:attachment":[{"href":"https:\/\/shopatoa.com\/ro\/wp-json\/wp\/v2\/media?parent=462867"}],"wp:term":[{"taxonomy":"product_brand","embeddable":true,"href":"https:\/\/shopatoa.com\/ro\/wp-json\/wp\/v2\/product_brand?post=462867"},{"taxonomy":"product_cat","embeddable":true,"href":"https:\/\/shopatoa.com\/ro\/wp-json\/wp\/v2\/product_cat?post=462867"},{"taxonomy":"product_tag","embeddable":true,"href":"https:\/\/shopatoa.com\/ro\/wp-json\/wp\/v2\/product_tag?post=462867"}],"curies":[{"name":"wp","href":"https:\/\/api.w.org\/{rel}","templated":true}]}}