{"id":463106,"date":"2025-06-27T18:04:08","date_gmt":"2025-06-27T16:04:08","guid":{"rendered":"https:\/\/shopatoa.com\/ro\/rio-decolite-masca-regeneratoare-decolteul-si-bustul-1-buc\/"},"modified":"2025-06-27T18:04:15","modified_gmt":"2025-06-27T16:04:15","slug":"rio-decolite-masca-regeneratoare-decolteul-si-bustul-1-buc","status":"publish","type":"product","link":"https:\/\/shopatoa.com\/ro\/rio-decolite-masca-regeneratoare-decolteul-si-bustul-1-buc\/","title":{"rendered":"RIO Decolite Masca regeneratoare decolteul si bustul 1 buc"},"content":{"rendered":"<p>RIO Decolite, 1 buc, M\u0103\u0219ti LED pentru femei, Sim\u021bi\u021bi c\u0103 pielea dvs. are nevoie de ceva \u00een plus fa\u021b\u0103 de \u00eengrijirea oferir\u0103 de lo\u021biune, crem\u0103 sau exfoliant? Masca de corp RIO Decolite v\u0103 va \u00eembog\u0103\u021bi \u0219i v\u0103 va completa rutina zilnic\u0103 de \u00eengrijire a corpului \u2013 va oferi pielii o doz\u0103 suplimentar\u0103 de nutri\u021bie, va favoriza regenerarea ei \u0219i o va l\u0103sa mai neted\u0103. R\u0103sf\u0103\u021ba\u021bi-v\u0103 cu o \u0219edin\u021b\u0103 spa perfect\u0103, chiar \u00een confortul de acas\u0103.  Caracteristici:  \u00eent\u0103re\u0219te \u0219i tonific\u0103 intens pielea regenereaz\u0103 \u0219i \u00eenmoaie pielea neteze\u0219te \u0219i tensioneaz\u0103 pielea hr\u0103ne\u0219te \u0219i hidrateaz\u0103  Cum se utilizeaz\u0103: Se va proceda conform instruc\u021biunilor de pe ambalaj.<\/p>\n","protected":false},"excerpt":{"rendered":"<p>RIO Decolite, 1 buc, M\u0103\u0219ti LED pentru femei, Sim\u021bi\u021bi c\u0103 pielea dvs. are nevoie de ceva \u00een plus fa\u021b\u0103 de \u00eengrijirea oferir\u0103 de lo\u021biune, crem\u0103 sau exfoliant? Masca de corp RIO Decolite v\u0103 va \u00eembog\u0103\u021bi \u0219i v\u0103 va completa rutina zilnic\u0103 de \u00eengrijire a corpului \u2013 va oferi pielii o doz\u0103 suplimentar\u0103 de nutri\u021bie, va&#8230;<\/p>\n","protected":false},"featured_media":463107,"comment_status":"closed","ping_status":"open","template":"","meta":{"_acf_changed":false,"_kadence_starter_templates_imported_post":false,"_kad_post_transparent":"","_kad_post_title":"","_kad_post_layout":"","_kad_post_sidebar_id":"","_kad_post_content_style":"","_kad_post_vertical_padding":"","_kad_post_feature":"","_kad_post_feature_position":"","_kad_post_header":false,"_kad_post_footer":false,"_kad_post_classname":""},"product_brand":[2361],"product_cat":[1564,3942,1563,1565,1562,3943],"product_tag":[],"class_list":{"0":"post-463106","1":"product","2":"type-product","3":"status-publish","4":"has-post-thumbnail","6":"product_brand-rio","7":"product_cat-cosmetice-ingrijire-personala","8":"product_cat-electronice-ingrijirea-pielii","9":"product_cat-ingrijire-personala","10":"product_cat-ingrijirea-pielii","11":"product_cat-sanatate-si-frumusete","12":"product_cat-terapia-cu-lumina","13":"pa_gen-female","14":"pa_marime-1-buc","16":"first","17":"instock","18":"sale","19":"product-type-external","20":"entry","21":"content-bg","22":"loop-entry"},"acf":[],"yoast_head":"<!-- This site is optimized with the Yoast SEO plugin v27.4 - https:\/\/yoast.com\/product\/yoast-seo-wordpress\/ -->\n<title>RIO Decolite Masca regeneratoare decolteul si bustul 1 buc - SHOPATOA.COM<\/title>\n<meta name=\"robots\" content=\"index, follow, max-snippet:-1, max-image-preview:large, max-video-preview:-1\" \/>\n<link rel=\"canonical\" href=\"https:\/\/shopatoa.com\/ro\/rio-decolite-masca-regeneratoare-decolteul-si-bustul-1-buc\/\" \/>\n<meta property=\"og:locale\" content=\"ro_RO\" \/>\n<meta property=\"og:type\" content=\"article\" \/>\n<meta property=\"og:title\" content=\"RIO Decolite Masca regeneratoare decolteul si bustul 1 buc - SHOPATOA.COM\" \/>\n<meta property=\"og:description\" content=\"RIO Decolite, 1 buc, M\u0103\u0219ti LED pentru femei, Sim\u021bi\u021bi c\u0103 pielea dvs. are nevoie de ceva \u00een plus fa\u021b\u0103 de \u00eengrijirea oferir\u0103 de lo\u021biune, crem\u0103 sau exfoliant? Masca de corp RIO Decolite v\u0103 va \u00eembog\u0103\u021bi \u0219i v\u0103 va completa rutina zilnic\u0103 de \u00eengrijire a corpului \u2013 va oferi pielii o doz\u0103 suplimentar\u0103 de nutri\u021bie, va...\" \/>\n<meta property=\"og:url\" content=\"https:\/\/shopatoa.com\/ro\/rio-decolite-masca-regeneratoare-decolteul-si-bustul-1-buc\/\" \/>\n<meta property=\"og:site_name\" content=\"SHOPATOA\" \/>\n<meta property=\"article:modified_time\" content=\"2025-06-27T16:04:15+00:00\" \/>\n<meta property=\"og:image\" content=\"https:\/\/storage.googleapis.com\/cz-shopatoa-img\/ro\/c5751eaa-unnamed-file.webp\" \/>\n\t<meta property=\"og:image:width\" content=\"800\" \/>\n\t<meta property=\"og:image:height\" content=\"800\" \/>\n\t<meta property=\"og:image:type\" content=\"image\/webp\" \/>\n<meta name=\"twitter:card\" content=\"summary_large_image\" \/>\n<meta name=\"twitter:label1\" content=\"Timp estimat pentru citire\" \/>\n\t<meta name=\"twitter:data1\" content=\"1 minut\" \/>\n<script type=\"application\/ld+json\" class=\"yoast-schema-graph\">{\"@context\":\"https:\\\/\\\/schema.org\",\"@graph\":[{\"@type\":\"WebPage\",\"@id\":\"https:\\\/\\\/shopatoa.com\\\/ro\\\/rio-decolite-masca-regeneratoare-decolteul-si-bustul-1-buc\\\/\",\"url\":\"https:\\\/\\\/shopatoa.com\\\/ro\\\/rio-decolite-masca-regeneratoare-decolteul-si-bustul-1-buc\\\/\",\"name\":\"RIO Decolite Masca regeneratoare decolteul si bustul 1 buc - SHOPATOA.COM\",\"isPartOf\":{\"@id\":\"https:\\\/\\\/shopatoa.com\\\/ro\\\/#website\"},\"primaryImageOfPage\":{\"@id\":\"https:\\\/\\\/shopatoa.com\\\/ro\\\/rio-decolite-masca-regeneratoare-decolteul-si-bustul-1-buc\\\/#primaryimage\"},\"image\":{\"@id\":\"https:\\\/\\\/shopatoa.com\\\/ro\\\/rio-decolite-masca-regeneratoare-decolteul-si-bustul-1-buc\\\/#primaryimage\"},\"thumbnailUrl\":\"https:\\\/\\\/storage.googleapis.com\\\/cz-shopatoa-img\\\/ro\\\/c5751eaa-unnamed-file.webp\",\"datePublished\":\"2025-06-27T16:04:08+00:00\",\"dateModified\":\"2025-06-27T16:04:15+00:00\",\"breadcrumb\":{\"@id\":\"https:\\\/\\\/shopatoa.com\\\/ro\\\/rio-decolite-masca-regeneratoare-decolteul-si-bustul-1-buc\\\/#breadcrumb\"},\"inLanguage\":\"ro-RO\",\"potentialAction\":[{\"@type\":\"ReadAction\",\"target\":[\"https:\\\/\\\/shopatoa.com\\\/ro\\\/rio-decolite-masca-regeneratoare-decolteul-si-bustul-1-buc\\\/\"]}]},{\"@type\":\"ImageObject\",\"inLanguage\":\"ro-RO\",\"@id\":\"https:\\\/\\\/shopatoa.com\\\/ro\\\/rio-decolite-masca-regeneratoare-decolteul-si-bustul-1-buc\\\/#primaryimage\",\"url\":\"https:\\\/\\\/storage.googleapis.com\\\/cz-shopatoa-img\\\/ro\\\/c5751eaa-unnamed-file.webp\",\"contentUrl\":\"https:\\\/\\\/storage.googleapis.com\\\/cz-shopatoa-img\\\/ro\\\/c5751eaa-unnamed-file.webp\",\"width\":800,\"height\":800},{\"@type\":\"BreadcrumbList\",\"@id\":\"https:\\\/\\\/shopatoa.com\\\/ro\\\/rio-decolite-masca-regeneratoare-decolteul-si-bustul-1-buc\\\/#breadcrumb\",\"itemListElement\":[{\"@type\":\"ListItem\",\"position\":1,\"name\":\"Dom\u016f\",\"item\":\"https:\\\/\\\/shopatoa.com\\\/ro\\\/\"},{\"@type\":\"ListItem\",\"position\":2,\"name\":\"Shop\",\"item\":\"https:\\\/\\\/shopatoa.com\\\/ro\\\/shop\\\/\"},{\"@type\":\"ListItem\",\"position\":3,\"name\":\"RIO Decolite Masca regeneratoare decolteul si bustul 1 buc\"}]},{\"@type\":\"WebSite\",\"@id\":\"https:\\\/\\\/shopatoa.com\\\/ro\\\/#website\",\"url\":\"https:\\\/\\\/shopatoa.com\\\/ro\\\/\",\"name\":\"SHOPATOA\",\"description\":\"\",\"publisher\":{\"@id\":\"https:\\\/\\\/shopatoa.com\\\/ro\\\/#organization\"},\"potentialAction\":[{\"@type\":\"SearchAction\",\"target\":{\"@type\":\"EntryPoint\",\"urlTemplate\":\"https:\\\/\\\/shopatoa.com\\\/ro\\\/?s={search_term_string}\"},\"query-input\":{\"@type\":\"PropertyValueSpecification\",\"valueRequired\":true,\"valueName\":\"search_term_string\"}}],\"inLanguage\":\"ro-RO\"},{\"@type\":\"Organization\",\"@id\":\"https:\\\/\\\/shopatoa.com\\\/ro\\\/#organization\",\"name\":\"SHOPATOA\",\"url\":\"https:\\\/\\\/shopatoa.com\\\/ro\\\/\",\"logo\":{\"@type\":\"ImageObject\",\"inLanguage\":\"ro-RO\",\"@id\":\"https:\\\/\\\/shopatoa.com\\\/ro\\\/#\\\/schema\\\/logo\\\/image\\\/\",\"url\":\"https:\\\/\\\/storage.googleapis.com\\\/cz-shopatoa-img\\\/ro\\\/b4dac915-shopatoa_logo.png\",\"contentUrl\":\"https:\\\/\\\/storage.googleapis.com\\\/cz-shopatoa-img\\\/ro\\\/b4dac915-shopatoa_logo.png\",\"width\":416,\"height\":63,\"caption\":\"SHOPATOA\"},\"image\":{\"@id\":\"https:\\\/\\\/shopatoa.com\\\/ro\\\/#\\\/schema\\\/logo\\\/image\\\/\"}}]}<\/script>\n<!-- \/ Yoast SEO plugin. -->","yoast_head_json":{"title":"RIO Decolite Masca regeneratoare decolteul si bustul 1 buc - SHOPATOA.COM","robots":{"index":"index","follow":"follow","max-snippet":"max-snippet:-1","max-image-preview":"max-image-preview:large","max-video-preview":"max-video-preview:-1"},"canonical":"https:\/\/shopatoa.com\/ro\/rio-decolite-masca-regeneratoare-decolteul-si-bustul-1-buc\/","og_locale":"ro_RO","og_type":"article","og_title":"RIO Decolite Masca regeneratoare decolteul si bustul 1 buc - SHOPATOA.COM","og_description":"RIO Decolite, 1 buc, M\u0103\u0219ti LED pentru femei, Sim\u021bi\u021bi c\u0103 pielea dvs. are nevoie de ceva \u00een plus fa\u021b\u0103 de \u00eengrijirea oferir\u0103 de lo\u021biune, crem\u0103 sau exfoliant? Masca de corp RIO Decolite v\u0103 va \u00eembog\u0103\u021bi \u0219i v\u0103 va completa rutina zilnic\u0103 de \u00eengrijire a corpului \u2013 va oferi pielii o doz\u0103 suplimentar\u0103 de nutri\u021bie, va...","og_url":"https:\/\/shopatoa.com\/ro\/rio-decolite-masca-regeneratoare-decolteul-si-bustul-1-buc\/","og_site_name":"SHOPATOA","article_modified_time":"2025-06-27T16:04:15+00:00","og_image":[{"width":800,"height":800,"url":"https:\/\/storage.googleapis.com\/cz-shopatoa-img\/ro\/c5751eaa-unnamed-file.webp","type":"image\/webp"}],"twitter_card":"summary_large_image","twitter_misc":{"Timp estimat pentru citire":"1 minut"},"schema":{"@context":"https:\/\/schema.org","@graph":[{"@type":"WebPage","@id":"https:\/\/shopatoa.com\/ro\/rio-decolite-masca-regeneratoare-decolteul-si-bustul-1-buc\/","url":"https:\/\/shopatoa.com\/ro\/rio-decolite-masca-regeneratoare-decolteul-si-bustul-1-buc\/","name":"RIO Decolite Masca regeneratoare decolteul si bustul 1 buc - SHOPATOA.COM","isPartOf":{"@id":"https:\/\/shopatoa.com\/ro\/#website"},"primaryImageOfPage":{"@id":"https:\/\/shopatoa.com\/ro\/rio-decolite-masca-regeneratoare-decolteul-si-bustul-1-buc\/#primaryimage"},"image":{"@id":"https:\/\/shopatoa.com\/ro\/rio-decolite-masca-regeneratoare-decolteul-si-bustul-1-buc\/#primaryimage"},"thumbnailUrl":"https:\/\/storage.googleapis.com\/cz-shopatoa-img\/ro\/c5751eaa-unnamed-file.webp","datePublished":"2025-06-27T16:04:08+00:00","dateModified":"2025-06-27T16:04:15+00:00","breadcrumb":{"@id":"https:\/\/shopatoa.com\/ro\/rio-decolite-masca-regeneratoare-decolteul-si-bustul-1-buc\/#breadcrumb"},"inLanguage":"ro-RO","potentialAction":[{"@type":"ReadAction","target":["https:\/\/shopatoa.com\/ro\/rio-decolite-masca-regeneratoare-decolteul-si-bustul-1-buc\/"]}]},{"@type":"ImageObject","inLanguage":"ro-RO","@id":"https:\/\/shopatoa.com\/ro\/rio-decolite-masca-regeneratoare-decolteul-si-bustul-1-buc\/#primaryimage","url":"https:\/\/storage.googleapis.com\/cz-shopatoa-img\/ro\/c5751eaa-unnamed-file.webp","contentUrl":"https:\/\/storage.googleapis.com\/cz-shopatoa-img\/ro\/c5751eaa-unnamed-file.webp","width":800,"height":800},{"@type":"BreadcrumbList","@id":"https:\/\/shopatoa.com\/ro\/rio-decolite-masca-regeneratoare-decolteul-si-bustul-1-buc\/#breadcrumb","itemListElement":[{"@type":"ListItem","position":1,"name":"Dom\u016f","item":"https:\/\/shopatoa.com\/ro\/"},{"@type":"ListItem","position":2,"name":"Shop","item":"https:\/\/shopatoa.com\/ro\/shop\/"},{"@type":"ListItem","position":3,"name":"RIO Decolite Masca regeneratoare decolteul si bustul 1 buc"}]},{"@type":"WebSite","@id":"https:\/\/shopatoa.com\/ro\/#website","url":"https:\/\/shopatoa.com\/ro\/","name":"SHOPATOA","description":"","publisher":{"@id":"https:\/\/shopatoa.com\/ro\/#organization"},"potentialAction":[{"@type":"SearchAction","target":{"@type":"EntryPoint","urlTemplate":"https:\/\/shopatoa.com\/ro\/?s={search_term_string}"},"query-input":{"@type":"PropertyValueSpecification","valueRequired":true,"valueName":"search_term_string"}}],"inLanguage":"ro-RO"},{"@type":"Organization","@id":"https:\/\/shopatoa.com\/ro\/#organization","name":"SHOPATOA","url":"https:\/\/shopatoa.com\/ro\/","logo":{"@type":"ImageObject","inLanguage":"ro-RO","@id":"https:\/\/shopatoa.com\/ro\/#\/schema\/logo\/image\/","url":"https:\/\/storage.googleapis.com\/cz-shopatoa-img\/ro\/b4dac915-shopatoa_logo.png","contentUrl":"https:\/\/storage.googleapis.com\/cz-shopatoa-img\/ro\/b4dac915-shopatoa_logo.png","width":416,"height":63,"caption":"SHOPATOA"},"image":{"@id":"https:\/\/shopatoa.com\/ro\/#\/schema\/logo\/image\/"}}]}},"_links":{"self":[{"href":"https:\/\/shopatoa.com\/ro\/wp-json\/wp\/v2\/product\/463106","targetHints":{"allow":["GET"]}}],"collection":[{"href":"https:\/\/shopatoa.com\/ro\/wp-json\/wp\/v2\/product"}],"about":[{"href":"https:\/\/shopatoa.com\/ro\/wp-json\/wp\/v2\/types\/product"}],"replies":[{"embeddable":true,"href":"https:\/\/shopatoa.com\/ro\/wp-json\/wp\/v2\/comments?post=463106"}],"wp:featuredmedia":[{"embeddable":true,"href":"https:\/\/shopatoa.com\/ro\/wp-json\/wp\/v2\/media\/463107"}],"wp:attachment":[{"href":"https:\/\/shopatoa.com\/ro\/wp-json\/wp\/v2\/media?parent=463106"}],"wp:term":[{"taxonomy":"product_brand","embeddable":true,"href":"https:\/\/shopatoa.com\/ro\/wp-json\/wp\/v2\/product_brand?post=463106"},{"taxonomy":"product_cat","embeddable":true,"href":"https:\/\/shopatoa.com\/ro\/wp-json\/wp\/v2\/product_cat?post=463106"},{"taxonomy":"product_tag","embeddable":true,"href":"https:\/\/shopatoa.com\/ro\/wp-json\/wp\/v2\/product_tag?post=463106"}],"curies":[{"name":"wp","href":"https:\/\/api.w.org\/{rel}","templated":true}]}}