{"id":463602,"date":"2025-06-27T18:55:20","date_gmt":"2025-06-27T16:55:20","guid":{"rendered":"https:\/\/shopatoa.com\/ro\/taf-toys-easier-outdoors-garden-carusel-pentru-carucior-1-buc\/"},"modified":"2025-06-27T18:56:21","modified_gmt":"2025-06-27T16:56:21","slug":"taf-toys-easier-outdoors-garden-carusel-pentru-carucior-1-buc","status":"publish","type":"product","link":"https:\/\/shopatoa.com\/ro\/taf-toys-easier-outdoors-garden-carusel-pentru-carucior-1-buc\/","title":{"rendered":"Taf Toys Easier Outdoors Garden carusel pentru c\u0103rucior 1 buc"},"content":{"rendered":"<p>Taf Toys Easier Outdoors Garden, 1 buc, Juc\u0103rii suspendabile pentru copii, Juc\u0103riile reprezint\u0103 un mod ideal de a-i distra pe cei mici. Juc\u0103ria Taf Toys Easier Outdoors Garden nu numai c\u0103 v\u0103 amuz\u0103 copilul, ci favorizeaz\u0103 \u0219i dezvoltarea percep\u021biei senzoriale \u0219i a altor abilit\u0103\u021bi ale acestuia.  Caracteristici:  materialele cu diverse texturi stimuleaz\u0103 sim\u021bul tactil al copilului juc\u0103ria pentru denti\u021bie calmeaz\u0103 gingiile copilului, pe parcursul erup\u021biei dentare culorile senzoriale stimuleaz\u0103 dezvoltarea sim\u021burilor copilului se poate prinde de c\u0103rucior, de scaunul din ma\u0219in\u0103 sau de p\u0103tu\u021b poate servi ca decora\u021bie \u00een camera copilului dezvolt\u0103 abilit\u0103\u021bile bebelu\u0219ului de a-\u0219i concentra aten\u021bia stimuleaz\u0103 dezvoltarea sim\u021burilor vizual \u0219i tactil calmeaz\u0103 bebelu\u0219ul \u0219i-i dezvolt\u0103 sim\u021bul auditiv u\u0219oar\u0103 \u0219i practic\u0103, ideal\u0103 pentru c\u0103l\u0103torii juc\u0103rie potrivit\u0103 \u0219i pentru nou-n\u0103scu\u021bi<\/p>\n","protected":false},"excerpt":{"rendered":"<p>Taf Toys Easier Outdoors Garden, 1 buc, Juc\u0103rii suspendabile pentru copii, Juc\u0103riile reprezint\u0103 un mod ideal de a-i distra pe cei mici. Juc\u0103ria Taf Toys Easier Outdoors Garden nu numai c\u0103 v\u0103 amuz\u0103 copilul, ci favorizeaz\u0103 \u0219i dezvoltarea percep\u021biei senzoriale \u0219i a altor abilit\u0103\u021bi ale acestuia. Caracteristici: materialele cu diverse texturi stimuleaz\u0103 sim\u021bul tactil al&#8230;<\/p>\n","protected":false},"featured_media":463603,"comment_status":"closed","ping_status":"open","template":"","meta":{"_acf_changed":false,"_kadence_starter_templates_imported_post":false,"_kad_post_transparent":"","_kad_post_title":"","_kad_post_layout":"","_kad_post_sidebar_id":"","_kad_post_content_style":"","_kad_post_vertical_padding":"","_kad_post_feature":"","_kad_post_feature_position":"","_kad_post_header":false,"_kad_post_footer":false,"_kad_post_classname":""},"product_brand":[3605],"product_cat":[3893,3894,3962],"product_tag":[],"class_list":{"0":"post-463602","1":"product","2":"type-product","3":"status-publish","4":"has-post-thumbnail","6":"product_brand-taf-toys","7":"product_cat-copii-si-sugari","8":"product_cat-jucarii-pentru-copii","9":"product_cat-jucarii-suspendate","10":"pa_gen-unisex","11":"pa_marime-1-buc","13":"first","14":"instock","15":"sale","16":"product-type-external","17":"entry","18":"content-bg","19":"loop-entry"},"acf":[],"yoast_head":"<!-- This site is optimized with the Yoast SEO plugin v27.4 - https:\/\/yoast.com\/product\/yoast-seo-wordpress\/ -->\n<title>Taf Toys Easier Outdoors Garden carusel pentru c\u0103rucior 1 buc - SHOPATOA.COM<\/title>\n<meta name=\"robots\" content=\"index, follow, max-snippet:-1, max-image-preview:large, max-video-preview:-1\" \/>\n<link rel=\"canonical\" href=\"https:\/\/shopatoa.com\/ro\/taf-toys-easier-outdoors-garden-carusel-pentru-carucior-1-buc\/\" \/>\n<meta property=\"og:locale\" content=\"ro_RO\" \/>\n<meta property=\"og:type\" content=\"article\" \/>\n<meta property=\"og:title\" content=\"Taf Toys Easier Outdoors Garden carusel pentru c\u0103rucior 1 buc - SHOPATOA.COM\" \/>\n<meta property=\"og:description\" content=\"Taf Toys Easier Outdoors Garden, 1 buc, Juc\u0103rii suspendabile pentru copii, Juc\u0103riile reprezint\u0103 un mod ideal de a-i distra pe cei mici. Juc\u0103ria Taf Toys Easier Outdoors Garden nu numai c\u0103 v\u0103 amuz\u0103 copilul, ci favorizeaz\u0103 \u0219i dezvoltarea percep\u021biei senzoriale \u0219i a altor abilit\u0103\u021bi ale acestuia. Caracteristici: materialele cu diverse texturi stimuleaz\u0103 sim\u021bul tactil al...\" \/>\n<meta property=\"og:url\" content=\"https:\/\/shopatoa.com\/ro\/taf-toys-easier-outdoors-garden-carusel-pentru-carucior-1-buc\/\" \/>\n<meta property=\"og:site_name\" content=\"SHOPATOA\" \/>\n<meta property=\"article:modified_time\" content=\"2025-06-27T16:56:21+00:00\" \/>\n<meta property=\"og:image\" content=\"https:\/\/storage.googleapis.com\/cz-shopatoa-img\/ro\/1bd4f48b-unnamed-file.webp\" \/>\n\t<meta property=\"og:image:width\" content=\"800\" \/>\n\t<meta property=\"og:image:height\" content=\"800\" \/>\n\t<meta property=\"og:image:type\" content=\"image\/webp\" \/>\n<meta name=\"twitter:card\" content=\"summary_large_image\" \/>\n<meta name=\"twitter:label1\" content=\"Timp estimat pentru citire\" \/>\n\t<meta name=\"twitter:data1\" content=\"1 minut\" \/>\n<script type=\"application\/ld+json\" class=\"yoast-schema-graph\">{\"@context\":\"https:\\\/\\\/schema.org\",\"@graph\":[{\"@type\":\"WebPage\",\"@id\":\"https:\\\/\\\/shopatoa.com\\\/ro\\\/taf-toys-easier-outdoors-garden-carusel-pentru-carucior-1-buc\\\/\",\"url\":\"https:\\\/\\\/shopatoa.com\\\/ro\\\/taf-toys-easier-outdoors-garden-carusel-pentru-carucior-1-buc\\\/\",\"name\":\"Taf Toys Easier Outdoors Garden carusel pentru c\u0103rucior 1 buc - SHOPATOA.COM\",\"isPartOf\":{\"@id\":\"https:\\\/\\\/shopatoa.com\\\/ro\\\/#website\"},\"primaryImageOfPage\":{\"@id\":\"https:\\\/\\\/shopatoa.com\\\/ro\\\/taf-toys-easier-outdoors-garden-carusel-pentru-carucior-1-buc\\\/#primaryimage\"},\"image\":{\"@id\":\"https:\\\/\\\/shopatoa.com\\\/ro\\\/taf-toys-easier-outdoors-garden-carusel-pentru-carucior-1-buc\\\/#primaryimage\"},\"thumbnailUrl\":\"https:\\\/\\\/storage.googleapis.com\\\/cz-shopatoa-img\\\/ro\\\/1bd4f48b-unnamed-file.webp\",\"datePublished\":\"2025-06-27T16:55:20+00:00\",\"dateModified\":\"2025-06-27T16:56:21+00:00\",\"breadcrumb\":{\"@id\":\"https:\\\/\\\/shopatoa.com\\\/ro\\\/taf-toys-easier-outdoors-garden-carusel-pentru-carucior-1-buc\\\/#breadcrumb\"},\"inLanguage\":\"ro-RO\",\"potentialAction\":[{\"@type\":\"ReadAction\",\"target\":[\"https:\\\/\\\/shopatoa.com\\\/ro\\\/taf-toys-easier-outdoors-garden-carusel-pentru-carucior-1-buc\\\/\"]}]},{\"@type\":\"ImageObject\",\"inLanguage\":\"ro-RO\",\"@id\":\"https:\\\/\\\/shopatoa.com\\\/ro\\\/taf-toys-easier-outdoors-garden-carusel-pentru-carucior-1-buc\\\/#primaryimage\",\"url\":\"https:\\\/\\\/storage.googleapis.com\\\/cz-shopatoa-img\\\/ro\\\/1bd4f48b-unnamed-file.webp\",\"contentUrl\":\"https:\\\/\\\/storage.googleapis.com\\\/cz-shopatoa-img\\\/ro\\\/1bd4f48b-unnamed-file.webp\",\"width\":800,\"height\":800},{\"@type\":\"BreadcrumbList\",\"@id\":\"https:\\\/\\\/shopatoa.com\\\/ro\\\/taf-toys-easier-outdoors-garden-carusel-pentru-carucior-1-buc\\\/#breadcrumb\",\"itemListElement\":[{\"@type\":\"ListItem\",\"position\":1,\"name\":\"Dom\u016f\",\"item\":\"https:\\\/\\\/shopatoa.com\\\/ro\\\/\"},{\"@type\":\"ListItem\",\"position\":2,\"name\":\"Shop\",\"item\":\"https:\\\/\\\/shopatoa.com\\\/ro\\\/shop\\\/\"},{\"@type\":\"ListItem\",\"position\":3,\"name\":\"Taf Toys Easier Outdoors Garden carusel pentru c\u0103rucior 1 buc\"}]},{\"@type\":\"WebSite\",\"@id\":\"https:\\\/\\\/shopatoa.com\\\/ro\\\/#website\",\"url\":\"https:\\\/\\\/shopatoa.com\\\/ro\\\/\",\"name\":\"SHOPATOA\",\"description\":\"\",\"publisher\":{\"@id\":\"https:\\\/\\\/shopatoa.com\\\/ro\\\/#organization\"},\"potentialAction\":[{\"@type\":\"SearchAction\",\"target\":{\"@type\":\"EntryPoint\",\"urlTemplate\":\"https:\\\/\\\/shopatoa.com\\\/ro\\\/?s={search_term_string}\"},\"query-input\":{\"@type\":\"PropertyValueSpecification\",\"valueRequired\":true,\"valueName\":\"search_term_string\"}}],\"inLanguage\":\"ro-RO\"},{\"@type\":\"Organization\",\"@id\":\"https:\\\/\\\/shopatoa.com\\\/ro\\\/#organization\",\"name\":\"SHOPATOA\",\"url\":\"https:\\\/\\\/shopatoa.com\\\/ro\\\/\",\"logo\":{\"@type\":\"ImageObject\",\"inLanguage\":\"ro-RO\",\"@id\":\"https:\\\/\\\/shopatoa.com\\\/ro\\\/#\\\/schema\\\/logo\\\/image\\\/\",\"url\":\"https:\\\/\\\/storage.googleapis.com\\\/cz-shopatoa-img\\\/ro\\\/b4dac915-shopatoa_logo.png\",\"contentUrl\":\"https:\\\/\\\/storage.googleapis.com\\\/cz-shopatoa-img\\\/ro\\\/b4dac915-shopatoa_logo.png\",\"width\":416,\"height\":63,\"caption\":\"SHOPATOA\"},\"image\":{\"@id\":\"https:\\\/\\\/shopatoa.com\\\/ro\\\/#\\\/schema\\\/logo\\\/image\\\/\"}}]}<\/script>\n<!-- \/ Yoast SEO plugin. -->","yoast_head_json":{"title":"Taf Toys Easier Outdoors Garden carusel pentru c\u0103rucior 1 buc - SHOPATOA.COM","robots":{"index":"index","follow":"follow","max-snippet":"max-snippet:-1","max-image-preview":"max-image-preview:large","max-video-preview":"max-video-preview:-1"},"canonical":"https:\/\/shopatoa.com\/ro\/taf-toys-easier-outdoors-garden-carusel-pentru-carucior-1-buc\/","og_locale":"ro_RO","og_type":"article","og_title":"Taf Toys Easier Outdoors Garden carusel pentru c\u0103rucior 1 buc - SHOPATOA.COM","og_description":"Taf Toys Easier Outdoors Garden, 1 buc, Juc\u0103rii suspendabile pentru copii, Juc\u0103riile reprezint\u0103 un mod ideal de a-i distra pe cei mici. Juc\u0103ria Taf Toys Easier Outdoors Garden nu numai c\u0103 v\u0103 amuz\u0103 copilul, ci favorizeaz\u0103 \u0219i dezvoltarea percep\u021biei senzoriale \u0219i a altor abilit\u0103\u021bi ale acestuia. Caracteristici: materialele cu diverse texturi stimuleaz\u0103 sim\u021bul tactil al...","og_url":"https:\/\/shopatoa.com\/ro\/taf-toys-easier-outdoors-garden-carusel-pentru-carucior-1-buc\/","og_site_name":"SHOPATOA","article_modified_time":"2025-06-27T16:56:21+00:00","og_image":[{"width":800,"height":800,"url":"https:\/\/storage.googleapis.com\/cz-shopatoa-img\/ro\/1bd4f48b-unnamed-file.webp","type":"image\/webp"}],"twitter_card":"summary_large_image","twitter_misc":{"Timp estimat pentru citire":"1 minut"},"schema":{"@context":"https:\/\/schema.org","@graph":[{"@type":"WebPage","@id":"https:\/\/shopatoa.com\/ro\/taf-toys-easier-outdoors-garden-carusel-pentru-carucior-1-buc\/","url":"https:\/\/shopatoa.com\/ro\/taf-toys-easier-outdoors-garden-carusel-pentru-carucior-1-buc\/","name":"Taf Toys Easier Outdoors Garden carusel pentru c\u0103rucior 1 buc - SHOPATOA.COM","isPartOf":{"@id":"https:\/\/shopatoa.com\/ro\/#website"},"primaryImageOfPage":{"@id":"https:\/\/shopatoa.com\/ro\/taf-toys-easier-outdoors-garden-carusel-pentru-carucior-1-buc\/#primaryimage"},"image":{"@id":"https:\/\/shopatoa.com\/ro\/taf-toys-easier-outdoors-garden-carusel-pentru-carucior-1-buc\/#primaryimage"},"thumbnailUrl":"https:\/\/storage.googleapis.com\/cz-shopatoa-img\/ro\/1bd4f48b-unnamed-file.webp","datePublished":"2025-06-27T16:55:20+00:00","dateModified":"2025-06-27T16:56:21+00:00","breadcrumb":{"@id":"https:\/\/shopatoa.com\/ro\/taf-toys-easier-outdoors-garden-carusel-pentru-carucior-1-buc\/#breadcrumb"},"inLanguage":"ro-RO","potentialAction":[{"@type":"ReadAction","target":["https:\/\/shopatoa.com\/ro\/taf-toys-easier-outdoors-garden-carusel-pentru-carucior-1-buc\/"]}]},{"@type":"ImageObject","inLanguage":"ro-RO","@id":"https:\/\/shopatoa.com\/ro\/taf-toys-easier-outdoors-garden-carusel-pentru-carucior-1-buc\/#primaryimage","url":"https:\/\/storage.googleapis.com\/cz-shopatoa-img\/ro\/1bd4f48b-unnamed-file.webp","contentUrl":"https:\/\/storage.googleapis.com\/cz-shopatoa-img\/ro\/1bd4f48b-unnamed-file.webp","width":800,"height":800},{"@type":"BreadcrumbList","@id":"https:\/\/shopatoa.com\/ro\/taf-toys-easier-outdoors-garden-carusel-pentru-carucior-1-buc\/#breadcrumb","itemListElement":[{"@type":"ListItem","position":1,"name":"Dom\u016f","item":"https:\/\/shopatoa.com\/ro\/"},{"@type":"ListItem","position":2,"name":"Shop","item":"https:\/\/shopatoa.com\/ro\/shop\/"},{"@type":"ListItem","position":3,"name":"Taf Toys Easier Outdoors Garden carusel pentru c\u0103rucior 1 buc"}]},{"@type":"WebSite","@id":"https:\/\/shopatoa.com\/ro\/#website","url":"https:\/\/shopatoa.com\/ro\/","name":"SHOPATOA","description":"","publisher":{"@id":"https:\/\/shopatoa.com\/ro\/#organization"},"potentialAction":[{"@type":"SearchAction","target":{"@type":"EntryPoint","urlTemplate":"https:\/\/shopatoa.com\/ro\/?s={search_term_string}"},"query-input":{"@type":"PropertyValueSpecification","valueRequired":true,"valueName":"search_term_string"}}],"inLanguage":"ro-RO"},{"@type":"Organization","@id":"https:\/\/shopatoa.com\/ro\/#organization","name":"SHOPATOA","url":"https:\/\/shopatoa.com\/ro\/","logo":{"@type":"ImageObject","inLanguage":"ro-RO","@id":"https:\/\/shopatoa.com\/ro\/#\/schema\/logo\/image\/","url":"https:\/\/storage.googleapis.com\/cz-shopatoa-img\/ro\/b4dac915-shopatoa_logo.png","contentUrl":"https:\/\/storage.googleapis.com\/cz-shopatoa-img\/ro\/b4dac915-shopatoa_logo.png","width":416,"height":63,"caption":"SHOPATOA"},"image":{"@id":"https:\/\/shopatoa.com\/ro\/#\/schema\/logo\/image\/"}}]}},"_links":{"self":[{"href":"https:\/\/shopatoa.com\/ro\/wp-json\/wp\/v2\/product\/463602","targetHints":{"allow":["GET"]}}],"collection":[{"href":"https:\/\/shopatoa.com\/ro\/wp-json\/wp\/v2\/product"}],"about":[{"href":"https:\/\/shopatoa.com\/ro\/wp-json\/wp\/v2\/types\/product"}],"replies":[{"embeddable":true,"href":"https:\/\/shopatoa.com\/ro\/wp-json\/wp\/v2\/comments?post=463602"}],"wp:featuredmedia":[{"embeddable":true,"href":"https:\/\/shopatoa.com\/ro\/wp-json\/wp\/v2\/media\/463603"}],"wp:attachment":[{"href":"https:\/\/shopatoa.com\/ro\/wp-json\/wp\/v2\/media?parent=463602"}],"wp:term":[{"taxonomy":"product_brand","embeddable":true,"href":"https:\/\/shopatoa.com\/ro\/wp-json\/wp\/v2\/product_brand?post=463602"},{"taxonomy":"product_cat","embeddable":true,"href":"https:\/\/shopatoa.com\/ro\/wp-json\/wp\/v2\/product_cat?post=463602"},{"taxonomy":"product_tag","embeddable":true,"href":"https:\/\/shopatoa.com\/ro\/wp-json\/wp\/v2\/product_tag?post=463602"}],"curies":[{"name":"wp","href":"https:\/\/api.w.org\/{rel}","templated":true}]}}