{"id":463664,"date":"2025-06-27T19:01:59","date_gmt":"2025-06-27T17:01:59","guid":{"rendered":"https:\/\/shopatoa.com\/ro\/small-foot-picture-book-underwater-carte-cu-imagini-12m-1-buc\/"},"modified":"2025-06-27T19:02:50","modified_gmt":"2025-06-27T17:02:50","slug":"small-foot-picture-book-underwater-carte-cu-imagini-12m-1-buc","status":"publish","type":"product","link":"https:\/\/shopatoa.com\/ro\/small-foot-picture-book-underwater-carte-cu-imagini-12m-1-buc\/","title":{"rendered":"Small foot Picture Book Underwater carte cu imagini 12m+ 1 buc"},"content":{"rendered":"<p>Small foot Picture Book Underwater, 1 buc, Juc\u0103rii interactive pentru copii, Copiii au nevoie de c\u00e2t mai mul\u021bi stimuli diferi\u021bi pentru a se dezvolta corect. Prin jocuri interactive, juc\u0103ria Small foot Picture Book Underwater le va oferi diferi\u021bi stimuli care vor dezvolta diferite sim\u021buri \u0219i vor men\u021bine aten\u021bia copilului. Astfel, v\u0103 capta aten\u021bia copilul dvs. curios, \u00eel va distra, dar \u00eel va ajuta \u0219i \u00een dezvoltarea percep\u021biei senzoriale, a motricit\u0103\u021bii \u0219i a altor abilit\u0103\u021bi. Asigura\u021bi copilului dvs. o distrac\u021bie inteligent\u0103 care \u00eei va sprijini dezvoltarea.  Caracteristici:  permite copilului s\u0103 \u00eenve\u021be \u0219i s\u0103 exerseze culorile ofer\u0103 stimulare vizual\u0103 carte educa\u021bional\u0103 contrastant\u0103 pentru copii ajut\u0103 la dezvoltarea vocabularului copiilor distreaz\u0103 copilul \u00een timpul c\u0103l\u0103toriei sau al plimb\u0103rii favorizeaz\u0103 dezvoltarea coordon\u0103rii m\u00e2n\u0103-ochi \u00eencurajeaz\u0103 spiritul ludic al copiilor \u0219i le dezvolt\u0103 imagina\u021bia ajut\u0103 la exersarea \u0219i dezvoltarea motricit\u0103\u021bii copilului  Material:  lemn<\/p>\n","protected":false},"excerpt":{"rendered":"<p>Small foot Picture Book Underwater, 1 buc, Juc\u0103rii interactive pentru copii, Copiii au nevoie de c\u00e2t mai mul\u021bi stimuli diferi\u021bi pentru a se dezvolta corect. Prin jocuri interactive, juc\u0103ria Small foot Picture Book Underwater le va oferi diferi\u021bi stimuli care vor dezvolta diferite sim\u021buri \u0219i vor men\u021bine aten\u021bia copilului. Astfel, v\u0103 capta aten\u021bia copilul dvs&#8230;.<\/p>\n","protected":false},"featured_media":463665,"comment_status":"closed","ping_status":"open","template":"","meta":{"_acf_changed":false,"_kadence_starter_templates_imported_post":false,"_kad_post_transparent":"","_kad_post_title":"","_kad_post_layout":"","_kad_post_sidebar_id":"","_kad_post_content_style":"","_kad_post_vertical_padding":"","_kad_post_feature":"","_kad_post_feature_position":"","_kad_post_header":false,"_kad_post_footer":false,"_kad_post_classname":""},"product_brand":[3930],"product_cat":[3893,3931,3894],"product_tag":[],"class_list":{"0":"post-463664","1":"product","2":"type-product","3":"status-publish","4":"has-post-thumbnail","6":"product_brand-small-foot","7":"product_cat-copii-si-sugari","8":"product_cat-jucarii-din-lemn","9":"product_cat-jucarii-pentru-copii","10":"pa_gen-unisex","11":"pa_marime-1-buc","13":"first","14":"instock","15":"product-type-external","16":"entry","17":"content-bg","18":"loop-entry"},"acf":[],"yoast_head":"<!-- This site is optimized with the Yoast SEO plugin v27.4 - https:\/\/yoast.com\/product\/yoast-seo-wordpress\/ -->\n<title>Small foot Picture Book Underwater carte cu imagini 12m+ 1 buc - SHOPATOA.COM<\/title>\n<meta name=\"robots\" content=\"index, follow, max-snippet:-1, max-image-preview:large, max-video-preview:-1\" \/>\n<link rel=\"canonical\" href=\"https:\/\/shopatoa.com\/ro\/small-foot-picture-book-underwater-carte-cu-imagini-12m-1-buc\/\" \/>\n<meta property=\"og:locale\" content=\"ro_RO\" \/>\n<meta property=\"og:type\" content=\"article\" \/>\n<meta property=\"og:title\" content=\"Small foot Picture Book Underwater carte cu imagini 12m+ 1 buc - SHOPATOA.COM\" \/>\n<meta property=\"og:description\" content=\"Small foot Picture Book Underwater, 1 buc, Juc\u0103rii interactive pentru copii, Copiii au nevoie de c\u00e2t mai mul\u021bi stimuli diferi\u021bi pentru a se dezvolta corect. Prin jocuri interactive, juc\u0103ria Small foot Picture Book Underwater le va oferi diferi\u021bi stimuli care vor dezvolta diferite sim\u021buri \u0219i vor men\u021bine aten\u021bia copilului. Astfel, v\u0103 capta aten\u021bia copilul dvs....\" \/>\n<meta property=\"og:url\" content=\"https:\/\/shopatoa.com\/ro\/small-foot-picture-book-underwater-carte-cu-imagini-12m-1-buc\/\" \/>\n<meta property=\"og:site_name\" content=\"SHOPATOA\" \/>\n<meta property=\"article:modified_time\" content=\"2025-06-27T17:02:50+00:00\" \/>\n<meta property=\"og:image\" content=\"https:\/\/storage.googleapis.com\/cz-shopatoa-img\/ro\/c098c435-unnamed-file.webp\" \/>\n\t<meta property=\"og:image:width\" content=\"800\" \/>\n\t<meta property=\"og:image:height\" content=\"800\" \/>\n\t<meta property=\"og:image:type\" content=\"image\/webp\" \/>\n<meta name=\"twitter:card\" content=\"summary_large_image\" \/>\n<meta name=\"twitter:label1\" content=\"Timp estimat pentru citire\" \/>\n\t<meta name=\"twitter:data1\" content=\"1 minut\" \/>\n<script type=\"application\/ld+json\" class=\"yoast-schema-graph\">{\"@context\":\"https:\\\/\\\/schema.org\",\"@graph\":[{\"@type\":\"WebPage\",\"@id\":\"https:\\\/\\\/shopatoa.com\\\/ro\\\/small-foot-picture-book-underwater-carte-cu-imagini-12m-1-buc\\\/\",\"url\":\"https:\\\/\\\/shopatoa.com\\\/ro\\\/small-foot-picture-book-underwater-carte-cu-imagini-12m-1-buc\\\/\",\"name\":\"Small foot Picture Book Underwater carte cu imagini 12m+ 1 buc - SHOPATOA.COM\",\"isPartOf\":{\"@id\":\"https:\\\/\\\/shopatoa.com\\\/ro\\\/#website\"},\"primaryImageOfPage\":{\"@id\":\"https:\\\/\\\/shopatoa.com\\\/ro\\\/small-foot-picture-book-underwater-carte-cu-imagini-12m-1-buc\\\/#primaryimage\"},\"image\":{\"@id\":\"https:\\\/\\\/shopatoa.com\\\/ro\\\/small-foot-picture-book-underwater-carte-cu-imagini-12m-1-buc\\\/#primaryimage\"},\"thumbnailUrl\":\"https:\\\/\\\/storage.googleapis.com\\\/cz-shopatoa-img\\\/ro\\\/c098c435-unnamed-file.webp\",\"datePublished\":\"2025-06-27T17:01:59+00:00\",\"dateModified\":\"2025-06-27T17:02:50+00:00\",\"breadcrumb\":{\"@id\":\"https:\\\/\\\/shopatoa.com\\\/ro\\\/small-foot-picture-book-underwater-carte-cu-imagini-12m-1-buc\\\/#breadcrumb\"},\"inLanguage\":\"ro-RO\",\"potentialAction\":[{\"@type\":\"ReadAction\",\"target\":[\"https:\\\/\\\/shopatoa.com\\\/ro\\\/small-foot-picture-book-underwater-carte-cu-imagini-12m-1-buc\\\/\"]}]},{\"@type\":\"ImageObject\",\"inLanguage\":\"ro-RO\",\"@id\":\"https:\\\/\\\/shopatoa.com\\\/ro\\\/small-foot-picture-book-underwater-carte-cu-imagini-12m-1-buc\\\/#primaryimage\",\"url\":\"https:\\\/\\\/storage.googleapis.com\\\/cz-shopatoa-img\\\/ro\\\/c098c435-unnamed-file.webp\",\"contentUrl\":\"https:\\\/\\\/storage.googleapis.com\\\/cz-shopatoa-img\\\/ro\\\/c098c435-unnamed-file.webp\",\"width\":800,\"height\":800},{\"@type\":\"BreadcrumbList\",\"@id\":\"https:\\\/\\\/shopatoa.com\\\/ro\\\/small-foot-picture-book-underwater-carte-cu-imagini-12m-1-buc\\\/#breadcrumb\",\"itemListElement\":[{\"@type\":\"ListItem\",\"position\":1,\"name\":\"Dom\u016f\",\"item\":\"https:\\\/\\\/shopatoa.com\\\/ro\\\/\"},{\"@type\":\"ListItem\",\"position\":2,\"name\":\"Shop\",\"item\":\"https:\\\/\\\/shopatoa.com\\\/ro\\\/shop\\\/\"},{\"@type\":\"ListItem\",\"position\":3,\"name\":\"Small foot Picture Book Underwater carte cu imagini 12m+ 1 buc\"}]},{\"@type\":\"WebSite\",\"@id\":\"https:\\\/\\\/shopatoa.com\\\/ro\\\/#website\",\"url\":\"https:\\\/\\\/shopatoa.com\\\/ro\\\/\",\"name\":\"SHOPATOA\",\"description\":\"\",\"publisher\":{\"@id\":\"https:\\\/\\\/shopatoa.com\\\/ro\\\/#organization\"},\"potentialAction\":[{\"@type\":\"SearchAction\",\"target\":{\"@type\":\"EntryPoint\",\"urlTemplate\":\"https:\\\/\\\/shopatoa.com\\\/ro\\\/?s={search_term_string}\"},\"query-input\":{\"@type\":\"PropertyValueSpecification\",\"valueRequired\":true,\"valueName\":\"search_term_string\"}}],\"inLanguage\":\"ro-RO\"},{\"@type\":\"Organization\",\"@id\":\"https:\\\/\\\/shopatoa.com\\\/ro\\\/#organization\",\"name\":\"SHOPATOA\",\"url\":\"https:\\\/\\\/shopatoa.com\\\/ro\\\/\",\"logo\":{\"@type\":\"ImageObject\",\"inLanguage\":\"ro-RO\",\"@id\":\"https:\\\/\\\/shopatoa.com\\\/ro\\\/#\\\/schema\\\/logo\\\/image\\\/\",\"url\":\"https:\\\/\\\/storage.googleapis.com\\\/cz-shopatoa-img\\\/ro\\\/b4dac915-shopatoa_logo.png\",\"contentUrl\":\"https:\\\/\\\/storage.googleapis.com\\\/cz-shopatoa-img\\\/ro\\\/b4dac915-shopatoa_logo.png\",\"width\":416,\"height\":63,\"caption\":\"SHOPATOA\"},\"image\":{\"@id\":\"https:\\\/\\\/shopatoa.com\\\/ro\\\/#\\\/schema\\\/logo\\\/image\\\/\"}}]}<\/script>\n<!-- \/ Yoast SEO plugin. -->","yoast_head_json":{"title":"Small foot Picture Book Underwater carte cu imagini 12m+ 1 buc - SHOPATOA.COM","robots":{"index":"index","follow":"follow","max-snippet":"max-snippet:-1","max-image-preview":"max-image-preview:large","max-video-preview":"max-video-preview:-1"},"canonical":"https:\/\/shopatoa.com\/ro\/small-foot-picture-book-underwater-carte-cu-imagini-12m-1-buc\/","og_locale":"ro_RO","og_type":"article","og_title":"Small foot Picture Book Underwater carte cu imagini 12m+ 1 buc - SHOPATOA.COM","og_description":"Small foot Picture Book Underwater, 1 buc, Juc\u0103rii interactive pentru copii, Copiii au nevoie de c\u00e2t mai mul\u021bi stimuli diferi\u021bi pentru a se dezvolta corect. Prin jocuri interactive, juc\u0103ria Small foot Picture Book Underwater le va oferi diferi\u021bi stimuli care vor dezvolta diferite sim\u021buri \u0219i vor men\u021bine aten\u021bia copilului. Astfel, v\u0103 capta aten\u021bia copilul dvs....","og_url":"https:\/\/shopatoa.com\/ro\/small-foot-picture-book-underwater-carte-cu-imagini-12m-1-buc\/","og_site_name":"SHOPATOA","article_modified_time":"2025-06-27T17:02:50+00:00","og_image":[{"width":800,"height":800,"url":"https:\/\/storage.googleapis.com\/cz-shopatoa-img\/ro\/c098c435-unnamed-file.webp","type":"image\/webp"}],"twitter_card":"summary_large_image","twitter_misc":{"Timp estimat pentru citire":"1 minut"},"schema":{"@context":"https:\/\/schema.org","@graph":[{"@type":"WebPage","@id":"https:\/\/shopatoa.com\/ro\/small-foot-picture-book-underwater-carte-cu-imagini-12m-1-buc\/","url":"https:\/\/shopatoa.com\/ro\/small-foot-picture-book-underwater-carte-cu-imagini-12m-1-buc\/","name":"Small foot Picture Book Underwater carte cu imagini 12m+ 1 buc - SHOPATOA.COM","isPartOf":{"@id":"https:\/\/shopatoa.com\/ro\/#website"},"primaryImageOfPage":{"@id":"https:\/\/shopatoa.com\/ro\/small-foot-picture-book-underwater-carte-cu-imagini-12m-1-buc\/#primaryimage"},"image":{"@id":"https:\/\/shopatoa.com\/ro\/small-foot-picture-book-underwater-carte-cu-imagini-12m-1-buc\/#primaryimage"},"thumbnailUrl":"https:\/\/storage.googleapis.com\/cz-shopatoa-img\/ro\/c098c435-unnamed-file.webp","datePublished":"2025-06-27T17:01:59+00:00","dateModified":"2025-06-27T17:02:50+00:00","breadcrumb":{"@id":"https:\/\/shopatoa.com\/ro\/small-foot-picture-book-underwater-carte-cu-imagini-12m-1-buc\/#breadcrumb"},"inLanguage":"ro-RO","potentialAction":[{"@type":"ReadAction","target":["https:\/\/shopatoa.com\/ro\/small-foot-picture-book-underwater-carte-cu-imagini-12m-1-buc\/"]}]},{"@type":"ImageObject","inLanguage":"ro-RO","@id":"https:\/\/shopatoa.com\/ro\/small-foot-picture-book-underwater-carte-cu-imagini-12m-1-buc\/#primaryimage","url":"https:\/\/storage.googleapis.com\/cz-shopatoa-img\/ro\/c098c435-unnamed-file.webp","contentUrl":"https:\/\/storage.googleapis.com\/cz-shopatoa-img\/ro\/c098c435-unnamed-file.webp","width":800,"height":800},{"@type":"BreadcrumbList","@id":"https:\/\/shopatoa.com\/ro\/small-foot-picture-book-underwater-carte-cu-imagini-12m-1-buc\/#breadcrumb","itemListElement":[{"@type":"ListItem","position":1,"name":"Dom\u016f","item":"https:\/\/shopatoa.com\/ro\/"},{"@type":"ListItem","position":2,"name":"Shop","item":"https:\/\/shopatoa.com\/ro\/shop\/"},{"@type":"ListItem","position":3,"name":"Small foot Picture Book Underwater carte cu imagini 12m+ 1 buc"}]},{"@type":"WebSite","@id":"https:\/\/shopatoa.com\/ro\/#website","url":"https:\/\/shopatoa.com\/ro\/","name":"SHOPATOA","description":"","publisher":{"@id":"https:\/\/shopatoa.com\/ro\/#organization"},"potentialAction":[{"@type":"SearchAction","target":{"@type":"EntryPoint","urlTemplate":"https:\/\/shopatoa.com\/ro\/?s={search_term_string}"},"query-input":{"@type":"PropertyValueSpecification","valueRequired":true,"valueName":"search_term_string"}}],"inLanguage":"ro-RO"},{"@type":"Organization","@id":"https:\/\/shopatoa.com\/ro\/#organization","name":"SHOPATOA","url":"https:\/\/shopatoa.com\/ro\/","logo":{"@type":"ImageObject","inLanguage":"ro-RO","@id":"https:\/\/shopatoa.com\/ro\/#\/schema\/logo\/image\/","url":"https:\/\/storage.googleapis.com\/cz-shopatoa-img\/ro\/b4dac915-shopatoa_logo.png","contentUrl":"https:\/\/storage.googleapis.com\/cz-shopatoa-img\/ro\/b4dac915-shopatoa_logo.png","width":416,"height":63,"caption":"SHOPATOA"},"image":{"@id":"https:\/\/shopatoa.com\/ro\/#\/schema\/logo\/image\/"}}]}},"_links":{"self":[{"href":"https:\/\/shopatoa.com\/ro\/wp-json\/wp\/v2\/product\/463664","targetHints":{"allow":["GET"]}}],"collection":[{"href":"https:\/\/shopatoa.com\/ro\/wp-json\/wp\/v2\/product"}],"about":[{"href":"https:\/\/shopatoa.com\/ro\/wp-json\/wp\/v2\/types\/product"}],"replies":[{"embeddable":true,"href":"https:\/\/shopatoa.com\/ro\/wp-json\/wp\/v2\/comments?post=463664"}],"wp:featuredmedia":[{"embeddable":true,"href":"https:\/\/shopatoa.com\/ro\/wp-json\/wp\/v2\/media\/463665"}],"wp:attachment":[{"href":"https:\/\/shopatoa.com\/ro\/wp-json\/wp\/v2\/media?parent=463664"}],"wp:term":[{"taxonomy":"product_brand","embeddable":true,"href":"https:\/\/shopatoa.com\/ro\/wp-json\/wp\/v2\/product_brand?post=463664"},{"taxonomy":"product_cat","embeddable":true,"href":"https:\/\/shopatoa.com\/ro\/wp-json\/wp\/v2\/product_cat?post=463664"},{"taxonomy":"product_tag","embeddable":true,"href":"https:\/\/shopatoa.com\/ro\/wp-json\/wp\/v2\/product_tag?post=463664"}],"curies":[{"name":"wp","href":"https:\/\/api.w.org\/{rel}","templated":true}]}}