{"id":464326,"date":"2025-06-27T20:13:00","date_gmt":"2025-06-27T18:13:00","guid":{"rendered":"https:\/\/shopatoa.com\/ro\/mermade-blow-dry-brush-sleek-black-mh1038-airstyler-1-buc\/"},"modified":"2026-02-03T10:35:07","modified_gmt":"2026-02-03T09:35:07","slug":"mermade-blow-dry-brush-sleek-black-mh1038-airstyler-1-buc","status":"publish","type":"product","link":"https:\/\/shopatoa.com\/ro\/mermade-blow-dry-brush-sleek-black-mh1038-airstyler-1-buc\/","title":{"rendered":"Mermade Blow Dry Brush Sleek Black MH1038 airstyler 1 buc"},"content":{"rendered":"<p>Mermade Blow Dry Brush Sleek Black MH1038, 1 buc, Perii cu aer cald pentru p\u0103r pentru femei, Peria electric\u0103 cu aer cald Mermade Blow Dry Brush este un aparat de coafat cu care se pot executa cele mai diverse coafuri, cu un rezultat perfect. Coafarea zilnic\u0103 devine, astfel, o distrac\u021bie!  Caracteristici:  usuc\u0103 \u0219i modeleaz\u0103 p\u0103rul confer\u0103 volum coafurii las\u0103 p\u0103rul neted \u0219i lucios larg\u0103 diversitate de accesorii permite reglarea temperaturii func\u021bie de ionizare  Cum se utilizeaz\u0103: Se vor urma instruc\u021biunile de utilizare incluse.<\/p>\n","protected":false},"excerpt":{"rendered":"<p>Mermade Blow Dry Brush Sleek Black MH1038, 1 buc, Perii cu aer cald pentru p\u0103r pentru femei, Peria electric\u0103 cu aer cald Mermade Blow Dry Brush este un aparat de coafat cu care se pot executa cele mai diverse coafuri, cu un rezultat perfect. Coafarea zilnic\u0103 devine, astfel, o distrac\u021bie! Caracteristici: usuc\u0103 \u0219i modeleaz\u0103 p\u0103rul&#8230;<\/p>\n","protected":false},"featured_media":464327,"comment_status":"closed","ping_status":"open","template":"","meta":{"_acf_changed":false,"_kadence_starter_templates_imported_post":false,"_kad_post_transparent":"","_kad_post_title":"","_kad_post_layout":"","_kad_post_sidebar_id":"","_kad_post_content_style":"","_kad_post_vertical_padding":"","_kad_post_feature":"","_kad_post_feature_position":"","_kad_post_header":false,"_kad_post_footer":false,"_kad_post_classname":""},"product_brand":[2697],"product_cat":[1563,1590,3904,1562,3910],"product_tag":[],"class_list":{"0":"post-464326","1":"product","2":"type-product","3":"status-publish","4":"has-post-thumbnail","6":"product_brand-mermade","7":"product_cat-ingrijire-personala","8":"product_cat-ingrijirea-parului","9":"product_cat-instrumente-pentru-coafat","10":"product_cat-sanatate-si-frumusete","11":"product_cat-uscatoare-de-par-instrumente-pentru-coafat","12":"pa_gen-female","13":"pa_marime-1-buc","15":"first","16":"instock","17":"product-type-external","18":"entry","19":"content-bg","20":"loop-entry"},"acf":[],"yoast_head":"<!-- This site is optimized with the Yoast SEO plugin v27.4 - https:\/\/yoast.com\/product\/yoast-seo-wordpress\/ -->\n<title>Mermade Blow Dry Brush Sleek Black MH1038 airstyler 1 buc - SHOPATOA.COM<\/title>\n<meta name=\"robots\" content=\"index, follow, max-snippet:-1, max-image-preview:large, max-video-preview:-1\" \/>\n<link rel=\"canonical\" href=\"https:\/\/shopatoa.com\/ro\/mermade-blow-dry-brush-sleek-black-mh1038-airstyler-1-buc\/\" \/>\n<meta property=\"og:locale\" content=\"ro_RO\" \/>\n<meta property=\"og:type\" content=\"article\" \/>\n<meta property=\"og:title\" content=\"Mermade Blow Dry Brush Sleek Black MH1038 airstyler 1 buc - SHOPATOA.COM\" \/>\n<meta property=\"og:description\" content=\"Mermade Blow Dry Brush Sleek Black MH1038, 1 buc, Perii cu aer cald pentru p\u0103r pentru femei, Peria electric\u0103 cu aer cald Mermade Blow Dry Brush este un aparat de coafat cu care se pot executa cele mai diverse coafuri, cu un rezultat perfect. Coafarea zilnic\u0103 devine, astfel, o distrac\u021bie! Caracteristici: usuc\u0103 \u0219i modeleaz\u0103 p\u0103rul...\" \/>\n<meta property=\"og:url\" content=\"https:\/\/shopatoa.com\/ro\/mermade-blow-dry-brush-sleek-black-mh1038-airstyler-1-buc\/\" \/>\n<meta property=\"og:site_name\" content=\"SHOPATOA\" \/>\n<meta property=\"article:modified_time\" content=\"2026-02-03T09:35:07+00:00\" \/>\n<meta property=\"og:image\" content=\"https:\/\/storage.googleapis.com\/cz-shopatoa-img\/ro\/37c49d44-unnamed-file.webp\" \/>\n\t<meta property=\"og:image:width\" content=\"800\" \/>\n\t<meta property=\"og:image:height\" content=\"800\" \/>\n\t<meta property=\"og:image:type\" content=\"image\/webp\" \/>\n<meta name=\"twitter:card\" content=\"summary_large_image\" \/>\n<script type=\"application\/ld+json\" class=\"yoast-schema-graph\">{\"@context\":\"https:\\\/\\\/schema.org\",\"@graph\":[{\"@type\":\"WebPage\",\"@id\":\"https:\\\/\\\/shopatoa.com\\\/ro\\\/mermade-blow-dry-brush-sleek-black-mh1038-airstyler-1-buc\\\/\",\"url\":\"https:\\\/\\\/shopatoa.com\\\/ro\\\/mermade-blow-dry-brush-sleek-black-mh1038-airstyler-1-buc\\\/\",\"name\":\"Mermade Blow Dry Brush Sleek Black MH1038 airstyler 1 buc - SHOPATOA.COM\",\"isPartOf\":{\"@id\":\"https:\\\/\\\/shopatoa.com\\\/ro\\\/#website\"},\"primaryImageOfPage\":{\"@id\":\"https:\\\/\\\/shopatoa.com\\\/ro\\\/mermade-blow-dry-brush-sleek-black-mh1038-airstyler-1-buc\\\/#primaryimage\"},\"image\":{\"@id\":\"https:\\\/\\\/shopatoa.com\\\/ro\\\/mermade-blow-dry-brush-sleek-black-mh1038-airstyler-1-buc\\\/#primaryimage\"},\"thumbnailUrl\":\"https:\\\/\\\/storage.googleapis.com\\\/cz-shopatoa-img\\\/ro\\\/37c49d44-unnamed-file.webp\",\"datePublished\":\"2025-06-27T18:13:00+00:00\",\"dateModified\":\"2026-02-03T09:35:07+00:00\",\"breadcrumb\":{\"@id\":\"https:\\\/\\\/shopatoa.com\\\/ro\\\/mermade-blow-dry-brush-sleek-black-mh1038-airstyler-1-buc\\\/#breadcrumb\"},\"inLanguage\":\"ro-RO\",\"potentialAction\":[{\"@type\":\"ReadAction\",\"target\":[\"https:\\\/\\\/shopatoa.com\\\/ro\\\/mermade-blow-dry-brush-sleek-black-mh1038-airstyler-1-buc\\\/\"]}]},{\"@type\":\"ImageObject\",\"inLanguage\":\"ro-RO\",\"@id\":\"https:\\\/\\\/shopatoa.com\\\/ro\\\/mermade-blow-dry-brush-sleek-black-mh1038-airstyler-1-buc\\\/#primaryimage\",\"url\":\"https:\\\/\\\/storage.googleapis.com\\\/cz-shopatoa-img\\\/ro\\\/37c49d44-unnamed-file.webp\",\"contentUrl\":\"https:\\\/\\\/storage.googleapis.com\\\/cz-shopatoa-img\\\/ro\\\/37c49d44-unnamed-file.webp\",\"width\":800,\"height\":800},{\"@type\":\"BreadcrumbList\",\"@id\":\"https:\\\/\\\/shopatoa.com\\\/ro\\\/mermade-blow-dry-brush-sleek-black-mh1038-airstyler-1-buc\\\/#breadcrumb\",\"itemListElement\":[{\"@type\":\"ListItem\",\"position\":1,\"name\":\"Dom\u016f\",\"item\":\"https:\\\/\\\/shopatoa.com\\\/ro\\\/\"},{\"@type\":\"ListItem\",\"position\":2,\"name\":\"Shop\",\"item\":\"https:\\\/\\\/shopatoa.com\\\/ro\\\/shop\\\/\"},{\"@type\":\"ListItem\",\"position\":3,\"name\":\"S\u0103n\u0103tate \u0219i frumuse\u021be\",\"item\":\"https:\\\/\\\/shopatoa.com\\\/ro\\\/sanatate-si-frumusete\\\/\"},{\"@type\":\"ListItem\",\"position\":4,\"name\":\"\u00cengrijire personal\u0103\",\"item\":\"https:\\\/\\\/shopatoa.com\\\/ro\\\/ingrijire-personala\\\/\"},{\"@type\":\"ListItem\",\"position\":5,\"name\":\"\u00cengrijirea p\u0103rului\",\"item\":\"https:\\\/\\\/shopatoa.com\\\/ro\\\/ingrijirea-parului\\\/\"},{\"@type\":\"ListItem\",\"position\":6,\"name\":\"Instrumente pentru coafat\",\"item\":\"https:\\\/\\\/shopatoa.com\\\/ro\\\/instrumente-pentru-coafat\\\/\"},{\"@type\":\"ListItem\",\"position\":7,\"name\":\"Usc\u0103toare de p\u0103r\",\"item\":\"https:\\\/\\\/shopatoa.com\\\/ro\\\/uscatoare-de-par-instrumente-pentru-coafat\\\/\"},{\"@type\":\"ListItem\",\"position\":8,\"name\":\"Mermade Blow Dry Brush Sleek Black MH1038 airstyler 1 buc\"}]},{\"@type\":\"WebSite\",\"@id\":\"https:\\\/\\\/shopatoa.com\\\/ro\\\/#website\",\"url\":\"https:\\\/\\\/shopatoa.com\\\/ro\\\/\",\"name\":\"SHOPATOA\",\"description\":\"\",\"publisher\":{\"@id\":\"https:\\\/\\\/shopatoa.com\\\/ro\\\/#organization\"},\"potentialAction\":[{\"@type\":\"SearchAction\",\"target\":{\"@type\":\"EntryPoint\",\"urlTemplate\":\"https:\\\/\\\/shopatoa.com\\\/ro\\\/?s={search_term_string}\"},\"query-input\":{\"@type\":\"PropertyValueSpecification\",\"valueRequired\":true,\"valueName\":\"search_term_string\"}}],\"inLanguage\":\"ro-RO\"},{\"@type\":\"Organization\",\"@id\":\"https:\\\/\\\/shopatoa.com\\\/ro\\\/#organization\",\"name\":\"SHOPATOA\",\"url\":\"https:\\\/\\\/shopatoa.com\\\/ro\\\/\",\"logo\":{\"@type\":\"ImageObject\",\"inLanguage\":\"ro-RO\",\"@id\":\"https:\\\/\\\/shopatoa.com\\\/ro\\\/#\\\/schema\\\/logo\\\/image\\\/\",\"url\":\"https:\\\/\\\/storage.googleapis.com\\\/cz-shopatoa-img\\\/ro\\\/b4dac915-shopatoa_logo.png\",\"contentUrl\":\"https:\\\/\\\/storage.googleapis.com\\\/cz-shopatoa-img\\\/ro\\\/b4dac915-shopatoa_logo.png\",\"width\":416,\"height\":63,\"caption\":\"SHOPATOA\"},\"image\":{\"@id\":\"https:\\\/\\\/shopatoa.com\\\/ro\\\/#\\\/schema\\\/logo\\\/image\\\/\"}}]}<\/script>\n<!-- \/ Yoast SEO plugin. -->","yoast_head_json":{"title":"Mermade Blow Dry Brush Sleek Black MH1038 airstyler 1 buc - SHOPATOA.COM","robots":{"index":"index","follow":"follow","max-snippet":"max-snippet:-1","max-image-preview":"max-image-preview:large","max-video-preview":"max-video-preview:-1"},"canonical":"https:\/\/shopatoa.com\/ro\/mermade-blow-dry-brush-sleek-black-mh1038-airstyler-1-buc\/","og_locale":"ro_RO","og_type":"article","og_title":"Mermade Blow Dry Brush Sleek Black MH1038 airstyler 1 buc - SHOPATOA.COM","og_description":"Mermade Blow Dry Brush Sleek Black MH1038, 1 buc, Perii cu aer cald pentru p\u0103r pentru femei, Peria electric\u0103 cu aer cald Mermade Blow Dry Brush este un aparat de coafat cu care se pot executa cele mai diverse coafuri, cu un rezultat perfect. Coafarea zilnic\u0103 devine, astfel, o distrac\u021bie! Caracteristici: usuc\u0103 \u0219i modeleaz\u0103 p\u0103rul...","og_url":"https:\/\/shopatoa.com\/ro\/mermade-blow-dry-brush-sleek-black-mh1038-airstyler-1-buc\/","og_site_name":"SHOPATOA","article_modified_time":"2026-02-03T09:35:07+00:00","og_image":[{"width":800,"height":800,"url":"https:\/\/storage.googleapis.com\/cz-shopatoa-img\/ro\/37c49d44-unnamed-file.webp","type":"image\/webp"}],"twitter_card":"summary_large_image","schema":{"@context":"https:\/\/schema.org","@graph":[{"@type":"WebPage","@id":"https:\/\/shopatoa.com\/ro\/mermade-blow-dry-brush-sleek-black-mh1038-airstyler-1-buc\/","url":"https:\/\/shopatoa.com\/ro\/mermade-blow-dry-brush-sleek-black-mh1038-airstyler-1-buc\/","name":"Mermade Blow Dry Brush Sleek Black MH1038 airstyler 1 buc - SHOPATOA.COM","isPartOf":{"@id":"https:\/\/shopatoa.com\/ro\/#website"},"primaryImageOfPage":{"@id":"https:\/\/shopatoa.com\/ro\/mermade-blow-dry-brush-sleek-black-mh1038-airstyler-1-buc\/#primaryimage"},"image":{"@id":"https:\/\/shopatoa.com\/ro\/mermade-blow-dry-brush-sleek-black-mh1038-airstyler-1-buc\/#primaryimage"},"thumbnailUrl":"https:\/\/storage.googleapis.com\/cz-shopatoa-img\/ro\/37c49d44-unnamed-file.webp","datePublished":"2025-06-27T18:13:00+00:00","dateModified":"2026-02-03T09:35:07+00:00","breadcrumb":{"@id":"https:\/\/shopatoa.com\/ro\/mermade-blow-dry-brush-sleek-black-mh1038-airstyler-1-buc\/#breadcrumb"},"inLanguage":"ro-RO","potentialAction":[{"@type":"ReadAction","target":["https:\/\/shopatoa.com\/ro\/mermade-blow-dry-brush-sleek-black-mh1038-airstyler-1-buc\/"]}]},{"@type":"ImageObject","inLanguage":"ro-RO","@id":"https:\/\/shopatoa.com\/ro\/mermade-blow-dry-brush-sleek-black-mh1038-airstyler-1-buc\/#primaryimage","url":"https:\/\/storage.googleapis.com\/cz-shopatoa-img\/ro\/37c49d44-unnamed-file.webp","contentUrl":"https:\/\/storage.googleapis.com\/cz-shopatoa-img\/ro\/37c49d44-unnamed-file.webp","width":800,"height":800},{"@type":"BreadcrumbList","@id":"https:\/\/shopatoa.com\/ro\/mermade-blow-dry-brush-sleek-black-mh1038-airstyler-1-buc\/#breadcrumb","itemListElement":[{"@type":"ListItem","position":1,"name":"Dom\u016f","item":"https:\/\/shopatoa.com\/ro\/"},{"@type":"ListItem","position":2,"name":"Shop","item":"https:\/\/shopatoa.com\/ro\/shop\/"},{"@type":"ListItem","position":3,"name":"S\u0103n\u0103tate \u0219i frumuse\u021be","item":"https:\/\/shopatoa.com\/ro\/sanatate-si-frumusete\/"},{"@type":"ListItem","position":4,"name":"\u00cengrijire personal\u0103","item":"https:\/\/shopatoa.com\/ro\/ingrijire-personala\/"},{"@type":"ListItem","position":5,"name":"\u00cengrijirea p\u0103rului","item":"https:\/\/shopatoa.com\/ro\/ingrijirea-parului\/"},{"@type":"ListItem","position":6,"name":"Instrumente pentru coafat","item":"https:\/\/shopatoa.com\/ro\/instrumente-pentru-coafat\/"},{"@type":"ListItem","position":7,"name":"Usc\u0103toare de p\u0103r","item":"https:\/\/shopatoa.com\/ro\/uscatoare-de-par-instrumente-pentru-coafat\/"},{"@type":"ListItem","position":8,"name":"Mermade Blow Dry Brush Sleek Black MH1038 airstyler 1 buc"}]},{"@type":"WebSite","@id":"https:\/\/shopatoa.com\/ro\/#website","url":"https:\/\/shopatoa.com\/ro\/","name":"SHOPATOA","description":"","publisher":{"@id":"https:\/\/shopatoa.com\/ro\/#organization"},"potentialAction":[{"@type":"SearchAction","target":{"@type":"EntryPoint","urlTemplate":"https:\/\/shopatoa.com\/ro\/?s={search_term_string}"},"query-input":{"@type":"PropertyValueSpecification","valueRequired":true,"valueName":"search_term_string"}}],"inLanguage":"ro-RO"},{"@type":"Organization","@id":"https:\/\/shopatoa.com\/ro\/#organization","name":"SHOPATOA","url":"https:\/\/shopatoa.com\/ro\/","logo":{"@type":"ImageObject","inLanguage":"ro-RO","@id":"https:\/\/shopatoa.com\/ro\/#\/schema\/logo\/image\/","url":"https:\/\/storage.googleapis.com\/cz-shopatoa-img\/ro\/b4dac915-shopatoa_logo.png","contentUrl":"https:\/\/storage.googleapis.com\/cz-shopatoa-img\/ro\/b4dac915-shopatoa_logo.png","width":416,"height":63,"caption":"SHOPATOA"},"image":{"@id":"https:\/\/shopatoa.com\/ro\/#\/schema\/logo\/image\/"}}]}},"_links":{"self":[{"href":"https:\/\/shopatoa.com\/ro\/wp-json\/wp\/v2\/product\/464326","targetHints":{"allow":["GET"]}}],"collection":[{"href":"https:\/\/shopatoa.com\/ro\/wp-json\/wp\/v2\/product"}],"about":[{"href":"https:\/\/shopatoa.com\/ro\/wp-json\/wp\/v2\/types\/product"}],"replies":[{"embeddable":true,"href":"https:\/\/shopatoa.com\/ro\/wp-json\/wp\/v2\/comments?post=464326"}],"wp:featuredmedia":[{"embeddable":true,"href":"https:\/\/shopatoa.com\/ro\/wp-json\/wp\/v2\/media\/464327"}],"wp:attachment":[{"href":"https:\/\/shopatoa.com\/ro\/wp-json\/wp\/v2\/media?parent=464326"}],"wp:term":[{"taxonomy":"product_brand","embeddable":true,"href":"https:\/\/shopatoa.com\/ro\/wp-json\/wp\/v2\/product_brand?post=464326"},{"taxonomy":"product_cat","embeddable":true,"href":"https:\/\/shopatoa.com\/ro\/wp-json\/wp\/v2\/product_cat?post=464326"},{"taxonomy":"product_tag","embeddable":true,"href":"https:\/\/shopatoa.com\/ro\/wp-json\/wp\/v2\/product_tag?post=464326"}],"curies":[{"name":"wp","href":"https:\/\/api.w.org\/{rel}","templated":true}]}}