{"id":465088,"date":"2025-06-27T21:29:49","date_gmt":"2025-06-27T19:29:49","guid":{"rendered":"https:\/\/shopatoa.com\/ro\/innogio-giohygro-umidificator-de-aer-cu-iluminare-white-1-buc\/"},"modified":"2025-06-27T21:30:54","modified_gmt":"2025-06-27T19:30:54","slug":"innogio-giohygro-umidificator-de-aer-cu-iluminare-white-1-buc","status":"publish","type":"product","link":"https:\/\/shopatoa.com\/ro\/innogio-giohygro-umidificator-de-aer-cu-iluminare-white-1-buc\/","title":{"rendered":"innoGIO GIOhygro umidificator de aer cu iluminare White 1 buc"},"content":{"rendered":"<p>innoGIO GIOhygro, 1 buc, Umidificator de aer Parfumuri pentru casa, Aerul uscat poate irita pielea \u0219i mucoasa tractului respirator, influen\u021b\u00e2ndu-i capacitatea de a capta viru\u0219i, bacterii \u0219i impurit\u0103\u021bi care cauzeaz\u0103 tuse sau astm. Umidificatorul de aer innoGIO GIOhygro face fa\u021b\u0103 cu u\u0219urin\u021b\u0103 aerului uscat nedorit. Acesta va deveni ajutorul dvs. de pre\u021b ori de c\u00e2te ori ave\u021bi nevoie s\u0103 oferi\u021bi locuin\u021bei dvs. umiditatea potrivit\u0103. Datorit\u0103 capacit\u0103\u021bii sale de a cre\u0219te umiditatea din aer, acesta nu numai c\u0103 va oferi confort astmaticilor, copiilor \u0219i persoanelor cu probleme respiratorii, dar va sprijini \u0219i buna func\u021bionare a tractului respirator \u0219i va \u00eembun\u0103t\u0103\u021bi calitatea somnului.  Caracteristici:  umidificator de aer cu ultrasunete ajut\u0103 la \u00eendep\u0103rtarea impurit\u0103\u021bilor din aer datorit\u0103 tehnologiei cu ultrasunete, apar pic\u0103turi mici care se combin\u0103 mai u\u0219or cu aerul sus\u021bine func\u021bionarea tractului respirator se poate utiliza \u0219i \u00een birouri sau \u00een centre de s\u0103n\u0103tate \u0219i educa\u021bie poate fi utilizat \u00een toate locuin\u021bele cu umiditate insuficient\u0103  Cum se utilizeaz\u0103: Amplasa\u021bi f\u0103r\u0103 griji umidificatorul de aer \u00een orice camer\u0103 din cas\u0103.<\/p>\n","protected":false},"excerpt":{"rendered":"<p>innoGIO GIOhygro, 1 buc, Umidificator de aer Parfumuri pentru casa, Aerul uscat poate irita pielea \u0219i mucoasa tractului respirator, influen\u021b\u00e2ndu-i capacitatea de a capta viru\u0219i, bacterii \u0219i impurit\u0103\u021bi care cauzeaz\u0103 tuse sau astm. Umidificatorul de aer innoGIO GIOhygro face fa\u021b\u0103 cu u\u0219urin\u021b\u0103 aerului uscat nedorit. Acesta va deveni ajutorul dvs. de pre\u021b ori de c\u00e2te&#8230;<\/p>\n","protected":false},"featured_media":465089,"comment_status":"closed","ping_status":"open","template":"","meta":{"_acf_changed":false,"_kadence_starter_templates_imported_post":false,"_kad_post_transparent":"","_kad_post_title":"","_kad_post_layout":"","_kad_post_sidebar_id":"","_kad_post_content_style":"","_kad_post_vertical_padding":"","_kad_post_feature":"","_kad_post_feature_position":"","_kad_post_header":false,"_kad_post_footer":false,"_kad_post_classname":""},"product_brand":[2410],"product_cat":[3889,2533,3902,3995],"product_tag":[],"class_list":{"0":"post-465088","1":"product","2":"type-product","3":"status-publish","4":"has-post-thumbnail","6":"product_brand-innogio","7":"product_cat-accesorii-si-decoratiuni-pentru-locuinta","8":"product_cat-casa-si-gradina","9":"product_cat-difuzoare-si-purificatoare-de-aer","10":"product_cat-umidificator-de-aer","11":"pa_gen-unisex","12":"pa_marime-1-buc","14":"first","15":"instock","16":"sale","17":"product-type-external","18":"entry","19":"content-bg","20":"loop-entry"},"acf":[],"yoast_head":"<!-- This site is optimized with the Yoast SEO plugin v27.4 - https:\/\/yoast.com\/product\/yoast-seo-wordpress\/ -->\n<title>innoGIO GIOhygro umidificator de aer cu iluminare White 1 buc - SHOPATOA.COM<\/title>\n<meta name=\"robots\" content=\"index, follow, max-snippet:-1, max-image-preview:large, max-video-preview:-1\" \/>\n<link rel=\"canonical\" href=\"https:\/\/shopatoa.com\/ro\/innogio-giohygro-umidificator-de-aer-cu-iluminare-white-1-buc\/\" \/>\n<meta property=\"og:locale\" content=\"ro_RO\" \/>\n<meta property=\"og:type\" content=\"article\" \/>\n<meta property=\"og:title\" content=\"innoGIO GIOhygro umidificator de aer cu iluminare White 1 buc - SHOPATOA.COM\" \/>\n<meta property=\"og:description\" content=\"innoGIO GIOhygro, 1 buc, Umidificator de aer Parfumuri pentru casa, Aerul uscat poate irita pielea \u0219i mucoasa tractului respirator, influen\u021b\u00e2ndu-i capacitatea de a capta viru\u0219i, bacterii \u0219i impurit\u0103\u021bi care cauzeaz\u0103 tuse sau astm. Umidificatorul de aer innoGIO GIOhygro face fa\u021b\u0103 cu u\u0219urin\u021b\u0103 aerului uscat nedorit. Acesta va deveni ajutorul dvs. de pre\u021b ori de c\u00e2te...\" \/>\n<meta property=\"og:url\" content=\"https:\/\/shopatoa.com\/ro\/innogio-giohygro-umidificator-de-aer-cu-iluminare-white-1-buc\/\" \/>\n<meta property=\"og:site_name\" content=\"SHOPATOA\" \/>\n<meta property=\"article:modified_time\" content=\"2025-06-27T19:30:54+00:00\" \/>\n<meta property=\"og:image\" content=\"https:\/\/storage.googleapis.com\/cz-shopatoa-img\/ro\/2e8f2e63-unnamed-file.webp\" \/>\n\t<meta property=\"og:image:width\" content=\"800\" \/>\n\t<meta property=\"og:image:height\" content=\"800\" \/>\n\t<meta property=\"og:image:type\" content=\"image\/webp\" \/>\n<meta name=\"twitter:card\" content=\"summary_large_image\" \/>\n<meta name=\"twitter:label1\" content=\"Timp estimat pentru citire\" \/>\n\t<meta name=\"twitter:data1\" content=\"1 minut\" \/>\n<script type=\"application\/ld+json\" class=\"yoast-schema-graph\">{\"@context\":\"https:\\\/\\\/schema.org\",\"@graph\":[{\"@type\":\"WebPage\",\"@id\":\"https:\\\/\\\/shopatoa.com\\\/ro\\\/innogio-giohygro-umidificator-de-aer-cu-iluminare-white-1-buc\\\/\",\"url\":\"https:\\\/\\\/shopatoa.com\\\/ro\\\/innogio-giohygro-umidificator-de-aer-cu-iluminare-white-1-buc\\\/\",\"name\":\"innoGIO GIOhygro umidificator de aer cu iluminare White 1 buc - SHOPATOA.COM\",\"isPartOf\":{\"@id\":\"https:\\\/\\\/shopatoa.com\\\/ro\\\/#website\"},\"primaryImageOfPage\":{\"@id\":\"https:\\\/\\\/shopatoa.com\\\/ro\\\/innogio-giohygro-umidificator-de-aer-cu-iluminare-white-1-buc\\\/#primaryimage\"},\"image\":{\"@id\":\"https:\\\/\\\/shopatoa.com\\\/ro\\\/innogio-giohygro-umidificator-de-aer-cu-iluminare-white-1-buc\\\/#primaryimage\"},\"thumbnailUrl\":\"https:\\\/\\\/storage.googleapis.com\\\/cz-shopatoa-img\\\/ro\\\/2e8f2e63-unnamed-file.webp\",\"datePublished\":\"2025-06-27T19:29:49+00:00\",\"dateModified\":\"2025-06-27T19:30:54+00:00\",\"breadcrumb\":{\"@id\":\"https:\\\/\\\/shopatoa.com\\\/ro\\\/innogio-giohygro-umidificator-de-aer-cu-iluminare-white-1-buc\\\/#breadcrumb\"},\"inLanguage\":\"ro-RO\",\"potentialAction\":[{\"@type\":\"ReadAction\",\"target\":[\"https:\\\/\\\/shopatoa.com\\\/ro\\\/innogio-giohygro-umidificator-de-aer-cu-iluminare-white-1-buc\\\/\"]}]},{\"@type\":\"ImageObject\",\"inLanguage\":\"ro-RO\",\"@id\":\"https:\\\/\\\/shopatoa.com\\\/ro\\\/innogio-giohygro-umidificator-de-aer-cu-iluminare-white-1-buc\\\/#primaryimage\",\"url\":\"https:\\\/\\\/storage.googleapis.com\\\/cz-shopatoa-img\\\/ro\\\/2e8f2e63-unnamed-file.webp\",\"contentUrl\":\"https:\\\/\\\/storage.googleapis.com\\\/cz-shopatoa-img\\\/ro\\\/2e8f2e63-unnamed-file.webp\",\"width\":800,\"height\":800},{\"@type\":\"BreadcrumbList\",\"@id\":\"https:\\\/\\\/shopatoa.com\\\/ro\\\/innogio-giohygro-umidificator-de-aer-cu-iluminare-white-1-buc\\\/#breadcrumb\",\"itemListElement\":[{\"@type\":\"ListItem\",\"position\":1,\"name\":\"Dom\u016f\",\"item\":\"https:\\\/\\\/shopatoa.com\\\/ro\\\/\"},{\"@type\":\"ListItem\",\"position\":2,\"name\":\"Shop\",\"item\":\"https:\\\/\\\/shopatoa.com\\\/ro\\\/shop\\\/\"},{\"@type\":\"ListItem\",\"position\":3,\"name\":\"innoGIO GIOhygro umidificator de aer cu iluminare White 1 buc\"}]},{\"@type\":\"WebSite\",\"@id\":\"https:\\\/\\\/shopatoa.com\\\/ro\\\/#website\",\"url\":\"https:\\\/\\\/shopatoa.com\\\/ro\\\/\",\"name\":\"SHOPATOA\",\"description\":\"\",\"publisher\":{\"@id\":\"https:\\\/\\\/shopatoa.com\\\/ro\\\/#organization\"},\"potentialAction\":[{\"@type\":\"SearchAction\",\"target\":{\"@type\":\"EntryPoint\",\"urlTemplate\":\"https:\\\/\\\/shopatoa.com\\\/ro\\\/?s={search_term_string}\"},\"query-input\":{\"@type\":\"PropertyValueSpecification\",\"valueRequired\":true,\"valueName\":\"search_term_string\"}}],\"inLanguage\":\"ro-RO\"},{\"@type\":\"Organization\",\"@id\":\"https:\\\/\\\/shopatoa.com\\\/ro\\\/#organization\",\"name\":\"SHOPATOA\",\"url\":\"https:\\\/\\\/shopatoa.com\\\/ro\\\/\",\"logo\":{\"@type\":\"ImageObject\",\"inLanguage\":\"ro-RO\",\"@id\":\"https:\\\/\\\/shopatoa.com\\\/ro\\\/#\\\/schema\\\/logo\\\/image\\\/\",\"url\":\"https:\\\/\\\/storage.googleapis.com\\\/cz-shopatoa-img\\\/ro\\\/b4dac915-shopatoa_logo.png\",\"contentUrl\":\"https:\\\/\\\/storage.googleapis.com\\\/cz-shopatoa-img\\\/ro\\\/b4dac915-shopatoa_logo.png\",\"width\":416,\"height\":63,\"caption\":\"SHOPATOA\"},\"image\":{\"@id\":\"https:\\\/\\\/shopatoa.com\\\/ro\\\/#\\\/schema\\\/logo\\\/image\\\/\"}}]}<\/script>\n<!-- \/ Yoast SEO plugin. -->","yoast_head_json":{"title":"innoGIO GIOhygro umidificator de aer cu iluminare White 1 buc - SHOPATOA.COM","robots":{"index":"index","follow":"follow","max-snippet":"max-snippet:-1","max-image-preview":"max-image-preview:large","max-video-preview":"max-video-preview:-1"},"canonical":"https:\/\/shopatoa.com\/ro\/innogio-giohygro-umidificator-de-aer-cu-iluminare-white-1-buc\/","og_locale":"ro_RO","og_type":"article","og_title":"innoGIO GIOhygro umidificator de aer cu iluminare White 1 buc - SHOPATOA.COM","og_description":"innoGIO GIOhygro, 1 buc, Umidificator de aer Parfumuri pentru casa, Aerul uscat poate irita pielea \u0219i mucoasa tractului respirator, influen\u021b\u00e2ndu-i capacitatea de a capta viru\u0219i, bacterii \u0219i impurit\u0103\u021bi care cauzeaz\u0103 tuse sau astm. Umidificatorul de aer innoGIO GIOhygro face fa\u021b\u0103 cu u\u0219urin\u021b\u0103 aerului uscat nedorit. Acesta va deveni ajutorul dvs. de pre\u021b ori de c\u00e2te...","og_url":"https:\/\/shopatoa.com\/ro\/innogio-giohygro-umidificator-de-aer-cu-iluminare-white-1-buc\/","og_site_name":"SHOPATOA","article_modified_time":"2025-06-27T19:30:54+00:00","og_image":[{"width":800,"height":800,"url":"https:\/\/storage.googleapis.com\/cz-shopatoa-img\/ro\/2e8f2e63-unnamed-file.webp","type":"image\/webp"}],"twitter_card":"summary_large_image","twitter_misc":{"Timp estimat pentru citire":"1 minut"},"schema":{"@context":"https:\/\/schema.org","@graph":[{"@type":"WebPage","@id":"https:\/\/shopatoa.com\/ro\/innogio-giohygro-umidificator-de-aer-cu-iluminare-white-1-buc\/","url":"https:\/\/shopatoa.com\/ro\/innogio-giohygro-umidificator-de-aer-cu-iluminare-white-1-buc\/","name":"innoGIO GIOhygro umidificator de aer cu iluminare White 1 buc - SHOPATOA.COM","isPartOf":{"@id":"https:\/\/shopatoa.com\/ro\/#website"},"primaryImageOfPage":{"@id":"https:\/\/shopatoa.com\/ro\/innogio-giohygro-umidificator-de-aer-cu-iluminare-white-1-buc\/#primaryimage"},"image":{"@id":"https:\/\/shopatoa.com\/ro\/innogio-giohygro-umidificator-de-aer-cu-iluminare-white-1-buc\/#primaryimage"},"thumbnailUrl":"https:\/\/storage.googleapis.com\/cz-shopatoa-img\/ro\/2e8f2e63-unnamed-file.webp","datePublished":"2025-06-27T19:29:49+00:00","dateModified":"2025-06-27T19:30:54+00:00","breadcrumb":{"@id":"https:\/\/shopatoa.com\/ro\/innogio-giohygro-umidificator-de-aer-cu-iluminare-white-1-buc\/#breadcrumb"},"inLanguage":"ro-RO","potentialAction":[{"@type":"ReadAction","target":["https:\/\/shopatoa.com\/ro\/innogio-giohygro-umidificator-de-aer-cu-iluminare-white-1-buc\/"]}]},{"@type":"ImageObject","inLanguage":"ro-RO","@id":"https:\/\/shopatoa.com\/ro\/innogio-giohygro-umidificator-de-aer-cu-iluminare-white-1-buc\/#primaryimage","url":"https:\/\/storage.googleapis.com\/cz-shopatoa-img\/ro\/2e8f2e63-unnamed-file.webp","contentUrl":"https:\/\/storage.googleapis.com\/cz-shopatoa-img\/ro\/2e8f2e63-unnamed-file.webp","width":800,"height":800},{"@type":"BreadcrumbList","@id":"https:\/\/shopatoa.com\/ro\/innogio-giohygro-umidificator-de-aer-cu-iluminare-white-1-buc\/#breadcrumb","itemListElement":[{"@type":"ListItem","position":1,"name":"Dom\u016f","item":"https:\/\/shopatoa.com\/ro\/"},{"@type":"ListItem","position":2,"name":"Shop","item":"https:\/\/shopatoa.com\/ro\/shop\/"},{"@type":"ListItem","position":3,"name":"innoGIO GIOhygro umidificator de aer cu iluminare White 1 buc"}]},{"@type":"WebSite","@id":"https:\/\/shopatoa.com\/ro\/#website","url":"https:\/\/shopatoa.com\/ro\/","name":"SHOPATOA","description":"","publisher":{"@id":"https:\/\/shopatoa.com\/ro\/#organization"},"potentialAction":[{"@type":"SearchAction","target":{"@type":"EntryPoint","urlTemplate":"https:\/\/shopatoa.com\/ro\/?s={search_term_string}"},"query-input":{"@type":"PropertyValueSpecification","valueRequired":true,"valueName":"search_term_string"}}],"inLanguage":"ro-RO"},{"@type":"Organization","@id":"https:\/\/shopatoa.com\/ro\/#organization","name":"SHOPATOA","url":"https:\/\/shopatoa.com\/ro\/","logo":{"@type":"ImageObject","inLanguage":"ro-RO","@id":"https:\/\/shopatoa.com\/ro\/#\/schema\/logo\/image\/","url":"https:\/\/storage.googleapis.com\/cz-shopatoa-img\/ro\/b4dac915-shopatoa_logo.png","contentUrl":"https:\/\/storage.googleapis.com\/cz-shopatoa-img\/ro\/b4dac915-shopatoa_logo.png","width":416,"height":63,"caption":"SHOPATOA"},"image":{"@id":"https:\/\/shopatoa.com\/ro\/#\/schema\/logo\/image\/"}}]}},"_links":{"self":[{"href":"https:\/\/shopatoa.com\/ro\/wp-json\/wp\/v2\/product\/465088","targetHints":{"allow":["GET"]}}],"collection":[{"href":"https:\/\/shopatoa.com\/ro\/wp-json\/wp\/v2\/product"}],"about":[{"href":"https:\/\/shopatoa.com\/ro\/wp-json\/wp\/v2\/types\/product"}],"replies":[{"embeddable":true,"href":"https:\/\/shopatoa.com\/ro\/wp-json\/wp\/v2\/comments?post=465088"}],"wp:featuredmedia":[{"embeddable":true,"href":"https:\/\/shopatoa.com\/ro\/wp-json\/wp\/v2\/media\/465089"}],"wp:attachment":[{"href":"https:\/\/shopatoa.com\/ro\/wp-json\/wp\/v2\/media?parent=465088"}],"wp:term":[{"taxonomy":"product_brand","embeddable":true,"href":"https:\/\/shopatoa.com\/ro\/wp-json\/wp\/v2\/product_brand?post=465088"},{"taxonomy":"product_cat","embeddable":true,"href":"https:\/\/shopatoa.com\/ro\/wp-json\/wp\/v2\/product_cat?post=465088"},{"taxonomy":"product_tag","embeddable":true,"href":"https:\/\/shopatoa.com\/ro\/wp-json\/wp\/v2\/product_tag?post=465088"}],"curies":[{"name":"wp","href":"https:\/\/api.w.org\/{rel}","templated":true}]}}