{"id":465542,"date":"2025-06-27T22:18:55","date_gmt":"2025-06-27T20:18:55","guid":{"rendered":"https:\/\/shopatoa.com\/ro\/beautifly-b-lumix-pro-aparat-cosmetic-pentru-stimularea-secretiei-de-colagen-stand-1-buc\/"},"modified":"2026-02-03T07:27:36","modified_gmt":"2026-02-03T06:27:36","slug":"beautifly-b-lumix-pro-aparat-cosmetic-pentru-stimularea-secretiei-de-colagen-stand-1-buc","status":"publish","type":"product","link":"https:\/\/shopatoa.com\/ro\/beautifly-b-lumix-pro-aparat-cosmetic-pentru-stimularea-secretiei-de-colagen-stand-1-buc\/","title":{"rendered":"Beautifly B-Lumix PRO aparat cosmetic pentru stimularea secre\u021biei de colagen stand 1 buc"},"content":{"rendered":"<p>Beautifly B-Lumix PRO, 1 buc, Aparate de lifting pentru ten pentru femei, Dori\u021bi s\u0103 v\u0103 schimba\u021bi abordarea fa\u021b\u0103 de \u00eengrijirea tenului \u0219i s\u0103 include\u021bi un masaj pl\u0103cut \u00een rutina de \u00eenfrumuse\u021bare? Nu este nevoie s\u0103 apela\u021bi direct la un salon de cosmetic\u0103. Dispozitivul de masaj Beautifly B-Lumix PRO v\u0103 va asigura o terapie de masaj facial ca din m\u00e2inile unui estetician, \u00een confortul de acas\u0103. Datorit\u0103 masajului, va favoriza at\u00e2t circula\u021bia s\u00e2ngelui \u0219i absorb\u021bia mai rapid\u0103 a produselor de \u00eengrijire a tenului, c\u00e2t \u0219i vitalitatea \u0219i frumuse\u021bea lui natural\u0103. \u00cen plus, va contribui la ameliorarea \u00eencord\u0103rii musculare la nivelul fe\u021bei, contribuind, printre altele, la reducerea ridurilor \u0219i la un aspect mai tineresc al tenului. Bucura\u021bi-v\u0103 de terapia prin masaj facial, ameliora\u021bi-v\u0103 aspectul tenului \u0219i crea\u021bi-v\u0103 propriul ritual de frumuse\u021be, pe care s\u0103 \u00eel a\u0219tepta\u021bi cu ner\u0103bdare \u00een fiecare zi.  Caracteristici:  ajut\u0103 la re\u00eennoirea celulelor epidermei d\u0103 un aspect ferm conturului fe\u021bei promoveaz\u0103 produc\u021bia de colagen \u00eembun\u0103t\u0103\u021be\u0219te calitatea pielii ajut\u0103 la cre\u0219terea fluxului sanguin \u00een piele m\u0103re\u0219te elasticitatea pielii diminueaz\u0103 celulita \u0219i are efect de fermitate permite func\u021bionarea f\u0103r\u0103 cablu  Cum se utilizeaz\u0103: Glisa\u021bi dispozitivul pe ten. Nu insista\u021bi prea mult timp asupra unei anumite zone \u2013 mi\u0219ca\u021bi \u00een permanen\u021b\u0103 dispozitivul. Se utilizeaz\u0103 conform instruc\u021biunilor incluse. Cur\u0103\u021ba\u021bi regulat. Dezinfecta\u021bi cap\u0103tul \u00een mod regulat.<\/p>\n","protected":false},"excerpt":{"rendered":"<p>Beautifly B-Lumix PRO, 1 buc, Aparate de lifting pentru ten pentru femei, Dori\u021bi s\u0103 v\u0103 schimba\u021bi abordarea fa\u021b\u0103 de \u00eengrijirea tenului \u0219i s\u0103 include\u021bi un masaj pl\u0103cut \u00een rutina de \u00eenfrumuse\u021bare? Nu este nevoie s\u0103 apela\u021bi direct la un salon de cosmetic\u0103. Dispozitivul de masaj Beautifly B-Lumix PRO v\u0103 va asigura o terapie de masaj&#8230;<\/p>\n","protected":false},"featured_media":465543,"comment_status":"closed","ping_status":"open","template":"","meta":{"_acf_changed":false,"_kadence_starter_templates_imported_post":false,"_kad_post_transparent":"","_kad_post_title":"","_kad_post_layout":"","_kad_post_sidebar_id":"","_kad_post_content_style":"","_kad_post_vertical_padding":"","_kad_post_feature":"","_kad_post_feature_position":"","_kad_post_header":false,"_kad_post_footer":false,"_kad_post_classname":""},"product_brand":[2329],"product_cat":[1564,3942,4010,1563,1565,1562],"product_tag":[],"class_list":{"0":"post-465542","1":"product","2":"type-product","3":"status-publish","4":"has-post-thumbnail","6":"product_brand-beautifly","7":"product_cat-cosmetice-ingrijire-personala","8":"product_cat-electronice-ingrijirea-pielii","9":"product_cat-fier-de-calcat-galvanic","10":"product_cat-ingrijire-personala","11":"product_cat-ingrijirea-pielii","12":"product_cat-sanatate-si-frumusete","13":"pa_gen-female","14":"pa_marime-1-buc","16":"first","17":"instock","18":"sale","19":"product-type-external","20":"entry","21":"content-bg","22":"loop-entry"},"acf":[],"yoast_head":"<!-- This site is optimized with the Yoast SEO plugin v27.4 - https:\/\/yoast.com\/product\/yoast-seo-wordpress\/ -->\n<title>Beautifly B-Lumix PRO aparat cosmetic pentru stimularea secre\u021biei de colagen stand 1 buc - SHOPATOA.COM<\/title>\n<meta name=\"robots\" content=\"index, follow, max-snippet:-1, max-image-preview:large, max-video-preview:-1\" \/>\n<link rel=\"canonical\" href=\"https:\/\/shopatoa.com\/ro\/beautifly-b-lumix-pro-aparat-cosmetic-pentru-stimularea-secretiei-de-colagen-stand-1-buc\/\" \/>\n<meta property=\"og:locale\" content=\"ro_RO\" \/>\n<meta property=\"og:type\" content=\"article\" \/>\n<meta property=\"og:title\" content=\"Beautifly B-Lumix PRO aparat cosmetic pentru stimularea secre\u021biei de colagen stand 1 buc - SHOPATOA.COM\" \/>\n<meta property=\"og:description\" content=\"Beautifly B-Lumix PRO, 1 buc, Aparate de lifting pentru ten pentru femei, Dori\u021bi s\u0103 v\u0103 schimba\u021bi abordarea fa\u021b\u0103 de \u00eengrijirea tenului \u0219i s\u0103 include\u021bi un masaj pl\u0103cut \u00een rutina de \u00eenfrumuse\u021bare? Nu este nevoie s\u0103 apela\u021bi direct la un salon de cosmetic\u0103. Dispozitivul de masaj Beautifly B-Lumix PRO v\u0103 va asigura o terapie de masaj...\" \/>\n<meta property=\"og:url\" content=\"https:\/\/shopatoa.com\/ro\/beautifly-b-lumix-pro-aparat-cosmetic-pentru-stimularea-secretiei-de-colagen-stand-1-buc\/\" \/>\n<meta property=\"og:site_name\" content=\"SHOPATOA\" \/>\n<meta property=\"article:modified_time\" content=\"2026-02-03T06:27:36+00:00\" \/>\n<meta property=\"og:image\" content=\"https:\/\/storage.googleapis.com\/cz-shopatoa-img\/ro\/f2a4c37e-unnamed-file.webp\" \/>\n\t<meta property=\"og:image:width\" content=\"800\" \/>\n\t<meta property=\"og:image:height\" content=\"800\" \/>\n\t<meta property=\"og:image:type\" content=\"image\/webp\" \/>\n<meta name=\"twitter:card\" content=\"summary_large_image\" \/>\n<meta name=\"twitter:label1\" content=\"Timp estimat pentru citire\" \/>\n\t<meta name=\"twitter:data1\" content=\"1 minut\" \/>\n<script type=\"application\/ld+json\" class=\"yoast-schema-graph\">{\"@context\":\"https:\\\/\\\/schema.org\",\"@graph\":[{\"@type\":\"WebPage\",\"@id\":\"https:\\\/\\\/shopatoa.com\\\/ro\\\/beautifly-b-lumix-pro-aparat-cosmetic-pentru-stimularea-secretiei-de-colagen-stand-1-buc\\\/\",\"url\":\"https:\\\/\\\/shopatoa.com\\\/ro\\\/beautifly-b-lumix-pro-aparat-cosmetic-pentru-stimularea-secretiei-de-colagen-stand-1-buc\\\/\",\"name\":\"Beautifly B-Lumix PRO aparat cosmetic pentru stimularea secre\u021biei de colagen stand 1 buc - SHOPATOA.COM\",\"isPartOf\":{\"@id\":\"https:\\\/\\\/shopatoa.com\\\/ro\\\/#website\"},\"primaryImageOfPage\":{\"@id\":\"https:\\\/\\\/shopatoa.com\\\/ro\\\/beautifly-b-lumix-pro-aparat-cosmetic-pentru-stimularea-secretiei-de-colagen-stand-1-buc\\\/#primaryimage\"},\"image\":{\"@id\":\"https:\\\/\\\/shopatoa.com\\\/ro\\\/beautifly-b-lumix-pro-aparat-cosmetic-pentru-stimularea-secretiei-de-colagen-stand-1-buc\\\/#primaryimage\"},\"thumbnailUrl\":\"https:\\\/\\\/storage.googleapis.com\\\/cz-shopatoa-img\\\/ro\\\/f2a4c37e-unnamed-file.webp\",\"datePublished\":\"2025-06-27T20:18:55+00:00\",\"dateModified\":\"2026-02-03T06:27:36+00:00\",\"breadcrumb\":{\"@id\":\"https:\\\/\\\/shopatoa.com\\\/ro\\\/beautifly-b-lumix-pro-aparat-cosmetic-pentru-stimularea-secretiei-de-colagen-stand-1-buc\\\/#breadcrumb\"},\"inLanguage\":\"ro-RO\",\"potentialAction\":[{\"@type\":\"ReadAction\",\"target\":[\"https:\\\/\\\/shopatoa.com\\\/ro\\\/beautifly-b-lumix-pro-aparat-cosmetic-pentru-stimularea-secretiei-de-colagen-stand-1-buc\\\/\"]}]},{\"@type\":\"ImageObject\",\"inLanguage\":\"ro-RO\",\"@id\":\"https:\\\/\\\/shopatoa.com\\\/ro\\\/beautifly-b-lumix-pro-aparat-cosmetic-pentru-stimularea-secretiei-de-colagen-stand-1-buc\\\/#primaryimage\",\"url\":\"https:\\\/\\\/storage.googleapis.com\\\/cz-shopatoa-img\\\/ro\\\/f2a4c37e-unnamed-file.webp\",\"contentUrl\":\"https:\\\/\\\/storage.googleapis.com\\\/cz-shopatoa-img\\\/ro\\\/f2a4c37e-unnamed-file.webp\",\"width\":800,\"height\":800},{\"@type\":\"BreadcrumbList\",\"@id\":\"https:\\\/\\\/shopatoa.com\\\/ro\\\/beautifly-b-lumix-pro-aparat-cosmetic-pentru-stimularea-secretiei-de-colagen-stand-1-buc\\\/#breadcrumb\",\"itemListElement\":[{\"@type\":\"ListItem\",\"position\":1,\"name\":\"Dom\u016f\",\"item\":\"https:\\\/\\\/shopatoa.com\\\/ro\\\/\"},{\"@type\":\"ListItem\",\"position\":2,\"name\":\"Shop\",\"item\":\"https:\\\/\\\/shopatoa.com\\\/ro\\\/shop\\\/\"},{\"@type\":\"ListItem\",\"position\":3,\"name\":\"S\u0103n\u0103tate \u0219i frumuse\u021be\",\"item\":\"https:\\\/\\\/shopatoa.com\\\/ro\\\/sanatate-si-frumusete\\\/\"},{\"@type\":\"ListItem\",\"position\":4,\"name\":\"\u00cengrijire personal\u0103\",\"item\":\"https:\\\/\\\/shopatoa.com\\\/ro\\\/ingrijire-personala\\\/\"},{\"@type\":\"ListItem\",\"position\":5,\"name\":\"Cosmetice\",\"item\":\"https:\\\/\\\/shopatoa.com\\\/ro\\\/cosmetice-ingrijire-personala\\\/\"},{\"@type\":\"ListItem\",\"position\":6,\"name\":\"\u00cengrijirea pielii\",\"item\":\"https:\\\/\\\/shopatoa.com\\\/ro\\\/ingrijirea-pielii\\\/\"},{\"@type\":\"ListItem\",\"position\":7,\"name\":\"Electronice\",\"item\":\"https:\\\/\\\/shopatoa.com\\\/ro\\\/electronice-ingrijirea-pielii\\\/\"},{\"@type\":\"ListItem\",\"position\":8,\"name\":\"Fier de c\u0103lcat galvanic\",\"item\":\"https:\\\/\\\/shopatoa.com\\\/ro\\\/fier-de-calcat-galvanic\\\/\"},{\"@type\":\"ListItem\",\"position\":9,\"name\":\"Beautifly B-Lumix PRO aparat cosmetic pentru stimularea secre\u021biei de colagen stand 1 buc\"}]},{\"@type\":\"WebSite\",\"@id\":\"https:\\\/\\\/shopatoa.com\\\/ro\\\/#website\",\"url\":\"https:\\\/\\\/shopatoa.com\\\/ro\\\/\",\"name\":\"SHOPATOA\",\"description\":\"\",\"publisher\":{\"@id\":\"https:\\\/\\\/shopatoa.com\\\/ro\\\/#organization\"},\"potentialAction\":[{\"@type\":\"SearchAction\",\"target\":{\"@type\":\"EntryPoint\",\"urlTemplate\":\"https:\\\/\\\/shopatoa.com\\\/ro\\\/?s={search_term_string}\"},\"query-input\":{\"@type\":\"PropertyValueSpecification\",\"valueRequired\":true,\"valueName\":\"search_term_string\"}}],\"inLanguage\":\"ro-RO\"},{\"@type\":\"Organization\",\"@id\":\"https:\\\/\\\/shopatoa.com\\\/ro\\\/#organization\",\"name\":\"SHOPATOA\",\"url\":\"https:\\\/\\\/shopatoa.com\\\/ro\\\/\",\"logo\":{\"@type\":\"ImageObject\",\"inLanguage\":\"ro-RO\",\"@id\":\"https:\\\/\\\/shopatoa.com\\\/ro\\\/#\\\/schema\\\/logo\\\/image\\\/\",\"url\":\"https:\\\/\\\/storage.googleapis.com\\\/cz-shopatoa-img\\\/ro\\\/b4dac915-shopatoa_logo.png\",\"contentUrl\":\"https:\\\/\\\/storage.googleapis.com\\\/cz-shopatoa-img\\\/ro\\\/b4dac915-shopatoa_logo.png\",\"width\":416,\"height\":63,\"caption\":\"SHOPATOA\"},\"image\":{\"@id\":\"https:\\\/\\\/shopatoa.com\\\/ro\\\/#\\\/schema\\\/logo\\\/image\\\/\"}}]}<\/script>\n<!-- \/ Yoast SEO plugin. -->","yoast_head_json":{"title":"Beautifly B-Lumix PRO aparat cosmetic pentru stimularea secre\u021biei de colagen stand 1 buc - SHOPATOA.COM","robots":{"index":"index","follow":"follow","max-snippet":"max-snippet:-1","max-image-preview":"max-image-preview:large","max-video-preview":"max-video-preview:-1"},"canonical":"https:\/\/shopatoa.com\/ro\/beautifly-b-lumix-pro-aparat-cosmetic-pentru-stimularea-secretiei-de-colagen-stand-1-buc\/","og_locale":"ro_RO","og_type":"article","og_title":"Beautifly B-Lumix PRO aparat cosmetic pentru stimularea secre\u021biei de colagen stand 1 buc - SHOPATOA.COM","og_description":"Beautifly B-Lumix PRO, 1 buc, Aparate de lifting pentru ten pentru femei, Dori\u021bi s\u0103 v\u0103 schimba\u021bi abordarea fa\u021b\u0103 de \u00eengrijirea tenului \u0219i s\u0103 include\u021bi un masaj pl\u0103cut \u00een rutina de \u00eenfrumuse\u021bare? Nu este nevoie s\u0103 apela\u021bi direct la un salon de cosmetic\u0103. Dispozitivul de masaj Beautifly B-Lumix PRO v\u0103 va asigura o terapie de masaj...","og_url":"https:\/\/shopatoa.com\/ro\/beautifly-b-lumix-pro-aparat-cosmetic-pentru-stimularea-secretiei-de-colagen-stand-1-buc\/","og_site_name":"SHOPATOA","article_modified_time":"2026-02-03T06:27:36+00:00","og_image":[{"width":800,"height":800,"url":"https:\/\/storage.googleapis.com\/cz-shopatoa-img\/ro\/f2a4c37e-unnamed-file.webp","type":"image\/webp"}],"twitter_card":"summary_large_image","twitter_misc":{"Timp estimat pentru citire":"1 minut"},"schema":{"@context":"https:\/\/schema.org","@graph":[{"@type":"WebPage","@id":"https:\/\/shopatoa.com\/ro\/beautifly-b-lumix-pro-aparat-cosmetic-pentru-stimularea-secretiei-de-colagen-stand-1-buc\/","url":"https:\/\/shopatoa.com\/ro\/beautifly-b-lumix-pro-aparat-cosmetic-pentru-stimularea-secretiei-de-colagen-stand-1-buc\/","name":"Beautifly B-Lumix PRO aparat cosmetic pentru stimularea secre\u021biei de colagen stand 1 buc - SHOPATOA.COM","isPartOf":{"@id":"https:\/\/shopatoa.com\/ro\/#website"},"primaryImageOfPage":{"@id":"https:\/\/shopatoa.com\/ro\/beautifly-b-lumix-pro-aparat-cosmetic-pentru-stimularea-secretiei-de-colagen-stand-1-buc\/#primaryimage"},"image":{"@id":"https:\/\/shopatoa.com\/ro\/beautifly-b-lumix-pro-aparat-cosmetic-pentru-stimularea-secretiei-de-colagen-stand-1-buc\/#primaryimage"},"thumbnailUrl":"https:\/\/storage.googleapis.com\/cz-shopatoa-img\/ro\/f2a4c37e-unnamed-file.webp","datePublished":"2025-06-27T20:18:55+00:00","dateModified":"2026-02-03T06:27:36+00:00","breadcrumb":{"@id":"https:\/\/shopatoa.com\/ro\/beautifly-b-lumix-pro-aparat-cosmetic-pentru-stimularea-secretiei-de-colagen-stand-1-buc\/#breadcrumb"},"inLanguage":"ro-RO","potentialAction":[{"@type":"ReadAction","target":["https:\/\/shopatoa.com\/ro\/beautifly-b-lumix-pro-aparat-cosmetic-pentru-stimularea-secretiei-de-colagen-stand-1-buc\/"]}]},{"@type":"ImageObject","inLanguage":"ro-RO","@id":"https:\/\/shopatoa.com\/ro\/beautifly-b-lumix-pro-aparat-cosmetic-pentru-stimularea-secretiei-de-colagen-stand-1-buc\/#primaryimage","url":"https:\/\/storage.googleapis.com\/cz-shopatoa-img\/ro\/f2a4c37e-unnamed-file.webp","contentUrl":"https:\/\/storage.googleapis.com\/cz-shopatoa-img\/ro\/f2a4c37e-unnamed-file.webp","width":800,"height":800},{"@type":"BreadcrumbList","@id":"https:\/\/shopatoa.com\/ro\/beautifly-b-lumix-pro-aparat-cosmetic-pentru-stimularea-secretiei-de-colagen-stand-1-buc\/#breadcrumb","itemListElement":[{"@type":"ListItem","position":1,"name":"Dom\u016f","item":"https:\/\/shopatoa.com\/ro\/"},{"@type":"ListItem","position":2,"name":"Shop","item":"https:\/\/shopatoa.com\/ro\/shop\/"},{"@type":"ListItem","position":3,"name":"S\u0103n\u0103tate \u0219i frumuse\u021be","item":"https:\/\/shopatoa.com\/ro\/sanatate-si-frumusete\/"},{"@type":"ListItem","position":4,"name":"\u00cengrijire personal\u0103","item":"https:\/\/shopatoa.com\/ro\/ingrijire-personala\/"},{"@type":"ListItem","position":5,"name":"Cosmetice","item":"https:\/\/shopatoa.com\/ro\/cosmetice-ingrijire-personala\/"},{"@type":"ListItem","position":6,"name":"\u00cengrijirea pielii","item":"https:\/\/shopatoa.com\/ro\/ingrijirea-pielii\/"},{"@type":"ListItem","position":7,"name":"Electronice","item":"https:\/\/shopatoa.com\/ro\/electronice-ingrijirea-pielii\/"},{"@type":"ListItem","position":8,"name":"Fier de c\u0103lcat galvanic","item":"https:\/\/shopatoa.com\/ro\/fier-de-calcat-galvanic\/"},{"@type":"ListItem","position":9,"name":"Beautifly B-Lumix PRO aparat cosmetic pentru stimularea secre\u021biei de colagen stand 1 buc"}]},{"@type":"WebSite","@id":"https:\/\/shopatoa.com\/ro\/#website","url":"https:\/\/shopatoa.com\/ro\/","name":"SHOPATOA","description":"","publisher":{"@id":"https:\/\/shopatoa.com\/ro\/#organization"},"potentialAction":[{"@type":"SearchAction","target":{"@type":"EntryPoint","urlTemplate":"https:\/\/shopatoa.com\/ro\/?s={search_term_string}"},"query-input":{"@type":"PropertyValueSpecification","valueRequired":true,"valueName":"search_term_string"}}],"inLanguage":"ro-RO"},{"@type":"Organization","@id":"https:\/\/shopatoa.com\/ro\/#organization","name":"SHOPATOA","url":"https:\/\/shopatoa.com\/ro\/","logo":{"@type":"ImageObject","inLanguage":"ro-RO","@id":"https:\/\/shopatoa.com\/ro\/#\/schema\/logo\/image\/","url":"https:\/\/storage.googleapis.com\/cz-shopatoa-img\/ro\/b4dac915-shopatoa_logo.png","contentUrl":"https:\/\/storage.googleapis.com\/cz-shopatoa-img\/ro\/b4dac915-shopatoa_logo.png","width":416,"height":63,"caption":"SHOPATOA"},"image":{"@id":"https:\/\/shopatoa.com\/ro\/#\/schema\/logo\/image\/"}}]}},"_links":{"self":[{"href":"https:\/\/shopatoa.com\/ro\/wp-json\/wp\/v2\/product\/465542","targetHints":{"allow":["GET"]}}],"collection":[{"href":"https:\/\/shopatoa.com\/ro\/wp-json\/wp\/v2\/product"}],"about":[{"href":"https:\/\/shopatoa.com\/ro\/wp-json\/wp\/v2\/types\/product"}],"replies":[{"embeddable":true,"href":"https:\/\/shopatoa.com\/ro\/wp-json\/wp\/v2\/comments?post=465542"}],"wp:featuredmedia":[{"embeddable":true,"href":"https:\/\/shopatoa.com\/ro\/wp-json\/wp\/v2\/media\/465543"}],"wp:attachment":[{"href":"https:\/\/shopatoa.com\/ro\/wp-json\/wp\/v2\/media?parent=465542"}],"wp:term":[{"taxonomy":"product_brand","embeddable":true,"href":"https:\/\/shopatoa.com\/ro\/wp-json\/wp\/v2\/product_brand?post=465542"},{"taxonomy":"product_cat","embeddable":true,"href":"https:\/\/shopatoa.com\/ro\/wp-json\/wp\/v2\/product_cat?post=465542"},{"taxonomy":"product_tag","embeddable":true,"href":"https:\/\/shopatoa.com\/ro\/wp-json\/wp\/v2\/product_tag?post=465542"}],"curies":[{"name":"wp","href":"https:\/\/api.w.org\/{rel}","templated":true}]}}