{"id":466086,"date":"2025-06-27T23:17:54","date_gmt":"2025-06-27T21:17:54","guid":{"rendered":"https:\/\/shopatoa.com\/ro\/joanna-ultra-color-blond-crema-decoloranta\/"},"modified":"2025-06-27T23:18:25","modified_gmt":"2025-06-27T21:18:25","slug":"joanna-ultra-color-blond-crema-decoloranta","status":"publish","type":"product","link":"https:\/\/shopatoa.com\/ro\/joanna-ultra-color-blond-crema-decoloranta\/","title":{"rendered":"Joanna Ultra Color Blond crema decoloranta"},"content":{"rendered":"<p>Joanna Ultra Color Blond, Vopsele de p\u0103r pentru femei, Dori\u021bi s\u0103 ob\u021bine\u021bi o nuan\u021b\u0103 vibrant\u0103 de lung\u0103 durat\u0103, s\u0103 acoperi\u021bi firele de p\u0103r albe sau s\u0103 v\u0103 schimba\u021bi complet culoarea p\u0103rului? Vopseaua de p\u0103r permanent\u0103 Joanna Ultra Color Blond v\u0103 va oferi rezultatul dorit. Va conferi p\u0103rului dvs. o culoare intens\u0103 \u0219i o str\u0103lucire radiant\u0103, dar, spre deosebire de vopselele semipermanente \u0219i \u0219ampoanele nuan\u021batoare, nu se va sp\u0103la treptat \u0219i nu se va estompa, pentru ca p\u0103rul dvs. perfect vopsit s\u0103 reziste s\u0103pt\u0103m\u00e2ni \u00eentregi. Compozi\u021bia cu pigmen\u021bi p\u0103trunde ad\u00e2nc \u00een fibra de p\u0103r, ceea ce garanteaz\u0103 un efect de culoare de lung\u0103 durat\u0103, o sp\u0103lare lent\u0103 \u0219i o acoperire perfect\u0103, de exemplu, a firelor albe. Indiferent dac\u0103 obiectivul dvs. este de a uniformiza culoarea natural\u0103 a p\u0103rului sau de a o schimba complet, aceast\u0103 vopsea permanent\u0103 nu v\u0103 va dezam\u0103gi.  Caracteristici:  decoloreaz\u0103 cu c\u00e2teva tonuri creeaz\u0103 efectul de ton pe ton aplicare rapid\u0103 \u0219i u\u0219oar\u0103, din confortul de acas\u0103  Cum se utilizeaz\u0103: Se urmeaz\u0103 instruc\u021biunile din pachet.<\/p>\n","protected":false},"excerpt":{"rendered":"<p>Joanna Ultra Color Blond, Vopsele de p\u0103r pentru femei, Dori\u021bi s\u0103 ob\u021bine\u021bi o nuan\u021b\u0103 vibrant\u0103 de lung\u0103 durat\u0103, s\u0103 acoperi\u021bi firele de p\u0103r albe sau s\u0103 v\u0103 schimba\u021bi complet culoarea p\u0103rului? Vopseaua de p\u0103r permanent\u0103 Joanna Ultra Color Blond v\u0103 va oferi rezultatul dorit. Va conferi p\u0103rului dvs. o culoare intens\u0103 \u0219i o str\u0103lucire radiant\u0103,&#8230;<\/p>\n","protected":false},"featured_media":466087,"comment_status":"closed","ping_status":"open","template":"","meta":{"_acf_changed":false,"_kadence_starter_templates_imported_post":false,"_kad_post_transparent":"","_kad_post_title":"","_kad_post_layout":"","_kad_post_sidebar_id":"","_kad_post_content_style":"","_kad_post_vertical_padding":"","_kad_post_feature":"","_kad_post_feature_position":"","_kad_post_header":false,"_kad_post_footer":false,"_kad_post_classname":""},"product_brand":[2614],"product_cat":[1563,1590,1562,3899,3900],"product_tag":[],"class_list":{"0":"post-466086","1":"product","2":"type-product","3":"status-publish","4":"has-post-thumbnail","6":"product_brand-joanna","7":"product_cat-ingrijire-personala","8":"product_cat-ingrijirea-parului","9":"product_cat-sanatate-si-frumusete","10":"product_cat-vopsele-pentru-par","11":"product_cat-vopsele-permanente-pentru-par","12":"pa_gen-female","14":"first","15":"instock","16":"product-type-external","17":"entry","18":"content-bg","19":"loop-entry"},"acf":[],"yoast_head":"<!-- This site is optimized with the Yoast SEO plugin v27.4 - https:\/\/yoast.com\/product\/yoast-seo-wordpress\/ -->\n<title>Joanna Ultra Color Blond crema decoloranta - SHOPATOA.COM<\/title>\n<meta name=\"robots\" content=\"index, follow, max-snippet:-1, max-image-preview:large, max-video-preview:-1\" \/>\n<link rel=\"canonical\" href=\"https:\/\/shopatoa.com\/ro\/joanna-ultra-color-blond-crema-decoloranta\/\" \/>\n<meta property=\"og:locale\" content=\"ro_RO\" \/>\n<meta property=\"og:type\" content=\"article\" \/>\n<meta property=\"og:title\" content=\"Joanna Ultra Color Blond crema decoloranta - SHOPATOA.COM\" \/>\n<meta property=\"og:description\" content=\"Joanna Ultra Color Blond, Vopsele de p\u0103r pentru femei, Dori\u021bi s\u0103 ob\u021bine\u021bi o nuan\u021b\u0103 vibrant\u0103 de lung\u0103 durat\u0103, s\u0103 acoperi\u021bi firele de p\u0103r albe sau s\u0103 v\u0103 schimba\u021bi complet culoarea p\u0103rului? Vopseaua de p\u0103r permanent\u0103 Joanna Ultra Color Blond v\u0103 va oferi rezultatul dorit. Va conferi p\u0103rului dvs. o culoare intens\u0103 \u0219i o str\u0103lucire radiant\u0103,...\" \/>\n<meta property=\"og:url\" content=\"https:\/\/shopatoa.com\/ro\/joanna-ultra-color-blond-crema-decoloranta\/\" \/>\n<meta property=\"og:site_name\" content=\"SHOPATOA\" \/>\n<meta property=\"article:modified_time\" content=\"2025-06-27T21:18:25+00:00\" \/>\n<meta property=\"og:image\" content=\"https:\/\/storage.googleapis.com\/cz-shopatoa-img\/ro\/4a666669-unnamed-file.webp\" \/>\n\t<meta property=\"og:image:width\" content=\"800\" \/>\n\t<meta property=\"og:image:height\" content=\"800\" \/>\n\t<meta property=\"og:image:type\" content=\"image\/webp\" \/>\n<meta name=\"twitter:card\" content=\"summary_large_image\" \/>\n<meta name=\"twitter:label1\" content=\"Timp estimat pentru citire\" \/>\n\t<meta name=\"twitter:data1\" content=\"1 minut\" \/>\n<script type=\"application\/ld+json\" class=\"yoast-schema-graph\">{\"@context\":\"https:\\\/\\\/schema.org\",\"@graph\":[{\"@type\":\"WebPage\",\"@id\":\"https:\\\/\\\/shopatoa.com\\\/ro\\\/joanna-ultra-color-blond-crema-decoloranta\\\/\",\"url\":\"https:\\\/\\\/shopatoa.com\\\/ro\\\/joanna-ultra-color-blond-crema-decoloranta\\\/\",\"name\":\"Joanna Ultra Color Blond crema decoloranta - SHOPATOA.COM\",\"isPartOf\":{\"@id\":\"https:\\\/\\\/shopatoa.com\\\/ro\\\/#website\"},\"primaryImageOfPage\":{\"@id\":\"https:\\\/\\\/shopatoa.com\\\/ro\\\/joanna-ultra-color-blond-crema-decoloranta\\\/#primaryimage\"},\"image\":{\"@id\":\"https:\\\/\\\/shopatoa.com\\\/ro\\\/joanna-ultra-color-blond-crema-decoloranta\\\/#primaryimage\"},\"thumbnailUrl\":\"https:\\\/\\\/storage.googleapis.com\\\/cz-shopatoa-img\\\/ro\\\/4a666669-unnamed-file.webp\",\"datePublished\":\"2025-06-27T21:17:54+00:00\",\"dateModified\":\"2025-06-27T21:18:25+00:00\",\"breadcrumb\":{\"@id\":\"https:\\\/\\\/shopatoa.com\\\/ro\\\/joanna-ultra-color-blond-crema-decoloranta\\\/#breadcrumb\"},\"inLanguage\":\"ro-RO\",\"potentialAction\":[{\"@type\":\"ReadAction\",\"target\":[\"https:\\\/\\\/shopatoa.com\\\/ro\\\/joanna-ultra-color-blond-crema-decoloranta\\\/\"]}]},{\"@type\":\"ImageObject\",\"inLanguage\":\"ro-RO\",\"@id\":\"https:\\\/\\\/shopatoa.com\\\/ro\\\/joanna-ultra-color-blond-crema-decoloranta\\\/#primaryimage\",\"url\":\"https:\\\/\\\/storage.googleapis.com\\\/cz-shopatoa-img\\\/ro\\\/4a666669-unnamed-file.webp\",\"contentUrl\":\"https:\\\/\\\/storage.googleapis.com\\\/cz-shopatoa-img\\\/ro\\\/4a666669-unnamed-file.webp\",\"width\":800,\"height\":800},{\"@type\":\"BreadcrumbList\",\"@id\":\"https:\\\/\\\/shopatoa.com\\\/ro\\\/joanna-ultra-color-blond-crema-decoloranta\\\/#breadcrumb\",\"itemListElement\":[{\"@type\":\"ListItem\",\"position\":1,\"name\":\"Dom\u016f\",\"item\":\"https:\\\/\\\/shopatoa.com\\\/ro\\\/\"},{\"@type\":\"ListItem\",\"position\":2,\"name\":\"Shop\",\"item\":\"https:\\\/\\\/shopatoa.com\\\/ro\\\/shop\\\/\"},{\"@type\":\"ListItem\",\"position\":3,\"name\":\"Joanna Ultra Color Blond crema decoloranta\"}]},{\"@type\":\"WebSite\",\"@id\":\"https:\\\/\\\/shopatoa.com\\\/ro\\\/#website\",\"url\":\"https:\\\/\\\/shopatoa.com\\\/ro\\\/\",\"name\":\"SHOPATOA\",\"description\":\"\",\"publisher\":{\"@id\":\"https:\\\/\\\/shopatoa.com\\\/ro\\\/#organization\"},\"potentialAction\":[{\"@type\":\"SearchAction\",\"target\":{\"@type\":\"EntryPoint\",\"urlTemplate\":\"https:\\\/\\\/shopatoa.com\\\/ro\\\/?s={search_term_string}\"},\"query-input\":{\"@type\":\"PropertyValueSpecification\",\"valueRequired\":true,\"valueName\":\"search_term_string\"}}],\"inLanguage\":\"ro-RO\"},{\"@type\":\"Organization\",\"@id\":\"https:\\\/\\\/shopatoa.com\\\/ro\\\/#organization\",\"name\":\"SHOPATOA\",\"url\":\"https:\\\/\\\/shopatoa.com\\\/ro\\\/\",\"logo\":{\"@type\":\"ImageObject\",\"inLanguage\":\"ro-RO\",\"@id\":\"https:\\\/\\\/shopatoa.com\\\/ro\\\/#\\\/schema\\\/logo\\\/image\\\/\",\"url\":\"https:\\\/\\\/storage.googleapis.com\\\/cz-shopatoa-img\\\/ro\\\/b4dac915-shopatoa_logo.png\",\"contentUrl\":\"https:\\\/\\\/storage.googleapis.com\\\/cz-shopatoa-img\\\/ro\\\/b4dac915-shopatoa_logo.png\",\"width\":416,\"height\":63,\"caption\":\"SHOPATOA\"},\"image\":{\"@id\":\"https:\\\/\\\/shopatoa.com\\\/ro\\\/#\\\/schema\\\/logo\\\/image\\\/\"}}]}<\/script>\n<!-- \/ Yoast SEO plugin. -->","yoast_head_json":{"title":"Joanna Ultra Color Blond crema decoloranta - SHOPATOA.COM","robots":{"index":"index","follow":"follow","max-snippet":"max-snippet:-1","max-image-preview":"max-image-preview:large","max-video-preview":"max-video-preview:-1"},"canonical":"https:\/\/shopatoa.com\/ro\/joanna-ultra-color-blond-crema-decoloranta\/","og_locale":"ro_RO","og_type":"article","og_title":"Joanna Ultra Color Blond crema decoloranta - SHOPATOA.COM","og_description":"Joanna Ultra Color Blond, Vopsele de p\u0103r pentru femei, Dori\u021bi s\u0103 ob\u021bine\u021bi o nuan\u021b\u0103 vibrant\u0103 de lung\u0103 durat\u0103, s\u0103 acoperi\u021bi firele de p\u0103r albe sau s\u0103 v\u0103 schimba\u021bi complet culoarea p\u0103rului? Vopseaua de p\u0103r permanent\u0103 Joanna Ultra Color Blond v\u0103 va oferi rezultatul dorit. Va conferi p\u0103rului dvs. o culoare intens\u0103 \u0219i o str\u0103lucire radiant\u0103,...","og_url":"https:\/\/shopatoa.com\/ro\/joanna-ultra-color-blond-crema-decoloranta\/","og_site_name":"SHOPATOA","article_modified_time":"2025-06-27T21:18:25+00:00","og_image":[{"width":800,"height":800,"url":"https:\/\/storage.googleapis.com\/cz-shopatoa-img\/ro\/4a666669-unnamed-file.webp","type":"image\/webp"}],"twitter_card":"summary_large_image","twitter_misc":{"Timp estimat pentru citire":"1 minut"},"schema":{"@context":"https:\/\/schema.org","@graph":[{"@type":"WebPage","@id":"https:\/\/shopatoa.com\/ro\/joanna-ultra-color-blond-crema-decoloranta\/","url":"https:\/\/shopatoa.com\/ro\/joanna-ultra-color-blond-crema-decoloranta\/","name":"Joanna Ultra Color Blond crema decoloranta - SHOPATOA.COM","isPartOf":{"@id":"https:\/\/shopatoa.com\/ro\/#website"},"primaryImageOfPage":{"@id":"https:\/\/shopatoa.com\/ro\/joanna-ultra-color-blond-crema-decoloranta\/#primaryimage"},"image":{"@id":"https:\/\/shopatoa.com\/ro\/joanna-ultra-color-blond-crema-decoloranta\/#primaryimage"},"thumbnailUrl":"https:\/\/storage.googleapis.com\/cz-shopatoa-img\/ro\/4a666669-unnamed-file.webp","datePublished":"2025-06-27T21:17:54+00:00","dateModified":"2025-06-27T21:18:25+00:00","breadcrumb":{"@id":"https:\/\/shopatoa.com\/ro\/joanna-ultra-color-blond-crema-decoloranta\/#breadcrumb"},"inLanguage":"ro-RO","potentialAction":[{"@type":"ReadAction","target":["https:\/\/shopatoa.com\/ro\/joanna-ultra-color-blond-crema-decoloranta\/"]}]},{"@type":"ImageObject","inLanguage":"ro-RO","@id":"https:\/\/shopatoa.com\/ro\/joanna-ultra-color-blond-crema-decoloranta\/#primaryimage","url":"https:\/\/storage.googleapis.com\/cz-shopatoa-img\/ro\/4a666669-unnamed-file.webp","contentUrl":"https:\/\/storage.googleapis.com\/cz-shopatoa-img\/ro\/4a666669-unnamed-file.webp","width":800,"height":800},{"@type":"BreadcrumbList","@id":"https:\/\/shopatoa.com\/ro\/joanna-ultra-color-blond-crema-decoloranta\/#breadcrumb","itemListElement":[{"@type":"ListItem","position":1,"name":"Dom\u016f","item":"https:\/\/shopatoa.com\/ro\/"},{"@type":"ListItem","position":2,"name":"Shop","item":"https:\/\/shopatoa.com\/ro\/shop\/"},{"@type":"ListItem","position":3,"name":"Joanna Ultra Color Blond crema decoloranta"}]},{"@type":"WebSite","@id":"https:\/\/shopatoa.com\/ro\/#website","url":"https:\/\/shopatoa.com\/ro\/","name":"SHOPATOA","description":"","publisher":{"@id":"https:\/\/shopatoa.com\/ro\/#organization"},"potentialAction":[{"@type":"SearchAction","target":{"@type":"EntryPoint","urlTemplate":"https:\/\/shopatoa.com\/ro\/?s={search_term_string}"},"query-input":{"@type":"PropertyValueSpecification","valueRequired":true,"valueName":"search_term_string"}}],"inLanguage":"ro-RO"},{"@type":"Organization","@id":"https:\/\/shopatoa.com\/ro\/#organization","name":"SHOPATOA","url":"https:\/\/shopatoa.com\/ro\/","logo":{"@type":"ImageObject","inLanguage":"ro-RO","@id":"https:\/\/shopatoa.com\/ro\/#\/schema\/logo\/image\/","url":"https:\/\/storage.googleapis.com\/cz-shopatoa-img\/ro\/b4dac915-shopatoa_logo.png","contentUrl":"https:\/\/storage.googleapis.com\/cz-shopatoa-img\/ro\/b4dac915-shopatoa_logo.png","width":416,"height":63,"caption":"SHOPATOA"},"image":{"@id":"https:\/\/shopatoa.com\/ro\/#\/schema\/logo\/image\/"}}]}},"_links":{"self":[{"href":"https:\/\/shopatoa.com\/ro\/wp-json\/wp\/v2\/product\/466086","targetHints":{"allow":["GET"]}}],"collection":[{"href":"https:\/\/shopatoa.com\/ro\/wp-json\/wp\/v2\/product"}],"about":[{"href":"https:\/\/shopatoa.com\/ro\/wp-json\/wp\/v2\/types\/product"}],"replies":[{"embeddable":true,"href":"https:\/\/shopatoa.com\/ro\/wp-json\/wp\/v2\/comments?post=466086"}],"wp:featuredmedia":[{"embeddable":true,"href":"https:\/\/shopatoa.com\/ro\/wp-json\/wp\/v2\/media\/466087"}],"wp:attachment":[{"href":"https:\/\/shopatoa.com\/ro\/wp-json\/wp\/v2\/media?parent=466086"}],"wp:term":[{"taxonomy":"product_brand","embeddable":true,"href":"https:\/\/shopatoa.com\/ro\/wp-json\/wp\/v2\/product_brand?post=466086"},{"taxonomy":"product_cat","embeddable":true,"href":"https:\/\/shopatoa.com\/ro\/wp-json\/wp\/v2\/product_cat?post=466086"},{"taxonomy":"product_tag","embeddable":true,"href":"https:\/\/shopatoa.com\/ro\/wp-json\/wp\/v2\/product_tag?post=466086"}],"curies":[{"name":"wp","href":"https:\/\/api.w.org\/{rel}","templated":true}]}}