{"id":466416,"date":"2025-06-27T23:50:41","date_gmt":"2025-06-27T21:50:41","guid":{"rendered":"https:\/\/shopatoa.com\/ro\/petitemars-wood-of-mars-orbit-inele-inserabile-din-lemn-36-m-1-buc\/"},"modified":"2026-02-03T05:14:03","modified_gmt":"2026-02-03T04:14:03","slug":"petitemars-wood-of-mars-orbit-inele-inserabile-din-lemn-36-m-1-buc","status":"publish","type":"product","link":"https:\/\/shopatoa.com\/ro\/petitemars-wood-of-mars-orbit-inele-inserabile-din-lemn-36-m-1-buc\/","title":{"rendered":"Petite&amp;Mars Wood of Mars Orbit inele inserabile din lemn 36 m+ 1 buc"},"content":{"rendered":"<p>Petite&amp;Mars Wood of Mars Orbit, 1 buc, Juc\u0103rii interactive pentru copii, Lemnul este un material natural, durabil, care se potrive\u0219te de minune \u00een orice interior. Atunci, de ce s\u0103 nu achizi\u021biona\u021bi juc\u0103rii din lemn? Juc\u0103ria Petite&amp;Mars Wood of Mars Orbit este metoda perfect\u0103 de a-i \u021bine ocupa\u021bi pe cei mici. Nu numai c\u0103 v\u0103 va distra copilul \u0219i va ajuta la dezvoltarea percep\u021biei senzoriale \u0219i a altor abilit\u0103\u021bi, dar \u00eei va \u00eenc\u00e2nta \u0219i pe p\u0103rin\u021bii care \u021bin la ecologie, datorit\u0103 biodegradabilit\u0103\u021bii materialului din lemn. \u00cen plus, farmecul aparte \u0219i aspectul atemporal al acestei juc\u0103rii din lemn vor completa frumos orice interior.  Caracteristici:  culorile senzoriale stimuleaz\u0103 dezvoltarea sim\u021burilor copilului poate servi ca decora\u021bie \u00een camera copilului dezvolt\u0103 abilit\u0103\u021bile bebelu\u0219ului de a-\u0219i concentra aten\u021bia juc\u0103ria se poate monta \u0219i demonta lemn aspect atemporal \u0219i farmec aparte datorit\u0103 materialului din lemn ajut\u0103 la exersarea \u0219i dezvoltarea motricit\u0103\u021bii copilului \u00eencurajeaz\u0103 spiritul ludic al copiilor \u0219i le dezvolt\u0103 imagina\u021bia permite copiilor s\u0103 \u00eenve\u021be prin joc se \u021bine bine chiar \u0219i de c\u0103tre m\u00e2nu\u021bele mici ale copiilor datorit\u0103 formei practice, juc\u0103ria se poate apuca u\u0219or  Ingrediente:  lemn<\/p>\n","protected":false},"excerpt":{"rendered":"<p>Petite&amp;Mars Wood of Mars Orbit, 1 buc, Juc\u0103rii interactive pentru copii, Lemnul este un material natural, durabil, care se potrive\u0219te de minune \u00een orice interior. Atunci, de ce s\u0103 nu achizi\u021biona\u021bi juc\u0103rii din lemn? Juc\u0103ria Petite&amp;Mars Wood of Mars Orbit este metoda perfect\u0103 de a-i \u021bine ocupa\u021bi pe cei mici. Nu numai c\u0103 v\u0103 va&#8230;<\/p>\n","protected":false},"featured_media":466417,"comment_status":"closed","ping_status":"open","template":"","meta":{"_acf_changed":false,"_kadence_starter_templates_imported_post":false,"_kad_post_transparent":"","_kad_post_title":"","_kad_post_layout":"","_kad_post_sidebar_id":"","_kad_post_content_style":"","_kad_post_vertical_padding":"","_kad_post_feature":"","_kad_post_feature_position":"","_kad_post_header":false,"_kad_post_footer":false,"_kad_post_classname":""},"product_brand":[2772],"product_cat":[3893,3931,3894],"product_tag":[],"class_list":{"0":"post-466416","1":"product","2":"type-product","3":"status-publish","4":"has-post-thumbnail","6":"product_brand-petitemars","7":"product_cat-copii-si-sugari","8":"product_cat-jucarii-din-lemn","9":"product_cat-jucarii-pentru-copii","10":"pa_gen-unisex","11":"pa_marime-1-buc","13":"first","14":"instock","15":"sale","16":"product-type-external","17":"entry","18":"content-bg","19":"loop-entry"},"acf":[],"yoast_head":"<!-- This site is optimized with the Yoast SEO plugin v27.4 - https:\/\/yoast.com\/product\/yoast-seo-wordpress\/ -->\n<title>Petite&amp;Mars Wood of Mars Orbit inele inserabile din lemn 36 m+ 1 buc - SHOPATOA.COM<\/title>\n<meta name=\"robots\" content=\"index, follow, max-snippet:-1, max-image-preview:large, max-video-preview:-1\" \/>\n<link rel=\"canonical\" href=\"https:\/\/shopatoa.com\/ro\/petitemars-wood-of-mars-orbit-inele-inserabile-din-lemn-36-m-1-buc\/\" \/>\n<meta property=\"og:locale\" content=\"ro_RO\" \/>\n<meta property=\"og:type\" content=\"article\" \/>\n<meta property=\"og:title\" content=\"Petite&amp;Mars Wood of Mars Orbit inele inserabile din lemn 36 m+ 1 buc - SHOPATOA.COM\" \/>\n<meta property=\"og:description\" content=\"Petite&amp;Mars Wood of Mars Orbit, 1 buc, Juc\u0103rii interactive pentru copii, Lemnul este un material natural, durabil, care se potrive\u0219te de minune \u00een orice interior. Atunci, de ce s\u0103 nu achizi\u021biona\u021bi juc\u0103rii din lemn? Juc\u0103ria Petite&amp;Mars Wood of Mars Orbit este metoda perfect\u0103 de a-i \u021bine ocupa\u021bi pe cei mici. Nu numai c\u0103 v\u0103 va...\" \/>\n<meta property=\"og:url\" content=\"https:\/\/shopatoa.com\/ro\/petitemars-wood-of-mars-orbit-inele-inserabile-din-lemn-36-m-1-buc\/\" \/>\n<meta property=\"og:site_name\" content=\"SHOPATOA\" \/>\n<meta property=\"article:modified_time\" content=\"2026-02-03T04:14:03+00:00\" \/>\n<meta property=\"og:image\" content=\"https:\/\/storage.googleapis.com\/cz-shopatoa-img\/ro\/481304fe-unnamed-file.webp\" \/>\n\t<meta property=\"og:image:width\" content=\"800\" \/>\n\t<meta property=\"og:image:height\" content=\"800\" \/>\n\t<meta property=\"og:image:type\" content=\"image\/webp\" \/>\n<meta name=\"twitter:card\" content=\"summary_large_image\" \/>\n<meta name=\"twitter:label1\" content=\"Timp estimat pentru citire\" \/>\n\t<meta name=\"twitter:data1\" content=\"1 minut\" \/>\n<script type=\"application\/ld+json\" class=\"yoast-schema-graph\">{\"@context\":\"https:\\\/\\\/schema.org\",\"@graph\":[{\"@type\":\"WebPage\",\"@id\":\"https:\\\/\\\/shopatoa.com\\\/ro\\\/petitemars-wood-of-mars-orbit-inele-inserabile-din-lemn-36-m-1-buc\\\/\",\"url\":\"https:\\\/\\\/shopatoa.com\\\/ro\\\/petitemars-wood-of-mars-orbit-inele-inserabile-din-lemn-36-m-1-buc\\\/\",\"name\":\"Petite&Mars Wood of Mars Orbit inele inserabile din lemn 36 m+ 1 buc - SHOPATOA.COM\",\"isPartOf\":{\"@id\":\"https:\\\/\\\/shopatoa.com\\\/ro\\\/#website\"},\"primaryImageOfPage\":{\"@id\":\"https:\\\/\\\/shopatoa.com\\\/ro\\\/petitemars-wood-of-mars-orbit-inele-inserabile-din-lemn-36-m-1-buc\\\/#primaryimage\"},\"image\":{\"@id\":\"https:\\\/\\\/shopatoa.com\\\/ro\\\/petitemars-wood-of-mars-orbit-inele-inserabile-din-lemn-36-m-1-buc\\\/#primaryimage\"},\"thumbnailUrl\":\"https:\\\/\\\/storage.googleapis.com\\\/cz-shopatoa-img\\\/ro\\\/481304fe-unnamed-file.webp\",\"datePublished\":\"2025-06-27T21:50:41+00:00\",\"dateModified\":\"2026-02-03T04:14:03+00:00\",\"breadcrumb\":{\"@id\":\"https:\\\/\\\/shopatoa.com\\\/ro\\\/petitemars-wood-of-mars-orbit-inele-inserabile-din-lemn-36-m-1-buc\\\/#breadcrumb\"},\"inLanguage\":\"ro-RO\",\"potentialAction\":[{\"@type\":\"ReadAction\",\"target\":[\"https:\\\/\\\/shopatoa.com\\\/ro\\\/petitemars-wood-of-mars-orbit-inele-inserabile-din-lemn-36-m-1-buc\\\/\"]}]},{\"@type\":\"ImageObject\",\"inLanguage\":\"ro-RO\",\"@id\":\"https:\\\/\\\/shopatoa.com\\\/ro\\\/petitemars-wood-of-mars-orbit-inele-inserabile-din-lemn-36-m-1-buc\\\/#primaryimage\",\"url\":\"https:\\\/\\\/storage.googleapis.com\\\/cz-shopatoa-img\\\/ro\\\/481304fe-unnamed-file.webp\",\"contentUrl\":\"https:\\\/\\\/storage.googleapis.com\\\/cz-shopatoa-img\\\/ro\\\/481304fe-unnamed-file.webp\",\"width\":800,\"height\":800},{\"@type\":\"BreadcrumbList\",\"@id\":\"https:\\\/\\\/shopatoa.com\\\/ro\\\/petitemars-wood-of-mars-orbit-inele-inserabile-din-lemn-36-m-1-buc\\\/#breadcrumb\",\"itemListElement\":[{\"@type\":\"ListItem\",\"position\":1,\"name\":\"Dom\u016f\",\"item\":\"https:\\\/\\\/shopatoa.com\\\/ro\\\/\"},{\"@type\":\"ListItem\",\"position\":2,\"name\":\"Shop\",\"item\":\"https:\\\/\\\/shopatoa.com\\\/ro\\\/shop\\\/\"},{\"@type\":\"ListItem\",\"position\":3,\"name\":\"Copii \u0219i sugari\",\"item\":\"https:\\\/\\\/shopatoa.com\\\/ro\\\/copii-si-sugari\\\/\"},{\"@type\":\"ListItem\",\"position\":4,\"name\":\"Juc\u0103rii pentru copii\",\"item\":\"https:\\\/\\\/shopatoa.com\\\/ro\\\/jucarii-pentru-copii\\\/\"},{\"@type\":\"ListItem\",\"position\":5,\"name\":\"Juc\u0103rii din lemn\",\"item\":\"https:\\\/\\\/shopatoa.com\\\/ro\\\/jucarii-din-lemn\\\/\"},{\"@type\":\"ListItem\",\"position\":6,\"name\":\"Petite&amp;Mars Wood of Mars Orbit inele inserabile din lemn 36 m+ 1 buc\"}]},{\"@type\":\"WebSite\",\"@id\":\"https:\\\/\\\/shopatoa.com\\\/ro\\\/#website\",\"url\":\"https:\\\/\\\/shopatoa.com\\\/ro\\\/\",\"name\":\"SHOPATOA\",\"description\":\"\",\"publisher\":{\"@id\":\"https:\\\/\\\/shopatoa.com\\\/ro\\\/#organization\"},\"potentialAction\":[{\"@type\":\"SearchAction\",\"target\":{\"@type\":\"EntryPoint\",\"urlTemplate\":\"https:\\\/\\\/shopatoa.com\\\/ro\\\/?s={search_term_string}\"},\"query-input\":{\"@type\":\"PropertyValueSpecification\",\"valueRequired\":true,\"valueName\":\"search_term_string\"}}],\"inLanguage\":\"ro-RO\"},{\"@type\":\"Organization\",\"@id\":\"https:\\\/\\\/shopatoa.com\\\/ro\\\/#organization\",\"name\":\"SHOPATOA\",\"url\":\"https:\\\/\\\/shopatoa.com\\\/ro\\\/\",\"logo\":{\"@type\":\"ImageObject\",\"inLanguage\":\"ro-RO\",\"@id\":\"https:\\\/\\\/shopatoa.com\\\/ro\\\/#\\\/schema\\\/logo\\\/image\\\/\",\"url\":\"https:\\\/\\\/storage.googleapis.com\\\/cz-shopatoa-img\\\/ro\\\/b4dac915-shopatoa_logo.png\",\"contentUrl\":\"https:\\\/\\\/storage.googleapis.com\\\/cz-shopatoa-img\\\/ro\\\/b4dac915-shopatoa_logo.png\",\"width\":416,\"height\":63,\"caption\":\"SHOPATOA\"},\"image\":{\"@id\":\"https:\\\/\\\/shopatoa.com\\\/ro\\\/#\\\/schema\\\/logo\\\/image\\\/\"}}]}<\/script>\n<!-- \/ Yoast SEO plugin. -->","yoast_head_json":{"title":"Petite&Mars Wood of Mars Orbit inele inserabile din lemn 36 m+ 1 buc - SHOPATOA.COM","robots":{"index":"index","follow":"follow","max-snippet":"max-snippet:-1","max-image-preview":"max-image-preview:large","max-video-preview":"max-video-preview:-1"},"canonical":"https:\/\/shopatoa.com\/ro\/petitemars-wood-of-mars-orbit-inele-inserabile-din-lemn-36-m-1-buc\/","og_locale":"ro_RO","og_type":"article","og_title":"Petite&Mars Wood of Mars Orbit inele inserabile din lemn 36 m+ 1 buc - SHOPATOA.COM","og_description":"Petite&amp;Mars Wood of Mars Orbit, 1 buc, Juc\u0103rii interactive pentru copii, Lemnul este un material natural, durabil, care se potrive\u0219te de minune \u00een orice interior. Atunci, de ce s\u0103 nu achizi\u021biona\u021bi juc\u0103rii din lemn? Juc\u0103ria Petite&amp;Mars Wood of Mars Orbit este metoda perfect\u0103 de a-i \u021bine ocupa\u021bi pe cei mici. Nu numai c\u0103 v\u0103 va...","og_url":"https:\/\/shopatoa.com\/ro\/petitemars-wood-of-mars-orbit-inele-inserabile-din-lemn-36-m-1-buc\/","og_site_name":"SHOPATOA","article_modified_time":"2026-02-03T04:14:03+00:00","og_image":[{"width":800,"height":800,"url":"https:\/\/storage.googleapis.com\/cz-shopatoa-img\/ro\/481304fe-unnamed-file.webp","type":"image\/webp"}],"twitter_card":"summary_large_image","twitter_misc":{"Timp estimat pentru citire":"1 minut"},"schema":{"@context":"https:\/\/schema.org","@graph":[{"@type":"WebPage","@id":"https:\/\/shopatoa.com\/ro\/petitemars-wood-of-mars-orbit-inele-inserabile-din-lemn-36-m-1-buc\/","url":"https:\/\/shopatoa.com\/ro\/petitemars-wood-of-mars-orbit-inele-inserabile-din-lemn-36-m-1-buc\/","name":"Petite&Mars Wood of Mars Orbit inele inserabile din lemn 36 m+ 1 buc - SHOPATOA.COM","isPartOf":{"@id":"https:\/\/shopatoa.com\/ro\/#website"},"primaryImageOfPage":{"@id":"https:\/\/shopatoa.com\/ro\/petitemars-wood-of-mars-orbit-inele-inserabile-din-lemn-36-m-1-buc\/#primaryimage"},"image":{"@id":"https:\/\/shopatoa.com\/ro\/petitemars-wood-of-mars-orbit-inele-inserabile-din-lemn-36-m-1-buc\/#primaryimage"},"thumbnailUrl":"https:\/\/storage.googleapis.com\/cz-shopatoa-img\/ro\/481304fe-unnamed-file.webp","datePublished":"2025-06-27T21:50:41+00:00","dateModified":"2026-02-03T04:14:03+00:00","breadcrumb":{"@id":"https:\/\/shopatoa.com\/ro\/petitemars-wood-of-mars-orbit-inele-inserabile-din-lemn-36-m-1-buc\/#breadcrumb"},"inLanguage":"ro-RO","potentialAction":[{"@type":"ReadAction","target":["https:\/\/shopatoa.com\/ro\/petitemars-wood-of-mars-orbit-inele-inserabile-din-lemn-36-m-1-buc\/"]}]},{"@type":"ImageObject","inLanguage":"ro-RO","@id":"https:\/\/shopatoa.com\/ro\/petitemars-wood-of-mars-orbit-inele-inserabile-din-lemn-36-m-1-buc\/#primaryimage","url":"https:\/\/storage.googleapis.com\/cz-shopatoa-img\/ro\/481304fe-unnamed-file.webp","contentUrl":"https:\/\/storage.googleapis.com\/cz-shopatoa-img\/ro\/481304fe-unnamed-file.webp","width":800,"height":800},{"@type":"BreadcrumbList","@id":"https:\/\/shopatoa.com\/ro\/petitemars-wood-of-mars-orbit-inele-inserabile-din-lemn-36-m-1-buc\/#breadcrumb","itemListElement":[{"@type":"ListItem","position":1,"name":"Dom\u016f","item":"https:\/\/shopatoa.com\/ro\/"},{"@type":"ListItem","position":2,"name":"Shop","item":"https:\/\/shopatoa.com\/ro\/shop\/"},{"@type":"ListItem","position":3,"name":"Copii \u0219i sugari","item":"https:\/\/shopatoa.com\/ro\/copii-si-sugari\/"},{"@type":"ListItem","position":4,"name":"Juc\u0103rii pentru copii","item":"https:\/\/shopatoa.com\/ro\/jucarii-pentru-copii\/"},{"@type":"ListItem","position":5,"name":"Juc\u0103rii din lemn","item":"https:\/\/shopatoa.com\/ro\/jucarii-din-lemn\/"},{"@type":"ListItem","position":6,"name":"Petite&amp;Mars Wood of Mars Orbit inele inserabile din lemn 36 m+ 1 buc"}]},{"@type":"WebSite","@id":"https:\/\/shopatoa.com\/ro\/#website","url":"https:\/\/shopatoa.com\/ro\/","name":"SHOPATOA","description":"","publisher":{"@id":"https:\/\/shopatoa.com\/ro\/#organization"},"potentialAction":[{"@type":"SearchAction","target":{"@type":"EntryPoint","urlTemplate":"https:\/\/shopatoa.com\/ro\/?s={search_term_string}"},"query-input":{"@type":"PropertyValueSpecification","valueRequired":true,"valueName":"search_term_string"}}],"inLanguage":"ro-RO"},{"@type":"Organization","@id":"https:\/\/shopatoa.com\/ro\/#organization","name":"SHOPATOA","url":"https:\/\/shopatoa.com\/ro\/","logo":{"@type":"ImageObject","inLanguage":"ro-RO","@id":"https:\/\/shopatoa.com\/ro\/#\/schema\/logo\/image\/","url":"https:\/\/storage.googleapis.com\/cz-shopatoa-img\/ro\/b4dac915-shopatoa_logo.png","contentUrl":"https:\/\/storage.googleapis.com\/cz-shopatoa-img\/ro\/b4dac915-shopatoa_logo.png","width":416,"height":63,"caption":"SHOPATOA"},"image":{"@id":"https:\/\/shopatoa.com\/ro\/#\/schema\/logo\/image\/"}}]}},"_links":{"self":[{"href":"https:\/\/shopatoa.com\/ro\/wp-json\/wp\/v2\/product\/466416","targetHints":{"allow":["GET"]}}],"collection":[{"href":"https:\/\/shopatoa.com\/ro\/wp-json\/wp\/v2\/product"}],"about":[{"href":"https:\/\/shopatoa.com\/ro\/wp-json\/wp\/v2\/types\/product"}],"replies":[{"embeddable":true,"href":"https:\/\/shopatoa.com\/ro\/wp-json\/wp\/v2\/comments?post=466416"}],"wp:featuredmedia":[{"embeddable":true,"href":"https:\/\/shopatoa.com\/ro\/wp-json\/wp\/v2\/media\/466417"}],"wp:attachment":[{"href":"https:\/\/shopatoa.com\/ro\/wp-json\/wp\/v2\/media?parent=466416"}],"wp:term":[{"taxonomy":"product_brand","embeddable":true,"href":"https:\/\/shopatoa.com\/ro\/wp-json\/wp\/v2\/product_brand?post=466416"},{"taxonomy":"product_cat","embeddable":true,"href":"https:\/\/shopatoa.com\/ro\/wp-json\/wp\/v2\/product_cat?post=466416"},{"taxonomy":"product_tag","embeddable":true,"href":"https:\/\/shopatoa.com\/ro\/wp-json\/wp\/v2\/product_tag?post=466416"}],"curies":[{"name":"wp","href":"https:\/\/api.w.org\/{rel}","templated":true}]}}