{"id":466474,"date":"2025-06-27T23:57:00","date_gmt":"2025-06-27T21:57:00","guid":{"rendered":"https:\/\/shopatoa.com\/ro\/sophie-la-girafe-vulli-rattle-jucarie-zornaitoare-green-3m-1-buc\/"},"modified":"2025-06-27T23:57:12","modified_gmt":"2025-06-27T21:57:12","slug":"sophie-la-girafe-vulli-rattle-jucarie-zornaitoare-green-3m-1-buc","status":"publish","type":"product","link":"https:\/\/shopatoa.com\/ro\/sophie-la-girafe-vulli-rattle-jucarie-zornaitoare-green-3m-1-buc\/","title":{"rendered":"Sophie La Girafe Vulli Rattle juc\u0103rie zorn\u0103itoare Green 3m+ 1 buc"},"content":{"rendered":"<p>Sophie La Girafe Vulli Rattle, 1 buc, Zorn\u0103itoare pentru copii, Zorn\u0103itoarea Sophie La Girafe Vulli Rattle distrage \u00een mod distractiv aten\u021bia bebelu\u0219ului \u0219i \u00eei dezvolt\u0103 abilit\u0103\u021bile, datorit\u0103 materialului, culorilor \u0219i sunetelor pe care le scoate. M\u0103micile \u0219i t\u0103ticii vor aprecia execu\u021bia produsului, care nu afecteaz\u0103 siguran\u021ba copilului.  Caracteristici:  ideal\u0103 ca prim\u0103 juc\u0103rie, pentru cei mai mici copii culorile contrastante trezesc interesul bebelu\u0219ului \u0219i dezvolt\u0103 vederea atrage aten\u021bia bebelu\u0219ului ajut\u0103 m\u00e2nu\u021bele mici ale copiilor s\u0103 \u021bin\u0103 comod juc\u0103ria u\u0219oar\u0103 \u0219i practic\u0103<\/p>\n","protected":false},"excerpt":{"rendered":"<p>Sophie La Girafe Vulli Rattle, 1 buc, Zorn\u0103itoare pentru copii, Zorn\u0103itoarea Sophie La Girafe Vulli Rattle distrage \u00een mod distractiv aten\u021bia bebelu\u0219ului \u0219i \u00eei dezvolt\u0103 abilit\u0103\u021bile, datorit\u0103 materialului, culorilor \u0219i sunetelor pe care le scoate. M\u0103micile \u0219i t\u0103ticii vor aprecia execu\u021bia produsului, care nu afecteaz\u0103 siguran\u021ba copilului. Caracteristici: ideal\u0103 ca prim\u0103 juc\u0103rie, pentru cei mai&#8230;<\/p>\n","protected":false},"featured_media":466475,"comment_status":"closed","ping_status":"open","template":"","meta":{"_acf_changed":false,"_kadence_starter_templates_imported_post":false,"_kad_post_transparent":"","_kad_post_title":"","_kad_post_layout":"","_kad_post_sidebar_id":"","_kad_post_content_style":"","_kad_post_vertical_padding":"","_kad_post_feature":"","_kad_post_feature_position":"","_kad_post_header":false,"_kad_post_footer":false,"_kad_post_classname":""},"product_brand":[2089],"product_cat":[3893,3894,3922],"product_tag":[],"class_list":{"0":"post-466474","1":"product","2":"type-product","3":"status-publish","4":"has-post-thumbnail","6":"product_brand-sophie-la-girafe","7":"product_cat-copii-si-sugari","8":"product_cat-jucarii-pentru-copii","9":"product_cat-zornaitoare","10":"pa_gen-unisex","11":"pa_marime-1-buc","13":"first","14":"instock","15":"product-type-external","16":"entry","17":"content-bg","18":"loop-entry"},"acf":[],"yoast_head":"<!-- This site is optimized with the Yoast SEO plugin v27.4 - https:\/\/yoast.com\/product\/yoast-seo-wordpress\/ -->\n<title>Sophie La Girafe Vulli Rattle juc\u0103rie zorn\u0103itoare Green 3m+ 1 buc - SHOPATOA.COM<\/title>\n<meta name=\"robots\" content=\"index, follow, max-snippet:-1, max-image-preview:large, max-video-preview:-1\" \/>\n<link rel=\"canonical\" href=\"https:\/\/shopatoa.com\/ro\/sophie-la-girafe-vulli-rattle-jucarie-zornaitoare-green-3m-1-buc\/\" \/>\n<meta property=\"og:locale\" content=\"ro_RO\" \/>\n<meta property=\"og:type\" content=\"article\" \/>\n<meta property=\"og:title\" content=\"Sophie La Girafe Vulli Rattle juc\u0103rie zorn\u0103itoare Green 3m+ 1 buc - SHOPATOA.COM\" \/>\n<meta property=\"og:description\" content=\"Sophie La Girafe Vulli Rattle, 1 buc, Zorn\u0103itoare pentru copii, Zorn\u0103itoarea Sophie La Girafe Vulli Rattle distrage \u00een mod distractiv aten\u021bia bebelu\u0219ului \u0219i \u00eei dezvolt\u0103 abilit\u0103\u021bile, datorit\u0103 materialului, culorilor \u0219i sunetelor pe care le scoate. M\u0103micile \u0219i t\u0103ticii vor aprecia execu\u021bia produsului, care nu afecteaz\u0103 siguran\u021ba copilului. Caracteristici: ideal\u0103 ca prim\u0103 juc\u0103rie, pentru cei mai...\" \/>\n<meta property=\"og:url\" content=\"https:\/\/shopatoa.com\/ro\/sophie-la-girafe-vulli-rattle-jucarie-zornaitoare-green-3m-1-buc\/\" \/>\n<meta property=\"og:site_name\" content=\"SHOPATOA\" \/>\n<meta property=\"article:modified_time\" content=\"2025-06-27T21:57:12+00:00\" \/>\n<meta property=\"og:image\" content=\"https:\/\/storage.googleapis.com\/cz-shopatoa-img\/ro\/1f384f5a-unnamed-file.webp\" \/>\n\t<meta property=\"og:image:width\" content=\"800\" \/>\n\t<meta property=\"og:image:height\" content=\"800\" \/>\n\t<meta property=\"og:image:type\" content=\"image\/webp\" \/>\n<meta name=\"twitter:card\" content=\"summary_large_image\" \/>\n<script type=\"application\/ld+json\" class=\"yoast-schema-graph\">{\"@context\":\"https:\\\/\\\/schema.org\",\"@graph\":[{\"@type\":\"WebPage\",\"@id\":\"https:\\\/\\\/shopatoa.com\\\/ro\\\/sophie-la-girafe-vulli-rattle-jucarie-zornaitoare-green-3m-1-buc\\\/\",\"url\":\"https:\\\/\\\/shopatoa.com\\\/ro\\\/sophie-la-girafe-vulli-rattle-jucarie-zornaitoare-green-3m-1-buc\\\/\",\"name\":\"Sophie La Girafe Vulli Rattle juc\u0103rie zorn\u0103itoare Green 3m+ 1 buc - SHOPATOA.COM\",\"isPartOf\":{\"@id\":\"https:\\\/\\\/shopatoa.com\\\/ro\\\/#website\"},\"primaryImageOfPage\":{\"@id\":\"https:\\\/\\\/shopatoa.com\\\/ro\\\/sophie-la-girafe-vulli-rattle-jucarie-zornaitoare-green-3m-1-buc\\\/#primaryimage\"},\"image\":{\"@id\":\"https:\\\/\\\/shopatoa.com\\\/ro\\\/sophie-la-girafe-vulli-rattle-jucarie-zornaitoare-green-3m-1-buc\\\/#primaryimage\"},\"thumbnailUrl\":\"https:\\\/\\\/storage.googleapis.com\\\/cz-shopatoa-img\\\/ro\\\/1f384f5a-unnamed-file.webp\",\"datePublished\":\"2025-06-27T21:57:00+00:00\",\"dateModified\":\"2025-06-27T21:57:12+00:00\",\"breadcrumb\":{\"@id\":\"https:\\\/\\\/shopatoa.com\\\/ro\\\/sophie-la-girafe-vulli-rattle-jucarie-zornaitoare-green-3m-1-buc\\\/#breadcrumb\"},\"inLanguage\":\"ro-RO\",\"potentialAction\":[{\"@type\":\"ReadAction\",\"target\":[\"https:\\\/\\\/shopatoa.com\\\/ro\\\/sophie-la-girafe-vulli-rattle-jucarie-zornaitoare-green-3m-1-buc\\\/\"]}]},{\"@type\":\"ImageObject\",\"inLanguage\":\"ro-RO\",\"@id\":\"https:\\\/\\\/shopatoa.com\\\/ro\\\/sophie-la-girafe-vulli-rattle-jucarie-zornaitoare-green-3m-1-buc\\\/#primaryimage\",\"url\":\"https:\\\/\\\/storage.googleapis.com\\\/cz-shopatoa-img\\\/ro\\\/1f384f5a-unnamed-file.webp\",\"contentUrl\":\"https:\\\/\\\/storage.googleapis.com\\\/cz-shopatoa-img\\\/ro\\\/1f384f5a-unnamed-file.webp\",\"width\":800,\"height\":800},{\"@type\":\"BreadcrumbList\",\"@id\":\"https:\\\/\\\/shopatoa.com\\\/ro\\\/sophie-la-girafe-vulli-rattle-jucarie-zornaitoare-green-3m-1-buc\\\/#breadcrumb\",\"itemListElement\":[{\"@type\":\"ListItem\",\"position\":1,\"name\":\"Dom\u016f\",\"item\":\"https:\\\/\\\/shopatoa.com\\\/ro\\\/\"},{\"@type\":\"ListItem\",\"position\":2,\"name\":\"Shop\",\"item\":\"https:\\\/\\\/shopatoa.com\\\/ro\\\/shop\\\/\"},{\"@type\":\"ListItem\",\"position\":3,\"name\":\"Sophie La Girafe Vulli Rattle juc\u0103rie zorn\u0103itoare Green 3m+ 1 buc\"}]},{\"@type\":\"WebSite\",\"@id\":\"https:\\\/\\\/shopatoa.com\\\/ro\\\/#website\",\"url\":\"https:\\\/\\\/shopatoa.com\\\/ro\\\/\",\"name\":\"SHOPATOA\",\"description\":\"\",\"publisher\":{\"@id\":\"https:\\\/\\\/shopatoa.com\\\/ro\\\/#organization\"},\"potentialAction\":[{\"@type\":\"SearchAction\",\"target\":{\"@type\":\"EntryPoint\",\"urlTemplate\":\"https:\\\/\\\/shopatoa.com\\\/ro\\\/?s={search_term_string}\"},\"query-input\":{\"@type\":\"PropertyValueSpecification\",\"valueRequired\":true,\"valueName\":\"search_term_string\"}}],\"inLanguage\":\"ro-RO\"},{\"@type\":\"Organization\",\"@id\":\"https:\\\/\\\/shopatoa.com\\\/ro\\\/#organization\",\"name\":\"SHOPATOA\",\"url\":\"https:\\\/\\\/shopatoa.com\\\/ro\\\/\",\"logo\":{\"@type\":\"ImageObject\",\"inLanguage\":\"ro-RO\",\"@id\":\"https:\\\/\\\/shopatoa.com\\\/ro\\\/#\\\/schema\\\/logo\\\/image\\\/\",\"url\":\"https:\\\/\\\/storage.googleapis.com\\\/cz-shopatoa-img\\\/ro\\\/b4dac915-shopatoa_logo.png\",\"contentUrl\":\"https:\\\/\\\/storage.googleapis.com\\\/cz-shopatoa-img\\\/ro\\\/b4dac915-shopatoa_logo.png\",\"width\":416,\"height\":63,\"caption\":\"SHOPATOA\"},\"image\":{\"@id\":\"https:\\\/\\\/shopatoa.com\\\/ro\\\/#\\\/schema\\\/logo\\\/image\\\/\"}}]}<\/script>\n<!-- \/ Yoast SEO plugin. -->","yoast_head_json":{"title":"Sophie La Girafe Vulli Rattle juc\u0103rie zorn\u0103itoare Green 3m+ 1 buc - SHOPATOA.COM","robots":{"index":"index","follow":"follow","max-snippet":"max-snippet:-1","max-image-preview":"max-image-preview:large","max-video-preview":"max-video-preview:-1"},"canonical":"https:\/\/shopatoa.com\/ro\/sophie-la-girafe-vulli-rattle-jucarie-zornaitoare-green-3m-1-buc\/","og_locale":"ro_RO","og_type":"article","og_title":"Sophie La Girafe Vulli Rattle juc\u0103rie zorn\u0103itoare Green 3m+ 1 buc - SHOPATOA.COM","og_description":"Sophie La Girafe Vulli Rattle, 1 buc, Zorn\u0103itoare pentru copii, Zorn\u0103itoarea Sophie La Girafe Vulli Rattle distrage \u00een mod distractiv aten\u021bia bebelu\u0219ului \u0219i \u00eei dezvolt\u0103 abilit\u0103\u021bile, datorit\u0103 materialului, culorilor \u0219i sunetelor pe care le scoate. M\u0103micile \u0219i t\u0103ticii vor aprecia execu\u021bia produsului, care nu afecteaz\u0103 siguran\u021ba copilului. Caracteristici: ideal\u0103 ca prim\u0103 juc\u0103rie, pentru cei mai...","og_url":"https:\/\/shopatoa.com\/ro\/sophie-la-girafe-vulli-rattle-jucarie-zornaitoare-green-3m-1-buc\/","og_site_name":"SHOPATOA","article_modified_time":"2025-06-27T21:57:12+00:00","og_image":[{"width":800,"height":800,"url":"https:\/\/storage.googleapis.com\/cz-shopatoa-img\/ro\/1f384f5a-unnamed-file.webp","type":"image\/webp"}],"twitter_card":"summary_large_image","schema":{"@context":"https:\/\/schema.org","@graph":[{"@type":"WebPage","@id":"https:\/\/shopatoa.com\/ro\/sophie-la-girafe-vulli-rattle-jucarie-zornaitoare-green-3m-1-buc\/","url":"https:\/\/shopatoa.com\/ro\/sophie-la-girafe-vulli-rattle-jucarie-zornaitoare-green-3m-1-buc\/","name":"Sophie La Girafe Vulli Rattle juc\u0103rie zorn\u0103itoare Green 3m+ 1 buc - SHOPATOA.COM","isPartOf":{"@id":"https:\/\/shopatoa.com\/ro\/#website"},"primaryImageOfPage":{"@id":"https:\/\/shopatoa.com\/ro\/sophie-la-girafe-vulli-rattle-jucarie-zornaitoare-green-3m-1-buc\/#primaryimage"},"image":{"@id":"https:\/\/shopatoa.com\/ro\/sophie-la-girafe-vulli-rattle-jucarie-zornaitoare-green-3m-1-buc\/#primaryimage"},"thumbnailUrl":"https:\/\/storage.googleapis.com\/cz-shopatoa-img\/ro\/1f384f5a-unnamed-file.webp","datePublished":"2025-06-27T21:57:00+00:00","dateModified":"2025-06-27T21:57:12+00:00","breadcrumb":{"@id":"https:\/\/shopatoa.com\/ro\/sophie-la-girafe-vulli-rattle-jucarie-zornaitoare-green-3m-1-buc\/#breadcrumb"},"inLanguage":"ro-RO","potentialAction":[{"@type":"ReadAction","target":["https:\/\/shopatoa.com\/ro\/sophie-la-girafe-vulli-rattle-jucarie-zornaitoare-green-3m-1-buc\/"]}]},{"@type":"ImageObject","inLanguage":"ro-RO","@id":"https:\/\/shopatoa.com\/ro\/sophie-la-girafe-vulli-rattle-jucarie-zornaitoare-green-3m-1-buc\/#primaryimage","url":"https:\/\/storage.googleapis.com\/cz-shopatoa-img\/ro\/1f384f5a-unnamed-file.webp","contentUrl":"https:\/\/storage.googleapis.com\/cz-shopatoa-img\/ro\/1f384f5a-unnamed-file.webp","width":800,"height":800},{"@type":"BreadcrumbList","@id":"https:\/\/shopatoa.com\/ro\/sophie-la-girafe-vulli-rattle-jucarie-zornaitoare-green-3m-1-buc\/#breadcrumb","itemListElement":[{"@type":"ListItem","position":1,"name":"Dom\u016f","item":"https:\/\/shopatoa.com\/ro\/"},{"@type":"ListItem","position":2,"name":"Shop","item":"https:\/\/shopatoa.com\/ro\/shop\/"},{"@type":"ListItem","position":3,"name":"Sophie La Girafe Vulli Rattle juc\u0103rie zorn\u0103itoare Green 3m+ 1 buc"}]},{"@type":"WebSite","@id":"https:\/\/shopatoa.com\/ro\/#website","url":"https:\/\/shopatoa.com\/ro\/","name":"SHOPATOA","description":"","publisher":{"@id":"https:\/\/shopatoa.com\/ro\/#organization"},"potentialAction":[{"@type":"SearchAction","target":{"@type":"EntryPoint","urlTemplate":"https:\/\/shopatoa.com\/ro\/?s={search_term_string}"},"query-input":{"@type":"PropertyValueSpecification","valueRequired":true,"valueName":"search_term_string"}}],"inLanguage":"ro-RO"},{"@type":"Organization","@id":"https:\/\/shopatoa.com\/ro\/#organization","name":"SHOPATOA","url":"https:\/\/shopatoa.com\/ro\/","logo":{"@type":"ImageObject","inLanguage":"ro-RO","@id":"https:\/\/shopatoa.com\/ro\/#\/schema\/logo\/image\/","url":"https:\/\/storage.googleapis.com\/cz-shopatoa-img\/ro\/b4dac915-shopatoa_logo.png","contentUrl":"https:\/\/storage.googleapis.com\/cz-shopatoa-img\/ro\/b4dac915-shopatoa_logo.png","width":416,"height":63,"caption":"SHOPATOA"},"image":{"@id":"https:\/\/shopatoa.com\/ro\/#\/schema\/logo\/image\/"}}]}},"_links":{"self":[{"href":"https:\/\/shopatoa.com\/ro\/wp-json\/wp\/v2\/product\/466474","targetHints":{"allow":["GET"]}}],"collection":[{"href":"https:\/\/shopatoa.com\/ro\/wp-json\/wp\/v2\/product"}],"about":[{"href":"https:\/\/shopatoa.com\/ro\/wp-json\/wp\/v2\/types\/product"}],"replies":[{"embeddable":true,"href":"https:\/\/shopatoa.com\/ro\/wp-json\/wp\/v2\/comments?post=466474"}],"wp:featuredmedia":[{"embeddable":true,"href":"https:\/\/shopatoa.com\/ro\/wp-json\/wp\/v2\/media\/466475"}],"wp:attachment":[{"href":"https:\/\/shopatoa.com\/ro\/wp-json\/wp\/v2\/media?parent=466474"}],"wp:term":[{"taxonomy":"product_brand","embeddable":true,"href":"https:\/\/shopatoa.com\/ro\/wp-json\/wp\/v2\/product_brand?post=466474"},{"taxonomy":"product_cat","embeddable":true,"href":"https:\/\/shopatoa.com\/ro\/wp-json\/wp\/v2\/product_cat?post=466474"},{"taxonomy":"product_tag","embeddable":true,"href":"https:\/\/shopatoa.com\/ro\/wp-json\/wp\/v2\/product_tag?post=466474"}],"curies":[{"name":"wp","href":"https:\/\/api.w.org\/{rel}","templated":true}]}}