{"id":466746,"date":"2025-06-28T00:26:03","date_gmt":"2025-06-27T22:26:03","guid":{"rendered":"https:\/\/shopatoa.com\/ro\/rowenta-powerstraight-air-ub5920f0-perie-ionica-pentru-par-pentru-par-1-buc\/"},"modified":"2026-02-03T04:23:03","modified_gmt":"2026-02-03T03:23:03","slug":"rowenta-powerstraight-air-ub5920f0-perie-ionica-pentru-par-pentru-par-1-buc","status":"publish","type":"product","link":"https:\/\/shopatoa.com\/ro\/rowenta-powerstraight-air-ub5920f0-perie-ionica-pentru-par-pentru-par-1-buc\/","title":{"rendered":"Rowenta Powerstraight Air UB5920F0 perie ionic\u0103 pentru p\u0103r pentru p\u0103r 1 buc"},"content":{"rendered":"<p>Rowenta Powerstraight Air UB5920F0, 1 buc, perie ionic\u0103 pentru p\u0103r pentru femei, Peria electric\u0103 de \u00eendreptat p\u0103rul Rowenta Powerstraight Air este ajutorul ideal pentru coafarea rapid\u0103 \u0219i u\u0219oar\u0103 a p\u0103rului. Simultan, neteze\u0219te \u0219i perie p\u0103rul, dintr-un singur gest.  Caracteristici:  faciliteaz\u0103 o coafare rapid\u0103 neteze\u0219te \u0219i \u00eendreapt\u0103 p\u0103rul permite reglarea temperaturii func\u021bie de ionizare usuc\u0103 simultan p\u0103rul suprafa\u021b\u0103 ceramic\u0103 form\u0103 ergonomic\u0103 las\u0103 p\u0103rul neted \u0219i lucios cablu pivotant la 360\u00b0, care previne r\u0103sucirea \u0219i \u00eencurcarea pentru orice tip de p\u0103r cablu lung, pentru manevrare u\u0219oar\u0103  Cum se utilizeaz\u0103: Se vor urma instruc\u021biunile de utilizare incluse. Se poate utiliza pe p\u0103rul uscat sau umed.<\/p>\n","protected":false},"excerpt":{"rendered":"<p>Rowenta Powerstraight Air UB5920F0, 1 buc, perie ionic\u0103 pentru p\u0103r pentru femei, Peria electric\u0103 de \u00eendreptat p\u0103rul Rowenta Powerstraight Air este ajutorul ideal pentru coafarea rapid\u0103 \u0219i u\u0219oar\u0103 a p\u0103rului. Simultan, neteze\u0219te \u0219i perie p\u0103rul, dintr-un singur gest. Caracteristici: faciliteaz\u0103 o coafare rapid\u0103 neteze\u0219te \u0219i \u00eendreapt\u0103 p\u0103rul permite reglarea temperaturii func\u021bie de ionizare usuc\u0103 simultan&#8230;<\/p>\n","protected":false},"featured_media":466747,"comment_status":"closed","ping_status":"open","template":"","meta":{"_acf_changed":false,"_kadence_starter_templates_imported_post":false,"_kad_post_transparent":"","_kad_post_title":"","_kad_post_layout":"","_kad_post_sidebar_id":"","_kad_post_content_style":"","_kad_post_vertical_padding":"","_kad_post_feature":"","_kad_post_feature_position":"","_kad_post_header":false,"_kad_post_footer":false,"_kad_post_classname":""},"product_brand":[2347],"product_cat":[1563,1590,3904,3905,1562],"product_tag":[],"class_list":{"0":"post-466746","1":"product","2":"type-product","3":"status-publish","4":"has-post-thumbnail","6":"product_brand-rowenta","7":"product_cat-ingrijire-personala","8":"product_cat-ingrijirea-parului","9":"product_cat-instrumente-pentru-coafat","10":"product_cat-perii-de-calcat","11":"product_cat-sanatate-si-frumusete","12":"pa_gen-female","13":"pa_marime-1-buc","15":"first","16":"instock","17":"sale","18":"product-type-external","19":"entry","20":"content-bg","21":"loop-entry"},"acf":[],"yoast_head":"<!-- This site is optimized with the Yoast SEO plugin v27.4 - https:\/\/yoast.com\/product\/yoast-seo-wordpress\/ -->\n<title>Rowenta Powerstraight Air UB5920F0 perie ionic\u0103 pentru p\u0103r pentru p\u0103r 1 buc - SHOPATOA.COM<\/title>\n<meta name=\"robots\" content=\"index, follow, max-snippet:-1, max-image-preview:large, max-video-preview:-1\" \/>\n<link rel=\"canonical\" href=\"https:\/\/shopatoa.com\/ro\/rowenta-powerstraight-air-ub5920f0-perie-ionica-pentru-par-pentru-par-1-buc\/\" \/>\n<meta property=\"og:locale\" content=\"ro_RO\" \/>\n<meta property=\"og:type\" content=\"article\" \/>\n<meta property=\"og:title\" content=\"Rowenta Powerstraight Air UB5920F0 perie ionic\u0103 pentru p\u0103r pentru p\u0103r 1 buc - SHOPATOA.COM\" \/>\n<meta property=\"og:description\" content=\"Rowenta Powerstraight Air UB5920F0, 1 buc, perie ionic\u0103 pentru p\u0103r pentru femei, Peria electric\u0103 de \u00eendreptat p\u0103rul Rowenta Powerstraight Air este ajutorul ideal pentru coafarea rapid\u0103 \u0219i u\u0219oar\u0103 a p\u0103rului. Simultan, neteze\u0219te \u0219i perie p\u0103rul, dintr-un singur gest. Caracteristici: faciliteaz\u0103 o coafare rapid\u0103 neteze\u0219te \u0219i \u00eendreapt\u0103 p\u0103rul permite reglarea temperaturii func\u021bie de ionizare usuc\u0103 simultan...\" \/>\n<meta property=\"og:url\" content=\"https:\/\/shopatoa.com\/ro\/rowenta-powerstraight-air-ub5920f0-perie-ionica-pentru-par-pentru-par-1-buc\/\" \/>\n<meta property=\"og:site_name\" content=\"SHOPATOA\" \/>\n<meta property=\"article:modified_time\" content=\"2026-02-03T03:23:03+00:00\" \/>\n<meta property=\"og:image\" content=\"https:\/\/storage.googleapis.com\/cz-shopatoa-img\/ro\/00794fe9-unnamed-file.webp\" \/>\n\t<meta property=\"og:image:width\" content=\"800\" \/>\n\t<meta property=\"og:image:height\" content=\"800\" \/>\n\t<meta property=\"og:image:type\" content=\"image\/webp\" \/>\n<meta name=\"twitter:card\" content=\"summary_large_image\" \/>\n<meta name=\"twitter:label1\" content=\"Timp estimat pentru citire\" \/>\n\t<meta name=\"twitter:data1\" content=\"1 minut\" \/>\n<script type=\"application\/ld+json\" class=\"yoast-schema-graph\">{\"@context\":\"https:\\\/\\\/schema.org\",\"@graph\":[{\"@type\":\"WebPage\",\"@id\":\"https:\\\/\\\/shopatoa.com\\\/ro\\\/rowenta-powerstraight-air-ub5920f0-perie-ionica-pentru-par-pentru-par-1-buc\\\/\",\"url\":\"https:\\\/\\\/shopatoa.com\\\/ro\\\/rowenta-powerstraight-air-ub5920f0-perie-ionica-pentru-par-pentru-par-1-buc\\\/\",\"name\":\"Rowenta Powerstraight Air UB5920F0 perie ionic\u0103 pentru p\u0103r pentru p\u0103r 1 buc - SHOPATOA.COM\",\"isPartOf\":{\"@id\":\"https:\\\/\\\/shopatoa.com\\\/ro\\\/#website\"},\"primaryImageOfPage\":{\"@id\":\"https:\\\/\\\/shopatoa.com\\\/ro\\\/rowenta-powerstraight-air-ub5920f0-perie-ionica-pentru-par-pentru-par-1-buc\\\/#primaryimage\"},\"image\":{\"@id\":\"https:\\\/\\\/shopatoa.com\\\/ro\\\/rowenta-powerstraight-air-ub5920f0-perie-ionica-pentru-par-pentru-par-1-buc\\\/#primaryimage\"},\"thumbnailUrl\":\"https:\\\/\\\/storage.googleapis.com\\\/cz-shopatoa-img\\\/ro\\\/00794fe9-unnamed-file.webp\",\"datePublished\":\"2025-06-27T22:26:03+00:00\",\"dateModified\":\"2026-02-03T03:23:03+00:00\",\"breadcrumb\":{\"@id\":\"https:\\\/\\\/shopatoa.com\\\/ro\\\/rowenta-powerstraight-air-ub5920f0-perie-ionica-pentru-par-pentru-par-1-buc\\\/#breadcrumb\"},\"inLanguage\":\"ro-RO\",\"potentialAction\":[{\"@type\":\"ReadAction\",\"target\":[\"https:\\\/\\\/shopatoa.com\\\/ro\\\/rowenta-powerstraight-air-ub5920f0-perie-ionica-pentru-par-pentru-par-1-buc\\\/\"]}]},{\"@type\":\"ImageObject\",\"inLanguage\":\"ro-RO\",\"@id\":\"https:\\\/\\\/shopatoa.com\\\/ro\\\/rowenta-powerstraight-air-ub5920f0-perie-ionica-pentru-par-pentru-par-1-buc\\\/#primaryimage\",\"url\":\"https:\\\/\\\/storage.googleapis.com\\\/cz-shopatoa-img\\\/ro\\\/00794fe9-unnamed-file.webp\",\"contentUrl\":\"https:\\\/\\\/storage.googleapis.com\\\/cz-shopatoa-img\\\/ro\\\/00794fe9-unnamed-file.webp\",\"width\":800,\"height\":800},{\"@type\":\"BreadcrumbList\",\"@id\":\"https:\\\/\\\/shopatoa.com\\\/ro\\\/rowenta-powerstraight-air-ub5920f0-perie-ionica-pentru-par-pentru-par-1-buc\\\/#breadcrumb\",\"itemListElement\":[{\"@type\":\"ListItem\",\"position\":1,\"name\":\"Dom\u016f\",\"item\":\"https:\\\/\\\/shopatoa.com\\\/ro\\\/\"},{\"@type\":\"ListItem\",\"position\":2,\"name\":\"Shop\",\"item\":\"https:\\\/\\\/shopatoa.com\\\/ro\\\/shop\\\/\"},{\"@type\":\"ListItem\",\"position\":3,\"name\":\"S\u0103n\u0103tate \u0219i frumuse\u021be\",\"item\":\"https:\\\/\\\/shopatoa.com\\\/ro\\\/sanatate-si-frumusete\\\/\"},{\"@type\":\"ListItem\",\"position\":4,\"name\":\"\u00cengrijire personal\u0103\",\"item\":\"https:\\\/\\\/shopatoa.com\\\/ro\\\/ingrijire-personala\\\/\"},{\"@type\":\"ListItem\",\"position\":5,\"name\":\"\u00cengrijirea p\u0103rului\",\"item\":\"https:\\\/\\\/shopatoa.com\\\/ro\\\/ingrijirea-parului\\\/\"},{\"@type\":\"ListItem\",\"position\":6,\"name\":\"Instrumente pentru coafat\",\"item\":\"https:\\\/\\\/shopatoa.com\\\/ro\\\/instrumente-pentru-coafat\\\/\"},{\"@type\":\"ListItem\",\"position\":7,\"name\":\"Perii de c\u0103lcat\",\"item\":\"https:\\\/\\\/shopatoa.com\\\/ro\\\/perii-de-calcat\\\/\"},{\"@type\":\"ListItem\",\"position\":8,\"name\":\"Rowenta Powerstraight Air UB5920F0 perie ionic\u0103 pentru p\u0103r pentru p\u0103r 1 buc\"}]},{\"@type\":\"WebSite\",\"@id\":\"https:\\\/\\\/shopatoa.com\\\/ro\\\/#website\",\"url\":\"https:\\\/\\\/shopatoa.com\\\/ro\\\/\",\"name\":\"SHOPATOA\",\"description\":\"\",\"publisher\":{\"@id\":\"https:\\\/\\\/shopatoa.com\\\/ro\\\/#organization\"},\"potentialAction\":[{\"@type\":\"SearchAction\",\"target\":{\"@type\":\"EntryPoint\",\"urlTemplate\":\"https:\\\/\\\/shopatoa.com\\\/ro\\\/?s={search_term_string}\"},\"query-input\":{\"@type\":\"PropertyValueSpecification\",\"valueRequired\":true,\"valueName\":\"search_term_string\"}}],\"inLanguage\":\"ro-RO\"},{\"@type\":\"Organization\",\"@id\":\"https:\\\/\\\/shopatoa.com\\\/ro\\\/#organization\",\"name\":\"SHOPATOA\",\"url\":\"https:\\\/\\\/shopatoa.com\\\/ro\\\/\",\"logo\":{\"@type\":\"ImageObject\",\"inLanguage\":\"ro-RO\",\"@id\":\"https:\\\/\\\/shopatoa.com\\\/ro\\\/#\\\/schema\\\/logo\\\/image\\\/\",\"url\":\"https:\\\/\\\/storage.googleapis.com\\\/cz-shopatoa-img\\\/ro\\\/b4dac915-shopatoa_logo.png\",\"contentUrl\":\"https:\\\/\\\/storage.googleapis.com\\\/cz-shopatoa-img\\\/ro\\\/b4dac915-shopatoa_logo.png\",\"width\":416,\"height\":63,\"caption\":\"SHOPATOA\"},\"image\":{\"@id\":\"https:\\\/\\\/shopatoa.com\\\/ro\\\/#\\\/schema\\\/logo\\\/image\\\/\"}}]}<\/script>\n<!-- \/ Yoast SEO plugin. -->","yoast_head_json":{"title":"Rowenta Powerstraight Air UB5920F0 perie ionic\u0103 pentru p\u0103r pentru p\u0103r 1 buc - SHOPATOA.COM","robots":{"index":"index","follow":"follow","max-snippet":"max-snippet:-1","max-image-preview":"max-image-preview:large","max-video-preview":"max-video-preview:-1"},"canonical":"https:\/\/shopatoa.com\/ro\/rowenta-powerstraight-air-ub5920f0-perie-ionica-pentru-par-pentru-par-1-buc\/","og_locale":"ro_RO","og_type":"article","og_title":"Rowenta Powerstraight Air UB5920F0 perie ionic\u0103 pentru p\u0103r pentru p\u0103r 1 buc - SHOPATOA.COM","og_description":"Rowenta Powerstraight Air UB5920F0, 1 buc, perie ionic\u0103 pentru p\u0103r pentru femei, Peria electric\u0103 de \u00eendreptat p\u0103rul Rowenta Powerstraight Air este ajutorul ideal pentru coafarea rapid\u0103 \u0219i u\u0219oar\u0103 a p\u0103rului. Simultan, neteze\u0219te \u0219i perie p\u0103rul, dintr-un singur gest. Caracteristici: faciliteaz\u0103 o coafare rapid\u0103 neteze\u0219te \u0219i \u00eendreapt\u0103 p\u0103rul permite reglarea temperaturii func\u021bie de ionizare usuc\u0103 simultan...","og_url":"https:\/\/shopatoa.com\/ro\/rowenta-powerstraight-air-ub5920f0-perie-ionica-pentru-par-pentru-par-1-buc\/","og_site_name":"SHOPATOA","article_modified_time":"2026-02-03T03:23:03+00:00","og_image":[{"width":800,"height":800,"url":"https:\/\/storage.googleapis.com\/cz-shopatoa-img\/ro\/00794fe9-unnamed-file.webp","type":"image\/webp"}],"twitter_card":"summary_large_image","twitter_misc":{"Timp estimat pentru citire":"1 minut"},"schema":{"@context":"https:\/\/schema.org","@graph":[{"@type":"WebPage","@id":"https:\/\/shopatoa.com\/ro\/rowenta-powerstraight-air-ub5920f0-perie-ionica-pentru-par-pentru-par-1-buc\/","url":"https:\/\/shopatoa.com\/ro\/rowenta-powerstraight-air-ub5920f0-perie-ionica-pentru-par-pentru-par-1-buc\/","name":"Rowenta Powerstraight Air UB5920F0 perie ionic\u0103 pentru p\u0103r pentru p\u0103r 1 buc - SHOPATOA.COM","isPartOf":{"@id":"https:\/\/shopatoa.com\/ro\/#website"},"primaryImageOfPage":{"@id":"https:\/\/shopatoa.com\/ro\/rowenta-powerstraight-air-ub5920f0-perie-ionica-pentru-par-pentru-par-1-buc\/#primaryimage"},"image":{"@id":"https:\/\/shopatoa.com\/ro\/rowenta-powerstraight-air-ub5920f0-perie-ionica-pentru-par-pentru-par-1-buc\/#primaryimage"},"thumbnailUrl":"https:\/\/storage.googleapis.com\/cz-shopatoa-img\/ro\/00794fe9-unnamed-file.webp","datePublished":"2025-06-27T22:26:03+00:00","dateModified":"2026-02-03T03:23:03+00:00","breadcrumb":{"@id":"https:\/\/shopatoa.com\/ro\/rowenta-powerstraight-air-ub5920f0-perie-ionica-pentru-par-pentru-par-1-buc\/#breadcrumb"},"inLanguage":"ro-RO","potentialAction":[{"@type":"ReadAction","target":["https:\/\/shopatoa.com\/ro\/rowenta-powerstraight-air-ub5920f0-perie-ionica-pentru-par-pentru-par-1-buc\/"]}]},{"@type":"ImageObject","inLanguage":"ro-RO","@id":"https:\/\/shopatoa.com\/ro\/rowenta-powerstraight-air-ub5920f0-perie-ionica-pentru-par-pentru-par-1-buc\/#primaryimage","url":"https:\/\/storage.googleapis.com\/cz-shopatoa-img\/ro\/00794fe9-unnamed-file.webp","contentUrl":"https:\/\/storage.googleapis.com\/cz-shopatoa-img\/ro\/00794fe9-unnamed-file.webp","width":800,"height":800},{"@type":"BreadcrumbList","@id":"https:\/\/shopatoa.com\/ro\/rowenta-powerstraight-air-ub5920f0-perie-ionica-pentru-par-pentru-par-1-buc\/#breadcrumb","itemListElement":[{"@type":"ListItem","position":1,"name":"Dom\u016f","item":"https:\/\/shopatoa.com\/ro\/"},{"@type":"ListItem","position":2,"name":"Shop","item":"https:\/\/shopatoa.com\/ro\/shop\/"},{"@type":"ListItem","position":3,"name":"S\u0103n\u0103tate \u0219i frumuse\u021be","item":"https:\/\/shopatoa.com\/ro\/sanatate-si-frumusete\/"},{"@type":"ListItem","position":4,"name":"\u00cengrijire personal\u0103","item":"https:\/\/shopatoa.com\/ro\/ingrijire-personala\/"},{"@type":"ListItem","position":5,"name":"\u00cengrijirea p\u0103rului","item":"https:\/\/shopatoa.com\/ro\/ingrijirea-parului\/"},{"@type":"ListItem","position":6,"name":"Instrumente pentru coafat","item":"https:\/\/shopatoa.com\/ro\/instrumente-pentru-coafat\/"},{"@type":"ListItem","position":7,"name":"Perii de c\u0103lcat","item":"https:\/\/shopatoa.com\/ro\/perii-de-calcat\/"},{"@type":"ListItem","position":8,"name":"Rowenta Powerstraight Air UB5920F0 perie ionic\u0103 pentru p\u0103r pentru p\u0103r 1 buc"}]},{"@type":"WebSite","@id":"https:\/\/shopatoa.com\/ro\/#website","url":"https:\/\/shopatoa.com\/ro\/","name":"SHOPATOA","description":"","publisher":{"@id":"https:\/\/shopatoa.com\/ro\/#organization"},"potentialAction":[{"@type":"SearchAction","target":{"@type":"EntryPoint","urlTemplate":"https:\/\/shopatoa.com\/ro\/?s={search_term_string}"},"query-input":{"@type":"PropertyValueSpecification","valueRequired":true,"valueName":"search_term_string"}}],"inLanguage":"ro-RO"},{"@type":"Organization","@id":"https:\/\/shopatoa.com\/ro\/#organization","name":"SHOPATOA","url":"https:\/\/shopatoa.com\/ro\/","logo":{"@type":"ImageObject","inLanguage":"ro-RO","@id":"https:\/\/shopatoa.com\/ro\/#\/schema\/logo\/image\/","url":"https:\/\/storage.googleapis.com\/cz-shopatoa-img\/ro\/b4dac915-shopatoa_logo.png","contentUrl":"https:\/\/storage.googleapis.com\/cz-shopatoa-img\/ro\/b4dac915-shopatoa_logo.png","width":416,"height":63,"caption":"SHOPATOA"},"image":{"@id":"https:\/\/shopatoa.com\/ro\/#\/schema\/logo\/image\/"}}]}},"_links":{"self":[{"href":"https:\/\/shopatoa.com\/ro\/wp-json\/wp\/v2\/product\/466746","targetHints":{"allow":["GET"]}}],"collection":[{"href":"https:\/\/shopatoa.com\/ro\/wp-json\/wp\/v2\/product"}],"about":[{"href":"https:\/\/shopatoa.com\/ro\/wp-json\/wp\/v2\/types\/product"}],"replies":[{"embeddable":true,"href":"https:\/\/shopatoa.com\/ro\/wp-json\/wp\/v2\/comments?post=466746"}],"wp:featuredmedia":[{"embeddable":true,"href":"https:\/\/shopatoa.com\/ro\/wp-json\/wp\/v2\/media\/466747"}],"wp:attachment":[{"href":"https:\/\/shopatoa.com\/ro\/wp-json\/wp\/v2\/media?parent=466746"}],"wp:term":[{"taxonomy":"product_brand","embeddable":true,"href":"https:\/\/shopatoa.com\/ro\/wp-json\/wp\/v2\/product_brand?post=466746"},{"taxonomy":"product_cat","embeddable":true,"href":"https:\/\/shopatoa.com\/ro\/wp-json\/wp\/v2\/product_cat?post=466746"},{"taxonomy":"product_tag","embeddable":true,"href":"https:\/\/shopatoa.com\/ro\/wp-json\/wp\/v2\/product_tag?post=466746"}],"curies":[{"name":"wp","href":"https:\/\/api.w.org\/{rel}","templated":true}]}}