{"id":466750,"date":"2025-06-28T00:26:03","date_gmt":"2025-06-27T22:26:03","guid":{"rendered":"https:\/\/shopatoa.com\/ro\/schwarzkopf-professional-igora-royal-lotiune-activa-6-vol-20-60-ml\/"},"modified":"2026-02-03T04:22:10","modified_gmt":"2026-02-03T03:22:10","slug":"schwarzkopf-professional-igora-royal-lotiune-activa-6-vol-20-60-ml","status":"publish","type":"product","link":"https:\/\/shopatoa.com\/ro\/schwarzkopf-professional-igora-royal-lotiune-activa-6-vol-20-60-ml\/","title":{"rendered":"Schwarzkopf Professional IGORA Royal lotiune activa 6 % Vol.20 60 ml"},"content":{"rendered":"<p>Schwarzkopf Professional IGORA Royal, 60 ml, Crema oxidanta pentru femei, Ob\u021bine\u021bi un rezultat perfect \u00een timpul vopsirii p\u0103rului. Emulsia activatoare Schwarzkopf Professional IGORA Royal ac\u021bioneaz\u0103 \u00een timpul procesului de vopsire ca un oxidant sau revelator. Utilizarea ei \u00een propor\u021bie corect\u0103 cu vopsea permanent\u0103 asigur\u0103 o acoperire uniform\u0103 \u0219i ajut\u0103 la intensificarea semnificativ\u0103 a nuan\u021bei \u0219i a str\u0103lucirii culorii finale a p\u0103rului. Prin urmare, permite ob\u021binerea unor culori mai intense \u0219i, datorit\u0103 ac\u021biunii sale asupra consisten\u021bei amestecului de vopsire, garanteaz\u0103, \u00een plus, o aplicare mai precis\u0103.  Caracteristici:  pentru amestecarea cu vopseaua de la aceea\u0219i linie de produse asigur\u0103 acoperirea \u0219i, simultan, decolorarea cu c\u00e2teva tonuri rezultatul este o culoare plin\u0103 de str\u0103lucire produs profesional, pentru utilizarea \u00een saloanele de coafur\u0103  Cum se utilizeaz\u0103: Se vor urma instruc\u021biunile incluse. Numai pentru uz profesional.<\/p>\n","protected":false},"excerpt":{"rendered":"<p>Schwarzkopf Professional IGORA Royal, 60 ml, Crema oxidanta pentru femei, Ob\u021bine\u021bi un rezultat perfect \u00een timpul vopsirii p\u0103rului. Emulsia activatoare Schwarzkopf Professional IGORA Royal ac\u021bioneaz\u0103 \u00een timpul procesului de vopsire ca un oxidant sau revelator. Utilizarea ei \u00een propor\u021bie corect\u0103 cu vopsea permanent\u0103 asigur\u0103 o acoperire uniform\u0103 \u0219i ajut\u0103 la intensificarea semnificativ\u0103 a nuan\u021bei \u0219i&#8230;<\/p>\n","protected":false},"featured_media":466751,"comment_status":"closed","ping_status":"open","template":"","meta":{"_acf_changed":false,"_kadence_starter_templates_imported_post":false,"_kad_post_transparent":"","_kad_post_title":"","_kad_post_layout":"","_kad_post_sidebar_id":"","_kad_post_content_style":"","_kad_post_vertical_padding":"","_kad_post_feature":"","_kad_post_feature_position":"","_kad_post_header":false,"_kad_post_footer":false,"_kad_post_classname":""},"product_brand":[231],"product_cat":[3906,1563,1590,1562,3899],"product_tag":[],"class_list":{"0":"post-466750","1":"product","2":"type-product","3":"status-publish","4":"has-post-thumbnail","6":"product_brand-schwarzkopf-professional","7":"product_cat-creme-oxidante","8":"product_cat-ingrijire-personala","9":"product_cat-ingrijirea-parului","10":"product_cat-sanatate-si-frumusete","11":"product_cat-vopsele-pentru-par","12":"pa_gen-female","13":"pa_marime-60-ml","15":"first","16":"instock","17":"sale","18":"product-type-external","19":"entry","20":"content-bg","21":"loop-entry"},"acf":[],"yoast_head":"<!-- This site is optimized with the Yoast SEO plugin v27.4 - https:\/\/yoast.com\/product\/yoast-seo-wordpress\/ -->\n<title>Schwarzkopf Professional IGORA Royal lotiune activa 6 % Vol.20 60 ml - SHOPATOA.COM<\/title>\n<meta name=\"robots\" content=\"index, follow, max-snippet:-1, max-image-preview:large, max-video-preview:-1\" \/>\n<link rel=\"canonical\" href=\"https:\/\/shopatoa.com\/ro\/schwarzkopf-professional-igora-royal-lotiune-activa-6-vol-20-60-ml\/\" \/>\n<meta property=\"og:locale\" content=\"ro_RO\" \/>\n<meta property=\"og:type\" content=\"article\" \/>\n<meta property=\"og:title\" content=\"Schwarzkopf Professional IGORA Royal lotiune activa 6 % Vol.20 60 ml - SHOPATOA.COM\" \/>\n<meta property=\"og:description\" content=\"Schwarzkopf Professional IGORA Royal, 60 ml, Crema oxidanta pentru femei, Ob\u021bine\u021bi un rezultat perfect \u00een timpul vopsirii p\u0103rului. Emulsia activatoare Schwarzkopf Professional IGORA Royal ac\u021bioneaz\u0103 \u00een timpul procesului de vopsire ca un oxidant sau revelator. Utilizarea ei \u00een propor\u021bie corect\u0103 cu vopsea permanent\u0103 asigur\u0103 o acoperire uniform\u0103 \u0219i ajut\u0103 la intensificarea semnificativ\u0103 a nuan\u021bei \u0219i...\" \/>\n<meta property=\"og:url\" content=\"https:\/\/shopatoa.com\/ro\/schwarzkopf-professional-igora-royal-lotiune-activa-6-vol-20-60-ml\/\" \/>\n<meta property=\"og:site_name\" content=\"SHOPATOA\" \/>\n<meta property=\"article:modified_time\" content=\"2026-02-03T03:22:10+00:00\" \/>\n<meta property=\"og:image\" content=\"https:\/\/storage.googleapis.com\/cz-shopatoa-img\/ro\/b616744c-unnamed-file.webp\" \/>\n\t<meta property=\"og:image:width\" content=\"800\" \/>\n\t<meta property=\"og:image:height\" content=\"800\" \/>\n\t<meta property=\"og:image:type\" content=\"image\/webp\" \/>\n<meta name=\"twitter:card\" content=\"summary_large_image\" \/>\n<meta name=\"twitter:label1\" content=\"Timp estimat pentru citire\" \/>\n\t<meta name=\"twitter:data1\" content=\"1 minut\" \/>\n<script type=\"application\/ld+json\" class=\"yoast-schema-graph\">{\"@context\":\"https:\\\/\\\/schema.org\",\"@graph\":[{\"@type\":\"WebPage\",\"@id\":\"https:\\\/\\\/shopatoa.com\\\/ro\\\/schwarzkopf-professional-igora-royal-lotiune-activa-6-vol-20-60-ml\\\/\",\"url\":\"https:\\\/\\\/shopatoa.com\\\/ro\\\/schwarzkopf-professional-igora-royal-lotiune-activa-6-vol-20-60-ml\\\/\",\"name\":\"Schwarzkopf Professional IGORA Royal lotiune activa 6 % Vol.20 60 ml - SHOPATOA.COM\",\"isPartOf\":{\"@id\":\"https:\\\/\\\/shopatoa.com\\\/ro\\\/#website\"},\"primaryImageOfPage\":{\"@id\":\"https:\\\/\\\/shopatoa.com\\\/ro\\\/schwarzkopf-professional-igora-royal-lotiune-activa-6-vol-20-60-ml\\\/#primaryimage\"},\"image\":{\"@id\":\"https:\\\/\\\/shopatoa.com\\\/ro\\\/schwarzkopf-professional-igora-royal-lotiune-activa-6-vol-20-60-ml\\\/#primaryimage\"},\"thumbnailUrl\":\"https:\\\/\\\/storage.googleapis.com\\\/cz-shopatoa-img\\\/ro\\\/b616744c-unnamed-file.webp\",\"datePublished\":\"2025-06-27T22:26:03+00:00\",\"dateModified\":\"2026-02-03T03:22:10+00:00\",\"breadcrumb\":{\"@id\":\"https:\\\/\\\/shopatoa.com\\\/ro\\\/schwarzkopf-professional-igora-royal-lotiune-activa-6-vol-20-60-ml\\\/#breadcrumb\"},\"inLanguage\":\"ro-RO\",\"potentialAction\":[{\"@type\":\"ReadAction\",\"target\":[\"https:\\\/\\\/shopatoa.com\\\/ro\\\/schwarzkopf-professional-igora-royal-lotiune-activa-6-vol-20-60-ml\\\/\"]}]},{\"@type\":\"ImageObject\",\"inLanguage\":\"ro-RO\",\"@id\":\"https:\\\/\\\/shopatoa.com\\\/ro\\\/schwarzkopf-professional-igora-royal-lotiune-activa-6-vol-20-60-ml\\\/#primaryimage\",\"url\":\"https:\\\/\\\/storage.googleapis.com\\\/cz-shopatoa-img\\\/ro\\\/b616744c-unnamed-file.webp\",\"contentUrl\":\"https:\\\/\\\/storage.googleapis.com\\\/cz-shopatoa-img\\\/ro\\\/b616744c-unnamed-file.webp\",\"width\":800,\"height\":800},{\"@type\":\"BreadcrumbList\",\"@id\":\"https:\\\/\\\/shopatoa.com\\\/ro\\\/schwarzkopf-professional-igora-royal-lotiune-activa-6-vol-20-60-ml\\\/#breadcrumb\",\"itemListElement\":[{\"@type\":\"ListItem\",\"position\":1,\"name\":\"Dom\u016f\",\"item\":\"https:\\\/\\\/shopatoa.com\\\/ro\\\/\"},{\"@type\":\"ListItem\",\"position\":2,\"name\":\"Shop\",\"item\":\"https:\\\/\\\/shopatoa.com\\\/ro\\\/shop\\\/\"},{\"@type\":\"ListItem\",\"position\":3,\"name\":\"S\u0103n\u0103tate \u0219i frumuse\u021be\",\"item\":\"https:\\\/\\\/shopatoa.com\\\/ro\\\/sanatate-si-frumusete\\\/\"},{\"@type\":\"ListItem\",\"position\":4,\"name\":\"\u00cengrijire personal\u0103\",\"item\":\"https:\\\/\\\/shopatoa.com\\\/ro\\\/ingrijire-personala\\\/\"},{\"@type\":\"ListItem\",\"position\":5,\"name\":\"\u00cengrijirea p\u0103rului\",\"item\":\"https:\\\/\\\/shopatoa.com\\\/ro\\\/ingrijirea-parului\\\/\"},{\"@type\":\"ListItem\",\"position\":6,\"name\":\"Vopsele pentru p\u0103r\",\"item\":\"https:\\\/\\\/shopatoa.com\\\/ro\\\/vopsele-pentru-par\\\/\"},{\"@type\":\"ListItem\",\"position\":7,\"name\":\"Creme oxidante\",\"item\":\"https:\\\/\\\/shopatoa.com\\\/ro\\\/creme-oxidante\\\/\"},{\"@type\":\"ListItem\",\"position\":8,\"name\":\"Schwarzkopf Professional IGORA Royal lotiune activa 6 % Vol.20 60 ml\"}]},{\"@type\":\"WebSite\",\"@id\":\"https:\\\/\\\/shopatoa.com\\\/ro\\\/#website\",\"url\":\"https:\\\/\\\/shopatoa.com\\\/ro\\\/\",\"name\":\"SHOPATOA\",\"description\":\"\",\"publisher\":{\"@id\":\"https:\\\/\\\/shopatoa.com\\\/ro\\\/#organization\"},\"potentialAction\":[{\"@type\":\"SearchAction\",\"target\":{\"@type\":\"EntryPoint\",\"urlTemplate\":\"https:\\\/\\\/shopatoa.com\\\/ro\\\/?s={search_term_string}\"},\"query-input\":{\"@type\":\"PropertyValueSpecification\",\"valueRequired\":true,\"valueName\":\"search_term_string\"}}],\"inLanguage\":\"ro-RO\"},{\"@type\":\"Organization\",\"@id\":\"https:\\\/\\\/shopatoa.com\\\/ro\\\/#organization\",\"name\":\"SHOPATOA\",\"url\":\"https:\\\/\\\/shopatoa.com\\\/ro\\\/\",\"logo\":{\"@type\":\"ImageObject\",\"inLanguage\":\"ro-RO\",\"@id\":\"https:\\\/\\\/shopatoa.com\\\/ro\\\/#\\\/schema\\\/logo\\\/image\\\/\",\"url\":\"https:\\\/\\\/storage.googleapis.com\\\/cz-shopatoa-img\\\/ro\\\/b4dac915-shopatoa_logo.png\",\"contentUrl\":\"https:\\\/\\\/storage.googleapis.com\\\/cz-shopatoa-img\\\/ro\\\/b4dac915-shopatoa_logo.png\",\"width\":416,\"height\":63,\"caption\":\"SHOPATOA\"},\"image\":{\"@id\":\"https:\\\/\\\/shopatoa.com\\\/ro\\\/#\\\/schema\\\/logo\\\/image\\\/\"}}]}<\/script>\n<!-- \/ Yoast SEO plugin. -->","yoast_head_json":{"title":"Schwarzkopf Professional IGORA Royal lotiune activa 6 % Vol.20 60 ml - SHOPATOA.COM","robots":{"index":"index","follow":"follow","max-snippet":"max-snippet:-1","max-image-preview":"max-image-preview:large","max-video-preview":"max-video-preview:-1"},"canonical":"https:\/\/shopatoa.com\/ro\/schwarzkopf-professional-igora-royal-lotiune-activa-6-vol-20-60-ml\/","og_locale":"ro_RO","og_type":"article","og_title":"Schwarzkopf Professional IGORA Royal lotiune activa 6 % Vol.20 60 ml - SHOPATOA.COM","og_description":"Schwarzkopf Professional IGORA Royal, 60 ml, Crema oxidanta pentru femei, Ob\u021bine\u021bi un rezultat perfect \u00een timpul vopsirii p\u0103rului. Emulsia activatoare Schwarzkopf Professional IGORA Royal ac\u021bioneaz\u0103 \u00een timpul procesului de vopsire ca un oxidant sau revelator. Utilizarea ei \u00een propor\u021bie corect\u0103 cu vopsea permanent\u0103 asigur\u0103 o acoperire uniform\u0103 \u0219i ajut\u0103 la intensificarea semnificativ\u0103 a nuan\u021bei \u0219i...","og_url":"https:\/\/shopatoa.com\/ro\/schwarzkopf-professional-igora-royal-lotiune-activa-6-vol-20-60-ml\/","og_site_name":"SHOPATOA","article_modified_time":"2026-02-03T03:22:10+00:00","og_image":[{"width":800,"height":800,"url":"https:\/\/storage.googleapis.com\/cz-shopatoa-img\/ro\/b616744c-unnamed-file.webp","type":"image\/webp"}],"twitter_card":"summary_large_image","twitter_misc":{"Timp estimat pentru citire":"1 minut"},"schema":{"@context":"https:\/\/schema.org","@graph":[{"@type":"WebPage","@id":"https:\/\/shopatoa.com\/ro\/schwarzkopf-professional-igora-royal-lotiune-activa-6-vol-20-60-ml\/","url":"https:\/\/shopatoa.com\/ro\/schwarzkopf-professional-igora-royal-lotiune-activa-6-vol-20-60-ml\/","name":"Schwarzkopf Professional IGORA Royal lotiune activa 6 % Vol.20 60 ml - SHOPATOA.COM","isPartOf":{"@id":"https:\/\/shopatoa.com\/ro\/#website"},"primaryImageOfPage":{"@id":"https:\/\/shopatoa.com\/ro\/schwarzkopf-professional-igora-royal-lotiune-activa-6-vol-20-60-ml\/#primaryimage"},"image":{"@id":"https:\/\/shopatoa.com\/ro\/schwarzkopf-professional-igora-royal-lotiune-activa-6-vol-20-60-ml\/#primaryimage"},"thumbnailUrl":"https:\/\/storage.googleapis.com\/cz-shopatoa-img\/ro\/b616744c-unnamed-file.webp","datePublished":"2025-06-27T22:26:03+00:00","dateModified":"2026-02-03T03:22:10+00:00","breadcrumb":{"@id":"https:\/\/shopatoa.com\/ro\/schwarzkopf-professional-igora-royal-lotiune-activa-6-vol-20-60-ml\/#breadcrumb"},"inLanguage":"ro-RO","potentialAction":[{"@type":"ReadAction","target":["https:\/\/shopatoa.com\/ro\/schwarzkopf-professional-igora-royal-lotiune-activa-6-vol-20-60-ml\/"]}]},{"@type":"ImageObject","inLanguage":"ro-RO","@id":"https:\/\/shopatoa.com\/ro\/schwarzkopf-professional-igora-royal-lotiune-activa-6-vol-20-60-ml\/#primaryimage","url":"https:\/\/storage.googleapis.com\/cz-shopatoa-img\/ro\/b616744c-unnamed-file.webp","contentUrl":"https:\/\/storage.googleapis.com\/cz-shopatoa-img\/ro\/b616744c-unnamed-file.webp","width":800,"height":800},{"@type":"BreadcrumbList","@id":"https:\/\/shopatoa.com\/ro\/schwarzkopf-professional-igora-royal-lotiune-activa-6-vol-20-60-ml\/#breadcrumb","itemListElement":[{"@type":"ListItem","position":1,"name":"Dom\u016f","item":"https:\/\/shopatoa.com\/ro\/"},{"@type":"ListItem","position":2,"name":"Shop","item":"https:\/\/shopatoa.com\/ro\/shop\/"},{"@type":"ListItem","position":3,"name":"S\u0103n\u0103tate \u0219i frumuse\u021be","item":"https:\/\/shopatoa.com\/ro\/sanatate-si-frumusete\/"},{"@type":"ListItem","position":4,"name":"\u00cengrijire personal\u0103","item":"https:\/\/shopatoa.com\/ro\/ingrijire-personala\/"},{"@type":"ListItem","position":5,"name":"\u00cengrijirea p\u0103rului","item":"https:\/\/shopatoa.com\/ro\/ingrijirea-parului\/"},{"@type":"ListItem","position":6,"name":"Vopsele pentru p\u0103r","item":"https:\/\/shopatoa.com\/ro\/vopsele-pentru-par\/"},{"@type":"ListItem","position":7,"name":"Creme oxidante","item":"https:\/\/shopatoa.com\/ro\/creme-oxidante\/"},{"@type":"ListItem","position":8,"name":"Schwarzkopf Professional IGORA Royal lotiune activa 6 % Vol.20 60 ml"}]},{"@type":"WebSite","@id":"https:\/\/shopatoa.com\/ro\/#website","url":"https:\/\/shopatoa.com\/ro\/","name":"SHOPATOA","description":"","publisher":{"@id":"https:\/\/shopatoa.com\/ro\/#organization"},"potentialAction":[{"@type":"SearchAction","target":{"@type":"EntryPoint","urlTemplate":"https:\/\/shopatoa.com\/ro\/?s={search_term_string}"},"query-input":{"@type":"PropertyValueSpecification","valueRequired":true,"valueName":"search_term_string"}}],"inLanguage":"ro-RO"},{"@type":"Organization","@id":"https:\/\/shopatoa.com\/ro\/#organization","name":"SHOPATOA","url":"https:\/\/shopatoa.com\/ro\/","logo":{"@type":"ImageObject","inLanguage":"ro-RO","@id":"https:\/\/shopatoa.com\/ro\/#\/schema\/logo\/image\/","url":"https:\/\/storage.googleapis.com\/cz-shopatoa-img\/ro\/b4dac915-shopatoa_logo.png","contentUrl":"https:\/\/storage.googleapis.com\/cz-shopatoa-img\/ro\/b4dac915-shopatoa_logo.png","width":416,"height":63,"caption":"SHOPATOA"},"image":{"@id":"https:\/\/shopatoa.com\/ro\/#\/schema\/logo\/image\/"}}]}},"_links":{"self":[{"href":"https:\/\/shopatoa.com\/ro\/wp-json\/wp\/v2\/product\/466750","targetHints":{"allow":["GET"]}}],"collection":[{"href":"https:\/\/shopatoa.com\/ro\/wp-json\/wp\/v2\/product"}],"about":[{"href":"https:\/\/shopatoa.com\/ro\/wp-json\/wp\/v2\/types\/product"}],"replies":[{"embeddable":true,"href":"https:\/\/shopatoa.com\/ro\/wp-json\/wp\/v2\/comments?post=466750"}],"wp:featuredmedia":[{"embeddable":true,"href":"https:\/\/shopatoa.com\/ro\/wp-json\/wp\/v2\/media\/466751"}],"wp:attachment":[{"href":"https:\/\/shopatoa.com\/ro\/wp-json\/wp\/v2\/media?parent=466750"}],"wp:term":[{"taxonomy":"product_brand","embeddable":true,"href":"https:\/\/shopatoa.com\/ro\/wp-json\/wp\/v2\/product_brand?post=466750"},{"taxonomy":"product_cat","embeddable":true,"href":"https:\/\/shopatoa.com\/ro\/wp-json\/wp\/v2\/product_cat?post=466750"},{"taxonomy":"product_tag","embeddable":true,"href":"https:\/\/shopatoa.com\/ro\/wp-json\/wp\/v2\/product_tag?post=466750"}],"curies":[{"name":"wp","href":"https:\/\/api.w.org\/{rel}","templated":true}]}}