{"id":466766,"date":"2025-06-28T00:27:19","date_gmt":"2025-06-27T22:27:19","guid":{"rendered":"https:\/\/shopatoa.com\/ro\/canpol-babies-babiesboo-teether-and-rattle-jucarie-pentru-dentitie-cu-zornaitoare\/"},"modified":"2025-06-28T00:28:08","modified_gmt":"2025-06-27T22:28:08","slug":"canpol-babies-babiesboo-teether-and-rattle-jucarie-pentru-dentitie-cu-zornaitoare","status":"publish","type":"product","link":"https:\/\/shopatoa.com\/ro\/canpol-babies-babiesboo-teether-and-rattle-jucarie-pentru-dentitie-cu-zornaitoare\/","title":{"rendered":"canpol babies BabiesBoo Teether and Rattle juc\u0103rie pentru denti\u021bie cu zorn\u0103itoare"},"content":{"rendered":"<p>canpol babies BabiesBoo Teether and Rattle, Zorn\u0103itoare pentru copii, Nu doar o juc\u0103rie amuzant\u0103 pentru copii, ci \u0219i un accesoriu de masaj care amelioreaz\u0103 durerile gingiilor, \u00een perioada erup\u021biei din\u021bilor de lapte. Aceasta este juc\u0103ria pentru denti\u021bie canpol babies BabiesBoo Teether and Rattle cu design amuzant, u\u0219or de \u021binut \u00een m\u00e2nu\u021bele celor mici.  Caracteristici:  u\u0219ureaz\u0103 durerile de gingii \u00een perioada erup\u021biei din\u021bilor de lapte juc\u0103rie pentru denti\u021bie, cu zorn\u0103itoare materialul este rezistent \u00eempotriva deterior\u0103rii prin mu\u0219care juc\u0103ria pentru denti\u021bie este u\u0219oar\u0103 se \u021bine bine chiar \u0219i de c\u0103tre m\u00e2nu\u021bele mici ale copiilor ideal\u0103 ca prim\u0103 juc\u0103rie, pentru cei mai mici copii culorile contrastante trezesc interesul bebelu\u0219ului \u0219i dezvolt\u0103 vederea atrage aten\u021bia bebelu\u0219ului<\/p>\n","protected":false},"excerpt":{"rendered":"<p>canpol babies BabiesBoo Teether and Rattle, Zorn\u0103itoare pentru copii, Nu doar o juc\u0103rie amuzant\u0103 pentru copii, ci \u0219i un accesoriu de masaj care amelioreaz\u0103 durerile gingiilor, \u00een perioada erup\u021biei din\u021bilor de lapte. Aceasta este juc\u0103ria pentru denti\u021bie canpol babies BabiesBoo Teether and Rattle cu design amuzant, u\u0219or de \u021binut \u00een m\u00e2nu\u021bele celor mici. Caracteristici: u\u0219ureaz\u0103&#8230;<\/p>\n","protected":false},"featured_media":466767,"comment_status":"closed","ping_status":"open","template":"","meta":{"_acf_changed":false,"_kadence_starter_templates_imported_post":false,"_kad_post_transparent":"","_kad_post_title":"","_kad_post_layout":"","_kad_post_sidebar_id":"","_kad_post_content_style":"","_kad_post_vertical_padding":"","_kad_post_feature":"","_kad_post_feature_position":"","_kad_post_header":false,"_kad_post_footer":false,"_kad_post_classname":""},"product_brand":[2504],"product_cat":[3893,3895,3894],"product_tag":[],"class_list":{"0":"post-466766","1":"product","2":"type-product","3":"status-publish","4":"has-post-thumbnail","6":"product_brand-canpol-babies","7":"product_cat-copii-si-sugari","8":"product_cat-jucarii-de-ros","9":"product_cat-jucarii-pentru-copii","10":"pa_gen-unisex","12":"first","13":"instock","14":"sale","15":"product-type-external","16":"entry","17":"content-bg","18":"loop-entry"},"acf":[],"yoast_head":"<!-- This site is optimized with the Yoast SEO plugin v27.4 - https:\/\/yoast.com\/product\/yoast-seo-wordpress\/ -->\n<title>canpol babies BabiesBoo Teether and Rattle juc\u0103rie pentru denti\u021bie cu zorn\u0103itoare - SHOPATOA.COM<\/title>\n<meta name=\"robots\" content=\"index, follow, max-snippet:-1, max-image-preview:large, max-video-preview:-1\" \/>\n<link rel=\"canonical\" href=\"https:\/\/shopatoa.com\/ro\/canpol-babies-babiesboo-teether-and-rattle-jucarie-pentru-dentitie-cu-zornaitoare\/\" \/>\n<meta property=\"og:locale\" content=\"ro_RO\" \/>\n<meta property=\"og:type\" content=\"article\" \/>\n<meta property=\"og:title\" content=\"canpol babies BabiesBoo Teether and Rattle juc\u0103rie pentru denti\u021bie cu zorn\u0103itoare - SHOPATOA.COM\" \/>\n<meta property=\"og:description\" content=\"canpol babies BabiesBoo Teether and Rattle, Zorn\u0103itoare pentru copii, Nu doar o juc\u0103rie amuzant\u0103 pentru copii, ci \u0219i un accesoriu de masaj care amelioreaz\u0103 durerile gingiilor, \u00een perioada erup\u021biei din\u021bilor de lapte. Aceasta este juc\u0103ria pentru denti\u021bie canpol babies BabiesBoo Teether and Rattle cu design amuzant, u\u0219or de \u021binut \u00een m\u00e2nu\u021bele celor mici. Caracteristici: u\u0219ureaz\u0103...\" \/>\n<meta property=\"og:url\" content=\"https:\/\/shopatoa.com\/ro\/canpol-babies-babiesboo-teether-and-rattle-jucarie-pentru-dentitie-cu-zornaitoare\/\" \/>\n<meta property=\"og:site_name\" content=\"SHOPATOA\" \/>\n<meta property=\"article:modified_time\" content=\"2025-06-27T22:28:08+00:00\" \/>\n<meta property=\"og:image\" content=\"https:\/\/storage.googleapis.com\/cz-shopatoa-img\/ro\/6c9e99b3-unnamed-file.webp\" \/>\n\t<meta property=\"og:image:width\" content=\"800\" \/>\n\t<meta property=\"og:image:height\" content=\"800\" \/>\n\t<meta property=\"og:image:type\" content=\"image\/webp\" \/>\n<meta name=\"twitter:card\" content=\"summary_large_image\" \/>\n<meta name=\"twitter:label1\" content=\"Timp estimat pentru citire\" \/>\n\t<meta name=\"twitter:data1\" content=\"1 minut\" \/>\n<script type=\"application\/ld+json\" class=\"yoast-schema-graph\">{\"@context\":\"https:\\\/\\\/schema.org\",\"@graph\":[{\"@type\":\"WebPage\",\"@id\":\"https:\\\/\\\/shopatoa.com\\\/ro\\\/canpol-babies-babiesboo-teether-and-rattle-jucarie-pentru-dentitie-cu-zornaitoare\\\/\",\"url\":\"https:\\\/\\\/shopatoa.com\\\/ro\\\/canpol-babies-babiesboo-teether-and-rattle-jucarie-pentru-dentitie-cu-zornaitoare\\\/\",\"name\":\"canpol babies BabiesBoo Teether and Rattle juc\u0103rie pentru denti\u021bie cu zorn\u0103itoare - SHOPATOA.COM\",\"isPartOf\":{\"@id\":\"https:\\\/\\\/shopatoa.com\\\/ro\\\/#website\"},\"primaryImageOfPage\":{\"@id\":\"https:\\\/\\\/shopatoa.com\\\/ro\\\/canpol-babies-babiesboo-teether-and-rattle-jucarie-pentru-dentitie-cu-zornaitoare\\\/#primaryimage\"},\"image\":{\"@id\":\"https:\\\/\\\/shopatoa.com\\\/ro\\\/canpol-babies-babiesboo-teether-and-rattle-jucarie-pentru-dentitie-cu-zornaitoare\\\/#primaryimage\"},\"thumbnailUrl\":\"https:\\\/\\\/storage.googleapis.com\\\/cz-shopatoa-img\\\/ro\\\/6c9e99b3-unnamed-file.webp\",\"datePublished\":\"2025-06-27T22:27:19+00:00\",\"dateModified\":\"2025-06-27T22:28:08+00:00\",\"breadcrumb\":{\"@id\":\"https:\\\/\\\/shopatoa.com\\\/ro\\\/canpol-babies-babiesboo-teether-and-rattle-jucarie-pentru-dentitie-cu-zornaitoare\\\/#breadcrumb\"},\"inLanguage\":\"ro-RO\",\"potentialAction\":[{\"@type\":\"ReadAction\",\"target\":[\"https:\\\/\\\/shopatoa.com\\\/ro\\\/canpol-babies-babiesboo-teether-and-rattle-jucarie-pentru-dentitie-cu-zornaitoare\\\/\"]}]},{\"@type\":\"ImageObject\",\"inLanguage\":\"ro-RO\",\"@id\":\"https:\\\/\\\/shopatoa.com\\\/ro\\\/canpol-babies-babiesboo-teether-and-rattle-jucarie-pentru-dentitie-cu-zornaitoare\\\/#primaryimage\",\"url\":\"https:\\\/\\\/storage.googleapis.com\\\/cz-shopatoa-img\\\/ro\\\/6c9e99b3-unnamed-file.webp\",\"contentUrl\":\"https:\\\/\\\/storage.googleapis.com\\\/cz-shopatoa-img\\\/ro\\\/6c9e99b3-unnamed-file.webp\",\"width\":800,\"height\":800},{\"@type\":\"BreadcrumbList\",\"@id\":\"https:\\\/\\\/shopatoa.com\\\/ro\\\/canpol-babies-babiesboo-teether-and-rattle-jucarie-pentru-dentitie-cu-zornaitoare\\\/#breadcrumb\",\"itemListElement\":[{\"@type\":\"ListItem\",\"position\":1,\"name\":\"Dom\u016f\",\"item\":\"https:\\\/\\\/shopatoa.com\\\/ro\\\/\"},{\"@type\":\"ListItem\",\"position\":2,\"name\":\"Shop\",\"item\":\"https:\\\/\\\/shopatoa.com\\\/ro\\\/shop\\\/\"},{\"@type\":\"ListItem\",\"position\":3,\"name\":\"canpol babies BabiesBoo Teether and Rattle juc\u0103rie pentru denti\u021bie cu zorn\u0103itoare\"}]},{\"@type\":\"WebSite\",\"@id\":\"https:\\\/\\\/shopatoa.com\\\/ro\\\/#website\",\"url\":\"https:\\\/\\\/shopatoa.com\\\/ro\\\/\",\"name\":\"SHOPATOA\",\"description\":\"\",\"publisher\":{\"@id\":\"https:\\\/\\\/shopatoa.com\\\/ro\\\/#organization\"},\"potentialAction\":[{\"@type\":\"SearchAction\",\"target\":{\"@type\":\"EntryPoint\",\"urlTemplate\":\"https:\\\/\\\/shopatoa.com\\\/ro\\\/?s={search_term_string}\"},\"query-input\":{\"@type\":\"PropertyValueSpecification\",\"valueRequired\":true,\"valueName\":\"search_term_string\"}}],\"inLanguage\":\"ro-RO\"},{\"@type\":\"Organization\",\"@id\":\"https:\\\/\\\/shopatoa.com\\\/ro\\\/#organization\",\"name\":\"SHOPATOA\",\"url\":\"https:\\\/\\\/shopatoa.com\\\/ro\\\/\",\"logo\":{\"@type\":\"ImageObject\",\"inLanguage\":\"ro-RO\",\"@id\":\"https:\\\/\\\/shopatoa.com\\\/ro\\\/#\\\/schema\\\/logo\\\/image\\\/\",\"url\":\"https:\\\/\\\/storage.googleapis.com\\\/cz-shopatoa-img\\\/ro\\\/b4dac915-shopatoa_logo.png\",\"contentUrl\":\"https:\\\/\\\/storage.googleapis.com\\\/cz-shopatoa-img\\\/ro\\\/b4dac915-shopatoa_logo.png\",\"width\":416,\"height\":63,\"caption\":\"SHOPATOA\"},\"image\":{\"@id\":\"https:\\\/\\\/shopatoa.com\\\/ro\\\/#\\\/schema\\\/logo\\\/image\\\/\"}}]}<\/script>\n<!-- \/ Yoast SEO plugin. -->","yoast_head_json":{"title":"canpol babies BabiesBoo Teether and Rattle juc\u0103rie pentru denti\u021bie cu zorn\u0103itoare - SHOPATOA.COM","robots":{"index":"index","follow":"follow","max-snippet":"max-snippet:-1","max-image-preview":"max-image-preview:large","max-video-preview":"max-video-preview:-1"},"canonical":"https:\/\/shopatoa.com\/ro\/canpol-babies-babiesboo-teether-and-rattle-jucarie-pentru-dentitie-cu-zornaitoare\/","og_locale":"ro_RO","og_type":"article","og_title":"canpol babies BabiesBoo Teether and Rattle juc\u0103rie pentru denti\u021bie cu zorn\u0103itoare - SHOPATOA.COM","og_description":"canpol babies BabiesBoo Teether and Rattle, Zorn\u0103itoare pentru copii, Nu doar o juc\u0103rie amuzant\u0103 pentru copii, ci \u0219i un accesoriu de masaj care amelioreaz\u0103 durerile gingiilor, \u00een perioada erup\u021biei din\u021bilor de lapte. Aceasta este juc\u0103ria pentru denti\u021bie canpol babies BabiesBoo Teether and Rattle cu design amuzant, u\u0219or de \u021binut \u00een m\u00e2nu\u021bele celor mici. Caracteristici: u\u0219ureaz\u0103...","og_url":"https:\/\/shopatoa.com\/ro\/canpol-babies-babiesboo-teether-and-rattle-jucarie-pentru-dentitie-cu-zornaitoare\/","og_site_name":"SHOPATOA","article_modified_time":"2025-06-27T22:28:08+00:00","og_image":[{"width":800,"height":800,"url":"https:\/\/storage.googleapis.com\/cz-shopatoa-img\/ro\/6c9e99b3-unnamed-file.webp","type":"image\/webp"}],"twitter_card":"summary_large_image","twitter_misc":{"Timp estimat pentru citire":"1 minut"},"schema":{"@context":"https:\/\/schema.org","@graph":[{"@type":"WebPage","@id":"https:\/\/shopatoa.com\/ro\/canpol-babies-babiesboo-teether-and-rattle-jucarie-pentru-dentitie-cu-zornaitoare\/","url":"https:\/\/shopatoa.com\/ro\/canpol-babies-babiesboo-teether-and-rattle-jucarie-pentru-dentitie-cu-zornaitoare\/","name":"canpol babies BabiesBoo Teether and Rattle juc\u0103rie pentru denti\u021bie cu zorn\u0103itoare - SHOPATOA.COM","isPartOf":{"@id":"https:\/\/shopatoa.com\/ro\/#website"},"primaryImageOfPage":{"@id":"https:\/\/shopatoa.com\/ro\/canpol-babies-babiesboo-teether-and-rattle-jucarie-pentru-dentitie-cu-zornaitoare\/#primaryimage"},"image":{"@id":"https:\/\/shopatoa.com\/ro\/canpol-babies-babiesboo-teether-and-rattle-jucarie-pentru-dentitie-cu-zornaitoare\/#primaryimage"},"thumbnailUrl":"https:\/\/storage.googleapis.com\/cz-shopatoa-img\/ro\/6c9e99b3-unnamed-file.webp","datePublished":"2025-06-27T22:27:19+00:00","dateModified":"2025-06-27T22:28:08+00:00","breadcrumb":{"@id":"https:\/\/shopatoa.com\/ro\/canpol-babies-babiesboo-teether-and-rattle-jucarie-pentru-dentitie-cu-zornaitoare\/#breadcrumb"},"inLanguage":"ro-RO","potentialAction":[{"@type":"ReadAction","target":["https:\/\/shopatoa.com\/ro\/canpol-babies-babiesboo-teether-and-rattle-jucarie-pentru-dentitie-cu-zornaitoare\/"]}]},{"@type":"ImageObject","inLanguage":"ro-RO","@id":"https:\/\/shopatoa.com\/ro\/canpol-babies-babiesboo-teether-and-rattle-jucarie-pentru-dentitie-cu-zornaitoare\/#primaryimage","url":"https:\/\/storage.googleapis.com\/cz-shopatoa-img\/ro\/6c9e99b3-unnamed-file.webp","contentUrl":"https:\/\/storage.googleapis.com\/cz-shopatoa-img\/ro\/6c9e99b3-unnamed-file.webp","width":800,"height":800},{"@type":"BreadcrumbList","@id":"https:\/\/shopatoa.com\/ro\/canpol-babies-babiesboo-teether-and-rattle-jucarie-pentru-dentitie-cu-zornaitoare\/#breadcrumb","itemListElement":[{"@type":"ListItem","position":1,"name":"Dom\u016f","item":"https:\/\/shopatoa.com\/ro\/"},{"@type":"ListItem","position":2,"name":"Shop","item":"https:\/\/shopatoa.com\/ro\/shop\/"},{"@type":"ListItem","position":3,"name":"canpol babies BabiesBoo Teether and Rattle juc\u0103rie pentru denti\u021bie cu zorn\u0103itoare"}]},{"@type":"WebSite","@id":"https:\/\/shopatoa.com\/ro\/#website","url":"https:\/\/shopatoa.com\/ro\/","name":"SHOPATOA","description":"","publisher":{"@id":"https:\/\/shopatoa.com\/ro\/#organization"},"potentialAction":[{"@type":"SearchAction","target":{"@type":"EntryPoint","urlTemplate":"https:\/\/shopatoa.com\/ro\/?s={search_term_string}"},"query-input":{"@type":"PropertyValueSpecification","valueRequired":true,"valueName":"search_term_string"}}],"inLanguage":"ro-RO"},{"@type":"Organization","@id":"https:\/\/shopatoa.com\/ro\/#organization","name":"SHOPATOA","url":"https:\/\/shopatoa.com\/ro\/","logo":{"@type":"ImageObject","inLanguage":"ro-RO","@id":"https:\/\/shopatoa.com\/ro\/#\/schema\/logo\/image\/","url":"https:\/\/storage.googleapis.com\/cz-shopatoa-img\/ro\/b4dac915-shopatoa_logo.png","contentUrl":"https:\/\/storage.googleapis.com\/cz-shopatoa-img\/ro\/b4dac915-shopatoa_logo.png","width":416,"height":63,"caption":"SHOPATOA"},"image":{"@id":"https:\/\/shopatoa.com\/ro\/#\/schema\/logo\/image\/"}}]}},"_links":{"self":[{"href":"https:\/\/shopatoa.com\/ro\/wp-json\/wp\/v2\/product\/466766","targetHints":{"allow":["GET"]}}],"collection":[{"href":"https:\/\/shopatoa.com\/ro\/wp-json\/wp\/v2\/product"}],"about":[{"href":"https:\/\/shopatoa.com\/ro\/wp-json\/wp\/v2\/types\/product"}],"replies":[{"embeddable":true,"href":"https:\/\/shopatoa.com\/ro\/wp-json\/wp\/v2\/comments?post=466766"}],"wp:featuredmedia":[{"embeddable":true,"href":"https:\/\/shopatoa.com\/ro\/wp-json\/wp\/v2\/media\/466767"}],"wp:attachment":[{"href":"https:\/\/shopatoa.com\/ro\/wp-json\/wp\/v2\/media?parent=466766"}],"wp:term":[{"taxonomy":"product_brand","embeddable":true,"href":"https:\/\/shopatoa.com\/ro\/wp-json\/wp\/v2\/product_brand?post=466766"},{"taxonomy":"product_cat","embeddable":true,"href":"https:\/\/shopatoa.com\/ro\/wp-json\/wp\/v2\/product_cat?post=466766"},{"taxonomy":"product_tag","embeddable":true,"href":"https:\/\/shopatoa.com\/ro\/wp-json\/wp\/v2\/product_tag?post=466766"}],"curies":[{"name":"wp","href":"https:\/\/api.w.org\/{rel}","templated":true}]}}