{"id":466770,"date":"2025-06-28T00:27:19","date_gmt":"2025-06-27T22:27:19","guid":{"rendered":"https:\/\/shopatoa.com\/ro\/canpol-babies-babiesboo-sensory-ball-jucarie-fluieratoare-contrastanta-cu-zornaitoare\/"},"modified":"2026-02-03T04:19:03","modified_gmt":"2026-02-03T03:19:03","slug":"canpol-babies-babiesboo-sensory-ball-jucarie-fluieratoare-contrastanta-cu-zornaitoare","status":"publish","type":"product","link":"https:\/\/shopatoa.com\/ro\/canpol-babies-babiesboo-sensory-ball-jucarie-fluieratoare-contrastanta-cu-zornaitoare\/","title":{"rendered":"Canpol babies BabiesBoo Sensory Ball juc\u0103rie fluier\u0103toare contrastant\u0103 cu zorn\u0103itoare"},"content":{"rendered":"<p>Canpol babies BabiesBoo Sensory Ball, Juc\u0103rii interactive pentru copii, Juc\u0103riile reprezint\u0103 un mod ideal de a-i distra pe cei mici. Juc\u0103ria Canpol babies BabiesBoo Sensory Ball nu numai c\u0103 v\u0103 amuz\u0103 copilul, ci favorizeaz\u0103 \u0219i dezvoltarea percep\u021biei senzoriale \u0219i a altor abilit\u0103\u021bi ale acestuia.  Caracteristici:  ideal\u0103 ca prim\u0103 juc\u0103rie, pentru cei mai mici copii culorile contrastante trezesc interesul bebelu\u0219ului \u0219i dezvolt\u0103 vederea atrage aten\u021bia bebelu\u0219ului materialul fo\u0219nitor atrage aten\u021bia copilului poate servi ca decora\u021bie \u00een camera copilului dezvolt\u0103 abilit\u0103\u021bile bebelu\u0219ului de a-\u0219i concentra aten\u021bia juc\u0103ria se poate monta \u0219i demonta<\/p>\n","protected":false},"excerpt":{"rendered":"<p>Canpol babies BabiesBoo Sensory Ball, Juc\u0103rii interactive pentru copii, Juc\u0103riile reprezint\u0103 un mod ideal de a-i distra pe cei mici. Juc\u0103ria Canpol babies BabiesBoo Sensory Ball nu numai c\u0103 v\u0103 amuz\u0103 copilul, ci favorizeaz\u0103 \u0219i dezvoltarea percep\u021biei senzoriale \u0219i a altor abilit\u0103\u021bi ale acestuia. Caracteristici: ideal\u0103 ca prim\u0103 juc\u0103rie, pentru cei mai mici copii culorile&#8230;<\/p>\n","protected":false},"featured_media":466771,"comment_status":"closed","ping_status":"open","template":"","meta":{"_acf_changed":false,"_kadence_starter_templates_imported_post":false,"_kad_post_transparent":"","_kad_post_title":"","_kad_post_layout":"","_kad_post_sidebar_id":"","_kad_post_content_style":"","_kad_post_vertical_padding":"","_kad_post_feature":"","_kad_post_feature_position":"","_kad_post_header":false,"_kad_post_footer":false,"_kad_post_classname":""},"product_brand":[2504],"product_cat":[3893,3932,3894],"product_tag":[],"class_list":{"0":"post-466770","1":"product","2":"type-product","3":"status-publish","4":"has-post-thumbnail","6":"product_brand-canpol-babies","7":"product_cat-copii-si-sugari","8":"product_cat-jucarii-interactive","9":"product_cat-jucarii-pentru-copii","10":"pa_gen-unisex","12":"first","13":"instock","14":"sale","15":"product-type-external","16":"entry","17":"content-bg","18":"loop-entry"},"acf":[],"yoast_head":"<!-- This site is optimized with the Yoast SEO plugin v27.4 - https:\/\/yoast.com\/product\/yoast-seo-wordpress\/ -->\n<title>Canpol babies BabiesBoo Sensory Ball juc\u0103rie fluier\u0103toare contrastant\u0103 cu zorn\u0103itoare - SHOPATOA.COM<\/title>\n<meta name=\"robots\" content=\"index, follow, max-snippet:-1, max-image-preview:large, max-video-preview:-1\" \/>\n<link rel=\"canonical\" href=\"https:\/\/shopatoa.com\/ro\/canpol-babies-babiesboo-sensory-ball-jucarie-fluieratoare-contrastanta-cu-zornaitoare\/\" \/>\n<meta property=\"og:locale\" content=\"ro_RO\" \/>\n<meta property=\"og:type\" content=\"article\" \/>\n<meta property=\"og:title\" content=\"Canpol babies BabiesBoo Sensory Ball juc\u0103rie fluier\u0103toare contrastant\u0103 cu zorn\u0103itoare - SHOPATOA.COM\" \/>\n<meta property=\"og:description\" content=\"Canpol babies BabiesBoo Sensory Ball, Juc\u0103rii interactive pentru copii, Juc\u0103riile reprezint\u0103 un mod ideal de a-i distra pe cei mici. Juc\u0103ria Canpol babies BabiesBoo Sensory Ball nu numai c\u0103 v\u0103 amuz\u0103 copilul, ci favorizeaz\u0103 \u0219i dezvoltarea percep\u021biei senzoriale \u0219i a altor abilit\u0103\u021bi ale acestuia. Caracteristici: ideal\u0103 ca prim\u0103 juc\u0103rie, pentru cei mai mici copii culorile...\" \/>\n<meta property=\"og:url\" content=\"https:\/\/shopatoa.com\/ro\/canpol-babies-babiesboo-sensory-ball-jucarie-fluieratoare-contrastanta-cu-zornaitoare\/\" \/>\n<meta property=\"og:site_name\" content=\"SHOPATOA\" \/>\n<meta property=\"article:modified_time\" content=\"2026-02-03T03:19:03+00:00\" \/>\n<meta property=\"og:image\" content=\"https:\/\/storage.googleapis.com\/cz-shopatoa-img\/ro\/81506c91-unnamed-file.webp\" \/>\n\t<meta property=\"og:image:width\" content=\"800\" \/>\n\t<meta property=\"og:image:height\" content=\"800\" \/>\n\t<meta property=\"og:image:type\" content=\"image\/webp\" \/>\n<meta name=\"twitter:card\" content=\"summary_large_image\" \/>\n<meta name=\"twitter:label1\" content=\"Timp estimat pentru citire\" \/>\n\t<meta name=\"twitter:data1\" content=\"1 minut\" \/>\n<script type=\"application\/ld+json\" class=\"yoast-schema-graph\">{\"@context\":\"https:\\\/\\\/schema.org\",\"@graph\":[{\"@type\":\"WebPage\",\"@id\":\"https:\\\/\\\/shopatoa.com\\\/ro\\\/canpol-babies-babiesboo-sensory-ball-jucarie-fluieratoare-contrastanta-cu-zornaitoare\\\/\",\"url\":\"https:\\\/\\\/shopatoa.com\\\/ro\\\/canpol-babies-babiesboo-sensory-ball-jucarie-fluieratoare-contrastanta-cu-zornaitoare\\\/\",\"name\":\"Canpol babies BabiesBoo Sensory Ball juc\u0103rie fluier\u0103toare contrastant\u0103 cu zorn\u0103itoare - SHOPATOA.COM\",\"isPartOf\":{\"@id\":\"https:\\\/\\\/shopatoa.com\\\/ro\\\/#website\"},\"primaryImageOfPage\":{\"@id\":\"https:\\\/\\\/shopatoa.com\\\/ro\\\/canpol-babies-babiesboo-sensory-ball-jucarie-fluieratoare-contrastanta-cu-zornaitoare\\\/#primaryimage\"},\"image\":{\"@id\":\"https:\\\/\\\/shopatoa.com\\\/ro\\\/canpol-babies-babiesboo-sensory-ball-jucarie-fluieratoare-contrastanta-cu-zornaitoare\\\/#primaryimage\"},\"thumbnailUrl\":\"https:\\\/\\\/storage.googleapis.com\\\/cz-shopatoa-img\\\/ro\\\/81506c91-unnamed-file.webp\",\"datePublished\":\"2025-06-27T22:27:19+00:00\",\"dateModified\":\"2026-02-03T03:19:03+00:00\",\"breadcrumb\":{\"@id\":\"https:\\\/\\\/shopatoa.com\\\/ro\\\/canpol-babies-babiesboo-sensory-ball-jucarie-fluieratoare-contrastanta-cu-zornaitoare\\\/#breadcrumb\"},\"inLanguage\":\"ro-RO\",\"potentialAction\":[{\"@type\":\"ReadAction\",\"target\":[\"https:\\\/\\\/shopatoa.com\\\/ro\\\/canpol-babies-babiesboo-sensory-ball-jucarie-fluieratoare-contrastanta-cu-zornaitoare\\\/\"]}]},{\"@type\":\"ImageObject\",\"inLanguage\":\"ro-RO\",\"@id\":\"https:\\\/\\\/shopatoa.com\\\/ro\\\/canpol-babies-babiesboo-sensory-ball-jucarie-fluieratoare-contrastanta-cu-zornaitoare\\\/#primaryimage\",\"url\":\"https:\\\/\\\/storage.googleapis.com\\\/cz-shopatoa-img\\\/ro\\\/81506c91-unnamed-file.webp\",\"contentUrl\":\"https:\\\/\\\/storage.googleapis.com\\\/cz-shopatoa-img\\\/ro\\\/81506c91-unnamed-file.webp\",\"width\":800,\"height\":800},{\"@type\":\"BreadcrumbList\",\"@id\":\"https:\\\/\\\/shopatoa.com\\\/ro\\\/canpol-babies-babiesboo-sensory-ball-jucarie-fluieratoare-contrastanta-cu-zornaitoare\\\/#breadcrumb\",\"itemListElement\":[{\"@type\":\"ListItem\",\"position\":1,\"name\":\"Dom\u016f\",\"item\":\"https:\\\/\\\/shopatoa.com\\\/ro\\\/\"},{\"@type\":\"ListItem\",\"position\":2,\"name\":\"Shop\",\"item\":\"https:\\\/\\\/shopatoa.com\\\/ro\\\/shop\\\/\"},{\"@type\":\"ListItem\",\"position\":3,\"name\":\"Copii \u0219i sugari\",\"item\":\"https:\\\/\\\/shopatoa.com\\\/ro\\\/copii-si-sugari\\\/\"},{\"@type\":\"ListItem\",\"position\":4,\"name\":\"Juc\u0103rii pentru copii\",\"item\":\"https:\\\/\\\/shopatoa.com\\\/ro\\\/jucarii-pentru-copii\\\/\"},{\"@type\":\"ListItem\",\"position\":5,\"name\":\"Juc\u0103rii interactive\",\"item\":\"https:\\\/\\\/shopatoa.com\\\/ro\\\/jucarii-interactive\\\/\"},{\"@type\":\"ListItem\",\"position\":6,\"name\":\"Canpol babies BabiesBoo Sensory Ball juc\u0103rie fluier\u0103toare contrastant\u0103 cu zorn\u0103itoare\"}]},{\"@type\":\"WebSite\",\"@id\":\"https:\\\/\\\/shopatoa.com\\\/ro\\\/#website\",\"url\":\"https:\\\/\\\/shopatoa.com\\\/ro\\\/\",\"name\":\"SHOPATOA\",\"description\":\"\",\"publisher\":{\"@id\":\"https:\\\/\\\/shopatoa.com\\\/ro\\\/#organization\"},\"potentialAction\":[{\"@type\":\"SearchAction\",\"target\":{\"@type\":\"EntryPoint\",\"urlTemplate\":\"https:\\\/\\\/shopatoa.com\\\/ro\\\/?s={search_term_string}\"},\"query-input\":{\"@type\":\"PropertyValueSpecification\",\"valueRequired\":true,\"valueName\":\"search_term_string\"}}],\"inLanguage\":\"ro-RO\"},{\"@type\":\"Organization\",\"@id\":\"https:\\\/\\\/shopatoa.com\\\/ro\\\/#organization\",\"name\":\"SHOPATOA\",\"url\":\"https:\\\/\\\/shopatoa.com\\\/ro\\\/\",\"logo\":{\"@type\":\"ImageObject\",\"inLanguage\":\"ro-RO\",\"@id\":\"https:\\\/\\\/shopatoa.com\\\/ro\\\/#\\\/schema\\\/logo\\\/image\\\/\",\"url\":\"https:\\\/\\\/storage.googleapis.com\\\/cz-shopatoa-img\\\/ro\\\/b4dac915-shopatoa_logo.png\",\"contentUrl\":\"https:\\\/\\\/storage.googleapis.com\\\/cz-shopatoa-img\\\/ro\\\/b4dac915-shopatoa_logo.png\",\"width\":416,\"height\":63,\"caption\":\"SHOPATOA\"},\"image\":{\"@id\":\"https:\\\/\\\/shopatoa.com\\\/ro\\\/#\\\/schema\\\/logo\\\/image\\\/\"}}]}<\/script>\n<!-- \/ Yoast SEO plugin. -->","yoast_head_json":{"title":"Canpol babies BabiesBoo Sensory Ball juc\u0103rie fluier\u0103toare contrastant\u0103 cu zorn\u0103itoare - SHOPATOA.COM","robots":{"index":"index","follow":"follow","max-snippet":"max-snippet:-1","max-image-preview":"max-image-preview:large","max-video-preview":"max-video-preview:-1"},"canonical":"https:\/\/shopatoa.com\/ro\/canpol-babies-babiesboo-sensory-ball-jucarie-fluieratoare-contrastanta-cu-zornaitoare\/","og_locale":"ro_RO","og_type":"article","og_title":"Canpol babies BabiesBoo Sensory Ball juc\u0103rie fluier\u0103toare contrastant\u0103 cu zorn\u0103itoare - SHOPATOA.COM","og_description":"Canpol babies BabiesBoo Sensory Ball, Juc\u0103rii interactive pentru copii, Juc\u0103riile reprezint\u0103 un mod ideal de a-i distra pe cei mici. Juc\u0103ria Canpol babies BabiesBoo Sensory Ball nu numai c\u0103 v\u0103 amuz\u0103 copilul, ci favorizeaz\u0103 \u0219i dezvoltarea percep\u021biei senzoriale \u0219i a altor abilit\u0103\u021bi ale acestuia. Caracteristici: ideal\u0103 ca prim\u0103 juc\u0103rie, pentru cei mai mici copii culorile...","og_url":"https:\/\/shopatoa.com\/ro\/canpol-babies-babiesboo-sensory-ball-jucarie-fluieratoare-contrastanta-cu-zornaitoare\/","og_site_name":"SHOPATOA","article_modified_time":"2026-02-03T03:19:03+00:00","og_image":[{"width":800,"height":800,"url":"https:\/\/storage.googleapis.com\/cz-shopatoa-img\/ro\/81506c91-unnamed-file.webp","type":"image\/webp"}],"twitter_card":"summary_large_image","twitter_misc":{"Timp estimat pentru citire":"1 minut"},"schema":{"@context":"https:\/\/schema.org","@graph":[{"@type":"WebPage","@id":"https:\/\/shopatoa.com\/ro\/canpol-babies-babiesboo-sensory-ball-jucarie-fluieratoare-contrastanta-cu-zornaitoare\/","url":"https:\/\/shopatoa.com\/ro\/canpol-babies-babiesboo-sensory-ball-jucarie-fluieratoare-contrastanta-cu-zornaitoare\/","name":"Canpol babies BabiesBoo Sensory Ball juc\u0103rie fluier\u0103toare contrastant\u0103 cu zorn\u0103itoare - SHOPATOA.COM","isPartOf":{"@id":"https:\/\/shopatoa.com\/ro\/#website"},"primaryImageOfPage":{"@id":"https:\/\/shopatoa.com\/ro\/canpol-babies-babiesboo-sensory-ball-jucarie-fluieratoare-contrastanta-cu-zornaitoare\/#primaryimage"},"image":{"@id":"https:\/\/shopatoa.com\/ro\/canpol-babies-babiesboo-sensory-ball-jucarie-fluieratoare-contrastanta-cu-zornaitoare\/#primaryimage"},"thumbnailUrl":"https:\/\/storage.googleapis.com\/cz-shopatoa-img\/ro\/81506c91-unnamed-file.webp","datePublished":"2025-06-27T22:27:19+00:00","dateModified":"2026-02-03T03:19:03+00:00","breadcrumb":{"@id":"https:\/\/shopatoa.com\/ro\/canpol-babies-babiesboo-sensory-ball-jucarie-fluieratoare-contrastanta-cu-zornaitoare\/#breadcrumb"},"inLanguage":"ro-RO","potentialAction":[{"@type":"ReadAction","target":["https:\/\/shopatoa.com\/ro\/canpol-babies-babiesboo-sensory-ball-jucarie-fluieratoare-contrastanta-cu-zornaitoare\/"]}]},{"@type":"ImageObject","inLanguage":"ro-RO","@id":"https:\/\/shopatoa.com\/ro\/canpol-babies-babiesboo-sensory-ball-jucarie-fluieratoare-contrastanta-cu-zornaitoare\/#primaryimage","url":"https:\/\/storage.googleapis.com\/cz-shopatoa-img\/ro\/81506c91-unnamed-file.webp","contentUrl":"https:\/\/storage.googleapis.com\/cz-shopatoa-img\/ro\/81506c91-unnamed-file.webp","width":800,"height":800},{"@type":"BreadcrumbList","@id":"https:\/\/shopatoa.com\/ro\/canpol-babies-babiesboo-sensory-ball-jucarie-fluieratoare-contrastanta-cu-zornaitoare\/#breadcrumb","itemListElement":[{"@type":"ListItem","position":1,"name":"Dom\u016f","item":"https:\/\/shopatoa.com\/ro\/"},{"@type":"ListItem","position":2,"name":"Shop","item":"https:\/\/shopatoa.com\/ro\/shop\/"},{"@type":"ListItem","position":3,"name":"Copii \u0219i sugari","item":"https:\/\/shopatoa.com\/ro\/copii-si-sugari\/"},{"@type":"ListItem","position":4,"name":"Juc\u0103rii pentru copii","item":"https:\/\/shopatoa.com\/ro\/jucarii-pentru-copii\/"},{"@type":"ListItem","position":5,"name":"Juc\u0103rii interactive","item":"https:\/\/shopatoa.com\/ro\/jucarii-interactive\/"},{"@type":"ListItem","position":6,"name":"Canpol babies BabiesBoo Sensory Ball juc\u0103rie fluier\u0103toare contrastant\u0103 cu zorn\u0103itoare"}]},{"@type":"WebSite","@id":"https:\/\/shopatoa.com\/ro\/#website","url":"https:\/\/shopatoa.com\/ro\/","name":"SHOPATOA","description":"","publisher":{"@id":"https:\/\/shopatoa.com\/ro\/#organization"},"potentialAction":[{"@type":"SearchAction","target":{"@type":"EntryPoint","urlTemplate":"https:\/\/shopatoa.com\/ro\/?s={search_term_string}"},"query-input":{"@type":"PropertyValueSpecification","valueRequired":true,"valueName":"search_term_string"}}],"inLanguage":"ro-RO"},{"@type":"Organization","@id":"https:\/\/shopatoa.com\/ro\/#organization","name":"SHOPATOA","url":"https:\/\/shopatoa.com\/ro\/","logo":{"@type":"ImageObject","inLanguage":"ro-RO","@id":"https:\/\/shopatoa.com\/ro\/#\/schema\/logo\/image\/","url":"https:\/\/storage.googleapis.com\/cz-shopatoa-img\/ro\/b4dac915-shopatoa_logo.png","contentUrl":"https:\/\/storage.googleapis.com\/cz-shopatoa-img\/ro\/b4dac915-shopatoa_logo.png","width":416,"height":63,"caption":"SHOPATOA"},"image":{"@id":"https:\/\/shopatoa.com\/ro\/#\/schema\/logo\/image\/"}}]}},"_links":{"self":[{"href":"https:\/\/shopatoa.com\/ro\/wp-json\/wp\/v2\/product\/466770","targetHints":{"allow":["GET"]}}],"collection":[{"href":"https:\/\/shopatoa.com\/ro\/wp-json\/wp\/v2\/product"}],"about":[{"href":"https:\/\/shopatoa.com\/ro\/wp-json\/wp\/v2\/types\/product"}],"replies":[{"embeddable":true,"href":"https:\/\/shopatoa.com\/ro\/wp-json\/wp\/v2\/comments?post=466770"}],"wp:featuredmedia":[{"embeddable":true,"href":"https:\/\/shopatoa.com\/ro\/wp-json\/wp\/v2\/media\/466771"}],"wp:attachment":[{"href":"https:\/\/shopatoa.com\/ro\/wp-json\/wp\/v2\/media?parent=466770"}],"wp:term":[{"taxonomy":"product_brand","embeddable":true,"href":"https:\/\/shopatoa.com\/ro\/wp-json\/wp\/v2\/product_brand?post=466770"},{"taxonomy":"product_cat","embeddable":true,"href":"https:\/\/shopatoa.com\/ro\/wp-json\/wp\/v2\/product_cat?post=466770"},{"taxonomy":"product_tag","embeddable":true,"href":"https:\/\/shopatoa.com\/ro\/wp-json\/wp\/v2\/product_tag?post=466770"}],"curies":[{"name":"wp","href":"https:\/\/api.w.org\/{rel}","templated":true}]}}