{"id":466988,"date":"2025-06-28T00:52:25","date_gmt":"2025-06-27T22:52:25","guid":{"rendered":"https:\/\/shopatoa.com\/ro\/truelife-air-diffuser-d3-light-difuzor-de-aroma-cu-ultrasunete-si-umidificator-de-aer-1-buc\/"},"modified":"2026-02-03T03:46:17","modified_gmt":"2026-02-03T02:46:17","slug":"truelife-air-diffuser-d3-light-difuzor-de-aroma-cu-ultrasunete-si-umidificator-de-aer-1-buc","status":"publish","type":"product","link":"https:\/\/shopatoa.com\/ro\/truelife-air-diffuser-d3-light-difuzor-de-aroma-cu-ultrasunete-si-umidificator-de-aer-1-buc\/","title":{"rendered":"TrueLife AIR Diffuser D3 Light difuzor de arom\u0103 cu ultrasunete \u0219i umidificator de aer 1 buc"},"content":{"rendered":"<p>TrueLife AIR Diffuser D3 Light, 1 buc, Difuzoare de arom\u0103 f\u0103r\u0103 rezerv\u0103  Parfumuri pentru casa, Parfumurile au o capacitate neobi\u0219nuit\u0103 \u2013 transform\u0103 locuin\u021ba \u00eentr-un c\u0103min \u0219i creeaz\u0103 instantaneu o atmosfer\u0103 primitoare. Difuzorul de arom\u0103 f\u0103r\u0103 rezerv\u0103 TrueLife AIR Diffuser D3 Light parfumeaz\u0103 pl\u0103cut orice interior \u0219i, \u00een acela\u0219i timp, \u00ee\u0219i asum\u0103 rolul unui elegant accesoriu decorativ. Umple\u021bi difuzorul cu un parfum ales exact pe gustul dvs.  Caracteristici:  un accesoriu stilat, care personalizeaz\u0103 interiorul  Cum se utilizeaz\u0103: Se vor urma instruc\u021biunile incluse.<\/p>\n","protected":false},"excerpt":{"rendered":"<p>TrueLife AIR Diffuser D3 Light, 1 buc, Difuzoare de arom\u0103 f\u0103r\u0103 rezerv\u0103 Parfumuri pentru casa, Parfumurile au o capacitate neobi\u0219nuit\u0103 \u2013 transform\u0103 locuin\u021ba \u00eentr-un c\u0103min \u0219i creeaz\u0103 instantaneu o atmosfer\u0103 primitoare. Difuzorul de arom\u0103 f\u0103r\u0103 rezerv\u0103 TrueLife AIR Diffuser D3 Light parfumeaz\u0103 pl\u0103cut orice interior \u0219i, \u00een acela\u0219i timp, \u00ee\u0219i asum\u0103 rolul unui elegant accesoriu&#8230;<\/p>\n","protected":false},"featured_media":466989,"comment_status":"closed","ping_status":"open","template":"","meta":{"_acf_changed":false,"_kadence_starter_templates_imported_post":false,"_kad_post_transparent":"","_kad_post_title":"","_kad_post_layout":"","_kad_post_sidebar_id":"","_kad_post_content_style":"","_kad_post_vertical_padding":"","_kad_post_feature":"","_kad_post_feature_position":"","_kad_post_header":false,"_kad_post_footer":false,"_kad_post_classname":""},"product_brand":[2086],"product_cat":[3889,2533,3914,3902],"product_tag":[],"class_list":{"0":"post-466988","1":"product","2":"type-product","3":"status-publish","4":"has-post-thumbnail","6":"product_brand-truelife","7":"product_cat-accesorii-si-decoratiuni-pentru-locuinta","8":"product_cat-casa-si-gradina","9":"product_cat-difuzoare-de-aroma-fara-umplutura","10":"product_cat-difuzoare-si-purificatoare-de-aer","11":"pa_gen-unisex","12":"pa_marime-1-buc","14":"first","15":"instock","16":"sale","17":"product-type-external","18":"entry","19":"content-bg","20":"loop-entry"},"acf":[],"yoast_head":"<!-- This site is optimized with the Yoast SEO plugin v27.4 - https:\/\/yoast.com\/product\/yoast-seo-wordpress\/ -->\n<title>TrueLife AIR Diffuser D3 Light difuzor de arom\u0103 cu ultrasunete \u0219i umidificator de aer 1 buc - SHOPATOA.COM<\/title>\n<meta name=\"robots\" content=\"index, follow, max-snippet:-1, max-image-preview:large, max-video-preview:-1\" \/>\n<link rel=\"canonical\" href=\"https:\/\/shopatoa.com\/ro\/truelife-air-diffuser-d3-light-difuzor-de-aroma-cu-ultrasunete-si-umidificator-de-aer-1-buc\/\" \/>\n<meta property=\"og:locale\" content=\"ro_RO\" \/>\n<meta property=\"og:type\" content=\"article\" \/>\n<meta property=\"og:title\" content=\"TrueLife AIR Diffuser D3 Light difuzor de arom\u0103 cu ultrasunete \u0219i umidificator de aer 1 buc - SHOPATOA.COM\" \/>\n<meta property=\"og:description\" content=\"TrueLife AIR Diffuser D3 Light, 1 buc, Difuzoare de arom\u0103 f\u0103r\u0103 rezerv\u0103 Parfumuri pentru casa, Parfumurile au o capacitate neobi\u0219nuit\u0103 \u2013 transform\u0103 locuin\u021ba \u00eentr-un c\u0103min \u0219i creeaz\u0103 instantaneu o atmosfer\u0103 primitoare. Difuzorul de arom\u0103 f\u0103r\u0103 rezerv\u0103 TrueLife AIR Diffuser D3 Light parfumeaz\u0103 pl\u0103cut orice interior \u0219i, \u00een acela\u0219i timp, \u00ee\u0219i asum\u0103 rolul unui elegant accesoriu...\" \/>\n<meta property=\"og:url\" content=\"https:\/\/shopatoa.com\/ro\/truelife-air-diffuser-d3-light-difuzor-de-aroma-cu-ultrasunete-si-umidificator-de-aer-1-buc\/\" \/>\n<meta property=\"og:site_name\" content=\"SHOPATOA\" \/>\n<meta property=\"article:modified_time\" content=\"2026-02-03T02:46:17+00:00\" \/>\n<meta property=\"og:image\" content=\"https:\/\/storage.googleapis.com\/cz-shopatoa-img\/ro\/3bdc1bc8-unnamed-file.webp\" \/>\n\t<meta property=\"og:image:width\" content=\"800\" \/>\n\t<meta property=\"og:image:height\" content=\"800\" \/>\n\t<meta property=\"og:image:type\" content=\"image\/webp\" \/>\n<meta name=\"twitter:card\" content=\"summary_large_image\" \/>\n<script type=\"application\/ld+json\" class=\"yoast-schema-graph\">{\"@context\":\"https:\\\/\\\/schema.org\",\"@graph\":[{\"@type\":\"WebPage\",\"@id\":\"https:\\\/\\\/shopatoa.com\\\/ro\\\/truelife-air-diffuser-d3-light-difuzor-de-aroma-cu-ultrasunete-si-umidificator-de-aer-1-buc\\\/\",\"url\":\"https:\\\/\\\/shopatoa.com\\\/ro\\\/truelife-air-diffuser-d3-light-difuzor-de-aroma-cu-ultrasunete-si-umidificator-de-aer-1-buc\\\/\",\"name\":\"TrueLife AIR Diffuser D3 Light difuzor de arom\u0103 cu ultrasunete \u0219i umidificator de aer 1 buc - SHOPATOA.COM\",\"isPartOf\":{\"@id\":\"https:\\\/\\\/shopatoa.com\\\/ro\\\/#website\"},\"primaryImageOfPage\":{\"@id\":\"https:\\\/\\\/shopatoa.com\\\/ro\\\/truelife-air-diffuser-d3-light-difuzor-de-aroma-cu-ultrasunete-si-umidificator-de-aer-1-buc\\\/#primaryimage\"},\"image\":{\"@id\":\"https:\\\/\\\/shopatoa.com\\\/ro\\\/truelife-air-diffuser-d3-light-difuzor-de-aroma-cu-ultrasunete-si-umidificator-de-aer-1-buc\\\/#primaryimage\"},\"thumbnailUrl\":\"https:\\\/\\\/storage.googleapis.com\\\/cz-shopatoa-img\\\/ro\\\/3bdc1bc8-unnamed-file.webp\",\"datePublished\":\"2025-06-27T22:52:25+00:00\",\"dateModified\":\"2026-02-03T02:46:17+00:00\",\"breadcrumb\":{\"@id\":\"https:\\\/\\\/shopatoa.com\\\/ro\\\/truelife-air-diffuser-d3-light-difuzor-de-aroma-cu-ultrasunete-si-umidificator-de-aer-1-buc\\\/#breadcrumb\"},\"inLanguage\":\"ro-RO\",\"potentialAction\":[{\"@type\":\"ReadAction\",\"target\":[\"https:\\\/\\\/shopatoa.com\\\/ro\\\/truelife-air-diffuser-d3-light-difuzor-de-aroma-cu-ultrasunete-si-umidificator-de-aer-1-buc\\\/\"]}]},{\"@type\":\"ImageObject\",\"inLanguage\":\"ro-RO\",\"@id\":\"https:\\\/\\\/shopatoa.com\\\/ro\\\/truelife-air-diffuser-d3-light-difuzor-de-aroma-cu-ultrasunete-si-umidificator-de-aer-1-buc\\\/#primaryimage\",\"url\":\"https:\\\/\\\/storage.googleapis.com\\\/cz-shopatoa-img\\\/ro\\\/3bdc1bc8-unnamed-file.webp\",\"contentUrl\":\"https:\\\/\\\/storage.googleapis.com\\\/cz-shopatoa-img\\\/ro\\\/3bdc1bc8-unnamed-file.webp\",\"width\":800,\"height\":800},{\"@type\":\"BreadcrumbList\",\"@id\":\"https:\\\/\\\/shopatoa.com\\\/ro\\\/truelife-air-diffuser-d3-light-difuzor-de-aroma-cu-ultrasunete-si-umidificator-de-aer-1-buc\\\/#breadcrumb\",\"itemListElement\":[{\"@type\":\"ListItem\",\"position\":1,\"name\":\"Dom\u016f\",\"item\":\"https:\\\/\\\/shopatoa.com\\\/ro\\\/\"},{\"@type\":\"ListItem\",\"position\":2,\"name\":\"Shop\",\"item\":\"https:\\\/\\\/shopatoa.com\\\/ro\\\/shop\\\/\"},{\"@type\":\"ListItem\",\"position\":3,\"name\":\"Casa \u0219i gr\u0103din\u0103\",\"item\":\"https:\\\/\\\/shopatoa.com\\\/ro\\\/casa-si-gradina\\\/\"},{\"@type\":\"ListItem\",\"position\":4,\"name\":\"Accesorii \u0219i decora\u021biuni pentru locuin\u021b\u0103\",\"item\":\"https:\\\/\\\/shopatoa.com\\\/ro\\\/accesorii-si-decoratiuni-pentru-locuinta\\\/\"},{\"@type\":\"ListItem\",\"position\":5,\"name\":\"Difuzoare \u0219i purificatoare de aer\",\"item\":\"https:\\\/\\\/shopatoa.com\\\/ro\\\/difuzoare-si-purificatoare-de-aer\\\/\"},{\"@type\":\"ListItem\",\"position\":6,\"name\":\"Difuzoare de arom\u0103 f\u0103r\u0103 umplutur\u0103\",\"item\":\"https:\\\/\\\/shopatoa.com\\\/ro\\\/difuzoare-de-aroma-fara-umplutura\\\/\"},{\"@type\":\"ListItem\",\"position\":7,\"name\":\"TrueLife AIR Diffuser D3 Light difuzor de arom\u0103 cu ultrasunete \u0219i umidificator de aer 1 buc\"}]},{\"@type\":\"WebSite\",\"@id\":\"https:\\\/\\\/shopatoa.com\\\/ro\\\/#website\",\"url\":\"https:\\\/\\\/shopatoa.com\\\/ro\\\/\",\"name\":\"SHOPATOA\",\"description\":\"\",\"publisher\":{\"@id\":\"https:\\\/\\\/shopatoa.com\\\/ro\\\/#organization\"},\"potentialAction\":[{\"@type\":\"SearchAction\",\"target\":{\"@type\":\"EntryPoint\",\"urlTemplate\":\"https:\\\/\\\/shopatoa.com\\\/ro\\\/?s={search_term_string}\"},\"query-input\":{\"@type\":\"PropertyValueSpecification\",\"valueRequired\":true,\"valueName\":\"search_term_string\"}}],\"inLanguage\":\"ro-RO\"},{\"@type\":\"Organization\",\"@id\":\"https:\\\/\\\/shopatoa.com\\\/ro\\\/#organization\",\"name\":\"SHOPATOA\",\"url\":\"https:\\\/\\\/shopatoa.com\\\/ro\\\/\",\"logo\":{\"@type\":\"ImageObject\",\"inLanguage\":\"ro-RO\",\"@id\":\"https:\\\/\\\/shopatoa.com\\\/ro\\\/#\\\/schema\\\/logo\\\/image\\\/\",\"url\":\"https:\\\/\\\/storage.googleapis.com\\\/cz-shopatoa-img\\\/ro\\\/b4dac915-shopatoa_logo.png\",\"contentUrl\":\"https:\\\/\\\/storage.googleapis.com\\\/cz-shopatoa-img\\\/ro\\\/b4dac915-shopatoa_logo.png\",\"width\":416,\"height\":63,\"caption\":\"SHOPATOA\"},\"image\":{\"@id\":\"https:\\\/\\\/shopatoa.com\\\/ro\\\/#\\\/schema\\\/logo\\\/image\\\/\"}}]}<\/script>\n<!-- \/ Yoast SEO plugin. -->","yoast_head_json":{"title":"TrueLife AIR Diffuser D3 Light difuzor de arom\u0103 cu ultrasunete \u0219i umidificator de aer 1 buc - SHOPATOA.COM","robots":{"index":"index","follow":"follow","max-snippet":"max-snippet:-1","max-image-preview":"max-image-preview:large","max-video-preview":"max-video-preview:-1"},"canonical":"https:\/\/shopatoa.com\/ro\/truelife-air-diffuser-d3-light-difuzor-de-aroma-cu-ultrasunete-si-umidificator-de-aer-1-buc\/","og_locale":"ro_RO","og_type":"article","og_title":"TrueLife AIR Diffuser D3 Light difuzor de arom\u0103 cu ultrasunete \u0219i umidificator de aer 1 buc - SHOPATOA.COM","og_description":"TrueLife AIR Diffuser D3 Light, 1 buc, Difuzoare de arom\u0103 f\u0103r\u0103 rezerv\u0103 Parfumuri pentru casa, Parfumurile au o capacitate neobi\u0219nuit\u0103 \u2013 transform\u0103 locuin\u021ba \u00eentr-un c\u0103min \u0219i creeaz\u0103 instantaneu o atmosfer\u0103 primitoare. Difuzorul de arom\u0103 f\u0103r\u0103 rezerv\u0103 TrueLife AIR Diffuser D3 Light parfumeaz\u0103 pl\u0103cut orice interior \u0219i, \u00een acela\u0219i timp, \u00ee\u0219i asum\u0103 rolul unui elegant accesoriu...","og_url":"https:\/\/shopatoa.com\/ro\/truelife-air-diffuser-d3-light-difuzor-de-aroma-cu-ultrasunete-si-umidificator-de-aer-1-buc\/","og_site_name":"SHOPATOA","article_modified_time":"2026-02-03T02:46:17+00:00","og_image":[{"width":800,"height":800,"url":"https:\/\/storage.googleapis.com\/cz-shopatoa-img\/ro\/3bdc1bc8-unnamed-file.webp","type":"image\/webp"}],"twitter_card":"summary_large_image","schema":{"@context":"https:\/\/schema.org","@graph":[{"@type":"WebPage","@id":"https:\/\/shopatoa.com\/ro\/truelife-air-diffuser-d3-light-difuzor-de-aroma-cu-ultrasunete-si-umidificator-de-aer-1-buc\/","url":"https:\/\/shopatoa.com\/ro\/truelife-air-diffuser-d3-light-difuzor-de-aroma-cu-ultrasunete-si-umidificator-de-aer-1-buc\/","name":"TrueLife AIR Diffuser D3 Light difuzor de arom\u0103 cu ultrasunete \u0219i umidificator de aer 1 buc - SHOPATOA.COM","isPartOf":{"@id":"https:\/\/shopatoa.com\/ro\/#website"},"primaryImageOfPage":{"@id":"https:\/\/shopatoa.com\/ro\/truelife-air-diffuser-d3-light-difuzor-de-aroma-cu-ultrasunete-si-umidificator-de-aer-1-buc\/#primaryimage"},"image":{"@id":"https:\/\/shopatoa.com\/ro\/truelife-air-diffuser-d3-light-difuzor-de-aroma-cu-ultrasunete-si-umidificator-de-aer-1-buc\/#primaryimage"},"thumbnailUrl":"https:\/\/storage.googleapis.com\/cz-shopatoa-img\/ro\/3bdc1bc8-unnamed-file.webp","datePublished":"2025-06-27T22:52:25+00:00","dateModified":"2026-02-03T02:46:17+00:00","breadcrumb":{"@id":"https:\/\/shopatoa.com\/ro\/truelife-air-diffuser-d3-light-difuzor-de-aroma-cu-ultrasunete-si-umidificator-de-aer-1-buc\/#breadcrumb"},"inLanguage":"ro-RO","potentialAction":[{"@type":"ReadAction","target":["https:\/\/shopatoa.com\/ro\/truelife-air-diffuser-d3-light-difuzor-de-aroma-cu-ultrasunete-si-umidificator-de-aer-1-buc\/"]}]},{"@type":"ImageObject","inLanguage":"ro-RO","@id":"https:\/\/shopatoa.com\/ro\/truelife-air-diffuser-d3-light-difuzor-de-aroma-cu-ultrasunete-si-umidificator-de-aer-1-buc\/#primaryimage","url":"https:\/\/storage.googleapis.com\/cz-shopatoa-img\/ro\/3bdc1bc8-unnamed-file.webp","contentUrl":"https:\/\/storage.googleapis.com\/cz-shopatoa-img\/ro\/3bdc1bc8-unnamed-file.webp","width":800,"height":800},{"@type":"BreadcrumbList","@id":"https:\/\/shopatoa.com\/ro\/truelife-air-diffuser-d3-light-difuzor-de-aroma-cu-ultrasunete-si-umidificator-de-aer-1-buc\/#breadcrumb","itemListElement":[{"@type":"ListItem","position":1,"name":"Dom\u016f","item":"https:\/\/shopatoa.com\/ro\/"},{"@type":"ListItem","position":2,"name":"Shop","item":"https:\/\/shopatoa.com\/ro\/shop\/"},{"@type":"ListItem","position":3,"name":"Casa \u0219i gr\u0103din\u0103","item":"https:\/\/shopatoa.com\/ro\/casa-si-gradina\/"},{"@type":"ListItem","position":4,"name":"Accesorii \u0219i decora\u021biuni pentru locuin\u021b\u0103","item":"https:\/\/shopatoa.com\/ro\/accesorii-si-decoratiuni-pentru-locuinta\/"},{"@type":"ListItem","position":5,"name":"Difuzoare \u0219i purificatoare de aer","item":"https:\/\/shopatoa.com\/ro\/difuzoare-si-purificatoare-de-aer\/"},{"@type":"ListItem","position":6,"name":"Difuzoare de arom\u0103 f\u0103r\u0103 umplutur\u0103","item":"https:\/\/shopatoa.com\/ro\/difuzoare-de-aroma-fara-umplutura\/"},{"@type":"ListItem","position":7,"name":"TrueLife AIR Diffuser D3 Light difuzor de arom\u0103 cu ultrasunete \u0219i umidificator de aer 1 buc"}]},{"@type":"WebSite","@id":"https:\/\/shopatoa.com\/ro\/#website","url":"https:\/\/shopatoa.com\/ro\/","name":"SHOPATOA","description":"","publisher":{"@id":"https:\/\/shopatoa.com\/ro\/#organization"},"potentialAction":[{"@type":"SearchAction","target":{"@type":"EntryPoint","urlTemplate":"https:\/\/shopatoa.com\/ro\/?s={search_term_string}"},"query-input":{"@type":"PropertyValueSpecification","valueRequired":true,"valueName":"search_term_string"}}],"inLanguage":"ro-RO"},{"@type":"Organization","@id":"https:\/\/shopatoa.com\/ro\/#organization","name":"SHOPATOA","url":"https:\/\/shopatoa.com\/ro\/","logo":{"@type":"ImageObject","inLanguage":"ro-RO","@id":"https:\/\/shopatoa.com\/ro\/#\/schema\/logo\/image\/","url":"https:\/\/storage.googleapis.com\/cz-shopatoa-img\/ro\/b4dac915-shopatoa_logo.png","contentUrl":"https:\/\/storage.googleapis.com\/cz-shopatoa-img\/ro\/b4dac915-shopatoa_logo.png","width":416,"height":63,"caption":"SHOPATOA"},"image":{"@id":"https:\/\/shopatoa.com\/ro\/#\/schema\/logo\/image\/"}}]}},"_links":{"self":[{"href":"https:\/\/shopatoa.com\/ro\/wp-json\/wp\/v2\/product\/466988","targetHints":{"allow":["GET"]}}],"collection":[{"href":"https:\/\/shopatoa.com\/ro\/wp-json\/wp\/v2\/product"}],"about":[{"href":"https:\/\/shopatoa.com\/ro\/wp-json\/wp\/v2\/types\/product"}],"replies":[{"embeddable":true,"href":"https:\/\/shopatoa.com\/ro\/wp-json\/wp\/v2\/comments?post=466988"}],"wp:featuredmedia":[{"embeddable":true,"href":"https:\/\/shopatoa.com\/ro\/wp-json\/wp\/v2\/media\/466989"}],"wp:attachment":[{"href":"https:\/\/shopatoa.com\/ro\/wp-json\/wp\/v2\/media?parent=466988"}],"wp:term":[{"taxonomy":"product_brand","embeddable":true,"href":"https:\/\/shopatoa.com\/ro\/wp-json\/wp\/v2\/product_brand?post=466988"},{"taxonomy":"product_cat","embeddable":true,"href":"https:\/\/shopatoa.com\/ro\/wp-json\/wp\/v2\/product_cat?post=466988"},{"taxonomy":"product_tag","embeddable":true,"href":"https:\/\/shopatoa.com\/ro\/wp-json\/wp\/v2\/product_tag?post=466988"}],"curies":[{"name":"wp","href":"https:\/\/api.w.org\/{rel}","templated":true}]}}