{"id":467190,"date":"2025-06-28T01:12:06","date_gmt":"2025-06-27T23:12:06","guid":{"rendered":"https:\/\/shopatoa.com\/ro\/rowenta-air-brush-volumiser-cf6135f0-perie-cu-aer-cald-1-buc\/"},"modified":"2026-02-03T03:15:03","modified_gmt":"2026-02-03T02:15:03","slug":"rowenta-air-brush-volumiser-cf6135f0-perie-cu-aer-cald-1-buc","status":"publish","type":"product","link":"https:\/\/shopatoa.com\/ro\/rowenta-air-brush-volumiser-cf6135f0-perie-cu-aer-cald-1-buc\/","title":{"rendered":"Rowenta Air Brush Volumiser CF6135F0 perie cu aer cald 1 buc"},"content":{"rendered":"<p>Rowenta Air Brush Volumiser CF6135F0, 1 buc, perie ionic\u0103 pentru p\u0103r pentru femei, Dori\u021bi s\u0103 pleca\u021bi de acas\u0103 cu o coafur\u0103 frumoas\u0103 chiar \u0219i \u00een graba dimine\u021bii? Peria de \u00eendreptat p\u0103rul Rowenta Air Brush Volumiser CF6135F0 v\u0103 va ajuta s\u0103 usca\u021bi \u0219i s\u0103 netezi\u021bi p\u0103rul \u00eentr-un singur pas. Combin\u00e2nd cele mai bune caracteristici ale unui usc\u0103tor de p\u0103r, ale pl\u0103cii \u0219i ale periei plate de descurcat p\u0103rul, v\u0103 faciliteaz\u0103 aranjeaz\u0103 \u0219i economise\u0219te timpul necesar pentru a v\u0103 coafa p\u0103rul \u00een fiecare zi, at\u00e2t acas\u0103, c\u00e2t \u0219i \u00een c\u0103l\u0103torii. Fiind un instrument de styling universal care \u00eendepline\u0219te mai multe func\u021bii diferite deodat\u0103, v\u0103 permite s\u0103 usca\u021bi, s\u0103 netezi\u021bi, s\u0103 piept\u0103na\u021bi \u0219i s\u0103 \u00eendrepta\u021bi p\u0103rul \u00een doar c\u00e2teva mi\u0219c\u0103ri, pentru a termina coafura complet\u0103 \u00eentr-un timp redus la jum\u0103tate. Iar ca alternativ\u0103 la plac\u0103, o va iubi \u0219i p\u0103rul dvs., deoarece este mai bl\u00e2nd\u0103, \u00een special dac\u0103 ave\u021bi p\u0103rul cre\u021b.  Caracteristici:  func\u021bie de ionizare \u00eenc\u0103lzire rapid\u0103 neteze\u0219te \u0219i \u00eendreapt\u0103 p\u0103rul faciliteaz\u0103 o coafare rapid\u0103 potrivit\u0103 pentru modelarea zilnic\u0103 a coafurii form\u0103 ergonomic\u0103  Cum se utilizeaz\u0103: Porni\u021bi peria \u0219i piept\u0103na\u021bi \u00eencet \u0219uvi\u021bele de p\u0103r. Glisa\u021bi peria, de la r\u0103d\u0103cinile p\u0103rului spre v\u00e2rfuri.<\/p>\n","protected":false},"excerpt":{"rendered":"<p>Rowenta Air Brush Volumiser CF6135F0, 1 buc, perie ionic\u0103 pentru p\u0103r pentru femei, Dori\u021bi s\u0103 pleca\u021bi de acas\u0103 cu o coafur\u0103 frumoas\u0103 chiar \u0219i \u00een graba dimine\u021bii? Peria de \u00eendreptat p\u0103rul Rowenta Air Brush Volumiser CF6135F0 v\u0103 va ajuta s\u0103 usca\u021bi \u0219i s\u0103 netezi\u021bi p\u0103rul \u00eentr-un singur pas. Combin\u00e2nd cele mai bune caracteristici ale unui&#8230;<\/p>\n","protected":false},"featured_media":467191,"comment_status":"closed","ping_status":"open","template":"","meta":{"_acf_changed":false,"_kadence_starter_templates_imported_post":false,"_kad_post_transparent":"","_kad_post_title":"","_kad_post_layout":"","_kad_post_sidebar_id":"","_kad_post_content_style":"","_kad_post_vertical_padding":"","_kad_post_feature":"","_kad_post_feature_position":"","_kad_post_header":false,"_kad_post_footer":false,"_kad_post_classname":""},"product_brand":[2347],"product_cat":[1563,1590,3904,3905,1562],"product_tag":[],"class_list":{"0":"post-467190","1":"product","2":"type-product","3":"status-publish","4":"has-post-thumbnail","6":"product_brand-rowenta","7":"product_cat-ingrijire-personala","8":"product_cat-ingrijirea-parului","9":"product_cat-instrumente-pentru-coafat","10":"product_cat-perii-de-calcat","11":"product_cat-sanatate-si-frumusete","12":"pa_gen-female","13":"pa_marime-1-buc","15":"first","16":"instock","17":"sale","18":"product-type-external","19":"entry","20":"content-bg","21":"loop-entry"},"acf":[],"yoast_head":"<!-- This site is optimized with the Yoast SEO plugin v27.4 - https:\/\/yoast.com\/product\/yoast-seo-wordpress\/ -->\n<title>Rowenta Air Brush Volumiser CF6135F0 perie cu aer cald 1 buc - SHOPATOA.COM<\/title>\n<meta name=\"robots\" content=\"index, follow, max-snippet:-1, max-image-preview:large, max-video-preview:-1\" \/>\n<link rel=\"canonical\" href=\"https:\/\/shopatoa.com\/ro\/rowenta-air-brush-volumiser-cf6135f0-perie-cu-aer-cald-1-buc\/\" \/>\n<meta property=\"og:locale\" content=\"ro_RO\" \/>\n<meta property=\"og:type\" content=\"article\" \/>\n<meta property=\"og:title\" content=\"Rowenta Air Brush Volumiser CF6135F0 perie cu aer cald 1 buc - SHOPATOA.COM\" \/>\n<meta property=\"og:description\" content=\"Rowenta Air Brush Volumiser CF6135F0, 1 buc, perie ionic\u0103 pentru p\u0103r pentru femei, Dori\u021bi s\u0103 pleca\u021bi de acas\u0103 cu o coafur\u0103 frumoas\u0103 chiar \u0219i \u00een graba dimine\u021bii? Peria de \u00eendreptat p\u0103rul Rowenta Air Brush Volumiser CF6135F0 v\u0103 va ajuta s\u0103 usca\u021bi \u0219i s\u0103 netezi\u021bi p\u0103rul \u00eentr-un singur pas. Combin\u00e2nd cele mai bune caracteristici ale unui...\" \/>\n<meta property=\"og:url\" content=\"https:\/\/shopatoa.com\/ro\/rowenta-air-brush-volumiser-cf6135f0-perie-cu-aer-cald-1-buc\/\" \/>\n<meta property=\"og:site_name\" content=\"SHOPATOA\" \/>\n<meta property=\"article:modified_time\" content=\"2026-02-03T02:15:03+00:00\" \/>\n<meta property=\"og:image\" content=\"https:\/\/storage.googleapis.com\/cz-shopatoa-img\/ro\/0300d5eb-unnamed-file.webp\" \/>\n\t<meta property=\"og:image:width\" content=\"800\" \/>\n\t<meta property=\"og:image:height\" content=\"800\" \/>\n\t<meta property=\"og:image:type\" content=\"image\/webp\" \/>\n<meta name=\"twitter:card\" content=\"summary_large_image\" \/>\n<meta name=\"twitter:label1\" content=\"Timp estimat pentru citire\" \/>\n\t<meta name=\"twitter:data1\" content=\"1 minut\" \/>\n<script type=\"application\/ld+json\" class=\"yoast-schema-graph\">{\"@context\":\"https:\\\/\\\/schema.org\",\"@graph\":[{\"@type\":\"WebPage\",\"@id\":\"https:\\\/\\\/shopatoa.com\\\/ro\\\/rowenta-air-brush-volumiser-cf6135f0-perie-cu-aer-cald-1-buc\\\/\",\"url\":\"https:\\\/\\\/shopatoa.com\\\/ro\\\/rowenta-air-brush-volumiser-cf6135f0-perie-cu-aer-cald-1-buc\\\/\",\"name\":\"Rowenta Air Brush Volumiser CF6135F0 perie cu aer cald 1 buc - SHOPATOA.COM\",\"isPartOf\":{\"@id\":\"https:\\\/\\\/shopatoa.com\\\/ro\\\/#website\"},\"primaryImageOfPage\":{\"@id\":\"https:\\\/\\\/shopatoa.com\\\/ro\\\/rowenta-air-brush-volumiser-cf6135f0-perie-cu-aer-cald-1-buc\\\/#primaryimage\"},\"image\":{\"@id\":\"https:\\\/\\\/shopatoa.com\\\/ro\\\/rowenta-air-brush-volumiser-cf6135f0-perie-cu-aer-cald-1-buc\\\/#primaryimage\"},\"thumbnailUrl\":\"https:\\\/\\\/storage.googleapis.com\\\/cz-shopatoa-img\\\/ro\\\/0300d5eb-unnamed-file.webp\",\"datePublished\":\"2025-06-27T23:12:06+00:00\",\"dateModified\":\"2026-02-03T02:15:03+00:00\",\"breadcrumb\":{\"@id\":\"https:\\\/\\\/shopatoa.com\\\/ro\\\/rowenta-air-brush-volumiser-cf6135f0-perie-cu-aer-cald-1-buc\\\/#breadcrumb\"},\"inLanguage\":\"ro-RO\",\"potentialAction\":[{\"@type\":\"ReadAction\",\"target\":[\"https:\\\/\\\/shopatoa.com\\\/ro\\\/rowenta-air-brush-volumiser-cf6135f0-perie-cu-aer-cald-1-buc\\\/\"]}]},{\"@type\":\"ImageObject\",\"inLanguage\":\"ro-RO\",\"@id\":\"https:\\\/\\\/shopatoa.com\\\/ro\\\/rowenta-air-brush-volumiser-cf6135f0-perie-cu-aer-cald-1-buc\\\/#primaryimage\",\"url\":\"https:\\\/\\\/storage.googleapis.com\\\/cz-shopatoa-img\\\/ro\\\/0300d5eb-unnamed-file.webp\",\"contentUrl\":\"https:\\\/\\\/storage.googleapis.com\\\/cz-shopatoa-img\\\/ro\\\/0300d5eb-unnamed-file.webp\",\"width\":800,\"height\":800},{\"@type\":\"BreadcrumbList\",\"@id\":\"https:\\\/\\\/shopatoa.com\\\/ro\\\/rowenta-air-brush-volumiser-cf6135f0-perie-cu-aer-cald-1-buc\\\/#breadcrumb\",\"itemListElement\":[{\"@type\":\"ListItem\",\"position\":1,\"name\":\"Dom\u016f\",\"item\":\"https:\\\/\\\/shopatoa.com\\\/ro\\\/\"},{\"@type\":\"ListItem\",\"position\":2,\"name\":\"Shop\",\"item\":\"https:\\\/\\\/shopatoa.com\\\/ro\\\/shop\\\/\"},{\"@type\":\"ListItem\",\"position\":3,\"name\":\"S\u0103n\u0103tate \u0219i frumuse\u021be\",\"item\":\"https:\\\/\\\/shopatoa.com\\\/ro\\\/sanatate-si-frumusete\\\/\"},{\"@type\":\"ListItem\",\"position\":4,\"name\":\"\u00cengrijire personal\u0103\",\"item\":\"https:\\\/\\\/shopatoa.com\\\/ro\\\/ingrijire-personala\\\/\"},{\"@type\":\"ListItem\",\"position\":5,\"name\":\"\u00cengrijirea p\u0103rului\",\"item\":\"https:\\\/\\\/shopatoa.com\\\/ro\\\/ingrijirea-parului\\\/\"},{\"@type\":\"ListItem\",\"position\":6,\"name\":\"Instrumente pentru coafat\",\"item\":\"https:\\\/\\\/shopatoa.com\\\/ro\\\/instrumente-pentru-coafat\\\/\"},{\"@type\":\"ListItem\",\"position\":7,\"name\":\"Perii de c\u0103lcat\",\"item\":\"https:\\\/\\\/shopatoa.com\\\/ro\\\/perii-de-calcat\\\/\"},{\"@type\":\"ListItem\",\"position\":8,\"name\":\"Rowenta Air Brush Volumiser CF6135F0 perie cu aer cald 1 buc\"}]},{\"@type\":\"WebSite\",\"@id\":\"https:\\\/\\\/shopatoa.com\\\/ro\\\/#website\",\"url\":\"https:\\\/\\\/shopatoa.com\\\/ro\\\/\",\"name\":\"SHOPATOA\",\"description\":\"\",\"publisher\":{\"@id\":\"https:\\\/\\\/shopatoa.com\\\/ro\\\/#organization\"},\"potentialAction\":[{\"@type\":\"SearchAction\",\"target\":{\"@type\":\"EntryPoint\",\"urlTemplate\":\"https:\\\/\\\/shopatoa.com\\\/ro\\\/?s={search_term_string}\"},\"query-input\":{\"@type\":\"PropertyValueSpecification\",\"valueRequired\":true,\"valueName\":\"search_term_string\"}}],\"inLanguage\":\"ro-RO\"},{\"@type\":\"Organization\",\"@id\":\"https:\\\/\\\/shopatoa.com\\\/ro\\\/#organization\",\"name\":\"SHOPATOA\",\"url\":\"https:\\\/\\\/shopatoa.com\\\/ro\\\/\",\"logo\":{\"@type\":\"ImageObject\",\"inLanguage\":\"ro-RO\",\"@id\":\"https:\\\/\\\/shopatoa.com\\\/ro\\\/#\\\/schema\\\/logo\\\/image\\\/\",\"url\":\"https:\\\/\\\/storage.googleapis.com\\\/cz-shopatoa-img\\\/ro\\\/b4dac915-shopatoa_logo.png\",\"contentUrl\":\"https:\\\/\\\/storage.googleapis.com\\\/cz-shopatoa-img\\\/ro\\\/b4dac915-shopatoa_logo.png\",\"width\":416,\"height\":63,\"caption\":\"SHOPATOA\"},\"image\":{\"@id\":\"https:\\\/\\\/shopatoa.com\\\/ro\\\/#\\\/schema\\\/logo\\\/image\\\/\"}}]}<\/script>\n<!-- \/ Yoast SEO plugin. -->","yoast_head_json":{"title":"Rowenta Air Brush Volumiser CF6135F0 perie cu aer cald 1 buc - SHOPATOA.COM","robots":{"index":"index","follow":"follow","max-snippet":"max-snippet:-1","max-image-preview":"max-image-preview:large","max-video-preview":"max-video-preview:-1"},"canonical":"https:\/\/shopatoa.com\/ro\/rowenta-air-brush-volumiser-cf6135f0-perie-cu-aer-cald-1-buc\/","og_locale":"ro_RO","og_type":"article","og_title":"Rowenta Air Brush Volumiser CF6135F0 perie cu aer cald 1 buc - SHOPATOA.COM","og_description":"Rowenta Air Brush Volumiser CF6135F0, 1 buc, perie ionic\u0103 pentru p\u0103r pentru femei, Dori\u021bi s\u0103 pleca\u021bi de acas\u0103 cu o coafur\u0103 frumoas\u0103 chiar \u0219i \u00een graba dimine\u021bii? Peria de \u00eendreptat p\u0103rul Rowenta Air Brush Volumiser CF6135F0 v\u0103 va ajuta s\u0103 usca\u021bi \u0219i s\u0103 netezi\u021bi p\u0103rul \u00eentr-un singur pas. Combin\u00e2nd cele mai bune caracteristici ale unui...","og_url":"https:\/\/shopatoa.com\/ro\/rowenta-air-brush-volumiser-cf6135f0-perie-cu-aer-cald-1-buc\/","og_site_name":"SHOPATOA","article_modified_time":"2026-02-03T02:15:03+00:00","og_image":[{"width":800,"height":800,"url":"https:\/\/storage.googleapis.com\/cz-shopatoa-img\/ro\/0300d5eb-unnamed-file.webp","type":"image\/webp"}],"twitter_card":"summary_large_image","twitter_misc":{"Timp estimat pentru citire":"1 minut"},"schema":{"@context":"https:\/\/schema.org","@graph":[{"@type":"WebPage","@id":"https:\/\/shopatoa.com\/ro\/rowenta-air-brush-volumiser-cf6135f0-perie-cu-aer-cald-1-buc\/","url":"https:\/\/shopatoa.com\/ro\/rowenta-air-brush-volumiser-cf6135f0-perie-cu-aer-cald-1-buc\/","name":"Rowenta Air Brush Volumiser CF6135F0 perie cu aer cald 1 buc - SHOPATOA.COM","isPartOf":{"@id":"https:\/\/shopatoa.com\/ro\/#website"},"primaryImageOfPage":{"@id":"https:\/\/shopatoa.com\/ro\/rowenta-air-brush-volumiser-cf6135f0-perie-cu-aer-cald-1-buc\/#primaryimage"},"image":{"@id":"https:\/\/shopatoa.com\/ro\/rowenta-air-brush-volumiser-cf6135f0-perie-cu-aer-cald-1-buc\/#primaryimage"},"thumbnailUrl":"https:\/\/storage.googleapis.com\/cz-shopatoa-img\/ro\/0300d5eb-unnamed-file.webp","datePublished":"2025-06-27T23:12:06+00:00","dateModified":"2026-02-03T02:15:03+00:00","breadcrumb":{"@id":"https:\/\/shopatoa.com\/ro\/rowenta-air-brush-volumiser-cf6135f0-perie-cu-aer-cald-1-buc\/#breadcrumb"},"inLanguage":"ro-RO","potentialAction":[{"@type":"ReadAction","target":["https:\/\/shopatoa.com\/ro\/rowenta-air-brush-volumiser-cf6135f0-perie-cu-aer-cald-1-buc\/"]}]},{"@type":"ImageObject","inLanguage":"ro-RO","@id":"https:\/\/shopatoa.com\/ro\/rowenta-air-brush-volumiser-cf6135f0-perie-cu-aer-cald-1-buc\/#primaryimage","url":"https:\/\/storage.googleapis.com\/cz-shopatoa-img\/ro\/0300d5eb-unnamed-file.webp","contentUrl":"https:\/\/storage.googleapis.com\/cz-shopatoa-img\/ro\/0300d5eb-unnamed-file.webp","width":800,"height":800},{"@type":"BreadcrumbList","@id":"https:\/\/shopatoa.com\/ro\/rowenta-air-brush-volumiser-cf6135f0-perie-cu-aer-cald-1-buc\/#breadcrumb","itemListElement":[{"@type":"ListItem","position":1,"name":"Dom\u016f","item":"https:\/\/shopatoa.com\/ro\/"},{"@type":"ListItem","position":2,"name":"Shop","item":"https:\/\/shopatoa.com\/ro\/shop\/"},{"@type":"ListItem","position":3,"name":"S\u0103n\u0103tate \u0219i frumuse\u021be","item":"https:\/\/shopatoa.com\/ro\/sanatate-si-frumusete\/"},{"@type":"ListItem","position":4,"name":"\u00cengrijire personal\u0103","item":"https:\/\/shopatoa.com\/ro\/ingrijire-personala\/"},{"@type":"ListItem","position":5,"name":"\u00cengrijirea p\u0103rului","item":"https:\/\/shopatoa.com\/ro\/ingrijirea-parului\/"},{"@type":"ListItem","position":6,"name":"Instrumente pentru coafat","item":"https:\/\/shopatoa.com\/ro\/instrumente-pentru-coafat\/"},{"@type":"ListItem","position":7,"name":"Perii de c\u0103lcat","item":"https:\/\/shopatoa.com\/ro\/perii-de-calcat\/"},{"@type":"ListItem","position":8,"name":"Rowenta Air Brush Volumiser CF6135F0 perie cu aer cald 1 buc"}]},{"@type":"WebSite","@id":"https:\/\/shopatoa.com\/ro\/#website","url":"https:\/\/shopatoa.com\/ro\/","name":"SHOPATOA","description":"","publisher":{"@id":"https:\/\/shopatoa.com\/ro\/#organization"},"potentialAction":[{"@type":"SearchAction","target":{"@type":"EntryPoint","urlTemplate":"https:\/\/shopatoa.com\/ro\/?s={search_term_string}"},"query-input":{"@type":"PropertyValueSpecification","valueRequired":true,"valueName":"search_term_string"}}],"inLanguage":"ro-RO"},{"@type":"Organization","@id":"https:\/\/shopatoa.com\/ro\/#organization","name":"SHOPATOA","url":"https:\/\/shopatoa.com\/ro\/","logo":{"@type":"ImageObject","inLanguage":"ro-RO","@id":"https:\/\/shopatoa.com\/ro\/#\/schema\/logo\/image\/","url":"https:\/\/storage.googleapis.com\/cz-shopatoa-img\/ro\/b4dac915-shopatoa_logo.png","contentUrl":"https:\/\/storage.googleapis.com\/cz-shopatoa-img\/ro\/b4dac915-shopatoa_logo.png","width":416,"height":63,"caption":"SHOPATOA"},"image":{"@id":"https:\/\/shopatoa.com\/ro\/#\/schema\/logo\/image\/"}}]}},"_links":{"self":[{"href":"https:\/\/shopatoa.com\/ro\/wp-json\/wp\/v2\/product\/467190","targetHints":{"allow":["GET"]}}],"collection":[{"href":"https:\/\/shopatoa.com\/ro\/wp-json\/wp\/v2\/product"}],"about":[{"href":"https:\/\/shopatoa.com\/ro\/wp-json\/wp\/v2\/types\/product"}],"replies":[{"embeddable":true,"href":"https:\/\/shopatoa.com\/ro\/wp-json\/wp\/v2\/comments?post=467190"}],"wp:featuredmedia":[{"embeddable":true,"href":"https:\/\/shopatoa.com\/ro\/wp-json\/wp\/v2\/media\/467191"}],"wp:attachment":[{"href":"https:\/\/shopatoa.com\/ro\/wp-json\/wp\/v2\/media?parent=467190"}],"wp:term":[{"taxonomy":"product_brand","embeddable":true,"href":"https:\/\/shopatoa.com\/ro\/wp-json\/wp\/v2\/product_brand?post=467190"},{"taxonomy":"product_cat","embeddable":true,"href":"https:\/\/shopatoa.com\/ro\/wp-json\/wp\/v2\/product_cat?post=467190"},{"taxonomy":"product_tag","embeddable":true,"href":"https:\/\/shopatoa.com\/ro\/wp-json\/wp\/v2\/product_tag?post=467190"}],"curies":[{"name":"wp","href":"https:\/\/api.w.org\/{rel}","templated":true}]}}