{"id":467417,"date":"2025-06-28T16:07:53","date_gmt":"2025-06-28T14:07:53","guid":{"rendered":"https:\/\/shopatoa.com\/ro\/canpol-babies-dots-bavetica-pink-1-buc\/"},"modified":"2026-02-03T02:39:15","modified_gmt":"2026-02-03T01:39:15","slug":"canpol-babies-dots-bavetica-pink-1-buc","status":"publish","type":"product","link":"https:\/\/shopatoa.com\/ro\/canpol-babies-dots-bavetica-pink-1-buc\/","title":{"rendered":"Canpol babies Dots bave\u021bic\u0103 Pink 1 buc"},"content":{"rendered":"<p>Canpol babies Dots, 1 buc, Bavete pentru copii pentru copii, C\u00e2nd copiii m\u0103n\u00e2nc\u0103, hainele lor r\u0103m\u00e2n rareori curate. Bave\u021bica pentru copii Canpol babies Dots v\u0103 ajut\u0103 s\u0103 men\u021bine\u021bi copilul curat \u0219i confortabil la mas\u0103, iar h\u0103inu\u021bele sale departe de ma\u0219ina de sp\u0103lat.  Caracteristici:  protejeaz\u0103 copilul \u00eempotriva murd\u0103ririi u\u0219or de p\u0103strat curat\u0103 prindere reglabil\u0103 suficient de ferm\u0103, pentru a-\u0219i men\u021bine forma dup\u0103 utilizare un buzunar mare, care capteaz\u0103 resturile de alimente produs potrivit pentru c\u0103l\u0103torii design elegant \u0219i atemporal  Ingrediente:  silicon  Cum se utilizeaz\u0103: Lega\u021bi bave\u021bica la g\u00e2tul copilului \u00eenainte de mas\u0103.<\/p>\n","protected":false},"excerpt":{"rendered":"<p>Canpol babies Dots, 1 buc, Bavete pentru copii pentru copii, C\u00e2nd copiii m\u0103n\u00e2nc\u0103, hainele lor r\u0103m\u00e2n rareori curate. Bave\u021bica pentru copii Canpol babies Dots v\u0103 ajut\u0103 s\u0103 men\u021bine\u021bi copilul curat \u0219i confortabil la mas\u0103, iar h\u0103inu\u021bele sale departe de ma\u0219ina de sp\u0103lat. Caracteristici: protejeaz\u0103 copilul \u00eempotriva murd\u0103ririi u\u0219or de p\u0103strat curat\u0103 prindere reglabil\u0103 suficient de&#8230;<\/p>\n","protected":false},"featured_media":467418,"comment_status":"closed","ping_status":"open","template":"","meta":{"_acf_changed":false,"_kadence_starter_templates_imported_post":false,"_kad_post_transparent":"","_kad_post_title":"","_kad_post_layout":"","_kad_post_sidebar_id":"","_kad_post_content_style":"","_kad_post_vertical_padding":"","_kad_post_feature":"","_kad_post_feature_position":"","_kad_post_header":false,"_kad_post_footer":false,"_kad_post_classname":""},"product_brand":[2504],"product_cat":[3917,3918,3893],"product_tag":[],"class_list":{"0":"post-467417","1":"product","2":"type-product","3":"status-publish","4":"has-post-thumbnail","6":"product_brand-canpol-babies","7":"product_cat-alaptare-si-hranire","8":"product_cat-bavete-pentru-copii","9":"product_cat-copii-si-sugari","10":"pa_gen-unisex","11":"pa_marime-1-buc","13":"first","14":"instock","15":"sale","16":"product-type-external","17":"entry","18":"content-bg","19":"loop-entry"},"acf":[],"yoast_head":"<!-- This site is optimized with the Yoast SEO plugin v27.4 - https:\/\/yoast.com\/product\/yoast-seo-wordpress\/ -->\n<title>Canpol babies Dots bave\u021bic\u0103 Pink 1 buc - SHOPATOA.COM<\/title>\n<meta name=\"robots\" content=\"index, follow, max-snippet:-1, max-image-preview:large, max-video-preview:-1\" \/>\n<link rel=\"canonical\" href=\"https:\/\/shopatoa.com\/ro\/canpol-babies-dots-bavetica-pink-1-buc\/\" \/>\n<meta property=\"og:locale\" content=\"ro_RO\" \/>\n<meta property=\"og:type\" content=\"article\" \/>\n<meta property=\"og:title\" content=\"Canpol babies Dots bave\u021bic\u0103 Pink 1 buc - SHOPATOA.COM\" \/>\n<meta property=\"og:description\" content=\"Canpol babies Dots, 1 buc, Bavete pentru copii pentru copii, C\u00e2nd copiii m\u0103n\u00e2nc\u0103, hainele lor r\u0103m\u00e2n rareori curate. Bave\u021bica pentru copii Canpol babies Dots v\u0103 ajut\u0103 s\u0103 men\u021bine\u021bi copilul curat \u0219i confortabil la mas\u0103, iar h\u0103inu\u021bele sale departe de ma\u0219ina de sp\u0103lat. Caracteristici: protejeaz\u0103 copilul \u00eempotriva murd\u0103ririi u\u0219or de p\u0103strat curat\u0103 prindere reglabil\u0103 suficient de...\" \/>\n<meta property=\"og:url\" content=\"https:\/\/shopatoa.com\/ro\/canpol-babies-dots-bavetica-pink-1-buc\/\" \/>\n<meta property=\"og:site_name\" content=\"SHOPATOA\" \/>\n<meta property=\"article:modified_time\" content=\"2026-02-03T01:39:15+00:00\" \/>\n<meta property=\"og:image\" content=\"https:\/\/storage.googleapis.com\/cz-shopatoa-img\/ro\/35d32723-unnamed-file.webp\" \/>\n\t<meta property=\"og:image:width\" content=\"800\" \/>\n\t<meta property=\"og:image:height\" content=\"800\" \/>\n\t<meta property=\"og:image:type\" content=\"image\/webp\" \/>\n<meta name=\"twitter:card\" content=\"summary_large_image\" \/>\n<meta name=\"twitter:label1\" content=\"Timp estimat pentru citire\" \/>\n\t<meta name=\"twitter:data1\" content=\"1 minut\" \/>\n<script type=\"application\/ld+json\" class=\"yoast-schema-graph\">{\"@context\":\"https:\\\/\\\/schema.org\",\"@graph\":[{\"@type\":\"WebPage\",\"@id\":\"https:\\\/\\\/shopatoa.com\\\/ro\\\/canpol-babies-dots-bavetica-pink-1-buc\\\/\",\"url\":\"https:\\\/\\\/shopatoa.com\\\/ro\\\/canpol-babies-dots-bavetica-pink-1-buc\\\/\",\"name\":\"Canpol babies Dots bave\u021bic\u0103 Pink 1 buc - SHOPATOA.COM\",\"isPartOf\":{\"@id\":\"https:\\\/\\\/shopatoa.com\\\/ro\\\/#website\"},\"primaryImageOfPage\":{\"@id\":\"https:\\\/\\\/shopatoa.com\\\/ro\\\/canpol-babies-dots-bavetica-pink-1-buc\\\/#primaryimage\"},\"image\":{\"@id\":\"https:\\\/\\\/shopatoa.com\\\/ro\\\/canpol-babies-dots-bavetica-pink-1-buc\\\/#primaryimage\"},\"thumbnailUrl\":\"https:\\\/\\\/storage.googleapis.com\\\/cz-shopatoa-img\\\/ro\\\/35d32723-unnamed-file.webp\",\"datePublished\":\"2025-06-28T14:07:53+00:00\",\"dateModified\":\"2026-02-03T01:39:15+00:00\",\"breadcrumb\":{\"@id\":\"https:\\\/\\\/shopatoa.com\\\/ro\\\/canpol-babies-dots-bavetica-pink-1-buc\\\/#breadcrumb\"},\"inLanguage\":\"ro-RO\",\"potentialAction\":[{\"@type\":\"ReadAction\",\"target\":[\"https:\\\/\\\/shopatoa.com\\\/ro\\\/canpol-babies-dots-bavetica-pink-1-buc\\\/\"]}]},{\"@type\":\"ImageObject\",\"inLanguage\":\"ro-RO\",\"@id\":\"https:\\\/\\\/shopatoa.com\\\/ro\\\/canpol-babies-dots-bavetica-pink-1-buc\\\/#primaryimage\",\"url\":\"https:\\\/\\\/storage.googleapis.com\\\/cz-shopatoa-img\\\/ro\\\/35d32723-unnamed-file.webp\",\"contentUrl\":\"https:\\\/\\\/storage.googleapis.com\\\/cz-shopatoa-img\\\/ro\\\/35d32723-unnamed-file.webp\",\"width\":800,\"height\":800},{\"@type\":\"BreadcrumbList\",\"@id\":\"https:\\\/\\\/shopatoa.com\\\/ro\\\/canpol-babies-dots-bavetica-pink-1-buc\\\/#breadcrumb\",\"itemListElement\":[{\"@type\":\"ListItem\",\"position\":1,\"name\":\"Dom\u016f\",\"item\":\"https:\\\/\\\/shopatoa.com\\\/ro\\\/\"},{\"@type\":\"ListItem\",\"position\":2,\"name\":\"Shop\",\"item\":\"https:\\\/\\\/shopatoa.com\\\/ro\\\/shop\\\/\"},{\"@type\":\"ListItem\",\"position\":3,\"name\":\"Copii \u0219i sugari\",\"item\":\"https:\\\/\\\/shopatoa.com\\\/ro\\\/copii-si-sugari\\\/\"},{\"@type\":\"ListItem\",\"position\":4,\"name\":\"Al\u0103ptare \u0219i hr\u0103nire\",\"item\":\"https:\\\/\\\/shopatoa.com\\\/ro\\\/alaptare-si-hranire\\\/\"},{\"@type\":\"ListItem\",\"position\":5,\"name\":\"Bavete pentru copii\",\"item\":\"https:\\\/\\\/shopatoa.com\\\/ro\\\/bavete-pentru-copii\\\/\"},{\"@type\":\"ListItem\",\"position\":6,\"name\":\"Canpol babies Dots bave\u021bic\u0103 Pink 1 buc\"}]},{\"@type\":\"WebSite\",\"@id\":\"https:\\\/\\\/shopatoa.com\\\/ro\\\/#website\",\"url\":\"https:\\\/\\\/shopatoa.com\\\/ro\\\/\",\"name\":\"SHOPATOA\",\"description\":\"\",\"publisher\":{\"@id\":\"https:\\\/\\\/shopatoa.com\\\/ro\\\/#organization\"},\"potentialAction\":[{\"@type\":\"SearchAction\",\"target\":{\"@type\":\"EntryPoint\",\"urlTemplate\":\"https:\\\/\\\/shopatoa.com\\\/ro\\\/?s={search_term_string}\"},\"query-input\":{\"@type\":\"PropertyValueSpecification\",\"valueRequired\":true,\"valueName\":\"search_term_string\"}}],\"inLanguage\":\"ro-RO\"},{\"@type\":\"Organization\",\"@id\":\"https:\\\/\\\/shopatoa.com\\\/ro\\\/#organization\",\"name\":\"SHOPATOA\",\"url\":\"https:\\\/\\\/shopatoa.com\\\/ro\\\/\",\"logo\":{\"@type\":\"ImageObject\",\"inLanguage\":\"ro-RO\",\"@id\":\"https:\\\/\\\/shopatoa.com\\\/ro\\\/#\\\/schema\\\/logo\\\/image\\\/\",\"url\":\"https:\\\/\\\/storage.googleapis.com\\\/cz-shopatoa-img\\\/ro\\\/b4dac915-shopatoa_logo.png\",\"contentUrl\":\"https:\\\/\\\/storage.googleapis.com\\\/cz-shopatoa-img\\\/ro\\\/b4dac915-shopatoa_logo.png\",\"width\":416,\"height\":63,\"caption\":\"SHOPATOA\"},\"image\":{\"@id\":\"https:\\\/\\\/shopatoa.com\\\/ro\\\/#\\\/schema\\\/logo\\\/image\\\/\"}}]}<\/script>\n<!-- \/ Yoast SEO plugin. -->","yoast_head_json":{"title":"Canpol babies Dots bave\u021bic\u0103 Pink 1 buc - SHOPATOA.COM","robots":{"index":"index","follow":"follow","max-snippet":"max-snippet:-1","max-image-preview":"max-image-preview:large","max-video-preview":"max-video-preview:-1"},"canonical":"https:\/\/shopatoa.com\/ro\/canpol-babies-dots-bavetica-pink-1-buc\/","og_locale":"ro_RO","og_type":"article","og_title":"Canpol babies Dots bave\u021bic\u0103 Pink 1 buc - SHOPATOA.COM","og_description":"Canpol babies Dots, 1 buc, Bavete pentru copii pentru copii, C\u00e2nd copiii m\u0103n\u00e2nc\u0103, hainele lor r\u0103m\u00e2n rareori curate. Bave\u021bica pentru copii Canpol babies Dots v\u0103 ajut\u0103 s\u0103 men\u021bine\u021bi copilul curat \u0219i confortabil la mas\u0103, iar h\u0103inu\u021bele sale departe de ma\u0219ina de sp\u0103lat. Caracteristici: protejeaz\u0103 copilul \u00eempotriva murd\u0103ririi u\u0219or de p\u0103strat curat\u0103 prindere reglabil\u0103 suficient de...","og_url":"https:\/\/shopatoa.com\/ro\/canpol-babies-dots-bavetica-pink-1-buc\/","og_site_name":"SHOPATOA","article_modified_time":"2026-02-03T01:39:15+00:00","og_image":[{"width":800,"height":800,"url":"https:\/\/storage.googleapis.com\/cz-shopatoa-img\/ro\/35d32723-unnamed-file.webp","type":"image\/webp"}],"twitter_card":"summary_large_image","twitter_misc":{"Timp estimat pentru citire":"1 minut"},"schema":{"@context":"https:\/\/schema.org","@graph":[{"@type":"WebPage","@id":"https:\/\/shopatoa.com\/ro\/canpol-babies-dots-bavetica-pink-1-buc\/","url":"https:\/\/shopatoa.com\/ro\/canpol-babies-dots-bavetica-pink-1-buc\/","name":"Canpol babies Dots bave\u021bic\u0103 Pink 1 buc - SHOPATOA.COM","isPartOf":{"@id":"https:\/\/shopatoa.com\/ro\/#website"},"primaryImageOfPage":{"@id":"https:\/\/shopatoa.com\/ro\/canpol-babies-dots-bavetica-pink-1-buc\/#primaryimage"},"image":{"@id":"https:\/\/shopatoa.com\/ro\/canpol-babies-dots-bavetica-pink-1-buc\/#primaryimage"},"thumbnailUrl":"https:\/\/storage.googleapis.com\/cz-shopatoa-img\/ro\/35d32723-unnamed-file.webp","datePublished":"2025-06-28T14:07:53+00:00","dateModified":"2026-02-03T01:39:15+00:00","breadcrumb":{"@id":"https:\/\/shopatoa.com\/ro\/canpol-babies-dots-bavetica-pink-1-buc\/#breadcrumb"},"inLanguage":"ro-RO","potentialAction":[{"@type":"ReadAction","target":["https:\/\/shopatoa.com\/ro\/canpol-babies-dots-bavetica-pink-1-buc\/"]}]},{"@type":"ImageObject","inLanguage":"ro-RO","@id":"https:\/\/shopatoa.com\/ro\/canpol-babies-dots-bavetica-pink-1-buc\/#primaryimage","url":"https:\/\/storage.googleapis.com\/cz-shopatoa-img\/ro\/35d32723-unnamed-file.webp","contentUrl":"https:\/\/storage.googleapis.com\/cz-shopatoa-img\/ro\/35d32723-unnamed-file.webp","width":800,"height":800},{"@type":"BreadcrumbList","@id":"https:\/\/shopatoa.com\/ro\/canpol-babies-dots-bavetica-pink-1-buc\/#breadcrumb","itemListElement":[{"@type":"ListItem","position":1,"name":"Dom\u016f","item":"https:\/\/shopatoa.com\/ro\/"},{"@type":"ListItem","position":2,"name":"Shop","item":"https:\/\/shopatoa.com\/ro\/shop\/"},{"@type":"ListItem","position":3,"name":"Copii \u0219i sugari","item":"https:\/\/shopatoa.com\/ro\/copii-si-sugari\/"},{"@type":"ListItem","position":4,"name":"Al\u0103ptare \u0219i hr\u0103nire","item":"https:\/\/shopatoa.com\/ro\/alaptare-si-hranire\/"},{"@type":"ListItem","position":5,"name":"Bavete pentru copii","item":"https:\/\/shopatoa.com\/ro\/bavete-pentru-copii\/"},{"@type":"ListItem","position":6,"name":"Canpol babies Dots bave\u021bic\u0103 Pink 1 buc"}]},{"@type":"WebSite","@id":"https:\/\/shopatoa.com\/ro\/#website","url":"https:\/\/shopatoa.com\/ro\/","name":"SHOPATOA","description":"","publisher":{"@id":"https:\/\/shopatoa.com\/ro\/#organization"},"potentialAction":[{"@type":"SearchAction","target":{"@type":"EntryPoint","urlTemplate":"https:\/\/shopatoa.com\/ro\/?s={search_term_string}"},"query-input":{"@type":"PropertyValueSpecification","valueRequired":true,"valueName":"search_term_string"}}],"inLanguage":"ro-RO"},{"@type":"Organization","@id":"https:\/\/shopatoa.com\/ro\/#organization","name":"SHOPATOA","url":"https:\/\/shopatoa.com\/ro\/","logo":{"@type":"ImageObject","inLanguage":"ro-RO","@id":"https:\/\/shopatoa.com\/ro\/#\/schema\/logo\/image\/","url":"https:\/\/storage.googleapis.com\/cz-shopatoa-img\/ro\/b4dac915-shopatoa_logo.png","contentUrl":"https:\/\/storage.googleapis.com\/cz-shopatoa-img\/ro\/b4dac915-shopatoa_logo.png","width":416,"height":63,"caption":"SHOPATOA"},"image":{"@id":"https:\/\/shopatoa.com\/ro\/#\/schema\/logo\/image\/"}}]}},"_links":{"self":[{"href":"https:\/\/shopatoa.com\/ro\/wp-json\/wp\/v2\/product\/467417","targetHints":{"allow":["GET"]}}],"collection":[{"href":"https:\/\/shopatoa.com\/ro\/wp-json\/wp\/v2\/product"}],"about":[{"href":"https:\/\/shopatoa.com\/ro\/wp-json\/wp\/v2\/types\/product"}],"replies":[{"embeddable":true,"href":"https:\/\/shopatoa.com\/ro\/wp-json\/wp\/v2\/comments?post=467417"}],"wp:featuredmedia":[{"embeddable":true,"href":"https:\/\/shopatoa.com\/ro\/wp-json\/wp\/v2\/media\/467418"}],"wp:attachment":[{"href":"https:\/\/shopatoa.com\/ro\/wp-json\/wp\/v2\/media?parent=467417"}],"wp:term":[{"taxonomy":"product_brand","embeddable":true,"href":"https:\/\/shopatoa.com\/ro\/wp-json\/wp\/v2\/product_brand?post=467417"},{"taxonomy":"product_cat","embeddable":true,"href":"https:\/\/shopatoa.com\/ro\/wp-json\/wp\/v2\/product_cat?post=467417"},{"taxonomy":"product_tag","embeddable":true,"href":"https:\/\/shopatoa.com\/ro\/wp-json\/wp\/v2\/product_tag?post=467417"}],"curies":[{"name":"wp","href":"https:\/\/api.w.org\/{rel}","templated":true}]}}