{"id":467645,"date":"2025-06-28T16:41:36","date_gmt":"2025-06-28T14:41:36","guid":{"rendered":"https:\/\/shopatoa.com\/ro\/canpol-babies-babiesboo-soft-activity-cube-cuburi-de-jucarie-moi-si-senzoriale-1-buc\/"},"modified":"2026-02-03T01:56:11","modified_gmt":"2026-02-03T00:56:11","slug":"canpol-babies-babiesboo-soft-activity-cube-cuburi-de-jucarie-moi-si-senzoriale-1-buc","status":"publish","type":"product","link":"https:\/\/shopatoa.com\/ro\/canpol-babies-babiesboo-soft-activity-cube-cuburi-de-jucarie-moi-si-senzoriale-1-buc\/","title":{"rendered":"Canpol babies BabiesBoo Soft Activity Cube cuburi de juc\u0103rie moi \u0219i senzoriale 1 buc"},"content":{"rendered":"<p>Canpol babies BabiesBoo Soft Activity Cube, 1 buc, Juc\u0103rii interactive pentru copii, Copiii au nevoie de c\u00e2t mai mul\u021bi stimuli diferi\u021bi pentru a se dezvolta corect. Prin jocuri interactive, juc\u0103ria Canpol babies BabiesBoo Soft Activity Cube le va oferi diferi\u021bi stimuli care vor dezvolta diferite sim\u021buri \u0219i vor men\u021bine aten\u021bia copilului. Astfel, v\u0103 capta aten\u021bia copilul dvs. curios, \u00eel va distra, dar \u00eel va ajuta \u0219i \u00een dezvoltarea percep\u021biei senzoriale, a motricit\u0103\u021bii \u0219i a altor abilit\u0103\u021bi. Asigura\u021bi copilului dvs. o distrac\u021bie inteligent\u0103 care \u00eei va sprijini dezvoltarea.  Caracteristici:  produs colorat poate servi ca decora\u021bie \u00een camera copilului juc\u0103rie potrivit\u0103 \u0219i pentru nou-n\u0103scu\u021bi u\u0219oar\u0103 \u0219i practic\u0103, ideal\u0103 pentru c\u0103l\u0103torii dezvolt\u0103 abilit\u0103\u021bile bebelu\u0219ului de a-\u0219i concentra aten\u021bia materialele cu diverse texturi stimuleaz\u0103 sim\u021bul tactil al copilului cu oglind\u0103 stimuleaz\u0103 dezvoltarea sim\u021burilor vizual \u0219i tactil materialul fo\u0219nitor atrage aten\u021bia copilului \u00eencurajeaz\u0103 spiritul ludic al copiilor \u0219i le dezvolt\u0103 imagina\u021bia ajut\u0103 la exersarea \u0219i dezvoltarea motricit\u0103\u021bii copilului favorizeaz\u0103 dezvoltarea coordon\u0103rii m\u00e2n\u0103-ochi juc\u0103rie multisenzorial\u0103, destinat\u0103 dezvolt\u0103rii abilit\u0103\u021bilor copilului<\/p>\n","protected":false},"excerpt":{"rendered":"<p>Canpol babies BabiesBoo Soft Activity Cube, 1 buc, Juc\u0103rii interactive pentru copii, Copiii au nevoie de c\u00e2t mai mul\u021bi stimuli diferi\u021bi pentru a se dezvolta corect. Prin jocuri interactive, juc\u0103ria Canpol babies BabiesBoo Soft Activity Cube le va oferi diferi\u021bi stimuli care vor dezvolta diferite sim\u021buri \u0219i vor men\u021bine aten\u021bia copilului. Astfel, v\u0103 capta aten\u021bia&#8230;<\/p>\n","protected":false},"featured_media":467646,"comment_status":"closed","ping_status":"open","template":"","meta":{"_acf_changed":false,"_kadence_starter_templates_imported_post":false,"_kad_post_transparent":"","_kad_post_title":"","_kad_post_layout":"","_kad_post_sidebar_id":"","_kad_post_content_style":"","_kad_post_vertical_padding":"","_kad_post_feature":"","_kad_post_feature_position":"","_kad_post_header":false,"_kad_post_footer":false,"_kad_post_classname":""},"product_brand":[2504],"product_cat":[3893,3932,3894],"product_tag":[],"class_list":{"0":"post-467645","1":"product","2":"type-product","3":"status-publish","4":"has-post-thumbnail","6":"product_brand-canpol-babies","7":"product_cat-copii-si-sugari","8":"product_cat-jucarii-interactive","9":"product_cat-jucarii-pentru-copii","10":"pa_gen-unisex","11":"pa_marime-1-buc","13":"first","14":"instock","15":"sale","16":"product-type-external","17":"entry","18":"content-bg","19":"loop-entry"},"acf":[],"yoast_head":"<!-- This site is optimized with the Yoast SEO plugin v27.4 - https:\/\/yoast.com\/product\/yoast-seo-wordpress\/ -->\n<title>Canpol babies BabiesBoo Soft Activity Cube cuburi de juc\u0103rie moi \u0219i senzoriale 1 buc - SHOPATOA.COM<\/title>\n<meta name=\"robots\" content=\"index, follow, max-snippet:-1, max-image-preview:large, max-video-preview:-1\" \/>\n<link rel=\"canonical\" href=\"https:\/\/shopatoa.com\/ro\/canpol-babies-babiesboo-soft-activity-cube-cuburi-de-jucarie-moi-si-senzoriale-1-buc\/\" \/>\n<meta property=\"og:locale\" content=\"ro_RO\" \/>\n<meta property=\"og:type\" content=\"article\" \/>\n<meta property=\"og:title\" content=\"Canpol babies BabiesBoo Soft Activity Cube cuburi de juc\u0103rie moi \u0219i senzoriale 1 buc - SHOPATOA.COM\" \/>\n<meta property=\"og:description\" content=\"Canpol babies BabiesBoo Soft Activity Cube, 1 buc, Juc\u0103rii interactive pentru copii, Copiii au nevoie de c\u00e2t mai mul\u021bi stimuli diferi\u021bi pentru a se dezvolta corect. Prin jocuri interactive, juc\u0103ria Canpol babies BabiesBoo Soft Activity Cube le va oferi diferi\u021bi stimuli care vor dezvolta diferite sim\u021buri \u0219i vor men\u021bine aten\u021bia copilului. Astfel, v\u0103 capta aten\u021bia...\" \/>\n<meta property=\"og:url\" content=\"https:\/\/shopatoa.com\/ro\/canpol-babies-babiesboo-soft-activity-cube-cuburi-de-jucarie-moi-si-senzoriale-1-buc\/\" \/>\n<meta property=\"og:site_name\" content=\"SHOPATOA\" \/>\n<meta property=\"article:modified_time\" content=\"2026-02-03T00:56:11+00:00\" \/>\n<meta property=\"og:image\" content=\"https:\/\/storage.googleapis.com\/cz-shopatoa-img\/ro\/7d2ddd13-unnamed-file.webp\" \/>\n\t<meta property=\"og:image:width\" content=\"800\" \/>\n\t<meta property=\"og:image:height\" content=\"800\" \/>\n\t<meta property=\"og:image:type\" content=\"image\/webp\" \/>\n<meta name=\"twitter:card\" content=\"summary_large_image\" \/>\n<meta name=\"twitter:label1\" content=\"Timp estimat pentru citire\" \/>\n\t<meta name=\"twitter:data1\" content=\"1 minut\" \/>\n<script type=\"application\/ld+json\" class=\"yoast-schema-graph\">{\"@context\":\"https:\\\/\\\/schema.org\",\"@graph\":[{\"@type\":\"WebPage\",\"@id\":\"https:\\\/\\\/shopatoa.com\\\/ro\\\/canpol-babies-babiesboo-soft-activity-cube-cuburi-de-jucarie-moi-si-senzoriale-1-buc\\\/\",\"url\":\"https:\\\/\\\/shopatoa.com\\\/ro\\\/canpol-babies-babiesboo-soft-activity-cube-cuburi-de-jucarie-moi-si-senzoriale-1-buc\\\/\",\"name\":\"Canpol babies BabiesBoo Soft Activity Cube cuburi de juc\u0103rie moi \u0219i senzoriale 1 buc - SHOPATOA.COM\",\"isPartOf\":{\"@id\":\"https:\\\/\\\/shopatoa.com\\\/ro\\\/#website\"},\"primaryImageOfPage\":{\"@id\":\"https:\\\/\\\/shopatoa.com\\\/ro\\\/canpol-babies-babiesboo-soft-activity-cube-cuburi-de-jucarie-moi-si-senzoriale-1-buc\\\/#primaryimage\"},\"image\":{\"@id\":\"https:\\\/\\\/shopatoa.com\\\/ro\\\/canpol-babies-babiesboo-soft-activity-cube-cuburi-de-jucarie-moi-si-senzoriale-1-buc\\\/#primaryimage\"},\"thumbnailUrl\":\"https:\\\/\\\/storage.googleapis.com\\\/cz-shopatoa-img\\\/ro\\\/7d2ddd13-unnamed-file.webp\",\"datePublished\":\"2025-06-28T14:41:36+00:00\",\"dateModified\":\"2026-02-03T00:56:11+00:00\",\"breadcrumb\":{\"@id\":\"https:\\\/\\\/shopatoa.com\\\/ro\\\/canpol-babies-babiesboo-soft-activity-cube-cuburi-de-jucarie-moi-si-senzoriale-1-buc\\\/#breadcrumb\"},\"inLanguage\":\"ro-RO\",\"potentialAction\":[{\"@type\":\"ReadAction\",\"target\":[\"https:\\\/\\\/shopatoa.com\\\/ro\\\/canpol-babies-babiesboo-soft-activity-cube-cuburi-de-jucarie-moi-si-senzoriale-1-buc\\\/\"]}]},{\"@type\":\"ImageObject\",\"inLanguage\":\"ro-RO\",\"@id\":\"https:\\\/\\\/shopatoa.com\\\/ro\\\/canpol-babies-babiesboo-soft-activity-cube-cuburi-de-jucarie-moi-si-senzoriale-1-buc\\\/#primaryimage\",\"url\":\"https:\\\/\\\/storage.googleapis.com\\\/cz-shopatoa-img\\\/ro\\\/7d2ddd13-unnamed-file.webp\",\"contentUrl\":\"https:\\\/\\\/storage.googleapis.com\\\/cz-shopatoa-img\\\/ro\\\/7d2ddd13-unnamed-file.webp\",\"width\":800,\"height\":800},{\"@type\":\"BreadcrumbList\",\"@id\":\"https:\\\/\\\/shopatoa.com\\\/ro\\\/canpol-babies-babiesboo-soft-activity-cube-cuburi-de-jucarie-moi-si-senzoriale-1-buc\\\/#breadcrumb\",\"itemListElement\":[{\"@type\":\"ListItem\",\"position\":1,\"name\":\"Dom\u016f\",\"item\":\"https:\\\/\\\/shopatoa.com\\\/ro\\\/\"},{\"@type\":\"ListItem\",\"position\":2,\"name\":\"Shop\",\"item\":\"https:\\\/\\\/shopatoa.com\\\/ro\\\/shop\\\/\"},{\"@type\":\"ListItem\",\"position\":3,\"name\":\"Copii \u0219i sugari\",\"item\":\"https:\\\/\\\/shopatoa.com\\\/ro\\\/copii-si-sugari\\\/\"},{\"@type\":\"ListItem\",\"position\":4,\"name\":\"Juc\u0103rii pentru copii\",\"item\":\"https:\\\/\\\/shopatoa.com\\\/ro\\\/jucarii-pentru-copii\\\/\"},{\"@type\":\"ListItem\",\"position\":5,\"name\":\"Juc\u0103rii interactive\",\"item\":\"https:\\\/\\\/shopatoa.com\\\/ro\\\/jucarii-interactive\\\/\"},{\"@type\":\"ListItem\",\"position\":6,\"name\":\"Canpol babies BabiesBoo Soft Activity Cube cuburi de juc\u0103rie moi \u0219i senzoriale 1 buc\"}]},{\"@type\":\"WebSite\",\"@id\":\"https:\\\/\\\/shopatoa.com\\\/ro\\\/#website\",\"url\":\"https:\\\/\\\/shopatoa.com\\\/ro\\\/\",\"name\":\"SHOPATOA\",\"description\":\"\",\"publisher\":{\"@id\":\"https:\\\/\\\/shopatoa.com\\\/ro\\\/#organization\"},\"potentialAction\":[{\"@type\":\"SearchAction\",\"target\":{\"@type\":\"EntryPoint\",\"urlTemplate\":\"https:\\\/\\\/shopatoa.com\\\/ro\\\/?s={search_term_string}\"},\"query-input\":{\"@type\":\"PropertyValueSpecification\",\"valueRequired\":true,\"valueName\":\"search_term_string\"}}],\"inLanguage\":\"ro-RO\"},{\"@type\":\"Organization\",\"@id\":\"https:\\\/\\\/shopatoa.com\\\/ro\\\/#organization\",\"name\":\"SHOPATOA\",\"url\":\"https:\\\/\\\/shopatoa.com\\\/ro\\\/\",\"logo\":{\"@type\":\"ImageObject\",\"inLanguage\":\"ro-RO\",\"@id\":\"https:\\\/\\\/shopatoa.com\\\/ro\\\/#\\\/schema\\\/logo\\\/image\\\/\",\"url\":\"https:\\\/\\\/storage.googleapis.com\\\/cz-shopatoa-img\\\/ro\\\/b4dac915-shopatoa_logo.png\",\"contentUrl\":\"https:\\\/\\\/storage.googleapis.com\\\/cz-shopatoa-img\\\/ro\\\/b4dac915-shopatoa_logo.png\",\"width\":416,\"height\":63,\"caption\":\"SHOPATOA\"},\"image\":{\"@id\":\"https:\\\/\\\/shopatoa.com\\\/ro\\\/#\\\/schema\\\/logo\\\/image\\\/\"}}]}<\/script>\n<!-- \/ Yoast SEO plugin. -->","yoast_head_json":{"title":"Canpol babies BabiesBoo Soft Activity Cube cuburi de juc\u0103rie moi \u0219i senzoriale 1 buc - SHOPATOA.COM","robots":{"index":"index","follow":"follow","max-snippet":"max-snippet:-1","max-image-preview":"max-image-preview:large","max-video-preview":"max-video-preview:-1"},"canonical":"https:\/\/shopatoa.com\/ro\/canpol-babies-babiesboo-soft-activity-cube-cuburi-de-jucarie-moi-si-senzoriale-1-buc\/","og_locale":"ro_RO","og_type":"article","og_title":"Canpol babies BabiesBoo Soft Activity Cube cuburi de juc\u0103rie moi \u0219i senzoriale 1 buc - SHOPATOA.COM","og_description":"Canpol babies BabiesBoo Soft Activity Cube, 1 buc, Juc\u0103rii interactive pentru copii, Copiii au nevoie de c\u00e2t mai mul\u021bi stimuli diferi\u021bi pentru a se dezvolta corect. Prin jocuri interactive, juc\u0103ria Canpol babies BabiesBoo Soft Activity Cube le va oferi diferi\u021bi stimuli care vor dezvolta diferite sim\u021buri \u0219i vor men\u021bine aten\u021bia copilului. Astfel, v\u0103 capta aten\u021bia...","og_url":"https:\/\/shopatoa.com\/ro\/canpol-babies-babiesboo-soft-activity-cube-cuburi-de-jucarie-moi-si-senzoriale-1-buc\/","og_site_name":"SHOPATOA","article_modified_time":"2026-02-03T00:56:11+00:00","og_image":[{"width":800,"height":800,"url":"https:\/\/storage.googleapis.com\/cz-shopatoa-img\/ro\/7d2ddd13-unnamed-file.webp","type":"image\/webp"}],"twitter_card":"summary_large_image","twitter_misc":{"Timp estimat pentru citire":"1 minut"},"schema":{"@context":"https:\/\/schema.org","@graph":[{"@type":"WebPage","@id":"https:\/\/shopatoa.com\/ro\/canpol-babies-babiesboo-soft-activity-cube-cuburi-de-jucarie-moi-si-senzoriale-1-buc\/","url":"https:\/\/shopatoa.com\/ro\/canpol-babies-babiesboo-soft-activity-cube-cuburi-de-jucarie-moi-si-senzoriale-1-buc\/","name":"Canpol babies BabiesBoo Soft Activity Cube cuburi de juc\u0103rie moi \u0219i senzoriale 1 buc - SHOPATOA.COM","isPartOf":{"@id":"https:\/\/shopatoa.com\/ro\/#website"},"primaryImageOfPage":{"@id":"https:\/\/shopatoa.com\/ro\/canpol-babies-babiesboo-soft-activity-cube-cuburi-de-jucarie-moi-si-senzoriale-1-buc\/#primaryimage"},"image":{"@id":"https:\/\/shopatoa.com\/ro\/canpol-babies-babiesboo-soft-activity-cube-cuburi-de-jucarie-moi-si-senzoriale-1-buc\/#primaryimage"},"thumbnailUrl":"https:\/\/storage.googleapis.com\/cz-shopatoa-img\/ro\/7d2ddd13-unnamed-file.webp","datePublished":"2025-06-28T14:41:36+00:00","dateModified":"2026-02-03T00:56:11+00:00","breadcrumb":{"@id":"https:\/\/shopatoa.com\/ro\/canpol-babies-babiesboo-soft-activity-cube-cuburi-de-jucarie-moi-si-senzoriale-1-buc\/#breadcrumb"},"inLanguage":"ro-RO","potentialAction":[{"@type":"ReadAction","target":["https:\/\/shopatoa.com\/ro\/canpol-babies-babiesboo-soft-activity-cube-cuburi-de-jucarie-moi-si-senzoriale-1-buc\/"]}]},{"@type":"ImageObject","inLanguage":"ro-RO","@id":"https:\/\/shopatoa.com\/ro\/canpol-babies-babiesboo-soft-activity-cube-cuburi-de-jucarie-moi-si-senzoriale-1-buc\/#primaryimage","url":"https:\/\/storage.googleapis.com\/cz-shopatoa-img\/ro\/7d2ddd13-unnamed-file.webp","contentUrl":"https:\/\/storage.googleapis.com\/cz-shopatoa-img\/ro\/7d2ddd13-unnamed-file.webp","width":800,"height":800},{"@type":"BreadcrumbList","@id":"https:\/\/shopatoa.com\/ro\/canpol-babies-babiesboo-soft-activity-cube-cuburi-de-jucarie-moi-si-senzoriale-1-buc\/#breadcrumb","itemListElement":[{"@type":"ListItem","position":1,"name":"Dom\u016f","item":"https:\/\/shopatoa.com\/ro\/"},{"@type":"ListItem","position":2,"name":"Shop","item":"https:\/\/shopatoa.com\/ro\/shop\/"},{"@type":"ListItem","position":3,"name":"Copii \u0219i sugari","item":"https:\/\/shopatoa.com\/ro\/copii-si-sugari\/"},{"@type":"ListItem","position":4,"name":"Juc\u0103rii pentru copii","item":"https:\/\/shopatoa.com\/ro\/jucarii-pentru-copii\/"},{"@type":"ListItem","position":5,"name":"Juc\u0103rii interactive","item":"https:\/\/shopatoa.com\/ro\/jucarii-interactive\/"},{"@type":"ListItem","position":6,"name":"Canpol babies BabiesBoo Soft Activity Cube cuburi de juc\u0103rie moi \u0219i senzoriale 1 buc"}]},{"@type":"WebSite","@id":"https:\/\/shopatoa.com\/ro\/#website","url":"https:\/\/shopatoa.com\/ro\/","name":"SHOPATOA","description":"","publisher":{"@id":"https:\/\/shopatoa.com\/ro\/#organization"},"potentialAction":[{"@type":"SearchAction","target":{"@type":"EntryPoint","urlTemplate":"https:\/\/shopatoa.com\/ro\/?s={search_term_string}"},"query-input":{"@type":"PropertyValueSpecification","valueRequired":true,"valueName":"search_term_string"}}],"inLanguage":"ro-RO"},{"@type":"Organization","@id":"https:\/\/shopatoa.com\/ro\/#organization","name":"SHOPATOA","url":"https:\/\/shopatoa.com\/ro\/","logo":{"@type":"ImageObject","inLanguage":"ro-RO","@id":"https:\/\/shopatoa.com\/ro\/#\/schema\/logo\/image\/","url":"https:\/\/storage.googleapis.com\/cz-shopatoa-img\/ro\/b4dac915-shopatoa_logo.png","contentUrl":"https:\/\/storage.googleapis.com\/cz-shopatoa-img\/ro\/b4dac915-shopatoa_logo.png","width":416,"height":63,"caption":"SHOPATOA"},"image":{"@id":"https:\/\/shopatoa.com\/ro\/#\/schema\/logo\/image\/"}}]}},"_links":{"self":[{"href":"https:\/\/shopatoa.com\/ro\/wp-json\/wp\/v2\/product\/467645","targetHints":{"allow":["GET"]}}],"collection":[{"href":"https:\/\/shopatoa.com\/ro\/wp-json\/wp\/v2\/product"}],"about":[{"href":"https:\/\/shopatoa.com\/ro\/wp-json\/wp\/v2\/types\/product"}],"replies":[{"embeddable":true,"href":"https:\/\/shopatoa.com\/ro\/wp-json\/wp\/v2\/comments?post=467645"}],"wp:featuredmedia":[{"embeddable":true,"href":"https:\/\/shopatoa.com\/ro\/wp-json\/wp\/v2\/media\/467646"}],"wp:attachment":[{"href":"https:\/\/shopatoa.com\/ro\/wp-json\/wp\/v2\/media?parent=467645"}],"wp:term":[{"taxonomy":"product_brand","embeddable":true,"href":"https:\/\/shopatoa.com\/ro\/wp-json\/wp\/v2\/product_brand?post=467645"},{"taxonomy":"product_cat","embeddable":true,"href":"https:\/\/shopatoa.com\/ro\/wp-json\/wp\/v2\/product_cat?post=467645"},{"taxonomy":"product_tag","embeddable":true,"href":"https:\/\/shopatoa.com\/ro\/wp-json\/wp\/v2\/product_tag?post=467645"}],"curies":[{"name":"wp","href":"https:\/\/api.w.org\/{rel}","templated":true}]}}