{"id":467767,"date":"2025-06-28T16:52:51","date_gmt":"2025-06-28T14:52:51","guid":{"rendered":"https:\/\/shopatoa.com\/ro\/kringle-candle-christmas-cake-pops-ceara-pentru-aromatizator-64-g\/"},"modified":"2026-02-03T01:37:22","modified_gmt":"2026-02-03T00:37:22","slug":"kringle-candle-christmas-cake-pops-ceara-pentru-aromatizator-64-g","status":"publish","type":"product","link":"https:\/\/shopatoa.com\/ro\/kringle-candle-christmas-cake-pops-ceara-pentru-aromatizator-64-g\/","title":{"rendered":"Kringle Candle Christmas Cake Pops cear\u0103 pentru aromatizator 64 g"},"content":{"rendered":"<p>Kringle Candle Christmas Cake Pops, 64 g, Cear\u0103 pentru l\u0103mpi de arom\u0103 Parfumuri pentru casa, Ceara pentru l\u0103mpi aromatizatoare Kringle Candle Succulents creeaz\u0103 \u00een interior un efect aromatic maxim. Datorit\u0103 posibilit\u0103\u021bii de \u00eenlocuire simpl\u0103 \u0219i rapid\u0103 cu o alt\u0103 cear\u0103, \u00eentotdeauna se poate alege cu u\u0219urin\u021b\u0103 parfumul, \u00een func\u021bie de dispozi\u021bie.  Caracteristici:  parfum pe tem\u0103 de s\u0103rb\u0103toare arom\u0103 dulce  Cum se utilizeaz\u0103: Nu se las\u0103 niciodat\u0103 ceara pentru l\u0103mpi aromatizatoare nesupravegheat\u0103 \u0219i \u00een apropierea obiectelor u\u0219or inflamabile. Produsul nu se las\u0103 la \u00eendem\u00e2na copiilor sau a animalelor de companie.<\/p>\n","protected":false},"excerpt":{"rendered":"<p>Kringle Candle Christmas Cake Pops, 64 g, Cear\u0103 pentru l\u0103mpi de arom\u0103 Parfumuri pentru casa, Ceara pentru l\u0103mpi aromatizatoare Kringle Candle Succulents creeaz\u0103 \u00een interior un efect aromatic maxim. Datorit\u0103 posibilit\u0103\u021bii de \u00eenlocuire simpl\u0103 \u0219i rapid\u0103 cu o alt\u0103 cear\u0103, \u00eentotdeauna se poate alege cu u\u0219urin\u021b\u0103 parfumul, \u00een func\u021bie de dispozi\u021bie. Caracteristici: parfum pe tem\u0103&#8230;<\/p>\n","protected":false},"featured_media":467768,"comment_status":"closed","ping_status":"open","template":"","meta":{"_acf_changed":false,"_kadence_starter_templates_imported_post":false,"_kad_post_transparent":"","_kad_post_title":"","_kad_post_layout":"","_kad_post_sidebar_id":"","_kad_post_content_style":"","_kad_post_vertical_padding":"","_kad_post_feature":"","_kad_post_feature_position":"","_kad_post_header":false,"_kad_post_footer":false,"_kad_post_classname":""},"product_brand":[1681],"product_cat":[3889,2533,3891,3890],"product_tag":[],"class_list":{"0":"post-467767","1":"product","2":"type-product","3":"status-publish","4":"has-post-thumbnail","6":"product_brand-kringle-candle","7":"product_cat-accesorii-si-decoratiuni-pentru-locuinta","8":"product_cat-casa-si-gradina","9":"product_cat-ceara-pentru-lampa-aromatizanta","10":"product_cat-parfumuri-pentru-casa","11":"pa_gen-unisex","12":"pa_marime-64-g","14":"first","15":"instock","16":"sale","17":"product-type-external","18":"entry","19":"content-bg","20":"loop-entry"},"acf":[],"yoast_head":"<!-- This site is optimized with the Yoast SEO plugin v27.4 - https:\/\/yoast.com\/product\/yoast-seo-wordpress\/ -->\n<title>Kringle Candle Christmas Cake Pops cear\u0103 pentru aromatizator 64 g - SHOPATOA.COM<\/title>\n<meta name=\"robots\" content=\"index, follow, max-snippet:-1, max-image-preview:large, max-video-preview:-1\" \/>\n<link rel=\"canonical\" href=\"https:\/\/shopatoa.com\/ro\/kringle-candle-christmas-cake-pops-ceara-pentru-aromatizator-64-g\/\" \/>\n<meta property=\"og:locale\" content=\"ro_RO\" \/>\n<meta property=\"og:type\" content=\"article\" \/>\n<meta property=\"og:title\" content=\"Kringle Candle Christmas Cake Pops cear\u0103 pentru aromatizator 64 g - SHOPATOA.COM\" \/>\n<meta property=\"og:description\" content=\"Kringle Candle Christmas Cake Pops, 64 g, Cear\u0103 pentru l\u0103mpi de arom\u0103 Parfumuri pentru casa, Ceara pentru l\u0103mpi aromatizatoare Kringle Candle Succulents creeaz\u0103 \u00een interior un efect aromatic maxim. Datorit\u0103 posibilit\u0103\u021bii de \u00eenlocuire simpl\u0103 \u0219i rapid\u0103 cu o alt\u0103 cear\u0103, \u00eentotdeauna se poate alege cu u\u0219urin\u021b\u0103 parfumul, \u00een func\u021bie de dispozi\u021bie. Caracteristici: parfum pe tem\u0103...\" \/>\n<meta property=\"og:url\" content=\"https:\/\/shopatoa.com\/ro\/kringle-candle-christmas-cake-pops-ceara-pentru-aromatizator-64-g\/\" \/>\n<meta property=\"og:site_name\" content=\"SHOPATOA\" \/>\n<meta property=\"article:modified_time\" content=\"2026-02-03T00:37:22+00:00\" \/>\n<meta property=\"og:image\" content=\"https:\/\/storage.googleapis.com\/cz-shopatoa-img\/ro\/650e415c-unnamed-file.webp\" \/>\n\t<meta property=\"og:image:width\" content=\"800\" \/>\n\t<meta property=\"og:image:height\" content=\"800\" \/>\n\t<meta property=\"og:image:type\" content=\"image\/webp\" \/>\n<meta name=\"twitter:card\" content=\"summary_large_image\" \/>\n<script type=\"application\/ld+json\" class=\"yoast-schema-graph\">{\"@context\":\"https:\\\/\\\/schema.org\",\"@graph\":[{\"@type\":\"WebPage\",\"@id\":\"https:\\\/\\\/shopatoa.com\\\/ro\\\/kringle-candle-christmas-cake-pops-ceara-pentru-aromatizator-64-g\\\/\",\"url\":\"https:\\\/\\\/shopatoa.com\\\/ro\\\/kringle-candle-christmas-cake-pops-ceara-pentru-aromatizator-64-g\\\/\",\"name\":\"Kringle Candle Christmas Cake Pops cear\u0103 pentru aromatizator 64 g - SHOPATOA.COM\",\"isPartOf\":{\"@id\":\"https:\\\/\\\/shopatoa.com\\\/ro\\\/#website\"},\"primaryImageOfPage\":{\"@id\":\"https:\\\/\\\/shopatoa.com\\\/ro\\\/kringle-candle-christmas-cake-pops-ceara-pentru-aromatizator-64-g\\\/#primaryimage\"},\"image\":{\"@id\":\"https:\\\/\\\/shopatoa.com\\\/ro\\\/kringle-candle-christmas-cake-pops-ceara-pentru-aromatizator-64-g\\\/#primaryimage\"},\"thumbnailUrl\":\"https:\\\/\\\/storage.googleapis.com\\\/cz-shopatoa-img\\\/ro\\\/650e415c-unnamed-file.webp\",\"datePublished\":\"2025-06-28T14:52:51+00:00\",\"dateModified\":\"2026-02-03T00:37:22+00:00\",\"breadcrumb\":{\"@id\":\"https:\\\/\\\/shopatoa.com\\\/ro\\\/kringle-candle-christmas-cake-pops-ceara-pentru-aromatizator-64-g\\\/#breadcrumb\"},\"inLanguage\":\"ro-RO\",\"potentialAction\":[{\"@type\":\"ReadAction\",\"target\":[\"https:\\\/\\\/shopatoa.com\\\/ro\\\/kringle-candle-christmas-cake-pops-ceara-pentru-aromatizator-64-g\\\/\"]}]},{\"@type\":\"ImageObject\",\"inLanguage\":\"ro-RO\",\"@id\":\"https:\\\/\\\/shopatoa.com\\\/ro\\\/kringle-candle-christmas-cake-pops-ceara-pentru-aromatizator-64-g\\\/#primaryimage\",\"url\":\"https:\\\/\\\/storage.googleapis.com\\\/cz-shopatoa-img\\\/ro\\\/650e415c-unnamed-file.webp\",\"contentUrl\":\"https:\\\/\\\/storage.googleapis.com\\\/cz-shopatoa-img\\\/ro\\\/650e415c-unnamed-file.webp\",\"width\":800,\"height\":800},{\"@type\":\"BreadcrumbList\",\"@id\":\"https:\\\/\\\/shopatoa.com\\\/ro\\\/kringle-candle-christmas-cake-pops-ceara-pentru-aromatizator-64-g\\\/#breadcrumb\",\"itemListElement\":[{\"@type\":\"ListItem\",\"position\":1,\"name\":\"Dom\u016f\",\"item\":\"https:\\\/\\\/shopatoa.com\\\/ro\\\/\"},{\"@type\":\"ListItem\",\"position\":2,\"name\":\"Shop\",\"item\":\"https:\\\/\\\/shopatoa.com\\\/ro\\\/shop\\\/\"},{\"@type\":\"ListItem\",\"position\":3,\"name\":\"Casa \u0219i gr\u0103din\u0103\",\"item\":\"https:\\\/\\\/shopatoa.com\\\/ro\\\/casa-si-gradina\\\/\"},{\"@type\":\"ListItem\",\"position\":4,\"name\":\"Accesorii \u0219i decora\u021biuni pentru locuin\u021b\u0103\",\"item\":\"https:\\\/\\\/shopatoa.com\\\/ro\\\/accesorii-si-decoratiuni-pentru-locuinta\\\/\"},{\"@type\":\"ListItem\",\"position\":5,\"name\":\"Parfumuri pentru cas\u0103\",\"item\":\"https:\\\/\\\/shopatoa.com\\\/ro\\\/parfumuri-pentru-casa\\\/\"},{\"@type\":\"ListItem\",\"position\":6,\"name\":\"Cear\u0103 pentru lampa aromatizant\u0103\",\"item\":\"https:\\\/\\\/shopatoa.com\\\/ro\\\/ceara-pentru-lampa-aromatizanta\\\/\"},{\"@type\":\"ListItem\",\"position\":7,\"name\":\"Kringle Candle Christmas Cake Pops cear\u0103 pentru aromatizator 64 g\"}]},{\"@type\":\"WebSite\",\"@id\":\"https:\\\/\\\/shopatoa.com\\\/ro\\\/#website\",\"url\":\"https:\\\/\\\/shopatoa.com\\\/ro\\\/\",\"name\":\"SHOPATOA\",\"description\":\"\",\"publisher\":{\"@id\":\"https:\\\/\\\/shopatoa.com\\\/ro\\\/#organization\"},\"potentialAction\":[{\"@type\":\"SearchAction\",\"target\":{\"@type\":\"EntryPoint\",\"urlTemplate\":\"https:\\\/\\\/shopatoa.com\\\/ro\\\/?s={search_term_string}\"},\"query-input\":{\"@type\":\"PropertyValueSpecification\",\"valueRequired\":true,\"valueName\":\"search_term_string\"}}],\"inLanguage\":\"ro-RO\"},{\"@type\":\"Organization\",\"@id\":\"https:\\\/\\\/shopatoa.com\\\/ro\\\/#organization\",\"name\":\"SHOPATOA\",\"url\":\"https:\\\/\\\/shopatoa.com\\\/ro\\\/\",\"logo\":{\"@type\":\"ImageObject\",\"inLanguage\":\"ro-RO\",\"@id\":\"https:\\\/\\\/shopatoa.com\\\/ro\\\/#\\\/schema\\\/logo\\\/image\\\/\",\"url\":\"https:\\\/\\\/storage.googleapis.com\\\/cz-shopatoa-img\\\/ro\\\/b4dac915-shopatoa_logo.png\",\"contentUrl\":\"https:\\\/\\\/storage.googleapis.com\\\/cz-shopatoa-img\\\/ro\\\/b4dac915-shopatoa_logo.png\",\"width\":416,\"height\":63,\"caption\":\"SHOPATOA\"},\"image\":{\"@id\":\"https:\\\/\\\/shopatoa.com\\\/ro\\\/#\\\/schema\\\/logo\\\/image\\\/\"}}]}<\/script>\n<!-- \/ Yoast SEO plugin. -->","yoast_head_json":{"title":"Kringle Candle Christmas Cake Pops cear\u0103 pentru aromatizator 64 g - SHOPATOA.COM","robots":{"index":"index","follow":"follow","max-snippet":"max-snippet:-1","max-image-preview":"max-image-preview:large","max-video-preview":"max-video-preview:-1"},"canonical":"https:\/\/shopatoa.com\/ro\/kringle-candle-christmas-cake-pops-ceara-pentru-aromatizator-64-g\/","og_locale":"ro_RO","og_type":"article","og_title":"Kringle Candle Christmas Cake Pops cear\u0103 pentru aromatizator 64 g - SHOPATOA.COM","og_description":"Kringle Candle Christmas Cake Pops, 64 g, Cear\u0103 pentru l\u0103mpi de arom\u0103 Parfumuri pentru casa, Ceara pentru l\u0103mpi aromatizatoare Kringle Candle Succulents creeaz\u0103 \u00een interior un efect aromatic maxim. Datorit\u0103 posibilit\u0103\u021bii de \u00eenlocuire simpl\u0103 \u0219i rapid\u0103 cu o alt\u0103 cear\u0103, \u00eentotdeauna se poate alege cu u\u0219urin\u021b\u0103 parfumul, \u00een func\u021bie de dispozi\u021bie. Caracteristici: parfum pe tem\u0103...","og_url":"https:\/\/shopatoa.com\/ro\/kringle-candle-christmas-cake-pops-ceara-pentru-aromatizator-64-g\/","og_site_name":"SHOPATOA","article_modified_time":"2026-02-03T00:37:22+00:00","og_image":[{"width":800,"height":800,"url":"https:\/\/storage.googleapis.com\/cz-shopatoa-img\/ro\/650e415c-unnamed-file.webp","type":"image\/webp"}],"twitter_card":"summary_large_image","schema":{"@context":"https:\/\/schema.org","@graph":[{"@type":"WebPage","@id":"https:\/\/shopatoa.com\/ro\/kringle-candle-christmas-cake-pops-ceara-pentru-aromatizator-64-g\/","url":"https:\/\/shopatoa.com\/ro\/kringle-candle-christmas-cake-pops-ceara-pentru-aromatizator-64-g\/","name":"Kringle Candle Christmas Cake Pops cear\u0103 pentru aromatizator 64 g - SHOPATOA.COM","isPartOf":{"@id":"https:\/\/shopatoa.com\/ro\/#website"},"primaryImageOfPage":{"@id":"https:\/\/shopatoa.com\/ro\/kringle-candle-christmas-cake-pops-ceara-pentru-aromatizator-64-g\/#primaryimage"},"image":{"@id":"https:\/\/shopatoa.com\/ro\/kringle-candle-christmas-cake-pops-ceara-pentru-aromatizator-64-g\/#primaryimage"},"thumbnailUrl":"https:\/\/storage.googleapis.com\/cz-shopatoa-img\/ro\/650e415c-unnamed-file.webp","datePublished":"2025-06-28T14:52:51+00:00","dateModified":"2026-02-03T00:37:22+00:00","breadcrumb":{"@id":"https:\/\/shopatoa.com\/ro\/kringle-candle-christmas-cake-pops-ceara-pentru-aromatizator-64-g\/#breadcrumb"},"inLanguage":"ro-RO","potentialAction":[{"@type":"ReadAction","target":["https:\/\/shopatoa.com\/ro\/kringle-candle-christmas-cake-pops-ceara-pentru-aromatizator-64-g\/"]}]},{"@type":"ImageObject","inLanguage":"ro-RO","@id":"https:\/\/shopatoa.com\/ro\/kringle-candle-christmas-cake-pops-ceara-pentru-aromatizator-64-g\/#primaryimage","url":"https:\/\/storage.googleapis.com\/cz-shopatoa-img\/ro\/650e415c-unnamed-file.webp","contentUrl":"https:\/\/storage.googleapis.com\/cz-shopatoa-img\/ro\/650e415c-unnamed-file.webp","width":800,"height":800},{"@type":"BreadcrumbList","@id":"https:\/\/shopatoa.com\/ro\/kringle-candle-christmas-cake-pops-ceara-pentru-aromatizator-64-g\/#breadcrumb","itemListElement":[{"@type":"ListItem","position":1,"name":"Dom\u016f","item":"https:\/\/shopatoa.com\/ro\/"},{"@type":"ListItem","position":2,"name":"Shop","item":"https:\/\/shopatoa.com\/ro\/shop\/"},{"@type":"ListItem","position":3,"name":"Casa \u0219i gr\u0103din\u0103","item":"https:\/\/shopatoa.com\/ro\/casa-si-gradina\/"},{"@type":"ListItem","position":4,"name":"Accesorii \u0219i decora\u021biuni pentru locuin\u021b\u0103","item":"https:\/\/shopatoa.com\/ro\/accesorii-si-decoratiuni-pentru-locuinta\/"},{"@type":"ListItem","position":5,"name":"Parfumuri pentru cas\u0103","item":"https:\/\/shopatoa.com\/ro\/parfumuri-pentru-casa\/"},{"@type":"ListItem","position":6,"name":"Cear\u0103 pentru lampa aromatizant\u0103","item":"https:\/\/shopatoa.com\/ro\/ceara-pentru-lampa-aromatizanta\/"},{"@type":"ListItem","position":7,"name":"Kringle Candle Christmas Cake Pops cear\u0103 pentru aromatizator 64 g"}]},{"@type":"WebSite","@id":"https:\/\/shopatoa.com\/ro\/#website","url":"https:\/\/shopatoa.com\/ro\/","name":"SHOPATOA","description":"","publisher":{"@id":"https:\/\/shopatoa.com\/ro\/#organization"},"potentialAction":[{"@type":"SearchAction","target":{"@type":"EntryPoint","urlTemplate":"https:\/\/shopatoa.com\/ro\/?s={search_term_string}"},"query-input":{"@type":"PropertyValueSpecification","valueRequired":true,"valueName":"search_term_string"}}],"inLanguage":"ro-RO"},{"@type":"Organization","@id":"https:\/\/shopatoa.com\/ro\/#organization","name":"SHOPATOA","url":"https:\/\/shopatoa.com\/ro\/","logo":{"@type":"ImageObject","inLanguage":"ro-RO","@id":"https:\/\/shopatoa.com\/ro\/#\/schema\/logo\/image\/","url":"https:\/\/storage.googleapis.com\/cz-shopatoa-img\/ro\/b4dac915-shopatoa_logo.png","contentUrl":"https:\/\/storage.googleapis.com\/cz-shopatoa-img\/ro\/b4dac915-shopatoa_logo.png","width":416,"height":63,"caption":"SHOPATOA"},"image":{"@id":"https:\/\/shopatoa.com\/ro\/#\/schema\/logo\/image\/"}}]}},"_links":{"self":[{"href":"https:\/\/shopatoa.com\/ro\/wp-json\/wp\/v2\/product\/467767","targetHints":{"allow":["GET"]}}],"collection":[{"href":"https:\/\/shopatoa.com\/ro\/wp-json\/wp\/v2\/product"}],"about":[{"href":"https:\/\/shopatoa.com\/ro\/wp-json\/wp\/v2\/types\/product"}],"replies":[{"embeddable":true,"href":"https:\/\/shopatoa.com\/ro\/wp-json\/wp\/v2\/comments?post=467767"}],"wp:featuredmedia":[{"embeddable":true,"href":"https:\/\/shopatoa.com\/ro\/wp-json\/wp\/v2\/media\/467768"}],"wp:attachment":[{"href":"https:\/\/shopatoa.com\/ro\/wp-json\/wp\/v2\/media?parent=467767"}],"wp:term":[{"taxonomy":"product_brand","embeddable":true,"href":"https:\/\/shopatoa.com\/ro\/wp-json\/wp\/v2\/product_brand?post=467767"},{"taxonomy":"product_cat","embeddable":true,"href":"https:\/\/shopatoa.com\/ro\/wp-json\/wp\/v2\/product_cat?post=467767"},{"taxonomy":"product_tag","embeddable":true,"href":"https:\/\/shopatoa.com\/ro\/wp-json\/wp\/v2\/product_tag?post=467767"}],"curies":[{"name":"wp","href":"https:\/\/api.w.org\/{rel}","templated":true}]}}