{"id":468123,"date":"2025-06-28T17:27:03","date_gmt":"2025-06-28T15:27:03","guid":{"rendered":"https:\/\/shopatoa.com\/ro\/concept-ov1200-dezumidificator-si-purificator-de-aer-white-1-buc\/"},"modified":"2026-02-03T00:42:13","modified_gmt":"2026-02-02T23:42:13","slug":"concept-ov1200-dezumidificator-si-purificator-de-aer-white-1-buc","status":"publish","type":"product","link":"https:\/\/shopatoa.com\/ro\/concept-ov1200-dezumidificator-si-purificator-de-aer-white-1-buc\/","title":{"rendered":"Concept OV1200 dezumidificator \u0219i purificator de aer White 1 buc"},"content":{"rendered":"<p>Concept OV1200, 1 buc, Dezumidificatoare de aer Parfumuri pentru casa, Umiditatea crescut\u0103 creeaz\u0103 un mediu \u00een care mucegaiul \u0219i bacteriile se \u00eenmul\u021besc mai u\u0219or, ceea ce v\u0103 poate pune \u00een pericol s\u0103n\u0103tatea \u0219i v\u0103 poate reduce calitatea locuin\u021bei. Dezumidificatorul de aer Concept OV1200 va fi un ajutor indispensabil \u00een situa\u021biile \u00een care v\u0103 confrunta\u021bi cu umiditatea excesiv\u0103. Va elimina eficient umiditatea din aer, contribuind la prevenirea problemelor precum dezvoltarea mucegaiului, deteriorarea mobilierului \u0219i a materialelor de construc\u021bie, formarea mirosurilor nedorite \u0219i crearea unui mediu inconfortabil.  Caracteristici:  contribuie \u0219i la eliminarea din aer a acarienilor, mucegaiului, levurilor \u0219i bacteriilor filtreaz\u0103 praful, polenul \u0219i alte impurit\u0103\u021bi din aer este un ajutor eficient pentru eliminarea toxinelor \u0219i a substan\u021belor chimice nocive din aer purificator de aer cu dezumidificator indicator pentru rezervorul de ap\u0103 plin rezervor deta\u0219abil pentru apa filtrat\u0103 din aer favorizeaz\u0103 calitatea vie\u021bii, spore\u0219te confortul general al interiorului previne crearea unui mediu \u00een care bacteriile se pot \u00eenmul\u021bi mai u\u0219or<\/p>\n","protected":false},"excerpt":{"rendered":"<p>Concept OV1200, 1 buc, Dezumidificatoare de aer Parfumuri pentru casa, Umiditatea crescut\u0103 creeaz\u0103 un mediu \u00een care mucegaiul \u0219i bacteriile se \u00eenmul\u021besc mai u\u0219or, ceea ce v\u0103 poate pune \u00een pericol s\u0103n\u0103tatea \u0219i v\u0103 poate reduce calitatea locuin\u021bei. Dezumidificatorul de aer Concept OV1200 va fi un ajutor indispensabil \u00een situa\u021biile \u00een care v\u0103 confrunta\u021bi cu&#8230;<\/p>\n","protected":false},"featured_media":468124,"comment_status":"closed","ping_status":"open","template":"","meta":{"_acf_changed":false,"_kadence_starter_templates_imported_post":false,"_kad_post_transparent":"","_kad_post_title":"","_kad_post_layout":"","_kad_post_sidebar_id":"","_kad_post_content_style":"","_kad_post_vertical_padding":"","_kad_post_feature":"","_kad_post_feature_position":"","_kad_post_header":false,"_kad_post_footer":false,"_kad_post_classname":""},"product_brand":[427],"product_cat":[3889,2533,3902,4048],"product_tag":[],"class_list":{"0":"post-468123","1":"product","2":"type-product","3":"status-publish","4":"has-post-thumbnail","6":"product_brand-concept","7":"product_cat-accesorii-si-decoratiuni-pentru-locuinta","8":"product_cat-casa-si-gradina","9":"product_cat-difuzoare-si-purificatoare-de-aer","10":"product_cat-purificatoare","11":"pa_gen-unisex","12":"pa_marime-1-buc","14":"first","15":"instock","16":"sale","17":"product-type-external","18":"entry","19":"content-bg","20":"loop-entry"},"acf":[],"yoast_head":"<!-- This site is optimized with the Yoast SEO plugin v27.4 - https:\/\/yoast.com\/product\/yoast-seo-wordpress\/ -->\n<title>Concept OV1200 dezumidificator \u0219i purificator de aer White 1 buc - SHOPATOA.COM<\/title>\n<meta name=\"robots\" content=\"index, follow, max-snippet:-1, max-image-preview:large, max-video-preview:-1\" \/>\n<link rel=\"canonical\" href=\"https:\/\/shopatoa.com\/ro\/concept-ov1200-dezumidificator-si-purificator-de-aer-white-1-buc\/\" \/>\n<meta property=\"og:locale\" content=\"ro_RO\" \/>\n<meta property=\"og:type\" content=\"article\" \/>\n<meta property=\"og:title\" content=\"Concept OV1200 dezumidificator \u0219i purificator de aer White 1 buc - SHOPATOA.COM\" \/>\n<meta property=\"og:description\" content=\"Concept OV1200, 1 buc, Dezumidificatoare de aer Parfumuri pentru casa, Umiditatea crescut\u0103 creeaz\u0103 un mediu \u00een care mucegaiul \u0219i bacteriile se \u00eenmul\u021besc mai u\u0219or, ceea ce v\u0103 poate pune \u00een pericol s\u0103n\u0103tatea \u0219i v\u0103 poate reduce calitatea locuin\u021bei. Dezumidificatorul de aer Concept OV1200 va fi un ajutor indispensabil \u00een situa\u021biile \u00een care v\u0103 confrunta\u021bi cu...\" \/>\n<meta property=\"og:url\" content=\"https:\/\/shopatoa.com\/ro\/concept-ov1200-dezumidificator-si-purificator-de-aer-white-1-buc\/\" \/>\n<meta property=\"og:site_name\" content=\"SHOPATOA\" \/>\n<meta property=\"article:modified_time\" content=\"2026-02-02T23:42:13+00:00\" \/>\n<meta property=\"og:image\" content=\"https:\/\/storage.googleapis.com\/cz-shopatoa-img\/ro\/d958a726-unnamed-file.webp\" \/>\n\t<meta property=\"og:image:width\" content=\"800\" \/>\n\t<meta property=\"og:image:height\" content=\"800\" \/>\n\t<meta property=\"og:image:type\" content=\"image\/webp\" \/>\n<meta name=\"twitter:card\" content=\"summary_large_image\" \/>\n<meta name=\"twitter:label1\" content=\"Timp estimat pentru citire\" \/>\n\t<meta name=\"twitter:data1\" content=\"1 minut\" \/>\n<script type=\"application\/ld+json\" class=\"yoast-schema-graph\">{\"@context\":\"https:\\\/\\\/schema.org\",\"@graph\":[{\"@type\":\"WebPage\",\"@id\":\"https:\\\/\\\/shopatoa.com\\\/ro\\\/concept-ov1200-dezumidificator-si-purificator-de-aer-white-1-buc\\\/\",\"url\":\"https:\\\/\\\/shopatoa.com\\\/ro\\\/concept-ov1200-dezumidificator-si-purificator-de-aer-white-1-buc\\\/\",\"name\":\"Concept OV1200 dezumidificator \u0219i purificator de aer White 1 buc - SHOPATOA.COM\",\"isPartOf\":{\"@id\":\"https:\\\/\\\/shopatoa.com\\\/ro\\\/#website\"},\"primaryImageOfPage\":{\"@id\":\"https:\\\/\\\/shopatoa.com\\\/ro\\\/concept-ov1200-dezumidificator-si-purificator-de-aer-white-1-buc\\\/#primaryimage\"},\"image\":{\"@id\":\"https:\\\/\\\/shopatoa.com\\\/ro\\\/concept-ov1200-dezumidificator-si-purificator-de-aer-white-1-buc\\\/#primaryimage\"},\"thumbnailUrl\":\"https:\\\/\\\/storage.googleapis.com\\\/cz-shopatoa-img\\\/ro\\\/d958a726-unnamed-file.webp\",\"datePublished\":\"2025-06-28T15:27:03+00:00\",\"dateModified\":\"2026-02-02T23:42:13+00:00\",\"breadcrumb\":{\"@id\":\"https:\\\/\\\/shopatoa.com\\\/ro\\\/concept-ov1200-dezumidificator-si-purificator-de-aer-white-1-buc\\\/#breadcrumb\"},\"inLanguage\":\"ro-RO\",\"potentialAction\":[{\"@type\":\"ReadAction\",\"target\":[\"https:\\\/\\\/shopatoa.com\\\/ro\\\/concept-ov1200-dezumidificator-si-purificator-de-aer-white-1-buc\\\/\"]}]},{\"@type\":\"ImageObject\",\"inLanguage\":\"ro-RO\",\"@id\":\"https:\\\/\\\/shopatoa.com\\\/ro\\\/concept-ov1200-dezumidificator-si-purificator-de-aer-white-1-buc\\\/#primaryimage\",\"url\":\"https:\\\/\\\/storage.googleapis.com\\\/cz-shopatoa-img\\\/ro\\\/d958a726-unnamed-file.webp\",\"contentUrl\":\"https:\\\/\\\/storage.googleapis.com\\\/cz-shopatoa-img\\\/ro\\\/d958a726-unnamed-file.webp\",\"width\":800,\"height\":800},{\"@type\":\"BreadcrumbList\",\"@id\":\"https:\\\/\\\/shopatoa.com\\\/ro\\\/concept-ov1200-dezumidificator-si-purificator-de-aer-white-1-buc\\\/#breadcrumb\",\"itemListElement\":[{\"@type\":\"ListItem\",\"position\":1,\"name\":\"Dom\u016f\",\"item\":\"https:\\\/\\\/shopatoa.com\\\/ro\\\/\"},{\"@type\":\"ListItem\",\"position\":2,\"name\":\"Shop\",\"item\":\"https:\\\/\\\/shopatoa.com\\\/ro\\\/shop\\\/\"},{\"@type\":\"ListItem\",\"position\":3,\"name\":\"Casa \u0219i gr\u0103din\u0103\",\"item\":\"https:\\\/\\\/shopatoa.com\\\/ro\\\/casa-si-gradina\\\/\"},{\"@type\":\"ListItem\",\"position\":4,\"name\":\"Accesorii \u0219i decora\u021biuni pentru locuin\u021b\u0103\",\"item\":\"https:\\\/\\\/shopatoa.com\\\/ro\\\/accesorii-si-decoratiuni-pentru-locuinta\\\/\"},{\"@type\":\"ListItem\",\"position\":5,\"name\":\"Difuzoare \u0219i purificatoare de aer\",\"item\":\"https:\\\/\\\/shopatoa.com\\\/ro\\\/difuzoare-si-purificatoare-de-aer\\\/\"},{\"@type\":\"ListItem\",\"position\":6,\"name\":\"Purificatoare\",\"item\":\"https:\\\/\\\/shopatoa.com\\\/ro\\\/purificatoare\\\/\"},{\"@type\":\"ListItem\",\"position\":7,\"name\":\"Concept OV1200 dezumidificator \u0219i purificator de aer White 1 buc\"}]},{\"@type\":\"WebSite\",\"@id\":\"https:\\\/\\\/shopatoa.com\\\/ro\\\/#website\",\"url\":\"https:\\\/\\\/shopatoa.com\\\/ro\\\/\",\"name\":\"SHOPATOA\",\"description\":\"\",\"publisher\":{\"@id\":\"https:\\\/\\\/shopatoa.com\\\/ro\\\/#organization\"},\"potentialAction\":[{\"@type\":\"SearchAction\",\"target\":{\"@type\":\"EntryPoint\",\"urlTemplate\":\"https:\\\/\\\/shopatoa.com\\\/ro\\\/?s={search_term_string}\"},\"query-input\":{\"@type\":\"PropertyValueSpecification\",\"valueRequired\":true,\"valueName\":\"search_term_string\"}}],\"inLanguage\":\"ro-RO\"},{\"@type\":\"Organization\",\"@id\":\"https:\\\/\\\/shopatoa.com\\\/ro\\\/#organization\",\"name\":\"SHOPATOA\",\"url\":\"https:\\\/\\\/shopatoa.com\\\/ro\\\/\",\"logo\":{\"@type\":\"ImageObject\",\"inLanguage\":\"ro-RO\",\"@id\":\"https:\\\/\\\/shopatoa.com\\\/ro\\\/#\\\/schema\\\/logo\\\/image\\\/\",\"url\":\"https:\\\/\\\/storage.googleapis.com\\\/cz-shopatoa-img\\\/ro\\\/b4dac915-shopatoa_logo.png\",\"contentUrl\":\"https:\\\/\\\/storage.googleapis.com\\\/cz-shopatoa-img\\\/ro\\\/b4dac915-shopatoa_logo.png\",\"width\":416,\"height\":63,\"caption\":\"SHOPATOA\"},\"image\":{\"@id\":\"https:\\\/\\\/shopatoa.com\\\/ro\\\/#\\\/schema\\\/logo\\\/image\\\/\"}}]}<\/script>\n<!-- \/ Yoast SEO plugin. -->","yoast_head_json":{"title":"Concept OV1200 dezumidificator \u0219i purificator de aer White 1 buc - SHOPATOA.COM","robots":{"index":"index","follow":"follow","max-snippet":"max-snippet:-1","max-image-preview":"max-image-preview:large","max-video-preview":"max-video-preview:-1"},"canonical":"https:\/\/shopatoa.com\/ro\/concept-ov1200-dezumidificator-si-purificator-de-aer-white-1-buc\/","og_locale":"ro_RO","og_type":"article","og_title":"Concept OV1200 dezumidificator \u0219i purificator de aer White 1 buc - SHOPATOA.COM","og_description":"Concept OV1200, 1 buc, Dezumidificatoare de aer Parfumuri pentru casa, Umiditatea crescut\u0103 creeaz\u0103 un mediu \u00een care mucegaiul \u0219i bacteriile se \u00eenmul\u021besc mai u\u0219or, ceea ce v\u0103 poate pune \u00een pericol s\u0103n\u0103tatea \u0219i v\u0103 poate reduce calitatea locuin\u021bei. Dezumidificatorul de aer Concept OV1200 va fi un ajutor indispensabil \u00een situa\u021biile \u00een care v\u0103 confrunta\u021bi cu...","og_url":"https:\/\/shopatoa.com\/ro\/concept-ov1200-dezumidificator-si-purificator-de-aer-white-1-buc\/","og_site_name":"SHOPATOA","article_modified_time":"2026-02-02T23:42:13+00:00","og_image":[{"width":800,"height":800,"url":"https:\/\/storage.googleapis.com\/cz-shopatoa-img\/ro\/d958a726-unnamed-file.webp","type":"image\/webp"}],"twitter_card":"summary_large_image","twitter_misc":{"Timp estimat pentru citire":"1 minut"},"schema":{"@context":"https:\/\/schema.org","@graph":[{"@type":"WebPage","@id":"https:\/\/shopatoa.com\/ro\/concept-ov1200-dezumidificator-si-purificator-de-aer-white-1-buc\/","url":"https:\/\/shopatoa.com\/ro\/concept-ov1200-dezumidificator-si-purificator-de-aer-white-1-buc\/","name":"Concept OV1200 dezumidificator \u0219i purificator de aer White 1 buc - SHOPATOA.COM","isPartOf":{"@id":"https:\/\/shopatoa.com\/ro\/#website"},"primaryImageOfPage":{"@id":"https:\/\/shopatoa.com\/ro\/concept-ov1200-dezumidificator-si-purificator-de-aer-white-1-buc\/#primaryimage"},"image":{"@id":"https:\/\/shopatoa.com\/ro\/concept-ov1200-dezumidificator-si-purificator-de-aer-white-1-buc\/#primaryimage"},"thumbnailUrl":"https:\/\/storage.googleapis.com\/cz-shopatoa-img\/ro\/d958a726-unnamed-file.webp","datePublished":"2025-06-28T15:27:03+00:00","dateModified":"2026-02-02T23:42:13+00:00","breadcrumb":{"@id":"https:\/\/shopatoa.com\/ro\/concept-ov1200-dezumidificator-si-purificator-de-aer-white-1-buc\/#breadcrumb"},"inLanguage":"ro-RO","potentialAction":[{"@type":"ReadAction","target":["https:\/\/shopatoa.com\/ro\/concept-ov1200-dezumidificator-si-purificator-de-aer-white-1-buc\/"]}]},{"@type":"ImageObject","inLanguage":"ro-RO","@id":"https:\/\/shopatoa.com\/ro\/concept-ov1200-dezumidificator-si-purificator-de-aer-white-1-buc\/#primaryimage","url":"https:\/\/storage.googleapis.com\/cz-shopatoa-img\/ro\/d958a726-unnamed-file.webp","contentUrl":"https:\/\/storage.googleapis.com\/cz-shopatoa-img\/ro\/d958a726-unnamed-file.webp","width":800,"height":800},{"@type":"BreadcrumbList","@id":"https:\/\/shopatoa.com\/ro\/concept-ov1200-dezumidificator-si-purificator-de-aer-white-1-buc\/#breadcrumb","itemListElement":[{"@type":"ListItem","position":1,"name":"Dom\u016f","item":"https:\/\/shopatoa.com\/ro\/"},{"@type":"ListItem","position":2,"name":"Shop","item":"https:\/\/shopatoa.com\/ro\/shop\/"},{"@type":"ListItem","position":3,"name":"Casa \u0219i gr\u0103din\u0103","item":"https:\/\/shopatoa.com\/ro\/casa-si-gradina\/"},{"@type":"ListItem","position":4,"name":"Accesorii \u0219i decora\u021biuni pentru locuin\u021b\u0103","item":"https:\/\/shopatoa.com\/ro\/accesorii-si-decoratiuni-pentru-locuinta\/"},{"@type":"ListItem","position":5,"name":"Difuzoare \u0219i purificatoare de aer","item":"https:\/\/shopatoa.com\/ro\/difuzoare-si-purificatoare-de-aer\/"},{"@type":"ListItem","position":6,"name":"Purificatoare","item":"https:\/\/shopatoa.com\/ro\/purificatoare\/"},{"@type":"ListItem","position":7,"name":"Concept OV1200 dezumidificator \u0219i purificator de aer White 1 buc"}]},{"@type":"WebSite","@id":"https:\/\/shopatoa.com\/ro\/#website","url":"https:\/\/shopatoa.com\/ro\/","name":"SHOPATOA","description":"","publisher":{"@id":"https:\/\/shopatoa.com\/ro\/#organization"},"potentialAction":[{"@type":"SearchAction","target":{"@type":"EntryPoint","urlTemplate":"https:\/\/shopatoa.com\/ro\/?s={search_term_string}"},"query-input":{"@type":"PropertyValueSpecification","valueRequired":true,"valueName":"search_term_string"}}],"inLanguage":"ro-RO"},{"@type":"Organization","@id":"https:\/\/shopatoa.com\/ro\/#organization","name":"SHOPATOA","url":"https:\/\/shopatoa.com\/ro\/","logo":{"@type":"ImageObject","inLanguage":"ro-RO","@id":"https:\/\/shopatoa.com\/ro\/#\/schema\/logo\/image\/","url":"https:\/\/storage.googleapis.com\/cz-shopatoa-img\/ro\/b4dac915-shopatoa_logo.png","contentUrl":"https:\/\/storage.googleapis.com\/cz-shopatoa-img\/ro\/b4dac915-shopatoa_logo.png","width":416,"height":63,"caption":"SHOPATOA"},"image":{"@id":"https:\/\/shopatoa.com\/ro\/#\/schema\/logo\/image\/"}}]}},"_links":{"self":[{"href":"https:\/\/shopatoa.com\/ro\/wp-json\/wp\/v2\/product\/468123","targetHints":{"allow":["GET"]}}],"collection":[{"href":"https:\/\/shopatoa.com\/ro\/wp-json\/wp\/v2\/product"}],"about":[{"href":"https:\/\/shopatoa.com\/ro\/wp-json\/wp\/v2\/types\/product"}],"replies":[{"embeddable":true,"href":"https:\/\/shopatoa.com\/ro\/wp-json\/wp\/v2\/comments?post=468123"}],"wp:featuredmedia":[{"embeddable":true,"href":"https:\/\/shopatoa.com\/ro\/wp-json\/wp\/v2\/media\/468124"}],"wp:attachment":[{"href":"https:\/\/shopatoa.com\/ro\/wp-json\/wp\/v2\/media?parent=468123"}],"wp:term":[{"taxonomy":"product_brand","embeddable":true,"href":"https:\/\/shopatoa.com\/ro\/wp-json\/wp\/v2\/product_brand?post=468123"},{"taxonomy":"product_cat","embeddable":true,"href":"https:\/\/shopatoa.com\/ro\/wp-json\/wp\/v2\/product_cat?post=468123"},{"taxonomy":"product_tag","embeddable":true,"href":"https:\/\/shopatoa.com\/ro\/wp-json\/wp\/v2\/product_tag?post=468123"}],"curies":[{"name":"wp","href":"https:\/\/api.w.org\/{rel}","templated":true}]}}