{"id":468135,"date":"2025-06-28T17:28:30","date_gmt":"2025-06-28T15:28:30","guid":{"rendered":"https:\/\/shopatoa.com\/ro\/culti-scented-pillow-tessuto-parfum-pentru-dulap-250-g\/"},"modified":"2026-02-03T00:39:16","modified_gmt":"2026-02-02T23:39:16","slug":"culti-scented-pillow-tessuto-parfum-pentru-dulap-250-g","status":"publish","type":"product","link":"https:\/\/shopatoa.com\/ro\/culti-scented-pillow-tessuto-parfum-pentru-dulap-250-g\/","title":{"rendered":"Culti Scented Pillow Tessuto parfum pentru dulap 250 g"},"content":{"rendered":"<p>Culti Scented Pillow Tessuto, 250 g, Parfum pentru dulap Parfumuri pentru casa, Tuturor ne place aroma rufelor proasp\u0103t sp\u0103late. Odorizantul pentru dulap Culti Scented Pillow Tessuto face ca hainele dvs. s\u0103 miroas\u0103 mult timp dup\u0103 sp\u0103lare. A\u0219eza\u021bi parfumul printre haine \u0219i savura\u021bi aroma sa pl\u0103cut\u0103, ori de c\u00e2te ori deschide\u021bi dulapul.  Caracteristici:  parfumeaz\u0103 dulapul cu o arom\u0103 pl\u0103cut\u0103 aroma se elibereaz\u0103 treptat parfum floral  Cum se utilizeaz\u0103: Se utilizeaz\u0103 conform instruc\u021biunilor incluse.<\/p>\n","protected":false},"excerpt":{"rendered":"<p>Culti Scented Pillow Tessuto, 250 g, Parfum pentru dulap Parfumuri pentru casa, Tuturor ne place aroma rufelor proasp\u0103t sp\u0103late. Odorizantul pentru dulap Culti Scented Pillow Tessuto face ca hainele dvs. s\u0103 miroas\u0103 mult timp dup\u0103 sp\u0103lare. A\u0219eza\u021bi parfumul printre haine \u0219i savura\u021bi aroma sa pl\u0103cut\u0103, ori de c\u00e2te ori deschide\u021bi dulapul. Caracteristici: parfumeaz\u0103 dulapul cu&#8230;<\/p>\n","protected":false},"featured_media":468136,"comment_status":"closed","ping_status":"open","template":"","meta":{"_acf_changed":false,"_kadence_starter_templates_imported_post":false,"_kad_post_transparent":"","_kad_post_title":"","_kad_post_layout":"","_kad_post_sidebar_id":"","_kad_post_content_style":"","_kad_post_vertical_padding":"","_kad_post_feature":"","_kad_post_feature_position":"","_kad_post_header":false,"_kad_post_footer":false,"_kad_post_classname":""},"product_brand":[3038],"product_cat":[3889,2533,3920,3890],"product_tag":[],"class_list":{"0":"post-468135","1":"product","2":"type-product","3":"status-publish","4":"has-post-thumbnail","6":"product_brand-culti","7":"product_cat-accesorii-si-decoratiuni-pentru-locuinta","8":"product_cat-casa-si-gradina","9":"product_cat-parfum-pentru-dulap","10":"product_cat-parfumuri-pentru-casa","11":"pa_gen-unisex","12":"pa_marime-250-g","14":"first","15":"instock","16":"sale","17":"product-type-external","18":"entry","19":"content-bg","20":"loop-entry"},"acf":[],"yoast_head":"<!-- This site is optimized with the Yoast SEO plugin v27.4 - https:\/\/yoast.com\/product\/yoast-seo-wordpress\/ -->\n<title>Culti Scented Pillow Tessuto parfum pentru dulap 250 g - SHOPATOA.COM<\/title>\n<meta name=\"robots\" content=\"index, follow, max-snippet:-1, max-image-preview:large, max-video-preview:-1\" \/>\n<link rel=\"canonical\" href=\"https:\/\/shopatoa.com\/ro\/culti-scented-pillow-tessuto-parfum-pentru-dulap-250-g\/\" \/>\n<meta property=\"og:locale\" content=\"ro_RO\" \/>\n<meta property=\"og:type\" content=\"article\" \/>\n<meta property=\"og:title\" content=\"Culti Scented Pillow Tessuto parfum pentru dulap 250 g - SHOPATOA.COM\" \/>\n<meta property=\"og:description\" content=\"Culti Scented Pillow Tessuto, 250 g, Parfum pentru dulap Parfumuri pentru casa, Tuturor ne place aroma rufelor proasp\u0103t sp\u0103late. Odorizantul pentru dulap Culti Scented Pillow Tessuto face ca hainele dvs. s\u0103 miroas\u0103 mult timp dup\u0103 sp\u0103lare. A\u0219eza\u021bi parfumul printre haine \u0219i savura\u021bi aroma sa pl\u0103cut\u0103, ori de c\u00e2te ori deschide\u021bi dulapul. Caracteristici: parfumeaz\u0103 dulapul cu...\" \/>\n<meta property=\"og:url\" content=\"https:\/\/shopatoa.com\/ro\/culti-scented-pillow-tessuto-parfum-pentru-dulap-250-g\/\" \/>\n<meta property=\"og:site_name\" content=\"SHOPATOA\" \/>\n<meta property=\"article:modified_time\" content=\"2026-02-02T23:39:16+00:00\" \/>\n<meta property=\"og:image\" content=\"https:\/\/storage.googleapis.com\/cz-shopatoa-img\/ro\/2833e3f7-unnamed-file.webp\" \/>\n\t<meta property=\"og:image:width\" content=\"800\" \/>\n\t<meta property=\"og:image:height\" content=\"800\" \/>\n\t<meta property=\"og:image:type\" content=\"image\/webp\" \/>\n<meta name=\"twitter:card\" content=\"summary_large_image\" \/>\n<script type=\"application\/ld+json\" class=\"yoast-schema-graph\">{\"@context\":\"https:\\\/\\\/schema.org\",\"@graph\":[{\"@type\":\"WebPage\",\"@id\":\"https:\\\/\\\/shopatoa.com\\\/ro\\\/culti-scented-pillow-tessuto-parfum-pentru-dulap-250-g\\\/\",\"url\":\"https:\\\/\\\/shopatoa.com\\\/ro\\\/culti-scented-pillow-tessuto-parfum-pentru-dulap-250-g\\\/\",\"name\":\"Culti Scented Pillow Tessuto parfum pentru dulap 250 g - SHOPATOA.COM\",\"isPartOf\":{\"@id\":\"https:\\\/\\\/shopatoa.com\\\/ro\\\/#website\"},\"primaryImageOfPage\":{\"@id\":\"https:\\\/\\\/shopatoa.com\\\/ro\\\/culti-scented-pillow-tessuto-parfum-pentru-dulap-250-g\\\/#primaryimage\"},\"image\":{\"@id\":\"https:\\\/\\\/shopatoa.com\\\/ro\\\/culti-scented-pillow-tessuto-parfum-pentru-dulap-250-g\\\/#primaryimage\"},\"thumbnailUrl\":\"https:\\\/\\\/storage.googleapis.com\\\/cz-shopatoa-img\\\/ro\\\/2833e3f7-unnamed-file.webp\",\"datePublished\":\"2025-06-28T15:28:30+00:00\",\"dateModified\":\"2026-02-02T23:39:16+00:00\",\"breadcrumb\":{\"@id\":\"https:\\\/\\\/shopatoa.com\\\/ro\\\/culti-scented-pillow-tessuto-parfum-pentru-dulap-250-g\\\/#breadcrumb\"},\"inLanguage\":\"ro-RO\",\"potentialAction\":[{\"@type\":\"ReadAction\",\"target\":[\"https:\\\/\\\/shopatoa.com\\\/ro\\\/culti-scented-pillow-tessuto-parfum-pentru-dulap-250-g\\\/\"]}]},{\"@type\":\"ImageObject\",\"inLanguage\":\"ro-RO\",\"@id\":\"https:\\\/\\\/shopatoa.com\\\/ro\\\/culti-scented-pillow-tessuto-parfum-pentru-dulap-250-g\\\/#primaryimage\",\"url\":\"https:\\\/\\\/storage.googleapis.com\\\/cz-shopatoa-img\\\/ro\\\/2833e3f7-unnamed-file.webp\",\"contentUrl\":\"https:\\\/\\\/storage.googleapis.com\\\/cz-shopatoa-img\\\/ro\\\/2833e3f7-unnamed-file.webp\",\"width\":800,\"height\":800},{\"@type\":\"BreadcrumbList\",\"@id\":\"https:\\\/\\\/shopatoa.com\\\/ro\\\/culti-scented-pillow-tessuto-parfum-pentru-dulap-250-g\\\/#breadcrumb\",\"itemListElement\":[{\"@type\":\"ListItem\",\"position\":1,\"name\":\"Dom\u016f\",\"item\":\"https:\\\/\\\/shopatoa.com\\\/ro\\\/\"},{\"@type\":\"ListItem\",\"position\":2,\"name\":\"Shop\",\"item\":\"https:\\\/\\\/shopatoa.com\\\/ro\\\/shop\\\/\"},{\"@type\":\"ListItem\",\"position\":3,\"name\":\"Casa \u0219i gr\u0103din\u0103\",\"item\":\"https:\\\/\\\/shopatoa.com\\\/ro\\\/casa-si-gradina\\\/\"},{\"@type\":\"ListItem\",\"position\":4,\"name\":\"Accesorii \u0219i decora\u021biuni pentru locuin\u021b\u0103\",\"item\":\"https:\\\/\\\/shopatoa.com\\\/ro\\\/accesorii-si-decoratiuni-pentru-locuinta\\\/\"},{\"@type\":\"ListItem\",\"position\":5,\"name\":\"Parfumuri pentru cas\u0103\",\"item\":\"https:\\\/\\\/shopatoa.com\\\/ro\\\/parfumuri-pentru-casa\\\/\"},{\"@type\":\"ListItem\",\"position\":6,\"name\":\"Parfum pentru dulap\",\"item\":\"https:\\\/\\\/shopatoa.com\\\/ro\\\/parfum-pentru-dulap\\\/\"},{\"@type\":\"ListItem\",\"position\":7,\"name\":\"Culti Scented Pillow Tessuto parfum pentru dulap 250 g\"}]},{\"@type\":\"WebSite\",\"@id\":\"https:\\\/\\\/shopatoa.com\\\/ro\\\/#website\",\"url\":\"https:\\\/\\\/shopatoa.com\\\/ro\\\/\",\"name\":\"SHOPATOA\",\"description\":\"\",\"publisher\":{\"@id\":\"https:\\\/\\\/shopatoa.com\\\/ro\\\/#organization\"},\"potentialAction\":[{\"@type\":\"SearchAction\",\"target\":{\"@type\":\"EntryPoint\",\"urlTemplate\":\"https:\\\/\\\/shopatoa.com\\\/ro\\\/?s={search_term_string}\"},\"query-input\":{\"@type\":\"PropertyValueSpecification\",\"valueRequired\":true,\"valueName\":\"search_term_string\"}}],\"inLanguage\":\"ro-RO\"},{\"@type\":\"Organization\",\"@id\":\"https:\\\/\\\/shopatoa.com\\\/ro\\\/#organization\",\"name\":\"SHOPATOA\",\"url\":\"https:\\\/\\\/shopatoa.com\\\/ro\\\/\",\"logo\":{\"@type\":\"ImageObject\",\"inLanguage\":\"ro-RO\",\"@id\":\"https:\\\/\\\/shopatoa.com\\\/ro\\\/#\\\/schema\\\/logo\\\/image\\\/\",\"url\":\"https:\\\/\\\/storage.googleapis.com\\\/cz-shopatoa-img\\\/ro\\\/b4dac915-shopatoa_logo.png\",\"contentUrl\":\"https:\\\/\\\/storage.googleapis.com\\\/cz-shopatoa-img\\\/ro\\\/b4dac915-shopatoa_logo.png\",\"width\":416,\"height\":63,\"caption\":\"SHOPATOA\"},\"image\":{\"@id\":\"https:\\\/\\\/shopatoa.com\\\/ro\\\/#\\\/schema\\\/logo\\\/image\\\/\"}}]}<\/script>\n<!-- \/ Yoast SEO plugin. -->","yoast_head_json":{"title":"Culti Scented Pillow Tessuto parfum pentru dulap 250 g - SHOPATOA.COM","robots":{"index":"index","follow":"follow","max-snippet":"max-snippet:-1","max-image-preview":"max-image-preview:large","max-video-preview":"max-video-preview:-1"},"canonical":"https:\/\/shopatoa.com\/ro\/culti-scented-pillow-tessuto-parfum-pentru-dulap-250-g\/","og_locale":"ro_RO","og_type":"article","og_title":"Culti Scented Pillow Tessuto parfum pentru dulap 250 g - SHOPATOA.COM","og_description":"Culti Scented Pillow Tessuto, 250 g, Parfum pentru dulap Parfumuri pentru casa, Tuturor ne place aroma rufelor proasp\u0103t sp\u0103late. Odorizantul pentru dulap Culti Scented Pillow Tessuto face ca hainele dvs. s\u0103 miroas\u0103 mult timp dup\u0103 sp\u0103lare. A\u0219eza\u021bi parfumul printre haine \u0219i savura\u021bi aroma sa pl\u0103cut\u0103, ori de c\u00e2te ori deschide\u021bi dulapul. Caracteristici: parfumeaz\u0103 dulapul cu...","og_url":"https:\/\/shopatoa.com\/ro\/culti-scented-pillow-tessuto-parfum-pentru-dulap-250-g\/","og_site_name":"SHOPATOA","article_modified_time":"2026-02-02T23:39:16+00:00","og_image":[{"width":800,"height":800,"url":"https:\/\/storage.googleapis.com\/cz-shopatoa-img\/ro\/2833e3f7-unnamed-file.webp","type":"image\/webp"}],"twitter_card":"summary_large_image","schema":{"@context":"https:\/\/schema.org","@graph":[{"@type":"WebPage","@id":"https:\/\/shopatoa.com\/ro\/culti-scented-pillow-tessuto-parfum-pentru-dulap-250-g\/","url":"https:\/\/shopatoa.com\/ro\/culti-scented-pillow-tessuto-parfum-pentru-dulap-250-g\/","name":"Culti Scented Pillow Tessuto parfum pentru dulap 250 g - SHOPATOA.COM","isPartOf":{"@id":"https:\/\/shopatoa.com\/ro\/#website"},"primaryImageOfPage":{"@id":"https:\/\/shopatoa.com\/ro\/culti-scented-pillow-tessuto-parfum-pentru-dulap-250-g\/#primaryimage"},"image":{"@id":"https:\/\/shopatoa.com\/ro\/culti-scented-pillow-tessuto-parfum-pentru-dulap-250-g\/#primaryimage"},"thumbnailUrl":"https:\/\/storage.googleapis.com\/cz-shopatoa-img\/ro\/2833e3f7-unnamed-file.webp","datePublished":"2025-06-28T15:28:30+00:00","dateModified":"2026-02-02T23:39:16+00:00","breadcrumb":{"@id":"https:\/\/shopatoa.com\/ro\/culti-scented-pillow-tessuto-parfum-pentru-dulap-250-g\/#breadcrumb"},"inLanguage":"ro-RO","potentialAction":[{"@type":"ReadAction","target":["https:\/\/shopatoa.com\/ro\/culti-scented-pillow-tessuto-parfum-pentru-dulap-250-g\/"]}]},{"@type":"ImageObject","inLanguage":"ro-RO","@id":"https:\/\/shopatoa.com\/ro\/culti-scented-pillow-tessuto-parfum-pentru-dulap-250-g\/#primaryimage","url":"https:\/\/storage.googleapis.com\/cz-shopatoa-img\/ro\/2833e3f7-unnamed-file.webp","contentUrl":"https:\/\/storage.googleapis.com\/cz-shopatoa-img\/ro\/2833e3f7-unnamed-file.webp","width":800,"height":800},{"@type":"BreadcrumbList","@id":"https:\/\/shopatoa.com\/ro\/culti-scented-pillow-tessuto-parfum-pentru-dulap-250-g\/#breadcrumb","itemListElement":[{"@type":"ListItem","position":1,"name":"Dom\u016f","item":"https:\/\/shopatoa.com\/ro\/"},{"@type":"ListItem","position":2,"name":"Shop","item":"https:\/\/shopatoa.com\/ro\/shop\/"},{"@type":"ListItem","position":3,"name":"Casa \u0219i gr\u0103din\u0103","item":"https:\/\/shopatoa.com\/ro\/casa-si-gradina\/"},{"@type":"ListItem","position":4,"name":"Accesorii \u0219i decora\u021biuni pentru locuin\u021b\u0103","item":"https:\/\/shopatoa.com\/ro\/accesorii-si-decoratiuni-pentru-locuinta\/"},{"@type":"ListItem","position":5,"name":"Parfumuri pentru cas\u0103","item":"https:\/\/shopatoa.com\/ro\/parfumuri-pentru-casa\/"},{"@type":"ListItem","position":6,"name":"Parfum pentru dulap","item":"https:\/\/shopatoa.com\/ro\/parfum-pentru-dulap\/"},{"@type":"ListItem","position":7,"name":"Culti Scented Pillow Tessuto parfum pentru dulap 250 g"}]},{"@type":"WebSite","@id":"https:\/\/shopatoa.com\/ro\/#website","url":"https:\/\/shopatoa.com\/ro\/","name":"SHOPATOA","description":"","publisher":{"@id":"https:\/\/shopatoa.com\/ro\/#organization"},"potentialAction":[{"@type":"SearchAction","target":{"@type":"EntryPoint","urlTemplate":"https:\/\/shopatoa.com\/ro\/?s={search_term_string}"},"query-input":{"@type":"PropertyValueSpecification","valueRequired":true,"valueName":"search_term_string"}}],"inLanguage":"ro-RO"},{"@type":"Organization","@id":"https:\/\/shopatoa.com\/ro\/#organization","name":"SHOPATOA","url":"https:\/\/shopatoa.com\/ro\/","logo":{"@type":"ImageObject","inLanguage":"ro-RO","@id":"https:\/\/shopatoa.com\/ro\/#\/schema\/logo\/image\/","url":"https:\/\/storage.googleapis.com\/cz-shopatoa-img\/ro\/b4dac915-shopatoa_logo.png","contentUrl":"https:\/\/storage.googleapis.com\/cz-shopatoa-img\/ro\/b4dac915-shopatoa_logo.png","width":416,"height":63,"caption":"SHOPATOA"},"image":{"@id":"https:\/\/shopatoa.com\/ro\/#\/schema\/logo\/image\/"}}]}},"_links":{"self":[{"href":"https:\/\/shopatoa.com\/ro\/wp-json\/wp\/v2\/product\/468135","targetHints":{"allow":["GET"]}}],"collection":[{"href":"https:\/\/shopatoa.com\/ro\/wp-json\/wp\/v2\/product"}],"about":[{"href":"https:\/\/shopatoa.com\/ro\/wp-json\/wp\/v2\/types\/product"}],"replies":[{"embeddable":true,"href":"https:\/\/shopatoa.com\/ro\/wp-json\/wp\/v2\/comments?post=468135"}],"wp:featuredmedia":[{"embeddable":true,"href":"https:\/\/shopatoa.com\/ro\/wp-json\/wp\/v2\/media\/468136"}],"wp:attachment":[{"href":"https:\/\/shopatoa.com\/ro\/wp-json\/wp\/v2\/media?parent=468135"}],"wp:term":[{"taxonomy":"product_brand","embeddable":true,"href":"https:\/\/shopatoa.com\/ro\/wp-json\/wp\/v2\/product_brand?post=468135"},{"taxonomy":"product_cat","embeddable":true,"href":"https:\/\/shopatoa.com\/ro\/wp-json\/wp\/v2\/product_cat?post=468135"},{"taxonomy":"product_tag","embeddable":true,"href":"https:\/\/shopatoa.com\/ro\/wp-json\/wp\/v2\/product_tag?post=468135"}],"curies":[{"name":"wp","href":"https:\/\/api.w.org\/{rel}","templated":true}]}}