{"id":468913,"date":"2025-06-28T18:52:22","date_gmt":"2025-06-28T16:52:22","guid":{"rendered":"https:\/\/shopatoa.com\/ro\/syoss-oleo-intense-culoare-permanenta-pentru-par-cu-ulei-culoare-6-80-hazelnut-blond-1-buc\/"},"modified":"2026-02-02T22:42:02","modified_gmt":"2026-02-02T21:42:02","slug":"syoss-oleo-intense-culoare-permanenta-pentru-par-cu-ulei-culoare-6-80-hazelnut-blond-1-buc","status":"publish","type":"product","link":"https:\/\/shopatoa.com\/ro\/syoss-oleo-intense-culoare-permanenta-pentru-par-cu-ulei-culoare-6-80-hazelnut-blond-1-buc\/","title":{"rendered":"Syoss Oleo Intense Culoare permanenta pentru par cu ulei culoare 6-80 Hazelnut Blond 1 buc"},"content":{"rendered":"<p>Syoss Oleo Intense, 1 buc, Vopsele de p\u0103r pentru femei, Vopseaua de p\u0103r Syoss Oleo Intense confer\u0103 p\u0103rului o colorare intens\u0103 \u0219i un luciu fantastic.  Setul con\u021bine:  culoare par 50 ml lotiune activa 50 ml Masca de par 15 ml m\u0103nu\u0219i de unic\u0103 folosin\u021b\u0103 2 buc  Caracteristici:  ofer\u0103 p\u0103rului nutri\u021bie \u0219i hidratare \u00eenvioreaz\u0103 culoarea culoarea r\u0103m\u00e2ne mult timp frumoas\u0103 \u0219i bogat\u0103 pentru un p\u0103r s\u0103n\u0103tos \u0219i neted la atingere adaug\u0103 str\u0103lucire p\u0103rului mat aplicare rapid\u0103 \u0219i u\u0219oar\u0103, din confortul de acas\u0103  Ingrediente:  f\u0103r\u0103 amoniac  Cum se utilizeaz\u0103: Se urmeaz\u0103 instruc\u021biunile din pachet.<\/p>\n","protected":false},"excerpt":{"rendered":"<p>Syoss Oleo Intense, 1 buc, Vopsele de p\u0103r pentru femei, Vopseaua de p\u0103r Syoss Oleo Intense confer\u0103 p\u0103rului o colorare intens\u0103 \u0219i un luciu fantastic. Setul con\u021bine: culoare par 50 ml lotiune activa 50 ml Masca de par 15 ml m\u0103nu\u0219i de unic\u0103 folosin\u021b\u0103 2 buc Caracteristici: ofer\u0103 p\u0103rului nutri\u021bie \u0219i hidratare \u00eenvioreaz\u0103 culoarea culoarea&#8230;<\/p>\n","protected":false},"featured_media":468914,"comment_status":"closed","ping_status":"open","template":"","meta":{"_acf_changed":false,"_kadence_starter_templates_imported_post":false,"_kad_post_transparent":"","_kad_post_title":"","_kad_post_layout":"","_kad_post_sidebar_id":"","_kad_post_content_style":"","_kad_post_vertical_padding":"","_kad_post_feature":"","_kad_post_feature_position":"","_kad_post_header":false,"_kad_post_footer":false,"_kad_post_classname":""},"product_brand":[2346],"product_cat":[1563,1590,1562,3899,3900],"product_tag":[],"class_list":{"0":"post-468913","1":"product","2":"type-product","3":"status-publish","4":"has-post-thumbnail","6":"product_brand-syoss","7":"product_cat-ingrijire-personala","8":"product_cat-ingrijirea-parului","9":"product_cat-sanatate-si-frumusete","10":"product_cat-vopsele-pentru-par","11":"product_cat-vopsele-permanente-pentru-par","12":"pa_gen-female","13":"pa_marime-1-buc","15":"first","16":"instock","17":"sale","18":"product-type-external","19":"entry","20":"content-bg","21":"loop-entry"},"acf":[],"yoast_head":"<!-- This site is optimized with the Yoast SEO plugin v27.4 - https:\/\/yoast.com\/product\/yoast-seo-wordpress\/ -->\n<title>Syoss Oleo Intense Culoare permanenta pentru par cu ulei culoare 6-80 Hazelnut Blond 1 buc - SHOPATOA.COM<\/title>\n<meta name=\"robots\" content=\"index, follow, max-snippet:-1, max-image-preview:large, max-video-preview:-1\" \/>\n<link rel=\"canonical\" href=\"https:\/\/shopatoa.com\/ro\/syoss-oleo-intense-culoare-permanenta-pentru-par-cu-ulei-culoare-6-80-hazelnut-blond-1-buc\/\" \/>\n<meta property=\"og:locale\" content=\"ro_RO\" \/>\n<meta property=\"og:type\" content=\"article\" \/>\n<meta property=\"og:title\" content=\"Syoss Oleo Intense Culoare permanenta pentru par cu ulei culoare 6-80 Hazelnut Blond 1 buc - SHOPATOA.COM\" \/>\n<meta property=\"og:description\" content=\"Syoss Oleo Intense, 1 buc, Vopsele de p\u0103r pentru femei, Vopseaua de p\u0103r Syoss Oleo Intense confer\u0103 p\u0103rului o colorare intens\u0103 \u0219i un luciu fantastic. Setul con\u021bine: culoare par 50 ml lotiune activa 50 ml Masca de par 15 ml m\u0103nu\u0219i de unic\u0103 folosin\u021b\u0103 2 buc Caracteristici: ofer\u0103 p\u0103rului nutri\u021bie \u0219i hidratare \u00eenvioreaz\u0103 culoarea culoarea...\" \/>\n<meta property=\"og:url\" content=\"https:\/\/shopatoa.com\/ro\/syoss-oleo-intense-culoare-permanenta-pentru-par-cu-ulei-culoare-6-80-hazelnut-blond-1-buc\/\" \/>\n<meta property=\"og:site_name\" content=\"SHOPATOA\" \/>\n<meta property=\"article:modified_time\" content=\"2026-02-02T21:42:02+00:00\" \/>\n<meta property=\"og:image\" content=\"https:\/\/storage.googleapis.com\/cz-shopatoa-img\/ro\/0ab20493-unnamed-file.webp\" \/>\n\t<meta property=\"og:image:width\" content=\"800\" \/>\n\t<meta property=\"og:image:height\" content=\"800\" \/>\n\t<meta property=\"og:image:type\" content=\"image\/webp\" \/>\n<meta name=\"twitter:card\" content=\"summary_large_image\" \/>\n<meta name=\"twitter:label1\" content=\"Timp estimat pentru citire\" \/>\n\t<meta name=\"twitter:data1\" content=\"1 minut\" \/>\n<script type=\"application\/ld+json\" class=\"yoast-schema-graph\">{\"@context\":\"https:\\\/\\\/schema.org\",\"@graph\":[{\"@type\":\"WebPage\",\"@id\":\"https:\\\/\\\/shopatoa.com\\\/ro\\\/syoss-oleo-intense-culoare-permanenta-pentru-par-cu-ulei-culoare-6-80-hazelnut-blond-1-buc\\\/\",\"url\":\"https:\\\/\\\/shopatoa.com\\\/ro\\\/syoss-oleo-intense-culoare-permanenta-pentru-par-cu-ulei-culoare-6-80-hazelnut-blond-1-buc\\\/\",\"name\":\"Syoss Oleo Intense Culoare permanenta pentru par cu ulei culoare 6-80 Hazelnut Blond 1 buc - SHOPATOA.COM\",\"isPartOf\":{\"@id\":\"https:\\\/\\\/shopatoa.com\\\/ro\\\/#website\"},\"primaryImageOfPage\":{\"@id\":\"https:\\\/\\\/shopatoa.com\\\/ro\\\/syoss-oleo-intense-culoare-permanenta-pentru-par-cu-ulei-culoare-6-80-hazelnut-blond-1-buc\\\/#primaryimage\"},\"image\":{\"@id\":\"https:\\\/\\\/shopatoa.com\\\/ro\\\/syoss-oleo-intense-culoare-permanenta-pentru-par-cu-ulei-culoare-6-80-hazelnut-blond-1-buc\\\/#primaryimage\"},\"thumbnailUrl\":\"https:\\\/\\\/storage.googleapis.com\\\/cz-shopatoa-img\\\/ro\\\/0ab20493-unnamed-file.webp\",\"datePublished\":\"2025-06-28T16:52:22+00:00\",\"dateModified\":\"2026-02-02T21:42:02+00:00\",\"breadcrumb\":{\"@id\":\"https:\\\/\\\/shopatoa.com\\\/ro\\\/syoss-oleo-intense-culoare-permanenta-pentru-par-cu-ulei-culoare-6-80-hazelnut-blond-1-buc\\\/#breadcrumb\"},\"inLanguage\":\"ro-RO\",\"potentialAction\":[{\"@type\":\"ReadAction\",\"target\":[\"https:\\\/\\\/shopatoa.com\\\/ro\\\/syoss-oleo-intense-culoare-permanenta-pentru-par-cu-ulei-culoare-6-80-hazelnut-blond-1-buc\\\/\"]}]},{\"@type\":\"ImageObject\",\"inLanguage\":\"ro-RO\",\"@id\":\"https:\\\/\\\/shopatoa.com\\\/ro\\\/syoss-oleo-intense-culoare-permanenta-pentru-par-cu-ulei-culoare-6-80-hazelnut-blond-1-buc\\\/#primaryimage\",\"url\":\"https:\\\/\\\/storage.googleapis.com\\\/cz-shopatoa-img\\\/ro\\\/0ab20493-unnamed-file.webp\",\"contentUrl\":\"https:\\\/\\\/storage.googleapis.com\\\/cz-shopatoa-img\\\/ro\\\/0ab20493-unnamed-file.webp\",\"width\":800,\"height\":800},{\"@type\":\"BreadcrumbList\",\"@id\":\"https:\\\/\\\/shopatoa.com\\\/ro\\\/syoss-oleo-intense-culoare-permanenta-pentru-par-cu-ulei-culoare-6-80-hazelnut-blond-1-buc\\\/#breadcrumb\",\"itemListElement\":[{\"@type\":\"ListItem\",\"position\":1,\"name\":\"Dom\u016f\",\"item\":\"https:\\\/\\\/shopatoa.com\\\/ro\\\/\"},{\"@type\":\"ListItem\",\"position\":2,\"name\":\"Shop\",\"item\":\"https:\\\/\\\/shopatoa.com\\\/ro\\\/shop\\\/\"},{\"@type\":\"ListItem\",\"position\":3,\"name\":\"S\u0103n\u0103tate \u0219i frumuse\u021be\",\"item\":\"https:\\\/\\\/shopatoa.com\\\/ro\\\/sanatate-si-frumusete\\\/\"},{\"@type\":\"ListItem\",\"position\":4,\"name\":\"\u00cengrijire personal\u0103\",\"item\":\"https:\\\/\\\/shopatoa.com\\\/ro\\\/ingrijire-personala\\\/\"},{\"@type\":\"ListItem\",\"position\":5,\"name\":\"\u00cengrijirea p\u0103rului\",\"item\":\"https:\\\/\\\/shopatoa.com\\\/ro\\\/ingrijirea-parului\\\/\"},{\"@type\":\"ListItem\",\"position\":6,\"name\":\"Vopsele pentru p\u0103r\",\"item\":\"https:\\\/\\\/shopatoa.com\\\/ro\\\/vopsele-pentru-par\\\/\"},{\"@type\":\"ListItem\",\"position\":7,\"name\":\"Vopsele permanente pentru p\u0103r\",\"item\":\"https:\\\/\\\/shopatoa.com\\\/ro\\\/vopsele-permanente-pentru-par\\\/\"},{\"@type\":\"ListItem\",\"position\":8,\"name\":\"Syoss Oleo Intense Culoare permanenta pentru par cu ulei culoare 6-80 Hazelnut Blond 1 buc\"}]},{\"@type\":\"WebSite\",\"@id\":\"https:\\\/\\\/shopatoa.com\\\/ro\\\/#website\",\"url\":\"https:\\\/\\\/shopatoa.com\\\/ro\\\/\",\"name\":\"SHOPATOA\",\"description\":\"\",\"publisher\":{\"@id\":\"https:\\\/\\\/shopatoa.com\\\/ro\\\/#organization\"},\"potentialAction\":[{\"@type\":\"SearchAction\",\"target\":{\"@type\":\"EntryPoint\",\"urlTemplate\":\"https:\\\/\\\/shopatoa.com\\\/ro\\\/?s={search_term_string}\"},\"query-input\":{\"@type\":\"PropertyValueSpecification\",\"valueRequired\":true,\"valueName\":\"search_term_string\"}}],\"inLanguage\":\"ro-RO\"},{\"@type\":\"Organization\",\"@id\":\"https:\\\/\\\/shopatoa.com\\\/ro\\\/#organization\",\"name\":\"SHOPATOA\",\"url\":\"https:\\\/\\\/shopatoa.com\\\/ro\\\/\",\"logo\":{\"@type\":\"ImageObject\",\"inLanguage\":\"ro-RO\",\"@id\":\"https:\\\/\\\/shopatoa.com\\\/ro\\\/#\\\/schema\\\/logo\\\/image\\\/\",\"url\":\"https:\\\/\\\/storage.googleapis.com\\\/cz-shopatoa-img\\\/ro\\\/b4dac915-shopatoa_logo.png\",\"contentUrl\":\"https:\\\/\\\/storage.googleapis.com\\\/cz-shopatoa-img\\\/ro\\\/b4dac915-shopatoa_logo.png\",\"width\":416,\"height\":63,\"caption\":\"SHOPATOA\"},\"image\":{\"@id\":\"https:\\\/\\\/shopatoa.com\\\/ro\\\/#\\\/schema\\\/logo\\\/image\\\/\"}}]}<\/script>\n<!-- \/ Yoast SEO plugin. -->","yoast_head_json":{"title":"Syoss Oleo Intense Culoare permanenta pentru par cu ulei culoare 6-80 Hazelnut Blond 1 buc - SHOPATOA.COM","robots":{"index":"index","follow":"follow","max-snippet":"max-snippet:-1","max-image-preview":"max-image-preview:large","max-video-preview":"max-video-preview:-1"},"canonical":"https:\/\/shopatoa.com\/ro\/syoss-oleo-intense-culoare-permanenta-pentru-par-cu-ulei-culoare-6-80-hazelnut-blond-1-buc\/","og_locale":"ro_RO","og_type":"article","og_title":"Syoss Oleo Intense Culoare permanenta pentru par cu ulei culoare 6-80 Hazelnut Blond 1 buc - SHOPATOA.COM","og_description":"Syoss Oleo Intense, 1 buc, Vopsele de p\u0103r pentru femei, Vopseaua de p\u0103r Syoss Oleo Intense confer\u0103 p\u0103rului o colorare intens\u0103 \u0219i un luciu fantastic. Setul con\u021bine: culoare par 50 ml lotiune activa 50 ml Masca de par 15 ml m\u0103nu\u0219i de unic\u0103 folosin\u021b\u0103 2 buc Caracteristici: ofer\u0103 p\u0103rului nutri\u021bie \u0219i hidratare \u00eenvioreaz\u0103 culoarea culoarea...","og_url":"https:\/\/shopatoa.com\/ro\/syoss-oleo-intense-culoare-permanenta-pentru-par-cu-ulei-culoare-6-80-hazelnut-blond-1-buc\/","og_site_name":"SHOPATOA","article_modified_time":"2026-02-02T21:42:02+00:00","og_image":[{"width":800,"height":800,"url":"https:\/\/storage.googleapis.com\/cz-shopatoa-img\/ro\/0ab20493-unnamed-file.webp","type":"image\/webp"}],"twitter_card":"summary_large_image","twitter_misc":{"Timp estimat pentru citire":"1 minut"},"schema":{"@context":"https:\/\/schema.org","@graph":[{"@type":"WebPage","@id":"https:\/\/shopatoa.com\/ro\/syoss-oleo-intense-culoare-permanenta-pentru-par-cu-ulei-culoare-6-80-hazelnut-blond-1-buc\/","url":"https:\/\/shopatoa.com\/ro\/syoss-oleo-intense-culoare-permanenta-pentru-par-cu-ulei-culoare-6-80-hazelnut-blond-1-buc\/","name":"Syoss Oleo Intense Culoare permanenta pentru par cu ulei culoare 6-80 Hazelnut Blond 1 buc - SHOPATOA.COM","isPartOf":{"@id":"https:\/\/shopatoa.com\/ro\/#website"},"primaryImageOfPage":{"@id":"https:\/\/shopatoa.com\/ro\/syoss-oleo-intense-culoare-permanenta-pentru-par-cu-ulei-culoare-6-80-hazelnut-blond-1-buc\/#primaryimage"},"image":{"@id":"https:\/\/shopatoa.com\/ro\/syoss-oleo-intense-culoare-permanenta-pentru-par-cu-ulei-culoare-6-80-hazelnut-blond-1-buc\/#primaryimage"},"thumbnailUrl":"https:\/\/storage.googleapis.com\/cz-shopatoa-img\/ro\/0ab20493-unnamed-file.webp","datePublished":"2025-06-28T16:52:22+00:00","dateModified":"2026-02-02T21:42:02+00:00","breadcrumb":{"@id":"https:\/\/shopatoa.com\/ro\/syoss-oleo-intense-culoare-permanenta-pentru-par-cu-ulei-culoare-6-80-hazelnut-blond-1-buc\/#breadcrumb"},"inLanguage":"ro-RO","potentialAction":[{"@type":"ReadAction","target":["https:\/\/shopatoa.com\/ro\/syoss-oleo-intense-culoare-permanenta-pentru-par-cu-ulei-culoare-6-80-hazelnut-blond-1-buc\/"]}]},{"@type":"ImageObject","inLanguage":"ro-RO","@id":"https:\/\/shopatoa.com\/ro\/syoss-oleo-intense-culoare-permanenta-pentru-par-cu-ulei-culoare-6-80-hazelnut-blond-1-buc\/#primaryimage","url":"https:\/\/storage.googleapis.com\/cz-shopatoa-img\/ro\/0ab20493-unnamed-file.webp","contentUrl":"https:\/\/storage.googleapis.com\/cz-shopatoa-img\/ro\/0ab20493-unnamed-file.webp","width":800,"height":800},{"@type":"BreadcrumbList","@id":"https:\/\/shopatoa.com\/ro\/syoss-oleo-intense-culoare-permanenta-pentru-par-cu-ulei-culoare-6-80-hazelnut-blond-1-buc\/#breadcrumb","itemListElement":[{"@type":"ListItem","position":1,"name":"Dom\u016f","item":"https:\/\/shopatoa.com\/ro\/"},{"@type":"ListItem","position":2,"name":"Shop","item":"https:\/\/shopatoa.com\/ro\/shop\/"},{"@type":"ListItem","position":3,"name":"S\u0103n\u0103tate \u0219i frumuse\u021be","item":"https:\/\/shopatoa.com\/ro\/sanatate-si-frumusete\/"},{"@type":"ListItem","position":4,"name":"\u00cengrijire personal\u0103","item":"https:\/\/shopatoa.com\/ro\/ingrijire-personala\/"},{"@type":"ListItem","position":5,"name":"\u00cengrijirea p\u0103rului","item":"https:\/\/shopatoa.com\/ro\/ingrijirea-parului\/"},{"@type":"ListItem","position":6,"name":"Vopsele pentru p\u0103r","item":"https:\/\/shopatoa.com\/ro\/vopsele-pentru-par\/"},{"@type":"ListItem","position":7,"name":"Vopsele permanente pentru p\u0103r","item":"https:\/\/shopatoa.com\/ro\/vopsele-permanente-pentru-par\/"},{"@type":"ListItem","position":8,"name":"Syoss Oleo Intense Culoare permanenta pentru par cu ulei culoare 6-80 Hazelnut Blond 1 buc"}]},{"@type":"WebSite","@id":"https:\/\/shopatoa.com\/ro\/#website","url":"https:\/\/shopatoa.com\/ro\/","name":"SHOPATOA","description":"","publisher":{"@id":"https:\/\/shopatoa.com\/ro\/#organization"},"potentialAction":[{"@type":"SearchAction","target":{"@type":"EntryPoint","urlTemplate":"https:\/\/shopatoa.com\/ro\/?s={search_term_string}"},"query-input":{"@type":"PropertyValueSpecification","valueRequired":true,"valueName":"search_term_string"}}],"inLanguage":"ro-RO"},{"@type":"Organization","@id":"https:\/\/shopatoa.com\/ro\/#organization","name":"SHOPATOA","url":"https:\/\/shopatoa.com\/ro\/","logo":{"@type":"ImageObject","inLanguage":"ro-RO","@id":"https:\/\/shopatoa.com\/ro\/#\/schema\/logo\/image\/","url":"https:\/\/storage.googleapis.com\/cz-shopatoa-img\/ro\/b4dac915-shopatoa_logo.png","contentUrl":"https:\/\/storage.googleapis.com\/cz-shopatoa-img\/ro\/b4dac915-shopatoa_logo.png","width":416,"height":63,"caption":"SHOPATOA"},"image":{"@id":"https:\/\/shopatoa.com\/ro\/#\/schema\/logo\/image\/"}}]}},"_links":{"self":[{"href":"https:\/\/shopatoa.com\/ro\/wp-json\/wp\/v2\/product\/468913","targetHints":{"allow":["GET"]}}],"collection":[{"href":"https:\/\/shopatoa.com\/ro\/wp-json\/wp\/v2\/product"}],"about":[{"href":"https:\/\/shopatoa.com\/ro\/wp-json\/wp\/v2\/types\/product"}],"replies":[{"embeddable":true,"href":"https:\/\/shopatoa.com\/ro\/wp-json\/wp\/v2\/comments?post=468913"}],"wp:featuredmedia":[{"embeddable":true,"href":"https:\/\/shopatoa.com\/ro\/wp-json\/wp\/v2\/media\/468914"}],"wp:attachment":[{"href":"https:\/\/shopatoa.com\/ro\/wp-json\/wp\/v2\/media?parent=468913"}],"wp:term":[{"taxonomy":"product_brand","embeddable":true,"href":"https:\/\/shopatoa.com\/ro\/wp-json\/wp\/v2\/product_brand?post=468913"},{"taxonomy":"product_cat","embeddable":true,"href":"https:\/\/shopatoa.com\/ro\/wp-json\/wp\/v2\/product_cat?post=468913"},{"taxonomy":"product_tag","embeddable":true,"href":"https:\/\/shopatoa.com\/ro\/wp-json\/wp\/v2\/product_tag?post=468913"}],"curies":[{"name":"wp","href":"https:\/\/api.w.org\/{rel}","templated":true}]}}