{"id":469115,"date":"2025-06-28T19:15:31","date_gmt":"2025-06-28T17:15:31","guid":{"rendered":"https:\/\/shopatoa.com\/ro\/infantino-cuddly-teether-penguin-jucarie-de-plus-pentru-dentitie-1-buc\/"},"modified":"2025-06-28T19:16:01","modified_gmt":"2025-06-28T17:16:01","slug":"infantino-cuddly-teether-penguin-jucarie-de-plus-pentru-dentitie-1-buc","status":"publish","type":"product","link":"https:\/\/shopatoa.com\/ro\/infantino-cuddly-teether-penguin-jucarie-de-plus-pentru-dentitie-1-buc\/","title":{"rendered":"Infantino Cuddly Teether Penguin juc\u0103rie de plu\u0219 pentru denti\u021bie 1 buc"},"content":{"rendered":"<p>Infantino Cuddly Teether Penguin, 1 buc, Juc\u0103rii mici pentru copii, Nu doar o juc\u0103rie amuzant\u0103 pentru copii, ci \u0219i un accesoriu de masaj care amelioreaz\u0103 durerile gingiilor, \u00een perioada erup\u021biei din\u021bilor de lapte. Aceasta este juc\u0103ria pentru denti\u021bie Infantino Cuddly Teether Penguin cu design amuzant, u\u0219or de \u021binut \u00een m\u00e2nu\u021bele celor mici.  Caracteristici:  se \u021bine bine chiar \u0219i de c\u0103tre m\u00e2nu\u021bele mici ale copiilor u\u0219ureaz\u0103 durerile de gingii \u00een perioada erup\u021biei din\u021bilor de lapte juc\u0103rie potrivit\u0103 pentru calmarea copilului juc\u0103rie potrivit\u0103 \u0219i pentru nou-n\u0103scu\u021bi materialele cu diverse texturi stimuleaz\u0103 sim\u021bul tactil al copilului<\/p>\n","protected":false},"excerpt":{"rendered":"<p>Infantino Cuddly Teether Penguin, 1 buc, Juc\u0103rii mici pentru copii, Nu doar o juc\u0103rie amuzant\u0103 pentru copii, ci \u0219i un accesoriu de masaj care amelioreaz\u0103 durerile gingiilor, \u00een perioada erup\u021biei din\u021bilor de lapte. Aceasta este juc\u0103ria pentru denti\u021bie Infantino Cuddly Teether Penguin cu design amuzant, u\u0219or de \u021binut \u00een m\u00e2nu\u021bele celor mici. Caracteristici: se \u021bine&#8230;<\/p>\n","protected":false},"featured_media":469116,"comment_status":"closed","ping_status":"open","template":"","meta":{"_acf_changed":false,"_kadence_starter_templates_imported_post":false,"_kad_post_transparent":"","_kad_post_title":"","_kad_post_layout":"","_kad_post_sidebar_id":"","_kad_post_content_style":"","_kad_post_vertical_padding":"","_kad_post_feature":"","_kad_post_feature_position":"","_kad_post_header":false,"_kad_post_footer":false,"_kad_post_classname":""},"product_brand":[3964],"product_cat":[3893,3895,3894],"product_tag":[],"class_list":{"0":"post-469115","1":"product","2":"type-product","3":"status-publish","4":"has-post-thumbnail","6":"product_brand-infantino","7":"product_cat-copii-si-sugari","8":"product_cat-jucarii-de-ros","9":"product_cat-jucarii-pentru-copii","10":"pa_gen-unisex","11":"pa_marime-1-buc","13":"first","14":"instock","15":"sale","16":"product-type-external","17":"entry","18":"content-bg","19":"loop-entry"},"acf":[],"yoast_head":"<!-- This site is optimized with the Yoast SEO plugin v27.4 - https:\/\/yoast.com\/product\/yoast-seo-wordpress\/ -->\n<title>Infantino Cuddly Teether Penguin juc\u0103rie de plu\u0219 pentru denti\u021bie 1 buc - SHOPATOA.COM<\/title>\n<meta name=\"robots\" content=\"index, follow, max-snippet:-1, max-image-preview:large, max-video-preview:-1\" \/>\n<link rel=\"canonical\" href=\"https:\/\/shopatoa.com\/ro\/infantino-cuddly-teether-penguin-jucarie-de-plus-pentru-dentitie-1-buc\/\" \/>\n<meta property=\"og:locale\" content=\"ro_RO\" \/>\n<meta property=\"og:type\" content=\"article\" \/>\n<meta property=\"og:title\" content=\"Infantino Cuddly Teether Penguin juc\u0103rie de plu\u0219 pentru denti\u021bie 1 buc - SHOPATOA.COM\" \/>\n<meta property=\"og:description\" content=\"Infantino Cuddly Teether Penguin, 1 buc, Juc\u0103rii mici pentru copii, Nu doar o juc\u0103rie amuzant\u0103 pentru copii, ci \u0219i un accesoriu de masaj care amelioreaz\u0103 durerile gingiilor, \u00een perioada erup\u021biei din\u021bilor de lapte. Aceasta este juc\u0103ria pentru denti\u021bie Infantino Cuddly Teether Penguin cu design amuzant, u\u0219or de \u021binut \u00een m\u00e2nu\u021bele celor mici. Caracteristici: se \u021bine...\" \/>\n<meta property=\"og:url\" content=\"https:\/\/shopatoa.com\/ro\/infantino-cuddly-teether-penguin-jucarie-de-plus-pentru-dentitie-1-buc\/\" \/>\n<meta property=\"og:site_name\" content=\"SHOPATOA\" \/>\n<meta property=\"article:modified_time\" content=\"2025-06-28T17:16:01+00:00\" \/>\n<meta property=\"og:image\" content=\"https:\/\/storage.googleapis.com\/cz-shopatoa-img\/ro\/151721f8-unnamed-file.webp\" \/>\n\t<meta property=\"og:image:width\" content=\"800\" \/>\n\t<meta property=\"og:image:height\" content=\"800\" \/>\n\t<meta property=\"og:image:type\" content=\"image\/webp\" \/>\n<meta name=\"twitter:card\" content=\"summary_large_image\" \/>\n<meta name=\"twitter:label1\" content=\"Timp estimat pentru citire\" \/>\n\t<meta name=\"twitter:data1\" content=\"1 minut\" \/>\n<script type=\"application\/ld+json\" class=\"yoast-schema-graph\">{\"@context\":\"https:\\\/\\\/schema.org\",\"@graph\":[{\"@type\":\"WebPage\",\"@id\":\"https:\\\/\\\/shopatoa.com\\\/ro\\\/infantino-cuddly-teether-penguin-jucarie-de-plus-pentru-dentitie-1-buc\\\/\",\"url\":\"https:\\\/\\\/shopatoa.com\\\/ro\\\/infantino-cuddly-teether-penguin-jucarie-de-plus-pentru-dentitie-1-buc\\\/\",\"name\":\"Infantino Cuddly Teether Penguin juc\u0103rie de plu\u0219 pentru denti\u021bie 1 buc - SHOPATOA.COM\",\"isPartOf\":{\"@id\":\"https:\\\/\\\/shopatoa.com\\\/ro\\\/#website\"},\"primaryImageOfPage\":{\"@id\":\"https:\\\/\\\/shopatoa.com\\\/ro\\\/infantino-cuddly-teether-penguin-jucarie-de-plus-pentru-dentitie-1-buc\\\/#primaryimage\"},\"image\":{\"@id\":\"https:\\\/\\\/shopatoa.com\\\/ro\\\/infantino-cuddly-teether-penguin-jucarie-de-plus-pentru-dentitie-1-buc\\\/#primaryimage\"},\"thumbnailUrl\":\"https:\\\/\\\/storage.googleapis.com\\\/cz-shopatoa-img\\\/ro\\\/151721f8-unnamed-file.webp\",\"datePublished\":\"2025-06-28T17:15:31+00:00\",\"dateModified\":\"2025-06-28T17:16:01+00:00\",\"breadcrumb\":{\"@id\":\"https:\\\/\\\/shopatoa.com\\\/ro\\\/infantino-cuddly-teether-penguin-jucarie-de-plus-pentru-dentitie-1-buc\\\/#breadcrumb\"},\"inLanguage\":\"ro-RO\",\"potentialAction\":[{\"@type\":\"ReadAction\",\"target\":[\"https:\\\/\\\/shopatoa.com\\\/ro\\\/infantino-cuddly-teether-penguin-jucarie-de-plus-pentru-dentitie-1-buc\\\/\"]}]},{\"@type\":\"ImageObject\",\"inLanguage\":\"ro-RO\",\"@id\":\"https:\\\/\\\/shopatoa.com\\\/ro\\\/infantino-cuddly-teether-penguin-jucarie-de-plus-pentru-dentitie-1-buc\\\/#primaryimage\",\"url\":\"https:\\\/\\\/storage.googleapis.com\\\/cz-shopatoa-img\\\/ro\\\/151721f8-unnamed-file.webp\",\"contentUrl\":\"https:\\\/\\\/storage.googleapis.com\\\/cz-shopatoa-img\\\/ro\\\/151721f8-unnamed-file.webp\",\"width\":800,\"height\":800},{\"@type\":\"BreadcrumbList\",\"@id\":\"https:\\\/\\\/shopatoa.com\\\/ro\\\/infantino-cuddly-teether-penguin-jucarie-de-plus-pentru-dentitie-1-buc\\\/#breadcrumb\",\"itemListElement\":[{\"@type\":\"ListItem\",\"position\":1,\"name\":\"Dom\u016f\",\"item\":\"https:\\\/\\\/shopatoa.com\\\/ro\\\/\"},{\"@type\":\"ListItem\",\"position\":2,\"name\":\"Shop\",\"item\":\"https:\\\/\\\/shopatoa.com\\\/ro\\\/shop\\\/\"},{\"@type\":\"ListItem\",\"position\":3,\"name\":\"Infantino Cuddly Teether Penguin juc\u0103rie de plu\u0219 pentru denti\u021bie 1 buc\"}]},{\"@type\":\"WebSite\",\"@id\":\"https:\\\/\\\/shopatoa.com\\\/ro\\\/#website\",\"url\":\"https:\\\/\\\/shopatoa.com\\\/ro\\\/\",\"name\":\"SHOPATOA\",\"description\":\"\",\"publisher\":{\"@id\":\"https:\\\/\\\/shopatoa.com\\\/ro\\\/#organization\"},\"potentialAction\":[{\"@type\":\"SearchAction\",\"target\":{\"@type\":\"EntryPoint\",\"urlTemplate\":\"https:\\\/\\\/shopatoa.com\\\/ro\\\/?s={search_term_string}\"},\"query-input\":{\"@type\":\"PropertyValueSpecification\",\"valueRequired\":true,\"valueName\":\"search_term_string\"}}],\"inLanguage\":\"ro-RO\"},{\"@type\":\"Organization\",\"@id\":\"https:\\\/\\\/shopatoa.com\\\/ro\\\/#organization\",\"name\":\"SHOPATOA\",\"url\":\"https:\\\/\\\/shopatoa.com\\\/ro\\\/\",\"logo\":{\"@type\":\"ImageObject\",\"inLanguage\":\"ro-RO\",\"@id\":\"https:\\\/\\\/shopatoa.com\\\/ro\\\/#\\\/schema\\\/logo\\\/image\\\/\",\"url\":\"https:\\\/\\\/storage.googleapis.com\\\/cz-shopatoa-img\\\/ro\\\/b4dac915-shopatoa_logo.png\",\"contentUrl\":\"https:\\\/\\\/storage.googleapis.com\\\/cz-shopatoa-img\\\/ro\\\/b4dac915-shopatoa_logo.png\",\"width\":416,\"height\":63,\"caption\":\"SHOPATOA\"},\"image\":{\"@id\":\"https:\\\/\\\/shopatoa.com\\\/ro\\\/#\\\/schema\\\/logo\\\/image\\\/\"}}]}<\/script>\n<!-- \/ Yoast SEO plugin. -->","yoast_head_json":{"title":"Infantino Cuddly Teether Penguin juc\u0103rie de plu\u0219 pentru denti\u021bie 1 buc - SHOPATOA.COM","robots":{"index":"index","follow":"follow","max-snippet":"max-snippet:-1","max-image-preview":"max-image-preview:large","max-video-preview":"max-video-preview:-1"},"canonical":"https:\/\/shopatoa.com\/ro\/infantino-cuddly-teether-penguin-jucarie-de-plus-pentru-dentitie-1-buc\/","og_locale":"ro_RO","og_type":"article","og_title":"Infantino Cuddly Teether Penguin juc\u0103rie de plu\u0219 pentru denti\u021bie 1 buc - SHOPATOA.COM","og_description":"Infantino Cuddly Teether Penguin, 1 buc, Juc\u0103rii mici pentru copii, Nu doar o juc\u0103rie amuzant\u0103 pentru copii, ci \u0219i un accesoriu de masaj care amelioreaz\u0103 durerile gingiilor, \u00een perioada erup\u021biei din\u021bilor de lapte. Aceasta este juc\u0103ria pentru denti\u021bie Infantino Cuddly Teether Penguin cu design amuzant, u\u0219or de \u021binut \u00een m\u00e2nu\u021bele celor mici. Caracteristici: se \u021bine...","og_url":"https:\/\/shopatoa.com\/ro\/infantino-cuddly-teether-penguin-jucarie-de-plus-pentru-dentitie-1-buc\/","og_site_name":"SHOPATOA","article_modified_time":"2025-06-28T17:16:01+00:00","og_image":[{"width":800,"height":800,"url":"https:\/\/storage.googleapis.com\/cz-shopatoa-img\/ro\/151721f8-unnamed-file.webp","type":"image\/webp"}],"twitter_card":"summary_large_image","twitter_misc":{"Timp estimat pentru citire":"1 minut"},"schema":{"@context":"https:\/\/schema.org","@graph":[{"@type":"WebPage","@id":"https:\/\/shopatoa.com\/ro\/infantino-cuddly-teether-penguin-jucarie-de-plus-pentru-dentitie-1-buc\/","url":"https:\/\/shopatoa.com\/ro\/infantino-cuddly-teether-penguin-jucarie-de-plus-pentru-dentitie-1-buc\/","name":"Infantino Cuddly Teether Penguin juc\u0103rie de plu\u0219 pentru denti\u021bie 1 buc - SHOPATOA.COM","isPartOf":{"@id":"https:\/\/shopatoa.com\/ro\/#website"},"primaryImageOfPage":{"@id":"https:\/\/shopatoa.com\/ro\/infantino-cuddly-teether-penguin-jucarie-de-plus-pentru-dentitie-1-buc\/#primaryimage"},"image":{"@id":"https:\/\/shopatoa.com\/ro\/infantino-cuddly-teether-penguin-jucarie-de-plus-pentru-dentitie-1-buc\/#primaryimage"},"thumbnailUrl":"https:\/\/storage.googleapis.com\/cz-shopatoa-img\/ro\/151721f8-unnamed-file.webp","datePublished":"2025-06-28T17:15:31+00:00","dateModified":"2025-06-28T17:16:01+00:00","breadcrumb":{"@id":"https:\/\/shopatoa.com\/ro\/infantino-cuddly-teether-penguin-jucarie-de-plus-pentru-dentitie-1-buc\/#breadcrumb"},"inLanguage":"ro-RO","potentialAction":[{"@type":"ReadAction","target":["https:\/\/shopatoa.com\/ro\/infantino-cuddly-teether-penguin-jucarie-de-plus-pentru-dentitie-1-buc\/"]}]},{"@type":"ImageObject","inLanguage":"ro-RO","@id":"https:\/\/shopatoa.com\/ro\/infantino-cuddly-teether-penguin-jucarie-de-plus-pentru-dentitie-1-buc\/#primaryimage","url":"https:\/\/storage.googleapis.com\/cz-shopatoa-img\/ro\/151721f8-unnamed-file.webp","contentUrl":"https:\/\/storage.googleapis.com\/cz-shopatoa-img\/ro\/151721f8-unnamed-file.webp","width":800,"height":800},{"@type":"BreadcrumbList","@id":"https:\/\/shopatoa.com\/ro\/infantino-cuddly-teether-penguin-jucarie-de-plus-pentru-dentitie-1-buc\/#breadcrumb","itemListElement":[{"@type":"ListItem","position":1,"name":"Dom\u016f","item":"https:\/\/shopatoa.com\/ro\/"},{"@type":"ListItem","position":2,"name":"Shop","item":"https:\/\/shopatoa.com\/ro\/shop\/"},{"@type":"ListItem","position":3,"name":"Infantino Cuddly Teether Penguin juc\u0103rie de plu\u0219 pentru denti\u021bie 1 buc"}]},{"@type":"WebSite","@id":"https:\/\/shopatoa.com\/ro\/#website","url":"https:\/\/shopatoa.com\/ro\/","name":"SHOPATOA","description":"","publisher":{"@id":"https:\/\/shopatoa.com\/ro\/#organization"},"potentialAction":[{"@type":"SearchAction","target":{"@type":"EntryPoint","urlTemplate":"https:\/\/shopatoa.com\/ro\/?s={search_term_string}"},"query-input":{"@type":"PropertyValueSpecification","valueRequired":true,"valueName":"search_term_string"}}],"inLanguage":"ro-RO"},{"@type":"Organization","@id":"https:\/\/shopatoa.com\/ro\/#organization","name":"SHOPATOA","url":"https:\/\/shopatoa.com\/ro\/","logo":{"@type":"ImageObject","inLanguage":"ro-RO","@id":"https:\/\/shopatoa.com\/ro\/#\/schema\/logo\/image\/","url":"https:\/\/storage.googleapis.com\/cz-shopatoa-img\/ro\/b4dac915-shopatoa_logo.png","contentUrl":"https:\/\/storage.googleapis.com\/cz-shopatoa-img\/ro\/b4dac915-shopatoa_logo.png","width":416,"height":63,"caption":"SHOPATOA"},"image":{"@id":"https:\/\/shopatoa.com\/ro\/#\/schema\/logo\/image\/"}}]}},"_links":{"self":[{"href":"https:\/\/shopatoa.com\/ro\/wp-json\/wp\/v2\/product\/469115","targetHints":{"allow":["GET"]}}],"collection":[{"href":"https:\/\/shopatoa.com\/ro\/wp-json\/wp\/v2\/product"}],"about":[{"href":"https:\/\/shopatoa.com\/ro\/wp-json\/wp\/v2\/types\/product"}],"replies":[{"embeddable":true,"href":"https:\/\/shopatoa.com\/ro\/wp-json\/wp\/v2\/comments?post=469115"}],"wp:featuredmedia":[{"embeddable":true,"href":"https:\/\/shopatoa.com\/ro\/wp-json\/wp\/v2\/media\/469116"}],"wp:attachment":[{"href":"https:\/\/shopatoa.com\/ro\/wp-json\/wp\/v2\/media?parent=469115"}],"wp:term":[{"taxonomy":"product_brand","embeddable":true,"href":"https:\/\/shopatoa.com\/ro\/wp-json\/wp\/v2\/product_brand?post=469115"},{"taxonomy":"product_cat","embeddable":true,"href":"https:\/\/shopatoa.com\/ro\/wp-json\/wp\/v2\/product_cat?post=469115"},{"taxonomy":"product_tag","embeddable":true,"href":"https:\/\/shopatoa.com\/ro\/wp-json\/wp\/v2\/product_tag?post=469115"}],"curies":[{"name":"wp","href":"https:\/\/api.w.org\/{rel}","templated":true}]}}