{"id":469229,"date":"2025-06-28T19:26:10","date_gmt":"2025-06-28T17:26:10","guid":{"rendered":"https:\/\/shopatoa.com\/ro\/kleral-system-colorama-bol-pentru-amestecarea-culorilor-1-buc\/"},"modified":"2025-06-28T19:27:09","modified_gmt":"2025-06-28T17:27:09","slug":"kleral-system-colorama-bol-pentru-amestecarea-culorilor-1-buc","status":"publish","type":"product","link":"https:\/\/shopatoa.com\/ro\/kleral-system-colorama-bol-pentru-amestecarea-culorilor-1-buc\/","title":{"rendered":"Kl\u00e9ral system Colorama Bol pentru amestecarea culorilor 1 buc"},"content":{"rendered":"<p>Kl\u00e9ral system Colorama, 1 buc, Bol pentru amestecarea culorilor pentru femei, Uita\u021bi de haosul \u0219i dezordinea din timpul vopsirii p\u0103rului. Produsul Kl\u00e9ral system Colorama faciliteaz\u0103 \u00eentregul proces de vopsire. Completeaz\u0103 perfect produsele de vopsire \u0219i alte instrumente pe care le folosi\u021bi deja \u00een rutina dvs. Va face ca fiecare preg\u0103tire \u0219i aplicare a amestecului de vopsire s\u0103 fie mai u\u0219oar\u0103, mai rapid\u0103 \u0219i mai eficient\u0103. Dac\u0103 v\u0103 dori\u021bi un proces u\u0219or de vopsire a p\u0103rului, acest produs nu ar trebui s\u0103 lipseasc\u0103 din echipamentul dvs.  Caracteristici:  se folose\u0219te pentru amestecarea vopselelor cu emulsia activatoare simplific\u0103 aplicarea produselor de colorare  Ingrediente:  din material plastic<\/p>\n","protected":false},"excerpt":{"rendered":"<p>Kl\u00e9ral system Colorama, 1 buc, Bol pentru amestecarea culorilor pentru femei, Uita\u021bi de haosul \u0219i dezordinea din timpul vopsirii p\u0103rului. Produsul Kl\u00e9ral system Colorama faciliteaz\u0103 \u00eentregul proces de vopsire. Completeaz\u0103 perfect produsele de vopsire \u0219i alte instrumente pe care le folosi\u021bi deja \u00een rutina dvs. Va face ca fiecare preg\u0103tire \u0219i aplicare a amestecului de&#8230;<\/p>\n","protected":false},"featured_media":469230,"comment_status":"closed","ping_status":"open","template":"","meta":{"_acf_changed":false,"_kadence_starter_templates_imported_post":false,"_kad_post_transparent":"","_kad_post_title":"","_kad_post_layout":"","_kad_post_sidebar_id":"","_kad_post_content_style":"","_kad_post_vertical_padding":"","_kad_post_feature":"","_kad_post_feature_position":"","_kad_post_header":false,"_kad_post_footer":false,"_kad_post_classname":""},"product_brand":[2898],"product_cat":[4057,1563,1590,3904,1562],"product_tag":[],"class_list":{"0":"post-469229","1":"product","2":"type-product","3":"status-publish","4":"has-post-thumbnail","6":"product_brand-kleral-system","7":"product_cat-boluri-pentru-amestecarea-vopselei","8":"product_cat-ingrijire-personala","9":"product_cat-ingrijirea-parului","10":"product_cat-instrumente-pentru-coafat","11":"product_cat-sanatate-si-frumusete","12":"pa_gen-female","13":"pa_marime-1-buc","15":"first","16":"instock","17":"sale","18":"product-type-external","19":"entry","20":"content-bg","21":"loop-entry"},"acf":[],"yoast_head":"<!-- This site is optimized with the Yoast SEO plugin v27.4 - https:\/\/yoast.com\/product\/yoast-seo-wordpress\/ -->\n<title>Kl\u00e9ral system Colorama Bol pentru amestecarea culorilor 1 buc - SHOPATOA.COM<\/title>\n<meta name=\"robots\" content=\"index, follow, max-snippet:-1, max-image-preview:large, max-video-preview:-1\" \/>\n<link rel=\"canonical\" href=\"https:\/\/shopatoa.com\/ro\/kleral-system-colorama-bol-pentru-amestecarea-culorilor-1-buc\/\" \/>\n<meta property=\"og:locale\" content=\"ro_RO\" \/>\n<meta property=\"og:type\" content=\"article\" \/>\n<meta property=\"og:title\" content=\"Kl\u00e9ral system Colorama Bol pentru amestecarea culorilor 1 buc - SHOPATOA.COM\" \/>\n<meta property=\"og:description\" content=\"Kl\u00e9ral system Colorama, 1 buc, Bol pentru amestecarea culorilor pentru femei, Uita\u021bi de haosul \u0219i dezordinea din timpul vopsirii p\u0103rului. Produsul Kl\u00e9ral system Colorama faciliteaz\u0103 \u00eentregul proces de vopsire. Completeaz\u0103 perfect produsele de vopsire \u0219i alte instrumente pe care le folosi\u021bi deja \u00een rutina dvs. Va face ca fiecare preg\u0103tire \u0219i aplicare a amestecului de...\" \/>\n<meta property=\"og:url\" content=\"https:\/\/shopatoa.com\/ro\/kleral-system-colorama-bol-pentru-amestecarea-culorilor-1-buc\/\" \/>\n<meta property=\"og:site_name\" content=\"SHOPATOA\" \/>\n<meta property=\"article:modified_time\" content=\"2025-06-28T17:27:09+00:00\" \/>\n<meta property=\"og:image\" content=\"https:\/\/storage.googleapis.com\/cz-shopatoa-img\/ro\/60c26079-unnamed-file.webp\" \/>\n\t<meta property=\"og:image:width\" content=\"800\" \/>\n\t<meta property=\"og:image:height\" content=\"800\" \/>\n\t<meta property=\"og:image:type\" content=\"image\/webp\" \/>\n<meta name=\"twitter:card\" content=\"summary_large_image\" \/>\n<meta name=\"twitter:label1\" content=\"Timp estimat pentru citire\" \/>\n\t<meta name=\"twitter:data1\" content=\"1 minut\" \/>\n<script type=\"application\/ld+json\" class=\"yoast-schema-graph\">{\"@context\":\"https:\\\/\\\/schema.org\",\"@graph\":[{\"@type\":\"WebPage\",\"@id\":\"https:\\\/\\\/shopatoa.com\\\/ro\\\/kleral-system-colorama-bol-pentru-amestecarea-culorilor-1-buc\\\/\",\"url\":\"https:\\\/\\\/shopatoa.com\\\/ro\\\/kleral-system-colorama-bol-pentru-amestecarea-culorilor-1-buc\\\/\",\"name\":\"Kl\u00e9ral system Colorama Bol pentru amestecarea culorilor 1 buc - SHOPATOA.COM\",\"isPartOf\":{\"@id\":\"https:\\\/\\\/shopatoa.com\\\/ro\\\/#website\"},\"primaryImageOfPage\":{\"@id\":\"https:\\\/\\\/shopatoa.com\\\/ro\\\/kleral-system-colorama-bol-pentru-amestecarea-culorilor-1-buc\\\/#primaryimage\"},\"image\":{\"@id\":\"https:\\\/\\\/shopatoa.com\\\/ro\\\/kleral-system-colorama-bol-pentru-amestecarea-culorilor-1-buc\\\/#primaryimage\"},\"thumbnailUrl\":\"https:\\\/\\\/storage.googleapis.com\\\/cz-shopatoa-img\\\/ro\\\/60c26079-unnamed-file.webp\",\"datePublished\":\"2025-06-28T17:26:10+00:00\",\"dateModified\":\"2025-06-28T17:27:09+00:00\",\"breadcrumb\":{\"@id\":\"https:\\\/\\\/shopatoa.com\\\/ro\\\/kleral-system-colorama-bol-pentru-amestecarea-culorilor-1-buc\\\/#breadcrumb\"},\"inLanguage\":\"ro-RO\",\"potentialAction\":[{\"@type\":\"ReadAction\",\"target\":[\"https:\\\/\\\/shopatoa.com\\\/ro\\\/kleral-system-colorama-bol-pentru-amestecarea-culorilor-1-buc\\\/\"]}]},{\"@type\":\"ImageObject\",\"inLanguage\":\"ro-RO\",\"@id\":\"https:\\\/\\\/shopatoa.com\\\/ro\\\/kleral-system-colorama-bol-pentru-amestecarea-culorilor-1-buc\\\/#primaryimage\",\"url\":\"https:\\\/\\\/storage.googleapis.com\\\/cz-shopatoa-img\\\/ro\\\/60c26079-unnamed-file.webp\",\"contentUrl\":\"https:\\\/\\\/storage.googleapis.com\\\/cz-shopatoa-img\\\/ro\\\/60c26079-unnamed-file.webp\",\"width\":800,\"height\":800},{\"@type\":\"BreadcrumbList\",\"@id\":\"https:\\\/\\\/shopatoa.com\\\/ro\\\/kleral-system-colorama-bol-pentru-amestecarea-culorilor-1-buc\\\/#breadcrumb\",\"itemListElement\":[{\"@type\":\"ListItem\",\"position\":1,\"name\":\"Dom\u016f\",\"item\":\"https:\\\/\\\/shopatoa.com\\\/ro\\\/\"},{\"@type\":\"ListItem\",\"position\":2,\"name\":\"Shop\",\"item\":\"https:\\\/\\\/shopatoa.com\\\/ro\\\/shop\\\/\"},{\"@type\":\"ListItem\",\"position\":3,\"name\":\"Kl\u00e9ral system Colorama Bol pentru amestecarea culorilor 1 buc\"}]},{\"@type\":\"WebSite\",\"@id\":\"https:\\\/\\\/shopatoa.com\\\/ro\\\/#website\",\"url\":\"https:\\\/\\\/shopatoa.com\\\/ro\\\/\",\"name\":\"SHOPATOA\",\"description\":\"\",\"publisher\":{\"@id\":\"https:\\\/\\\/shopatoa.com\\\/ro\\\/#organization\"},\"potentialAction\":[{\"@type\":\"SearchAction\",\"target\":{\"@type\":\"EntryPoint\",\"urlTemplate\":\"https:\\\/\\\/shopatoa.com\\\/ro\\\/?s={search_term_string}\"},\"query-input\":{\"@type\":\"PropertyValueSpecification\",\"valueRequired\":true,\"valueName\":\"search_term_string\"}}],\"inLanguage\":\"ro-RO\"},{\"@type\":\"Organization\",\"@id\":\"https:\\\/\\\/shopatoa.com\\\/ro\\\/#organization\",\"name\":\"SHOPATOA\",\"url\":\"https:\\\/\\\/shopatoa.com\\\/ro\\\/\",\"logo\":{\"@type\":\"ImageObject\",\"inLanguage\":\"ro-RO\",\"@id\":\"https:\\\/\\\/shopatoa.com\\\/ro\\\/#\\\/schema\\\/logo\\\/image\\\/\",\"url\":\"https:\\\/\\\/storage.googleapis.com\\\/cz-shopatoa-img\\\/ro\\\/b4dac915-shopatoa_logo.png\",\"contentUrl\":\"https:\\\/\\\/storage.googleapis.com\\\/cz-shopatoa-img\\\/ro\\\/b4dac915-shopatoa_logo.png\",\"width\":416,\"height\":63,\"caption\":\"SHOPATOA\"},\"image\":{\"@id\":\"https:\\\/\\\/shopatoa.com\\\/ro\\\/#\\\/schema\\\/logo\\\/image\\\/\"}}]}<\/script>\n<!-- \/ Yoast SEO plugin. -->","yoast_head_json":{"title":"Kl\u00e9ral system Colorama Bol pentru amestecarea culorilor 1 buc - SHOPATOA.COM","robots":{"index":"index","follow":"follow","max-snippet":"max-snippet:-1","max-image-preview":"max-image-preview:large","max-video-preview":"max-video-preview:-1"},"canonical":"https:\/\/shopatoa.com\/ro\/kleral-system-colorama-bol-pentru-amestecarea-culorilor-1-buc\/","og_locale":"ro_RO","og_type":"article","og_title":"Kl\u00e9ral system Colorama Bol pentru amestecarea culorilor 1 buc - SHOPATOA.COM","og_description":"Kl\u00e9ral system Colorama, 1 buc, Bol pentru amestecarea culorilor pentru femei, Uita\u021bi de haosul \u0219i dezordinea din timpul vopsirii p\u0103rului. Produsul Kl\u00e9ral system Colorama faciliteaz\u0103 \u00eentregul proces de vopsire. Completeaz\u0103 perfect produsele de vopsire \u0219i alte instrumente pe care le folosi\u021bi deja \u00een rutina dvs. Va face ca fiecare preg\u0103tire \u0219i aplicare a amestecului de...","og_url":"https:\/\/shopatoa.com\/ro\/kleral-system-colorama-bol-pentru-amestecarea-culorilor-1-buc\/","og_site_name":"SHOPATOA","article_modified_time":"2025-06-28T17:27:09+00:00","og_image":[{"width":800,"height":800,"url":"https:\/\/storage.googleapis.com\/cz-shopatoa-img\/ro\/60c26079-unnamed-file.webp","type":"image\/webp"}],"twitter_card":"summary_large_image","twitter_misc":{"Timp estimat pentru citire":"1 minut"},"schema":{"@context":"https:\/\/schema.org","@graph":[{"@type":"WebPage","@id":"https:\/\/shopatoa.com\/ro\/kleral-system-colorama-bol-pentru-amestecarea-culorilor-1-buc\/","url":"https:\/\/shopatoa.com\/ro\/kleral-system-colorama-bol-pentru-amestecarea-culorilor-1-buc\/","name":"Kl\u00e9ral system Colorama Bol pentru amestecarea culorilor 1 buc - SHOPATOA.COM","isPartOf":{"@id":"https:\/\/shopatoa.com\/ro\/#website"},"primaryImageOfPage":{"@id":"https:\/\/shopatoa.com\/ro\/kleral-system-colorama-bol-pentru-amestecarea-culorilor-1-buc\/#primaryimage"},"image":{"@id":"https:\/\/shopatoa.com\/ro\/kleral-system-colorama-bol-pentru-amestecarea-culorilor-1-buc\/#primaryimage"},"thumbnailUrl":"https:\/\/storage.googleapis.com\/cz-shopatoa-img\/ro\/60c26079-unnamed-file.webp","datePublished":"2025-06-28T17:26:10+00:00","dateModified":"2025-06-28T17:27:09+00:00","breadcrumb":{"@id":"https:\/\/shopatoa.com\/ro\/kleral-system-colorama-bol-pentru-amestecarea-culorilor-1-buc\/#breadcrumb"},"inLanguage":"ro-RO","potentialAction":[{"@type":"ReadAction","target":["https:\/\/shopatoa.com\/ro\/kleral-system-colorama-bol-pentru-amestecarea-culorilor-1-buc\/"]}]},{"@type":"ImageObject","inLanguage":"ro-RO","@id":"https:\/\/shopatoa.com\/ro\/kleral-system-colorama-bol-pentru-amestecarea-culorilor-1-buc\/#primaryimage","url":"https:\/\/storage.googleapis.com\/cz-shopatoa-img\/ro\/60c26079-unnamed-file.webp","contentUrl":"https:\/\/storage.googleapis.com\/cz-shopatoa-img\/ro\/60c26079-unnamed-file.webp","width":800,"height":800},{"@type":"BreadcrumbList","@id":"https:\/\/shopatoa.com\/ro\/kleral-system-colorama-bol-pentru-amestecarea-culorilor-1-buc\/#breadcrumb","itemListElement":[{"@type":"ListItem","position":1,"name":"Dom\u016f","item":"https:\/\/shopatoa.com\/ro\/"},{"@type":"ListItem","position":2,"name":"Shop","item":"https:\/\/shopatoa.com\/ro\/shop\/"},{"@type":"ListItem","position":3,"name":"Kl\u00e9ral system Colorama Bol pentru amestecarea culorilor 1 buc"}]},{"@type":"WebSite","@id":"https:\/\/shopatoa.com\/ro\/#website","url":"https:\/\/shopatoa.com\/ro\/","name":"SHOPATOA","description":"","publisher":{"@id":"https:\/\/shopatoa.com\/ro\/#organization"},"potentialAction":[{"@type":"SearchAction","target":{"@type":"EntryPoint","urlTemplate":"https:\/\/shopatoa.com\/ro\/?s={search_term_string}"},"query-input":{"@type":"PropertyValueSpecification","valueRequired":true,"valueName":"search_term_string"}}],"inLanguage":"ro-RO"},{"@type":"Organization","@id":"https:\/\/shopatoa.com\/ro\/#organization","name":"SHOPATOA","url":"https:\/\/shopatoa.com\/ro\/","logo":{"@type":"ImageObject","inLanguage":"ro-RO","@id":"https:\/\/shopatoa.com\/ro\/#\/schema\/logo\/image\/","url":"https:\/\/storage.googleapis.com\/cz-shopatoa-img\/ro\/b4dac915-shopatoa_logo.png","contentUrl":"https:\/\/storage.googleapis.com\/cz-shopatoa-img\/ro\/b4dac915-shopatoa_logo.png","width":416,"height":63,"caption":"SHOPATOA"},"image":{"@id":"https:\/\/shopatoa.com\/ro\/#\/schema\/logo\/image\/"}}]}},"_links":{"self":[{"href":"https:\/\/shopatoa.com\/ro\/wp-json\/wp\/v2\/product\/469229","targetHints":{"allow":["GET"]}}],"collection":[{"href":"https:\/\/shopatoa.com\/ro\/wp-json\/wp\/v2\/product"}],"about":[{"href":"https:\/\/shopatoa.com\/ro\/wp-json\/wp\/v2\/types\/product"}],"replies":[{"embeddable":true,"href":"https:\/\/shopatoa.com\/ro\/wp-json\/wp\/v2\/comments?post=469229"}],"wp:featuredmedia":[{"embeddable":true,"href":"https:\/\/shopatoa.com\/ro\/wp-json\/wp\/v2\/media\/469230"}],"wp:attachment":[{"href":"https:\/\/shopatoa.com\/ro\/wp-json\/wp\/v2\/media?parent=469229"}],"wp:term":[{"taxonomy":"product_brand","embeddable":true,"href":"https:\/\/shopatoa.com\/ro\/wp-json\/wp\/v2\/product_brand?post=469229"},{"taxonomy":"product_cat","embeddable":true,"href":"https:\/\/shopatoa.com\/ro\/wp-json\/wp\/v2\/product_cat?post=469229"},{"taxonomy":"product_tag","embeddable":true,"href":"https:\/\/shopatoa.com\/ro\/wp-json\/wp\/v2\/product_tag?post=469229"}],"curies":[{"name":"wp","href":"https:\/\/api.w.org\/{rel}","templated":true}]}}